{"id":99217,"date":"2022-10-20T23:38:33","date_gmt":"2022-10-20T21:38:33","guid":{"rendered":"https:\/\/edicionesalfar.es\/es\/?post_type=product&#038;p=99217"},"modified":"2024-10-17T07:48:38","modified_gmt":"2024-10-17T05:48:38","slug":"el-dia-que-hablo-el-agua","status":"publish","type":"product","link":"https:\/\/edicionesalfar.es\/es\/producto\/el-dia-que-hablo-el-agua\/","title":{"rendered":"El d\u00eda que habl\u00f3 el agua"},"content":{"rendered":"<p><span style=\"color: #000000;\">Esta es una historia de relaciones humanas, de besos y de sangre que arranca <\/span><span style=\"color: #000000;\">con la aparici\u00f3n de un cad\u00e1ver en el fr\u00edo suelo de m\u00e1rmol de la catedral de Sevilla, <\/span><span style=\"color: #000000;\">en el coro, a principios del siglo XX. Dos inspectores de polic\u00eda, un joven <\/span><span style=\"color: #000000;\">seminarista, un periodista con ansias de fama y una inconfesable madeja de <\/span><span style=\"color: #000000;\">amores forman una trama salpicada de asesinatos, persecuciones, excesos de <\/span><span style=\"color: #000000;\">copas y un tratante de obras de arte que sabe m\u00e1s de lo que parece. <\/span><span style=\"color: #000000;\">Jos\u00e9 Luis Mancilla y Dionisio Cort\u00e9s, dos avezados sabuesos que van de vuelta <\/span><span style=\"color: #000000;\">tras una exitosa carrera profesional, investigan el crimen del de\u00e1n de la catedral, <\/span><span style=\"color: #000000;\">cosido a pu\u00f1aladas. El arzobispo de Sevilla, Marcelo Sp\u00ednola, vivir\u00e1 con <\/span><span style=\"color: #000000;\">zozobra, incertidumbre y pasi\u00f3n una primavera inolvidable que se empe\u00f1a <\/span><span style=\"color: #000000;\">en colmar de sobresaltos las dependencias de palacio.<\/span><br \/>\n<span style=\"color: #000000;\">\u201cEl reguero de gotas de sangre arrancaba junto a la base del facistol, justo en <\/span><span style=\"color: #000000;\">el coraz\u00f3n del coro de la Catedral, y permanec\u00eda seco besando el m\u00e1rmol del <\/span><span style=\"color: #000000;\">templo en una ordenada hilera de materia mustia que terminaba tres metros <\/span><span style=\"color: #000000;\">m\u00e1s all\u00e1, en un charco del que ya s\u00f3lo exist\u00edan los bordes que recordaban el <\/span><span style=\"color: #000000;\">lugar exacto en el que expir\u00f3 Marcelino G\u00e1lvez con el pecho atravesado.\u201d <\/span><span style=\"color: #000000;\">As\u00ed comienza esta trepidante historia que da cobijo a los comportamientos <\/span><span style=\"color: #000000;\">del hombre y a las relaciones que se establecen entre las personas, y que ver\u00e1 <\/span><span style=\"color: #000000;\">su final cuando un so\u00f1ador que se siente torero, fil\u00f3sofo callejero y hombre de <\/span><span style=\"color: #000000;\">valores, se re\u00fana con uno de los inspectores. El Guadalquivir, un vapor que se <\/span><span style=\"color: #000000;\">hunde y una obra de arte dar\u00e1n luz a esta oscura trama. \u00bfQui\u00e9n es el asesino? <\/span><span style=\"color: #000000;\">La madeja se desenmara\u00f1\u00f3 el d\u00eda que habl\u00f3 el agua.<\/span><\/p>\n<p><img decoding=\"async\" class=\" wp-image-99218 alignleft\" src=\"https:\/\/edicionesalfar.es\/es\/wp-content\/uploads\/2022\/10\/IMAGEN-6-229x300.jpg\" alt=\"\" width=\"160\" height=\"175\" \/><\/p>\n<p><span style=\"color: #000000;\">V\u00cdCTOR GARC\u00cdA-RAYO<\/span><\/p>\n<p><span style=\"color: #000000;\">Naci\u00f3 en Sevilla en 1969. Licenciado en Ciencias de la Comunicaci\u00f3n, es en la actualidad un referente period\u00edstico en el mundo de las cofrad\u00edas de la ciudad hispalense. Sus retransmisiones de la Semana Santa son las m\u00e1s seguidas en las dos \u00faltimas d\u00e9cadas. Reconocido articulista, ha escrito en los diarios ABC de Sevilla, El Correo de Andaluc\u00eda y Viva Sevilla, entre otros.<\/span><\/p>\n<p><span style=\"color: #000000;\">Premiado hasta en tres ocasiones por la Asociaci\u00f3n de Telespectadores de Andaluc\u00eda \u201cal mejor programa de televisi\u00f3n local\u201d, dirige y presenta el programa cofrade de mayor audiencia en la comunidad, \u201cLa Pasi\u00f3n\u201d en 7TV Sevilla. Es, adem\u00e1s, el director y presentador de \u201c7Toros7\u201d, un espacio pionero en mostrar el ganado bravo en su h\u00e1bitat natural que lleva veinte a\u00f1os en distintas parrillas televisivas. Prestigioso ponente, cuenta con numerosos seguidores en conferencias, pregones y redes sociales.<\/span><\/p>\n<p><span style=\"color: #000000;\">Atesora numerosos premios period\u00edsticos y reconocimientos. V\u00edctor Garc\u00eda-Rayo es autor del libro Ram\u00f3n Vila (Abec, 2011) y con El d\u00eda que habl\u00f3 el agua (Alfar, 2022) abre su incursi\u00f3n en el universo de la novela.<\/span><\/p>\n","protected":false},"excerpt":{"rendered":"<p><span style=\"color: #000000;\">Esta es una historia de relaciones humanas, de besos y de sangre que arranca con la aparici\u00f3n de un cad\u00e1ver en <\/span><span style=\"color: #000000;\">el fr\u00edo suelo de m\u00e1rmol de la catedral de Sevilla, en el coro, a principios del siglo XX. Dos inspectores de polic\u00eda, <\/span><span style=\"color: #000000;\">un joven seminarista, un periodista con ansias de fama y una inconfesable madeja de amores forman una trama <\/span><span style=\"color: #000000;\">salpicada de asesinatos, persecuciones, excesos de copas y un tratante de obras de arte que sabe m\u00e1s de lo que <\/span><span style=\"color: #000000;\">parece.<\/span><br \/>\n<span style=\"color: #000000;\">Jos\u00e9 Luis Mancilla y Dionisio Cort\u00e9s, dos avezados sabuesos que van de vuelta tras una exitosa carrera profesional, <\/span><span style=\"color: #000000;\">investigan el crimen del de\u00e1n de la catedral, cosido a pu\u00f1aladas. El arzobispo de Sevilla, Marcelo Sp\u00ednola, <\/span><span style=\"color: #000000;\">vivir\u00e1 con zozobra, incertidumbre y pasi\u00f3n una primavera inolvidable que se empe\u00f1a en colmar de sobresaltos <\/span><span style=\"color: #000000;\">las dependencias de palacio.<\/span><\/p>\n","protected":false},"featured_media":119072,"comment_status":"closed","ping_status":"closed","template":"","meta":{"_acf_changed":false,"_et_pb_use_builder":"","_et_pb_old_content":"","_et_gb_content_width":""},"product_brand":[],"product_cat":[376,519,47],"product_tag":[],"class_list":{"0":"post-99217","1":"product","2":"type-product","3":"status-publish","4":"has-post-thumbnail","6":"product_cat-autores","7":"product_cat-garcia-rayo-victor","8":"product_cat-otras-narrativas","10":"first","11":"instock","12":"sale","13":"taxable","14":"shipping-taxable","15":"purchasable","16":"product-type-simple"},"acf":[],"yoast_head":"<!-- This site is optimized with the Yoast SEO plugin v27.4 - https:\/\/yoast.com\/product\/yoast-seo-wordpress\/ -->\n<title>El d\u00eda que habl\u00f3 el agua - Ediciones Alfar<\/title>\n<meta name=\"robots\" content=\"index, follow, max-snippet:-1, max-image-preview:large, max-video-preview:-1\" \/>\n<link rel=\"canonical\" href=\"https:\/\/edicionesalfar.es\/es\/producto\/el-dia-que-hablo-el-agua\/\" \/>\n<meta property=\"og:locale\" content=\"es_ES\" \/>\n<meta property=\"og:type\" content=\"article\" \/>\n<meta property=\"og:title\" content=\"El d\u00eda que habl\u00f3 el agua - Ediciones Alfar\" \/>\n<meta property=\"og:description\" content=\"Esta es una historia de relaciones humanas, de besos y de sangre que arranca con la aparici\u00f3n de un cad\u00e1ver en el fr\u00edo suelo de m\u00e1rmol de la catedral de Sevilla, en el coro, a principios del siglo XX. Dos inspectores de polic\u00eda, un joven seminarista, un periodista con ansias de fama y una inconfesable madeja de amores forman una trama salpicada de asesinatos, persecuciones, excesos de copas y un tratante de obras de arte que sabe m\u00e1s de lo que parece. Jos\u00e9 Luis Mancilla y Dionisio Cort\u00e9s, dos avezados sabuesos que van de vuelta tras una exitosa carrera profesional, investigan el crimen del de\u00e1n de la catedral, cosido a pu\u00f1aladas. El arzobispo de Sevilla, Marcelo Sp\u00ednola, vivir\u00e1 con zozobra, incertidumbre y pasi\u00f3n una primavera inolvidable que se empe\u00f1a en colmar de sobresaltos las dependencias de palacio.\" \/>\n<meta property=\"og:url\" content=\"https:\/\/edicionesalfar.es\/es\/producto\/el-dia-que-hablo-el-agua\/\" \/>\n<meta property=\"og:site_name\" content=\"Ediciones Alfar\" \/>\n<meta property=\"article:modified_time\" content=\"2024-10-17T05:48:38+00:00\" \/>\n<meta property=\"og:image\" content=\"https:\/\/edicionesalfar.es\/es\/wp-content\/uploads\/2022\/10\/9788478989577-1-scaled.jpg\" \/>\n\t<meta property=\"og:image:width\" content=\"1806\" \/>\n\t<meta property=\"og:image:height\" content=\"2560\" \/>\n\t<meta property=\"og:image:type\" content=\"image\/jpeg\" \/>\n<meta name=\"twitter:card\" content=\"summary_large_image\" \/>\n<meta name=\"twitter:label1\" content=\"Tiempo de lectura\" \/>\n\t<meta name=\"twitter:data1\" content=\"3 minutos\" \/>\n<script type=\"application\/ld+json\" class=\"yoast-schema-graph\">{\"@context\":\"https:\\\/\\\/schema.org\",\"@graph\":[{\"@type\":\"WebPage\",\"@id\":\"https:\\\/\\\/edicionesalfar.es\\\/es\\\/producto\\\/el-dia-que-hablo-el-agua\\\/\",\"url\":\"https:\\\/\\\/edicionesalfar.es\\\/es\\\/producto\\\/el-dia-que-hablo-el-agua\\\/\",\"name\":\"El d\u00eda que habl\u00f3 el agua - Ediciones Alfar\",\"isPartOf\":{\"@id\":\"https:\\\/\\\/edicionesalfar.es\\\/es\\\/#website\"},\"primaryImageOfPage\":{\"@id\":\"https:\\\/\\\/edicionesalfar.es\\\/es\\\/producto\\\/el-dia-que-hablo-el-agua\\\/#primaryimage\"},\"image\":{\"@id\":\"https:\\\/\\\/edicionesalfar.es\\\/es\\\/producto\\\/el-dia-que-hablo-el-agua\\\/#primaryimage\"},\"thumbnailUrl\":\"https:\\\/\\\/edicionesalfar.es\\\/es\\\/wp-content\\\/uploads\\\/2022\\\/10\\\/9788478989577-1-scaled.jpg\",\"datePublished\":\"2022-10-20T21:38:33+00:00\",\"dateModified\":\"2024-10-17T05:48:38+00:00\",\"breadcrumb\":{\"@id\":\"https:\\\/\\\/edicionesalfar.es\\\/es\\\/producto\\\/el-dia-que-hablo-el-agua\\\/#breadcrumb\"},\"inLanguage\":\"es\",\"potentialAction\":[{\"@type\":\"ReadAction\",\"target\":[\"https:\\\/\\\/edicionesalfar.es\\\/es\\\/producto\\\/el-dia-que-hablo-el-agua\\\/\"]}]},{\"@type\":\"ImageObject\",\"inLanguage\":\"es\",\"@id\":\"https:\\\/\\\/edicionesalfar.es\\\/es\\\/producto\\\/el-dia-que-hablo-el-agua\\\/#primaryimage\",\"url\":\"https:\\\/\\\/edicionesalfar.es\\\/es\\\/wp-content\\\/uploads\\\/2022\\\/10\\\/9788478989577-1-scaled.jpg\",\"contentUrl\":\"https:\\\/\\\/edicionesalfar.es\\\/es\\\/wp-content\\\/uploads\\\/2022\\\/10\\\/9788478989577-1-scaled.jpg\",\"width\":1806,\"height\":2560},{\"@type\":\"BreadcrumbList\",\"@id\":\"https:\\\/\\\/edicionesalfar.es\\\/es\\\/producto\\\/el-dia-que-hablo-el-agua\\\/#breadcrumb\",\"itemListElement\":[{\"@type\":\"ListItem\",\"position\":1,\"name\":\"Portada\",\"item\":\"https:\\\/\\\/edicionesalfar.es\\\/es\\\/\"},{\"@type\":\"ListItem\",\"position\":2,\"name\":\"Cat\u00e1logo\",\"item\":\"https:\\\/\\\/edicionesalfar.es\\\/es\\\/catalogo\\\/\"},{\"@type\":\"ListItem\",\"position\":3,\"name\":\"El d\u00eda que habl\u00f3 el agua\"}]},{\"@type\":\"WebSite\",\"@id\":\"https:\\\/\\\/edicionesalfar.es\\\/es\\\/#website\",\"url\":\"https:\\\/\\\/edicionesalfar.es\\\/es\\\/\",\"name\":\"Ediciones Alfar\",\"description\":\"\",\"potentialAction\":[{\"@type\":\"SearchAction\",\"target\":{\"@type\":\"EntryPoint\",\"urlTemplate\":\"https:\\\/\\\/edicionesalfar.es\\\/es\\\/?s={search_term_string}\"},\"query-input\":{\"@type\":\"PropertyValueSpecification\",\"valueRequired\":true,\"valueName\":\"search_term_string\"}}],\"inLanguage\":\"es\"}]}<\/script>\n<!-- \/ Yoast SEO plugin. -->","yoast_head_json":{"title":"El d\u00eda que habl\u00f3 el agua - Ediciones Alfar","robots":{"index":"index","follow":"follow","max-snippet":"max-snippet:-1","max-image-preview":"max-image-preview:large","max-video-preview":"max-video-preview:-1"},"canonical":"https:\/\/edicionesalfar.es\/es\/producto\/el-dia-que-hablo-el-agua\/","og_locale":"es_ES","og_type":"article","og_title":"El d\u00eda que habl\u00f3 el agua - Ediciones Alfar","og_description":"Esta es una historia de relaciones humanas, de besos y de sangre que arranca con la aparici\u00f3n de un cad\u00e1ver en el fr\u00edo suelo de m\u00e1rmol de la catedral de Sevilla, en el coro, a principios del siglo XX. Dos inspectores de polic\u00eda, un joven seminarista, un periodista con ansias de fama y una inconfesable madeja de amores forman una trama salpicada de asesinatos, persecuciones, excesos de copas y un tratante de obras de arte que sabe m\u00e1s de lo que parece. Jos\u00e9 Luis Mancilla y Dionisio Cort\u00e9s, dos avezados sabuesos que van de vuelta tras una exitosa carrera profesional, investigan el crimen del de\u00e1n de la catedral, cosido a pu\u00f1aladas. El arzobispo de Sevilla, Marcelo Sp\u00ednola, vivir\u00e1 con zozobra, incertidumbre y pasi\u00f3n una primavera inolvidable que se empe\u00f1a en colmar de sobresaltos las dependencias de palacio.","og_url":"https:\/\/edicionesalfar.es\/es\/producto\/el-dia-que-hablo-el-agua\/","og_site_name":"Ediciones Alfar","article_modified_time":"2024-10-17T05:48:38+00:00","og_image":[{"width":1806,"height":2560,"url":"https:\/\/edicionesalfar.es\/es\/wp-content\/uploads\/2022\/10\/9788478989577-1-scaled.jpg","type":"image\/jpeg"}],"twitter_card":"summary_large_image","twitter_misc":{"Tiempo de lectura":"3 minutos"},"schema":{"@context":"https:\/\/schema.org","@graph":[{"@type":"WebPage","@id":"https:\/\/edicionesalfar.es\/es\/producto\/el-dia-que-hablo-el-agua\/","url":"https:\/\/edicionesalfar.es\/es\/producto\/el-dia-que-hablo-el-agua\/","name":"El d\u00eda que habl\u00f3 el agua - Ediciones Alfar","isPartOf":{"@id":"https:\/\/edicionesalfar.es\/es\/#website"},"primaryImageOfPage":{"@id":"https:\/\/edicionesalfar.es\/es\/producto\/el-dia-que-hablo-el-agua\/#primaryimage"},"image":{"@id":"https:\/\/edicionesalfar.es\/es\/producto\/el-dia-que-hablo-el-agua\/#primaryimage"},"thumbnailUrl":"https:\/\/edicionesalfar.es\/es\/wp-content\/uploads\/2022\/10\/9788478989577-1-scaled.jpg","datePublished":"2022-10-20T21:38:33+00:00","dateModified":"2024-10-17T05:48:38+00:00","breadcrumb":{"@id":"https:\/\/edicionesalfar.es\/es\/producto\/el-dia-que-hablo-el-agua\/#breadcrumb"},"inLanguage":"es","potentialAction":[{"@type":"ReadAction","target":["https:\/\/edicionesalfar.es\/es\/producto\/el-dia-que-hablo-el-agua\/"]}]},{"@type":"ImageObject","inLanguage":"es","@id":"https:\/\/edicionesalfar.es\/es\/producto\/el-dia-que-hablo-el-agua\/#primaryimage","url":"https:\/\/edicionesalfar.es\/es\/wp-content\/uploads\/2022\/10\/9788478989577-1-scaled.jpg","contentUrl":"https:\/\/edicionesalfar.es\/es\/wp-content\/uploads\/2022\/10\/9788478989577-1-scaled.jpg","width":1806,"height":2560},{"@type":"BreadcrumbList","@id":"https:\/\/edicionesalfar.es\/es\/producto\/el-dia-que-hablo-el-agua\/#breadcrumb","itemListElement":[{"@type":"ListItem","position":1,"name":"Portada","item":"https:\/\/edicionesalfar.es\/es\/"},{"@type":"ListItem","position":2,"name":"Cat\u00e1logo","item":"https:\/\/edicionesalfar.es\/es\/catalogo\/"},{"@type":"ListItem","position":3,"name":"El d\u00eda que habl\u00f3 el agua"}]},{"@type":"WebSite","@id":"https:\/\/edicionesalfar.es\/es\/#website","url":"https:\/\/edicionesalfar.es\/es\/","name":"Ediciones Alfar","description":"","potentialAction":[{"@type":"SearchAction","target":{"@type":"EntryPoint","urlTemplate":"https:\/\/edicionesalfar.es\/es\/?s={search_term_string}"},"query-input":{"@type":"PropertyValueSpecification","valueRequired":true,"valueName":"search_term_string"}}],"inLanguage":"es"}]}},"_links":{"self":[{"href":"https:\/\/edicionesalfar.es\/es\/wp-json\/wp\/v2\/product\/99217","targetHints":{"allow":["GET"]}}],"collection":[{"href":"https:\/\/edicionesalfar.es\/es\/wp-json\/wp\/v2\/product"}],"about":[{"href":"https:\/\/edicionesalfar.es\/es\/wp-json\/wp\/v2\/types\/product"}],"replies":[{"embeddable":true,"href":"https:\/\/edicionesalfar.es\/es\/wp-json\/wp\/v2\/comments?post=99217"}],"wp:featuredmedia":[{"embeddable":true,"href":"https:\/\/edicionesalfar.es\/es\/wp-json\/wp\/v2\/media\/119072"}],"wp:attachment":[{"href":"https:\/\/edicionesalfar.es\/es\/wp-json\/wp\/v2\/media?parent=99217"}],"wp:term":[{"taxonomy":"product_brand","embeddable":true,"href":"https:\/\/edicionesalfar.es\/es\/wp-json\/wp\/v2\/product_brand?post=99217"},{"taxonomy":"product_cat","embeddable":true,"href":"https:\/\/edicionesalfar.es\/es\/wp-json\/wp\/v2\/product_cat?post=99217"},{"taxonomy":"product_tag","embeddable":true,"href":"https:\/\/edicionesalfar.es\/es\/wp-json\/wp\/v2\/product_tag?post=99217"}],"curies":[{"name":"wp","href":"https:\/\/api.w.org\/{rel}","templated":true}]}}