{"id":46036,"date":"2022-08-23T12:34:04","date_gmt":"2022-08-23T10:34:04","guid":{"rendered":"https:\/\/edicionesalfar.es\/es\/?post_type=product&#038;p=46036"},"modified":"2022-09-08T14:04:24","modified_gmt":"2022-09-08T12:04:24","slug":"loco-por-ti","status":"publish","type":"product","link":"https:\/\/edicionesalfar.es\/es\/producto\/loco-por-ti\/","title":{"rendered":"Loco por ti"},"content":{"rendered":"<p><span style=\"color: #000000;\">Poemario de Juan Antonio Pi\u00f1ero (el segundo) con parte de los poemas que publica en sus cuentas de facebook e instagram (@elprimersusurro). Entre las dos suma m\u00e1s 500000 seguidores).<\/span><\/p>\n<p><span style=\"color: #000000;\">Despu\u00e9s de su primer poemario \u00abMientras yo te quiera\u00bb llega ahora de la mano de Ediciones Alfar con \u00abLoco por ti\u00bb que no dejar\u00e1 indiferente a nadie que haya sentido y vivido el amor.<\/span><\/p>\n<p><span style=\"color: #000000;\"><img decoding=\"async\" class=\"wp-image-46037 alignleft\" src=\"https:\/\/edicionesalfar.es\/es\/wp-content\/uploads\/2022\/08\/IMG_20220701_200934-198x300.jpg\" alt=\"\" width=\"92\" height=\"103\" \/>Juan Antonio Pi\u00f1ero Jim\u00e9nez, es natural de Jerez de la frontera, y h<\/span><span style=\"color: #000000;\">ace cuatro a\u00f1os comenz\u00f3 a publicar en redes sociales peque\u00f1os poemas y fragmentos donde muestra su forma de sentir el amor y el desamor.<\/span><\/p>\n<p>&nbsp;<\/p>\n","protected":false},"excerpt":{"rendered":"<p><span style=\"color: #000000;\">Segundo poemario de Juan Antonio Pi\u00f1ero, el poeta que d\u00eda a d\u00eda, mantiene atentos a su seguidores (@elprimersusurro) con nuevos poemas, con nuevos contenidos&#8230; que, como este \u00abLoco por ti\u00bb no deja a nadie sin un sentimiento, sin una emoci\u00f3n&#8230; Eso es \u00abLoco por ti\u00bb: emoci\u00f3n, sentimiento, pasi\u00f3n&#8230; vida.<\/span><\/p>\n","protected":false},"featured_media":60475,"comment_status":"closed","ping_status":"closed","template":"","meta":{"_acf_changed":false,"_et_pb_use_builder":"","_et_pb_old_content":"","_et_gb_content_width":""},"product_brand":[],"product_cat":[372,376,375,48,485],"product_tag":[173,486,117,487],"class_list":{"0":"post-46036","1":"product","2":"type-product","3":"status-publish","4":"has-post-thumbnail","6":"product_cat-alfar","7":"product_cat-autores","8":"product_cat-editoriales","9":"product_cat-otras-poesias","10":"product_cat-pinero-jimenez-juan-antonio","11":"product_tag-amor","12":"product_tag-elprimersusrro","13":"product_tag-poesia","14":"product_tag-sentimiento","16":"first","17":"instock","18":"sale","19":"taxable","20":"shipping-taxable","21":"purchasable","22":"product-type-simple"},"acf":[],"yoast_head":"<!-- This site is optimized with the Yoast SEO plugin v27.5 - https:\/\/yoast.com\/product\/yoast-seo-wordpress\/ -->\n<title>Loco por ti - Ediciones Alfar<\/title>\n<meta name=\"robots\" content=\"index, follow, max-snippet:-1, max-image-preview:large, max-video-preview:-1\" \/>\n<link rel=\"canonical\" href=\"https:\/\/edicionesalfar.es\/es\/producto\/loco-por-ti\/\" \/>\n<meta property=\"og:locale\" content=\"es_ES\" \/>\n<meta property=\"og:type\" content=\"article\" \/>\n<meta property=\"og:title\" content=\"Loco por ti - Ediciones Alfar\" \/>\n<meta property=\"og:description\" content=\"Segundo poemario de Juan Antonio Pi\u00f1ero, el poeta que d\u00eda a d\u00eda, mantiene atentos a su seguidores (@elprimersusurro) con nuevos poemas, con nuevos contenidos... que, como este &quot;Loco por ti&quot; no deja a nadie sin un sentimiento, sin una emoci\u00f3n... Eso es &quot;Loco por ti&quot;: emoci\u00f3n, sentimiento, pasi\u00f3n... vida.\" \/>\n<meta property=\"og:url\" content=\"https:\/\/edicionesalfar.es\/es\/producto\/loco-por-ti\/\" \/>\n<meta property=\"og:site_name\" content=\"Ediciones Alfar\" \/>\n<meta property=\"article:modified_time\" content=\"2022-09-08T12:04:24+00:00\" \/>\n<meta property=\"og:image\" content=\"https:\/\/edicionesalfar.es\/es\/wp-content\/uploads\/2022\/08\/9788478989423_cubierta_locoporti-1.jpg\" \/>\n\t<meta property=\"og:image:width\" content=\"1772\" \/>\n\t<meta property=\"og:image:height\" content=\"2482\" \/>\n\t<meta property=\"og:image:type\" content=\"image\/jpeg\" \/>\n<meta name=\"twitter:card\" content=\"summary_large_image\" \/>\n<meta name=\"twitter:label1\" content=\"Tiempo de lectura\" \/>\n\t<meta name=\"twitter:data1\" content=\"1 minuto\" \/>\n<script type=\"application\/ld+json\" class=\"yoast-schema-graph\">{\"@context\":\"https:\\\/\\\/schema.org\",\"@graph\":[{\"@type\":\"WebPage\",\"@id\":\"https:\\\/\\\/edicionesalfar.es\\\/es\\\/producto\\\/loco-por-ti\\\/\",\"url\":\"https:\\\/\\\/edicionesalfar.es\\\/es\\\/producto\\\/loco-por-ti\\\/\",\"name\":\"Loco por ti - Ediciones Alfar\",\"isPartOf\":{\"@id\":\"https:\\\/\\\/edicionesalfar.es\\\/es\\\/#website\"},\"primaryImageOfPage\":{\"@id\":\"https:\\\/\\\/edicionesalfar.es\\\/es\\\/producto\\\/loco-por-ti\\\/#primaryimage\"},\"image\":{\"@id\":\"https:\\\/\\\/edicionesalfar.es\\\/es\\\/producto\\\/loco-por-ti\\\/#primaryimage\"},\"thumbnailUrl\":\"https:\\\/\\\/edicionesalfar.es\\\/es\\\/wp-content\\\/uploads\\\/2022\\\/08\\\/9788478989423_cubierta_locoporti-1.jpg\",\"datePublished\":\"2022-08-23T10:34:04+00:00\",\"dateModified\":\"2022-09-08T12:04:24+00:00\",\"breadcrumb\":{\"@id\":\"https:\\\/\\\/edicionesalfar.es\\\/es\\\/producto\\\/loco-por-ti\\\/#breadcrumb\"},\"inLanguage\":\"es\",\"potentialAction\":[{\"@type\":\"ReadAction\",\"target\":[\"https:\\\/\\\/edicionesalfar.es\\\/es\\\/producto\\\/loco-por-ti\\\/\"]}]},{\"@type\":\"ImageObject\",\"inLanguage\":\"es\",\"@id\":\"https:\\\/\\\/edicionesalfar.es\\\/es\\\/producto\\\/loco-por-ti\\\/#primaryimage\",\"url\":\"https:\\\/\\\/edicionesalfar.es\\\/es\\\/wp-content\\\/uploads\\\/2022\\\/08\\\/9788478989423_cubierta_locoporti-1.jpg\",\"contentUrl\":\"https:\\\/\\\/edicionesalfar.es\\\/es\\\/wp-content\\\/uploads\\\/2022\\\/08\\\/9788478989423_cubierta_locoporti-1.jpg\",\"width\":1772,\"height\":2482},{\"@type\":\"BreadcrumbList\",\"@id\":\"https:\\\/\\\/edicionesalfar.es\\\/es\\\/producto\\\/loco-por-ti\\\/#breadcrumb\",\"itemListElement\":[{\"@type\":\"ListItem\",\"position\":1,\"name\":\"Portada\",\"item\":\"https:\\\/\\\/edicionesalfar.es\\\/es\\\/\"},{\"@type\":\"ListItem\",\"position\":2,\"name\":\"Cat\u00e1logo\",\"item\":\"https:\\\/\\\/edicionesalfar.es\\\/es\\\/catalogo\\\/\"},{\"@type\":\"ListItem\",\"position\":3,\"name\":\"Loco por ti\"}]},{\"@type\":\"WebSite\",\"@id\":\"https:\\\/\\\/edicionesalfar.es\\\/es\\\/#website\",\"url\":\"https:\\\/\\\/edicionesalfar.es\\\/es\\\/\",\"name\":\"Ediciones Alfar\",\"description\":\"\",\"potentialAction\":[{\"@type\":\"SearchAction\",\"target\":{\"@type\":\"EntryPoint\",\"urlTemplate\":\"https:\\\/\\\/edicionesalfar.es\\\/es\\\/?s={search_term_string}\"},\"query-input\":{\"@type\":\"PropertyValueSpecification\",\"valueRequired\":true,\"valueName\":\"search_term_string\"}}],\"inLanguage\":\"es\"}]}<\/script>\n<!-- \/ Yoast SEO plugin. -->","yoast_head_json":{"title":"Loco por ti - Ediciones Alfar","robots":{"index":"index","follow":"follow","max-snippet":"max-snippet:-1","max-image-preview":"max-image-preview:large","max-video-preview":"max-video-preview:-1"},"canonical":"https:\/\/edicionesalfar.es\/es\/producto\/loco-por-ti\/","og_locale":"es_ES","og_type":"article","og_title":"Loco por ti - Ediciones Alfar","og_description":"Segundo poemario de Juan Antonio Pi\u00f1ero, el poeta que d\u00eda a d\u00eda, mantiene atentos a su seguidores (@elprimersusurro) con nuevos poemas, con nuevos contenidos... que, como este \"Loco por ti\" no deja a nadie sin un sentimiento, sin una emoci\u00f3n... Eso es \"Loco por ti\": emoci\u00f3n, sentimiento, pasi\u00f3n... vida.","og_url":"https:\/\/edicionesalfar.es\/es\/producto\/loco-por-ti\/","og_site_name":"Ediciones Alfar","article_modified_time":"2022-09-08T12:04:24+00:00","og_image":[{"width":1772,"height":2482,"url":"https:\/\/edicionesalfar.es\/es\/wp-content\/uploads\/2022\/08\/9788478989423_cubierta_locoporti-1.jpg","type":"image\/jpeg"}],"twitter_card":"summary_large_image","twitter_misc":{"Tiempo de lectura":"1 minuto"},"schema":{"@context":"https:\/\/schema.org","@graph":[{"@type":"WebPage","@id":"https:\/\/edicionesalfar.es\/es\/producto\/loco-por-ti\/","url":"https:\/\/edicionesalfar.es\/es\/producto\/loco-por-ti\/","name":"Loco por ti - Ediciones Alfar","isPartOf":{"@id":"https:\/\/edicionesalfar.es\/es\/#website"},"primaryImageOfPage":{"@id":"https:\/\/edicionesalfar.es\/es\/producto\/loco-por-ti\/#primaryimage"},"image":{"@id":"https:\/\/edicionesalfar.es\/es\/producto\/loco-por-ti\/#primaryimage"},"thumbnailUrl":"https:\/\/edicionesalfar.es\/es\/wp-content\/uploads\/2022\/08\/9788478989423_cubierta_locoporti-1.jpg","datePublished":"2022-08-23T10:34:04+00:00","dateModified":"2022-09-08T12:04:24+00:00","breadcrumb":{"@id":"https:\/\/edicionesalfar.es\/es\/producto\/loco-por-ti\/#breadcrumb"},"inLanguage":"es","potentialAction":[{"@type":"ReadAction","target":["https:\/\/edicionesalfar.es\/es\/producto\/loco-por-ti\/"]}]},{"@type":"ImageObject","inLanguage":"es","@id":"https:\/\/edicionesalfar.es\/es\/producto\/loco-por-ti\/#primaryimage","url":"https:\/\/edicionesalfar.es\/es\/wp-content\/uploads\/2022\/08\/9788478989423_cubierta_locoporti-1.jpg","contentUrl":"https:\/\/edicionesalfar.es\/es\/wp-content\/uploads\/2022\/08\/9788478989423_cubierta_locoporti-1.jpg","width":1772,"height":2482},{"@type":"BreadcrumbList","@id":"https:\/\/edicionesalfar.es\/es\/producto\/loco-por-ti\/#breadcrumb","itemListElement":[{"@type":"ListItem","position":1,"name":"Portada","item":"https:\/\/edicionesalfar.es\/es\/"},{"@type":"ListItem","position":2,"name":"Cat\u00e1logo","item":"https:\/\/edicionesalfar.es\/es\/catalogo\/"},{"@type":"ListItem","position":3,"name":"Loco por ti"}]},{"@type":"WebSite","@id":"https:\/\/edicionesalfar.es\/es\/#website","url":"https:\/\/edicionesalfar.es\/es\/","name":"Ediciones Alfar","description":"","potentialAction":[{"@type":"SearchAction","target":{"@type":"EntryPoint","urlTemplate":"https:\/\/edicionesalfar.es\/es\/?s={search_term_string}"},"query-input":{"@type":"PropertyValueSpecification","valueRequired":true,"valueName":"search_term_string"}}],"inLanguage":"es"}]}},"_links":{"self":[{"href":"https:\/\/edicionesalfar.es\/es\/wp-json\/wp\/v2\/product\/46036","targetHints":{"allow":["GET"]}}],"collection":[{"href":"https:\/\/edicionesalfar.es\/es\/wp-json\/wp\/v2\/product"}],"about":[{"href":"https:\/\/edicionesalfar.es\/es\/wp-json\/wp\/v2\/types\/product"}],"replies":[{"embeddable":true,"href":"https:\/\/edicionesalfar.es\/es\/wp-json\/wp\/v2\/comments?post=46036"}],"wp:featuredmedia":[{"embeddable":true,"href":"https:\/\/edicionesalfar.es\/es\/wp-json\/wp\/v2\/media\/60475"}],"wp:attachment":[{"href":"https:\/\/edicionesalfar.es\/es\/wp-json\/wp\/v2\/media?parent=46036"}],"wp:term":[{"taxonomy":"product_brand","embeddable":true,"href":"https:\/\/edicionesalfar.es\/es\/wp-json\/wp\/v2\/product_brand?post=46036"},{"taxonomy":"product_cat","embeddable":true,"href":"https:\/\/edicionesalfar.es\/es\/wp-json\/wp\/v2\/product_cat?post=46036"},{"taxonomy":"product_tag","embeddable":true,"href":"https:\/\/edicionesalfar.es\/es\/wp-json\/wp\/v2\/product_tag?post=46036"}],"curies":[{"name":"wp","href":"https:\/\/api.w.org\/{rel}","templated":true}]}}