{"id":19991,"date":"2022-06-15T13:08:56","date_gmt":"2022-06-15T11:08:56","guid":{"rendered":"https:\/\/edicionesalfar.es\/es\/?post_type=product&#038;p=19991"},"modified":"2022-07-11T10:03:36","modified_gmt":"2022-07-11T08:03:36","slug":"amor-impossibilis","status":"publish","type":"product","link":"https:\/\/edicionesalfar.es\/es\/producto\/amor-impossibilis\/","title":{"rendered":"Amor impossibilis"},"content":{"rendered":"<p>De autoras que escriben sobre mujeres, sobre sus relaciones, sus amores, sus pensamientos, sus ideas, sus miedos, sus dramas, sus risas y sus obras va este libro. Utilizadlo como un Gps para encontrar escritoras, a veces poco conocidas y otras invisibilizadas, que muestran una manera distinta de pensar y explicar el deseo entre mujeres. A trav\u00e9s de estas autoras raras, muchas veces ocultas en las estanter\u00edas m\u00e1s elevadas e inalcanzables de las bibliotecas, podemos emprender un viaje literario por la idea lesbiana a lo largo del tiempo y saber c\u00f3mo han vivido y a qu\u00e9 se han enfrentado en cada \u00e9poca y, as\u00ed, reconstruir la historia s\u00e1fica, crear una genealog\u00eda y encontrar referentes que sirven para algo tan simple de entender como complicado de llevar a cabo: ser quienes queremos ser. No quienes quieren que seamos.<\/p>\n<p>En este libro la propuesta es conocer lo que han dicho sobre el lesbianismo y c\u00f3mo lo han dicho escritoras de nuestro pa\u00eds que han transitado a lo largo del siglo XX, algunas, en \u00e9pocas tan dif\u00edciles y oscuras como el franquismo, que se empe\u00f1\u00f3, a trav\u00e9s de las leyes, la religi\u00f3n e incluso la medicina, en borrar a las mujeres raras del mapa. Ah\u00ed est\u00e1n Victorina Dur\u00e1n, Luc\u00eda S\u00e1nchez Saornil, Pureza Canelo, Elena Fort\u00fan, Isabel Franc, Cristina Castillo, Pilar Bellver, Txus Garc\u00eda, Maria-Merc\u00e8 Mar\u00e7al, Elisabeth Mulder, Ana Mar\u00eda Mart\u00ednez Sagi, Ana Mar\u00eda Moix, Alfonsa de la Torre, Susana Hern\u00e1ndez&#8230; y todas las que completan este volumen, a trav\u00e9s de cuyos textos podremos descubrir c\u00f3mo se ha transfomado no solo la idea lesbiana, sino tambi\u00e9n la percepci\u00f3n que han tenido sobre el amor entre mujeres la sociedad y el poder. &#8212;&#8212;&#8212;&#8212;&#8212;-(Del Pr\u00f3logo de Thais Morales)&#8212;&#8212;&#8212;&#8212;&#8212;&#8211;<\/p>\n","protected":false},"excerpt":{"rendered":"<p>De autoras que escriben sobre mujeres, sobre sus relaciones, sus amores, sus pensamientos, sus ideas, sus miedos, sus dramas, sus risas y sus obras va este libro. Utilizadlo como un Gps para encontrar escritoras, a veces poco conocidas y otras invisibilizadas, que muestran una manera distinta de pensar y explicar el deseo entre mujeres.<\/p>\n","protected":false},"featured_media":19992,"comment_status":"closed","ping_status":"closed","template":"","meta":{"_acf_changed":false,"_et_pb_use_builder":"","_et_pb_old_content":"","_et_gb_content_width":""},"product_brand":[],"product_cat":[372,20,376,445,444,24],"product_tag":[],"class_list":{"0":"post-19991","1":"product","2":"type-product","3":"status-publish","4":"has-post-thumbnail","6":"product_cat-alfar","7":"product_cat-alfar-universidad","8":"product_cat-autores","9":"product_cat-cabrera-castro-paula","10":"product_cat-romero-morales-yasmina","11":"product_cat-estudios-mujer","13":"first","14":"instock","15":"sale","16":"taxable","17":"shipping-taxable","18":"purchasable","19":"product-type-simple"},"acf":[],"yoast_head":"<!-- This site is optimized with the Yoast SEO plugin v27.4 - https:\/\/yoast.com\/product\/yoast-seo-wordpress\/ -->\n<title>Amor impossibilis - Ediciones Alfar<\/title>\n<meta name=\"robots\" content=\"index, follow, max-snippet:-1, max-image-preview:large, max-video-preview:-1\" \/>\n<link rel=\"canonical\" href=\"https:\/\/edicionesalfar.es\/es\/producto\/amor-impossibilis\/\" \/>\n<meta property=\"og:locale\" content=\"es_ES\" \/>\n<meta property=\"og:type\" content=\"article\" \/>\n<meta property=\"og:title\" content=\"Amor impossibilis - Ediciones Alfar\" \/>\n<meta property=\"og:description\" content=\"De autoras que escriben sobre mujeres, sobre sus relaciones, sus amores, sus pensamientos, sus ideas, sus miedos, sus dramas, sus risas y sus obras va este libro. Utilizadlo como un Gps para encontrar escritoras, a veces poco conocidas y otras invisibilizadas, que muestran una manera distinta de pensar y explicar el deseo entre mujeres.\" \/>\n<meta property=\"og:url\" content=\"https:\/\/edicionesalfar.es\/es\/producto\/amor-impossibilis\/\" \/>\n<meta property=\"og:site_name\" content=\"Ediciones Alfar\" \/>\n<meta property=\"article:modified_time\" content=\"2022-07-11T08:03:36+00:00\" \/>\n<meta property=\"og:image\" content=\"https:\/\/edicionesalfar.es\/es\/wp-content\/uploads\/2022\/06\/9788478989386_cubierta-1.jpg\" \/>\n\t<meta property=\"og:image:width\" content=\"594\" \/>\n\t<meta property=\"og:image:height\" content=\"856\" \/>\n\t<meta property=\"og:image:type\" content=\"image\/jpeg\" \/>\n<meta name=\"twitter:card\" content=\"summary_large_image\" \/>\n<meta name=\"twitter:label1\" content=\"Tiempo de lectura\" \/>\n\t<meta name=\"twitter:data1\" content=\"2 minutos\" \/>\n<script type=\"application\/ld+json\" class=\"yoast-schema-graph\">{\"@context\":\"https:\\\/\\\/schema.org\",\"@graph\":[{\"@type\":\"WebPage\",\"@id\":\"https:\\\/\\\/edicionesalfar.es\\\/es\\\/producto\\\/amor-impossibilis\\\/\",\"url\":\"https:\\\/\\\/edicionesalfar.es\\\/es\\\/producto\\\/amor-impossibilis\\\/\",\"name\":\"Amor impossibilis - Ediciones Alfar\",\"isPartOf\":{\"@id\":\"https:\\\/\\\/edicionesalfar.es\\\/es\\\/#website\"},\"primaryImageOfPage\":{\"@id\":\"https:\\\/\\\/edicionesalfar.es\\\/es\\\/producto\\\/amor-impossibilis\\\/#primaryimage\"},\"image\":{\"@id\":\"https:\\\/\\\/edicionesalfar.es\\\/es\\\/producto\\\/amor-impossibilis\\\/#primaryimage\"},\"thumbnailUrl\":\"https:\\\/\\\/edicionesalfar.es\\\/es\\\/wp-content\\\/uploads\\\/2022\\\/06\\\/9788478989386_cubierta-1.jpg\",\"datePublished\":\"2022-06-15T11:08:56+00:00\",\"dateModified\":\"2022-07-11T08:03:36+00:00\",\"breadcrumb\":{\"@id\":\"https:\\\/\\\/edicionesalfar.es\\\/es\\\/producto\\\/amor-impossibilis\\\/#breadcrumb\"},\"inLanguage\":\"es\",\"potentialAction\":[{\"@type\":\"ReadAction\",\"target\":[\"https:\\\/\\\/edicionesalfar.es\\\/es\\\/producto\\\/amor-impossibilis\\\/\"]}]},{\"@type\":\"ImageObject\",\"inLanguage\":\"es\",\"@id\":\"https:\\\/\\\/edicionesalfar.es\\\/es\\\/producto\\\/amor-impossibilis\\\/#primaryimage\",\"url\":\"https:\\\/\\\/edicionesalfar.es\\\/es\\\/wp-content\\\/uploads\\\/2022\\\/06\\\/9788478989386_cubierta-1.jpg\",\"contentUrl\":\"https:\\\/\\\/edicionesalfar.es\\\/es\\\/wp-content\\\/uploads\\\/2022\\\/06\\\/9788478989386_cubierta-1.jpg\",\"width\":594,\"height\":856},{\"@type\":\"BreadcrumbList\",\"@id\":\"https:\\\/\\\/edicionesalfar.es\\\/es\\\/producto\\\/amor-impossibilis\\\/#breadcrumb\",\"itemListElement\":[{\"@type\":\"ListItem\",\"position\":1,\"name\":\"Portada\",\"item\":\"https:\\\/\\\/edicionesalfar.es\\\/es\\\/\"},{\"@type\":\"ListItem\",\"position\":2,\"name\":\"Cat\u00e1logo\",\"item\":\"https:\\\/\\\/edicionesalfar.es\\\/es\\\/catalogo\\\/\"},{\"@type\":\"ListItem\",\"position\":3,\"name\":\"Amor impossibilis\"}]},{\"@type\":\"WebSite\",\"@id\":\"https:\\\/\\\/edicionesalfar.es\\\/es\\\/#website\",\"url\":\"https:\\\/\\\/edicionesalfar.es\\\/es\\\/\",\"name\":\"Ediciones Alfar\",\"description\":\"\",\"potentialAction\":[{\"@type\":\"SearchAction\",\"target\":{\"@type\":\"EntryPoint\",\"urlTemplate\":\"https:\\\/\\\/edicionesalfar.es\\\/es\\\/?s={search_term_string}\"},\"query-input\":{\"@type\":\"PropertyValueSpecification\",\"valueRequired\":true,\"valueName\":\"search_term_string\"}}],\"inLanguage\":\"es\"}]}<\/script>\n<!-- \/ Yoast SEO plugin. -->","yoast_head_json":{"title":"Amor impossibilis - Ediciones Alfar","robots":{"index":"index","follow":"follow","max-snippet":"max-snippet:-1","max-image-preview":"max-image-preview:large","max-video-preview":"max-video-preview:-1"},"canonical":"https:\/\/edicionesalfar.es\/es\/producto\/amor-impossibilis\/","og_locale":"es_ES","og_type":"article","og_title":"Amor impossibilis - Ediciones Alfar","og_description":"De autoras que escriben sobre mujeres, sobre sus relaciones, sus amores, sus pensamientos, sus ideas, sus miedos, sus dramas, sus risas y sus obras va este libro. Utilizadlo como un Gps para encontrar escritoras, a veces poco conocidas y otras invisibilizadas, que muestran una manera distinta de pensar y explicar el deseo entre mujeres.","og_url":"https:\/\/edicionesalfar.es\/es\/producto\/amor-impossibilis\/","og_site_name":"Ediciones Alfar","article_modified_time":"2022-07-11T08:03:36+00:00","og_image":[{"width":594,"height":856,"url":"https:\/\/edicionesalfar.es\/es\/wp-content\/uploads\/2022\/06\/9788478989386_cubierta-1.jpg","type":"image\/jpeg"}],"twitter_card":"summary_large_image","twitter_misc":{"Tiempo de lectura":"2 minutos"},"schema":{"@context":"https:\/\/schema.org","@graph":[{"@type":"WebPage","@id":"https:\/\/edicionesalfar.es\/es\/producto\/amor-impossibilis\/","url":"https:\/\/edicionesalfar.es\/es\/producto\/amor-impossibilis\/","name":"Amor impossibilis - Ediciones Alfar","isPartOf":{"@id":"https:\/\/edicionesalfar.es\/es\/#website"},"primaryImageOfPage":{"@id":"https:\/\/edicionesalfar.es\/es\/producto\/amor-impossibilis\/#primaryimage"},"image":{"@id":"https:\/\/edicionesalfar.es\/es\/producto\/amor-impossibilis\/#primaryimage"},"thumbnailUrl":"https:\/\/edicionesalfar.es\/es\/wp-content\/uploads\/2022\/06\/9788478989386_cubierta-1.jpg","datePublished":"2022-06-15T11:08:56+00:00","dateModified":"2022-07-11T08:03:36+00:00","breadcrumb":{"@id":"https:\/\/edicionesalfar.es\/es\/producto\/amor-impossibilis\/#breadcrumb"},"inLanguage":"es","potentialAction":[{"@type":"ReadAction","target":["https:\/\/edicionesalfar.es\/es\/producto\/amor-impossibilis\/"]}]},{"@type":"ImageObject","inLanguage":"es","@id":"https:\/\/edicionesalfar.es\/es\/producto\/amor-impossibilis\/#primaryimage","url":"https:\/\/edicionesalfar.es\/es\/wp-content\/uploads\/2022\/06\/9788478989386_cubierta-1.jpg","contentUrl":"https:\/\/edicionesalfar.es\/es\/wp-content\/uploads\/2022\/06\/9788478989386_cubierta-1.jpg","width":594,"height":856},{"@type":"BreadcrumbList","@id":"https:\/\/edicionesalfar.es\/es\/producto\/amor-impossibilis\/#breadcrumb","itemListElement":[{"@type":"ListItem","position":1,"name":"Portada","item":"https:\/\/edicionesalfar.es\/es\/"},{"@type":"ListItem","position":2,"name":"Cat\u00e1logo","item":"https:\/\/edicionesalfar.es\/es\/catalogo\/"},{"@type":"ListItem","position":3,"name":"Amor impossibilis"}]},{"@type":"WebSite","@id":"https:\/\/edicionesalfar.es\/es\/#website","url":"https:\/\/edicionesalfar.es\/es\/","name":"Ediciones Alfar","description":"","potentialAction":[{"@type":"SearchAction","target":{"@type":"EntryPoint","urlTemplate":"https:\/\/edicionesalfar.es\/es\/?s={search_term_string}"},"query-input":{"@type":"PropertyValueSpecification","valueRequired":true,"valueName":"search_term_string"}}],"inLanguage":"es"}]}},"_links":{"self":[{"href":"https:\/\/edicionesalfar.es\/es\/wp-json\/wp\/v2\/product\/19991","targetHints":{"allow":["GET"]}}],"collection":[{"href":"https:\/\/edicionesalfar.es\/es\/wp-json\/wp\/v2\/product"}],"about":[{"href":"https:\/\/edicionesalfar.es\/es\/wp-json\/wp\/v2\/types\/product"}],"replies":[{"embeddable":true,"href":"https:\/\/edicionesalfar.es\/es\/wp-json\/wp\/v2\/comments?post=19991"}],"wp:featuredmedia":[{"embeddable":true,"href":"https:\/\/edicionesalfar.es\/es\/wp-json\/wp\/v2\/media\/19992"}],"wp:attachment":[{"href":"https:\/\/edicionesalfar.es\/es\/wp-json\/wp\/v2\/media?parent=19991"}],"wp:term":[{"taxonomy":"product_brand","embeddable":true,"href":"https:\/\/edicionesalfar.es\/es\/wp-json\/wp\/v2\/product_brand?post=19991"},{"taxonomy":"product_cat","embeddable":true,"href":"https:\/\/edicionesalfar.es\/es\/wp-json\/wp\/v2\/product_cat?post=19991"},{"taxonomy":"product_tag","embeddable":true,"href":"https:\/\/edicionesalfar.es\/es\/wp-json\/wp\/v2\/product_tag?post=19991"}],"curies":[{"name":"wp","href":"https:\/\/api.w.org\/{rel}","templated":true}]}}