{"id":19989,"date":"2022-06-15T12:53:14","date_gmt":"2022-06-15T10:53:14","guid":{"rendered":"https:\/\/edicionesalfar.es\/es\/?post_type=product&#038;p=19989"},"modified":"2022-07-11T10:10:03","modified_gmt":"2022-07-11T08:10:03","slug":"microensayos","status":"publish","type":"product","link":"https:\/\/edicionesalfar.es\/es\/producto\/microensayos\/","title":{"rendered":"Microensayos"},"content":{"rendered":"<p><span style=\"color: #000000;\">Los seis textos que componen este libro, a pesar de ser cada uno de ellos un ensayo sobre un tema determinado, tienen en com\u00fan ciertas caracter\u00edsticas que dan unidad a la obra: su brevedad, el estar referidos a la condici\u00f3n humana (de ah\u00ed que no hayan perdido ni un \u00e1pice de actualidad) o el abordar distintos temas desde un estilo radical e inconformista, sin especulaciones gratuitas.<\/span><\/p>\n<p><span style=\"color: #000000;\">Podr\u00eda decirse que constituyen, en conjunto, una Onto-antropolog\u00eda pues que su reflexi\u00f3n llega hasta la radicalidad del Ser, como Heidegger manten\u00eda. Libro que el autor fue escribiendo a lo largo de toda su vida, desvelando un pensamiento tan sorprendente como original y a la altura de nuestra contemporaneidad. Obra densa y pensada desde la soledad intelectual, que enraiza con su preocupaci\u00f3n por el sufrimiento humano y la injusticia que conoci\u00f3, de primera mano, desde su ejercicio profesional de la medicina rural.<\/span><\/p>\n<p><span style=\"color: #000000;\">Ubicado en la tradici\u00f3n de m\u00e9dicos humanistas europeos como Mara\u00f1\u00f3n, Mart\u00edn Santos o Lain Entralgo, Ernesto Feria Jald\u00f3n nos deja ver, en estos textos, su mirada hacia el ser humano que hay siempre detr\u00e1s del paciente, as\u00ed como un pensamiento nutrido por innumerables lecturas y un profundo conocimiento de los desarrollos cient\u00edficos del siglo XX, tanto en los campos de la biolog\u00eda, la medicina y la psicolog\u00eda como en los de la filosof\u00eda.<\/span><\/p>\n<p><span style=\"color: #000000;\">Ernesto Feria Jald\u00f3n (V\u00aa de los Castillejos, Huelva, 1922-1993) fue m\u00e9dico de profesi\u00f3n y ejerci\u00f3 siempre en el \u00e1mbito de la Medicina rural, aunque su formaci\u00f3n transcurri\u00f3 fundamentalmente en Madrid, donde se form\u00f3 junto al prestigioso Dr. Carlos Jim\u00e9nez D\u00edaz.<\/span><br \/>\n<span style=\"color: #000000;\">Colaborador con art\u00edculos de fondo desde 1962 hasta 1993 en los diarios de Huelva Odiel y Huelva Informaci\u00f3n, fue presidente del Ateneo onubense entre 1968 y 1970 y conferenciante endiversas\u00a0 instituciones y c\u00edrculos culturales.Particip\u00f3 en programas televisivos como La Clave, La duna m\u00f3vil, El bosque sagrado y Juan Ram\u00f3n de Fondo, basado, este \u00faltimo, en su \u00fanico libro publicado en vida: Juan Ram\u00f3n Jim\u00e9nez. Psicocr\u00edtica (1987).<\/span><br \/>\n<span style=\"color: #000000;\">De una gran erudici\u00f3n y con una profunda formaci\u00f3n human\u00edstica, compagin\u00f3 el ejercicio de su profesi\u00f3n con la de escritor, desarrollando su actividad creadora a trav\u00e9s del art\u00edculo period\u00edstico y el ensayo, espacio \u00e9ste en el que realiz\u00f3 interesantes propuestas en el campo de la Filosof\u00eda y de la Psicocr\u00edtica.<\/span><br \/>\n<span style=\"color: #000000;\">Aunque al morir dej\u00f3 la mayor parte de su obra in\u00e9dita, \u00e9sta ha ido viendo la luz paulatinamente: Cr\u00edtica de la raz\u00f3n tecnol\u00f3gica (1994), Art\u00edculos (1994), Cuando no queda nada (1998), Estudios sobre Kafka (2000), El deseo y la libertad. Notas para una Ontolog\u00eda cient\u00edfica (2004), Baudelaire, su coraz\u00f3n al desnudo (2005), De re m\u00e9dica. Vida y pensamientos de un m\u00e9dico rural (2011) y Las abstracciones del aburrimiento y otros escritos (2021). Aparte de estos Microensayos que aqu\u00ed se editan, existen otros escritos menores y, actualmente, se encuentra en revisi\u00f3n su obra inacabada H\u00e9roes y S\u00edmbolos, una interesante investigaci\u00f3n sobre mitolog\u00eda comparada.<\/span><\/p>\n","protected":false},"excerpt":{"rendered":"<p>Libro que el autor fue escribiendo a lo largo de toda su vida, desvelando un pensamiento tan sorprendente como original y a la altura de nuestra contemporaneidad. Obra densa y pensada desde la soledad intelectual, que enraiza con su preocupaci\u00f3n por el sufrimiento humano y la injusticia que conoci\u00f3, de primera mano, desde su ejercicio profesional de la medicina rural.<\/p>\n","protected":false},"featured_media":19990,"comment_status":"closed","ping_status":"closed","template":"","meta":{"_acf_changed":false,"_et_pb_use_builder":"","_et_pb_old_content":"","_et_gb_content_width":""},"product_brand":[],"product_cat":[372,376,439,46],"product_tag":[],"class_list":{"0":"post-19989","1":"product","2":"type-product","3":"status-publish","4":"has-post-thumbnail","6":"product_cat-alfar","7":"product_cat-autores","8":"product_cat-feria-jaldon-ernesto","9":"product_cat-mapa-calendario","11":"first","12":"instock","13":"sale","14":"taxable","15":"shipping-taxable","16":"purchasable","17":"product-type-simple"},"acf":[],"yoast_head":"<!-- This site is optimized with the Yoast SEO plugin v27.5 - https:\/\/yoast.com\/product\/yoast-seo-wordpress\/ -->\n<title>Microensayos - Ediciones Alfar<\/title>\n<meta name=\"robots\" content=\"index, follow, max-snippet:-1, max-image-preview:large, max-video-preview:-1\" \/>\n<link rel=\"canonical\" href=\"https:\/\/edicionesalfar.es\/es\/producto\/microensayos\/\" \/>\n<meta property=\"og:locale\" content=\"es_ES\" \/>\n<meta property=\"og:type\" content=\"article\" \/>\n<meta property=\"og:title\" content=\"Microensayos - Ediciones Alfar\" \/>\n<meta property=\"og:description\" content=\"Libro que el autor fue escribiendo a lo largo de toda su vida, desvelando un pensamiento tan sorprendente como original y a la altura de nuestra contemporaneidad. Obra densa y pensada desde la soledad intelectual, que enraiza con su preocupaci\u00f3n por el sufrimiento humano y la injusticia que conoci\u00f3, de primera mano, desde su ejercicio profesional de la medicina rural.\" \/>\n<meta property=\"og:url\" content=\"https:\/\/edicionesalfar.es\/es\/producto\/microensayos\/\" \/>\n<meta property=\"og:site_name\" content=\"Ediciones Alfar\" \/>\n<meta property=\"article:modified_time\" content=\"2022-07-11T08:10:03+00:00\" \/>\n<meta property=\"og:image\" content=\"https:\/\/edicionesalfar.es\/es\/wp-content\/uploads\/2022\/06\/9788478989300_cubierta.jpg\" \/>\n\t<meta property=\"og:image:width\" content=\"1661\" \/>\n\t<meta property=\"og:image:height\" content=\"2451\" \/>\n\t<meta property=\"og:image:type\" content=\"image\/jpeg\" \/>\n<meta name=\"twitter:card\" content=\"summary_large_image\" \/>\n<meta name=\"twitter:label1\" content=\"Tiempo de lectura\" \/>\n\t<meta name=\"twitter:data1\" content=\"3 minutos\" \/>\n<script type=\"application\/ld+json\" class=\"yoast-schema-graph\">{\"@context\":\"https:\\\/\\\/schema.org\",\"@graph\":[{\"@type\":\"WebPage\",\"@id\":\"https:\\\/\\\/edicionesalfar.es\\\/es\\\/producto\\\/microensayos\\\/\",\"url\":\"https:\\\/\\\/edicionesalfar.es\\\/es\\\/producto\\\/microensayos\\\/\",\"name\":\"Microensayos - Ediciones Alfar\",\"isPartOf\":{\"@id\":\"https:\\\/\\\/edicionesalfar.es\\\/es\\\/#website\"},\"primaryImageOfPage\":{\"@id\":\"https:\\\/\\\/edicionesalfar.es\\\/es\\\/producto\\\/microensayos\\\/#primaryimage\"},\"image\":{\"@id\":\"https:\\\/\\\/edicionesalfar.es\\\/es\\\/producto\\\/microensayos\\\/#primaryimage\"},\"thumbnailUrl\":\"https:\\\/\\\/edicionesalfar.es\\\/es\\\/wp-content\\\/uploads\\\/2022\\\/06\\\/9788478989300_cubierta.jpg\",\"datePublished\":\"2022-06-15T10:53:14+00:00\",\"dateModified\":\"2022-07-11T08:10:03+00:00\",\"breadcrumb\":{\"@id\":\"https:\\\/\\\/edicionesalfar.es\\\/es\\\/producto\\\/microensayos\\\/#breadcrumb\"},\"inLanguage\":\"es\",\"potentialAction\":[{\"@type\":\"ReadAction\",\"target\":[\"https:\\\/\\\/edicionesalfar.es\\\/es\\\/producto\\\/microensayos\\\/\"]}]},{\"@type\":\"ImageObject\",\"inLanguage\":\"es\",\"@id\":\"https:\\\/\\\/edicionesalfar.es\\\/es\\\/producto\\\/microensayos\\\/#primaryimage\",\"url\":\"https:\\\/\\\/edicionesalfar.es\\\/es\\\/wp-content\\\/uploads\\\/2022\\\/06\\\/9788478989300_cubierta.jpg\",\"contentUrl\":\"https:\\\/\\\/edicionesalfar.es\\\/es\\\/wp-content\\\/uploads\\\/2022\\\/06\\\/9788478989300_cubierta.jpg\",\"width\":1661,\"height\":2451},{\"@type\":\"BreadcrumbList\",\"@id\":\"https:\\\/\\\/edicionesalfar.es\\\/es\\\/producto\\\/microensayos\\\/#breadcrumb\",\"itemListElement\":[{\"@type\":\"ListItem\",\"position\":1,\"name\":\"Portada\",\"item\":\"https:\\\/\\\/edicionesalfar.es\\\/es\\\/\"},{\"@type\":\"ListItem\",\"position\":2,\"name\":\"Cat\u00e1logo\",\"item\":\"https:\\\/\\\/edicionesalfar.es\\\/es\\\/catalogo\\\/\"},{\"@type\":\"ListItem\",\"position\":3,\"name\":\"Microensayos\"}]},{\"@type\":\"WebSite\",\"@id\":\"https:\\\/\\\/edicionesalfar.es\\\/es\\\/#website\",\"url\":\"https:\\\/\\\/edicionesalfar.es\\\/es\\\/\",\"name\":\"Ediciones Alfar\",\"description\":\"\",\"potentialAction\":[{\"@type\":\"SearchAction\",\"target\":{\"@type\":\"EntryPoint\",\"urlTemplate\":\"https:\\\/\\\/edicionesalfar.es\\\/es\\\/?s={search_term_string}\"},\"query-input\":{\"@type\":\"PropertyValueSpecification\",\"valueRequired\":true,\"valueName\":\"search_term_string\"}}],\"inLanguage\":\"es\"}]}<\/script>\n<!-- \/ Yoast SEO plugin. -->","yoast_head_json":{"title":"Microensayos - Ediciones Alfar","robots":{"index":"index","follow":"follow","max-snippet":"max-snippet:-1","max-image-preview":"max-image-preview:large","max-video-preview":"max-video-preview:-1"},"canonical":"https:\/\/edicionesalfar.es\/es\/producto\/microensayos\/","og_locale":"es_ES","og_type":"article","og_title":"Microensayos - Ediciones Alfar","og_description":"Libro que el autor fue escribiendo a lo largo de toda su vida, desvelando un pensamiento tan sorprendente como original y a la altura de nuestra contemporaneidad. Obra densa y pensada desde la soledad intelectual, que enraiza con su preocupaci\u00f3n por el sufrimiento humano y la injusticia que conoci\u00f3, de primera mano, desde su ejercicio profesional de la medicina rural.","og_url":"https:\/\/edicionesalfar.es\/es\/producto\/microensayos\/","og_site_name":"Ediciones Alfar","article_modified_time":"2022-07-11T08:10:03+00:00","og_image":[{"width":1661,"height":2451,"url":"https:\/\/edicionesalfar.es\/es\/wp-content\/uploads\/2022\/06\/9788478989300_cubierta.jpg","type":"image\/jpeg"}],"twitter_card":"summary_large_image","twitter_misc":{"Tiempo de lectura":"3 minutos"},"schema":{"@context":"https:\/\/schema.org","@graph":[{"@type":"WebPage","@id":"https:\/\/edicionesalfar.es\/es\/producto\/microensayos\/","url":"https:\/\/edicionesalfar.es\/es\/producto\/microensayos\/","name":"Microensayos - Ediciones Alfar","isPartOf":{"@id":"https:\/\/edicionesalfar.es\/es\/#website"},"primaryImageOfPage":{"@id":"https:\/\/edicionesalfar.es\/es\/producto\/microensayos\/#primaryimage"},"image":{"@id":"https:\/\/edicionesalfar.es\/es\/producto\/microensayos\/#primaryimage"},"thumbnailUrl":"https:\/\/edicionesalfar.es\/es\/wp-content\/uploads\/2022\/06\/9788478989300_cubierta.jpg","datePublished":"2022-06-15T10:53:14+00:00","dateModified":"2022-07-11T08:10:03+00:00","breadcrumb":{"@id":"https:\/\/edicionesalfar.es\/es\/producto\/microensayos\/#breadcrumb"},"inLanguage":"es","potentialAction":[{"@type":"ReadAction","target":["https:\/\/edicionesalfar.es\/es\/producto\/microensayos\/"]}]},{"@type":"ImageObject","inLanguage":"es","@id":"https:\/\/edicionesalfar.es\/es\/producto\/microensayos\/#primaryimage","url":"https:\/\/edicionesalfar.es\/es\/wp-content\/uploads\/2022\/06\/9788478989300_cubierta.jpg","contentUrl":"https:\/\/edicionesalfar.es\/es\/wp-content\/uploads\/2022\/06\/9788478989300_cubierta.jpg","width":1661,"height":2451},{"@type":"BreadcrumbList","@id":"https:\/\/edicionesalfar.es\/es\/producto\/microensayos\/#breadcrumb","itemListElement":[{"@type":"ListItem","position":1,"name":"Portada","item":"https:\/\/edicionesalfar.es\/es\/"},{"@type":"ListItem","position":2,"name":"Cat\u00e1logo","item":"https:\/\/edicionesalfar.es\/es\/catalogo\/"},{"@type":"ListItem","position":3,"name":"Microensayos"}]},{"@type":"WebSite","@id":"https:\/\/edicionesalfar.es\/es\/#website","url":"https:\/\/edicionesalfar.es\/es\/","name":"Ediciones Alfar","description":"","potentialAction":[{"@type":"SearchAction","target":{"@type":"EntryPoint","urlTemplate":"https:\/\/edicionesalfar.es\/es\/?s={search_term_string}"},"query-input":{"@type":"PropertyValueSpecification","valueRequired":true,"valueName":"search_term_string"}}],"inLanguage":"es"}]}},"_links":{"self":[{"href":"https:\/\/edicionesalfar.es\/es\/wp-json\/wp\/v2\/product\/19989","targetHints":{"allow":["GET"]}}],"collection":[{"href":"https:\/\/edicionesalfar.es\/es\/wp-json\/wp\/v2\/product"}],"about":[{"href":"https:\/\/edicionesalfar.es\/es\/wp-json\/wp\/v2\/types\/product"}],"replies":[{"embeddable":true,"href":"https:\/\/edicionesalfar.es\/es\/wp-json\/wp\/v2\/comments?post=19989"}],"wp:featuredmedia":[{"embeddable":true,"href":"https:\/\/edicionesalfar.es\/es\/wp-json\/wp\/v2\/media\/19990"}],"wp:attachment":[{"href":"https:\/\/edicionesalfar.es\/es\/wp-json\/wp\/v2\/media?parent=19989"}],"wp:term":[{"taxonomy":"product_brand","embeddable":true,"href":"https:\/\/edicionesalfar.es\/es\/wp-json\/wp\/v2\/product_brand?post=19989"},{"taxonomy":"product_cat","embeddable":true,"href":"https:\/\/edicionesalfar.es\/es\/wp-json\/wp\/v2\/product_cat?post=19989"},{"taxonomy":"product_tag","embeddable":true,"href":"https:\/\/edicionesalfar.es\/es\/wp-json\/wp\/v2\/product_tag?post=19989"}],"curies":[{"name":"wp","href":"https:\/\/api.w.org\/{rel}","templated":true}]}}