{"id":19798,"date":"2022-05-10T09:32:12","date_gmt":"2022-05-10T07:32:12","guid":{"rendered":"https:\/\/edicionesalfar.es\/es\/?post_type=product&#038;p=19798"},"modified":"2022-10-19T11:03:16","modified_gmt":"2022-10-19T09:03:16","slug":"amantes-en-alboroto","status":"publish","type":"product","link":"https:\/\/edicionesalfar.es\/es\/producto\/amantes-en-alboroto\/","title":{"rendered":"Amantes en alboroto"},"content":{"rendered":"<p><span style=\"color: #000000;\">Amantes en Alboroto es un thriller de espionaje ambientado en Sud\u00e1frica, Inglaterra y Francia contra el tel\u00f3n del apartness (apartheid). Joshua Samuelson, un indio de 18 a\u00f1os, se encuentra con Laura en una playa desierta a 20 millas al sur de Durban. Ella no se casar\u00e1 con \u00e9l, pero le deja un regalo de despedida que lo perseguir\u00e1 para siempre. Ahora, quince a\u00f1os despu\u00e9s, un soltero lujurioso y m\u00e9dico en Hampstead, Joshua, est\u00e1 siendo rastreado por Slagter, el asesino a sueldo sudafricano, en busca de una informaci\u00f3n que no posee. Farnsworth, jefe de la oficina sudafricana del MI-6, asigna a Julia, nieta del und\u00e9cimo conde de Bromfield, para que proteja a Joshua y descubra por qu\u00e9 Sa\u00fal, el esposo de Laura, deber\u00eda haber enviado una ALERTA ROJA a Pretoria, antes de quemar su cuerpo. Este cuerpo se encuentra en un edificio abandonado en Clapham. La novela, con un suspenso emocionante, une a muchos personajes memorables finamente grabados en una trama con giros sorprendentes. La trama cuidadosa, la prosa y la descripci\u00f3n v\u00edvida, y la escritura soberbia, han sido admiradas por muchos profesionales estadouni- denses en el campo editorial. Trasciende la clase ordinaria del g\u00e9nero porque profundiza en el coraz\u00f3n humano y luego arranca lo que encuentra all\u00ed con una franqueza casi brutal.<\/span><\/p>\n<p><span style=\"color: #000000;\">B. B. Dandekar naci\u00f3 en 1938, en Anand, Gujerat, India, el cuarto de cinco hijos, en una pareja \u00abBene Israel\u00bb (indio-jud\u00eda). Se matricul\u00f3 a la edad de 13 a\u00f1os, con una Primera Clase, de Rosary High School en Baroda, donde su padre era Recaudador del Distrito. Luego se educ\u00f3 en las universidades de Bombay y Londres (tanto su maestr\u00eda (ingl\u00e9s) como su doctorado son de la Universidad de Londres). Ense\u00f1\u00f3 durante aproximadamente 5 a\u00f1os en el Polit\u00e9cnico de Hatfield (ahora la Universidad de Hertfordshire), antes de emigrar a los Estados Unidos en 1971. Se jubil\u00f3 como profesor (em\u00e9rito) de la Universidad de Kansas en 2010 y ahora vive con su esposa de 51 a\u00f1os, en el sur de California. Tienen dos hijos y cuatro nietos.<\/span><\/p>\n","protected":false},"excerpt":{"rendered":"<p><span style=\"color: #000000;\">Amantes en Alboroto es un thriller de espionaje ambientado en Sud\u00e1frica, Inglaterra y Francia contra el tel\u00f3n del apartness (apartheid). Joshua Samuelson, un indio de 18 a\u00f1os, se encuentra con Laura en una playa desierta a 20 millas al sur de Durban. Ella no se casar\u00e1 con \u00e9l, pero le deja un regalo de despedida que lo perseguir\u00e1 para siempre.<\/span><\/p>\n","protected":false},"featured_media":19800,"comment_status":"closed","ping_status":"closed","template":"","meta":{"_acf_changed":false,"_et_pb_use_builder":"","_et_pb_old_content":"","_et_gb_content_width":""},"product_brand":[],"product_cat":[372,376,517,375,47],"product_tag":[],"class_list":{"0":"post-19798","1":"product","2":"type-product","3":"status-publish","4":"has-post-thumbnail","6":"product_cat-alfar","7":"product_cat-autores","8":"product_cat-dandekar-b-b","9":"product_cat-editoriales","10":"product_cat-otras-narrativas","12":"first","13":"instock","14":"sale","15":"taxable","16":"shipping-taxable","17":"purchasable","18":"product-type-simple"},"acf":[],"yoast_head":"<!-- This site is optimized with the Yoast SEO plugin v27.5 - https:\/\/yoast.com\/product\/yoast-seo-wordpress\/ -->\n<title>Amantes en alboroto - Ediciones Alfar<\/title>\n<meta name=\"description\" content=\"Amantes en Alboroto es un thriller de espionaje ambientado en Sud\u00e1frica, Inglaterra y Francia contra el tel\u00f3n del apartness (apartheid). Joshua Samuelson, un indio de 18 a\u00f1os, se encuentra con Laura en una playa desierta a 20 millas al sur de Durban. Ella no se casar\u00e1 con \u00e9l, pero le deja un regalo de despedida que lo perseguir\u00e1 para siempre.\" \/>\n<meta name=\"robots\" content=\"index, follow, max-snippet:-1, max-image-preview:large, max-video-preview:-1\" \/>\n<link rel=\"canonical\" href=\"https:\/\/edicionesalfar.es\/es\/producto\/amantes-en-alboroto\/\" \/>\n<meta property=\"og:locale\" content=\"es_ES\" \/>\n<meta property=\"og:type\" content=\"article\" \/>\n<meta property=\"og:title\" content=\"Amantes en alboroto - Ediciones Alfar\" \/>\n<meta property=\"og:description\" content=\"Amantes en Alboroto es un thriller de espionaje ambientado en Sud\u00e1frica, Inglaterra y Francia contra el tel\u00f3n del apartness (apartheid). Joshua Samuelson, un indio de 18 a\u00f1os, se encuentra con Laura en una playa desierta a 20 millas al sur de Durban. Ella no se casar\u00e1 con \u00e9l, pero le deja un regalo de despedida que lo perseguir\u00e1 para siempre.\" \/>\n<meta property=\"og:url\" content=\"https:\/\/edicionesalfar.es\/es\/producto\/amantes-en-alboroto\/\" \/>\n<meta property=\"og:site_name\" content=\"Ediciones Alfar\" \/>\n<meta property=\"article:modified_time\" content=\"2022-10-19T09:03:16+00:00\" \/>\n<meta property=\"og:image\" content=\"https:\/\/edicionesalfar.es\/es\/wp-content\/uploads\/2022\/05\/9788478989348_amantes_cubierta-1.jpg\" \/>\n\t<meta property=\"og:image:width\" content=\"882\" \/>\n\t<meta property=\"og:image:height\" content=\"1243\" \/>\n\t<meta property=\"og:image:type\" content=\"image\/jpeg\" \/>\n<meta name=\"twitter:card\" content=\"summary_large_image\" \/>\n<meta name=\"twitter:label1\" content=\"Tiempo de lectura\" \/>\n\t<meta name=\"twitter:data1\" content=\"2 minutos\" \/>\n<script type=\"application\/ld+json\" class=\"yoast-schema-graph\">{\"@context\":\"https:\\\/\\\/schema.org\",\"@graph\":[{\"@type\":\"WebPage\",\"@id\":\"https:\\\/\\\/edicionesalfar.es\\\/es\\\/producto\\\/amantes-en-alboroto\\\/\",\"url\":\"https:\\\/\\\/edicionesalfar.es\\\/es\\\/producto\\\/amantes-en-alboroto\\\/\",\"name\":\"Amantes en alboroto - Ediciones Alfar\",\"isPartOf\":{\"@id\":\"https:\\\/\\\/edicionesalfar.es\\\/es\\\/#website\"},\"primaryImageOfPage\":{\"@id\":\"https:\\\/\\\/edicionesalfar.es\\\/es\\\/producto\\\/amantes-en-alboroto\\\/#primaryimage\"},\"image\":{\"@id\":\"https:\\\/\\\/edicionesalfar.es\\\/es\\\/producto\\\/amantes-en-alboroto\\\/#primaryimage\"},\"thumbnailUrl\":\"https:\\\/\\\/edicionesalfar.es\\\/es\\\/wp-content\\\/uploads\\\/2022\\\/05\\\/9788478989348_amantes_cubierta-1.jpg\",\"datePublished\":\"2022-05-10T07:32:12+00:00\",\"dateModified\":\"2022-10-19T09:03:16+00:00\",\"description\":\"Amantes en Alboroto es un thriller de espionaje ambientado en Sud\u00e1frica, Inglaterra y Francia contra el tel\u00f3n del apartness (apartheid). Joshua Samuelson, un indio de 18 a\u00f1os, se encuentra con Laura en una playa desierta a 20 millas al sur de Durban. Ella no se casar\u00e1 con \u00e9l, pero le deja un regalo de despedida que lo perseguir\u00e1 para siempre.\",\"breadcrumb\":{\"@id\":\"https:\\\/\\\/edicionesalfar.es\\\/es\\\/producto\\\/amantes-en-alboroto\\\/#breadcrumb\"},\"inLanguage\":\"es\",\"potentialAction\":[{\"@type\":\"ReadAction\",\"target\":[\"https:\\\/\\\/edicionesalfar.es\\\/es\\\/producto\\\/amantes-en-alboroto\\\/\"]}]},{\"@type\":\"ImageObject\",\"inLanguage\":\"es\",\"@id\":\"https:\\\/\\\/edicionesalfar.es\\\/es\\\/producto\\\/amantes-en-alboroto\\\/#primaryimage\",\"url\":\"https:\\\/\\\/edicionesalfar.es\\\/es\\\/wp-content\\\/uploads\\\/2022\\\/05\\\/9788478989348_amantes_cubierta-1.jpg\",\"contentUrl\":\"https:\\\/\\\/edicionesalfar.es\\\/es\\\/wp-content\\\/uploads\\\/2022\\\/05\\\/9788478989348_amantes_cubierta-1.jpg\",\"width\":882,\"height\":1243},{\"@type\":\"BreadcrumbList\",\"@id\":\"https:\\\/\\\/edicionesalfar.es\\\/es\\\/producto\\\/amantes-en-alboroto\\\/#breadcrumb\",\"itemListElement\":[{\"@type\":\"ListItem\",\"position\":1,\"name\":\"Portada\",\"item\":\"https:\\\/\\\/edicionesalfar.es\\\/es\\\/\"},{\"@type\":\"ListItem\",\"position\":2,\"name\":\"Cat\u00e1logo\",\"item\":\"https:\\\/\\\/edicionesalfar.es\\\/es\\\/catalogo\\\/\"},{\"@type\":\"ListItem\",\"position\":3,\"name\":\"Amantes en alboroto\"}]},{\"@type\":\"WebSite\",\"@id\":\"https:\\\/\\\/edicionesalfar.es\\\/es\\\/#website\",\"url\":\"https:\\\/\\\/edicionesalfar.es\\\/es\\\/\",\"name\":\"Ediciones Alfar\",\"description\":\"\",\"potentialAction\":[{\"@type\":\"SearchAction\",\"target\":{\"@type\":\"EntryPoint\",\"urlTemplate\":\"https:\\\/\\\/edicionesalfar.es\\\/es\\\/?s={search_term_string}\"},\"query-input\":{\"@type\":\"PropertyValueSpecification\",\"valueRequired\":true,\"valueName\":\"search_term_string\"}}],\"inLanguage\":\"es\"}]}<\/script>\n<!-- \/ Yoast SEO plugin. -->","yoast_head_json":{"title":"Amantes en alboroto - Ediciones Alfar","description":"Amantes en Alboroto es un thriller de espionaje ambientado en Sud\u00e1frica, Inglaterra y Francia contra el tel\u00f3n del apartness (apartheid). Joshua Samuelson, un indio de 18 a\u00f1os, se encuentra con Laura en una playa desierta a 20 millas al sur de Durban. Ella no se casar\u00e1 con \u00e9l, pero le deja un regalo de despedida que lo perseguir\u00e1 para siempre.","robots":{"index":"index","follow":"follow","max-snippet":"max-snippet:-1","max-image-preview":"max-image-preview:large","max-video-preview":"max-video-preview:-1"},"canonical":"https:\/\/edicionesalfar.es\/es\/producto\/amantes-en-alboroto\/","og_locale":"es_ES","og_type":"article","og_title":"Amantes en alboroto - Ediciones Alfar","og_description":"Amantes en Alboroto es un thriller de espionaje ambientado en Sud\u00e1frica, Inglaterra y Francia contra el tel\u00f3n del apartness (apartheid). Joshua Samuelson, un indio de 18 a\u00f1os, se encuentra con Laura en una playa desierta a 20 millas al sur de Durban. Ella no se casar\u00e1 con \u00e9l, pero le deja un regalo de despedida que lo perseguir\u00e1 para siempre.","og_url":"https:\/\/edicionesalfar.es\/es\/producto\/amantes-en-alboroto\/","og_site_name":"Ediciones Alfar","article_modified_time":"2022-10-19T09:03:16+00:00","og_image":[{"width":882,"height":1243,"url":"https:\/\/edicionesalfar.es\/es\/wp-content\/uploads\/2022\/05\/9788478989348_amantes_cubierta-1.jpg","type":"image\/jpeg"}],"twitter_card":"summary_large_image","twitter_misc":{"Tiempo de lectura":"2 minutos"},"schema":{"@context":"https:\/\/schema.org","@graph":[{"@type":"WebPage","@id":"https:\/\/edicionesalfar.es\/es\/producto\/amantes-en-alboroto\/","url":"https:\/\/edicionesalfar.es\/es\/producto\/amantes-en-alboroto\/","name":"Amantes en alboroto - Ediciones Alfar","isPartOf":{"@id":"https:\/\/edicionesalfar.es\/es\/#website"},"primaryImageOfPage":{"@id":"https:\/\/edicionesalfar.es\/es\/producto\/amantes-en-alboroto\/#primaryimage"},"image":{"@id":"https:\/\/edicionesalfar.es\/es\/producto\/amantes-en-alboroto\/#primaryimage"},"thumbnailUrl":"https:\/\/edicionesalfar.es\/es\/wp-content\/uploads\/2022\/05\/9788478989348_amantes_cubierta-1.jpg","datePublished":"2022-05-10T07:32:12+00:00","dateModified":"2022-10-19T09:03:16+00:00","description":"Amantes en Alboroto es un thriller de espionaje ambientado en Sud\u00e1frica, Inglaterra y Francia contra el tel\u00f3n del apartness (apartheid). Joshua Samuelson, un indio de 18 a\u00f1os, se encuentra con Laura en una playa desierta a 20 millas al sur de Durban. Ella no se casar\u00e1 con \u00e9l, pero le deja un regalo de despedida que lo perseguir\u00e1 para siempre.","breadcrumb":{"@id":"https:\/\/edicionesalfar.es\/es\/producto\/amantes-en-alboroto\/#breadcrumb"},"inLanguage":"es","potentialAction":[{"@type":"ReadAction","target":["https:\/\/edicionesalfar.es\/es\/producto\/amantes-en-alboroto\/"]}]},{"@type":"ImageObject","inLanguage":"es","@id":"https:\/\/edicionesalfar.es\/es\/producto\/amantes-en-alboroto\/#primaryimage","url":"https:\/\/edicionesalfar.es\/es\/wp-content\/uploads\/2022\/05\/9788478989348_amantes_cubierta-1.jpg","contentUrl":"https:\/\/edicionesalfar.es\/es\/wp-content\/uploads\/2022\/05\/9788478989348_amantes_cubierta-1.jpg","width":882,"height":1243},{"@type":"BreadcrumbList","@id":"https:\/\/edicionesalfar.es\/es\/producto\/amantes-en-alboroto\/#breadcrumb","itemListElement":[{"@type":"ListItem","position":1,"name":"Portada","item":"https:\/\/edicionesalfar.es\/es\/"},{"@type":"ListItem","position":2,"name":"Cat\u00e1logo","item":"https:\/\/edicionesalfar.es\/es\/catalogo\/"},{"@type":"ListItem","position":3,"name":"Amantes en alboroto"}]},{"@type":"WebSite","@id":"https:\/\/edicionesalfar.es\/es\/#website","url":"https:\/\/edicionesalfar.es\/es\/","name":"Ediciones Alfar","description":"","potentialAction":[{"@type":"SearchAction","target":{"@type":"EntryPoint","urlTemplate":"https:\/\/edicionesalfar.es\/es\/?s={search_term_string}"},"query-input":{"@type":"PropertyValueSpecification","valueRequired":true,"valueName":"search_term_string"}}],"inLanguage":"es"}]}},"_links":{"self":[{"href":"https:\/\/edicionesalfar.es\/es\/wp-json\/wp\/v2\/product\/19798","targetHints":{"allow":["GET"]}}],"collection":[{"href":"https:\/\/edicionesalfar.es\/es\/wp-json\/wp\/v2\/product"}],"about":[{"href":"https:\/\/edicionesalfar.es\/es\/wp-json\/wp\/v2\/types\/product"}],"replies":[{"embeddable":true,"href":"https:\/\/edicionesalfar.es\/es\/wp-json\/wp\/v2\/comments?post=19798"}],"wp:featuredmedia":[{"embeddable":true,"href":"https:\/\/edicionesalfar.es\/es\/wp-json\/wp\/v2\/media\/19800"}],"wp:attachment":[{"href":"https:\/\/edicionesalfar.es\/es\/wp-json\/wp\/v2\/media?parent=19798"}],"wp:term":[{"taxonomy":"product_brand","embeddable":true,"href":"https:\/\/edicionesalfar.es\/es\/wp-json\/wp\/v2\/product_brand?post=19798"},{"taxonomy":"product_cat","embeddable":true,"href":"https:\/\/edicionesalfar.es\/es\/wp-json\/wp\/v2\/product_cat?post=19798"},{"taxonomy":"product_tag","embeddable":true,"href":"https:\/\/edicionesalfar.es\/es\/wp-json\/wp\/v2\/product_tag?post=19798"}],"curies":[{"name":"wp","href":"https:\/\/api.w.org\/{rel}","templated":true}]}}