{"id":19771,"date":"2022-05-06T11:07:53","date_gmt":"2022-05-06T09:07:53","guid":{"rendered":"https:\/\/edicionesalfar.es\/es\/?post_type=product&#038;p=19771"},"modified":"2022-10-07T08:16:30","modified_gmt":"2022-10-07T06:16:30","slug":"no-olvidaras","status":"publish","type":"product","link":"https:\/\/edicionesalfar.es\/es\/producto\/no-olvidaras\/","title":{"rendered":"No olvidar\u00e1s"},"content":{"rendered":"<p><span style=\"color: #000000;\">No Olvidar\u00e1s nace de la mirada sincera y sin encorsetamientos que trata de interpretar el mundo desde el universo propio de la autora. Para ello coloca en el epicentro de este libro la memoria personal y colectiva fragmentada que, igual que la estructura del libro, invita a una (re)interpretaci\u00f3n de la identidad del ser humano, su abyecci\u00f3n y dignidad a trav\u00e9s de una amalgama de poemas desde donde denunciar o celebrar actos cotidianos del presente o del pasado, ambos como realidades permeables. Desde el compromiso ideol\u00f3gico y la toma de conciencia, Julia Guti\u00e9rrez despliega una versatilidad tem\u00e1tica y estructural donde interrelaciona temas sociopol\u00edticos como los olvidos de la historiograf\u00eda, la otredad, el g\u00e9nero, el homenaje a generaciones de escritoras, la reclamaci\u00f3n del cuerpo como instrumento personal y pol\u00edtico con temas como el amor, el desamor, el placer, la mentira, los sue\u00f1os, la b\u00fasqueda interior, el crecimiento y la reconstrucci\u00f3n personal, la insensibilidad al dolor ajeno, los momentos felices, etc. Atraves\u00e1ndolo todo, la poes\u00eda como medio, b\u00e1lsamo, salvaci\u00f3n y forma de situarse en la vida con valent\u00eda. Como un onceavo mandamiento, memoria, olvido y recuerdos se fusionan en un acto po\u00e9tico \u00edntimo que busca la convulsi\u00f3n y el alivio, la reflexi\u00f3n y la emoci\u00f3n a partes iguales.<\/span><\/p>\n<p><span style=\"color: #000000;\"><img decoding=\"async\" class=\" wp-image-19811 alignleft\" src=\"https:\/\/edicionesalfar.es\/es\/wp-content\/uploads\/2022\/05\/Julia-232x300.jpg\" alt=\"\" width=\"120\" height=\"112\" \/>Julia Guti\u00e9rrez (Rociana, Huelva, 1972). Licenciada en Filolog\u00eda Inglesa por la Universidad de Huelva. Posee un M\u00e1ster en G\u00e9nero, Identidad y Ciudadan\u00eda. Hoy d\u00eda, realiza un Doctorado en Estudios Interdisciplinares de G\u00e9nero, ambos en la misma universidad. Fue Presidenta de la Asociaci\u00f3n Cultural Nueva Mirada, Vocal del Patronato de la Fundaci\u00f3n Cultural Od\u00f3n Betanzos Palacios, directora y editora de la revista de creaci\u00f3n literaria La Palmera y miembro del Consejo Asesor de Actividades Literarias (CAAL) de la Diputaci\u00f3n de Huelva, as\u00ed como miembro del pre-jurado del Certamen Internacional de poes\u00eda Juan Ram\u00f3n Jim\u00e9nez de la Diputaci\u00f3n de Huelva y miembro del jurado del Certamen Internacional de poes\u00eda Od\u00f3n Betanzos Palacios, entre otros. Su poes\u00eda est\u00e1 incluida en las mejores antolog\u00edas, revistas digitales y\/o papel tanto nacionales como internacionales y numerosos blogs. Recientemente ha sido incluida en el mapa de escritoras de Andaluc\u00eda presentado por la asociaci\u00f3n nacional El Legado de las Mujeres para dar visibilidad a las mujeres en todos los \u00e1mbitos creativos en los contenidos de la Ense\u00f1anza Secundaria.<\/span><\/p>\n<p>&nbsp;<\/p>\n","protected":false},"excerpt":{"rendered":"<p><span style=\"color: #000000;\">No Olvidar\u00e1s nace de la mirada sincera y sin encorsetamientos que trata de interpretar el mundo desde el universo propio de la autora. Para ello coloca en el epicentro de este libro la memoria personal y colectiva fragmentada que, igual que la estructura del libro, invita a una (re)interpretaci\u00f3n de la identidad del ser humano, su abyecci\u00f3n y dignidad a trav\u00e9s de una amalgama de poemas desde donde denunciar o celebrar actos cotidianos del presente o del pasado, ambos como realidades permeables.<\/span><\/p>\n","protected":false},"featured_media":19774,"comment_status":"closed","ping_status":"closed","template":"","meta":{"_acf_changed":false,"_et_pb_use_builder":"","_et_pb_old_content":"","_et_gb_content_width":""},"product_brand":[],"product_cat":[372,375,48],"product_tag":[],"class_list":{"0":"post-19771","1":"product","2":"type-product","3":"status-publish","4":"has-post-thumbnail","6":"product_cat-alfar","7":"product_cat-editoriales","8":"product_cat-otras-poesias","10":"first","11":"instock","12":"sale","13":"taxable","14":"shipping-taxable","15":"purchasable","16":"product-type-simple"},"acf":[],"yoast_head":"<!-- This site is optimized with the Yoast SEO plugin v27.6 - https:\/\/yoast.com\/product\/yoast-seo-wordpress\/ -->\n<title>No olvidar\u00e1s - Ediciones Alfar<\/title>\n<meta name=\"robots\" content=\"index, follow, max-snippet:-1, max-image-preview:large, max-video-preview:-1\" \/>\n<link rel=\"canonical\" href=\"https:\/\/edicionesalfar.es\/es\/producto\/no-olvidaras\/\" \/>\n<meta property=\"og:locale\" content=\"es_ES\" \/>\n<meta property=\"og:type\" content=\"article\" \/>\n<meta property=\"og:title\" content=\"No olvidar\u00e1s - Ediciones Alfar\" \/>\n<meta property=\"og:description\" content=\"No Olvidar\u00e1s nace de la mirada sincera y sin encorsetamientos que trata de interpretar el mundo desde el universo propio de la autora. Para ello coloca en el epicentro de este libro la memoria personal y colectiva fragmentada que, igual que la estructura del libro, invita a una (re)interpretaci\u00f3n de la identidad del ser humano, su abyecci\u00f3n y dignidad a trav\u00e9s de una amalgama de poemas desde donde denunciar o celebrar actos cotidianos del presente o del pasado, ambos como realidades permeables.\" \/>\n<meta property=\"og:url\" content=\"https:\/\/edicionesalfar.es\/es\/producto\/no-olvidaras\/\" \/>\n<meta property=\"og:site_name\" content=\"Ediciones Alfar\" \/>\n<meta property=\"article:modified_time\" content=\"2022-10-07T06:16:30+00:00\" \/>\n<meta property=\"og:image\" content=\"https:\/\/edicionesalfar.es\/es\/wp-content\/uploads\/2022\/05\/9788478989362_cubierta_no_olvidaras.jpg\" \/>\n\t<meta property=\"og:image:width\" content=\"728\" \/>\n\t<meta property=\"og:image:height\" content=\"1096\" \/>\n\t<meta property=\"og:image:type\" content=\"image\/jpeg\" \/>\n<meta name=\"twitter:card\" content=\"summary_large_image\" \/>\n<meta name=\"twitter:label1\" content=\"Tiempo de lectura\" \/>\n\t<meta name=\"twitter:data1\" content=\"2 minutos\" \/>\n<script type=\"application\/ld+json\" class=\"yoast-schema-graph\">{\"@context\":\"https:\\\/\\\/schema.org\",\"@graph\":[{\"@type\":\"WebPage\",\"@id\":\"https:\\\/\\\/edicionesalfar.es\\\/es\\\/producto\\\/no-olvidaras\\\/\",\"url\":\"https:\\\/\\\/edicionesalfar.es\\\/es\\\/producto\\\/no-olvidaras\\\/\",\"name\":\"No olvidar\u00e1s - Ediciones Alfar\",\"isPartOf\":{\"@id\":\"https:\\\/\\\/edicionesalfar.es\\\/es\\\/#website\"},\"primaryImageOfPage\":{\"@id\":\"https:\\\/\\\/edicionesalfar.es\\\/es\\\/producto\\\/no-olvidaras\\\/#primaryimage\"},\"image\":{\"@id\":\"https:\\\/\\\/edicionesalfar.es\\\/es\\\/producto\\\/no-olvidaras\\\/#primaryimage\"},\"thumbnailUrl\":\"https:\\\/\\\/edicionesalfar.es\\\/es\\\/wp-content\\\/uploads\\\/2022\\\/05\\\/9788478989362_cubierta_no_olvidaras.jpg\",\"datePublished\":\"2022-05-06T09:07:53+00:00\",\"dateModified\":\"2022-10-07T06:16:30+00:00\",\"breadcrumb\":{\"@id\":\"https:\\\/\\\/edicionesalfar.es\\\/es\\\/producto\\\/no-olvidaras\\\/#breadcrumb\"},\"inLanguage\":\"es\",\"potentialAction\":[{\"@type\":\"ReadAction\",\"target\":[\"https:\\\/\\\/edicionesalfar.es\\\/es\\\/producto\\\/no-olvidaras\\\/\"]}]},{\"@type\":\"ImageObject\",\"inLanguage\":\"es\",\"@id\":\"https:\\\/\\\/edicionesalfar.es\\\/es\\\/producto\\\/no-olvidaras\\\/#primaryimage\",\"url\":\"https:\\\/\\\/edicionesalfar.es\\\/es\\\/wp-content\\\/uploads\\\/2022\\\/05\\\/9788478989362_cubierta_no_olvidaras.jpg\",\"contentUrl\":\"https:\\\/\\\/edicionesalfar.es\\\/es\\\/wp-content\\\/uploads\\\/2022\\\/05\\\/9788478989362_cubierta_no_olvidaras.jpg\",\"width\":728,\"height\":1096},{\"@type\":\"BreadcrumbList\",\"@id\":\"https:\\\/\\\/edicionesalfar.es\\\/es\\\/producto\\\/no-olvidaras\\\/#breadcrumb\",\"itemListElement\":[{\"@type\":\"ListItem\",\"position\":1,\"name\":\"Portada\",\"item\":\"https:\\\/\\\/edicionesalfar.es\\\/es\\\/\"},{\"@type\":\"ListItem\",\"position\":2,\"name\":\"Cat\u00e1logo\",\"item\":\"https:\\\/\\\/edicionesalfar.es\\\/es\\\/catalogo\\\/\"},{\"@type\":\"ListItem\",\"position\":3,\"name\":\"No olvidar\u00e1s\"}]},{\"@type\":\"WebSite\",\"@id\":\"https:\\\/\\\/edicionesalfar.es\\\/es\\\/#website\",\"url\":\"https:\\\/\\\/edicionesalfar.es\\\/es\\\/\",\"name\":\"Ediciones Alfar\",\"description\":\"\",\"potentialAction\":[{\"@type\":\"SearchAction\",\"target\":{\"@type\":\"EntryPoint\",\"urlTemplate\":\"https:\\\/\\\/edicionesalfar.es\\\/es\\\/?s={search_term_string}\"},\"query-input\":{\"@type\":\"PropertyValueSpecification\",\"valueRequired\":true,\"valueName\":\"search_term_string\"}}],\"inLanguage\":\"es\"}]}<\/script>\n<!-- \/ Yoast SEO plugin. -->","yoast_head_json":{"title":"No olvidar\u00e1s - Ediciones Alfar","robots":{"index":"index","follow":"follow","max-snippet":"max-snippet:-1","max-image-preview":"max-image-preview:large","max-video-preview":"max-video-preview:-1"},"canonical":"https:\/\/edicionesalfar.es\/es\/producto\/no-olvidaras\/","og_locale":"es_ES","og_type":"article","og_title":"No olvidar\u00e1s - Ediciones Alfar","og_description":"No Olvidar\u00e1s nace de la mirada sincera y sin encorsetamientos que trata de interpretar el mundo desde el universo propio de la autora. Para ello coloca en el epicentro de este libro la memoria personal y colectiva fragmentada que, igual que la estructura del libro, invita a una (re)interpretaci\u00f3n de la identidad del ser humano, su abyecci\u00f3n y dignidad a trav\u00e9s de una amalgama de poemas desde donde denunciar o celebrar actos cotidianos del presente o del pasado, ambos como realidades permeables.","og_url":"https:\/\/edicionesalfar.es\/es\/producto\/no-olvidaras\/","og_site_name":"Ediciones Alfar","article_modified_time":"2022-10-07T06:16:30+00:00","og_image":[{"width":728,"height":1096,"url":"https:\/\/edicionesalfar.es\/es\/wp-content\/uploads\/2022\/05\/9788478989362_cubierta_no_olvidaras.jpg","type":"image\/jpeg"}],"twitter_card":"summary_large_image","twitter_misc":{"Tiempo de lectura":"2 minutos"},"schema":{"@context":"https:\/\/schema.org","@graph":[{"@type":"WebPage","@id":"https:\/\/edicionesalfar.es\/es\/producto\/no-olvidaras\/","url":"https:\/\/edicionesalfar.es\/es\/producto\/no-olvidaras\/","name":"No olvidar\u00e1s - Ediciones Alfar","isPartOf":{"@id":"https:\/\/edicionesalfar.es\/es\/#website"},"primaryImageOfPage":{"@id":"https:\/\/edicionesalfar.es\/es\/producto\/no-olvidaras\/#primaryimage"},"image":{"@id":"https:\/\/edicionesalfar.es\/es\/producto\/no-olvidaras\/#primaryimage"},"thumbnailUrl":"https:\/\/edicionesalfar.es\/es\/wp-content\/uploads\/2022\/05\/9788478989362_cubierta_no_olvidaras.jpg","datePublished":"2022-05-06T09:07:53+00:00","dateModified":"2022-10-07T06:16:30+00:00","breadcrumb":{"@id":"https:\/\/edicionesalfar.es\/es\/producto\/no-olvidaras\/#breadcrumb"},"inLanguage":"es","potentialAction":[{"@type":"ReadAction","target":["https:\/\/edicionesalfar.es\/es\/producto\/no-olvidaras\/"]}]},{"@type":"ImageObject","inLanguage":"es","@id":"https:\/\/edicionesalfar.es\/es\/producto\/no-olvidaras\/#primaryimage","url":"https:\/\/edicionesalfar.es\/es\/wp-content\/uploads\/2022\/05\/9788478989362_cubierta_no_olvidaras.jpg","contentUrl":"https:\/\/edicionesalfar.es\/es\/wp-content\/uploads\/2022\/05\/9788478989362_cubierta_no_olvidaras.jpg","width":728,"height":1096},{"@type":"BreadcrumbList","@id":"https:\/\/edicionesalfar.es\/es\/producto\/no-olvidaras\/#breadcrumb","itemListElement":[{"@type":"ListItem","position":1,"name":"Portada","item":"https:\/\/edicionesalfar.es\/es\/"},{"@type":"ListItem","position":2,"name":"Cat\u00e1logo","item":"https:\/\/edicionesalfar.es\/es\/catalogo\/"},{"@type":"ListItem","position":3,"name":"No olvidar\u00e1s"}]},{"@type":"WebSite","@id":"https:\/\/edicionesalfar.es\/es\/#website","url":"https:\/\/edicionesalfar.es\/es\/","name":"Ediciones Alfar","description":"","potentialAction":[{"@type":"SearchAction","target":{"@type":"EntryPoint","urlTemplate":"https:\/\/edicionesalfar.es\/es\/?s={search_term_string}"},"query-input":{"@type":"PropertyValueSpecification","valueRequired":true,"valueName":"search_term_string"}}],"inLanguage":"es"}]}},"_links":{"self":[{"href":"https:\/\/edicionesalfar.es\/es\/wp-json\/wp\/v2\/product\/19771","targetHints":{"allow":["GET"]}}],"collection":[{"href":"https:\/\/edicionesalfar.es\/es\/wp-json\/wp\/v2\/product"}],"about":[{"href":"https:\/\/edicionesalfar.es\/es\/wp-json\/wp\/v2\/types\/product"}],"replies":[{"embeddable":true,"href":"https:\/\/edicionesalfar.es\/es\/wp-json\/wp\/v2\/comments?post=19771"}],"wp:featuredmedia":[{"embeddable":true,"href":"https:\/\/edicionesalfar.es\/es\/wp-json\/wp\/v2\/media\/19774"}],"wp:attachment":[{"href":"https:\/\/edicionesalfar.es\/es\/wp-json\/wp\/v2\/media?parent=19771"}],"wp:term":[{"taxonomy":"product_brand","embeddable":true,"href":"https:\/\/edicionesalfar.es\/es\/wp-json\/wp\/v2\/product_brand?post=19771"},{"taxonomy":"product_cat","embeddable":true,"href":"https:\/\/edicionesalfar.es\/es\/wp-json\/wp\/v2\/product_cat?post=19771"},{"taxonomy":"product_tag","embeddable":true,"href":"https:\/\/edicionesalfar.es\/es\/wp-json\/wp\/v2\/product_tag?post=19771"}],"curies":[{"name":"wp","href":"https:\/\/api.w.org\/{rel}","templated":true}]}}