{"id":19200,"date":"2022-02-17T12:05:11","date_gmt":"2022-02-17T11:05:11","guid":{"rendered":"https:\/\/edicionesalfar.es\/es\/?post_type=product&#038;p=19200"},"modified":"2022-12-17T00:13:57","modified_gmt":"2022-12-16T23:13:57","slug":"borges-in-situ","status":"publish","type":"product","link":"https:\/\/edicionesalfar.es\/es\/producto\/borges-in-situ\/","title":{"rendered":"Borges in situ"},"content":{"rendered":"<p>A diferencia de otras obras, Mar\u00eda Kodama (mujer y viuda de Borges) reconoce y prologa este libro. Lanzamiento previsto el 1 de marzo en todas las librer\u00edas.<\/p>\n<p>El autor nos cuenta la aventura, en primera persona, de c\u00f3mo se las ingenian dos estudiantes argentinos (16 y 18 a\u00f1os) para viajar hasta Borges, en Buenos Aires. Se colaron en su casa y abordaron los m\u00e1s dis\u00edmiles temas a los largo de cinco visitas. \u00bfY de qu\u00e9 hablaron? De todo De grandes escritores, de poetas, de la ceguera, de sexo, de su gato&#8230; Mar\u00eda Kodama se divirti\u00f3 mucho al leer el manuscrito y se tom\u00f3 la molestia de coronarlo con un pr\u00f3logo.<\/p>\n<p><img decoding=\"async\" class=\"size-medium wp-image-19201 alignleft\" src=\"https:\/\/edicionesalfar.es\/es\/wp-content\/uploads\/2022\/02\/Autor-y-viuda-de-Borges-300x241.jpg\" alt=\"\" width=\"300\" height=\"241\" \/>Alejandro Pose Mayayo nos trae un Jorge Luis Borges distinto, con toda la sabidur\u00eda de un hombre de 80 a\u00f1os &#8211; que se divierte como un ni\u00f1o &#8211; charlando con dos alumnos de escuela secundaria. La historia, sencillamente, \u00a1genial!<\/p>\n<p>Alejandro Daniel Pose Mayayo naci\u00f3 en 1961. Inici\u00f3 su labor profesional en 1975 escribiendo relatos de terror y ficci\u00f3n cient\u00edfica para un programa de radio llamado \u00abUmbral Tiempo Futuro,\u00bb de su ciudad natal Mar del Plata, Argentina. Desde 1980 ha colaborado en distintos medios gr\u00e1ficos y audiovisuales para p\u00fablico adulto infantil, como el diario La Capital, Hum\u00ae (abreviatura de Humor Registrado), Makoki, Neo, Noticias, Trix, Rock And Pop, Artear, Fierro, Revista Clar\u00edn, AZ10, Hara Kiri, Zona 84, Magnum y Don Martin (Suecia), Anteojito, Sex Hum\u00ae y otros. Aunque prefiere mayormente los temas cient\u00edficos, tambi\u00e9n ha publicado notas, guiones y ensayos acerca de historia, cine, pol\u00edtica, humor y ciencia ficci\u00f3n. Es Profesor en Ciencias de la Educaci\u00f3n.<\/p>\n","protected":false},"excerpt":{"rendered":"<p>El autor nos cuenta la aventura, en primera persona, de c\u00f3mo se las ingenian dos estudiantes argentinos (16 y 18 a\u00f1os) para viajar hasta Borges, en Buenos Aires. Se colaron en su casa y abordaron los m\u00e1s dis\u00edmiles temas a los largo de cinco visitas.<\/p>\n","protected":false},"featured_media":19202,"comment_status":"closed","ping_status":"closed","template":"","meta":{"_acf_changed":false,"_et_pb_use_builder":"","_et_pb_old_content":"","_et_gb_content_width":""},"product_brand":[],"product_cat":[372,375,54],"product_tag":[],"class_list":{"0":"post-19200","1":"product","2":"type-product","3":"status-publish","4":"has-post-thumbnail","6":"product_cat-alfar","7":"product_cat-editoriales","8":"product_cat-actuales","10":"first","11":"instock","12":"sale","13":"taxable","14":"shipping-taxable","15":"purchasable","16":"product-type-simple"},"acf":[],"yoast_head":"<!-- This site is optimized with the Yoast SEO plugin v27.6 - https:\/\/yoast.com\/product\/yoast-seo-wordpress\/ -->\n<title>Borges in situ - Ediciones Alfar<\/title>\n<meta name=\"description\" content=\"El autor nos cuenta la aventura, en primera persona, de c\u00f3mo se las ingenian dos estudiantes argentinos (16 y 18 a\u00f1os) para viajar hasta Borges, en Mar de Plata. Se colaron en su casa y abordaron los m\u00e1s dis\u00edmiles temas a los largo de cinco visitas.\" \/>\n<meta name=\"robots\" content=\"index, follow, max-snippet:-1, max-image-preview:large, max-video-preview:-1\" \/>\n<link rel=\"canonical\" href=\"https:\/\/edicionesalfar.es\/es\/producto\/borges-in-situ\/\" \/>\n<meta property=\"og:locale\" content=\"es_ES\" \/>\n<meta property=\"og:type\" content=\"article\" \/>\n<meta property=\"og:title\" content=\"Borges in situ - Ediciones Alfar\" \/>\n<meta property=\"og:description\" content=\"El autor nos cuenta la aventura, en primera persona, de c\u00f3mo se las ingenian dos estudiantes argentinos (16 y 18 a\u00f1os) para viajar hasta Borges, en Mar de Plata. Se colaron en su casa y abordaron los m\u00e1s dis\u00edmiles temas a los largo de cinco visitas.\" \/>\n<meta property=\"og:url\" content=\"https:\/\/edicionesalfar.es\/es\/producto\/borges-in-situ\/\" \/>\n<meta property=\"og:site_name\" content=\"Ediciones Alfar\" \/>\n<meta property=\"article:modified_time\" content=\"2022-12-16T23:13:57+00:00\" \/>\n<meta property=\"og:image\" content=\"https:\/\/edicionesalfar.es\/es\/wp-content\/uploads\/2022\/02\/9788478989263_cubierta-1.jpg\" \/>\n\t<meta property=\"og:image:width\" content=\"588\" \/>\n\t<meta property=\"og:image:height\" content=\"829\" \/>\n\t<meta property=\"og:image:type\" content=\"image\/jpeg\" \/>\n<meta name=\"twitter:card\" content=\"summary_large_image\" \/>\n<meta name=\"twitter:label1\" content=\"Tiempo de lectura\" \/>\n\t<meta name=\"twitter:data1\" content=\"2 minutos\" \/>\n<script type=\"application\/ld+json\" class=\"yoast-schema-graph\">{\"@context\":\"https:\\\/\\\/schema.org\",\"@graph\":[{\"@type\":\"WebPage\",\"@id\":\"https:\\\/\\\/edicionesalfar.es\\\/es\\\/producto\\\/borges-in-situ\\\/\",\"url\":\"https:\\\/\\\/edicionesalfar.es\\\/es\\\/producto\\\/borges-in-situ\\\/\",\"name\":\"Borges in situ - Ediciones Alfar\",\"isPartOf\":{\"@id\":\"https:\\\/\\\/edicionesalfar.es\\\/es\\\/#website\"},\"primaryImageOfPage\":{\"@id\":\"https:\\\/\\\/edicionesalfar.es\\\/es\\\/producto\\\/borges-in-situ\\\/#primaryimage\"},\"image\":{\"@id\":\"https:\\\/\\\/edicionesalfar.es\\\/es\\\/producto\\\/borges-in-situ\\\/#primaryimage\"},\"thumbnailUrl\":\"https:\\\/\\\/edicionesalfar.es\\\/es\\\/wp-content\\\/uploads\\\/2022\\\/02\\\/9788478989263_cubierta-1.jpg\",\"datePublished\":\"2022-02-17T11:05:11+00:00\",\"dateModified\":\"2022-12-16T23:13:57+00:00\",\"description\":\"El autor nos cuenta la aventura, en primera persona, de c\u00f3mo se las ingenian dos estudiantes argentinos (16 y 18 a\u00f1os) para viajar hasta Borges, en Mar de Plata. Se colaron en su casa y abordaron los m\u00e1s dis\u00edmiles temas a los largo de cinco visitas.\",\"breadcrumb\":{\"@id\":\"https:\\\/\\\/edicionesalfar.es\\\/es\\\/producto\\\/borges-in-situ\\\/#breadcrumb\"},\"inLanguage\":\"es\",\"potentialAction\":[{\"@type\":\"ReadAction\",\"target\":[\"https:\\\/\\\/edicionesalfar.es\\\/es\\\/producto\\\/borges-in-situ\\\/\"]}]},{\"@type\":\"ImageObject\",\"inLanguage\":\"es\",\"@id\":\"https:\\\/\\\/edicionesalfar.es\\\/es\\\/producto\\\/borges-in-situ\\\/#primaryimage\",\"url\":\"https:\\\/\\\/edicionesalfar.es\\\/es\\\/wp-content\\\/uploads\\\/2022\\\/02\\\/9788478989263_cubierta-1.jpg\",\"contentUrl\":\"https:\\\/\\\/edicionesalfar.es\\\/es\\\/wp-content\\\/uploads\\\/2022\\\/02\\\/9788478989263_cubierta-1.jpg\",\"width\":588,\"height\":829},{\"@type\":\"BreadcrumbList\",\"@id\":\"https:\\\/\\\/edicionesalfar.es\\\/es\\\/producto\\\/borges-in-situ\\\/#breadcrumb\",\"itemListElement\":[{\"@type\":\"ListItem\",\"position\":1,\"name\":\"Portada\",\"item\":\"https:\\\/\\\/edicionesalfar.es\\\/es\\\/\"},{\"@type\":\"ListItem\",\"position\":2,\"name\":\"Cat\u00e1logo\",\"item\":\"https:\\\/\\\/edicionesalfar.es\\\/es\\\/catalogo\\\/\"},{\"@type\":\"ListItem\",\"position\":3,\"name\":\"Borges in situ\"}]},{\"@type\":\"WebSite\",\"@id\":\"https:\\\/\\\/edicionesalfar.es\\\/es\\\/#website\",\"url\":\"https:\\\/\\\/edicionesalfar.es\\\/es\\\/\",\"name\":\"Ediciones Alfar\",\"description\":\"\",\"potentialAction\":[{\"@type\":\"SearchAction\",\"target\":{\"@type\":\"EntryPoint\",\"urlTemplate\":\"https:\\\/\\\/edicionesalfar.es\\\/es\\\/?s={search_term_string}\"},\"query-input\":{\"@type\":\"PropertyValueSpecification\",\"valueRequired\":true,\"valueName\":\"search_term_string\"}}],\"inLanguage\":\"es\"}]}<\/script>\n<!-- \/ Yoast SEO plugin. -->","yoast_head_json":{"title":"Borges in situ - Ediciones Alfar","description":"El autor nos cuenta la aventura, en primera persona, de c\u00f3mo se las ingenian dos estudiantes argentinos (16 y 18 a\u00f1os) para viajar hasta Borges, en Mar de Plata. Se colaron en su casa y abordaron los m\u00e1s dis\u00edmiles temas a los largo de cinco visitas.","robots":{"index":"index","follow":"follow","max-snippet":"max-snippet:-1","max-image-preview":"max-image-preview:large","max-video-preview":"max-video-preview:-1"},"canonical":"https:\/\/edicionesalfar.es\/es\/producto\/borges-in-situ\/","og_locale":"es_ES","og_type":"article","og_title":"Borges in situ - Ediciones Alfar","og_description":"El autor nos cuenta la aventura, en primera persona, de c\u00f3mo se las ingenian dos estudiantes argentinos (16 y 18 a\u00f1os) para viajar hasta Borges, en Mar de Plata. Se colaron en su casa y abordaron los m\u00e1s dis\u00edmiles temas a los largo de cinco visitas.","og_url":"https:\/\/edicionesalfar.es\/es\/producto\/borges-in-situ\/","og_site_name":"Ediciones Alfar","article_modified_time":"2022-12-16T23:13:57+00:00","og_image":[{"width":588,"height":829,"url":"https:\/\/edicionesalfar.es\/es\/wp-content\/uploads\/2022\/02\/9788478989263_cubierta-1.jpg","type":"image\/jpeg"}],"twitter_card":"summary_large_image","twitter_misc":{"Tiempo de lectura":"2 minutos"},"schema":{"@context":"https:\/\/schema.org","@graph":[{"@type":"WebPage","@id":"https:\/\/edicionesalfar.es\/es\/producto\/borges-in-situ\/","url":"https:\/\/edicionesalfar.es\/es\/producto\/borges-in-situ\/","name":"Borges in situ - Ediciones Alfar","isPartOf":{"@id":"https:\/\/edicionesalfar.es\/es\/#website"},"primaryImageOfPage":{"@id":"https:\/\/edicionesalfar.es\/es\/producto\/borges-in-situ\/#primaryimage"},"image":{"@id":"https:\/\/edicionesalfar.es\/es\/producto\/borges-in-situ\/#primaryimage"},"thumbnailUrl":"https:\/\/edicionesalfar.es\/es\/wp-content\/uploads\/2022\/02\/9788478989263_cubierta-1.jpg","datePublished":"2022-02-17T11:05:11+00:00","dateModified":"2022-12-16T23:13:57+00:00","description":"El autor nos cuenta la aventura, en primera persona, de c\u00f3mo se las ingenian dos estudiantes argentinos (16 y 18 a\u00f1os) para viajar hasta Borges, en Mar de Plata. Se colaron en su casa y abordaron los m\u00e1s dis\u00edmiles temas a los largo de cinco visitas.","breadcrumb":{"@id":"https:\/\/edicionesalfar.es\/es\/producto\/borges-in-situ\/#breadcrumb"},"inLanguage":"es","potentialAction":[{"@type":"ReadAction","target":["https:\/\/edicionesalfar.es\/es\/producto\/borges-in-situ\/"]}]},{"@type":"ImageObject","inLanguage":"es","@id":"https:\/\/edicionesalfar.es\/es\/producto\/borges-in-situ\/#primaryimage","url":"https:\/\/edicionesalfar.es\/es\/wp-content\/uploads\/2022\/02\/9788478989263_cubierta-1.jpg","contentUrl":"https:\/\/edicionesalfar.es\/es\/wp-content\/uploads\/2022\/02\/9788478989263_cubierta-1.jpg","width":588,"height":829},{"@type":"BreadcrumbList","@id":"https:\/\/edicionesalfar.es\/es\/producto\/borges-in-situ\/#breadcrumb","itemListElement":[{"@type":"ListItem","position":1,"name":"Portada","item":"https:\/\/edicionesalfar.es\/es\/"},{"@type":"ListItem","position":2,"name":"Cat\u00e1logo","item":"https:\/\/edicionesalfar.es\/es\/catalogo\/"},{"@type":"ListItem","position":3,"name":"Borges in situ"}]},{"@type":"WebSite","@id":"https:\/\/edicionesalfar.es\/es\/#website","url":"https:\/\/edicionesalfar.es\/es\/","name":"Ediciones Alfar","description":"","potentialAction":[{"@type":"SearchAction","target":{"@type":"EntryPoint","urlTemplate":"https:\/\/edicionesalfar.es\/es\/?s={search_term_string}"},"query-input":{"@type":"PropertyValueSpecification","valueRequired":true,"valueName":"search_term_string"}}],"inLanguage":"es"}]}},"_links":{"self":[{"href":"https:\/\/edicionesalfar.es\/es\/wp-json\/wp\/v2\/product\/19200","targetHints":{"allow":["GET"]}}],"collection":[{"href":"https:\/\/edicionesalfar.es\/es\/wp-json\/wp\/v2\/product"}],"about":[{"href":"https:\/\/edicionesalfar.es\/es\/wp-json\/wp\/v2\/types\/product"}],"replies":[{"embeddable":true,"href":"https:\/\/edicionesalfar.es\/es\/wp-json\/wp\/v2\/comments?post=19200"}],"wp:featuredmedia":[{"embeddable":true,"href":"https:\/\/edicionesalfar.es\/es\/wp-json\/wp\/v2\/media\/19202"}],"wp:attachment":[{"href":"https:\/\/edicionesalfar.es\/es\/wp-json\/wp\/v2\/media?parent=19200"}],"wp:term":[{"taxonomy":"product_brand","embeddable":true,"href":"https:\/\/edicionesalfar.es\/es\/wp-json\/wp\/v2\/product_brand?post=19200"},{"taxonomy":"product_cat","embeddable":true,"href":"https:\/\/edicionesalfar.es\/es\/wp-json\/wp\/v2\/product_cat?post=19200"},{"taxonomy":"product_tag","embeddable":true,"href":"https:\/\/edicionesalfar.es\/es\/wp-json\/wp\/v2\/product_tag?post=19200"}],"curies":[{"name":"wp","href":"https:\/\/api.w.org\/{rel}","templated":true}]}}