{"id":18877,"date":"2020-01-11T10:03:36","date_gmt":"2020-01-11T09:03:36","guid":{"rendered":"https:\/\/edicionesalfar.es\/es\/?post_type=product&#038;p=18877"},"modified":"2022-01-11T10:09:47","modified_gmt":"2022-01-11T09:09:47","slug":"el-mago-fracasado-gran-amigo-del-rio-guadalquivir","status":"publish","type":"product","link":"https:\/\/edicionesalfar.es\/es\/producto\/el-mago-fracasado-gran-amigo-del-rio-guadalquivir\/","title":{"rendered":"El mago fracasado. Gran amigo del r\u00edo Guadalquivir"},"content":{"rendered":"<p><span style=\"color: #000000;\">Guadalquivir est\u00e1 enfermo. No sabe explicar con claridad qu\u00e9 le <\/span><span style=\"color: #000000;\">ocurre, aunque conoce la causa. Un, mago, una burra y un chivo <\/span><span style=\"color: #000000;\">aparecen de repente en su vida. El r\u00edo pone todas sus esperanzas <\/span><span style=\"color: #000000;\">en ellos. La educaci\u00f3n en valores se desarrolla en este cuento a <\/span><span style=\"color: #000000;\">partir del tema transversal: la educaci\u00f3n medioambiental <\/span><span style=\"color: #000000;\">(contaminaci\u00f3n <\/span><span style=\"color: #000000;\">del agua).<\/span><\/p>\n","protected":false},"excerpt":{"rendered":"<p><span style=\"color: #000000;\">Guadalquivir est\u00e1 enfermo. No sabe explicar con claridad qu\u00e9 le ocurre, aunque conoce la causa. Un, mago, una burra y un chivo aparecen de repente en su vida. El r\u00edo pone todas sus esperanzas en ellos. La educaci\u00f3n en valores se desarrolla en este cuento a partir del tema transversal: la educaci\u00f3n medioambiental (contaminaci\u00f3n del agua).<\/span><\/p>\n","protected":false},"featured_media":18879,"comment_status":"closed","ping_status":"closed","template":"","meta":{"_acf_changed":false,"_et_pb_use_builder":"","_et_pb_old_content":"","_et_gb_content_width":""},"product_brand":[],"product_cat":[365,360],"product_tag":[],"class_list":{"0":"post-18877","1":"product","2":"type-product","3":"status-publish","4":"has-post-thumbnail","6":"product_cat-biblioteca-infantil","7":"product_cat-cal","9":"first","10":"instock","11":"taxable","12":"shipping-taxable","13":"purchasable","14":"product-type-simple"},"acf":[],"yoast_head":"<!-- This site is optimized with the Yoast SEO plugin v27.5 - https:\/\/yoast.com\/product\/yoast-seo-wordpress\/ -->\n<title>El mago fracasado. Gran amigo del r\u00edo Guadalquivir - Ediciones Alfar<\/title>\n<meta name=\"robots\" content=\"index, follow, max-snippet:-1, max-image-preview:large, max-video-preview:-1\" \/>\n<link rel=\"canonical\" href=\"https:\/\/edicionesalfar.es\/es\/producto\/el-mago-fracasado-gran-amigo-del-rio-guadalquivir\/\" \/>\n<meta property=\"og:locale\" content=\"es_ES\" \/>\n<meta property=\"og:type\" content=\"article\" \/>\n<meta property=\"og:title\" content=\"El mago fracasado. Gran amigo del r\u00edo Guadalquivir - Ediciones Alfar\" \/>\n<meta property=\"og:description\" content=\"Guadalquivir est\u00e1 enfermo. No sabe explicar con claridad qu\u00e9 le ocurre, aunque conoce la causa. Un, mago, una burra y un chivo aparecen de repente en su vida. El r\u00edo pone todas sus esperanzas en ellos. La educaci\u00f3n en valores se desarrolla en este cuento a partir del tema transversal: la educaci\u00f3n medioambiental (contaminaci\u00f3n del agua).\" \/>\n<meta property=\"og:url\" content=\"https:\/\/edicionesalfar.es\/es\/producto\/el-mago-fracasado-gran-amigo-del-rio-guadalquivir\/\" \/>\n<meta property=\"og:site_name\" content=\"Ediciones Alfar\" \/>\n<meta property=\"article:modified_time\" content=\"2022-01-11T09:09:47+00:00\" \/>\n<meta property=\"og:image\" content=\"https:\/\/edicionesalfar.es\/es\/wp-content\/uploads\/2022\/01\/9788488067593-us.jpg\" \/>\n\t<meta property=\"og:image:width\" content=\"371\" \/>\n\t<meta property=\"og:image:height\" content=\"500\" \/>\n\t<meta property=\"og:image:type\" content=\"image\/jpeg\" \/>\n<meta name=\"twitter:card\" content=\"summary_large_image\" \/>\n<meta name=\"twitter:label1\" content=\"Tiempo de lectura\" \/>\n\t<meta name=\"twitter:data1\" content=\"1 minuto\" \/>\n<script type=\"application\/ld+json\" class=\"yoast-schema-graph\">{\"@context\":\"https:\\\/\\\/schema.org\",\"@graph\":[{\"@type\":\"WebPage\",\"@id\":\"https:\\\/\\\/edicionesalfar.es\\\/es\\\/producto\\\/el-mago-fracasado-gran-amigo-del-rio-guadalquivir\\\/\",\"url\":\"https:\\\/\\\/edicionesalfar.es\\\/es\\\/producto\\\/el-mago-fracasado-gran-amigo-del-rio-guadalquivir\\\/\",\"name\":\"El mago fracasado. Gran amigo del r\u00edo Guadalquivir - Ediciones Alfar\",\"isPartOf\":{\"@id\":\"https:\\\/\\\/edicionesalfar.es\\\/es\\\/#website\"},\"primaryImageOfPage\":{\"@id\":\"https:\\\/\\\/edicionesalfar.es\\\/es\\\/producto\\\/el-mago-fracasado-gran-amigo-del-rio-guadalquivir\\\/#primaryimage\"},\"image\":{\"@id\":\"https:\\\/\\\/edicionesalfar.es\\\/es\\\/producto\\\/el-mago-fracasado-gran-amigo-del-rio-guadalquivir\\\/#primaryimage\"},\"thumbnailUrl\":\"https:\\\/\\\/edicionesalfar.es\\\/es\\\/wp-content\\\/uploads\\\/2022\\\/01\\\/9788488067593-us.jpg\",\"datePublished\":\"2020-01-11T09:03:36+00:00\",\"dateModified\":\"2022-01-11T09:09:47+00:00\",\"breadcrumb\":{\"@id\":\"https:\\\/\\\/edicionesalfar.es\\\/es\\\/producto\\\/el-mago-fracasado-gran-amigo-del-rio-guadalquivir\\\/#breadcrumb\"},\"inLanguage\":\"es\",\"potentialAction\":[{\"@type\":\"ReadAction\",\"target\":[\"https:\\\/\\\/edicionesalfar.es\\\/es\\\/producto\\\/el-mago-fracasado-gran-amigo-del-rio-guadalquivir\\\/\"]}]},{\"@type\":\"ImageObject\",\"inLanguage\":\"es\",\"@id\":\"https:\\\/\\\/edicionesalfar.es\\\/es\\\/producto\\\/el-mago-fracasado-gran-amigo-del-rio-guadalquivir\\\/#primaryimage\",\"url\":\"https:\\\/\\\/edicionesalfar.es\\\/es\\\/wp-content\\\/uploads\\\/2022\\\/01\\\/9788488067593-us.jpg\",\"contentUrl\":\"https:\\\/\\\/edicionesalfar.es\\\/es\\\/wp-content\\\/uploads\\\/2022\\\/01\\\/9788488067593-us.jpg\",\"width\":371,\"height\":500},{\"@type\":\"BreadcrumbList\",\"@id\":\"https:\\\/\\\/edicionesalfar.es\\\/es\\\/producto\\\/el-mago-fracasado-gran-amigo-del-rio-guadalquivir\\\/#breadcrumb\",\"itemListElement\":[{\"@type\":\"ListItem\",\"position\":1,\"name\":\"Portada\",\"item\":\"https:\\\/\\\/edicionesalfar.es\\\/es\\\/\"},{\"@type\":\"ListItem\",\"position\":2,\"name\":\"Cat\u00e1logo\",\"item\":\"https:\\\/\\\/edicionesalfar.es\\\/es\\\/catalogo\\\/\"},{\"@type\":\"ListItem\",\"position\":3,\"name\":\"El mago fracasado. Gran amigo del r\u00edo Guadalquivir\"}]},{\"@type\":\"WebSite\",\"@id\":\"https:\\\/\\\/edicionesalfar.es\\\/es\\\/#website\",\"url\":\"https:\\\/\\\/edicionesalfar.es\\\/es\\\/\",\"name\":\"Ediciones Alfar\",\"description\":\"\",\"potentialAction\":[{\"@type\":\"SearchAction\",\"target\":{\"@type\":\"EntryPoint\",\"urlTemplate\":\"https:\\\/\\\/edicionesalfar.es\\\/es\\\/?s={search_term_string}\"},\"query-input\":{\"@type\":\"PropertyValueSpecification\",\"valueRequired\":true,\"valueName\":\"search_term_string\"}}],\"inLanguage\":\"es\"}]}<\/script>\n<!-- \/ Yoast SEO plugin. -->","yoast_head_json":{"title":"El mago fracasado. Gran amigo del r\u00edo Guadalquivir - Ediciones Alfar","robots":{"index":"index","follow":"follow","max-snippet":"max-snippet:-1","max-image-preview":"max-image-preview:large","max-video-preview":"max-video-preview:-1"},"canonical":"https:\/\/edicionesalfar.es\/es\/producto\/el-mago-fracasado-gran-amigo-del-rio-guadalquivir\/","og_locale":"es_ES","og_type":"article","og_title":"El mago fracasado. Gran amigo del r\u00edo Guadalquivir - Ediciones Alfar","og_description":"Guadalquivir est\u00e1 enfermo. No sabe explicar con claridad qu\u00e9 le ocurre, aunque conoce la causa. Un, mago, una burra y un chivo aparecen de repente en su vida. El r\u00edo pone todas sus esperanzas en ellos. La educaci\u00f3n en valores se desarrolla en este cuento a partir del tema transversal: la educaci\u00f3n medioambiental (contaminaci\u00f3n del agua).","og_url":"https:\/\/edicionesalfar.es\/es\/producto\/el-mago-fracasado-gran-amigo-del-rio-guadalquivir\/","og_site_name":"Ediciones Alfar","article_modified_time":"2022-01-11T09:09:47+00:00","og_image":[{"width":371,"height":500,"url":"https:\/\/edicionesalfar.es\/es\/wp-content\/uploads\/2022\/01\/9788488067593-us.jpg","type":"image\/jpeg"}],"twitter_card":"summary_large_image","twitter_misc":{"Tiempo de lectura":"1 minuto"},"schema":{"@context":"https:\/\/schema.org","@graph":[{"@type":"WebPage","@id":"https:\/\/edicionesalfar.es\/es\/producto\/el-mago-fracasado-gran-amigo-del-rio-guadalquivir\/","url":"https:\/\/edicionesalfar.es\/es\/producto\/el-mago-fracasado-gran-amigo-del-rio-guadalquivir\/","name":"El mago fracasado. Gran amigo del r\u00edo Guadalquivir - Ediciones Alfar","isPartOf":{"@id":"https:\/\/edicionesalfar.es\/es\/#website"},"primaryImageOfPage":{"@id":"https:\/\/edicionesalfar.es\/es\/producto\/el-mago-fracasado-gran-amigo-del-rio-guadalquivir\/#primaryimage"},"image":{"@id":"https:\/\/edicionesalfar.es\/es\/producto\/el-mago-fracasado-gran-amigo-del-rio-guadalquivir\/#primaryimage"},"thumbnailUrl":"https:\/\/edicionesalfar.es\/es\/wp-content\/uploads\/2022\/01\/9788488067593-us.jpg","datePublished":"2020-01-11T09:03:36+00:00","dateModified":"2022-01-11T09:09:47+00:00","breadcrumb":{"@id":"https:\/\/edicionesalfar.es\/es\/producto\/el-mago-fracasado-gran-amigo-del-rio-guadalquivir\/#breadcrumb"},"inLanguage":"es","potentialAction":[{"@type":"ReadAction","target":["https:\/\/edicionesalfar.es\/es\/producto\/el-mago-fracasado-gran-amigo-del-rio-guadalquivir\/"]}]},{"@type":"ImageObject","inLanguage":"es","@id":"https:\/\/edicionesalfar.es\/es\/producto\/el-mago-fracasado-gran-amigo-del-rio-guadalquivir\/#primaryimage","url":"https:\/\/edicionesalfar.es\/es\/wp-content\/uploads\/2022\/01\/9788488067593-us.jpg","contentUrl":"https:\/\/edicionesalfar.es\/es\/wp-content\/uploads\/2022\/01\/9788488067593-us.jpg","width":371,"height":500},{"@type":"BreadcrumbList","@id":"https:\/\/edicionesalfar.es\/es\/producto\/el-mago-fracasado-gran-amigo-del-rio-guadalquivir\/#breadcrumb","itemListElement":[{"@type":"ListItem","position":1,"name":"Portada","item":"https:\/\/edicionesalfar.es\/es\/"},{"@type":"ListItem","position":2,"name":"Cat\u00e1logo","item":"https:\/\/edicionesalfar.es\/es\/catalogo\/"},{"@type":"ListItem","position":3,"name":"El mago fracasado. Gran amigo del r\u00edo Guadalquivir"}]},{"@type":"WebSite","@id":"https:\/\/edicionesalfar.es\/es\/#website","url":"https:\/\/edicionesalfar.es\/es\/","name":"Ediciones Alfar","description":"","potentialAction":[{"@type":"SearchAction","target":{"@type":"EntryPoint","urlTemplate":"https:\/\/edicionesalfar.es\/es\/?s={search_term_string}"},"query-input":{"@type":"PropertyValueSpecification","valueRequired":true,"valueName":"search_term_string"}}],"inLanguage":"es"}]}},"_links":{"self":[{"href":"https:\/\/edicionesalfar.es\/es\/wp-json\/wp\/v2\/product\/18877","targetHints":{"allow":["GET"]}}],"collection":[{"href":"https:\/\/edicionesalfar.es\/es\/wp-json\/wp\/v2\/product"}],"about":[{"href":"https:\/\/edicionesalfar.es\/es\/wp-json\/wp\/v2\/types\/product"}],"replies":[{"embeddable":true,"href":"https:\/\/edicionesalfar.es\/es\/wp-json\/wp\/v2\/comments?post=18877"}],"wp:featuredmedia":[{"embeddable":true,"href":"https:\/\/edicionesalfar.es\/es\/wp-json\/wp\/v2\/media\/18879"}],"wp:attachment":[{"href":"https:\/\/edicionesalfar.es\/es\/wp-json\/wp\/v2\/media?parent=18877"}],"wp:term":[{"taxonomy":"product_brand","embeddable":true,"href":"https:\/\/edicionesalfar.es\/es\/wp-json\/wp\/v2\/product_brand?post=18877"},{"taxonomy":"product_cat","embeddable":true,"href":"https:\/\/edicionesalfar.es\/es\/wp-json\/wp\/v2\/product_cat?post=18877"},{"taxonomy":"product_tag","embeddable":true,"href":"https:\/\/edicionesalfar.es\/es\/wp-json\/wp\/v2\/product_tag?post=18877"}],"curies":[{"name":"wp","href":"https:\/\/api.w.org\/{rel}","templated":true}]}}