{"id":18875,"date":"2020-01-11T10:03:32","date_gmt":"2020-01-11T09:03:32","guid":{"rendered":"https:\/\/edicionesalfar.es\/es\/?post_type=product&#038;p=18875"},"modified":"2022-01-11T10:07:45","modified_gmt":"2022-01-11T09:07:45","slug":"cuentos-para-flipar-leyendo","status":"publish","type":"product","link":"https:\/\/edicionesalfar.es\/es\/producto\/cuentos-para-flipar-leyendo\/","title":{"rendered":"Cuentos para flipar leyendo"},"content":{"rendered":"<p><span style=\"color: #000000;\">Cuentos para ser le\u00eddos en un <\/span><span style=\"color: #000000;\">santiam\u00e9n o algo m\u00e1s de tiempo porque tienen m\u00e1s magro que <\/span><span style=\"color: #000000;\">grasa, mucho colorido y salpicaduras de amistad mezcladas con <\/span><span style=\"color: #000000;\">guasa.<\/span><\/p>\n","protected":false},"excerpt":{"rendered":"<p><span style=\"color: #000000;\">Cuentos para ser le\u00eddos en un santiam\u00e9n o algo m\u00e1s de tiempo porque tienen m\u00e1s magro que grasa, mucho colorido y salpicaduras de amistad mezcladas con guasa.<\/span><\/p>\n","protected":false},"featured_media":18878,"comment_status":"closed","ping_status":"closed","template":"","meta":{"_acf_changed":false,"_et_pb_use_builder":"","_et_pb_old_content":"","_et_gb_content_width":""},"product_brand":[],"product_cat":[365,360],"product_tag":[],"class_list":{"0":"post-18875","1":"product","2":"type-product","3":"status-publish","4":"has-post-thumbnail","6":"product_cat-biblioteca-infantil","7":"product_cat-cal","9":"first","10":"instock","11":"taxable","12":"shipping-taxable","13":"purchasable","14":"product-type-simple"},"acf":[],"yoast_head":"<!-- This site is optimized with the Yoast SEO plugin v27.4 - https:\/\/yoast.com\/product\/yoast-seo-wordpress\/ -->\n<title>Cuentos para flipar leyendo - Ediciones Alfar<\/title>\n<meta name=\"robots\" content=\"index, follow, max-snippet:-1, max-image-preview:large, max-video-preview:-1\" \/>\n<link rel=\"canonical\" href=\"https:\/\/edicionesalfar.es\/es\/producto\/cuentos-para-flipar-leyendo\/\" \/>\n<meta property=\"og:locale\" content=\"es_ES\" \/>\n<meta property=\"og:type\" content=\"article\" \/>\n<meta property=\"og:title\" content=\"Cuentos para flipar leyendo - Ediciones Alfar\" \/>\n<meta property=\"og:description\" content=\"Cuentos para ser le\u00eddos en un santiam\u00e9n o algo m\u00e1s de tiempo porque tienen m\u00e1s magro que grasa, mucho colorido y salpicaduras de amistad mezcladas con guasa.\" \/>\n<meta property=\"og:url\" content=\"https:\/\/edicionesalfar.es\/es\/producto\/cuentos-para-flipar-leyendo\/\" \/>\n<meta property=\"og:site_name\" content=\"Ediciones Alfar\" \/>\n<meta property=\"article:modified_time\" content=\"2022-01-11T09:07:45+00:00\" \/>\n<meta property=\"og:image\" content=\"https:\/\/edicionesalfar.es\/es\/wp-content\/uploads\/2022\/01\/518iLCT6KOL._SX342_BO1204203200_.jpg\" \/>\n\t<meta property=\"og:image:width\" content=\"344\" \/>\n\t<meta property=\"og:image:height\" content=\"499\" \/>\n\t<meta property=\"og:image:type\" content=\"image\/jpeg\" \/>\n<meta name=\"twitter:card\" content=\"summary_large_image\" \/>\n<meta name=\"twitter:label1\" content=\"Tiempo de lectura\" \/>\n\t<meta name=\"twitter:data1\" content=\"1 minuto\" \/>\n<script type=\"application\/ld+json\" class=\"yoast-schema-graph\">{\"@context\":\"https:\\\/\\\/schema.org\",\"@graph\":[{\"@type\":\"WebPage\",\"@id\":\"https:\\\/\\\/edicionesalfar.es\\\/es\\\/producto\\\/cuentos-para-flipar-leyendo\\\/\",\"url\":\"https:\\\/\\\/edicionesalfar.es\\\/es\\\/producto\\\/cuentos-para-flipar-leyendo\\\/\",\"name\":\"Cuentos para flipar leyendo - Ediciones Alfar\",\"isPartOf\":{\"@id\":\"https:\\\/\\\/edicionesalfar.es\\\/es\\\/#website\"},\"primaryImageOfPage\":{\"@id\":\"https:\\\/\\\/edicionesalfar.es\\\/es\\\/producto\\\/cuentos-para-flipar-leyendo\\\/#primaryimage\"},\"image\":{\"@id\":\"https:\\\/\\\/edicionesalfar.es\\\/es\\\/producto\\\/cuentos-para-flipar-leyendo\\\/#primaryimage\"},\"thumbnailUrl\":\"https:\\\/\\\/edicionesalfar.es\\\/es\\\/wp-content\\\/uploads\\\/2022\\\/01\\\/518iLCT6KOL._SX342_BO1204203200_.jpg\",\"datePublished\":\"2020-01-11T09:03:32+00:00\",\"dateModified\":\"2022-01-11T09:07:45+00:00\",\"breadcrumb\":{\"@id\":\"https:\\\/\\\/edicionesalfar.es\\\/es\\\/producto\\\/cuentos-para-flipar-leyendo\\\/#breadcrumb\"},\"inLanguage\":\"es\",\"potentialAction\":[{\"@type\":\"ReadAction\",\"target\":[\"https:\\\/\\\/edicionesalfar.es\\\/es\\\/producto\\\/cuentos-para-flipar-leyendo\\\/\"]}]},{\"@type\":\"ImageObject\",\"inLanguage\":\"es\",\"@id\":\"https:\\\/\\\/edicionesalfar.es\\\/es\\\/producto\\\/cuentos-para-flipar-leyendo\\\/#primaryimage\",\"url\":\"https:\\\/\\\/edicionesalfar.es\\\/es\\\/wp-content\\\/uploads\\\/2022\\\/01\\\/518iLCT6KOL._SX342_BO1204203200_.jpg\",\"contentUrl\":\"https:\\\/\\\/edicionesalfar.es\\\/es\\\/wp-content\\\/uploads\\\/2022\\\/01\\\/518iLCT6KOL._SX342_BO1204203200_.jpg\",\"width\":344,\"height\":499},{\"@type\":\"BreadcrumbList\",\"@id\":\"https:\\\/\\\/edicionesalfar.es\\\/es\\\/producto\\\/cuentos-para-flipar-leyendo\\\/#breadcrumb\",\"itemListElement\":[{\"@type\":\"ListItem\",\"position\":1,\"name\":\"Portada\",\"item\":\"https:\\\/\\\/edicionesalfar.es\\\/es\\\/\"},{\"@type\":\"ListItem\",\"position\":2,\"name\":\"Cat\u00e1logo\",\"item\":\"https:\\\/\\\/edicionesalfar.es\\\/es\\\/catalogo\\\/\"},{\"@type\":\"ListItem\",\"position\":3,\"name\":\"Cuentos para flipar leyendo\"}]},{\"@type\":\"WebSite\",\"@id\":\"https:\\\/\\\/edicionesalfar.es\\\/es\\\/#website\",\"url\":\"https:\\\/\\\/edicionesalfar.es\\\/es\\\/\",\"name\":\"Ediciones Alfar\",\"description\":\"\",\"potentialAction\":[{\"@type\":\"SearchAction\",\"target\":{\"@type\":\"EntryPoint\",\"urlTemplate\":\"https:\\\/\\\/edicionesalfar.es\\\/es\\\/?s={search_term_string}\"},\"query-input\":{\"@type\":\"PropertyValueSpecification\",\"valueRequired\":true,\"valueName\":\"search_term_string\"}}],\"inLanguage\":\"es\"}]}<\/script>\n<!-- \/ Yoast SEO plugin. -->","yoast_head_json":{"title":"Cuentos para flipar leyendo - Ediciones Alfar","robots":{"index":"index","follow":"follow","max-snippet":"max-snippet:-1","max-image-preview":"max-image-preview:large","max-video-preview":"max-video-preview:-1"},"canonical":"https:\/\/edicionesalfar.es\/es\/producto\/cuentos-para-flipar-leyendo\/","og_locale":"es_ES","og_type":"article","og_title":"Cuentos para flipar leyendo - Ediciones Alfar","og_description":"Cuentos para ser le\u00eddos en un santiam\u00e9n o algo m\u00e1s de tiempo porque tienen m\u00e1s magro que grasa, mucho colorido y salpicaduras de amistad mezcladas con guasa.","og_url":"https:\/\/edicionesalfar.es\/es\/producto\/cuentos-para-flipar-leyendo\/","og_site_name":"Ediciones Alfar","article_modified_time":"2022-01-11T09:07:45+00:00","og_image":[{"width":344,"height":499,"url":"https:\/\/edicionesalfar.es\/es\/wp-content\/uploads\/2022\/01\/518iLCT6KOL._SX342_BO1204203200_.jpg","type":"image\/jpeg"}],"twitter_card":"summary_large_image","twitter_misc":{"Tiempo de lectura":"1 minuto"},"schema":{"@context":"https:\/\/schema.org","@graph":[{"@type":"WebPage","@id":"https:\/\/edicionesalfar.es\/es\/producto\/cuentos-para-flipar-leyendo\/","url":"https:\/\/edicionesalfar.es\/es\/producto\/cuentos-para-flipar-leyendo\/","name":"Cuentos para flipar leyendo - Ediciones Alfar","isPartOf":{"@id":"https:\/\/edicionesalfar.es\/es\/#website"},"primaryImageOfPage":{"@id":"https:\/\/edicionesalfar.es\/es\/producto\/cuentos-para-flipar-leyendo\/#primaryimage"},"image":{"@id":"https:\/\/edicionesalfar.es\/es\/producto\/cuentos-para-flipar-leyendo\/#primaryimage"},"thumbnailUrl":"https:\/\/edicionesalfar.es\/es\/wp-content\/uploads\/2022\/01\/518iLCT6KOL._SX342_BO1204203200_.jpg","datePublished":"2020-01-11T09:03:32+00:00","dateModified":"2022-01-11T09:07:45+00:00","breadcrumb":{"@id":"https:\/\/edicionesalfar.es\/es\/producto\/cuentos-para-flipar-leyendo\/#breadcrumb"},"inLanguage":"es","potentialAction":[{"@type":"ReadAction","target":["https:\/\/edicionesalfar.es\/es\/producto\/cuentos-para-flipar-leyendo\/"]}]},{"@type":"ImageObject","inLanguage":"es","@id":"https:\/\/edicionesalfar.es\/es\/producto\/cuentos-para-flipar-leyendo\/#primaryimage","url":"https:\/\/edicionesalfar.es\/es\/wp-content\/uploads\/2022\/01\/518iLCT6KOL._SX342_BO1204203200_.jpg","contentUrl":"https:\/\/edicionesalfar.es\/es\/wp-content\/uploads\/2022\/01\/518iLCT6KOL._SX342_BO1204203200_.jpg","width":344,"height":499},{"@type":"BreadcrumbList","@id":"https:\/\/edicionesalfar.es\/es\/producto\/cuentos-para-flipar-leyendo\/#breadcrumb","itemListElement":[{"@type":"ListItem","position":1,"name":"Portada","item":"https:\/\/edicionesalfar.es\/es\/"},{"@type":"ListItem","position":2,"name":"Cat\u00e1logo","item":"https:\/\/edicionesalfar.es\/es\/catalogo\/"},{"@type":"ListItem","position":3,"name":"Cuentos para flipar leyendo"}]},{"@type":"WebSite","@id":"https:\/\/edicionesalfar.es\/es\/#website","url":"https:\/\/edicionesalfar.es\/es\/","name":"Ediciones Alfar","description":"","potentialAction":[{"@type":"SearchAction","target":{"@type":"EntryPoint","urlTemplate":"https:\/\/edicionesalfar.es\/es\/?s={search_term_string}"},"query-input":{"@type":"PropertyValueSpecification","valueRequired":true,"valueName":"search_term_string"}}],"inLanguage":"es"}]}},"_links":{"self":[{"href":"https:\/\/edicionesalfar.es\/es\/wp-json\/wp\/v2\/product\/18875","targetHints":{"allow":["GET"]}}],"collection":[{"href":"https:\/\/edicionesalfar.es\/es\/wp-json\/wp\/v2\/product"}],"about":[{"href":"https:\/\/edicionesalfar.es\/es\/wp-json\/wp\/v2\/types\/product"}],"replies":[{"embeddable":true,"href":"https:\/\/edicionesalfar.es\/es\/wp-json\/wp\/v2\/comments?post=18875"}],"wp:featuredmedia":[{"embeddable":true,"href":"https:\/\/edicionesalfar.es\/es\/wp-json\/wp\/v2\/media\/18878"}],"wp:attachment":[{"href":"https:\/\/edicionesalfar.es\/es\/wp-json\/wp\/v2\/media?parent=18875"}],"wp:term":[{"taxonomy":"product_brand","embeddable":true,"href":"https:\/\/edicionesalfar.es\/es\/wp-json\/wp\/v2\/product_brand?post=18875"},{"taxonomy":"product_cat","embeddable":true,"href":"https:\/\/edicionesalfar.es\/es\/wp-json\/wp\/v2\/product_cat?post=18875"},{"taxonomy":"product_tag","embeddable":true,"href":"https:\/\/edicionesalfar.es\/es\/wp-json\/wp\/v2\/product_tag?post=18875"}],"curies":[{"name":"wp","href":"https:\/\/api.w.org\/{rel}","templated":true}]}}