{"id":18703,"date":"2018-12-28T10:50:30","date_gmt":"2018-12-28T09:50:30","guid":{"rendered":"https:\/\/edicionesalfar.es\/es\/?post_type=product&#038;p=18703"},"modified":"2022-09-28T10:16:24","modified_gmt":"2022-09-28T08:16:24","slug":"prensa-y-partidos-politicos-durante-la-ii-republica","status":"publish","type":"product","link":"https:\/\/edicionesalfar.es\/es\/producto\/prensa-y-partidos-politicos-durante-la-ii-republica\/","title":{"rendered":"Prensa y partidos pol\u00edticos durante la II Rep\u00fablica"},"content":{"rendered":"<p><span style=\"color: #000000;\">Minucioso recorrido por una etapa intensa de la <\/span><span style=\"color: #000000;\">vida espa\u00f1ola, la II Rep\u00fablica, en la que la prensa impulsada <\/span><span style=\"color: #000000;\">por los partidos pol\u00edticos adquieren un sorprendente protagonismo.<\/span><\/p>\n","protected":false},"excerpt":{"rendered":"<p><span style=\"color: #000000;\">Minucioso recorrido por una etapa intensa de la vida espa\u00f1ola, la II Rep\u00fablica, en la que la prensa impulsada por los partidos pol\u00edticos adquieren un sorprendente protagonismo.<\/span><\/p>\n","protected":false},"featured_media":18704,"comment_status":"closed","ping_status":"closed","template":"","meta":{"_acf_changed":false,"_et_pb_use_builder":"","_et_pb_old_content":"","_et_gb_content_width":""},"product_brand":[],"product_cat":[363,376,360,508],"product_tag":[],"class_list":{"0":"post-18703","1":"product","2":"type-product","3":"status-publish","4":"has-post-thumbnail","6":"product_cat-andalucia-documentos","7":"product_cat-autores","8":"product_cat-cal","9":"product_cat-checa-godoy-antonio","11":"first","12":"instock","13":"taxable","14":"shipping-taxable","15":"purchasable","16":"product-type-simple"},"acf":[],"yoast_head":"<!-- This site is optimized with the Yoast SEO plugin v27.5 - https:\/\/yoast.com\/product\/yoast-seo-wordpress\/ -->\n<title>Prensa y partidos pol\u00edticos durante la II Rep\u00fablica - Ediciones Alfar<\/title>\n<meta name=\"robots\" content=\"index, follow, max-snippet:-1, max-image-preview:large, max-video-preview:-1\" \/>\n<link rel=\"canonical\" href=\"https:\/\/edicionesalfar.es\/es\/producto\/prensa-y-partidos-politicos-durante-la-ii-republica\/\" \/>\n<meta property=\"og:locale\" content=\"es_ES\" \/>\n<meta property=\"og:type\" content=\"article\" \/>\n<meta property=\"og:title\" content=\"Prensa y partidos pol\u00edticos durante la II Rep\u00fablica - Ediciones Alfar\" \/>\n<meta property=\"og:description\" content=\"Minucioso recorrido por una etapa intensa de la vida espa\u00f1ola, la II Rep\u00fablica, en la que la prensa impulsada por los partidos pol\u00edticos adquieren un sorprendente protagonismo.\" \/>\n<meta property=\"og:url\" content=\"https:\/\/edicionesalfar.es\/es\/producto\/prensa-y-partidos-politicos-durante-la-ii-republica\/\" \/>\n<meta property=\"og:site_name\" content=\"Ediciones Alfar\" \/>\n<meta property=\"article:modified_time\" content=\"2022-09-28T08:16:24+00:00\" \/>\n<meta property=\"og:image\" content=\"https:\/\/edicionesalfar.es\/es\/wp-content\/uploads\/2021\/12\/prensaypartidos-scaled.jpg\" \/>\n\t<meta property=\"og:image:width\" content=\"1712\" \/>\n\t<meta property=\"og:image:height\" content=\"2560\" \/>\n\t<meta property=\"og:image:type\" content=\"image\/jpeg\" \/>\n<meta name=\"twitter:card\" content=\"summary_large_image\" \/>\n<meta name=\"twitter:label1\" content=\"Tiempo de lectura\" \/>\n\t<meta name=\"twitter:data1\" content=\"1 minuto\" \/>\n<script type=\"application\/ld+json\" class=\"yoast-schema-graph\">{\"@context\":\"https:\\\/\\\/schema.org\",\"@graph\":[{\"@type\":\"WebPage\",\"@id\":\"https:\\\/\\\/edicionesalfar.es\\\/es\\\/producto\\\/prensa-y-partidos-politicos-durante-la-ii-republica\\\/\",\"url\":\"https:\\\/\\\/edicionesalfar.es\\\/es\\\/producto\\\/prensa-y-partidos-politicos-durante-la-ii-republica\\\/\",\"name\":\"Prensa y partidos pol\u00edticos durante la II Rep\u00fablica - Ediciones Alfar\",\"isPartOf\":{\"@id\":\"https:\\\/\\\/edicionesalfar.es\\\/es\\\/#website\"},\"primaryImageOfPage\":{\"@id\":\"https:\\\/\\\/edicionesalfar.es\\\/es\\\/producto\\\/prensa-y-partidos-politicos-durante-la-ii-republica\\\/#primaryimage\"},\"image\":{\"@id\":\"https:\\\/\\\/edicionesalfar.es\\\/es\\\/producto\\\/prensa-y-partidos-politicos-durante-la-ii-republica\\\/#primaryimage\"},\"thumbnailUrl\":\"https:\\\/\\\/edicionesalfar.es\\\/es\\\/wp-content\\\/uploads\\\/2021\\\/12\\\/prensaypartidos-scaled.jpg\",\"datePublished\":\"2018-12-28T09:50:30+00:00\",\"dateModified\":\"2022-09-28T08:16:24+00:00\",\"breadcrumb\":{\"@id\":\"https:\\\/\\\/edicionesalfar.es\\\/es\\\/producto\\\/prensa-y-partidos-politicos-durante-la-ii-republica\\\/#breadcrumb\"},\"inLanguage\":\"es\",\"potentialAction\":[{\"@type\":\"ReadAction\",\"target\":[\"https:\\\/\\\/edicionesalfar.es\\\/es\\\/producto\\\/prensa-y-partidos-politicos-durante-la-ii-republica\\\/\"]}]},{\"@type\":\"ImageObject\",\"inLanguage\":\"es\",\"@id\":\"https:\\\/\\\/edicionesalfar.es\\\/es\\\/producto\\\/prensa-y-partidos-politicos-durante-la-ii-republica\\\/#primaryimage\",\"url\":\"https:\\\/\\\/edicionesalfar.es\\\/es\\\/wp-content\\\/uploads\\\/2021\\\/12\\\/prensaypartidos-scaled.jpg\",\"contentUrl\":\"https:\\\/\\\/edicionesalfar.es\\\/es\\\/wp-content\\\/uploads\\\/2021\\\/12\\\/prensaypartidos-scaled.jpg\",\"width\":1712,\"height\":2560},{\"@type\":\"BreadcrumbList\",\"@id\":\"https:\\\/\\\/edicionesalfar.es\\\/es\\\/producto\\\/prensa-y-partidos-politicos-durante-la-ii-republica\\\/#breadcrumb\",\"itemListElement\":[{\"@type\":\"ListItem\",\"position\":1,\"name\":\"Portada\",\"item\":\"https:\\\/\\\/edicionesalfar.es\\\/es\\\/\"},{\"@type\":\"ListItem\",\"position\":2,\"name\":\"Cat\u00e1logo\",\"item\":\"https:\\\/\\\/edicionesalfar.es\\\/es\\\/catalogo\\\/\"},{\"@type\":\"ListItem\",\"position\":3,\"name\":\"Prensa y partidos pol\u00edticos durante la II Rep\u00fablica\"}]},{\"@type\":\"WebSite\",\"@id\":\"https:\\\/\\\/edicionesalfar.es\\\/es\\\/#website\",\"url\":\"https:\\\/\\\/edicionesalfar.es\\\/es\\\/\",\"name\":\"Ediciones Alfar\",\"description\":\"\",\"potentialAction\":[{\"@type\":\"SearchAction\",\"target\":{\"@type\":\"EntryPoint\",\"urlTemplate\":\"https:\\\/\\\/edicionesalfar.es\\\/es\\\/?s={search_term_string}\"},\"query-input\":{\"@type\":\"PropertyValueSpecification\",\"valueRequired\":true,\"valueName\":\"search_term_string\"}}],\"inLanguage\":\"es\"}]}<\/script>\n<!-- \/ Yoast SEO plugin. -->","yoast_head_json":{"title":"Prensa y partidos pol\u00edticos durante la II Rep\u00fablica - Ediciones Alfar","robots":{"index":"index","follow":"follow","max-snippet":"max-snippet:-1","max-image-preview":"max-image-preview:large","max-video-preview":"max-video-preview:-1"},"canonical":"https:\/\/edicionesalfar.es\/es\/producto\/prensa-y-partidos-politicos-durante-la-ii-republica\/","og_locale":"es_ES","og_type":"article","og_title":"Prensa y partidos pol\u00edticos durante la II Rep\u00fablica - Ediciones Alfar","og_description":"Minucioso recorrido por una etapa intensa de la vida espa\u00f1ola, la II Rep\u00fablica, en la que la prensa impulsada por los partidos pol\u00edticos adquieren un sorprendente protagonismo.","og_url":"https:\/\/edicionesalfar.es\/es\/producto\/prensa-y-partidos-politicos-durante-la-ii-republica\/","og_site_name":"Ediciones Alfar","article_modified_time":"2022-09-28T08:16:24+00:00","og_image":[{"width":1712,"height":2560,"url":"https:\/\/edicionesalfar.es\/es\/wp-content\/uploads\/2021\/12\/prensaypartidos-scaled.jpg","type":"image\/jpeg"}],"twitter_card":"summary_large_image","twitter_misc":{"Tiempo de lectura":"1 minuto"},"schema":{"@context":"https:\/\/schema.org","@graph":[{"@type":"WebPage","@id":"https:\/\/edicionesalfar.es\/es\/producto\/prensa-y-partidos-politicos-durante-la-ii-republica\/","url":"https:\/\/edicionesalfar.es\/es\/producto\/prensa-y-partidos-politicos-durante-la-ii-republica\/","name":"Prensa y partidos pol\u00edticos durante la II Rep\u00fablica - Ediciones Alfar","isPartOf":{"@id":"https:\/\/edicionesalfar.es\/es\/#website"},"primaryImageOfPage":{"@id":"https:\/\/edicionesalfar.es\/es\/producto\/prensa-y-partidos-politicos-durante-la-ii-republica\/#primaryimage"},"image":{"@id":"https:\/\/edicionesalfar.es\/es\/producto\/prensa-y-partidos-politicos-durante-la-ii-republica\/#primaryimage"},"thumbnailUrl":"https:\/\/edicionesalfar.es\/es\/wp-content\/uploads\/2021\/12\/prensaypartidos-scaled.jpg","datePublished":"2018-12-28T09:50:30+00:00","dateModified":"2022-09-28T08:16:24+00:00","breadcrumb":{"@id":"https:\/\/edicionesalfar.es\/es\/producto\/prensa-y-partidos-politicos-durante-la-ii-republica\/#breadcrumb"},"inLanguage":"es","potentialAction":[{"@type":"ReadAction","target":["https:\/\/edicionesalfar.es\/es\/producto\/prensa-y-partidos-politicos-durante-la-ii-republica\/"]}]},{"@type":"ImageObject","inLanguage":"es","@id":"https:\/\/edicionesalfar.es\/es\/producto\/prensa-y-partidos-politicos-durante-la-ii-republica\/#primaryimage","url":"https:\/\/edicionesalfar.es\/es\/wp-content\/uploads\/2021\/12\/prensaypartidos-scaled.jpg","contentUrl":"https:\/\/edicionesalfar.es\/es\/wp-content\/uploads\/2021\/12\/prensaypartidos-scaled.jpg","width":1712,"height":2560},{"@type":"BreadcrumbList","@id":"https:\/\/edicionesalfar.es\/es\/producto\/prensa-y-partidos-politicos-durante-la-ii-republica\/#breadcrumb","itemListElement":[{"@type":"ListItem","position":1,"name":"Portada","item":"https:\/\/edicionesalfar.es\/es\/"},{"@type":"ListItem","position":2,"name":"Cat\u00e1logo","item":"https:\/\/edicionesalfar.es\/es\/catalogo\/"},{"@type":"ListItem","position":3,"name":"Prensa y partidos pol\u00edticos durante la II Rep\u00fablica"}]},{"@type":"WebSite","@id":"https:\/\/edicionesalfar.es\/es\/#website","url":"https:\/\/edicionesalfar.es\/es\/","name":"Ediciones Alfar","description":"","potentialAction":[{"@type":"SearchAction","target":{"@type":"EntryPoint","urlTemplate":"https:\/\/edicionesalfar.es\/es\/?s={search_term_string}"},"query-input":{"@type":"PropertyValueSpecification","valueRequired":true,"valueName":"search_term_string"}}],"inLanguage":"es"}]}},"_links":{"self":[{"href":"https:\/\/edicionesalfar.es\/es\/wp-json\/wp\/v2\/product\/18703","targetHints":{"allow":["GET"]}}],"collection":[{"href":"https:\/\/edicionesalfar.es\/es\/wp-json\/wp\/v2\/product"}],"about":[{"href":"https:\/\/edicionesalfar.es\/es\/wp-json\/wp\/v2\/types\/product"}],"replies":[{"embeddable":true,"href":"https:\/\/edicionesalfar.es\/es\/wp-json\/wp\/v2\/comments?post=18703"}],"wp:featuredmedia":[{"embeddable":true,"href":"https:\/\/edicionesalfar.es\/es\/wp-json\/wp\/v2\/media\/18704"}],"wp:attachment":[{"href":"https:\/\/edicionesalfar.es\/es\/wp-json\/wp\/v2\/media?parent=18703"}],"wp:term":[{"taxonomy":"product_brand","embeddable":true,"href":"https:\/\/edicionesalfar.es\/es\/wp-json\/wp\/v2\/product_brand?post=18703"},{"taxonomy":"product_cat","embeddable":true,"href":"https:\/\/edicionesalfar.es\/es\/wp-json\/wp\/v2\/product_cat?post=18703"},{"taxonomy":"product_tag","embeddable":true,"href":"https:\/\/edicionesalfar.es\/es\/wp-json\/wp\/v2\/product_tag?post=18703"}],"curies":[{"name":"wp","href":"https:\/\/api.w.org\/{rel}","templated":true}]}}