{"id":18142,"date":"2021-12-04T02:54:34","date_gmt":"2021-12-04T01:54:34","guid":{"rendered":"https:\/\/edicionesalfar.es\/es\/?post_type=product&#038;p=18142"},"modified":"2024-10-17T07:43:50","modified_gmt":"2024-10-17T05:43:50","slug":"toros-para-todos-el-formula-1-de-la-tauromaquia","status":"publish","type":"product","link":"https:\/\/edicionesalfar.es\/es\/producto\/toros-para-todos-el-formula-1-de-la-tauromaquia\/","title":{"rendered":"Toros para Todos. El f\u00f3rmula 1 de la tauromaquia"},"content":{"rendered":"<p><span style=\"color: #000000;\">El toro es el animal m\u00e1s poderoso del planeta, ning\u00fan otro animal puede derrotar le en un enfrentamiento, s\u00f3lo el hombre, con su inteligencia y control mental, es capaz de dominarlo y crear belleza con sus embestidas.<\/span><br \/>\n<span style=\"color: #000000;\">Vas a despejar muchas inc\u00f3gnitas que a veces no tienen explicaci\u00f3n\u2026 \u00bfPor qu\u00e9 embiste el toro? Y \u00bfpor qu\u00e9 va tras un trapo rojo o rosa? \u00bfPor qu\u00e9 ataca hasta el \u00faltimo momento? \u00bfC\u00f3mo ha llegado hasta nuestros d\u00edas?<\/span><\/p>\n<p><span style=\"color: #000000;\">Desvelamos los secretos de los toreros para poder enfrentarse al toro y hablamos con algunos de los m\u00e1s grandes de la historia.<\/span><br \/>\n<span style=\"color: #000000;\">En este libro nos acercamos al toro para descubrir como es y como vive el animal m\u00e1s poderoso y enigm\u00e1tico de la tierra, igual que hacemos cada domingo en Toros para Todos, el programa taurino m\u00e1s visto de la historia de la televisi\u00f3n.<\/span><br \/>\n<span style=\"color: #000000;\">Aqu\u00ed encontrar\u00e1s los reportajes sobre el toro que siguen millones de personas en las redes sociales. El canal de Toros para Todos en youtube tiene m\u00e1s de 100bmillones de visualizaciones. Aqu\u00ed tienes nuestras aventuras junto al toro en su h\u00e1bitat, en las dehesas, sierras o marismas. Las mejores fotos y los momentos m\u00e1s bellos.<\/span><\/p>\n<p><span style=\"color: #000000;\">Aqu\u00ed te puedes acercar al toro sin pasar miedo. Y el becerrito Almansito, en su f\u00e1bula, nos cuenta c\u00f3mo es la vida en la dehesa y cuales son las normas de la naturaleza que los seres humanos no debemos olvidar.<\/span><br \/>\n<span style=\"color: #000000;\">Tienes el programa Toros para Todos en tus manos. \u00a1Bienvenido al libro de Toros para Todos!<\/span><\/p>\n<p><span style=\"color: #000000;\">Enrique Romero es periodista y presentador de televisi\u00f3n. Un apasionado de la comunicaci\u00f3n y de la divulgaci\u00f3n. As\u00ed lo hace cada domingo en su programa Toros para Todos que lleva 17 a\u00f1os en Canal Sur con espectaculares datos de audiencia.<\/span><span style=\"color: #000000;\">Toros para Todos es el programa taurino con m\u00e1s audiencia de la historia de la televisi\u00f3n y l\u00edder de la parrilla cada fin de semana. Su personalidad y cercan\u00eda en pantalla no pasan inadvertidas y con un estilo innovador y atractivo hace entendible e interesante el mundo del toro a todos los espectadores.<\/span><br \/>\n<span style=\"color: #000000;\">Dice que su triunfo es sentirse querido y reconoce que cada d\u00eda lucha por vencer su timidez. Ha retransmitido m\u00e1s de 800 festejos taurinos en televisi\u00f3n, todos con excelentes datos de audiencia. Otro de sus programas preferidos es \u201cEl Legado\u201d, que ha marcado un estilo \u00fanico descubriendo la vida de los grandes artistas y creadores de nuestro pa\u00eds. La Semana Santa de Andaluc\u00eda es su otra gran pasi\u00f3n y otro programa en el que deja su sello de comunicador nato. Es pregonero de la Semana Santa de M\u00e1laga.<\/span><br \/>\n<span style=\"color: #000000;\">Posee innumerables reconocimientos a nivel nacional, entre ellos la Antena de Oro de la Comunicaci\u00f3n, dos premios Cossio o el premio de la Asociaci\u00f3n de Parlamentarios y Senadores Taurinos. Apasionado del deporte y de la moto es Campe\u00f3n de Espa\u00f1a de Trial Cl\u00e1sico.<\/span><br \/>\n<span style=\"color: #000000;\">Este es su segundo libro. Tras el gran \u00e9xito del primero, Enrique vuelca aqu\u00ed de manera m\u00e1s intensa su af\u00e1n por la divulgaci\u00f3n y la comprensi\u00f3n de un mundo tan fascinante como el del toro.<\/span><\/p>\n","protected":false},"excerpt":{"rendered":"<p><span style=\"color: #000000;\">Pues ya tenemos el libro oficial de Toros para Todos. Enrique Romero nos sumerge en el programa que hacen semanalmente en Canal Sur Televisi\u00f3n: informaci\u00f3n, entrevistas, fotograf\u00edas, an\u00e9cdotas, el toro, los toreros, los ganaderos&#8230; y para los m\u00e1s peque\u00f1os, las historias de Almansito.<\/span><\/p>\n","protected":false},"featured_media":18143,"comment_status":"closed","ping_status":"closed","template":"","meta":{"_acf_changed":false,"_et_pb_use_builder":"","_et_pb_old_content":"","_et_gb_content_width":""},"product_brand":[],"product_cat":[54],"product_tag":[411,413,410,412],"class_list":{"0":"post-18142","1":"product","2":"type-product","3":"status-publish","4":"has-post-thumbnail","6":"product_cat-actuales","7":"product_tag-canals-sur","8":"product_tag-enrique-romero","9":"product_tag-toros","10":"product_tag-toros-para-todos","12":"first","13":"instock","14":"sale","15":"taxable","16":"shipping-taxable","17":"purchasable","18":"product-type-simple"},"acf":[],"yoast_head":"<!-- This site is optimized with the Yoast SEO plugin v27.3 - https:\/\/yoast.com\/product\/yoast-seo-wordpress\/ -->\n<title>Toros para Todos. El f\u00f3rmula 1 de la tauromaquia - Ediciones Alfar<\/title>\n<meta name=\"robots\" content=\"index, follow, max-snippet:-1, max-image-preview:large, max-video-preview:-1\" \/>\n<link rel=\"canonical\" href=\"https:\/\/edicionesalfar.es\/es\/producto\/toros-para-todos-el-formula-1-de-la-tauromaquia\/\" \/>\n<meta property=\"og:locale\" content=\"es_ES\" \/>\n<meta property=\"og:type\" content=\"article\" \/>\n<meta property=\"og:title\" content=\"Toros para Todos. El f\u00f3rmula 1 de la tauromaquia - Ediciones Alfar\" \/>\n<meta property=\"og:description\" content=\"Pues ya tenemos el libro oficial de Toros para Todos. Enrique Romero nos sumerge en el programa que hacen semanalmente en Canal Sur Televisi\u00f3n: informaci\u00f3n, entrevistas, fotograf\u00edas, an\u00e9cdotas, el toro, los toreros, los ganaderos... y para los m\u00e1s peque\u00f1os, las historias de Almansito.\" \/>\n<meta property=\"og:url\" content=\"https:\/\/edicionesalfar.es\/es\/producto\/toros-para-todos-el-formula-1-de-la-tauromaquia\/\" \/>\n<meta property=\"og:site_name\" content=\"Ediciones Alfar\" \/>\n<meta property=\"article:modified_time\" content=\"2024-10-17T05:43:50+00:00\" \/>\n<meta property=\"og:image\" content=\"https:\/\/edicionesalfar.es\/es\/wp-content\/uploads\/2021\/12\/9788478989201_cubierta_toros-1-scaled.jpg\" \/>\n\t<meta property=\"og:image:width\" content=\"1983\" \/>\n\t<meta property=\"og:image:height\" content=\"2560\" \/>\n\t<meta property=\"og:image:type\" content=\"image\/jpeg\" \/>\n<meta name=\"twitter:card\" content=\"summary_large_image\" \/>\n<meta name=\"twitter:label1\" content=\"Tiempo de lectura\" \/>\n\t<meta name=\"twitter:data1\" content=\"3 minutos\" \/>\n<script type=\"application\/ld+json\" class=\"yoast-schema-graph\">{\"@context\":\"https:\\\/\\\/schema.org\",\"@graph\":[{\"@type\":\"WebPage\",\"@id\":\"https:\\\/\\\/edicionesalfar.es\\\/es\\\/producto\\\/toros-para-todos-el-formula-1-de-la-tauromaquia\\\/\",\"url\":\"https:\\\/\\\/edicionesalfar.es\\\/es\\\/producto\\\/toros-para-todos-el-formula-1-de-la-tauromaquia\\\/\",\"name\":\"Toros para Todos. El f\u00f3rmula 1 de la tauromaquia - Ediciones Alfar\",\"isPartOf\":{\"@id\":\"https:\\\/\\\/edicionesalfar.es\\\/es\\\/#website\"},\"primaryImageOfPage\":{\"@id\":\"https:\\\/\\\/edicionesalfar.es\\\/es\\\/producto\\\/toros-para-todos-el-formula-1-de-la-tauromaquia\\\/#primaryimage\"},\"image\":{\"@id\":\"https:\\\/\\\/edicionesalfar.es\\\/es\\\/producto\\\/toros-para-todos-el-formula-1-de-la-tauromaquia\\\/#primaryimage\"},\"thumbnailUrl\":\"https:\\\/\\\/edicionesalfar.es\\\/es\\\/wp-content\\\/uploads\\\/2021\\\/12\\\/9788478989201_cubierta_toros-1-scaled.jpg\",\"datePublished\":\"2021-12-04T01:54:34+00:00\",\"dateModified\":\"2024-10-17T05:43:50+00:00\",\"breadcrumb\":{\"@id\":\"https:\\\/\\\/edicionesalfar.es\\\/es\\\/producto\\\/toros-para-todos-el-formula-1-de-la-tauromaquia\\\/#breadcrumb\"},\"inLanguage\":\"es\",\"potentialAction\":[{\"@type\":\"ReadAction\",\"target\":[\"https:\\\/\\\/edicionesalfar.es\\\/es\\\/producto\\\/toros-para-todos-el-formula-1-de-la-tauromaquia\\\/\"]}]},{\"@type\":\"ImageObject\",\"inLanguage\":\"es\",\"@id\":\"https:\\\/\\\/edicionesalfar.es\\\/es\\\/producto\\\/toros-para-todos-el-formula-1-de-la-tauromaquia\\\/#primaryimage\",\"url\":\"https:\\\/\\\/edicionesalfar.es\\\/es\\\/wp-content\\\/uploads\\\/2021\\\/12\\\/9788478989201_cubierta_toros-1-scaled.jpg\",\"contentUrl\":\"https:\\\/\\\/edicionesalfar.es\\\/es\\\/wp-content\\\/uploads\\\/2021\\\/12\\\/9788478989201_cubierta_toros-1-scaled.jpg\",\"width\":1983,\"height\":2560},{\"@type\":\"BreadcrumbList\",\"@id\":\"https:\\\/\\\/edicionesalfar.es\\\/es\\\/producto\\\/toros-para-todos-el-formula-1-de-la-tauromaquia\\\/#breadcrumb\",\"itemListElement\":[{\"@type\":\"ListItem\",\"position\":1,\"name\":\"Portada\",\"item\":\"https:\\\/\\\/edicionesalfar.es\\\/es\\\/\"},{\"@type\":\"ListItem\",\"position\":2,\"name\":\"Cat\u00e1logo\",\"item\":\"https:\\\/\\\/edicionesalfar.es\\\/es\\\/catalogo\\\/\"},{\"@type\":\"ListItem\",\"position\":3,\"name\":\"Toros para Todos. El f\u00f3rmula 1 de la tauromaquia\"}]},{\"@type\":\"WebSite\",\"@id\":\"https:\\\/\\\/edicionesalfar.es\\\/es\\\/#website\",\"url\":\"https:\\\/\\\/edicionesalfar.es\\\/es\\\/\",\"name\":\"Ediciones Alfar\",\"description\":\"\",\"potentialAction\":[{\"@type\":\"SearchAction\",\"target\":{\"@type\":\"EntryPoint\",\"urlTemplate\":\"https:\\\/\\\/edicionesalfar.es\\\/es\\\/?s={search_term_string}\"},\"query-input\":{\"@type\":\"PropertyValueSpecification\",\"valueRequired\":true,\"valueName\":\"search_term_string\"}}],\"inLanguage\":\"es\"}]}<\/script>\n<!-- \/ Yoast SEO plugin. -->","yoast_head_json":{"title":"Toros para Todos. El f\u00f3rmula 1 de la tauromaquia - Ediciones Alfar","robots":{"index":"index","follow":"follow","max-snippet":"max-snippet:-1","max-image-preview":"max-image-preview:large","max-video-preview":"max-video-preview:-1"},"canonical":"https:\/\/edicionesalfar.es\/es\/producto\/toros-para-todos-el-formula-1-de-la-tauromaquia\/","og_locale":"es_ES","og_type":"article","og_title":"Toros para Todos. El f\u00f3rmula 1 de la tauromaquia - Ediciones Alfar","og_description":"Pues ya tenemos el libro oficial de Toros para Todos. Enrique Romero nos sumerge en el programa que hacen semanalmente en Canal Sur Televisi\u00f3n: informaci\u00f3n, entrevistas, fotograf\u00edas, an\u00e9cdotas, el toro, los toreros, los ganaderos... y para los m\u00e1s peque\u00f1os, las historias de Almansito.","og_url":"https:\/\/edicionesalfar.es\/es\/producto\/toros-para-todos-el-formula-1-de-la-tauromaquia\/","og_site_name":"Ediciones Alfar","article_modified_time":"2024-10-17T05:43:50+00:00","og_image":[{"width":1983,"height":2560,"url":"https:\/\/edicionesalfar.es\/es\/wp-content\/uploads\/2021\/12\/9788478989201_cubierta_toros-1-scaled.jpg","type":"image\/jpeg"}],"twitter_card":"summary_large_image","twitter_misc":{"Tiempo de lectura":"3 minutos"},"schema":{"@context":"https:\/\/schema.org","@graph":[{"@type":"WebPage","@id":"https:\/\/edicionesalfar.es\/es\/producto\/toros-para-todos-el-formula-1-de-la-tauromaquia\/","url":"https:\/\/edicionesalfar.es\/es\/producto\/toros-para-todos-el-formula-1-de-la-tauromaquia\/","name":"Toros para Todos. El f\u00f3rmula 1 de la tauromaquia - Ediciones Alfar","isPartOf":{"@id":"https:\/\/edicionesalfar.es\/es\/#website"},"primaryImageOfPage":{"@id":"https:\/\/edicionesalfar.es\/es\/producto\/toros-para-todos-el-formula-1-de-la-tauromaquia\/#primaryimage"},"image":{"@id":"https:\/\/edicionesalfar.es\/es\/producto\/toros-para-todos-el-formula-1-de-la-tauromaquia\/#primaryimage"},"thumbnailUrl":"https:\/\/edicionesalfar.es\/es\/wp-content\/uploads\/2021\/12\/9788478989201_cubierta_toros-1-scaled.jpg","datePublished":"2021-12-04T01:54:34+00:00","dateModified":"2024-10-17T05:43:50+00:00","breadcrumb":{"@id":"https:\/\/edicionesalfar.es\/es\/producto\/toros-para-todos-el-formula-1-de-la-tauromaquia\/#breadcrumb"},"inLanguage":"es","potentialAction":[{"@type":"ReadAction","target":["https:\/\/edicionesalfar.es\/es\/producto\/toros-para-todos-el-formula-1-de-la-tauromaquia\/"]}]},{"@type":"ImageObject","inLanguage":"es","@id":"https:\/\/edicionesalfar.es\/es\/producto\/toros-para-todos-el-formula-1-de-la-tauromaquia\/#primaryimage","url":"https:\/\/edicionesalfar.es\/es\/wp-content\/uploads\/2021\/12\/9788478989201_cubierta_toros-1-scaled.jpg","contentUrl":"https:\/\/edicionesalfar.es\/es\/wp-content\/uploads\/2021\/12\/9788478989201_cubierta_toros-1-scaled.jpg","width":1983,"height":2560},{"@type":"BreadcrumbList","@id":"https:\/\/edicionesalfar.es\/es\/producto\/toros-para-todos-el-formula-1-de-la-tauromaquia\/#breadcrumb","itemListElement":[{"@type":"ListItem","position":1,"name":"Portada","item":"https:\/\/edicionesalfar.es\/es\/"},{"@type":"ListItem","position":2,"name":"Cat\u00e1logo","item":"https:\/\/edicionesalfar.es\/es\/catalogo\/"},{"@type":"ListItem","position":3,"name":"Toros para Todos. El f\u00f3rmula 1 de la tauromaquia"}]},{"@type":"WebSite","@id":"https:\/\/edicionesalfar.es\/es\/#website","url":"https:\/\/edicionesalfar.es\/es\/","name":"Ediciones Alfar","description":"","potentialAction":[{"@type":"SearchAction","target":{"@type":"EntryPoint","urlTemplate":"https:\/\/edicionesalfar.es\/es\/?s={search_term_string}"},"query-input":{"@type":"PropertyValueSpecification","valueRequired":true,"valueName":"search_term_string"}}],"inLanguage":"es"}]}},"_links":{"self":[{"href":"https:\/\/edicionesalfar.es\/es\/wp-json\/wp\/v2\/product\/18142","targetHints":{"allow":["GET"]}}],"collection":[{"href":"https:\/\/edicionesalfar.es\/es\/wp-json\/wp\/v2\/product"}],"about":[{"href":"https:\/\/edicionesalfar.es\/es\/wp-json\/wp\/v2\/types\/product"}],"replies":[{"embeddable":true,"href":"https:\/\/edicionesalfar.es\/es\/wp-json\/wp\/v2\/comments?post=18142"}],"wp:featuredmedia":[{"embeddable":true,"href":"https:\/\/edicionesalfar.es\/es\/wp-json\/wp\/v2\/media\/18143"}],"wp:attachment":[{"href":"https:\/\/edicionesalfar.es\/es\/wp-json\/wp\/v2\/media?parent=18142"}],"wp:term":[{"taxonomy":"product_brand","embeddable":true,"href":"https:\/\/edicionesalfar.es\/es\/wp-json\/wp\/v2\/product_brand?post=18142"},{"taxonomy":"product_cat","embeddable":true,"href":"https:\/\/edicionesalfar.es\/es\/wp-json\/wp\/v2\/product_cat?post=18142"},{"taxonomy":"product_tag","embeddable":true,"href":"https:\/\/edicionesalfar.es\/es\/wp-json\/wp\/v2\/product_tag?post=18142"}],"curies":[{"name":"wp","href":"https:\/\/api.w.org\/{rel}","templated":true}]}}