{"id":18058,"date":"2018-12-02T12:13:57","date_gmt":"2018-12-02T11:13:57","guid":{"rendered":"https:\/\/edicionesalfar.es\/es\/?post_type=product&#038;p=18058"},"modified":"2021-12-02T12:15:52","modified_gmt":"2021-12-02T11:15:52","slug":"balnearios-de-andalucia","status":"publish","type":"product","link":"https:\/\/edicionesalfar.es\/es\/producto\/balnearios-de-andalucia\/","title":{"rendered":"Balnearios de Andaluc\u00eda"},"content":{"rendered":"<p><span style=\"color: #000000;\">Gu\u00eda que nos muestra los principales balnearios de Andaluc\u00eda con <\/span><span style=\"color: #000000;\">ilustraciones <\/span><span style=\"color: #000000;\">a color, mapas de localizaci\u00f3n y rutas, recomendaciones&#8230; <\/span><span style=\"color: #000000;\">Imprescindible hoy en d\u00eda para disfrutar de una de las <\/span><span style=\"color: #000000;\">formas de turismo m\u00e1s importantes de Andaluc\u00eda.<\/span><\/p>\n","protected":false},"excerpt":{"rendered":"<p><span style=\"color: #000000;\">Gu\u00eda que nos muestra los principales balnearios de Andaluc\u00eda con ilustraciones a color, mapas de localizaci\u00f3n y rutas, recomendaciones&#8230; Imprescindible hoy en d\u00eda para disfrutar de una de las formas de turismo m\u00e1s importantes de Andaluc\u00eda.<\/span><\/p>\n","protected":false},"featured_media":18060,"comment_status":"closed","ping_status":"closed","template":"","meta":{"_acf_changed":false,"_et_pb_use_builder":"","_et_pb_old_content":"","_et_gb_content_width":""},"product_brand":[],"product_cat":[361],"product_tag":[],"class_list":{"0":"post-18058","1":"product","2":"type-product","3":"status-publish","4":"has-post-thumbnail","6":"product_cat-ciencia-mundianimal-ecologia-medioambiente","8":"first","9":"instock","10":"taxable","11":"shipping-taxable","12":"purchasable","13":"product-type-simple"},"acf":[],"yoast_head":"<!-- This site is optimized with the Yoast SEO plugin v27.5 - https:\/\/yoast.com\/product\/yoast-seo-wordpress\/ -->\n<title>Balnearios de Andaluc\u00eda - Ediciones Alfar<\/title>\n<meta name=\"robots\" content=\"index, follow, max-snippet:-1, max-image-preview:large, max-video-preview:-1\" \/>\n<link rel=\"canonical\" href=\"https:\/\/edicionesalfar.es\/es\/producto\/balnearios-de-andalucia\/\" \/>\n<meta property=\"og:locale\" content=\"es_ES\" \/>\n<meta property=\"og:type\" content=\"article\" \/>\n<meta property=\"og:title\" content=\"Balnearios de Andaluc\u00eda - Ediciones Alfar\" \/>\n<meta property=\"og:description\" content=\"Gu\u00eda que nos muestra los principales balnearios de Andaluc\u00eda con ilustraciones a color, mapas de localizaci\u00f3n y rutas, recomendaciones... Imprescindible hoy en d\u00eda para disfrutar de una de las formas de turismo m\u00e1s importantes de Andaluc\u00eda.\" \/>\n<meta property=\"og:url\" content=\"https:\/\/edicionesalfar.es\/es\/producto\/balnearios-de-andalucia\/\" \/>\n<meta property=\"og:site_name\" content=\"Ediciones Alfar\" \/>\n<meta property=\"article:modified_time\" content=\"2021-12-02T11:15:52+00:00\" \/>\n<meta property=\"og:image\" content=\"https:\/\/edicionesalfar.es\/es\/wp-content\/uploads\/2021\/12\/978848806724.gif\" \/>\n\t<meta property=\"og:image:width\" content=\"255\" \/>\n\t<meta property=\"og:image:height\" content=\"405\" \/>\n\t<meta property=\"og:image:type\" content=\"image\/gif\" \/>\n<meta name=\"twitter:card\" content=\"summary_large_image\" \/>\n<meta name=\"twitter:label1\" content=\"Tiempo de lectura\" \/>\n\t<meta name=\"twitter:data1\" content=\"1 minuto\" \/>\n<script type=\"application\/ld+json\" class=\"yoast-schema-graph\">{\"@context\":\"https:\\\/\\\/schema.org\",\"@graph\":[{\"@type\":\"WebPage\",\"@id\":\"https:\\\/\\\/edicionesalfar.es\\\/es\\\/producto\\\/balnearios-de-andalucia\\\/\",\"url\":\"https:\\\/\\\/edicionesalfar.es\\\/es\\\/producto\\\/balnearios-de-andalucia\\\/\",\"name\":\"Balnearios de Andaluc\u00eda - Ediciones Alfar\",\"isPartOf\":{\"@id\":\"https:\\\/\\\/edicionesalfar.es\\\/es\\\/#website\"},\"primaryImageOfPage\":{\"@id\":\"https:\\\/\\\/edicionesalfar.es\\\/es\\\/producto\\\/balnearios-de-andalucia\\\/#primaryimage\"},\"image\":{\"@id\":\"https:\\\/\\\/edicionesalfar.es\\\/es\\\/producto\\\/balnearios-de-andalucia\\\/#primaryimage\"},\"thumbnailUrl\":\"https:\\\/\\\/edicionesalfar.es\\\/es\\\/wp-content\\\/uploads\\\/2021\\\/12\\\/978848806724.gif\",\"datePublished\":\"2018-12-02T11:13:57+00:00\",\"dateModified\":\"2021-12-02T11:15:52+00:00\",\"breadcrumb\":{\"@id\":\"https:\\\/\\\/edicionesalfar.es\\\/es\\\/producto\\\/balnearios-de-andalucia\\\/#breadcrumb\"},\"inLanguage\":\"es\",\"potentialAction\":[{\"@type\":\"ReadAction\",\"target\":[\"https:\\\/\\\/edicionesalfar.es\\\/es\\\/producto\\\/balnearios-de-andalucia\\\/\"]}]},{\"@type\":\"ImageObject\",\"inLanguage\":\"es\",\"@id\":\"https:\\\/\\\/edicionesalfar.es\\\/es\\\/producto\\\/balnearios-de-andalucia\\\/#primaryimage\",\"url\":\"https:\\\/\\\/edicionesalfar.es\\\/es\\\/wp-content\\\/uploads\\\/2021\\\/12\\\/978848806724.gif\",\"contentUrl\":\"https:\\\/\\\/edicionesalfar.es\\\/es\\\/wp-content\\\/uploads\\\/2021\\\/12\\\/978848806724.gif\",\"width\":255,\"height\":405},{\"@type\":\"BreadcrumbList\",\"@id\":\"https:\\\/\\\/edicionesalfar.es\\\/es\\\/producto\\\/balnearios-de-andalucia\\\/#breadcrumb\",\"itemListElement\":[{\"@type\":\"ListItem\",\"position\":1,\"name\":\"Portada\",\"item\":\"https:\\\/\\\/edicionesalfar.es\\\/es\\\/\"},{\"@type\":\"ListItem\",\"position\":2,\"name\":\"Cat\u00e1logo\",\"item\":\"https:\\\/\\\/edicionesalfar.es\\\/es\\\/catalogo\\\/\"},{\"@type\":\"ListItem\",\"position\":3,\"name\":\"Balnearios de Andaluc\u00eda\"}]},{\"@type\":\"WebSite\",\"@id\":\"https:\\\/\\\/edicionesalfar.es\\\/es\\\/#website\",\"url\":\"https:\\\/\\\/edicionesalfar.es\\\/es\\\/\",\"name\":\"Ediciones Alfar\",\"description\":\"\",\"potentialAction\":[{\"@type\":\"SearchAction\",\"target\":{\"@type\":\"EntryPoint\",\"urlTemplate\":\"https:\\\/\\\/edicionesalfar.es\\\/es\\\/?s={search_term_string}\"},\"query-input\":{\"@type\":\"PropertyValueSpecification\",\"valueRequired\":true,\"valueName\":\"search_term_string\"}}],\"inLanguage\":\"es\"}]}<\/script>\n<!-- \/ Yoast SEO plugin. -->","yoast_head_json":{"title":"Balnearios de Andaluc\u00eda - Ediciones Alfar","robots":{"index":"index","follow":"follow","max-snippet":"max-snippet:-1","max-image-preview":"max-image-preview:large","max-video-preview":"max-video-preview:-1"},"canonical":"https:\/\/edicionesalfar.es\/es\/producto\/balnearios-de-andalucia\/","og_locale":"es_ES","og_type":"article","og_title":"Balnearios de Andaluc\u00eda - Ediciones Alfar","og_description":"Gu\u00eda que nos muestra los principales balnearios de Andaluc\u00eda con ilustraciones a color, mapas de localizaci\u00f3n y rutas, recomendaciones... Imprescindible hoy en d\u00eda para disfrutar de una de las formas de turismo m\u00e1s importantes de Andaluc\u00eda.","og_url":"https:\/\/edicionesalfar.es\/es\/producto\/balnearios-de-andalucia\/","og_site_name":"Ediciones Alfar","article_modified_time":"2021-12-02T11:15:52+00:00","og_image":[{"width":255,"height":405,"url":"https:\/\/edicionesalfar.es\/es\/wp-content\/uploads\/2021\/12\/978848806724.gif","type":"image\/gif"}],"twitter_card":"summary_large_image","twitter_misc":{"Tiempo de lectura":"1 minuto"},"schema":{"@context":"https:\/\/schema.org","@graph":[{"@type":"WebPage","@id":"https:\/\/edicionesalfar.es\/es\/producto\/balnearios-de-andalucia\/","url":"https:\/\/edicionesalfar.es\/es\/producto\/balnearios-de-andalucia\/","name":"Balnearios de Andaluc\u00eda - Ediciones Alfar","isPartOf":{"@id":"https:\/\/edicionesalfar.es\/es\/#website"},"primaryImageOfPage":{"@id":"https:\/\/edicionesalfar.es\/es\/producto\/balnearios-de-andalucia\/#primaryimage"},"image":{"@id":"https:\/\/edicionesalfar.es\/es\/producto\/balnearios-de-andalucia\/#primaryimage"},"thumbnailUrl":"https:\/\/edicionesalfar.es\/es\/wp-content\/uploads\/2021\/12\/978848806724.gif","datePublished":"2018-12-02T11:13:57+00:00","dateModified":"2021-12-02T11:15:52+00:00","breadcrumb":{"@id":"https:\/\/edicionesalfar.es\/es\/producto\/balnearios-de-andalucia\/#breadcrumb"},"inLanguage":"es","potentialAction":[{"@type":"ReadAction","target":["https:\/\/edicionesalfar.es\/es\/producto\/balnearios-de-andalucia\/"]}]},{"@type":"ImageObject","inLanguage":"es","@id":"https:\/\/edicionesalfar.es\/es\/producto\/balnearios-de-andalucia\/#primaryimage","url":"https:\/\/edicionesalfar.es\/es\/wp-content\/uploads\/2021\/12\/978848806724.gif","contentUrl":"https:\/\/edicionesalfar.es\/es\/wp-content\/uploads\/2021\/12\/978848806724.gif","width":255,"height":405},{"@type":"BreadcrumbList","@id":"https:\/\/edicionesalfar.es\/es\/producto\/balnearios-de-andalucia\/#breadcrumb","itemListElement":[{"@type":"ListItem","position":1,"name":"Portada","item":"https:\/\/edicionesalfar.es\/es\/"},{"@type":"ListItem","position":2,"name":"Cat\u00e1logo","item":"https:\/\/edicionesalfar.es\/es\/catalogo\/"},{"@type":"ListItem","position":3,"name":"Balnearios de Andaluc\u00eda"}]},{"@type":"WebSite","@id":"https:\/\/edicionesalfar.es\/es\/#website","url":"https:\/\/edicionesalfar.es\/es\/","name":"Ediciones Alfar","description":"","potentialAction":[{"@type":"SearchAction","target":{"@type":"EntryPoint","urlTemplate":"https:\/\/edicionesalfar.es\/es\/?s={search_term_string}"},"query-input":{"@type":"PropertyValueSpecification","valueRequired":true,"valueName":"search_term_string"}}],"inLanguage":"es"}]}},"_links":{"self":[{"href":"https:\/\/edicionesalfar.es\/es\/wp-json\/wp\/v2\/product\/18058","targetHints":{"allow":["GET"]}}],"collection":[{"href":"https:\/\/edicionesalfar.es\/es\/wp-json\/wp\/v2\/product"}],"about":[{"href":"https:\/\/edicionesalfar.es\/es\/wp-json\/wp\/v2\/types\/product"}],"replies":[{"embeddable":true,"href":"https:\/\/edicionesalfar.es\/es\/wp-json\/wp\/v2\/comments?post=18058"}],"wp:featuredmedia":[{"embeddable":true,"href":"https:\/\/edicionesalfar.es\/es\/wp-json\/wp\/v2\/media\/18060"}],"wp:attachment":[{"href":"https:\/\/edicionesalfar.es\/es\/wp-json\/wp\/v2\/media?parent=18058"}],"wp:term":[{"taxonomy":"product_brand","embeddable":true,"href":"https:\/\/edicionesalfar.es\/es\/wp-json\/wp\/v2\/product_brand?post=18058"},{"taxonomy":"product_cat","embeddable":true,"href":"https:\/\/edicionesalfar.es\/es\/wp-json\/wp\/v2\/product_cat?post=18058"},{"taxonomy":"product_tag","embeddable":true,"href":"https:\/\/edicionesalfar.es\/es\/wp-json\/wp\/v2\/product_tag?post=18058"}],"curies":[{"name":"wp","href":"https:\/\/api.w.org\/{rel}","templated":true}]}}