{"id":17702,"date":"2021-11-23T14:53:05","date_gmt":"2021-11-23T13:53:05","guid":{"rendered":"https:\/\/edicionesalfar.es\/es\/?post_type=product&#038;p=17702"},"modified":"2021-12-27T12:44:01","modified_gmt":"2021-12-27T11:44:01","slug":"el-cielo-no-es-azul","status":"publish","type":"product","link":"https:\/\/edicionesalfar.es\/es\/producto\/el-cielo-no-es-azul\/","title":{"rendered":"El cielo no es azul"},"content":{"rendered":"<p><span style=\"color: #000000;\">\u00bfC\u00f3mo ser\u00eda ver el mundo a trav\u00e9s de los ojos de alguien que pinta? \u00bfQu\u00e9 verdes descubrir\u00edas en los \u00e1rboles? \u00bfQu\u00e9 colores tendr\u00eda el cielo? As\u00ed nace el titulo El cielo no es azul viendo el mundo a trav\u00e9s de los ojos de una madre acuarelista, d\u00e1ndole al cielo la importancia que se merece, todos sus colores. Magn\u00edfico poemario de la poeta madrile\u00f1a Marta Pumarega, poemas breves, en los que la autora nos sumerge en los pasillos del recuerdo con la luz encedida; esos pasillos que siempre nos producen tanto sentimientos contradictorios. <\/span><\/p>\n<p><span style=\"color: #000000;\">Marta Pumarega Rubio, poeta madrile\u00f1a nacida en el 76, autora del libro de poemas Ant\u00f3nimo de cobijo (Editorial Lulu) presentado por el poeta Jes\u00fas Urceloy y El cielo no es azul (Ediciones Alfar). Ha participado tambi\u00e9n en la antolog\u00eda po\u00e9tica 54 poetas que corrieron la Marat\u00f3n de Chicago (Editorial ARS POETICA-2018) y en distintos eventos online como el \u201cIV Festival de Poes\u00eda el Laboratorio de la Palabra\u201d de la mano del poeta Fran Ignacio Mendoza y en \u201cLa Poes\u00eda nunca cierra junto al poeta Agust\u00edn C\u00f3rdoba Garc\u00eda. Tambi\u00e9n ha participado en los ciclos de lectura del Aleatorio y ha colaborado con sus poemas en la Revista cultural 142 y en Registros; tambi\u00e9n se han traducido alguno de sus poemas al franc\u00e9s para la plataforma literaria OUPOLI. Ganadora del concurso para poner un poema a un cuadro, para la exposici\u00f3n antol\u00f3gica del pintor Juan Calder\u00f3n Matador.<\/span><\/p>\n","protected":false},"excerpt":{"rendered":"<p>Magn\u00edfico poemario de la poeta madrile\u00f1a Marta Pumarega, poemas breves, en los que la autora nos sumerge en los pasillos del recuerdo con la luz encedida; esos pasillos que siempre nos producen tanto sentimientos contradictorios.<\/p>\n","protected":false},"featured_media":17710,"comment_status":"closed","ping_status":"closed","template":"","meta":{"_acf_changed":false,"_et_pb_use_builder":"","_et_pb_old_content":"","_et_gb_content_width":""},"product_brand":[],"product_cat":[372,48,30],"product_tag":[],"class_list":{"0":"post-17702","1":"product","2":"type-product","3":"status-publish","4":"has-post-thumbnail","6":"product_cat-alfar","7":"product_cat-otras-poesias","8":"product_cat-poesia","10":"first","11":"instock","12":"sale","13":"taxable","14":"shipping-taxable","15":"purchasable","16":"product-type-simple"},"acf":[],"yoast_head":"<!-- This site is optimized with the Yoast SEO plugin v27.5 - https:\/\/yoast.com\/product\/yoast-seo-wordpress\/ -->\n<title>El cielo no es azul - Ediciones Alfar<\/title>\n<meta name=\"robots\" content=\"index, follow, max-snippet:-1, max-image-preview:large, max-video-preview:-1\" \/>\n<link rel=\"canonical\" href=\"https:\/\/edicionesalfar.es\/es\/producto\/el-cielo-no-es-azul\/\" \/>\n<meta property=\"og:locale\" content=\"es_ES\" \/>\n<meta property=\"og:type\" content=\"article\" \/>\n<meta property=\"og:title\" content=\"El cielo no es azul - Ediciones Alfar\" \/>\n<meta property=\"og:description\" content=\"Magn\u00edfico poemario de la poeta madrile\u00f1a Marta Pumarega, poemas breves, en los que la autora nos sumerge en los pasillos del recuerdo con la luz encedida; esos pasillos que siempre nos producen tanto sentimientos contradictorios.\" \/>\n<meta property=\"og:url\" content=\"https:\/\/edicionesalfar.es\/es\/producto\/el-cielo-no-es-azul\/\" \/>\n<meta property=\"og:site_name\" content=\"Ediciones Alfar\" \/>\n<meta property=\"article:modified_time\" content=\"2021-12-27T11:44:01+00:00\" \/>\n<meta property=\"og:image\" content=\"https:\/\/edicionesalfar.es\/es\/wp-content\/uploads\/2021\/11\/08-Nota-comercial-9788478989089_el-cielo-no-es-azul.jpg\" \/>\n\t<meta property=\"og:image:width\" content=\"701\" \/>\n\t<meta property=\"og:image:height\" content=\"1008\" \/>\n\t<meta property=\"og:image:type\" content=\"image\/jpeg\" \/>\n<meta name=\"twitter:card\" content=\"summary_large_image\" \/>\n<meta name=\"twitter:label1\" content=\"Tiempo de lectura\" \/>\n\t<meta name=\"twitter:data1\" content=\"2 minutos\" \/>\n<script type=\"application\/ld+json\" class=\"yoast-schema-graph\">{\"@context\":\"https:\\\/\\\/schema.org\",\"@graph\":[{\"@type\":\"WebPage\",\"@id\":\"https:\\\/\\\/edicionesalfar.es\\\/es\\\/producto\\\/el-cielo-no-es-azul\\\/\",\"url\":\"https:\\\/\\\/edicionesalfar.es\\\/es\\\/producto\\\/el-cielo-no-es-azul\\\/\",\"name\":\"El cielo no es azul - Ediciones Alfar\",\"isPartOf\":{\"@id\":\"https:\\\/\\\/edicionesalfar.es\\\/es\\\/#website\"},\"primaryImageOfPage\":{\"@id\":\"https:\\\/\\\/edicionesalfar.es\\\/es\\\/producto\\\/el-cielo-no-es-azul\\\/#primaryimage\"},\"image\":{\"@id\":\"https:\\\/\\\/edicionesalfar.es\\\/es\\\/producto\\\/el-cielo-no-es-azul\\\/#primaryimage\"},\"thumbnailUrl\":\"https:\\\/\\\/edicionesalfar.es\\\/es\\\/wp-content\\\/uploads\\\/2021\\\/11\\\/08-Nota-comercial-9788478989089_el-cielo-no-es-azul.jpg\",\"datePublished\":\"2021-11-23T13:53:05+00:00\",\"dateModified\":\"2021-12-27T11:44:01+00:00\",\"breadcrumb\":{\"@id\":\"https:\\\/\\\/edicionesalfar.es\\\/es\\\/producto\\\/el-cielo-no-es-azul\\\/#breadcrumb\"},\"inLanguage\":\"es\",\"potentialAction\":[{\"@type\":\"ReadAction\",\"target\":[\"https:\\\/\\\/edicionesalfar.es\\\/es\\\/producto\\\/el-cielo-no-es-azul\\\/\"]}]},{\"@type\":\"ImageObject\",\"inLanguage\":\"es\",\"@id\":\"https:\\\/\\\/edicionesalfar.es\\\/es\\\/producto\\\/el-cielo-no-es-azul\\\/#primaryimage\",\"url\":\"https:\\\/\\\/edicionesalfar.es\\\/es\\\/wp-content\\\/uploads\\\/2021\\\/11\\\/08-Nota-comercial-9788478989089_el-cielo-no-es-azul.jpg\",\"contentUrl\":\"https:\\\/\\\/edicionesalfar.es\\\/es\\\/wp-content\\\/uploads\\\/2021\\\/11\\\/08-Nota-comercial-9788478989089_el-cielo-no-es-azul.jpg\",\"width\":701,\"height\":1008},{\"@type\":\"BreadcrumbList\",\"@id\":\"https:\\\/\\\/edicionesalfar.es\\\/es\\\/producto\\\/el-cielo-no-es-azul\\\/#breadcrumb\",\"itemListElement\":[{\"@type\":\"ListItem\",\"position\":1,\"name\":\"Portada\",\"item\":\"https:\\\/\\\/edicionesalfar.es\\\/es\\\/\"},{\"@type\":\"ListItem\",\"position\":2,\"name\":\"Cat\u00e1logo\",\"item\":\"https:\\\/\\\/edicionesalfar.es\\\/es\\\/catalogo\\\/\"},{\"@type\":\"ListItem\",\"position\":3,\"name\":\"El cielo no es azul\"}]},{\"@type\":\"WebSite\",\"@id\":\"https:\\\/\\\/edicionesalfar.es\\\/es\\\/#website\",\"url\":\"https:\\\/\\\/edicionesalfar.es\\\/es\\\/\",\"name\":\"Ediciones Alfar\",\"description\":\"\",\"potentialAction\":[{\"@type\":\"SearchAction\",\"target\":{\"@type\":\"EntryPoint\",\"urlTemplate\":\"https:\\\/\\\/edicionesalfar.es\\\/es\\\/?s={search_term_string}\"},\"query-input\":{\"@type\":\"PropertyValueSpecification\",\"valueRequired\":true,\"valueName\":\"search_term_string\"}}],\"inLanguage\":\"es\"}]}<\/script>\n<!-- \/ Yoast SEO plugin. -->","yoast_head_json":{"title":"El cielo no es azul - Ediciones Alfar","robots":{"index":"index","follow":"follow","max-snippet":"max-snippet:-1","max-image-preview":"max-image-preview:large","max-video-preview":"max-video-preview:-1"},"canonical":"https:\/\/edicionesalfar.es\/es\/producto\/el-cielo-no-es-azul\/","og_locale":"es_ES","og_type":"article","og_title":"El cielo no es azul - Ediciones Alfar","og_description":"Magn\u00edfico poemario de la poeta madrile\u00f1a Marta Pumarega, poemas breves, en los que la autora nos sumerge en los pasillos del recuerdo con la luz encedida; esos pasillos que siempre nos producen tanto sentimientos contradictorios.","og_url":"https:\/\/edicionesalfar.es\/es\/producto\/el-cielo-no-es-azul\/","og_site_name":"Ediciones Alfar","article_modified_time":"2021-12-27T11:44:01+00:00","og_image":[{"width":701,"height":1008,"url":"https:\/\/edicionesalfar.es\/es\/wp-content\/uploads\/2021\/11\/08-Nota-comercial-9788478989089_el-cielo-no-es-azul.jpg","type":"image\/jpeg"}],"twitter_card":"summary_large_image","twitter_misc":{"Tiempo de lectura":"2 minutos"},"schema":{"@context":"https:\/\/schema.org","@graph":[{"@type":"WebPage","@id":"https:\/\/edicionesalfar.es\/es\/producto\/el-cielo-no-es-azul\/","url":"https:\/\/edicionesalfar.es\/es\/producto\/el-cielo-no-es-azul\/","name":"El cielo no es azul - Ediciones Alfar","isPartOf":{"@id":"https:\/\/edicionesalfar.es\/es\/#website"},"primaryImageOfPage":{"@id":"https:\/\/edicionesalfar.es\/es\/producto\/el-cielo-no-es-azul\/#primaryimage"},"image":{"@id":"https:\/\/edicionesalfar.es\/es\/producto\/el-cielo-no-es-azul\/#primaryimage"},"thumbnailUrl":"https:\/\/edicionesalfar.es\/es\/wp-content\/uploads\/2021\/11\/08-Nota-comercial-9788478989089_el-cielo-no-es-azul.jpg","datePublished":"2021-11-23T13:53:05+00:00","dateModified":"2021-12-27T11:44:01+00:00","breadcrumb":{"@id":"https:\/\/edicionesalfar.es\/es\/producto\/el-cielo-no-es-azul\/#breadcrumb"},"inLanguage":"es","potentialAction":[{"@type":"ReadAction","target":["https:\/\/edicionesalfar.es\/es\/producto\/el-cielo-no-es-azul\/"]}]},{"@type":"ImageObject","inLanguage":"es","@id":"https:\/\/edicionesalfar.es\/es\/producto\/el-cielo-no-es-azul\/#primaryimage","url":"https:\/\/edicionesalfar.es\/es\/wp-content\/uploads\/2021\/11\/08-Nota-comercial-9788478989089_el-cielo-no-es-azul.jpg","contentUrl":"https:\/\/edicionesalfar.es\/es\/wp-content\/uploads\/2021\/11\/08-Nota-comercial-9788478989089_el-cielo-no-es-azul.jpg","width":701,"height":1008},{"@type":"BreadcrumbList","@id":"https:\/\/edicionesalfar.es\/es\/producto\/el-cielo-no-es-azul\/#breadcrumb","itemListElement":[{"@type":"ListItem","position":1,"name":"Portada","item":"https:\/\/edicionesalfar.es\/es\/"},{"@type":"ListItem","position":2,"name":"Cat\u00e1logo","item":"https:\/\/edicionesalfar.es\/es\/catalogo\/"},{"@type":"ListItem","position":3,"name":"El cielo no es azul"}]},{"@type":"WebSite","@id":"https:\/\/edicionesalfar.es\/es\/#website","url":"https:\/\/edicionesalfar.es\/es\/","name":"Ediciones Alfar","description":"","potentialAction":[{"@type":"SearchAction","target":{"@type":"EntryPoint","urlTemplate":"https:\/\/edicionesalfar.es\/es\/?s={search_term_string}"},"query-input":{"@type":"PropertyValueSpecification","valueRequired":true,"valueName":"search_term_string"}}],"inLanguage":"es"}]}},"_links":{"self":[{"href":"https:\/\/edicionesalfar.es\/es\/wp-json\/wp\/v2\/product\/17702","targetHints":{"allow":["GET"]}}],"collection":[{"href":"https:\/\/edicionesalfar.es\/es\/wp-json\/wp\/v2\/product"}],"about":[{"href":"https:\/\/edicionesalfar.es\/es\/wp-json\/wp\/v2\/types\/product"}],"replies":[{"embeddable":true,"href":"https:\/\/edicionesalfar.es\/es\/wp-json\/wp\/v2\/comments?post=17702"}],"wp:featuredmedia":[{"embeddable":true,"href":"https:\/\/edicionesalfar.es\/es\/wp-json\/wp\/v2\/media\/17710"}],"wp:attachment":[{"href":"https:\/\/edicionesalfar.es\/es\/wp-json\/wp\/v2\/media?parent=17702"}],"wp:term":[{"taxonomy":"product_brand","embeddable":true,"href":"https:\/\/edicionesalfar.es\/es\/wp-json\/wp\/v2\/product_brand?post=17702"},{"taxonomy":"product_cat","embeddable":true,"href":"https:\/\/edicionesalfar.es\/es\/wp-json\/wp\/v2\/product_cat?post=17702"},{"taxonomy":"product_tag","embeddable":true,"href":"https:\/\/edicionesalfar.es\/es\/wp-json\/wp\/v2\/product_tag?post=17702"}],"curies":[{"name":"wp","href":"https:\/\/api.w.org\/{rel}","templated":true}]}}