{"id":17597,"date":"2021-11-18T10:29:14","date_gmt":"2021-11-18T09:29:14","guid":{"rendered":"https:\/\/edicionesalfar.es\/es\/?post_type=product&#038;p=17597"},"modified":"2023-03-21T17:31:03","modified_gmt":"2023-03-21T16:31:03","slug":"lol-retos-divertidos","status":"publish","type":"product","link":"https:\/\/edicionesalfar.es\/es\/producto\/lol-retos-divertidos\/","title":{"rendered":"LOL Retos Divertidos"},"content":{"rendered":"<p><span style=\"color: #000000;\">Chiqui y Libi, junto con sus gatos F\u00edgaro, Mona y Kokoro, son los protagonistas del canal de Youtube &#8216;LOL Retos Divertidos&#8217;, donde el humor nunca falta. Un canal enfocado a toda la familia para exponer los retos m\u00e1s virales y divertidos de internet. En sus videos siempre sacan la carcajada a sus suscriptores con sus parodias, canciones e historias locas con el hacker, un hombre enmascarado que, adem\u00e1s de enigm\u00e1tico, se encarga de ense\u00f1ar los valores m\u00e1s importantes a la audiencia. Valores como la amistad, la importancia de no contaminar el planeta, el uso de la imaginaci\u00f3n y muchos m\u00e1s.<\/span><\/p>\n<p><span style=\"color: #000000;\">\u00a1A JUGAR! es la nueva l\u00ednea de juegos de mesa de Ediciones Alfar. En ella encontrar\u00e1s juegos familiares para que disfrutemos por igual grandes y peque\u00f1os. Juegos con mec\u00e1nicas f\u00e1ciles de aprender donde el componente social y educativo est\u00e1 muy presente ya que sus autores y autoras son especialistas en la creaci\u00f3n l\u00fadica y la docencia. <\/span><\/p>\n","protected":false},"excerpt":{"rendered":"<p><span style=\"color: #000000;\">Chiqui y Libi, junto con sus gatos F\u00edgaro, Mona y Kokoro, son los protagonistas del canal de Youtube &#8216;LOL Retos Divertidos&#8217;, donde el humor nunca falta. Un canal enfocado a toda la familia para exponer los retos m\u00e1s virales y divertidos de internet.<\/span><\/p>\n<p><span style=\"color: #000000;\">En sus videos siempre sacan la carcajada a sus suscriptores con sus parodias, canciones e historias locas con el hacker, un hombre enmascarado que, adem\u00e1s de enigm\u00e1tico, se encarga de ense\u00f1ar los valores m\u00e1s importantes a la audiencia.\u00a0<\/span><\/p>\n","protected":false},"featured_media":17677,"comment_status":"closed","ping_status":"closed","template":"","meta":{"_acf_changed":false,"_et_pb_use_builder":"","_et_pb_old_content":"","_et_gb_content_width":""},"product_brand":[],"product_cat":[388,372,375],"product_tag":[390,404,403],"class_list":{"0":"post-17597","1":"product","2":"type-product","3":"status-publish","4":"has-post-thumbnail","6":"product_cat-a-jugar","7":"product_cat-alfar","8":"product_cat-editoriales","9":"product_tag-juegos","10":"product_tag-lol","11":"product_tag-retos","13":"first","14":"instock","15":"taxable","16":"shipping-taxable","17":"purchasable","18":"product-type-simple"},"acf":[],"yoast_head":"<!-- This site is optimized with the Yoast SEO plugin v27.5 - https:\/\/yoast.com\/product\/yoast-seo-wordpress\/ -->\n<title>LOL Retos Divertidos - Ediciones Alfar<\/title>\n<meta name=\"robots\" content=\"index, follow, max-snippet:-1, max-image-preview:large, max-video-preview:-1\" \/>\n<link rel=\"canonical\" href=\"https:\/\/edicionesalfar.es\/es\/producto\/lol-retos-divertidos\/\" \/>\n<meta property=\"og:locale\" content=\"es_ES\" \/>\n<meta property=\"og:type\" content=\"article\" \/>\n<meta property=\"og:title\" content=\"LOL Retos Divertidos - Ediciones Alfar\" \/>\n<meta property=\"og:description\" content=\"Chiqui y Libi, junto con sus gatos F\u00edgaro, Mona y Kokoro, son los protagonistas del canal de Youtube &#039;LOL Retos Divertidos&#039;, donde el humor nunca falta. Un canal enfocado a toda la familia para exponer los retos m\u00e1s virales y divertidos de internet.  En sus videos siempre sacan la carcajada a sus suscriptores con sus parodias, canciones e historias locas con el hacker, un hombre enmascarado que, adem\u00e1s de enigm\u00e1tico, se encarga de ense\u00f1ar los valores m\u00e1s importantes a la audiencia.\u00a0\" \/>\n<meta property=\"og:url\" content=\"https:\/\/edicionesalfar.es\/es\/producto\/lol-retos-divertidos\/\" \/>\n<meta property=\"og:site_name\" content=\"Ediciones Alfar\" \/>\n<meta property=\"article:modified_time\" content=\"2023-03-21T16:31:03+00:00\" \/>\n<meta property=\"og:image\" content=\"https:\/\/edicionesalfar.es\/es\/wp-content\/uploads\/2021\/11\/Foto-para-web.jpg\" \/>\n\t<meta property=\"og:image:width\" content=\"1218\" \/>\n\t<meta property=\"og:image:height\" content=\"1448\" \/>\n\t<meta property=\"og:image:type\" content=\"image\/jpeg\" \/>\n<meta name=\"twitter:card\" content=\"summary_large_image\" \/>\n<meta name=\"twitter:label1\" content=\"Tiempo de lectura\" \/>\n\t<meta name=\"twitter:data1\" content=\"1 minuto\" \/>\n<script type=\"application\/ld+json\" class=\"yoast-schema-graph\">{\"@context\":\"https:\\\/\\\/schema.org\",\"@graph\":[{\"@type\":\"WebPage\",\"@id\":\"https:\\\/\\\/edicionesalfar.es\\\/es\\\/producto\\\/lol-retos-divertidos\\\/\",\"url\":\"https:\\\/\\\/edicionesalfar.es\\\/es\\\/producto\\\/lol-retos-divertidos\\\/\",\"name\":\"LOL Retos Divertidos - Ediciones Alfar\",\"isPartOf\":{\"@id\":\"https:\\\/\\\/edicionesalfar.es\\\/es\\\/#website\"},\"primaryImageOfPage\":{\"@id\":\"https:\\\/\\\/edicionesalfar.es\\\/es\\\/producto\\\/lol-retos-divertidos\\\/#primaryimage\"},\"image\":{\"@id\":\"https:\\\/\\\/edicionesalfar.es\\\/es\\\/producto\\\/lol-retos-divertidos\\\/#primaryimage\"},\"thumbnailUrl\":\"https:\\\/\\\/edicionesalfar.es\\\/es\\\/wp-content\\\/uploads\\\/2021\\\/11\\\/Foto-para-web.jpg\",\"datePublished\":\"2021-11-18T09:29:14+00:00\",\"dateModified\":\"2023-03-21T16:31:03+00:00\",\"breadcrumb\":{\"@id\":\"https:\\\/\\\/edicionesalfar.es\\\/es\\\/producto\\\/lol-retos-divertidos\\\/#breadcrumb\"},\"inLanguage\":\"es\",\"potentialAction\":[{\"@type\":\"ReadAction\",\"target\":[\"https:\\\/\\\/edicionesalfar.es\\\/es\\\/producto\\\/lol-retos-divertidos\\\/\"]}]},{\"@type\":\"ImageObject\",\"inLanguage\":\"es\",\"@id\":\"https:\\\/\\\/edicionesalfar.es\\\/es\\\/producto\\\/lol-retos-divertidos\\\/#primaryimage\",\"url\":\"https:\\\/\\\/edicionesalfar.es\\\/es\\\/wp-content\\\/uploads\\\/2021\\\/11\\\/Foto-para-web.jpg\",\"contentUrl\":\"https:\\\/\\\/edicionesalfar.es\\\/es\\\/wp-content\\\/uploads\\\/2021\\\/11\\\/Foto-para-web.jpg\",\"width\":1218,\"height\":1448},{\"@type\":\"BreadcrumbList\",\"@id\":\"https:\\\/\\\/edicionesalfar.es\\\/es\\\/producto\\\/lol-retos-divertidos\\\/#breadcrumb\",\"itemListElement\":[{\"@type\":\"ListItem\",\"position\":1,\"name\":\"Portada\",\"item\":\"https:\\\/\\\/edicionesalfar.es\\\/es\\\/\"},{\"@type\":\"ListItem\",\"position\":2,\"name\":\"Cat\u00e1logo\",\"item\":\"https:\\\/\\\/edicionesalfar.es\\\/es\\\/catalogo\\\/\"},{\"@type\":\"ListItem\",\"position\":3,\"name\":\"LOL Retos Divertidos\"}]},{\"@type\":\"WebSite\",\"@id\":\"https:\\\/\\\/edicionesalfar.es\\\/es\\\/#website\",\"url\":\"https:\\\/\\\/edicionesalfar.es\\\/es\\\/\",\"name\":\"Ediciones Alfar\",\"description\":\"\",\"potentialAction\":[{\"@type\":\"SearchAction\",\"target\":{\"@type\":\"EntryPoint\",\"urlTemplate\":\"https:\\\/\\\/edicionesalfar.es\\\/es\\\/?s={search_term_string}\"},\"query-input\":{\"@type\":\"PropertyValueSpecification\",\"valueRequired\":true,\"valueName\":\"search_term_string\"}}],\"inLanguage\":\"es\"}]}<\/script>\n<!-- \/ Yoast SEO plugin. -->","yoast_head_json":{"title":"LOL Retos Divertidos - Ediciones Alfar","robots":{"index":"index","follow":"follow","max-snippet":"max-snippet:-1","max-image-preview":"max-image-preview:large","max-video-preview":"max-video-preview:-1"},"canonical":"https:\/\/edicionesalfar.es\/es\/producto\/lol-retos-divertidos\/","og_locale":"es_ES","og_type":"article","og_title":"LOL Retos Divertidos - Ediciones Alfar","og_description":"Chiqui y Libi, junto con sus gatos F\u00edgaro, Mona y Kokoro, son los protagonistas del canal de Youtube 'LOL Retos Divertidos', donde el humor nunca falta. Un canal enfocado a toda la familia para exponer los retos m\u00e1s virales y divertidos de internet.  En sus videos siempre sacan la carcajada a sus suscriptores con sus parodias, canciones e historias locas con el hacker, un hombre enmascarado que, adem\u00e1s de enigm\u00e1tico, se encarga de ense\u00f1ar los valores m\u00e1s importantes a la audiencia.\u00a0","og_url":"https:\/\/edicionesalfar.es\/es\/producto\/lol-retos-divertidos\/","og_site_name":"Ediciones Alfar","article_modified_time":"2023-03-21T16:31:03+00:00","og_image":[{"width":1218,"height":1448,"url":"https:\/\/edicionesalfar.es\/es\/wp-content\/uploads\/2021\/11\/Foto-para-web.jpg","type":"image\/jpeg"}],"twitter_card":"summary_large_image","twitter_misc":{"Tiempo de lectura":"1 minuto"},"schema":{"@context":"https:\/\/schema.org","@graph":[{"@type":"WebPage","@id":"https:\/\/edicionesalfar.es\/es\/producto\/lol-retos-divertidos\/","url":"https:\/\/edicionesalfar.es\/es\/producto\/lol-retos-divertidos\/","name":"LOL Retos Divertidos - Ediciones Alfar","isPartOf":{"@id":"https:\/\/edicionesalfar.es\/es\/#website"},"primaryImageOfPage":{"@id":"https:\/\/edicionesalfar.es\/es\/producto\/lol-retos-divertidos\/#primaryimage"},"image":{"@id":"https:\/\/edicionesalfar.es\/es\/producto\/lol-retos-divertidos\/#primaryimage"},"thumbnailUrl":"https:\/\/edicionesalfar.es\/es\/wp-content\/uploads\/2021\/11\/Foto-para-web.jpg","datePublished":"2021-11-18T09:29:14+00:00","dateModified":"2023-03-21T16:31:03+00:00","breadcrumb":{"@id":"https:\/\/edicionesalfar.es\/es\/producto\/lol-retos-divertidos\/#breadcrumb"},"inLanguage":"es","potentialAction":[{"@type":"ReadAction","target":["https:\/\/edicionesalfar.es\/es\/producto\/lol-retos-divertidos\/"]}]},{"@type":"ImageObject","inLanguage":"es","@id":"https:\/\/edicionesalfar.es\/es\/producto\/lol-retos-divertidos\/#primaryimage","url":"https:\/\/edicionesalfar.es\/es\/wp-content\/uploads\/2021\/11\/Foto-para-web.jpg","contentUrl":"https:\/\/edicionesalfar.es\/es\/wp-content\/uploads\/2021\/11\/Foto-para-web.jpg","width":1218,"height":1448},{"@type":"BreadcrumbList","@id":"https:\/\/edicionesalfar.es\/es\/producto\/lol-retos-divertidos\/#breadcrumb","itemListElement":[{"@type":"ListItem","position":1,"name":"Portada","item":"https:\/\/edicionesalfar.es\/es\/"},{"@type":"ListItem","position":2,"name":"Cat\u00e1logo","item":"https:\/\/edicionesalfar.es\/es\/catalogo\/"},{"@type":"ListItem","position":3,"name":"LOL Retos Divertidos"}]},{"@type":"WebSite","@id":"https:\/\/edicionesalfar.es\/es\/#website","url":"https:\/\/edicionesalfar.es\/es\/","name":"Ediciones Alfar","description":"","potentialAction":[{"@type":"SearchAction","target":{"@type":"EntryPoint","urlTemplate":"https:\/\/edicionesalfar.es\/es\/?s={search_term_string}"},"query-input":{"@type":"PropertyValueSpecification","valueRequired":true,"valueName":"search_term_string"}}],"inLanguage":"es"}]}},"_links":{"self":[{"href":"https:\/\/edicionesalfar.es\/es\/wp-json\/wp\/v2\/product\/17597","targetHints":{"allow":["GET"]}}],"collection":[{"href":"https:\/\/edicionesalfar.es\/es\/wp-json\/wp\/v2\/product"}],"about":[{"href":"https:\/\/edicionesalfar.es\/es\/wp-json\/wp\/v2\/types\/product"}],"replies":[{"embeddable":true,"href":"https:\/\/edicionesalfar.es\/es\/wp-json\/wp\/v2\/comments?post=17597"}],"wp:featuredmedia":[{"embeddable":true,"href":"https:\/\/edicionesalfar.es\/es\/wp-json\/wp\/v2\/media\/17677"}],"wp:attachment":[{"href":"https:\/\/edicionesalfar.es\/es\/wp-json\/wp\/v2\/media?parent=17597"}],"wp:term":[{"taxonomy":"product_brand","embeddable":true,"href":"https:\/\/edicionesalfar.es\/es\/wp-json\/wp\/v2\/product_brand?post=17597"},{"taxonomy":"product_cat","embeddable":true,"href":"https:\/\/edicionesalfar.es\/es\/wp-json\/wp\/v2\/product_cat?post=17597"},{"taxonomy":"product_tag","embeddable":true,"href":"https:\/\/edicionesalfar.es\/es\/wp-json\/wp\/v2\/product_tag?post=17597"}],"curies":[{"name":"wp","href":"https:\/\/api.w.org\/{rel}","templated":true}]}}