{"id":17463,"date":"2021-10-21T13:14:13","date_gmt":"2021-10-21T11:14:13","guid":{"rendered":"https:\/\/edicionesalfar.es\/es\/?post_type=product&#038;p=17463"},"modified":"2022-09-02T08:51:27","modified_gmt":"2022-09-02T06:51:27","slug":"economia-espanola-tercera-edicion","status":"publish","type":"product","link":"https:\/\/edicionesalfar.es\/es\/producto\/economia-espanola-tercera-edicion\/","title":{"rendered":"Econom\u00eda Espa\u00f1ola. Homenaje a Joan Sard\u00e0"},"content":{"rendered":"<p><span style=\"color: #000000;\">Econom\u00eda Espa\u00f1ola. Homenaje a Joan Sard\u00e0 es la tercera edici\u00f3n del manual dise\u00f1ado a finales de los a\u00f1os noventa por el Prof. Jos\u00e9 Vall\u00e9s. Esta edici\u00f3n, a la que se suma el Prof. Pedro Caldentey como editor, incluye nuevos cap\u00edtulos y autores, a los que se incorporan varios profesores desde la Universidad Loyola Andaluc\u00eda que acoge el lanzamiento de esta nueva edici\u00f3n.<\/span><br \/>\n<span style=\"color: #000000;\">El texto ofrece una visi\u00f3n amplia de la evoluci\u00f3n de la econom\u00eda espa\u00f1ola contempor\u00e1nea en 22 cap\u00edtulos dirigidos a acad\u00e9micos, analistas y profesionales de la econom\u00eda, y especialmente a los estudiantes de esta materia. Para ellos adopta las caracter\u00edsticas de un manual que ofrece al lector una visi\u00f3n macroecon\u00f3mica de la econom\u00eda espa\u00f1ola, tanto desde una perspectiva global como sectorial e instrumental. El libro analiza el marco general de la pol\u00edtica espa\u00f1ola partiendo de la revisi\u00f3n de los modelos de econom\u00eda espa\u00f1ola definidos por el Prof. Vall\u00e9s desde 1959 hasta la Gran Recesi\u00f3n y la irrupci\u00f3n de la pandemia y en el marco de la Uni\u00f3n Europea. Revisa la estructura sectorial de la econom\u00eda espa\u00f1ola y el comportamiento de los sectores productivos, as\u00ed como el marco instrumental de la misma (pol\u00edticas y mercados). El an\u00e1lisis de la evoluci\u00f3n de la econom\u00eda espa\u00f1ola y sus problemas estructurales recurre a un enfoque que sintetiza lo estructural y lo coyuntural y est\u00e1 especialmente atento a los efectos de la pol\u00edtica y la acci\u00f3n del gobierno, cuyo protagonismo ha crecido en la \u00faltima d\u00e9cada en un marco de creciente incertidumbre e inestabilidad.<\/span><br \/>\n<span style=\"color: #000000;\">La obra reconoce la importancia de varios hitos hist\u00f3ricos en nuestra econom\u00eda, desde el plan de estabilizaci\u00f3n de 1959 a la Gran Recesi\u00f3n de 2008, pasando por la transici\u00f3n de finales de los a\u00f1os setenta, la adhesi\u00f3n de Espa\u00f1a a la CEE en los ochenta y la participaci\u00f3n en el dise\u00f1o e incorporaci\u00f3n a la Uni\u00f3n Monetaria en los a\u00f1os noventa. Analiza el impacto de la Gran Recesi\u00f3n y explora las soluciones adoptadas frente a la pandemia y el confinamiento provocados por el COVID-19, durante cuyo desarrollo se ha escrito y editado este manual.<\/span><br \/>\n<span style=\"color: #000000;\">Reconociendo la importancia de esa secuencia hist\u00f3rica para interpretar la econom\u00eda espa\u00f1ola, esta obra incluye un Homenaje a Joan Sard\u00e0, a partir de un conjunto de colaboraciones que rinden tributo al que es el economista m\u00e1s influyente del siglo xx para nuestra econom\u00eda. Maestro de economistas, Joan Sard\u00e0, fue el autor intelectual del Plan de Estabilizaci\u00f3n de la econom\u00eda espa\u00f1ola de 1959 y por ello art\u00edfice principal del proceso de transformaci\u00f3n de la econom\u00eda espa\u00f1ola y antecedente indispensable para la incorporaci\u00f3n de Espa\u00f1a en la Uni\u00f3n Europea.<\/span><\/p>\n","protected":false},"excerpt":{"rendered":"<p>Econom\u00eda Espa\u00f1ola. Homenaje a Joan Sard\u00e0 es la tercera edici\u00f3n del manual dise\u00f1ado a finales de los a\u00f1os noventa por el Prof. Jos\u00e9 Vall\u00e9s. Esta edici\u00f3n, a la que se suma el Prof. Pedro Caldentey como editor, incluye nuevos cap\u00edtulos y autores, a los que se incorporan varios profesores desde la Universidad Loyola Andaluc\u00eda que acoge el lanzamiento de esta nueva edici\u00f3n.<\/p>\n","protected":false},"featured_media":17464,"comment_status":"closed","ping_status":"closed","template":"","meta":{"_acf_changed":false,"_et_pb_use_builder":"","_et_pb_old_content":"","_et_gb_content_width":""},"product_brand":[],"product_cat":[20,376,493,26],"product_tag":[69,394,142,393],"class_list":{"0":"post-17463","1":"product","2":"type-product","3":"status-publish","4":"has-post-thumbnail","6":"product_cat-alfar-universidad","7":"product_cat-autores","8":"product_cat-caldentey-pedro","9":"product_cat-historia-politica","10":"product_tag-actualidad","11":"product_tag-analisis","12":"product_tag-economia","13":"product_tag-espana","15":"first","16":"instock","17":"sale","18":"taxable","19":"shipping-taxable","20":"purchasable","21":"product-type-simple"},"acf":[],"yoast_head":"<!-- This site is optimized with the Yoast SEO plugin v27.4 - https:\/\/yoast.com\/product\/yoast-seo-wordpress\/ -->\n<title>Econom\u00eda Espa\u00f1ola. Homenaje a Joan Sard\u00e0 - Ediciones Alfar<\/title>\n<meta name=\"robots\" content=\"index, follow, max-snippet:-1, max-image-preview:large, max-video-preview:-1\" \/>\n<link rel=\"canonical\" href=\"https:\/\/edicionesalfar.es\/es\/producto\/economia-espanola-tercera-edicion\/\" \/>\n<meta property=\"og:locale\" content=\"es_ES\" \/>\n<meta property=\"og:type\" content=\"article\" \/>\n<meta property=\"og:title\" content=\"Econom\u00eda Espa\u00f1ola. Homenaje a Joan Sard\u00e0 - Ediciones Alfar\" \/>\n<meta property=\"og:description\" content=\"Econom\u00eda Espa\u00f1ola. Homenaje a Joan Sard\u00e0 es la tercera edici\u00f3n del manual dise\u00f1ado a finales de los a\u00f1os noventa por el Prof. Jos\u00e9 Vall\u00e9s. Esta edici\u00f3n, a la que se suma el Prof. Pedro Caldentey como editor, incluye nuevos cap\u00edtulos y autores, a los que se incorporan varios profesores desde la Universidad Loyola Andaluc\u00eda que acoge el lanzamiento de esta nueva edici\u00f3n.\" \/>\n<meta property=\"og:url\" content=\"https:\/\/edicionesalfar.es\/es\/producto\/economia-espanola-tercera-edicion\/\" \/>\n<meta property=\"og:site_name\" content=\"Ediciones Alfar\" \/>\n<meta property=\"article:modified_time\" content=\"2022-09-02T06:51:27+00:00\" \/>\n<meta property=\"og:image\" content=\"https:\/\/edicionesalfar.es\/es\/wp-content\/uploads\/2021\/10\/9788478989119_web-scaled.jpg\" \/>\n\t<meta property=\"og:image:width\" content=\"2133\" \/>\n\t<meta property=\"og:image:height\" content=\"2560\" \/>\n\t<meta property=\"og:image:type\" content=\"image\/jpeg\" \/>\n<meta name=\"twitter:card\" content=\"summary_large_image\" \/>\n<meta name=\"twitter:label1\" content=\"Tiempo de lectura\" \/>\n\t<meta name=\"twitter:data1\" content=\"2 minutos\" \/>\n<script type=\"application\/ld+json\" class=\"yoast-schema-graph\">{\"@context\":\"https:\\\/\\\/schema.org\",\"@graph\":[{\"@type\":\"WebPage\",\"@id\":\"https:\\\/\\\/edicionesalfar.es\\\/es\\\/producto\\\/economia-espanola-tercera-edicion\\\/\",\"url\":\"https:\\\/\\\/edicionesalfar.es\\\/es\\\/producto\\\/economia-espanola-tercera-edicion\\\/\",\"name\":\"Econom\u00eda Espa\u00f1ola. Homenaje a Joan Sard\u00e0 - Ediciones Alfar\",\"isPartOf\":{\"@id\":\"https:\\\/\\\/edicionesalfar.es\\\/es\\\/#website\"},\"primaryImageOfPage\":{\"@id\":\"https:\\\/\\\/edicionesalfar.es\\\/es\\\/producto\\\/economia-espanola-tercera-edicion\\\/#primaryimage\"},\"image\":{\"@id\":\"https:\\\/\\\/edicionesalfar.es\\\/es\\\/producto\\\/economia-espanola-tercera-edicion\\\/#primaryimage\"},\"thumbnailUrl\":\"https:\\\/\\\/edicionesalfar.es\\\/es\\\/wp-content\\\/uploads\\\/2021\\\/10\\\/9788478989119_web-scaled.jpg\",\"datePublished\":\"2021-10-21T11:14:13+00:00\",\"dateModified\":\"2022-09-02T06:51:27+00:00\",\"breadcrumb\":{\"@id\":\"https:\\\/\\\/edicionesalfar.es\\\/es\\\/producto\\\/economia-espanola-tercera-edicion\\\/#breadcrumb\"},\"inLanguage\":\"es\",\"potentialAction\":[{\"@type\":\"ReadAction\",\"target\":[\"https:\\\/\\\/edicionesalfar.es\\\/es\\\/producto\\\/economia-espanola-tercera-edicion\\\/\"]}]},{\"@type\":\"ImageObject\",\"inLanguage\":\"es\",\"@id\":\"https:\\\/\\\/edicionesalfar.es\\\/es\\\/producto\\\/economia-espanola-tercera-edicion\\\/#primaryimage\",\"url\":\"https:\\\/\\\/edicionesalfar.es\\\/es\\\/wp-content\\\/uploads\\\/2021\\\/10\\\/9788478989119_web-scaled.jpg\",\"contentUrl\":\"https:\\\/\\\/edicionesalfar.es\\\/es\\\/wp-content\\\/uploads\\\/2021\\\/10\\\/9788478989119_web-scaled.jpg\",\"width\":2133,\"height\":2560},{\"@type\":\"BreadcrumbList\",\"@id\":\"https:\\\/\\\/edicionesalfar.es\\\/es\\\/producto\\\/economia-espanola-tercera-edicion\\\/#breadcrumb\",\"itemListElement\":[{\"@type\":\"ListItem\",\"position\":1,\"name\":\"Portada\",\"item\":\"https:\\\/\\\/edicionesalfar.es\\\/es\\\/\"},{\"@type\":\"ListItem\",\"position\":2,\"name\":\"Cat\u00e1logo\",\"item\":\"https:\\\/\\\/edicionesalfar.es\\\/es\\\/catalogo\\\/\"},{\"@type\":\"ListItem\",\"position\":3,\"name\":\"Econom\u00eda Espa\u00f1ola. Homenaje a Joan Sard\u00e0\"}]},{\"@type\":\"WebSite\",\"@id\":\"https:\\\/\\\/edicionesalfar.es\\\/es\\\/#website\",\"url\":\"https:\\\/\\\/edicionesalfar.es\\\/es\\\/\",\"name\":\"Ediciones Alfar\",\"description\":\"\",\"potentialAction\":[{\"@type\":\"SearchAction\",\"target\":{\"@type\":\"EntryPoint\",\"urlTemplate\":\"https:\\\/\\\/edicionesalfar.es\\\/es\\\/?s={search_term_string}\"},\"query-input\":{\"@type\":\"PropertyValueSpecification\",\"valueRequired\":true,\"valueName\":\"search_term_string\"}}],\"inLanguage\":\"es\"}]}<\/script>\n<!-- \/ Yoast SEO plugin. -->","yoast_head_json":{"title":"Econom\u00eda Espa\u00f1ola. Homenaje a Joan Sard\u00e0 - Ediciones Alfar","robots":{"index":"index","follow":"follow","max-snippet":"max-snippet:-1","max-image-preview":"max-image-preview:large","max-video-preview":"max-video-preview:-1"},"canonical":"https:\/\/edicionesalfar.es\/es\/producto\/economia-espanola-tercera-edicion\/","og_locale":"es_ES","og_type":"article","og_title":"Econom\u00eda Espa\u00f1ola. Homenaje a Joan Sard\u00e0 - Ediciones Alfar","og_description":"Econom\u00eda Espa\u00f1ola. Homenaje a Joan Sard\u00e0 es la tercera edici\u00f3n del manual dise\u00f1ado a finales de los a\u00f1os noventa por el Prof. Jos\u00e9 Vall\u00e9s. Esta edici\u00f3n, a la que se suma el Prof. Pedro Caldentey como editor, incluye nuevos cap\u00edtulos y autores, a los que se incorporan varios profesores desde la Universidad Loyola Andaluc\u00eda que acoge el lanzamiento de esta nueva edici\u00f3n.","og_url":"https:\/\/edicionesalfar.es\/es\/producto\/economia-espanola-tercera-edicion\/","og_site_name":"Ediciones Alfar","article_modified_time":"2022-09-02T06:51:27+00:00","og_image":[{"width":2133,"height":2560,"url":"https:\/\/edicionesalfar.es\/es\/wp-content\/uploads\/2021\/10\/9788478989119_web-scaled.jpg","type":"image\/jpeg"}],"twitter_card":"summary_large_image","twitter_misc":{"Tiempo de lectura":"2 minutos"},"schema":{"@context":"https:\/\/schema.org","@graph":[{"@type":"WebPage","@id":"https:\/\/edicionesalfar.es\/es\/producto\/economia-espanola-tercera-edicion\/","url":"https:\/\/edicionesalfar.es\/es\/producto\/economia-espanola-tercera-edicion\/","name":"Econom\u00eda Espa\u00f1ola. Homenaje a Joan Sard\u00e0 - Ediciones Alfar","isPartOf":{"@id":"https:\/\/edicionesalfar.es\/es\/#website"},"primaryImageOfPage":{"@id":"https:\/\/edicionesalfar.es\/es\/producto\/economia-espanola-tercera-edicion\/#primaryimage"},"image":{"@id":"https:\/\/edicionesalfar.es\/es\/producto\/economia-espanola-tercera-edicion\/#primaryimage"},"thumbnailUrl":"https:\/\/edicionesalfar.es\/es\/wp-content\/uploads\/2021\/10\/9788478989119_web-scaled.jpg","datePublished":"2021-10-21T11:14:13+00:00","dateModified":"2022-09-02T06:51:27+00:00","breadcrumb":{"@id":"https:\/\/edicionesalfar.es\/es\/producto\/economia-espanola-tercera-edicion\/#breadcrumb"},"inLanguage":"es","potentialAction":[{"@type":"ReadAction","target":["https:\/\/edicionesalfar.es\/es\/producto\/economia-espanola-tercera-edicion\/"]}]},{"@type":"ImageObject","inLanguage":"es","@id":"https:\/\/edicionesalfar.es\/es\/producto\/economia-espanola-tercera-edicion\/#primaryimage","url":"https:\/\/edicionesalfar.es\/es\/wp-content\/uploads\/2021\/10\/9788478989119_web-scaled.jpg","contentUrl":"https:\/\/edicionesalfar.es\/es\/wp-content\/uploads\/2021\/10\/9788478989119_web-scaled.jpg","width":2133,"height":2560},{"@type":"BreadcrumbList","@id":"https:\/\/edicionesalfar.es\/es\/producto\/economia-espanola-tercera-edicion\/#breadcrumb","itemListElement":[{"@type":"ListItem","position":1,"name":"Portada","item":"https:\/\/edicionesalfar.es\/es\/"},{"@type":"ListItem","position":2,"name":"Cat\u00e1logo","item":"https:\/\/edicionesalfar.es\/es\/catalogo\/"},{"@type":"ListItem","position":3,"name":"Econom\u00eda Espa\u00f1ola. Homenaje a Joan Sard\u00e0"}]},{"@type":"WebSite","@id":"https:\/\/edicionesalfar.es\/es\/#website","url":"https:\/\/edicionesalfar.es\/es\/","name":"Ediciones Alfar","description":"","potentialAction":[{"@type":"SearchAction","target":{"@type":"EntryPoint","urlTemplate":"https:\/\/edicionesalfar.es\/es\/?s={search_term_string}"},"query-input":{"@type":"PropertyValueSpecification","valueRequired":true,"valueName":"search_term_string"}}],"inLanguage":"es"}]}},"_links":{"self":[{"href":"https:\/\/edicionesalfar.es\/es\/wp-json\/wp\/v2\/product\/17463","targetHints":{"allow":["GET"]}}],"collection":[{"href":"https:\/\/edicionesalfar.es\/es\/wp-json\/wp\/v2\/product"}],"about":[{"href":"https:\/\/edicionesalfar.es\/es\/wp-json\/wp\/v2\/types\/product"}],"replies":[{"embeddable":true,"href":"https:\/\/edicionesalfar.es\/es\/wp-json\/wp\/v2\/comments?post=17463"}],"wp:featuredmedia":[{"embeddable":true,"href":"https:\/\/edicionesalfar.es\/es\/wp-json\/wp\/v2\/media\/17464"}],"wp:attachment":[{"href":"https:\/\/edicionesalfar.es\/es\/wp-json\/wp\/v2\/media?parent=17463"}],"wp:term":[{"taxonomy":"product_brand","embeddable":true,"href":"https:\/\/edicionesalfar.es\/es\/wp-json\/wp\/v2\/product_brand?post=17463"},{"taxonomy":"product_cat","embeddable":true,"href":"https:\/\/edicionesalfar.es\/es\/wp-json\/wp\/v2\/product_cat?post=17463"},{"taxonomy":"product_tag","embeddable":true,"href":"https:\/\/edicionesalfar.es\/es\/wp-json\/wp\/v2\/product_tag?post=17463"}],"curies":[{"name":"wp","href":"https:\/\/api.w.org\/{rel}","templated":true}]}}