{"id":17226,"date":"2021-07-12T15:20:25","date_gmt":"2021-07-12T13:20:25","guid":{"rendered":"https:\/\/www.edicionesalfar.es\/es\/?post_type=product&#038;p=17226"},"modified":"2022-06-29T10:52:04","modified_gmt":"2022-06-29T08:52:04","slug":"algunos-amores-no-duelen-tanto","status":"publish","type":"product","link":"https:\/\/edicionesalfar.es\/es\/producto\/algunos-amores-no-duelen-tanto\/","title":{"rendered":"Algunos amores no duelen tanto"},"content":{"rendered":"<p><span style=\"color: #000000;\">El autor nos recrea, de una forma muy divertida y amena, el desequilibrio que provoca ese sentimiento desde un amplio abanico <\/span><span style=\"color: #000000;\">de aspectos. Parte del encuentro inesperado de un soldado y una v\u00edctima de la guerra en medio del caos, como un s\u00edmbolo de <\/span><span style=\"color: #000000;\">esperanza de que el afecto y la ternura pueden surgir en las situaciones m\u00e1s adversas.<\/span><br \/>\n<span style=\"color: #000000;\">Con grandes dosis de humor, muchas veces a trav\u00e9s del recurso de la paradoja y de mostrar lo ins\u00f3lito, el libro recorre relaciones <\/span><span style=\"color: #000000;\">superficiales, confusiones, rechazos, celos, violencia, estafas, malentendidos, desesperaci\u00f3n, deseos contrapuestos, p\u00e1nico por <\/span><span style=\"color: #000000;\">comprometerse, desamor, aburrimiento, nostalgias, incertidumbres, sospechas, expectativas, falsedades, enga\u00f1os, hipocres\u00eda, <\/span><span style=\"color: #000000;\">chantajes emocionales, misoginia, misandria, problemas de convivencia; en definitiva: contradicciones y dificultades para alcanzar <\/span><span style=\"color: #000000;\">nuestros sue\u00f1os. Adem\u00e1s, el escritor nos se\u00f1ala que cualquier edad es buena para amar, pues esa pulsi\u00f3n puede brotar tanto en la <\/span><span style=\"color: #000000;\">pubertad, dentro del entorno del colegio, como, incluso, durante la vejez, en el interior de una residencia de ancianos. Asimismo, <\/span><span style=\"color: #000000;\">destaca que las apariencias enga\u00f1an y hay muchas clases de parejas, muchos tipos de amor. Tambi\u00e9n, nos presenta distintas <\/span><span style=\"color: #000000;\">formas de practicar y disfrutar del sexo: intercambio de parejas, relaciones homosexuales, tr\u00edos, voyerismo, org\u00edas, exhibicionismo, <\/span><span style=\"color: #000000;\">etc. El placer puede ser satisfecho de muy variadas maneras y no debe de haber tab\u00fas que opriman tales manifestaciones de deseo. <\/span><span style=\"color: #000000;\">Para el narrador el amor es una br\u00fajula interna que cambia de direcci\u00f3n y el sufrimiento que produce, en la mayor\u00eda de los casos, <\/span><span style=\"color: #000000;\">es el reverso donde atracan buena parte de nuestras ilusiones, por eso solo algunos amores no duelen tanto.<\/span><\/p>\n<p><span style=\"color: #000000;\"><img decoding=\"async\" class=\" wp-image-17228 alignleft\" src=\"https:\/\/edicionesalfar.es\/es\/wp-content\/uploads\/2021\/07\/image-e1626096193549.png\" alt=\"\" width=\"125\" height=\"187\" \/>Antonio Anasagasti Valderrama (C\u00e1diz, 1958). Licenciado en Derecho por la Universidad de Sevilla, ejerci\u00f3 de abogado <\/span><span style=\"color: #000000;\">laboralista. M\u00e1s tarde, ingres\u00f3 en la Armada y, actualmente, es Coronel de Intendencia de ese ej\u00e9rcito. Ha sido articulista de <em>La <\/em><\/span><span style=\"color: #000000;\"><em>Voz de C\u00e1diz<\/em> y <em>La Voz del Sur<\/em>. Form\u00f3 parte del colectivo \u201cJaramago\u201d y colabor\u00f3 durante la Transici\u00f3n en la revista del mismo <\/span><span style=\"color: #000000;\">nombre. Es miembro del Foro Libre y de la Asamblea Amistosa Literaria. Coautor del libro <em>Aldea Po\u00e9tica<\/em>, prologado por Gloria <\/span><span style=\"color: #000000;\">Fuertes. Ha publicado los poemarios: <em>Sobre aliteradas alas<\/em> (Niebla, 1999),<em> Arr\u00edtmico amor<\/em> (Devenir, 2003) y <em>En el interior de la <\/em><\/span><span style=\"color: #000000;\"><em>ciudad encerrada<\/em> (Ayto. Salobre\u00f1a, 2004). Sus relatos han aparecidos en medios como el peri\u00f3dico <em>El Faro de Motril<\/em>, la revista <em>Tres <\/em><\/span><span style=\"color: #000000;\"><em>orillas<\/em> y el libro <em>Relatos en Cadena<\/em>. Es uno de los autores del volumen de narrativa <em>Algo que me urge contarte<\/em>, junto con otros <\/span><span style=\"color: #000000;\">veinte ventanianos (escritores habituales del programa de la Cadena SER \u201cLa Ventana de Mill\u00e1s\u201d).<\/span><br \/>\n<span style=\"color: #000000;\">Ha escrito tres colecciones de microrrelatos: <em>Marte entra en la casa octava<\/em> (Alhulia, Salobre\u00f1a, 2006), <em>El fin del poder absoluto<\/em> (Diputaci\u00f3n Provincial <\/span><span style=\"color: #000000;\">de C\u00e1diz, 2007) e <em>Hijos del Mayo del 68<\/em> (Alhulia, 2008). Ha editado el libro de relatos <em>Un recetario de muerte<\/em> (Alhulia, 2016). Es autor tambi\u00e9n de la <\/span><span style=\"color: #000000;\">novela gr\u00e1fica <em>Pedro el cazador de sirenas<\/em> (Terra Natio, 2019). Su \u00faltimo libro publicado ha sido el libro de relatos <em>Algunos asesinatos duelen m\u00e1s<\/em> (2019. Ediciones Alfar).<br \/>\n<\/span><\/p>\n","protected":false},"excerpt":{"rendered":"<p><span style=\"color: #000000;\">Vuelve Antonio Anasagasti con los mejores relatos ir\u00f3nicos, certeros y directos a nuestra fibra m\u00e1s \u00absensible\u00bb. Tras el \u00e9xito de <em>Algunos asesinatos duelen m\u00e1s<\/em>, vuelve (con dosis de humor) con <em>Algunos amores no duelen tanto.<\/em><\/span><\/p>\n<h1><span style=\"color: #ff0000;\"><strong>\u00a0<\/strong><\/span><\/h1>\n","protected":false},"featured_media":17227,"comment_status":"closed","ping_status":"closed","template":"","meta":{"_acf_changed":false,"_et_pb_use_builder":"","_et_pb_old_content":"","_et_gb_content_width":""},"product_brand":[],"product_cat":[447,376,47],"product_tag":[69,67,68,66],"class_list":{"0":"post-17226","1":"product","2":"type-product","3":"status-publish","4":"has-post-thumbnail","6":"product_cat-anasagasti-valderrama-antonio","7":"product_cat-autores","8":"product_cat-otras-narrativas","9":"product_tag-actualidad","10":"product_tag-humor","11":"product_tag-ironia","12":"product_tag-relatos","14":"first","15":"instock","16":"sale","17":"taxable","18":"shipping-taxable","19":"purchasable","20":"product-type-simple"},"acf":[],"yoast_head":"<!-- This site is optimized with the Yoast SEO plugin v27.5 - https:\/\/yoast.com\/product\/yoast-seo-wordpress\/ -->\n<title>Algunos amores no duelen tanto - Ediciones Alfar<\/title>\n<meta name=\"robots\" content=\"index, follow, max-snippet:-1, max-image-preview:large, max-video-preview:-1\" \/>\n<link rel=\"canonical\" href=\"https:\/\/edicionesalfar.es\/es\/producto\/algunos-amores-no-duelen-tanto\/\" \/>\n<meta property=\"og:locale\" content=\"es_ES\" \/>\n<meta property=\"og:type\" content=\"article\" \/>\n<meta property=\"og:title\" content=\"Algunos amores no duelen tanto - Ediciones Alfar\" \/>\n<meta property=\"og:description\" content=\"Vuelve Antonio Anasagasti con los mejores relatos ir\u00f3nicos, certeros y directos a nuestra fibra m\u00e1s &quot;sensible&quot;. Tras el \u00e9xito de Algunos asesinatos duelen m\u00e1s, vuelve (con dosis de humor) con Algunos amores no duelen tanto. \u00a0\" \/>\n<meta property=\"og:url\" content=\"https:\/\/edicionesalfar.es\/es\/producto\/algunos-amores-no-duelen-tanto\/\" \/>\n<meta property=\"og:site_name\" content=\"Ediciones Alfar\" \/>\n<meta property=\"article:modified_time\" content=\"2022-06-29T08:52:04+00:00\" \/>\n<meta property=\"og:image\" content=\"https:\/\/edicionesalfar.es\/es\/wp-content\/uploads\/2021\/07\/9788478989010_mokup_algunosamores-sencilloa.jpg\" \/>\n\t<meta property=\"og:image:width\" content=\"2029\" \/>\n\t<meta property=\"og:image:height\" content=\"2403\" \/>\n\t<meta property=\"og:image:type\" content=\"image\/jpeg\" \/>\n<meta name=\"twitter:card\" content=\"summary_large_image\" \/>\n<meta name=\"twitter:label1\" content=\"Tiempo de lectura\" \/>\n\t<meta name=\"twitter:data1\" content=\"3 minutos\" \/>\n<script type=\"application\/ld+json\" class=\"yoast-schema-graph\">{\"@context\":\"https:\\\/\\\/schema.org\",\"@graph\":[{\"@type\":\"WebPage\",\"@id\":\"https:\\\/\\\/edicionesalfar.es\\\/es\\\/producto\\\/algunos-amores-no-duelen-tanto\\\/\",\"url\":\"https:\\\/\\\/edicionesalfar.es\\\/es\\\/producto\\\/algunos-amores-no-duelen-tanto\\\/\",\"name\":\"Algunos amores no duelen tanto - Ediciones Alfar\",\"isPartOf\":{\"@id\":\"https:\\\/\\\/edicionesalfar.es\\\/es\\\/#website\"},\"primaryImageOfPage\":{\"@id\":\"https:\\\/\\\/edicionesalfar.es\\\/es\\\/producto\\\/algunos-amores-no-duelen-tanto\\\/#primaryimage\"},\"image\":{\"@id\":\"https:\\\/\\\/edicionesalfar.es\\\/es\\\/producto\\\/algunos-amores-no-duelen-tanto\\\/#primaryimage\"},\"thumbnailUrl\":\"https:\\\/\\\/edicionesalfar.es\\\/es\\\/wp-content\\\/uploads\\\/2021\\\/07\\\/9788478989010_mokup_algunosamores-sencilloa.jpg\",\"datePublished\":\"2021-07-12T13:20:25+00:00\",\"dateModified\":\"2022-06-29T08:52:04+00:00\",\"breadcrumb\":{\"@id\":\"https:\\\/\\\/edicionesalfar.es\\\/es\\\/producto\\\/algunos-amores-no-duelen-tanto\\\/#breadcrumb\"},\"inLanguage\":\"es\",\"potentialAction\":[{\"@type\":\"ReadAction\",\"target\":[\"https:\\\/\\\/edicionesalfar.es\\\/es\\\/producto\\\/algunos-amores-no-duelen-tanto\\\/\"]}]},{\"@type\":\"ImageObject\",\"inLanguage\":\"es\",\"@id\":\"https:\\\/\\\/edicionesalfar.es\\\/es\\\/producto\\\/algunos-amores-no-duelen-tanto\\\/#primaryimage\",\"url\":\"https:\\\/\\\/edicionesalfar.es\\\/es\\\/wp-content\\\/uploads\\\/2021\\\/07\\\/9788478989010_mokup_algunosamores-sencilloa.jpg\",\"contentUrl\":\"https:\\\/\\\/edicionesalfar.es\\\/es\\\/wp-content\\\/uploads\\\/2021\\\/07\\\/9788478989010_mokup_algunosamores-sencilloa.jpg\",\"width\":2029,\"height\":2403},{\"@type\":\"BreadcrumbList\",\"@id\":\"https:\\\/\\\/edicionesalfar.es\\\/es\\\/producto\\\/algunos-amores-no-duelen-tanto\\\/#breadcrumb\",\"itemListElement\":[{\"@type\":\"ListItem\",\"position\":1,\"name\":\"Portada\",\"item\":\"https:\\\/\\\/edicionesalfar.es\\\/es\\\/\"},{\"@type\":\"ListItem\",\"position\":2,\"name\":\"Cat\u00e1logo\",\"item\":\"https:\\\/\\\/edicionesalfar.es\\\/es\\\/catalogo\\\/\"},{\"@type\":\"ListItem\",\"position\":3,\"name\":\"Algunos amores no duelen tanto\"}]},{\"@type\":\"WebSite\",\"@id\":\"https:\\\/\\\/edicionesalfar.es\\\/es\\\/#website\",\"url\":\"https:\\\/\\\/edicionesalfar.es\\\/es\\\/\",\"name\":\"Ediciones Alfar\",\"description\":\"\",\"potentialAction\":[{\"@type\":\"SearchAction\",\"target\":{\"@type\":\"EntryPoint\",\"urlTemplate\":\"https:\\\/\\\/edicionesalfar.es\\\/es\\\/?s={search_term_string}\"},\"query-input\":{\"@type\":\"PropertyValueSpecification\",\"valueRequired\":true,\"valueName\":\"search_term_string\"}}],\"inLanguage\":\"es\"}]}<\/script>\n<!-- \/ Yoast SEO plugin. -->","yoast_head_json":{"title":"Algunos amores no duelen tanto - Ediciones Alfar","robots":{"index":"index","follow":"follow","max-snippet":"max-snippet:-1","max-image-preview":"max-image-preview:large","max-video-preview":"max-video-preview:-1"},"canonical":"https:\/\/edicionesalfar.es\/es\/producto\/algunos-amores-no-duelen-tanto\/","og_locale":"es_ES","og_type":"article","og_title":"Algunos amores no duelen tanto - Ediciones Alfar","og_description":"Vuelve Antonio Anasagasti con los mejores relatos ir\u00f3nicos, certeros y directos a nuestra fibra m\u00e1s \"sensible\". Tras el \u00e9xito de Algunos asesinatos duelen m\u00e1s, vuelve (con dosis de humor) con Algunos amores no duelen tanto. \u00a0","og_url":"https:\/\/edicionesalfar.es\/es\/producto\/algunos-amores-no-duelen-tanto\/","og_site_name":"Ediciones Alfar","article_modified_time":"2022-06-29T08:52:04+00:00","og_image":[{"width":2029,"height":2403,"url":"https:\/\/edicionesalfar.es\/es\/wp-content\/uploads\/2021\/07\/9788478989010_mokup_algunosamores-sencilloa.jpg","type":"image\/jpeg"}],"twitter_card":"summary_large_image","twitter_misc":{"Tiempo de lectura":"3 minutos"},"schema":{"@context":"https:\/\/schema.org","@graph":[{"@type":"WebPage","@id":"https:\/\/edicionesalfar.es\/es\/producto\/algunos-amores-no-duelen-tanto\/","url":"https:\/\/edicionesalfar.es\/es\/producto\/algunos-amores-no-duelen-tanto\/","name":"Algunos amores no duelen tanto - Ediciones Alfar","isPartOf":{"@id":"https:\/\/edicionesalfar.es\/es\/#website"},"primaryImageOfPage":{"@id":"https:\/\/edicionesalfar.es\/es\/producto\/algunos-amores-no-duelen-tanto\/#primaryimage"},"image":{"@id":"https:\/\/edicionesalfar.es\/es\/producto\/algunos-amores-no-duelen-tanto\/#primaryimage"},"thumbnailUrl":"https:\/\/edicionesalfar.es\/es\/wp-content\/uploads\/2021\/07\/9788478989010_mokup_algunosamores-sencilloa.jpg","datePublished":"2021-07-12T13:20:25+00:00","dateModified":"2022-06-29T08:52:04+00:00","breadcrumb":{"@id":"https:\/\/edicionesalfar.es\/es\/producto\/algunos-amores-no-duelen-tanto\/#breadcrumb"},"inLanguage":"es","potentialAction":[{"@type":"ReadAction","target":["https:\/\/edicionesalfar.es\/es\/producto\/algunos-amores-no-duelen-tanto\/"]}]},{"@type":"ImageObject","inLanguage":"es","@id":"https:\/\/edicionesalfar.es\/es\/producto\/algunos-amores-no-duelen-tanto\/#primaryimage","url":"https:\/\/edicionesalfar.es\/es\/wp-content\/uploads\/2021\/07\/9788478989010_mokup_algunosamores-sencilloa.jpg","contentUrl":"https:\/\/edicionesalfar.es\/es\/wp-content\/uploads\/2021\/07\/9788478989010_mokup_algunosamores-sencilloa.jpg","width":2029,"height":2403},{"@type":"BreadcrumbList","@id":"https:\/\/edicionesalfar.es\/es\/producto\/algunos-amores-no-duelen-tanto\/#breadcrumb","itemListElement":[{"@type":"ListItem","position":1,"name":"Portada","item":"https:\/\/edicionesalfar.es\/es\/"},{"@type":"ListItem","position":2,"name":"Cat\u00e1logo","item":"https:\/\/edicionesalfar.es\/es\/catalogo\/"},{"@type":"ListItem","position":3,"name":"Algunos amores no duelen tanto"}]},{"@type":"WebSite","@id":"https:\/\/edicionesalfar.es\/es\/#website","url":"https:\/\/edicionesalfar.es\/es\/","name":"Ediciones Alfar","description":"","potentialAction":[{"@type":"SearchAction","target":{"@type":"EntryPoint","urlTemplate":"https:\/\/edicionesalfar.es\/es\/?s={search_term_string}"},"query-input":{"@type":"PropertyValueSpecification","valueRequired":true,"valueName":"search_term_string"}}],"inLanguage":"es"}]}},"_links":{"self":[{"href":"https:\/\/edicionesalfar.es\/es\/wp-json\/wp\/v2\/product\/17226","targetHints":{"allow":["GET"]}}],"collection":[{"href":"https:\/\/edicionesalfar.es\/es\/wp-json\/wp\/v2\/product"}],"about":[{"href":"https:\/\/edicionesalfar.es\/es\/wp-json\/wp\/v2\/types\/product"}],"replies":[{"embeddable":true,"href":"https:\/\/edicionesalfar.es\/es\/wp-json\/wp\/v2\/comments?post=17226"}],"wp:featuredmedia":[{"embeddable":true,"href":"https:\/\/edicionesalfar.es\/es\/wp-json\/wp\/v2\/media\/17227"}],"wp:attachment":[{"href":"https:\/\/edicionesalfar.es\/es\/wp-json\/wp\/v2\/media?parent=17226"}],"wp:term":[{"taxonomy":"product_brand","embeddable":true,"href":"https:\/\/edicionesalfar.es\/es\/wp-json\/wp\/v2\/product_brand?post=17226"},{"taxonomy":"product_cat","embeddable":true,"href":"https:\/\/edicionesalfar.es\/es\/wp-json\/wp\/v2\/product_cat?post=17226"},{"taxonomy":"product_tag","embeddable":true,"href":"https:\/\/edicionesalfar.es\/es\/wp-json\/wp\/v2\/product_tag?post=17226"}],"curies":[{"name":"wp","href":"https:\/\/api.w.org\/{rel}","templated":true}]}}