{"id":17188,"date":"2021-06-24T14:05:05","date_gmt":"2021-06-24T12:05:05","guid":{"rendered":"https:\/\/www.edicionesalfar.es\/es\/?post_type=product&#038;p=17188"},"modified":"2021-09-07T16:38:35","modified_gmt":"2021-09-07T14:38:35","slug":"el-cambio-climatico-una-amenaaza-global","status":"publish","type":"product","link":"https:\/\/edicionesalfar.es\/es\/producto\/el-cambio-climatico-una-amenaaza-global\/","title":{"rendered":"El cambio clim\u00e1tico, una amenaza global"},"content":{"rendered":"<p>[et_pb_section fb_built=\u00bb1&#8243; admin_label=\u00bbsection\u00bb _builder_version=\u00bb3.22.3&#8243;][et_pb_row admin_label=\u00bbrow\u00bb _builder_version=\u00bb3.22.3&#8243; background_size=\u00bbinitial\u00bb background_position=\u00bbtop_left\u00bb background_repeat=\u00bbrepeat\u00bb][et_pb_column type=\u00bb4_4&#8243; _builder_version=\u00bb3.0.47&#8243;][et_pb_text admin_label=\u00bbText\u00bb _builder_version=\u00bb3.0.74&#8243; background_size=\u00bbinitial\u00bb background_position=\u00bbtop_left\u00bb background_repeat=\u00bbrepeat\u00bb]<span style=\"color: #000000;\">El cambio clim\u00e1tico representa una seria amenaza para el mundo en desarrollo y un importante obst\u00e1culo para la reducci\u00f3n <\/span><span style=\"color: #000000;\">continuada de la pobreza en sus m\u00faltiples dimensiones.<\/span><br \/>\n<span style=\"color: #000000;\">Adem\u00e1s, afectar\u00e1 a los elementos b\u00e1sicos de la vida de personas de todas partes del mundo \u2014como por ejemplo; el acceso <\/span><span style=\"color: #000000;\">al agua, la producci\u00f3n de alimentos, la sanidad y el medio ambiente\u2014. Cientos de millones de personas podr\u00edan sufrir <\/span><span style=\"color: #000000;\">hambre, escasez de agua e inundaciones costeras a medida que se calienta el planeta.<\/span><br \/>\n<span style=\"color: #000000;\">El impacto del calentamiento global ser\u00e1 m\u00e1s r\u00e1pido y destructivo de lo que se preve\u00eda. Habr\u00e1 m\u00e1s muertes, enfermedades, <\/span><span style=\"color: #000000;\">hambrunas, sequias, incendios, inundaciones y tornados. Se acelerar\u00e1 la extinci\u00f3n de especies y el deshielo de los glaciares.<\/span><br \/>\n<span style=\"color: #000000;\">Tambi\u00e9n ser\u00e1 causa del inicio de nuevas guerras, de modificar fronteras y de desencadenar migraciones masivas.<\/span><br \/>\n<span style=\"color: #000000;\">Aunque todav\u00eda puede evitarse las peores consecuencias del cambio clim\u00e1tico, se necesita urgentemente una acci\u00f3n <\/span><span style=\"color: #000000;\">colectiva. Cualquier retraso ser\u00eda costoso y lleno de peligro, pues el coste econ\u00f3mico de la inacci\u00f3n ser\u00eda superior a cualquier <\/span><span style=\"color: #000000;\">acci\u00f3n inmediata.<\/span><br \/>\n<span style=\"color: #000000;\">Tiene que haber de manera urgente un cambio radical en el hombre con respecto a su interacci\u00f3n con el planeta. Queda <\/span><span style=\"color: #000000;\">tiempo para evitar los peores impactos del cambio clim\u00e1tico, si emprendemos acciones en\u00e9rgicas ahora.<\/span><\/p>\n<p><span style=\"color: #000000;\">Antoine O. Pallmall, economista de investigaci\u00f3n orientado hacia la Pol\u00edtica Econ\u00f3mica como meta social, investigador en <\/span><span style=\"color: #000000;\">los campos de la Geopol\u00edtica y la Geoeconom\u00eda a nivel global y con m\u00e1s de quince a\u00f1os en la investigaci\u00f3n sobre el cambio <\/span><span style=\"color: #000000;\">clim\u00e1tico y sus consecuencias para el planeta Tierra, el crecimiento demogr\u00e1fico, el fen\u00f3meno de la globalizaci\u00f3n, la crisis <\/span><span style=\"color: #000000;\">econ\u00f3mica del 2008, las econom\u00edas de las potencias emergentes, los BRICS, la pol\u00edtica del petr\u00f3leo, la geopol\u00edtica de los <\/span><span style=\"color: #000000;\">recursos energ\u00e9ticos, la econom\u00eda ilegal, el capitalismo salvaje y la situaci\u00f3n de la pobreza en el mundo.<\/span><br \/>\n<span style=\"color: #000000;\">Es tambi\u00e9n autor de las obras: <em>Cuestiones de nuestro tiempo<\/em> (2013); <em>Globalizaci\u00f3n y Gobierno global<\/em> (2015); <em>Demograf\u00eda, un <\/em><\/span><span style=\"color: #000000;\"><em>problema global<\/em> (2016), todas de proyecci\u00f3n y alcance internacional. Su \u00faltima obra ha sido acogida y catalogada por la <\/span><span style=\"color: #000000;\">RTVE Radio 5 en su programa <em>Reserva Natural<\/em> como \u201cobra \u00fatil, magn\u00edfica, muy completa, bien estructurada y de f\u00e1cil acceso <\/span><span style=\"color: #000000;\">para todo el p\u00fablico\u201d.<\/span>[\/et_pb_text][\/et_pb_column][\/et_pb_row][\/et_pb_section]<\/p>\n","protected":false},"excerpt":{"rendered":"<p><span style=\"color: #000000\">An\u00e1lisis completo, pr\u00e1ctico, demostrativo del pasado, del presente y del futuro del fen\u00f3meno clim\u00e1tico que llevamos viviendo desde hace d\u00e9cadas, un problema de todos, un problema global.<\/span><\/p>\n<p><span style=\"color: #000000\">Tal y como dice el autor, \u00abqueda tiempo para eviatr los peores impactos del cambio clim\u00e1tico, si emprendemos acciones en\u00e9rgicas ahora\u00bb.<\/span><\/p>\n","protected":false},"featured_media":17190,"comment_status":"closed","ping_status":"closed","template":"","meta":{"_acf_changed":false,"_et_pb_use_builder":"on","_et_pb_old_content":"<span style=\"color: #000000;\">El cambio clim\u00e1tico representa una seria amenaza para el mundo en desarrollo y un importante obst\u00e1culo para la reducci\u00f3n <\/span><span style=\"color: #000000;\">continuada de la pobreza en sus m\u00faltiples dimensiones.<\/span>\r\n<span style=\"color: #000000;\">Adem\u00e1s, afectar\u00e1 a los elementos b\u00e1sicos de la vida de personas de todas partes del mundo \u2014como por ejemplo; el acceso <\/span><span style=\"color: #000000;\">al agua, la producci\u00f3n de alimentos, la sanidad y el medio ambiente\u2014. Cientos de millones de personas podr\u00edan sufrir <\/span><span style=\"color: #000000;\">hambre, escasez de agua e inundaciones costeras a medida que se calienta el planeta.<\/span>\r\n<span style=\"color: #000000;\">El impacto del calentamiento global ser\u00e1 m\u00e1s r\u00e1pido y destructivo de lo que se preve\u00eda. Habr\u00e1 m\u00e1s muertes, enfermedades, <\/span><span style=\"color: #000000;\">hambrunas, sequias, incendios, inundaciones y tornados. Se acelerar\u00e1 la extinci\u00f3n de especies y el deshielo de los glaciares.<\/span>\r\n<span style=\"color: #000000;\">Tambi\u00e9n ser\u00e1 causa del inicio de nuevas guerras, de modificar fronteras y de desencadenar migraciones masivas.<\/span>\r\n<span style=\"color: #000000;\">Aunque todav\u00eda puede evitarse las peores consecuencias del cambio clim\u00e1tico, se necesita urgentemente una acci\u00f3n <\/span><span style=\"color: #000000;\">colectiva. Cualquier retraso ser\u00eda costoso y lleno de peligro, pues el coste econ\u00f3mico de la inacci\u00f3n ser\u00eda superior a cualquier <\/span><span style=\"color: #000000;\">acci\u00f3n inmediata.<\/span>\r\n<span style=\"color: #000000;\">Tiene que haber de manera urgente un cambio radical en el hombre con respecto a su interacci\u00f3n con el planeta. Queda <\/span><span style=\"color: #000000;\">tiempo para evitar los peores impactos del cambio clim\u00e1tico, si emprendemos acciones en\u00e9rgicas ahora.<\/span>\r\n\r\n<span style=\"color: #000000;\">Antoine O. Pallmall, economista de investigaci\u00f3n orientado hacia la Pol\u00edtica Econ\u00f3mica como meta social, investigador en <\/span><span style=\"color: #000000;\">los campos de la Geopol\u00edtica y la Geoeconom\u00eda a nivel global y con m\u00e1s de quince a\u00f1os en la investigaci\u00f3n sobre el cambio <\/span><span style=\"color: #000000;\">clim\u00e1tico y sus consecuencias para el planeta Tierra, el crecimiento demogr\u00e1fico, el fen\u00f3meno de la globalizaci\u00f3n, la crisis <\/span><span style=\"color: #000000;\">econ\u00f3mica del 2008, las econom\u00edas de las potencias emergentes, los BRICS, la pol\u00edtica del petr\u00f3leo, la geopol\u00edtica de los <\/span><span style=\"color: #000000;\">recursos energ\u00e9ticos, la econom\u00eda ilegal, el capitalismo salvaje y la situaci\u00f3n de la pobreza en el mundo.<\/span>\r\n<span style=\"color: #000000;\">Es tambi\u00e9n autor de las obras: <em>Cuestiones de nuestro tiempo<\/em> (2013); <em>Globalizaci\u00f3n y Gobierno global<\/em> (2015); <em>Demograf\u00eda, un <\/em><\/span><span style=\"color: #000000;\"><em>problema global<\/em> (2016), todas de proyecci\u00f3n y alcance internacional. Su \u00faltima obra ha sido acogida y catalogada por la <\/span><span style=\"color: #000000;\">RTVE Radio 5 en su programa <em>Reserva Natural<\/em> como \u201cobra \u00fatil, magn\u00edfica, muy completa, bien estructurada y de f\u00e1cil acceso <\/span><span style=\"color: #000000;\">para todo el p\u00fablico\u201d.<\/span>","_et_gb_content_width":""},"product_brand":[],"product_cat":[20,26],"product_tag":[354],"class_list":{"0":"post-17188","1":"product","2":"type-product","3":"status-publish","4":"has-post-thumbnail","6":"product_cat-alfar-universidad","7":"product_cat-historia-politica","8":"product_tag-cambio-climatico-economia-sociedad-siglo-xxi","10":"first","11":"instock","12":"sale","13":"taxable","14":"shipping-taxable","15":"purchasable","16":"product-type-simple"},"acf":[],"yoast_head":"<!-- This site is optimized with the Yoast SEO plugin v27.4 - https:\/\/yoast.com\/product\/yoast-seo-wordpress\/ -->\n<title>El cambio clim\u00e1tico, una amenaza global - Ediciones Alfar<\/title>\n<meta name=\"robots\" content=\"index, follow, max-snippet:-1, max-image-preview:large, max-video-preview:-1\" \/>\n<link rel=\"canonical\" href=\"https:\/\/edicionesalfar.es\/es\/producto\/el-cambio-climatico-una-amenaaza-global\/\" \/>\n<meta property=\"og:locale\" content=\"es_ES\" \/>\n<meta property=\"og:type\" content=\"article\" \/>\n<meta property=\"og:title\" content=\"El cambio clim\u00e1tico, una amenaza global - Ediciones Alfar\" \/>\n<meta property=\"og:description\" content=\"An\u00e1lisis completo, pr\u00e1ctico, demostrativo del pasado, del presente y del futuro del fen\u00f3meno clim\u00e1tico que llevamos viviendo desde hace d\u00e9cadas, un problema de todos, un problema global.  Tal y como dice el autor, &quot;queda tiempo para eviatr los peores impactos del cambio clim\u00e1tico, si emprendemos acciones en\u00e9rgicas ahora&quot;.\" \/>\n<meta property=\"og:url\" content=\"https:\/\/edicionesalfar.es\/es\/producto\/el-cambio-climatico-una-amenaaza-global\/\" \/>\n<meta property=\"og:site_name\" content=\"Ediciones Alfar\" \/>\n<meta property=\"article:modified_time\" content=\"2021-09-07T14:38:35+00:00\" \/>\n<meta property=\"og:image\" content=\"https:\/\/edicionesalfar.es\/es\/wp-content\/uploads\/2021\/06\/9788478989003_frontal-1-scaled.jpg\" \/>\n\t<meta property=\"og:image:width\" content=\"1828\" \/>\n\t<meta property=\"og:image:height\" content=\"2560\" \/>\n\t<meta property=\"og:image:type\" content=\"image\/jpeg\" \/>\n<meta name=\"twitter:card\" content=\"summary_large_image\" \/>\n<meta name=\"twitter:label1\" content=\"Tiempo de lectura\" \/>\n\t<meta name=\"twitter:data1\" content=\"2 minutos\" \/>\n<script type=\"application\/ld+json\" class=\"yoast-schema-graph\">{\"@context\":\"https:\\\/\\\/schema.org\",\"@graph\":[{\"@type\":\"WebPage\",\"@id\":\"https:\\\/\\\/edicionesalfar.es\\\/es\\\/producto\\\/el-cambio-climatico-una-amenaaza-global\\\/\",\"url\":\"https:\\\/\\\/edicionesalfar.es\\\/es\\\/producto\\\/el-cambio-climatico-una-amenaaza-global\\\/\",\"name\":\"El cambio clim\u00e1tico, una amenaza global - Ediciones Alfar\",\"isPartOf\":{\"@id\":\"https:\\\/\\\/edicionesalfar.es\\\/es\\\/#website\"},\"primaryImageOfPage\":{\"@id\":\"https:\\\/\\\/edicionesalfar.es\\\/es\\\/producto\\\/el-cambio-climatico-una-amenaaza-global\\\/#primaryimage\"},\"image\":{\"@id\":\"https:\\\/\\\/edicionesalfar.es\\\/es\\\/producto\\\/el-cambio-climatico-una-amenaaza-global\\\/#primaryimage\"},\"thumbnailUrl\":\"https:\\\/\\\/edicionesalfar.es\\\/es\\\/wp-content\\\/uploads\\\/2021\\\/06\\\/9788478989003_frontal-1-scaled.jpg\",\"datePublished\":\"2021-06-24T12:05:05+00:00\",\"dateModified\":\"2021-09-07T14:38:35+00:00\",\"breadcrumb\":{\"@id\":\"https:\\\/\\\/edicionesalfar.es\\\/es\\\/producto\\\/el-cambio-climatico-una-amenaaza-global\\\/#breadcrumb\"},\"inLanguage\":\"es\",\"potentialAction\":[{\"@type\":\"ReadAction\",\"target\":[\"https:\\\/\\\/edicionesalfar.es\\\/es\\\/producto\\\/el-cambio-climatico-una-amenaaza-global\\\/\"]}]},{\"@type\":\"ImageObject\",\"inLanguage\":\"es\",\"@id\":\"https:\\\/\\\/edicionesalfar.es\\\/es\\\/producto\\\/el-cambio-climatico-una-amenaaza-global\\\/#primaryimage\",\"url\":\"https:\\\/\\\/edicionesalfar.es\\\/es\\\/wp-content\\\/uploads\\\/2021\\\/06\\\/9788478989003_frontal-1-scaled.jpg\",\"contentUrl\":\"https:\\\/\\\/edicionesalfar.es\\\/es\\\/wp-content\\\/uploads\\\/2021\\\/06\\\/9788478989003_frontal-1-scaled.jpg\",\"width\":1828,\"height\":2560},{\"@type\":\"BreadcrumbList\",\"@id\":\"https:\\\/\\\/edicionesalfar.es\\\/es\\\/producto\\\/el-cambio-climatico-una-amenaaza-global\\\/#breadcrumb\",\"itemListElement\":[{\"@type\":\"ListItem\",\"position\":1,\"name\":\"Portada\",\"item\":\"https:\\\/\\\/edicionesalfar.es\\\/es\\\/\"},{\"@type\":\"ListItem\",\"position\":2,\"name\":\"Cat\u00e1logo\",\"item\":\"https:\\\/\\\/edicionesalfar.es\\\/es\\\/catalogo\\\/\"},{\"@type\":\"ListItem\",\"position\":3,\"name\":\"El cambio clim\u00e1tico, una amenaza global\"}]},{\"@type\":\"WebSite\",\"@id\":\"https:\\\/\\\/edicionesalfar.es\\\/es\\\/#website\",\"url\":\"https:\\\/\\\/edicionesalfar.es\\\/es\\\/\",\"name\":\"Ediciones Alfar\",\"description\":\"\",\"potentialAction\":[{\"@type\":\"SearchAction\",\"target\":{\"@type\":\"EntryPoint\",\"urlTemplate\":\"https:\\\/\\\/edicionesalfar.es\\\/es\\\/?s={search_term_string}\"},\"query-input\":{\"@type\":\"PropertyValueSpecification\",\"valueRequired\":true,\"valueName\":\"search_term_string\"}}],\"inLanguage\":\"es\"}]}<\/script>\n<!-- \/ Yoast SEO plugin. -->","yoast_head_json":{"title":"El cambio clim\u00e1tico, una amenaza global - Ediciones Alfar","robots":{"index":"index","follow":"follow","max-snippet":"max-snippet:-1","max-image-preview":"max-image-preview:large","max-video-preview":"max-video-preview:-1"},"canonical":"https:\/\/edicionesalfar.es\/es\/producto\/el-cambio-climatico-una-amenaaza-global\/","og_locale":"es_ES","og_type":"article","og_title":"El cambio clim\u00e1tico, una amenaza global - Ediciones Alfar","og_description":"An\u00e1lisis completo, pr\u00e1ctico, demostrativo del pasado, del presente y del futuro del fen\u00f3meno clim\u00e1tico que llevamos viviendo desde hace d\u00e9cadas, un problema de todos, un problema global.  Tal y como dice el autor, \"queda tiempo para eviatr los peores impactos del cambio clim\u00e1tico, si emprendemos acciones en\u00e9rgicas ahora\".","og_url":"https:\/\/edicionesalfar.es\/es\/producto\/el-cambio-climatico-una-amenaaza-global\/","og_site_name":"Ediciones Alfar","article_modified_time":"2021-09-07T14:38:35+00:00","og_image":[{"width":1828,"height":2560,"url":"https:\/\/edicionesalfar.es\/es\/wp-content\/uploads\/2021\/06\/9788478989003_frontal-1-scaled.jpg","type":"image\/jpeg"}],"twitter_card":"summary_large_image","twitter_misc":{"Tiempo de lectura":"2 minutos"},"schema":{"@context":"https:\/\/schema.org","@graph":[{"@type":"WebPage","@id":"https:\/\/edicionesalfar.es\/es\/producto\/el-cambio-climatico-una-amenaaza-global\/","url":"https:\/\/edicionesalfar.es\/es\/producto\/el-cambio-climatico-una-amenaaza-global\/","name":"El cambio clim\u00e1tico, una amenaza global - Ediciones Alfar","isPartOf":{"@id":"https:\/\/edicionesalfar.es\/es\/#website"},"primaryImageOfPage":{"@id":"https:\/\/edicionesalfar.es\/es\/producto\/el-cambio-climatico-una-amenaaza-global\/#primaryimage"},"image":{"@id":"https:\/\/edicionesalfar.es\/es\/producto\/el-cambio-climatico-una-amenaaza-global\/#primaryimage"},"thumbnailUrl":"https:\/\/edicionesalfar.es\/es\/wp-content\/uploads\/2021\/06\/9788478989003_frontal-1-scaled.jpg","datePublished":"2021-06-24T12:05:05+00:00","dateModified":"2021-09-07T14:38:35+00:00","breadcrumb":{"@id":"https:\/\/edicionesalfar.es\/es\/producto\/el-cambio-climatico-una-amenaaza-global\/#breadcrumb"},"inLanguage":"es","potentialAction":[{"@type":"ReadAction","target":["https:\/\/edicionesalfar.es\/es\/producto\/el-cambio-climatico-una-amenaaza-global\/"]}]},{"@type":"ImageObject","inLanguage":"es","@id":"https:\/\/edicionesalfar.es\/es\/producto\/el-cambio-climatico-una-amenaaza-global\/#primaryimage","url":"https:\/\/edicionesalfar.es\/es\/wp-content\/uploads\/2021\/06\/9788478989003_frontal-1-scaled.jpg","contentUrl":"https:\/\/edicionesalfar.es\/es\/wp-content\/uploads\/2021\/06\/9788478989003_frontal-1-scaled.jpg","width":1828,"height":2560},{"@type":"BreadcrumbList","@id":"https:\/\/edicionesalfar.es\/es\/producto\/el-cambio-climatico-una-amenaaza-global\/#breadcrumb","itemListElement":[{"@type":"ListItem","position":1,"name":"Portada","item":"https:\/\/edicionesalfar.es\/es\/"},{"@type":"ListItem","position":2,"name":"Cat\u00e1logo","item":"https:\/\/edicionesalfar.es\/es\/catalogo\/"},{"@type":"ListItem","position":3,"name":"El cambio clim\u00e1tico, una amenaza global"}]},{"@type":"WebSite","@id":"https:\/\/edicionesalfar.es\/es\/#website","url":"https:\/\/edicionesalfar.es\/es\/","name":"Ediciones Alfar","description":"","potentialAction":[{"@type":"SearchAction","target":{"@type":"EntryPoint","urlTemplate":"https:\/\/edicionesalfar.es\/es\/?s={search_term_string}"},"query-input":{"@type":"PropertyValueSpecification","valueRequired":true,"valueName":"search_term_string"}}],"inLanguage":"es"}]}},"_links":{"self":[{"href":"https:\/\/edicionesalfar.es\/es\/wp-json\/wp\/v2\/product\/17188","targetHints":{"allow":["GET"]}}],"collection":[{"href":"https:\/\/edicionesalfar.es\/es\/wp-json\/wp\/v2\/product"}],"about":[{"href":"https:\/\/edicionesalfar.es\/es\/wp-json\/wp\/v2\/types\/product"}],"replies":[{"embeddable":true,"href":"https:\/\/edicionesalfar.es\/es\/wp-json\/wp\/v2\/comments?post=17188"}],"wp:featuredmedia":[{"embeddable":true,"href":"https:\/\/edicionesalfar.es\/es\/wp-json\/wp\/v2\/media\/17190"}],"wp:attachment":[{"href":"https:\/\/edicionesalfar.es\/es\/wp-json\/wp\/v2\/media?parent=17188"}],"wp:term":[{"taxonomy":"product_brand","embeddable":true,"href":"https:\/\/edicionesalfar.es\/es\/wp-json\/wp\/v2\/product_brand?post=17188"},{"taxonomy":"product_cat","embeddable":true,"href":"https:\/\/edicionesalfar.es\/es\/wp-json\/wp\/v2\/product_cat?post=17188"},{"taxonomy":"product_tag","embeddable":true,"href":"https:\/\/edicionesalfar.es\/es\/wp-json\/wp\/v2\/product_tag?post=17188"}],"curies":[{"name":"wp","href":"https:\/\/api.w.org\/{rel}","templated":true}]}}