{"id":16910,"date":"2021-03-30T12:58:04","date_gmt":"2021-03-30T10:58:04","guid":{"rendered":"https:\/\/www.edicionesalfar.es\/es\/?post_type=product&#038;p=16910"},"modified":"2022-08-22T09:43:19","modified_gmt":"2022-08-22T07:43:19","slug":"el-vendedor-de-pajaros","status":"publish","type":"product","link":"https:\/\/edicionesalfar.es\/es\/producto\/el-vendedor-de-pajaros\/","title":{"rendered":"El vendedor de p\u00e1jaros"},"content":{"rendered":"<p><span style=\"color: #000000;\">El vendedor de p\u00e1jaros es uno de los personajes clave de esta novela <\/span><span style=\"color: #000000;\">de Robert Brasillach ya que a su alrededor orbita todo un peque\u00f1o <\/span><span style=\"color: #000000;\">universo de personajes muy parisinos de los a\u00f1os 30. Tres j\u00f3venes <\/span><span style=\"color: #000000;\">estudiantes de la Sorbona entre los cuales se encuentra la joven y <\/span><span style=\"color: #000000;\">apuesta Isabelle; una tendera, Marie Lepetitcorps, cuya vida solitaria <\/span><span style=\"color: #000000;\">marcada por su pasado se ve de repente alterada y colmada \u2014por <\/span><span style=\"color: #000000;\">culpa de otro personaje clave: el Cabritillo\u2014 con la aparici\u00f3n de dos <\/span><span style=\"color: #000000;\">muchachos desorientados: Serge y Michel.<\/span><br \/>\n<span style=\"color: #000000;\"><em>El vendedor de p\u00e1jaros<\/em> es la tercera novela de Robert Brasillach.<\/span><br \/>\n<span style=\"color: #000000;\">El ni\u00f1o se hab\u00eda quitado la gorra y balanceaba sus piernas met\u00f3dicamente. <\/span><span style=\"color: #000000;\">Las jaulas estaban colocadas entre los dos personajes. De vez <\/span><span style=\"color: #000000;\">en cuando, el chiquillo se inclinaba para mirarla y hac\u00eda una pregunta <\/span><span style=\"color: #000000;\">precisa, con un tono seguro que desmontaba un poco los argumentos <\/span><span style=\"color: #000000;\">del anciano. Sin embargo este se atrev\u00eda, respond\u00eda con una tranquilidad <\/span><span style=\"color: #000000;\">y una confianza que tal vez no hab\u00eda experimentado jam\u00e1s en su <\/span><span style=\"color: #000000;\">vida. Si le hubiesen preguntado por qu\u00e9 iba a un parque tan lejano, \u00e9l, <\/span><span style=\"color: #000000;\">que viv\u00eda en la Montagne-Sainte-Genevi\u00e8ve, hubiese respondido con <\/span><span style=\"color: #000000;\">toda sinceridad que ven\u00eda para encontrarse con aquel cr\u00edo a quien <\/span><span style=\"color: #000000;\">apreciaba mucho, y eso que, de aquel cr\u00edo, no sab\u00eda ni tan siquiera su <\/span><span style=\"color: #000000;\">nombre y solo lo conoc\u00eda desde hac\u00eda cinco minutos.<\/span><\/p>\n<p><span style=\"color: #000000;\"><img decoding=\"async\" class=\"wp-image-16911 alignleft\" src=\"https:\/\/edicionesalfar.es\/es\/wp-content\/uploads\/2021\/03\/Robert_Brasillach-200x300.jpg\" alt=\"\" width=\"130\" height=\"162\" \/>Robert Brasillach es patrimonio de <\/span><span style=\"color: #000000;\">Francia.<\/span><br \/>\n<span style=\"color: #000000;\">Patriota y ni\u00f1o prodigio que levant\u00f3 <\/span><span style=\"color: #000000;\">incluso la envidia y los celos de los <\/span><span style=\"color: #000000;\">buques insignias con los que a veces <\/span><span style=\"color: #000000;\">se le compara (C\u00e9line y Drieu de la <\/span><span style=\"color: #000000;\">Rochelle) pero que no ha gozado del <\/span><span style=\"color: #000000;\">mismo trato que estos.<\/span><br \/>\n<span style=\"color: #000000;\">Finalista del Premio Goncourt en <\/span><span style=\"color: #000000;\">1939, su pluma, sin embargo \u2014a <\/span><span style=\"color: #000000;\">pesar de ser sublime su forma de <\/span><span style=\"color: #000000;\">escribir y su sensibilidad no es tan<\/span><br \/>\n<span style=\"color: #000000;\">conocida como las sombras y pol\u00e9micas <\/span><span style=\"color: #000000;\">que rodearon a su persona.<\/span><br \/>\n<span style=\"color: #000000;\">Cr\u00edtico de cine, responsable de la <\/span><span style=\"color: #000000;\">cr\u00f3nica literaria de Acci\u00f3n Francesa y <\/span><span style=\"color: #000000;\">autor de novelas y un poemario <\/span><span style=\"color: #000000;\">fant\u00e1stico, a partir de 1939 dirigi\u00f3 el <\/span><span style=\"color: #000000;\">combativo peri\u00f3dico Je suis partout.<\/span><br \/>\n<span style=\"color: #000000;\">Seis a\u00f1os m\u00e1s tarde, en un juicio <\/span><span style=\"color: #000000;\">r\u00e1pido por colaboracionismo con los <\/span><span style=\"color: #000000;\">nazis, fue condenado a muerte a <\/span><span style=\"color: #000000;\">pesar de que intelectuales de todos <\/span><span style=\"color: #000000;\">los signos pol\u00edticos firmaron una <\/span><span style=\"color: #000000;\">petici\u00f3n para que el General De <\/span><span style=\"color: #000000;\">Gaulle le conmutara la pena.<\/span><\/p>\n","protected":false},"excerpt":{"rendered":"<p><span style=\"color: #000000;\">El vendedor de p\u00e1jaros es uno de los personajes clave de esta novela de Robert Brasillach ya que a su alrededor <\/span><span style=\"color: #000000;\">orbita todo un peque\u00f1o universo de personajes muy parisinos de los a\u00f1os 30. Tres j\u00f3venes estudiantes <\/span><span style=\"color: #000000;\">de la Sorbona entre los cuales se encuentra la joven y apuesta Isabelle; una tendera, Marie Lepetitcorps, cuya <\/span><span style=\"color: #000000;\">vida solitaria marcada por su pasado se ve de repente alterada y colmada \u2013por culpa de otro personaje clave: <\/span><span style=\"color: #000000;\">el Cabritillo\u2013 con la aparici\u00f3n de dos muchachos desorientados: Serge y Michel.<\/span><br \/>\n<span style=\"color: #000000;\"><em>El vendedor de p\u00e1jaros<\/em> es la tercera novela de Robert Brasillach.<\/span><\/p>\n","protected":false},"featured_media":16941,"comment_status":"closed","ping_status":"closed","template":"","meta":{"_acf_changed":false,"_et_pb_use_builder":"","_et_pb_old_content":"","_et_gb_content_width":""},"product_brand":[],"product_cat":[376,476,483,50],"product_tag":[323,324,325,290,326],"class_list":{"0":"post-16910","1":"product","2":"type-product","3":"status-publish","4":"has-post-thumbnail","6":"product_cat-autores","7":"product_cat-bonmati-mingot-luis","8":"product_cat-brasillach-robert","9":"product_cat-rapto-europa","10":"product_tag-entreguerras","11":"product_tag-paris","12":"product_tag-seres-humanos","13":"product_tag-siglo-xx","14":"product_tag-sociedad","16":"first","17":"instock","18":"sale","19":"taxable","20":"shipping-taxable","21":"purchasable","22":"product-type-simple"},"acf":[],"yoast_head":"<!-- This site is optimized with the Yoast SEO plugin v27.4 - https:\/\/yoast.com\/product\/yoast-seo-wordpress\/ -->\n<title>El vendedor de p\u00e1jaros - Ediciones Alfar<\/title>\n<meta name=\"robots\" content=\"index, follow, max-snippet:-1, max-image-preview:large, max-video-preview:-1\" \/>\n<link rel=\"canonical\" href=\"https:\/\/edicionesalfar.es\/es\/producto\/el-vendedor-de-pajaros\/\" \/>\n<meta property=\"og:locale\" content=\"es_ES\" \/>\n<meta property=\"og:type\" content=\"article\" \/>\n<meta property=\"og:title\" content=\"El vendedor de p\u00e1jaros - Ediciones Alfar\" \/>\n<meta property=\"og:description\" content=\"El vendedor de p\u00e1jaros es uno de los personajes clave de esta novela de Robert Brasillach ya que a su alrededor orbita todo un peque\u00f1o universo de personajes muy parisinos de los a\u00f1os 30. Tres j\u00f3venes estudiantes de la Sorbona entre los cuales se encuentra la joven y apuesta Isabelle; una tendera, Marie Lepetitcorps, cuya vida solitaria marcada por su pasado se ve de repente alterada y colmada \u2013por culpa de otro personaje clave: el Cabritillo\u2013 con la aparici\u00f3n de dos muchachos desorientados: Serge y Michel. El vendedor de p\u00e1jaros es la tercera novela de Robert Brasillach.\" \/>\n<meta property=\"og:url\" content=\"https:\/\/edicionesalfar.es\/es\/producto\/el-vendedor-de-pajaros\/\" \/>\n<meta property=\"og:site_name\" content=\"Ediciones Alfar\" \/>\n<meta property=\"article:modified_time\" content=\"2022-08-22T07:43:19+00:00\" \/>\n<meta property=\"og:image\" content=\"https:\/\/edicionesalfar.es\/es\/wp-content\/uploads\/2021\/03\/9788478988891_cubierta-copia-1-639x1024.jpg\" \/>\n\t<meta property=\"og:image:width\" content=\"639\" \/>\n\t<meta property=\"og:image:height\" content=\"1024\" \/>\n\t<meta property=\"og:image:type\" content=\"image\/jpeg\" \/>\n<meta name=\"twitter:card\" content=\"summary_large_image\" \/>\n<meta name=\"twitter:label1\" content=\"Tiempo de lectura\" \/>\n\t<meta name=\"twitter:data1\" content=\"2 minutos\" \/>\n<script type=\"application\/ld+json\" class=\"yoast-schema-graph\">{\"@context\":\"https:\\\/\\\/schema.org\",\"@graph\":[{\"@type\":\"WebPage\",\"@id\":\"https:\\\/\\\/edicionesalfar.es\\\/es\\\/producto\\\/el-vendedor-de-pajaros\\\/\",\"url\":\"https:\\\/\\\/edicionesalfar.es\\\/es\\\/producto\\\/el-vendedor-de-pajaros\\\/\",\"name\":\"El vendedor de p\u00e1jaros - Ediciones Alfar\",\"isPartOf\":{\"@id\":\"https:\\\/\\\/edicionesalfar.es\\\/es\\\/#website\"},\"primaryImageOfPage\":{\"@id\":\"https:\\\/\\\/edicionesalfar.es\\\/es\\\/producto\\\/el-vendedor-de-pajaros\\\/#primaryimage\"},\"image\":{\"@id\":\"https:\\\/\\\/edicionesalfar.es\\\/es\\\/producto\\\/el-vendedor-de-pajaros\\\/#primaryimage\"},\"thumbnailUrl\":\"https:\\\/\\\/edicionesalfar.es\\\/es\\\/wp-content\\\/uploads\\\/2021\\\/03\\\/9788478988891_cubierta-copia-1.jpg\",\"datePublished\":\"2021-03-30T10:58:04+00:00\",\"dateModified\":\"2022-08-22T07:43:19+00:00\",\"breadcrumb\":{\"@id\":\"https:\\\/\\\/edicionesalfar.es\\\/es\\\/producto\\\/el-vendedor-de-pajaros\\\/#breadcrumb\"},\"inLanguage\":\"es\",\"potentialAction\":[{\"@type\":\"ReadAction\",\"target\":[\"https:\\\/\\\/edicionesalfar.es\\\/es\\\/producto\\\/el-vendedor-de-pajaros\\\/\"]}]},{\"@type\":\"ImageObject\",\"inLanguage\":\"es\",\"@id\":\"https:\\\/\\\/edicionesalfar.es\\\/es\\\/producto\\\/el-vendedor-de-pajaros\\\/#primaryimage\",\"url\":\"https:\\\/\\\/edicionesalfar.es\\\/es\\\/wp-content\\\/uploads\\\/2021\\\/03\\\/9788478988891_cubierta-copia-1.jpg\",\"contentUrl\":\"https:\\\/\\\/edicionesalfar.es\\\/es\\\/wp-content\\\/uploads\\\/2021\\\/03\\\/9788478988891_cubierta-copia-1.jpg\",\"width\":1581,\"height\":2535},{\"@type\":\"BreadcrumbList\",\"@id\":\"https:\\\/\\\/edicionesalfar.es\\\/es\\\/producto\\\/el-vendedor-de-pajaros\\\/#breadcrumb\",\"itemListElement\":[{\"@type\":\"ListItem\",\"position\":1,\"name\":\"Portada\",\"item\":\"https:\\\/\\\/edicionesalfar.es\\\/es\\\/\"},{\"@type\":\"ListItem\",\"position\":2,\"name\":\"Cat\u00e1logo\",\"item\":\"https:\\\/\\\/edicionesalfar.es\\\/es\\\/catalogo\\\/\"},{\"@type\":\"ListItem\",\"position\":3,\"name\":\"El vendedor de p\u00e1jaros\"}]},{\"@type\":\"WebSite\",\"@id\":\"https:\\\/\\\/edicionesalfar.es\\\/es\\\/#website\",\"url\":\"https:\\\/\\\/edicionesalfar.es\\\/es\\\/\",\"name\":\"Ediciones Alfar\",\"description\":\"\",\"potentialAction\":[{\"@type\":\"SearchAction\",\"target\":{\"@type\":\"EntryPoint\",\"urlTemplate\":\"https:\\\/\\\/edicionesalfar.es\\\/es\\\/?s={search_term_string}\"},\"query-input\":{\"@type\":\"PropertyValueSpecification\",\"valueRequired\":true,\"valueName\":\"search_term_string\"}}],\"inLanguage\":\"es\"}]}<\/script>\n<!-- \/ Yoast SEO plugin. -->","yoast_head_json":{"title":"El vendedor de p\u00e1jaros - Ediciones Alfar","robots":{"index":"index","follow":"follow","max-snippet":"max-snippet:-1","max-image-preview":"max-image-preview:large","max-video-preview":"max-video-preview:-1"},"canonical":"https:\/\/edicionesalfar.es\/es\/producto\/el-vendedor-de-pajaros\/","og_locale":"es_ES","og_type":"article","og_title":"El vendedor de p\u00e1jaros - Ediciones Alfar","og_description":"El vendedor de p\u00e1jaros es uno de los personajes clave de esta novela de Robert Brasillach ya que a su alrededor orbita todo un peque\u00f1o universo de personajes muy parisinos de los a\u00f1os 30. Tres j\u00f3venes estudiantes de la Sorbona entre los cuales se encuentra la joven y apuesta Isabelle; una tendera, Marie Lepetitcorps, cuya vida solitaria marcada por su pasado se ve de repente alterada y colmada \u2013por culpa de otro personaje clave: el Cabritillo\u2013 con la aparici\u00f3n de dos muchachos desorientados: Serge y Michel. El vendedor de p\u00e1jaros es la tercera novela de Robert Brasillach.","og_url":"https:\/\/edicionesalfar.es\/es\/producto\/el-vendedor-de-pajaros\/","og_site_name":"Ediciones Alfar","article_modified_time":"2022-08-22T07:43:19+00:00","og_image":[{"width":639,"height":1024,"url":"https:\/\/edicionesalfar.es\/es\/wp-content\/uploads\/2021\/03\/9788478988891_cubierta-copia-1-639x1024.jpg","type":"image\/jpeg"}],"twitter_card":"summary_large_image","twitter_misc":{"Tiempo de lectura":"2 minutos"},"schema":{"@context":"https:\/\/schema.org","@graph":[{"@type":"WebPage","@id":"https:\/\/edicionesalfar.es\/es\/producto\/el-vendedor-de-pajaros\/","url":"https:\/\/edicionesalfar.es\/es\/producto\/el-vendedor-de-pajaros\/","name":"El vendedor de p\u00e1jaros - Ediciones Alfar","isPartOf":{"@id":"https:\/\/edicionesalfar.es\/es\/#website"},"primaryImageOfPage":{"@id":"https:\/\/edicionesalfar.es\/es\/producto\/el-vendedor-de-pajaros\/#primaryimage"},"image":{"@id":"https:\/\/edicionesalfar.es\/es\/producto\/el-vendedor-de-pajaros\/#primaryimage"},"thumbnailUrl":"https:\/\/edicionesalfar.es\/es\/wp-content\/uploads\/2021\/03\/9788478988891_cubierta-copia-1.jpg","datePublished":"2021-03-30T10:58:04+00:00","dateModified":"2022-08-22T07:43:19+00:00","breadcrumb":{"@id":"https:\/\/edicionesalfar.es\/es\/producto\/el-vendedor-de-pajaros\/#breadcrumb"},"inLanguage":"es","potentialAction":[{"@type":"ReadAction","target":["https:\/\/edicionesalfar.es\/es\/producto\/el-vendedor-de-pajaros\/"]}]},{"@type":"ImageObject","inLanguage":"es","@id":"https:\/\/edicionesalfar.es\/es\/producto\/el-vendedor-de-pajaros\/#primaryimage","url":"https:\/\/edicionesalfar.es\/es\/wp-content\/uploads\/2021\/03\/9788478988891_cubierta-copia-1.jpg","contentUrl":"https:\/\/edicionesalfar.es\/es\/wp-content\/uploads\/2021\/03\/9788478988891_cubierta-copia-1.jpg","width":1581,"height":2535},{"@type":"BreadcrumbList","@id":"https:\/\/edicionesalfar.es\/es\/producto\/el-vendedor-de-pajaros\/#breadcrumb","itemListElement":[{"@type":"ListItem","position":1,"name":"Portada","item":"https:\/\/edicionesalfar.es\/es\/"},{"@type":"ListItem","position":2,"name":"Cat\u00e1logo","item":"https:\/\/edicionesalfar.es\/es\/catalogo\/"},{"@type":"ListItem","position":3,"name":"El vendedor de p\u00e1jaros"}]},{"@type":"WebSite","@id":"https:\/\/edicionesalfar.es\/es\/#website","url":"https:\/\/edicionesalfar.es\/es\/","name":"Ediciones Alfar","description":"","potentialAction":[{"@type":"SearchAction","target":{"@type":"EntryPoint","urlTemplate":"https:\/\/edicionesalfar.es\/es\/?s={search_term_string}"},"query-input":{"@type":"PropertyValueSpecification","valueRequired":true,"valueName":"search_term_string"}}],"inLanguage":"es"}]}},"_links":{"self":[{"href":"https:\/\/edicionesalfar.es\/es\/wp-json\/wp\/v2\/product\/16910","targetHints":{"allow":["GET"]}}],"collection":[{"href":"https:\/\/edicionesalfar.es\/es\/wp-json\/wp\/v2\/product"}],"about":[{"href":"https:\/\/edicionesalfar.es\/es\/wp-json\/wp\/v2\/types\/product"}],"replies":[{"embeddable":true,"href":"https:\/\/edicionesalfar.es\/es\/wp-json\/wp\/v2\/comments?post=16910"}],"wp:featuredmedia":[{"embeddable":true,"href":"https:\/\/edicionesalfar.es\/es\/wp-json\/wp\/v2\/media\/16941"}],"wp:attachment":[{"href":"https:\/\/edicionesalfar.es\/es\/wp-json\/wp\/v2\/media?parent=16910"}],"wp:term":[{"taxonomy":"product_brand","embeddable":true,"href":"https:\/\/edicionesalfar.es\/es\/wp-json\/wp\/v2\/product_brand?post=16910"},{"taxonomy":"product_cat","embeddable":true,"href":"https:\/\/edicionesalfar.es\/es\/wp-json\/wp\/v2\/product_cat?post=16910"},{"taxonomy":"product_tag","embeddable":true,"href":"https:\/\/edicionesalfar.es\/es\/wp-json\/wp\/v2\/product_tag?post=16910"}],"curies":[{"name":"wp","href":"https:\/\/api.w.org\/{rel}","templated":true}]}}