{"id":16844,"date":"2021-03-19T16:40:51","date_gmt":"2021-03-19T15:40:51","guid":{"rendered":"https:\/\/www.edicionesalfar.es\/es\/?post_type=product&#038;p=16844"},"modified":"2022-06-15T11:58:34","modified_gmt":"2022-06-15T09:58:34","slug":"solea-dame-la-mano","status":"publish","type":"product","link":"https:\/\/edicionesalfar.es\/es\/producto\/solea-dame-la-mano\/","title":{"rendered":"Sole\u00e1, dame la mano"},"content":{"rendered":"<p><span style=\"color: #000000;\">Un disparo a los pies de un gran \u00e1rbol y una foto antigua como testigo.<\/span> <span style=\"color: #000000;\">En realidad, los caminos de quienes hab\u00edan llegado all\u00ed se hab\u00edan iniciado muchos a\u00f1os atr\u00e1s. Un relato narrado <\/span><span style=\"color: #000000;\">en tres momentos temporales previos a apretar el gatillo: Treinta a\u00f1os, una semana y doce horas antes.<\/span> <span style=\"color: #000000;\">Un puzle dram\u00e1tico, y sus piezas esparcidas en el tiempo.<\/span> <span style=\"color: #000000;\">El reci\u00e9n ascendido a inspector, Diego Aguilar, se enfrentar\u00e1 en su primera semana a un caso poco usual: <\/span><span style=\"color: #000000;\">el secuestro de una peque\u00f1a de cuatro a\u00f1os. Sin embargo, algo parece no encajar cuando no hay petici\u00f3n <\/span><span style=\"color: #000000;\">econ\u00f3mica por el rescate y la \u00fanica pista es una extra\u00f1a carta escrita a pincel. Una segunda carta de id\u00e9nticas <\/span><span style=\"color: #000000;\">caracter\u00edsticas aparecer\u00e1 un d\u00eda despu\u00e9s en el pecho de un hombre asesinado, sin ninguna relaci\u00f3n aparente <\/span><span style=\"color: #000000;\">con el secuestro o la peque\u00f1a. Con cada hallazgo la soluci\u00f3n parecer\u00e1 m\u00e1s lejana y, cada veinticuatro horas, <\/span><span style=\"color: #000000;\">la vida de alguien estar\u00e1 en juego.<\/span> <span style=\"color: #000000;\">Mucho tiempo atr\u00e1s, una mirada azul era capaz de cautivar all\u00ed donde mirase.<\/span> <span style=\"color: #000000;\">La angustia y el suspense se apoderan de cada l\u00ednea en este thriller con la ciudad de Sevilla como escenario <\/span><span style=\"color: #000000;\">de fondo, en el que la justicia, o su ausencia, es la aut\u00e9ntica protagonista.<\/span> <span style=\"color: #000000;\">En <em>Sole\u00e1, dame la mano<\/em> realidad y ficci\u00f3n se unen para revelar un misterio encubierto que acabar\u00eda con el <\/span><span style=\"color: #000000;\">r\u00e9gimen establecido, el cual muchos aspiran a conocer, y del que los implicados huyen horrorizados.<\/span> <strong><span style=\"color: #000000;\">Silencio. Quiero que sepas por qu\u00e9.<\/span><\/strong> <span style=\"color: #000000;\"><img decoding=\"async\" class=\" wp-image-16845 alignleft\" src=\"https:\/\/edicionesalfar.es\/es\/wp-content\/uploads\/2021\/03\/FOTO-SOLAPA-300x225.jpg\" alt=\"\" width=\"233\" height=\"140\" \/>Alberto \u00c1lvarez Campos (Sevilla, 1993). Abogado y socio del Bufete Sanalve. Experto en <\/span><span style=\"color: #000000;\">Violencia de G\u00e9nero y derecho de familia, comenz\u00f3 su carrera en despachos de abogados <\/span><span style=\"color: #000000;\">mucho antes de terminar sus estudios. Titulado en Mediaci\u00f3n y Gesti\u00f3n de Conflictos, <\/span><span style=\"color: #000000;\">realiza un taller como docente en centros de secundaria para combatir el acoso escolar. <\/span><span style=\"color: #000000;\">Cre\u00f3 en redes sociales el perfil @chirinbanda, en el que realiza una parodia del programa <\/span><span style=\"color: #000000;\">\u201cEl Chiringuito de Jugones\u201d, haciendo cr\u00edtica y humor sobre la ciudad de Sevilla y sus<\/span> <span style=\"color: #000000;\">fiestas m\u00e1s conocidas, alcanzando los 20 000 seguidores en redes sociales. Adem\u00e1s, en <\/span><span style=\"color: #000000;\">su blog personal, en el que realiza escritos de diversa \u00edndole, acumula m\u00e1s 90 000 visitas. <\/span><span style=\"color: #000000;\">Public\u00f3 su primera novela, <em>M\u00fasicos de Sevilla<\/em> (Ediciones Alfar, derechos de autor donados<\/span> <span style=\"color: #000000;\">al Centro de Estimulaci\u00f3n Precoz, Centro del Buen Fin) en diciembre de 2018, siendo un \u00e9xito de ventas <\/span><span style=\"color: #000000;\">a nivel local y teniendo que realizarse una segunda edici\u00f3n apenas dos meses despu\u00e9s.<\/span> <span style=\"color: #000000;\">Con su segunda novela, <em>Sole\u00e1, dame la mano<\/em> (Ediciones Alfar), un thriller vertiginoso con la justicia como <\/span><span style=\"color: #000000;\">protagonista, realiza un cambio de registro mucho m\u00e1s ambicioso en la narrativa.<\/span><\/p>\n","protected":false},"excerpt":{"rendered":"<p><span style=\"color: #000000;\">La angustia y el suspense se apoderan de cada l\u00ednea en este thriller con la ciudad de Sevilla como escenario <\/span><span style=\"color: #000000;\">de fondo, en el que la justicia, o su ausencia, es la aut\u00e9ntica protagonista.<\/span><br \/>\n<span style=\"color: #000000;\">En <em>Sole\u00e1, dame la mano<\/em> realidad y ficci\u00f3n se unen para revelar un misterio encubierto que acabar\u00eda con el <\/span><span style=\"color: #000000;\">r\u00e9gimen establecido, el cual muchos aspiran a conocer, y del que los implicados huyen horrorizados.<\/span><br \/>\n<span style=\"color: #000000;\">Silencio. Quiero que sepas por qu\u00e9.<\/span><\/p>\n","protected":false},"featured_media":16884,"comment_status":"closed","ping_status":"closed","template":"","meta":{"_acf_changed":false,"_et_pb_use_builder":"off","_et_pb_old_content":"<span style=\"color: #000000\">Un disparo a los pies de un gran \u00e1rbol y una foto antigua como testigo.<\/span>\r\n<span style=\"color: #000000\">En realidad, los caminos de quienes hab\u00edan llegado all\u00ed se hab\u00edan iniciado muchos a\u00f1os atr\u00e1s. Un relato narrado <\/span><span style=\"color: #000000\">en tres momentos temporales previos a apretar el gatillo: Treinta a\u00f1os, una semana y doce horas antes.<\/span>\r\n<span style=\"color: #000000\">Un puzle dram\u00e1tico, y sus piezas esparcidas en el tiempo.<\/span>\r\n<span style=\"color: #000000\">El reci\u00e9n ascendido a inspector, Diego Aguilar, se enfrentar\u00e1 en su primera semana a un caso poco usual: <\/span><span style=\"color: #000000\">el secuestro de una peque\u00f1a de cuatro a\u00f1os. Sin embargo, algo parece no encajar cuando no hay petici\u00f3n <\/span><span style=\"color: #000000\">econ\u00f3mica por el rescate y la \u00fanica pista es una extra\u00f1a carta escrita a pincel. Una segunda carta de id\u00e9nticas <\/span><span style=\"color: #000000\">caracter\u00edsticas aparecer\u00e1 un d\u00eda despu\u00e9s en el pecho de un hombre asesinado, sin ninguna relaci\u00f3n aparente <\/span><span style=\"color: #000000\">con el secuestro o la peque\u00f1a. Con cada hallazgo la soluci\u00f3n parecer\u00e1 m\u00e1s lejana y, cada veinticuatro horas, <\/span><span style=\"color: #000000\">la vida de alguien estar\u00e1 en juego.<\/span>\r\n<span style=\"color: #000000\">Mucho tiempo atr\u00e1s, una mirada azul era capaz de cautivar all\u00ed donde mirase.<\/span>\r\n<span style=\"color: #000000\">La angustia y el suspense se apoderan de cada l\u00ednea en este thriller con la ciudad de Sevilla como escenario <\/span><span style=\"color: #000000\">de fondo, en el que la justicia, o su ausencia, es la aut\u00e9ntica protagonista.<\/span>\r\n<span style=\"color: #000000\">En <em>Sole\u00e1, dame la mano<\/em> realidad y ficci\u00f3n se unen para revelar un misterio encubierto que acabar\u00eda con el <\/span><span style=\"color: #000000\">r\u00e9gimen establecido, el cual muchos aspiran a conocer, y del que los implicados huyen horrorizados.<\/span>\r\n<strong><span style=\"color: #000000\">Silencio. Quiero que sepas por qu\u00e9.<\/span><\/strong>\r\n\r\n<span style=\"color: #000000\"><img class=\" wp-image-16845 alignleft\" src=\"https:\/\/edicionesalfar.es\/es\/wp-content\/uploads\/2021\/03\/FOTO-SOLAPA-300x225.jpg\" alt=\"\" width=\"233\" height=\"140\" \/>Alberto \u00c1lvarez Campos (Sevilla, 1993). Abogado y socio del Bufete Sanalve. Experto en <\/span><span style=\"color: #000000\">Violencia de G\u00e9nero y derecho de familia, comenz\u00f3 su carrera en despachos de abogados <\/span><span style=\"color: #000000\">mucho antes de terminar sus estudios. Titulado en Mediaci\u00f3n y Gesti\u00f3n de Conflictos, <\/span><span style=\"color: #000000\">realiza un taller como docente en centros de secundaria para combatir el acoso escolar. <\/span><span style=\"color: #000000\">Cre\u00f3 en redes sociales el perfil @chirinbanda, en el que realiza una parodia del programa <\/span><span style=\"color: #000000\">\u201cEl Chiringuito de Jugones\u201d, haciendo cr\u00edtica y humor sobre la ciudad de Sevilla y sus<\/span>\r\n<span style=\"color: #000000\">fiestas m\u00e1s conocidas, alcanzando los 20 000 seguidores en redes sociales. Adem\u00e1s, en <\/span><span style=\"color: #000000\">su blog personal, en el que realiza escritos de diversa \u00edndole, acumula m\u00e1s 90 000 visitas. <\/span><span style=\"color: #000000\">Public\u00f3 su primera novela, <em>M\u00fasicos de Sevilla<\/em> (Ediciones Alfar, derechos de autor donados<\/span>\r\n<span style=\"color: #000000\">al Centro de Estimulaci\u00f3n Precoz, Centro del Buen Fin) en diciembre de 2018, siendo un \u00e9xito de ventas <\/span><span style=\"color: #000000\">a nivel local y teniendo que realizarse una segunda edici\u00f3n apenas dos meses despu\u00e9s.<\/span>\r\n<span style=\"color: #000000\">Con su segunda novela, <em>Sole\u00e1, dame la mano<\/em> (Ediciones Alfar), un thriller vertiginoso con la justicia como <\/span><span style=\"color: #000000\">protagonista, realiza un cambio de registro mucho m\u00e1s ambicioso en la narrativa.<\/span>","_et_gb_content_width":""},"product_brand":[],"product_cat":[438,47],"product_tag":[316,95,315,317,177],"class_list":{"0":"post-16844","1":"product","2":"type-product","3":"status-publish","4":"has-post-thumbnail","6":"product_cat-alvarez-campos-alberto","7":"product_cat-otras-narrativas","8":"product_tag-crimen","9":"product_tag-intriga","10":"product_tag-misterio","11":"product_tag-semana-santa","12":"product_tag-sevilla","14":"first","15":"instock","16":"sale","17":"taxable","18":"shipping-taxable","19":"purchasable","20":"product-type-simple"},"acf":[],"yoast_head":"<!-- This site is optimized with the Yoast SEO plugin v27.4 - https:\/\/yoast.com\/product\/yoast-seo-wordpress\/ -->\n<title>Sole\u00e1, dame la mano - Ediciones Alfar<\/title>\n<meta name=\"robots\" content=\"index, follow, max-snippet:-1, max-image-preview:large, max-video-preview:-1\" \/>\n<link rel=\"canonical\" href=\"https:\/\/edicionesalfar.es\/es\/producto\/solea-dame-la-mano\/\" \/>\n<meta property=\"og:locale\" content=\"es_ES\" \/>\n<meta property=\"og:type\" content=\"article\" \/>\n<meta property=\"og:title\" content=\"Sole\u00e1, dame la mano - Ediciones Alfar\" \/>\n<meta property=\"og:description\" content=\"La angustia y el suspense se apoderan de cada l\u00ednea en este thriller con la ciudad de Sevilla como escenario de fondo, en el que la justicia, o su ausencia, es la aut\u00e9ntica protagonista. En Sole\u00e1, dame la mano realidad y ficci\u00f3n se unen para revelar un misterio encubierto que acabar\u00eda con el r\u00e9gimen establecido, el cual muchos aspiran a conocer, y del que los implicados huyen horrorizados. Silencio. Quiero que sepas por qu\u00e9.\" \/>\n<meta property=\"og:url\" content=\"https:\/\/edicionesalfar.es\/es\/producto\/solea-dame-la-mano\/\" \/>\n<meta property=\"og:site_name\" content=\"Ediciones Alfar\" \/>\n<meta property=\"article:modified_time\" content=\"2022-06-15T09:58:34+00:00\" \/>\n<meta property=\"og:image\" content=\"https:\/\/edicionesalfar.es\/es\/wp-content\/uploads\/2021\/03\/9788478988907_cubierta-1.jpg\" \/>\n\t<meta property=\"og:image:width\" content=\"1791\" \/>\n\t<meta property=\"og:image:height\" content=\"2561\" \/>\n\t<meta property=\"og:image:type\" content=\"image\/jpeg\" \/>\n<meta name=\"twitter:card\" content=\"summary_large_image\" \/>\n<meta name=\"twitter:label1\" content=\"Tiempo de lectura\" \/>\n\t<meta name=\"twitter:data1\" content=\"3 minutos\" \/>\n<script type=\"application\/ld+json\" class=\"yoast-schema-graph\">{\"@context\":\"https:\\\/\\\/schema.org\",\"@graph\":[{\"@type\":\"WebPage\",\"@id\":\"https:\\\/\\\/edicionesalfar.es\\\/es\\\/producto\\\/solea-dame-la-mano\\\/\",\"url\":\"https:\\\/\\\/edicionesalfar.es\\\/es\\\/producto\\\/solea-dame-la-mano\\\/\",\"name\":\"Sole\u00e1, dame la mano - Ediciones Alfar\",\"isPartOf\":{\"@id\":\"https:\\\/\\\/edicionesalfar.es\\\/es\\\/#website\"},\"primaryImageOfPage\":{\"@id\":\"https:\\\/\\\/edicionesalfar.es\\\/es\\\/producto\\\/solea-dame-la-mano\\\/#primaryimage\"},\"image\":{\"@id\":\"https:\\\/\\\/edicionesalfar.es\\\/es\\\/producto\\\/solea-dame-la-mano\\\/#primaryimage\"},\"thumbnailUrl\":\"https:\\\/\\\/edicionesalfar.es\\\/es\\\/wp-content\\\/uploads\\\/2021\\\/03\\\/9788478988907_cubierta-1.jpg\",\"datePublished\":\"2021-03-19T15:40:51+00:00\",\"dateModified\":\"2022-06-15T09:58:34+00:00\",\"breadcrumb\":{\"@id\":\"https:\\\/\\\/edicionesalfar.es\\\/es\\\/producto\\\/solea-dame-la-mano\\\/#breadcrumb\"},\"inLanguage\":\"es\",\"potentialAction\":[{\"@type\":\"ReadAction\",\"target\":[\"https:\\\/\\\/edicionesalfar.es\\\/es\\\/producto\\\/solea-dame-la-mano\\\/\"]}]},{\"@type\":\"ImageObject\",\"inLanguage\":\"es\",\"@id\":\"https:\\\/\\\/edicionesalfar.es\\\/es\\\/producto\\\/solea-dame-la-mano\\\/#primaryimage\",\"url\":\"https:\\\/\\\/edicionesalfar.es\\\/es\\\/wp-content\\\/uploads\\\/2021\\\/03\\\/9788478988907_cubierta-1.jpg\",\"contentUrl\":\"https:\\\/\\\/edicionesalfar.es\\\/es\\\/wp-content\\\/uploads\\\/2021\\\/03\\\/9788478988907_cubierta-1.jpg\",\"width\":1791,\"height\":2561},{\"@type\":\"BreadcrumbList\",\"@id\":\"https:\\\/\\\/edicionesalfar.es\\\/es\\\/producto\\\/solea-dame-la-mano\\\/#breadcrumb\",\"itemListElement\":[{\"@type\":\"ListItem\",\"position\":1,\"name\":\"Portada\",\"item\":\"https:\\\/\\\/edicionesalfar.es\\\/es\\\/\"},{\"@type\":\"ListItem\",\"position\":2,\"name\":\"Cat\u00e1logo\",\"item\":\"https:\\\/\\\/edicionesalfar.es\\\/es\\\/catalogo\\\/\"},{\"@type\":\"ListItem\",\"position\":3,\"name\":\"Sole\u00e1, dame la mano\"}]},{\"@type\":\"WebSite\",\"@id\":\"https:\\\/\\\/edicionesalfar.es\\\/es\\\/#website\",\"url\":\"https:\\\/\\\/edicionesalfar.es\\\/es\\\/\",\"name\":\"Ediciones Alfar\",\"description\":\"\",\"potentialAction\":[{\"@type\":\"SearchAction\",\"target\":{\"@type\":\"EntryPoint\",\"urlTemplate\":\"https:\\\/\\\/edicionesalfar.es\\\/es\\\/?s={search_term_string}\"},\"query-input\":{\"@type\":\"PropertyValueSpecification\",\"valueRequired\":true,\"valueName\":\"search_term_string\"}}],\"inLanguage\":\"es\"}]}<\/script>\n<!-- \/ Yoast SEO plugin. -->","yoast_head_json":{"title":"Sole\u00e1, dame la mano - Ediciones Alfar","robots":{"index":"index","follow":"follow","max-snippet":"max-snippet:-1","max-image-preview":"max-image-preview:large","max-video-preview":"max-video-preview:-1"},"canonical":"https:\/\/edicionesalfar.es\/es\/producto\/solea-dame-la-mano\/","og_locale":"es_ES","og_type":"article","og_title":"Sole\u00e1, dame la mano - Ediciones Alfar","og_description":"La angustia y el suspense se apoderan de cada l\u00ednea en este thriller con la ciudad de Sevilla como escenario de fondo, en el que la justicia, o su ausencia, es la aut\u00e9ntica protagonista. En Sole\u00e1, dame la mano realidad y ficci\u00f3n se unen para revelar un misterio encubierto que acabar\u00eda con el r\u00e9gimen establecido, el cual muchos aspiran a conocer, y del que los implicados huyen horrorizados. Silencio. Quiero que sepas por qu\u00e9.","og_url":"https:\/\/edicionesalfar.es\/es\/producto\/solea-dame-la-mano\/","og_site_name":"Ediciones Alfar","article_modified_time":"2022-06-15T09:58:34+00:00","og_image":[{"width":1791,"height":2561,"url":"https:\/\/edicionesalfar.es\/es\/wp-content\/uploads\/2021\/03\/9788478988907_cubierta-1.jpg","type":"image\/jpeg"}],"twitter_card":"summary_large_image","twitter_misc":{"Tiempo de lectura":"3 minutos"},"schema":{"@context":"https:\/\/schema.org","@graph":[{"@type":"WebPage","@id":"https:\/\/edicionesalfar.es\/es\/producto\/solea-dame-la-mano\/","url":"https:\/\/edicionesalfar.es\/es\/producto\/solea-dame-la-mano\/","name":"Sole\u00e1, dame la mano - Ediciones Alfar","isPartOf":{"@id":"https:\/\/edicionesalfar.es\/es\/#website"},"primaryImageOfPage":{"@id":"https:\/\/edicionesalfar.es\/es\/producto\/solea-dame-la-mano\/#primaryimage"},"image":{"@id":"https:\/\/edicionesalfar.es\/es\/producto\/solea-dame-la-mano\/#primaryimage"},"thumbnailUrl":"https:\/\/edicionesalfar.es\/es\/wp-content\/uploads\/2021\/03\/9788478988907_cubierta-1.jpg","datePublished":"2021-03-19T15:40:51+00:00","dateModified":"2022-06-15T09:58:34+00:00","breadcrumb":{"@id":"https:\/\/edicionesalfar.es\/es\/producto\/solea-dame-la-mano\/#breadcrumb"},"inLanguage":"es","potentialAction":[{"@type":"ReadAction","target":["https:\/\/edicionesalfar.es\/es\/producto\/solea-dame-la-mano\/"]}]},{"@type":"ImageObject","inLanguage":"es","@id":"https:\/\/edicionesalfar.es\/es\/producto\/solea-dame-la-mano\/#primaryimage","url":"https:\/\/edicionesalfar.es\/es\/wp-content\/uploads\/2021\/03\/9788478988907_cubierta-1.jpg","contentUrl":"https:\/\/edicionesalfar.es\/es\/wp-content\/uploads\/2021\/03\/9788478988907_cubierta-1.jpg","width":1791,"height":2561},{"@type":"BreadcrumbList","@id":"https:\/\/edicionesalfar.es\/es\/producto\/solea-dame-la-mano\/#breadcrumb","itemListElement":[{"@type":"ListItem","position":1,"name":"Portada","item":"https:\/\/edicionesalfar.es\/es\/"},{"@type":"ListItem","position":2,"name":"Cat\u00e1logo","item":"https:\/\/edicionesalfar.es\/es\/catalogo\/"},{"@type":"ListItem","position":3,"name":"Sole\u00e1, dame la mano"}]},{"@type":"WebSite","@id":"https:\/\/edicionesalfar.es\/es\/#website","url":"https:\/\/edicionesalfar.es\/es\/","name":"Ediciones Alfar","description":"","potentialAction":[{"@type":"SearchAction","target":{"@type":"EntryPoint","urlTemplate":"https:\/\/edicionesalfar.es\/es\/?s={search_term_string}"},"query-input":{"@type":"PropertyValueSpecification","valueRequired":true,"valueName":"search_term_string"}}],"inLanguage":"es"}]}},"_links":{"self":[{"href":"https:\/\/edicionesalfar.es\/es\/wp-json\/wp\/v2\/product\/16844","targetHints":{"allow":["GET"]}}],"collection":[{"href":"https:\/\/edicionesalfar.es\/es\/wp-json\/wp\/v2\/product"}],"about":[{"href":"https:\/\/edicionesalfar.es\/es\/wp-json\/wp\/v2\/types\/product"}],"replies":[{"embeddable":true,"href":"https:\/\/edicionesalfar.es\/es\/wp-json\/wp\/v2\/comments?post=16844"}],"wp:featuredmedia":[{"embeddable":true,"href":"https:\/\/edicionesalfar.es\/es\/wp-json\/wp\/v2\/media\/16884"}],"wp:attachment":[{"href":"https:\/\/edicionesalfar.es\/es\/wp-json\/wp\/v2\/media?parent=16844"}],"wp:term":[{"taxonomy":"product_brand","embeddable":true,"href":"https:\/\/edicionesalfar.es\/es\/wp-json\/wp\/v2\/product_brand?post=16844"},{"taxonomy":"product_cat","embeddable":true,"href":"https:\/\/edicionesalfar.es\/es\/wp-json\/wp\/v2\/product_cat?post=16844"},{"taxonomy":"product_tag","embeddable":true,"href":"https:\/\/edicionesalfar.es\/es\/wp-json\/wp\/v2\/product_tag?post=16844"}],"curies":[{"name":"wp","href":"https:\/\/api.w.org\/{rel}","templated":true}]}}