{"id":16631,"date":"2021-01-21T14:01:27","date_gmt":"2021-01-21T13:01:27","guid":{"rendered":"https:\/\/www.edicionesalfar.es\/es\/?post_type=product&#038;p=16631"},"modified":"2022-09-28T10:16:44","modified_gmt":"2022-09-28T08:16:44","slug":"solos-de-clarin","status":"publish","type":"product","link":"https:\/\/edicionesalfar.es\/es\/producto\/solos-de-clarin\/","title":{"rendered":"Solos de Clar\u00edn"},"content":{"rendered":"<p><span style=\"color: #000000;\">Leopoldo Alas, \u00abClar\u00edn\u00bb, ha sido reconocido como el principal cr\u00edtico literario del \u00faltimo cuarto del siglo <\/span><span style=\"color: #000000;\">XIX en Espa\u00f1a. Cr\u00edtico agudo, culto, con perspectiva internacional, directo, y a su vez duramente criticado <\/span><span style=\"color: #000000;\">por tempranos censores. Su primera antolog\u00eda como cr\u00edtico fue la obra Solos de Clar\u00edn, aparecida en 1881,<\/span><span style=\"color: #000000;\">cuando todav\u00eda resid\u00eda en Madrid y no hab\u00eda alcanzado el refugio de Asturias; antolog\u00eda personal que, aunque <\/span><span style=\"color: #000000;\">con numerosas ediciones, no hab\u00eda sido hasta ahora objeto de una edici\u00f3n cr\u00edtica, merecida y necesaria, <\/span><span style=\"color: #000000;\">toda vez que en los art\u00edculos que la componen, a los que se unen algunas de sus primeras narraciones cortas, <\/span><span style=\"color: #000000;\">se alude continuamente a autores, obras y circunstancias hoy casi desconocidos o incluso olvidados.<\/span><br \/>\n<span style=\"color: #000000;\">El teatro hispano, con el que es dur\u00edsimo, no sin raz\u00f3n, como evidencia el r\u00e1pido olvido de muchas de las <\/span><span style=\"color: #000000;\">obras que analiza con ocasi\u00f3n de su estreno, es el principal objetivo de sus art\u00edculos, aparecidos en diversos <\/span><span style=\"color: #000000;\">medios madrile\u00f1os, que cabe situar siempre entre los m\u00e1s avanzados del periodismo del momento, pero <\/span><span style=\"color: #000000;\">\u00abClar\u00edn\u00bb es sobre todo consciente de estar asistiendo a un despliegue de la narrativa espa\u00f1ola, gracias a <\/span><span style=\"color: #000000;\">escritores de la talla de un Gald\u00f3s que inicia la madurez, o un Valera, ya en ella, sin olvidar a Pereda o al ya <\/span><span style=\"color: #000000;\">consagrado Alarc\u00f3n, a todos los cuales analiza. La media docena de narraciones que selecciona incluyen <\/span><span style=\"color: #000000;\">algunas de las m\u00e1s populares y pol\u00e9micas, como \u00abLa mosca sabia\u00bb.<\/span><\/p>\n<p><span style=\"color: #000000;\">Antonio Checa Godoy (Ja\u00e9n, 1946), <\/span><span style=\"color: #000000;\">es actualmente Presidente del Consejo <\/span><span style=\"color: #000000;\">Audiovisual de Andaluc\u00eda. Ha <\/span><span style=\"color: #000000;\">sido 25 a\u00f1os profesor de la Universidad <\/span><span style=\"color: #000000;\">de Sevilla, y decano de su <\/span><span style=\"color: #000000;\">Facultad de Comunicaci\u00f3n, y con <\/span><span style=\"color: #000000;\">anterioridad director de diversas <\/span><span style=\"color: #000000;\">publicaciones, como <em>Diario de Granada<\/em>, <\/span><span style=\"color: #000000;\"><em>El Adelanto, de Salamanca<\/em>, o <\/span><span style=\"color: #000000;\"><em>Huelva Informaci\u00f3n<\/em>; y revistas como <\/span><span style=\"color: #000000;\"><em>Andaluc\u00eda Econ\u00f3mica<\/em> o <em>Andaluc\u00eda <\/em><\/span><span style=\"color: #000000;\"><em>Actualidad<\/em>, ademas de impulsor de <\/span><span style=\"color: #000000;\">la Revista internacional de Historia de <\/span><span style=\"color: #000000;\">la Comunicaci\u00f3n. Fue asimismo presidente <\/span><span style=\"color: #000000;\">de la Asociaci\u00f3n de Investigadores<\/span><br \/>\n<span style=\"color: #000000;\">de Historia de la Comunicaci\u00f3n, <\/span><span style=\"color: #000000;\">tarea a la que ha dedicado <\/span><span style=\"color: #000000;\">numerosas obras, varias de ellas <\/span><span style=\"color: #000000;\">aparecidas en Alfar, como <em>Prensa y<\/em><\/span><br \/>\n<em><span style=\"color: #000000;\">Partidos pol\u00edticos durante la II Rep\u00fablica <\/span><\/em><span style=\"color: #000000;\">o <em>Historia de la Prensa andaluza<\/em> y, <\/span><span style=\"color: #000000;\">m\u00e1s recientemente, obras de literatura <\/span><span style=\"color: #000000;\">de viajes, otra de sus l\u00edneas de <\/span><span style=\"color: #000000;\">trabajo, como <em>El Viaje y los libros de <\/em><\/span><span style=\"color: #000000;\"><em>viajes<\/em> o <em>La Europa Eslava<\/em>.<\/span><\/p>\n","protected":false},"excerpt":{"rendered":"<p><span style=\"color: #000000;\">Estamos ante la primera antolog\u00eda, como cr\u00edtico, de Clar\u00edn; aparecida <\/span><span style=\"color: #000000;\">en 1881, cuando todav\u00eda resid\u00eda en Madrid y no hab\u00eda alcanzado el refugio <\/span><span style=\"color: #000000;\">de Asturias; se trata de una antolog\u00eda personal que nunca hab\u00eda sido, hasta ahora, objeto de una edici\u00f3n cr\u00edtica, merecida y necesaria, <\/span><span style=\"color: #000000;\">toda vez que en los art\u00edculos que la componen, a los que se unen algunas de <\/span><span style=\"color: #000000;\">sus primeras narraciones cortas, se alude continuamente a autores, obras y <\/span><span style=\"color: #000000;\">circunstancias hoy casi desconocidos o incluso olvidados.<\/span><\/p>\n","protected":false},"featured_media":16704,"comment_status":"closed","ping_status":"closed","template":"","meta":{"_acf_changed":false,"_et_pb_use_builder":"","_et_pb_old_content":"","_et_gb_content_width":""},"product_brand":[],"product_cat":[430,376,508,34],"product_tag":[302,303,304],"class_list":{"0":"post-16631","1":"product","2":"type-product","3":"status-publish","4":"has-post-thumbnail","6":"product_cat-alas-clarin-leopoldo","7":"product_cat-autores","8":"product_cat-checa-godoy-antonio","9":"product_cat-siglo-xix","10":"product_tag-clarin","11":"product_tag-critica","12":"product_tag-textos-ineditos","14":"first","15":"instock","16":"taxable","17":"shipping-taxable","18":"purchasable","19":"product-type-simple"},"acf":[],"yoast_head":"<!-- This site is optimized with the Yoast SEO plugin v27.4 - https:\/\/yoast.com\/product\/yoast-seo-wordpress\/ -->\n<title>Solos de Clar\u00edn - Ediciones Alfar<\/title>\n<meta name=\"robots\" content=\"index, follow, max-snippet:-1, max-image-preview:large, max-video-preview:-1\" \/>\n<link rel=\"canonical\" href=\"https:\/\/edicionesalfar.es\/es\/producto\/solos-de-clarin\/\" \/>\n<meta property=\"og:locale\" content=\"es_ES\" \/>\n<meta property=\"og:type\" content=\"article\" \/>\n<meta property=\"og:title\" content=\"Solos de Clar\u00edn - Ediciones Alfar\" \/>\n<meta property=\"og:description\" content=\"Estamos ante la primera antolog\u00eda, como cr\u00edtico, de Clar\u00edn; aparecida en 1881, cuando todav\u00eda resid\u00eda en Madrid y no hab\u00eda alcanzado el refugio de Asturias; se trata de una antolog\u00eda personal que nunca hab\u00eda sido, hasta ahora, objeto de una edici\u00f3n cr\u00edtica, merecida y necesaria, toda vez que en los art\u00edculos que la componen, a los que se unen algunas de sus primeras narraciones cortas, se alude continuamente a autores, obras y circunstancias hoy casi desconocidos o incluso olvidados.\" \/>\n<meta property=\"og:url\" content=\"https:\/\/edicionesalfar.es\/es\/producto\/solos-de-clarin\/\" \/>\n<meta property=\"og:site_name\" content=\"Ediciones Alfar\" \/>\n<meta property=\"article:modified_time\" content=\"2022-09-28T08:16:44+00:00\" \/>\n<meta property=\"og:image\" content=\"https:\/\/edicionesalfar.es\/es\/wp-content\/uploads\/2021\/01\/Mokup-Solos-Clar\u00edn-previa-1.jpg\" \/>\n\t<meta property=\"og:image:width\" content=\"1594\" \/>\n\t<meta property=\"og:image:height\" content=\"1648\" \/>\n\t<meta property=\"og:image:type\" content=\"image\/jpeg\" \/>\n<meta name=\"twitter:card\" content=\"summary_large_image\" \/>\n<meta name=\"twitter:label1\" content=\"Tiempo de lectura\" \/>\n\t<meta name=\"twitter:data1\" content=\"2 minutos\" \/>\n<script type=\"application\/ld+json\" class=\"yoast-schema-graph\">{\"@context\":\"https:\\\/\\\/schema.org\",\"@graph\":[{\"@type\":\"WebPage\",\"@id\":\"https:\\\/\\\/edicionesalfar.es\\\/es\\\/producto\\\/solos-de-clarin\\\/\",\"url\":\"https:\\\/\\\/edicionesalfar.es\\\/es\\\/producto\\\/solos-de-clarin\\\/\",\"name\":\"Solos de Clar\u00edn - Ediciones Alfar\",\"isPartOf\":{\"@id\":\"https:\\\/\\\/edicionesalfar.es\\\/es\\\/#website\"},\"primaryImageOfPage\":{\"@id\":\"https:\\\/\\\/edicionesalfar.es\\\/es\\\/producto\\\/solos-de-clarin\\\/#primaryimage\"},\"image\":{\"@id\":\"https:\\\/\\\/edicionesalfar.es\\\/es\\\/producto\\\/solos-de-clarin\\\/#primaryimage\"},\"thumbnailUrl\":\"https:\\\/\\\/edicionesalfar.es\\\/es\\\/wp-content\\\/uploads\\\/2021\\\/01\\\/Mokup-Solos-Clar\u00edn-previa-1.jpg\",\"datePublished\":\"2021-01-21T13:01:27+00:00\",\"dateModified\":\"2022-09-28T08:16:44+00:00\",\"breadcrumb\":{\"@id\":\"https:\\\/\\\/edicionesalfar.es\\\/es\\\/producto\\\/solos-de-clarin\\\/#breadcrumb\"},\"inLanguage\":\"es\",\"potentialAction\":[{\"@type\":\"ReadAction\",\"target\":[\"https:\\\/\\\/edicionesalfar.es\\\/es\\\/producto\\\/solos-de-clarin\\\/\"]}]},{\"@type\":\"ImageObject\",\"inLanguage\":\"es\",\"@id\":\"https:\\\/\\\/edicionesalfar.es\\\/es\\\/producto\\\/solos-de-clarin\\\/#primaryimage\",\"url\":\"https:\\\/\\\/edicionesalfar.es\\\/es\\\/wp-content\\\/uploads\\\/2021\\\/01\\\/Mokup-Solos-Clar\u00edn-previa-1.jpg\",\"contentUrl\":\"https:\\\/\\\/edicionesalfar.es\\\/es\\\/wp-content\\\/uploads\\\/2021\\\/01\\\/Mokup-Solos-Clar\u00edn-previa-1.jpg\",\"width\":1594,\"height\":1648},{\"@type\":\"BreadcrumbList\",\"@id\":\"https:\\\/\\\/edicionesalfar.es\\\/es\\\/producto\\\/solos-de-clarin\\\/#breadcrumb\",\"itemListElement\":[{\"@type\":\"ListItem\",\"position\":1,\"name\":\"Portada\",\"item\":\"https:\\\/\\\/edicionesalfar.es\\\/es\\\/\"},{\"@type\":\"ListItem\",\"position\":2,\"name\":\"Cat\u00e1logo\",\"item\":\"https:\\\/\\\/edicionesalfar.es\\\/es\\\/catalogo\\\/\"},{\"@type\":\"ListItem\",\"position\":3,\"name\":\"Solos de Clar\u00edn\"}]},{\"@type\":\"WebSite\",\"@id\":\"https:\\\/\\\/edicionesalfar.es\\\/es\\\/#website\",\"url\":\"https:\\\/\\\/edicionesalfar.es\\\/es\\\/\",\"name\":\"Ediciones Alfar\",\"description\":\"\",\"potentialAction\":[{\"@type\":\"SearchAction\",\"target\":{\"@type\":\"EntryPoint\",\"urlTemplate\":\"https:\\\/\\\/edicionesalfar.es\\\/es\\\/?s={search_term_string}\"},\"query-input\":{\"@type\":\"PropertyValueSpecification\",\"valueRequired\":true,\"valueName\":\"search_term_string\"}}],\"inLanguage\":\"es\"}]}<\/script>\n<!-- \/ Yoast SEO plugin. -->","yoast_head_json":{"title":"Solos de Clar\u00edn - Ediciones Alfar","robots":{"index":"index","follow":"follow","max-snippet":"max-snippet:-1","max-image-preview":"max-image-preview:large","max-video-preview":"max-video-preview:-1"},"canonical":"https:\/\/edicionesalfar.es\/es\/producto\/solos-de-clarin\/","og_locale":"es_ES","og_type":"article","og_title":"Solos de Clar\u00edn - Ediciones Alfar","og_description":"Estamos ante la primera antolog\u00eda, como cr\u00edtico, de Clar\u00edn; aparecida en 1881, cuando todav\u00eda resid\u00eda en Madrid y no hab\u00eda alcanzado el refugio de Asturias; se trata de una antolog\u00eda personal que nunca hab\u00eda sido, hasta ahora, objeto de una edici\u00f3n cr\u00edtica, merecida y necesaria, toda vez que en los art\u00edculos que la componen, a los que se unen algunas de sus primeras narraciones cortas, se alude continuamente a autores, obras y circunstancias hoy casi desconocidos o incluso olvidados.","og_url":"https:\/\/edicionesalfar.es\/es\/producto\/solos-de-clarin\/","og_site_name":"Ediciones Alfar","article_modified_time":"2022-09-28T08:16:44+00:00","og_image":[{"width":1594,"height":1648,"url":"https:\/\/edicionesalfar.es\/es\/wp-content\/uploads\/2021\/01\/Mokup-Solos-Clar\u00edn-previa-1.jpg","type":"image\/jpeg"}],"twitter_card":"summary_large_image","twitter_misc":{"Tiempo de lectura":"2 minutos"},"schema":{"@context":"https:\/\/schema.org","@graph":[{"@type":"WebPage","@id":"https:\/\/edicionesalfar.es\/es\/producto\/solos-de-clarin\/","url":"https:\/\/edicionesalfar.es\/es\/producto\/solos-de-clarin\/","name":"Solos de Clar\u00edn - Ediciones Alfar","isPartOf":{"@id":"https:\/\/edicionesalfar.es\/es\/#website"},"primaryImageOfPage":{"@id":"https:\/\/edicionesalfar.es\/es\/producto\/solos-de-clarin\/#primaryimage"},"image":{"@id":"https:\/\/edicionesalfar.es\/es\/producto\/solos-de-clarin\/#primaryimage"},"thumbnailUrl":"https:\/\/edicionesalfar.es\/es\/wp-content\/uploads\/2021\/01\/Mokup-Solos-Clar\u00edn-previa-1.jpg","datePublished":"2021-01-21T13:01:27+00:00","dateModified":"2022-09-28T08:16:44+00:00","breadcrumb":{"@id":"https:\/\/edicionesalfar.es\/es\/producto\/solos-de-clarin\/#breadcrumb"},"inLanguage":"es","potentialAction":[{"@type":"ReadAction","target":["https:\/\/edicionesalfar.es\/es\/producto\/solos-de-clarin\/"]}]},{"@type":"ImageObject","inLanguage":"es","@id":"https:\/\/edicionesalfar.es\/es\/producto\/solos-de-clarin\/#primaryimage","url":"https:\/\/edicionesalfar.es\/es\/wp-content\/uploads\/2021\/01\/Mokup-Solos-Clar\u00edn-previa-1.jpg","contentUrl":"https:\/\/edicionesalfar.es\/es\/wp-content\/uploads\/2021\/01\/Mokup-Solos-Clar\u00edn-previa-1.jpg","width":1594,"height":1648},{"@type":"BreadcrumbList","@id":"https:\/\/edicionesalfar.es\/es\/producto\/solos-de-clarin\/#breadcrumb","itemListElement":[{"@type":"ListItem","position":1,"name":"Portada","item":"https:\/\/edicionesalfar.es\/es\/"},{"@type":"ListItem","position":2,"name":"Cat\u00e1logo","item":"https:\/\/edicionesalfar.es\/es\/catalogo\/"},{"@type":"ListItem","position":3,"name":"Solos de Clar\u00edn"}]},{"@type":"WebSite","@id":"https:\/\/edicionesalfar.es\/es\/#website","url":"https:\/\/edicionesalfar.es\/es\/","name":"Ediciones Alfar","description":"","potentialAction":[{"@type":"SearchAction","target":{"@type":"EntryPoint","urlTemplate":"https:\/\/edicionesalfar.es\/es\/?s={search_term_string}"},"query-input":{"@type":"PropertyValueSpecification","valueRequired":true,"valueName":"search_term_string"}}],"inLanguage":"es"}]}},"_links":{"self":[{"href":"https:\/\/edicionesalfar.es\/es\/wp-json\/wp\/v2\/product\/16631","targetHints":{"allow":["GET"]}}],"collection":[{"href":"https:\/\/edicionesalfar.es\/es\/wp-json\/wp\/v2\/product"}],"about":[{"href":"https:\/\/edicionesalfar.es\/es\/wp-json\/wp\/v2\/types\/product"}],"replies":[{"embeddable":true,"href":"https:\/\/edicionesalfar.es\/es\/wp-json\/wp\/v2\/comments?post=16631"}],"wp:featuredmedia":[{"embeddable":true,"href":"https:\/\/edicionesalfar.es\/es\/wp-json\/wp\/v2\/media\/16704"}],"wp:attachment":[{"href":"https:\/\/edicionesalfar.es\/es\/wp-json\/wp\/v2\/media?parent=16631"}],"wp:term":[{"taxonomy":"product_brand","embeddable":true,"href":"https:\/\/edicionesalfar.es\/es\/wp-json\/wp\/v2\/product_brand?post=16631"},{"taxonomy":"product_cat","embeddable":true,"href":"https:\/\/edicionesalfar.es\/es\/wp-json\/wp\/v2\/product_cat?post=16631"},{"taxonomy":"product_tag","embeddable":true,"href":"https:\/\/edicionesalfar.es\/es\/wp-json\/wp\/v2\/product_tag?post=16631"}],"curies":[{"name":"wp","href":"https:\/\/api.w.org\/{rel}","templated":true}]}}