{"id":16429,"date":"2020-12-03T15:02:44","date_gmt":"2020-12-03T14:02:44","guid":{"rendered":"https:\/\/www.edicionesalfar.es\/es\/?post_type=product&#038;p=16429"},"modified":"2023-01-31T08:58:12","modified_gmt":"2023-01-31T07:58:12","slug":"los-estudios-culturales-sobre-el-arte-independiente-y-la-cultura","status":"publish","type":"product","link":"https:\/\/edicionesalfar.es\/es\/producto\/los-estudios-culturales-sobre-el-arte-independiente-y-la-cultura\/","title":{"rendered":"Los Estudios Culturales sobre el arte independiente y la cultura"},"content":{"rendered":"<p><span style=\"color: #000000;\">Los textos del equipo de autores formado por J\u00falius Fujak, Zolt\u00e1n R\u00e9dey, Michal Reiser, Martin Boszor\u00e1d y <\/span><span style=\"color: #000000;\">Ludivine Allegue proporcionan dentro de contextos diversos una imagen quiz\u00e1s fragmentaria que, sin embargo, <\/span><span style=\"color: #000000;\">en su conjunto, es ciertamente interesante y sirve de referencia para determinar las diversas huellas de <\/span><span style=\"color: #000000;\">su presencia dentro de la expresi\u00f3n de la cultura independiente y el arte alternativo. La dimensi\u00f3n interna de <\/span><span style=\"color: #000000;\">la libertad \u2013articulada en sus representaciones, obra y actitudes\u2013 es claramente indicativa y, principalmente, <\/span><span style=\"color: #000000;\">fundamental a la hora de constituir su propia dignidad humana en los tiempos dif\u00edciles que vivimos.<\/span><br \/>\n<span style=\"color: #000000;\">No es de extra\u00f1ar que la reflexi\u00f3n interdisciplinaria sobre la postura independiente en el arte y la cultura <\/span><span style=\"color: #000000;\">se encuentre aqu\u00ed en una confrontaci\u00f3n entre la cultura independiente y la oficial, y eso tanto dentro de la <\/span><span style=\"color: #000000;\">visi\u00f3n espacio-temporal, sincr\u00f3nica y diacr\u00f3nica, como en los contextos multiculturales. En la actual era del <\/span><span style=\"color: #000000;\">paradigma posmoderno, en pleno proceso de metamorfosis y de profunda crisis estructural en la fase tard\u00eda <\/span><span style=\"color: #000000;\">del (neo)capitalismo (neo)liberal, esta contraposici\u00f3n adquiere un nuevo significado.<\/span><\/p>\n<p><span style=\"color: #000000;\">El Profesor Titular J\u00falius Fujak, Ph.D. Especialista en est\u00e9tica, semi\u00f3tica de la m\u00fasica y compositor experimental, <\/span><span style=\"color: #000000;\">trabaja en el Departamento de Culturolog\u00eda, Facultad de Artes, Universidad de Constantino el <\/span><span style=\"color: #000000;\">Fil\u00f3sofo de Nitra (Eslovaquia)<\/span><br \/>\n<span style=\"color: #000000;\">El Profesor Asociado Zolt\u00e1n R\u00e9dey, Ph.D. Cient\u00edfico y cr\u00edtico literario, trabaja en el Instituto de Comunicaci\u00f3n <\/span><span style=\"color: #000000;\">Literaria y Art\u00edstica, Facultad de Artes, Universidad Constantino el Fil\u00f3sofo de Nitra (Eslovaquia).<\/span><br \/>\n<span style=\"color: #000000;\">Michal Reiser, Ph.D. Cultur\u00f3logo, defendi\u00f3 su disertaci\u00f3n en el Departamento de Culturolog\u00eda, Facultad de <\/span><span style=\"color: #000000;\">Artes, Universidad Constantino el Fil\u00f3sofo de Nitra (Eslovaquia).<\/span><br \/>\n<span style=\"color: #000000;\">Martin Boszor\u00e1d, Ph.D. Especialista en est\u00e9tica y germanista, director del Instituto de Comunicaci\u00f3n Literaria <\/span><span style=\"color: #000000;\">y Art\u00edstica, Facultad de Artes, Universidad Constantino el Fil\u00f3sofo de Nitra (Eslovaquia).<\/span><br \/>\n<span style=\"color: #000000;\">Ludivine Allegue, Ph.D. Especialista en est\u00e9tica, semi\u00f3tica y artista, defendi\u00f3 su tesis doctoral en la Universidad <\/span><span style=\"color: #000000;\">de Paris 1 Panth\u00e9on-Sorbonne, Paris (Francia).<\/span><\/p>\n","protected":false},"excerpt":{"rendered":"<p><span style=\"color: #000000;\">Obra coral que nos muestra la importancia, la relevancia, del arte independiente, de los contenidos culturales m\u00e1s trasgresores, en nuestra vida, en el \u00e1mbito social, econ\u00f3mico, educativo&#8230; cultural.<\/span><\/p>\n","protected":false},"featured_media":16521,"comment_status":"closed","ping_status":"closed","template":"","meta":{"_acf_changed":false,"_et_pb_use_builder":"","_et_pb_old_content":"","_et_gb_content_width":""},"product_brand":[],"product_cat":[376,564,21],"product_tag":[289,230,292,290,291],"class_list":{"0":"post-16429","1":"product","2":"type-product","3":"status-publish","4":"has-post-thumbnail","6":"product_cat-autores","7":"product_cat-fujak-julius","8":"product_cat-estudios-literarios","9":"product_tag-arte","10":"product_tag-cultura","11":"product_tag-independiente","12":"product_tag-siglo-xx","13":"product_tag-siglo-xxi","15":"first","16":"instock","17":"taxable","18":"shipping-taxable","19":"purchasable","20":"product-type-simple"},"acf":[],"yoast_head":"<!-- This site is optimized with the Yoast SEO plugin v27.6 - https:\/\/yoast.com\/product\/yoast-seo-wordpress\/ -->\n<title>Los Estudios Culturales sobre el arte independiente y la cultura - Ediciones Alfar<\/title>\n<meta name=\"robots\" content=\"index, follow, max-snippet:-1, max-image-preview:large, max-video-preview:-1\" \/>\n<link rel=\"canonical\" href=\"https:\/\/edicionesalfar.es\/es\/producto\/los-estudios-culturales-sobre-el-arte-independiente-y-la-cultura\/\" \/>\n<meta property=\"og:locale\" content=\"es_ES\" \/>\n<meta property=\"og:type\" content=\"article\" \/>\n<meta property=\"og:title\" content=\"Los Estudios Culturales sobre el arte independiente y la cultura - Ediciones Alfar\" \/>\n<meta property=\"og:description\" content=\"Obra coral que nos muestra la importancia, la relevancia, del arte independiente, de los contenidos culturales m\u00e1s trasgresores, en nuestra vida, en el \u00e1mbito social, econ\u00f3mico, educativo... cultural.\" \/>\n<meta property=\"og:url\" content=\"https:\/\/edicionesalfar.es\/es\/producto\/los-estudios-culturales-sobre-el-arte-independiente-y-la-cultura\/\" \/>\n<meta property=\"og:site_name\" content=\"Ediciones Alfar\" \/>\n<meta property=\"article:modified_time\" content=\"2023-01-31T07:58:12+00:00\" \/>\n<meta property=\"og:image\" content=\"https:\/\/edicionesalfar.es\/es\/wp-content\/uploads\/2020\/12\/9788478988754_los-estudios-culturales-1.jpg\" \/>\n\t<meta property=\"og:image:width\" content=\"1804\" \/>\n\t<meta property=\"og:image:height\" content=\"2473\" \/>\n\t<meta property=\"og:image:type\" content=\"image\/jpeg\" \/>\n<meta name=\"twitter:card\" content=\"summary_large_image\" \/>\n<meta name=\"twitter:label1\" content=\"Tiempo de lectura\" \/>\n\t<meta name=\"twitter:data1\" content=\"2 minutos\" \/>\n<script type=\"application\/ld+json\" class=\"yoast-schema-graph\">{\"@context\":\"https:\\\/\\\/schema.org\",\"@graph\":[{\"@type\":\"WebPage\",\"@id\":\"https:\\\/\\\/edicionesalfar.es\\\/es\\\/producto\\\/los-estudios-culturales-sobre-el-arte-independiente-y-la-cultura\\\/\",\"url\":\"https:\\\/\\\/edicionesalfar.es\\\/es\\\/producto\\\/los-estudios-culturales-sobre-el-arte-independiente-y-la-cultura\\\/\",\"name\":\"Los Estudios Culturales sobre el arte independiente y la cultura - Ediciones Alfar\",\"isPartOf\":{\"@id\":\"https:\\\/\\\/edicionesalfar.es\\\/es\\\/#website\"},\"primaryImageOfPage\":{\"@id\":\"https:\\\/\\\/edicionesalfar.es\\\/es\\\/producto\\\/los-estudios-culturales-sobre-el-arte-independiente-y-la-cultura\\\/#primaryimage\"},\"image\":{\"@id\":\"https:\\\/\\\/edicionesalfar.es\\\/es\\\/producto\\\/los-estudios-culturales-sobre-el-arte-independiente-y-la-cultura\\\/#primaryimage\"},\"thumbnailUrl\":\"https:\\\/\\\/edicionesalfar.es\\\/es\\\/wp-content\\\/uploads\\\/2020\\\/12\\\/9788478988754_los-estudios-culturales-1.jpg\",\"datePublished\":\"2020-12-03T14:02:44+00:00\",\"dateModified\":\"2023-01-31T07:58:12+00:00\",\"breadcrumb\":{\"@id\":\"https:\\\/\\\/edicionesalfar.es\\\/es\\\/producto\\\/los-estudios-culturales-sobre-el-arte-independiente-y-la-cultura\\\/#breadcrumb\"},\"inLanguage\":\"es\",\"potentialAction\":[{\"@type\":\"ReadAction\",\"target\":[\"https:\\\/\\\/edicionesalfar.es\\\/es\\\/producto\\\/los-estudios-culturales-sobre-el-arte-independiente-y-la-cultura\\\/\"]}]},{\"@type\":\"ImageObject\",\"inLanguage\":\"es\",\"@id\":\"https:\\\/\\\/edicionesalfar.es\\\/es\\\/producto\\\/los-estudios-culturales-sobre-el-arte-independiente-y-la-cultura\\\/#primaryimage\",\"url\":\"https:\\\/\\\/edicionesalfar.es\\\/es\\\/wp-content\\\/uploads\\\/2020\\\/12\\\/9788478988754_los-estudios-culturales-1.jpg\",\"contentUrl\":\"https:\\\/\\\/edicionesalfar.es\\\/es\\\/wp-content\\\/uploads\\\/2020\\\/12\\\/9788478988754_los-estudios-culturales-1.jpg\",\"width\":1804,\"height\":2473},{\"@type\":\"BreadcrumbList\",\"@id\":\"https:\\\/\\\/edicionesalfar.es\\\/es\\\/producto\\\/los-estudios-culturales-sobre-el-arte-independiente-y-la-cultura\\\/#breadcrumb\",\"itemListElement\":[{\"@type\":\"ListItem\",\"position\":1,\"name\":\"Portada\",\"item\":\"https:\\\/\\\/edicionesalfar.es\\\/es\\\/\"},{\"@type\":\"ListItem\",\"position\":2,\"name\":\"Cat\u00e1logo\",\"item\":\"https:\\\/\\\/edicionesalfar.es\\\/es\\\/catalogo\\\/\"},{\"@type\":\"ListItem\",\"position\":3,\"name\":\"Los Estudios Culturales sobre el arte independiente y la cultura\"}]},{\"@type\":\"WebSite\",\"@id\":\"https:\\\/\\\/edicionesalfar.es\\\/es\\\/#website\",\"url\":\"https:\\\/\\\/edicionesalfar.es\\\/es\\\/\",\"name\":\"Ediciones Alfar\",\"description\":\"\",\"potentialAction\":[{\"@type\":\"SearchAction\",\"target\":{\"@type\":\"EntryPoint\",\"urlTemplate\":\"https:\\\/\\\/edicionesalfar.es\\\/es\\\/?s={search_term_string}\"},\"query-input\":{\"@type\":\"PropertyValueSpecification\",\"valueRequired\":true,\"valueName\":\"search_term_string\"}}],\"inLanguage\":\"es\"}]}<\/script>\n<!-- \/ Yoast SEO plugin. -->","yoast_head_json":{"title":"Los Estudios Culturales sobre el arte independiente y la cultura - Ediciones Alfar","robots":{"index":"index","follow":"follow","max-snippet":"max-snippet:-1","max-image-preview":"max-image-preview:large","max-video-preview":"max-video-preview:-1"},"canonical":"https:\/\/edicionesalfar.es\/es\/producto\/los-estudios-culturales-sobre-el-arte-independiente-y-la-cultura\/","og_locale":"es_ES","og_type":"article","og_title":"Los Estudios Culturales sobre el arte independiente y la cultura - Ediciones Alfar","og_description":"Obra coral que nos muestra la importancia, la relevancia, del arte independiente, de los contenidos culturales m\u00e1s trasgresores, en nuestra vida, en el \u00e1mbito social, econ\u00f3mico, educativo... cultural.","og_url":"https:\/\/edicionesalfar.es\/es\/producto\/los-estudios-culturales-sobre-el-arte-independiente-y-la-cultura\/","og_site_name":"Ediciones Alfar","article_modified_time":"2023-01-31T07:58:12+00:00","og_image":[{"width":1804,"height":2473,"url":"https:\/\/edicionesalfar.es\/es\/wp-content\/uploads\/2020\/12\/9788478988754_los-estudios-culturales-1.jpg","type":"image\/jpeg"}],"twitter_card":"summary_large_image","twitter_misc":{"Tiempo de lectura":"2 minutos"},"schema":{"@context":"https:\/\/schema.org","@graph":[{"@type":"WebPage","@id":"https:\/\/edicionesalfar.es\/es\/producto\/los-estudios-culturales-sobre-el-arte-independiente-y-la-cultura\/","url":"https:\/\/edicionesalfar.es\/es\/producto\/los-estudios-culturales-sobre-el-arte-independiente-y-la-cultura\/","name":"Los Estudios Culturales sobre el arte independiente y la cultura - Ediciones Alfar","isPartOf":{"@id":"https:\/\/edicionesalfar.es\/es\/#website"},"primaryImageOfPage":{"@id":"https:\/\/edicionesalfar.es\/es\/producto\/los-estudios-culturales-sobre-el-arte-independiente-y-la-cultura\/#primaryimage"},"image":{"@id":"https:\/\/edicionesalfar.es\/es\/producto\/los-estudios-culturales-sobre-el-arte-independiente-y-la-cultura\/#primaryimage"},"thumbnailUrl":"https:\/\/edicionesalfar.es\/es\/wp-content\/uploads\/2020\/12\/9788478988754_los-estudios-culturales-1.jpg","datePublished":"2020-12-03T14:02:44+00:00","dateModified":"2023-01-31T07:58:12+00:00","breadcrumb":{"@id":"https:\/\/edicionesalfar.es\/es\/producto\/los-estudios-culturales-sobre-el-arte-independiente-y-la-cultura\/#breadcrumb"},"inLanguage":"es","potentialAction":[{"@type":"ReadAction","target":["https:\/\/edicionesalfar.es\/es\/producto\/los-estudios-culturales-sobre-el-arte-independiente-y-la-cultura\/"]}]},{"@type":"ImageObject","inLanguage":"es","@id":"https:\/\/edicionesalfar.es\/es\/producto\/los-estudios-culturales-sobre-el-arte-independiente-y-la-cultura\/#primaryimage","url":"https:\/\/edicionesalfar.es\/es\/wp-content\/uploads\/2020\/12\/9788478988754_los-estudios-culturales-1.jpg","contentUrl":"https:\/\/edicionesalfar.es\/es\/wp-content\/uploads\/2020\/12\/9788478988754_los-estudios-culturales-1.jpg","width":1804,"height":2473},{"@type":"BreadcrumbList","@id":"https:\/\/edicionesalfar.es\/es\/producto\/los-estudios-culturales-sobre-el-arte-independiente-y-la-cultura\/#breadcrumb","itemListElement":[{"@type":"ListItem","position":1,"name":"Portada","item":"https:\/\/edicionesalfar.es\/es\/"},{"@type":"ListItem","position":2,"name":"Cat\u00e1logo","item":"https:\/\/edicionesalfar.es\/es\/catalogo\/"},{"@type":"ListItem","position":3,"name":"Los Estudios Culturales sobre el arte independiente y la cultura"}]},{"@type":"WebSite","@id":"https:\/\/edicionesalfar.es\/es\/#website","url":"https:\/\/edicionesalfar.es\/es\/","name":"Ediciones Alfar","description":"","potentialAction":[{"@type":"SearchAction","target":{"@type":"EntryPoint","urlTemplate":"https:\/\/edicionesalfar.es\/es\/?s={search_term_string}"},"query-input":{"@type":"PropertyValueSpecification","valueRequired":true,"valueName":"search_term_string"}}],"inLanguage":"es"}]}},"_links":{"self":[{"href":"https:\/\/edicionesalfar.es\/es\/wp-json\/wp\/v2\/product\/16429","targetHints":{"allow":["GET"]}}],"collection":[{"href":"https:\/\/edicionesalfar.es\/es\/wp-json\/wp\/v2\/product"}],"about":[{"href":"https:\/\/edicionesalfar.es\/es\/wp-json\/wp\/v2\/types\/product"}],"replies":[{"embeddable":true,"href":"https:\/\/edicionesalfar.es\/es\/wp-json\/wp\/v2\/comments?post=16429"}],"wp:featuredmedia":[{"embeddable":true,"href":"https:\/\/edicionesalfar.es\/es\/wp-json\/wp\/v2\/media\/16521"}],"wp:attachment":[{"href":"https:\/\/edicionesalfar.es\/es\/wp-json\/wp\/v2\/media?parent=16429"}],"wp:term":[{"taxonomy":"product_brand","embeddable":true,"href":"https:\/\/edicionesalfar.es\/es\/wp-json\/wp\/v2\/product_brand?post=16429"},{"taxonomy":"product_cat","embeddable":true,"href":"https:\/\/edicionesalfar.es\/es\/wp-json\/wp\/v2\/product_cat?post=16429"},{"taxonomy":"product_tag","embeddable":true,"href":"https:\/\/edicionesalfar.es\/es\/wp-json\/wp\/v2\/product_tag?post=16429"}],"curies":[{"name":"wp","href":"https:\/\/api.w.org\/{rel}","templated":true}]}}