{"id":16321,"date":"2020-10-29T15:07:05","date_gmt":"2020-10-29T14:07:05","guid":{"rendered":"https:\/\/www.edicionesalfar.es\/es\/?post_type=product&#038;p=16321"},"modified":"2022-10-21T07:32:16","modified_gmt":"2022-10-21T05:32:16","slug":"un-invierno-en-filadelfia-juan-de-la-cierva-y-su-autogiro","status":"publish","type":"product","link":"https:\/\/edicionesalfar.es\/es\/producto\/un-invierno-en-filadelfia-juan-de-la-cierva-y-su-autogiro\/","title":{"rendered":"Un invierno en Filadelfia (Juan de la Cierva y su autogiro)"},"content":{"rendered":"<p><span style=\"color: #000000;\">Juan de la Cierva viaja por segunda vez a los Estados Unidos en diciembre de 1931 para encontrarse con su <\/span><span style=\"color: #000000;\">socio en la Autogiro Company of America Harold Pitcairn, que le acoge en su mansi\u00f3n de Bryn Athyn, en las <\/span><span style=\"color: #000000;\">afueras de Filadelfia. Estando all\u00ed recibe una invitaci\u00f3n para asistir a una fiesta en Michigan, en la que conoce al <\/span><span style=\"color: #000000;\">fabricante de autom\u00f3viles Henry Ford, que le convence para que escriba unas memorias. En ellas, dictadas a un <\/span><span style=\"color: #000000;\">periodista y con Pitcairn como testigo, el inventor narrar\u00e1 toda su vida, describiendo primero c\u00f3mo ya desde <\/span><span style=\"color: #000000;\">ni\u00f1o se despierta en \u00e9l la vocaci\u00f3n por la aviaci\u00f3n para despu\u00e9s ir evolucionando sus trabajos hasta la invenci\u00f3n <\/span><span style=\"color: #000000;\">del autogiro y su perfeccionamiento posterior.<\/span><br \/>\n<span style=\"color: #000000;\">Tras ese invierno en Am\u00e9rica y ya de regreso en Londres, ciudad en la que viv\u00eda entonces, se cuenta c\u00f3mo Juan <\/span><span style=\"color: #000000;\">de la Cierva \u2014un personaje conocido y admirado en aquellos momentos en todo el mundo\u2014 fue consiguiendo <\/span><span style=\"color: #000000;\">sucesivas mejoras en el autogiro hasta hacerlo despegar verticalmente, y de qu\u00e9 manera sus estudios sobre las <\/span><span style=\"color: #000000;\">alas giratorias permitieron, tras su prematura muerte, el desarrollo del helic\u00f3ptero.<\/span><br \/>\n<span style=\"color: #000000;\">En la obra se relata la \u00e9poca convulsa que le toc\u00f3 vivir al inventor espa\u00f1ol, as\u00ed como las relaciones de Juan de la <\/span><span style=\"color: #000000;\">Cierva y Codorn\u00edu con algunos personajes c\u00e9lebres de la \u00e9poca como el rey Alfonso XIII, Alberto Santos Dumont, <\/span><span style=\"color: #000000;\">Leonardo Torres Quevedo, Guglielmo Marconi y otros. Tambi\u00e9n se cuentan las opiniones que manifestaron <\/span><span style=\"color: #000000;\">acerca del autogiro grandes inventores como Thomas Alva Edison y Henrich Focke (inventor del primer <\/span><span style=\"color: #000000;\">helic\u00f3ptero con certificado de aeronavegabilidad).<\/span><\/p>\n<p><span style=\"color: #000000;\"><img decoding=\"async\" class=\" wp-image-16323 alignleft\" src=\"https:\/\/edicionesalfar.es\/es\/wp-content\/uploads\/2020\/10\/Estambul-1-300x297.jpg\" alt=\"\" width=\"179\" height=\"168\" \/>Fernando de la Cierva Bento naci\u00f3 en Murcia en 1958. Estudi\u00f3 Medicina y se especializ\u00f3 en Otorrinolaringolog\u00eda, <\/span><span style=\"color: #000000;\">asignatura de la que ha sido profesor asociado de la Universidad de Murcia. Es <\/span><span style=\"color: #000000;\">el Director M\u00e9dico del Hospital General Universitario Reina Sof\u00eda de su ciudad. Ha escrito numerosos <\/span><span style=\"color: #000000;\">relatos breves, entre los cuales <em>La tapia<\/em> y <em>Asquerosas palomas<\/em> fueron premiados en sendos <\/span><span style=\"color: #000000;\">cert\u00e1menes de la Academia de M\u00e9dicos Escritores y Artistas de la Regi\u00f3n de Murcia. En 2015 public\u00f3 <\/span><span style=\"color: #000000;\">un libro de relatos bajo el t\u00edtulo de <em>Cat\u00e1logo de buenos recuerdos<\/em> (Editorial Dauro). Tambi\u00e9n es <\/span><span style=\"color: #000000;\">autor de la novela corta <em>La ni\u00f1a que hablaba con las \u00e1guilas<\/em>, as\u00ed como de las novelas <em>El Pat\u00f3logo<\/em> y <em>La <\/em><\/span><span style=\"color: #000000;\"><em>muerte s\u00fabita<\/em>, esta \u00faltima escrita conjuntamente con el periodista y escritor Enrique Morales Cano.<\/span><\/p>\n","protected":false},"excerpt":{"rendered":"<p><span style=\"color: #000000;\">Novela necesaria sobre el principal inventor de nuestra historia. Su Autogiro fue un referente mundial, y en esta obra se cuenta como viaja a Am\u00e9rica para encontrarse con su socio en la Autogiro Company of America (Harold Pitcairn); como conoce a Henry Ford; sus relaciones con el rey Alfonso XIII, Alberto Santos Dumont, Leonardo Torres Quevedo, Guglielmo Marconi&#8230;<\/span><\/p>\n","protected":false},"featured_media":16363,"comment_status":"closed","ping_status":"closed","template":"","meta":{"_acf_changed":false,"_et_pb_use_builder":"","_et_pb_old_content":"","_et_gb_content_width":""},"product_brand":[],"product_cat":[376,500,47],"product_tag":[278,280,279,277],"class_list":{"0":"post-16321","1":"product","2":"type-product","3":"status-publish","4":"has-post-thumbnail","6":"product_cat-autores","7":"product_cat-de-la-cierva-bento-fernando","8":"product_cat-otras-narrativas","9":"product_tag-autogiro","10":"product_tag-ciencia","11":"product_tag-juan-de-la-cierva","12":"product_tag-novela-biografica","14":"first","15":"instock","16":"taxable","17":"shipping-taxable","18":"purchasable","19":"product-type-simple"},"acf":[],"yoast_head":"<!-- This site is optimized with the Yoast SEO plugin v27.5 - https:\/\/yoast.com\/product\/yoast-seo-wordpress\/ -->\n<title>Un invierno en Filadelfia (Juan de la Cierva y su autogiro) - Ediciones Alfar<\/title>\n<meta name=\"robots\" content=\"index, follow, max-snippet:-1, max-image-preview:large, max-video-preview:-1\" \/>\n<link rel=\"canonical\" href=\"https:\/\/edicionesalfar.es\/es\/producto\/un-invierno-en-filadelfia-juan-de-la-cierva-y-su-autogiro\/\" \/>\n<meta property=\"og:locale\" content=\"es_ES\" \/>\n<meta property=\"og:type\" content=\"article\" \/>\n<meta property=\"og:title\" content=\"Un invierno en Filadelfia (Juan de la Cierva y su autogiro) - Ediciones Alfar\" \/>\n<meta property=\"og:description\" content=\"Novela necesaria sobre el principal inventor de nuestra historia. Su Autogiro fue un referente mundial, y en esta obra se cuenta como viaja a Am\u00e9rica para encontrarse con su socio en la Autogiro Company of America (Harold Pitcairn); como conoce a Henry Ford; sus relaciones con el rey Alfonso XIII, Alberto Santos Dumont, Leonardo Torres Quevedo, Guglielmo Marconi...\" \/>\n<meta property=\"og:url\" content=\"https:\/\/edicionesalfar.es\/es\/producto\/un-invierno-en-filadelfia-juan-de-la-cierva-y-su-autogiro\/\" \/>\n<meta property=\"og:site_name\" content=\"Ediciones Alfar\" \/>\n<meta property=\"article:modified_time\" content=\"2022-10-21T05:32:16+00:00\" \/>\n<meta property=\"og:image\" content=\"https:\/\/edicionesalfar.es\/es\/wp-content\/uploads\/2020\/10\/Mokup-sencillo-Un-invierno-en-Filadelfia-2-scaled.jpg\" \/>\n\t<meta property=\"og:image:width\" content=\"1886\" \/>\n\t<meta property=\"og:image:height\" content=\"2560\" \/>\n\t<meta property=\"og:image:type\" content=\"image\/jpeg\" \/>\n<meta name=\"twitter:card\" content=\"summary_large_image\" \/>\n<meta name=\"twitter:label1\" content=\"Tiempo de lectura\" \/>\n\t<meta name=\"twitter:data1\" content=\"2 minutos\" \/>\n<script type=\"application\/ld+json\" class=\"yoast-schema-graph\">{\"@context\":\"https:\\\/\\\/schema.org\",\"@graph\":[{\"@type\":\"WebPage\",\"@id\":\"https:\\\/\\\/edicionesalfar.es\\\/es\\\/producto\\\/un-invierno-en-filadelfia-juan-de-la-cierva-y-su-autogiro\\\/\",\"url\":\"https:\\\/\\\/edicionesalfar.es\\\/es\\\/producto\\\/un-invierno-en-filadelfia-juan-de-la-cierva-y-su-autogiro\\\/\",\"name\":\"Un invierno en Filadelfia (Juan de la Cierva y su autogiro) - Ediciones Alfar\",\"isPartOf\":{\"@id\":\"https:\\\/\\\/edicionesalfar.es\\\/es\\\/#website\"},\"primaryImageOfPage\":{\"@id\":\"https:\\\/\\\/edicionesalfar.es\\\/es\\\/producto\\\/un-invierno-en-filadelfia-juan-de-la-cierva-y-su-autogiro\\\/#primaryimage\"},\"image\":{\"@id\":\"https:\\\/\\\/edicionesalfar.es\\\/es\\\/producto\\\/un-invierno-en-filadelfia-juan-de-la-cierva-y-su-autogiro\\\/#primaryimage\"},\"thumbnailUrl\":\"https:\\\/\\\/edicionesalfar.es\\\/es\\\/wp-content\\\/uploads\\\/2020\\\/10\\\/Mokup-sencillo-Un-invierno-en-Filadelfia-2-scaled.jpg\",\"datePublished\":\"2020-10-29T14:07:05+00:00\",\"dateModified\":\"2022-10-21T05:32:16+00:00\",\"breadcrumb\":{\"@id\":\"https:\\\/\\\/edicionesalfar.es\\\/es\\\/producto\\\/un-invierno-en-filadelfia-juan-de-la-cierva-y-su-autogiro\\\/#breadcrumb\"},\"inLanguage\":\"es\",\"potentialAction\":[{\"@type\":\"ReadAction\",\"target\":[\"https:\\\/\\\/edicionesalfar.es\\\/es\\\/producto\\\/un-invierno-en-filadelfia-juan-de-la-cierva-y-su-autogiro\\\/\"]}]},{\"@type\":\"ImageObject\",\"inLanguage\":\"es\",\"@id\":\"https:\\\/\\\/edicionesalfar.es\\\/es\\\/producto\\\/un-invierno-en-filadelfia-juan-de-la-cierva-y-su-autogiro\\\/#primaryimage\",\"url\":\"https:\\\/\\\/edicionesalfar.es\\\/es\\\/wp-content\\\/uploads\\\/2020\\\/10\\\/Mokup-sencillo-Un-invierno-en-Filadelfia-2-scaled.jpg\",\"contentUrl\":\"https:\\\/\\\/edicionesalfar.es\\\/es\\\/wp-content\\\/uploads\\\/2020\\\/10\\\/Mokup-sencillo-Un-invierno-en-Filadelfia-2-scaled.jpg\",\"width\":1886,\"height\":2560},{\"@type\":\"BreadcrumbList\",\"@id\":\"https:\\\/\\\/edicionesalfar.es\\\/es\\\/producto\\\/un-invierno-en-filadelfia-juan-de-la-cierva-y-su-autogiro\\\/#breadcrumb\",\"itemListElement\":[{\"@type\":\"ListItem\",\"position\":1,\"name\":\"Portada\",\"item\":\"https:\\\/\\\/edicionesalfar.es\\\/es\\\/\"},{\"@type\":\"ListItem\",\"position\":2,\"name\":\"Cat\u00e1logo\",\"item\":\"https:\\\/\\\/edicionesalfar.es\\\/es\\\/catalogo\\\/\"},{\"@type\":\"ListItem\",\"position\":3,\"name\":\"Un invierno en Filadelfia (Juan de la Cierva y su autogiro)\"}]},{\"@type\":\"WebSite\",\"@id\":\"https:\\\/\\\/edicionesalfar.es\\\/es\\\/#website\",\"url\":\"https:\\\/\\\/edicionesalfar.es\\\/es\\\/\",\"name\":\"Ediciones Alfar\",\"description\":\"\",\"potentialAction\":[{\"@type\":\"SearchAction\",\"target\":{\"@type\":\"EntryPoint\",\"urlTemplate\":\"https:\\\/\\\/edicionesalfar.es\\\/es\\\/?s={search_term_string}\"},\"query-input\":{\"@type\":\"PropertyValueSpecification\",\"valueRequired\":true,\"valueName\":\"search_term_string\"}}],\"inLanguage\":\"es\"}]}<\/script>\n<!-- \/ Yoast SEO plugin. -->","yoast_head_json":{"title":"Un invierno en Filadelfia (Juan de la Cierva y su autogiro) - Ediciones Alfar","robots":{"index":"index","follow":"follow","max-snippet":"max-snippet:-1","max-image-preview":"max-image-preview:large","max-video-preview":"max-video-preview:-1"},"canonical":"https:\/\/edicionesalfar.es\/es\/producto\/un-invierno-en-filadelfia-juan-de-la-cierva-y-su-autogiro\/","og_locale":"es_ES","og_type":"article","og_title":"Un invierno en Filadelfia (Juan de la Cierva y su autogiro) - Ediciones Alfar","og_description":"Novela necesaria sobre el principal inventor de nuestra historia. Su Autogiro fue un referente mundial, y en esta obra se cuenta como viaja a Am\u00e9rica para encontrarse con su socio en la Autogiro Company of America (Harold Pitcairn); como conoce a Henry Ford; sus relaciones con el rey Alfonso XIII, Alberto Santos Dumont, Leonardo Torres Quevedo, Guglielmo Marconi...","og_url":"https:\/\/edicionesalfar.es\/es\/producto\/un-invierno-en-filadelfia-juan-de-la-cierva-y-su-autogiro\/","og_site_name":"Ediciones Alfar","article_modified_time":"2022-10-21T05:32:16+00:00","og_image":[{"width":1886,"height":2560,"url":"https:\/\/edicionesalfar.es\/es\/wp-content\/uploads\/2020\/10\/Mokup-sencillo-Un-invierno-en-Filadelfia-2-scaled.jpg","type":"image\/jpeg"}],"twitter_card":"summary_large_image","twitter_misc":{"Tiempo de lectura":"2 minutos"},"schema":{"@context":"https:\/\/schema.org","@graph":[{"@type":"WebPage","@id":"https:\/\/edicionesalfar.es\/es\/producto\/un-invierno-en-filadelfia-juan-de-la-cierva-y-su-autogiro\/","url":"https:\/\/edicionesalfar.es\/es\/producto\/un-invierno-en-filadelfia-juan-de-la-cierva-y-su-autogiro\/","name":"Un invierno en Filadelfia (Juan de la Cierva y su autogiro) - Ediciones Alfar","isPartOf":{"@id":"https:\/\/edicionesalfar.es\/es\/#website"},"primaryImageOfPage":{"@id":"https:\/\/edicionesalfar.es\/es\/producto\/un-invierno-en-filadelfia-juan-de-la-cierva-y-su-autogiro\/#primaryimage"},"image":{"@id":"https:\/\/edicionesalfar.es\/es\/producto\/un-invierno-en-filadelfia-juan-de-la-cierva-y-su-autogiro\/#primaryimage"},"thumbnailUrl":"https:\/\/edicionesalfar.es\/es\/wp-content\/uploads\/2020\/10\/Mokup-sencillo-Un-invierno-en-Filadelfia-2-scaled.jpg","datePublished":"2020-10-29T14:07:05+00:00","dateModified":"2022-10-21T05:32:16+00:00","breadcrumb":{"@id":"https:\/\/edicionesalfar.es\/es\/producto\/un-invierno-en-filadelfia-juan-de-la-cierva-y-su-autogiro\/#breadcrumb"},"inLanguage":"es","potentialAction":[{"@type":"ReadAction","target":["https:\/\/edicionesalfar.es\/es\/producto\/un-invierno-en-filadelfia-juan-de-la-cierva-y-su-autogiro\/"]}]},{"@type":"ImageObject","inLanguage":"es","@id":"https:\/\/edicionesalfar.es\/es\/producto\/un-invierno-en-filadelfia-juan-de-la-cierva-y-su-autogiro\/#primaryimage","url":"https:\/\/edicionesalfar.es\/es\/wp-content\/uploads\/2020\/10\/Mokup-sencillo-Un-invierno-en-Filadelfia-2-scaled.jpg","contentUrl":"https:\/\/edicionesalfar.es\/es\/wp-content\/uploads\/2020\/10\/Mokup-sencillo-Un-invierno-en-Filadelfia-2-scaled.jpg","width":1886,"height":2560},{"@type":"BreadcrumbList","@id":"https:\/\/edicionesalfar.es\/es\/producto\/un-invierno-en-filadelfia-juan-de-la-cierva-y-su-autogiro\/#breadcrumb","itemListElement":[{"@type":"ListItem","position":1,"name":"Portada","item":"https:\/\/edicionesalfar.es\/es\/"},{"@type":"ListItem","position":2,"name":"Cat\u00e1logo","item":"https:\/\/edicionesalfar.es\/es\/catalogo\/"},{"@type":"ListItem","position":3,"name":"Un invierno en Filadelfia (Juan de la Cierva y su autogiro)"}]},{"@type":"WebSite","@id":"https:\/\/edicionesalfar.es\/es\/#website","url":"https:\/\/edicionesalfar.es\/es\/","name":"Ediciones Alfar","description":"","potentialAction":[{"@type":"SearchAction","target":{"@type":"EntryPoint","urlTemplate":"https:\/\/edicionesalfar.es\/es\/?s={search_term_string}"},"query-input":{"@type":"PropertyValueSpecification","valueRequired":true,"valueName":"search_term_string"}}],"inLanguage":"es"}]}},"_links":{"self":[{"href":"https:\/\/edicionesalfar.es\/es\/wp-json\/wp\/v2\/product\/16321","targetHints":{"allow":["GET"]}}],"collection":[{"href":"https:\/\/edicionesalfar.es\/es\/wp-json\/wp\/v2\/product"}],"about":[{"href":"https:\/\/edicionesalfar.es\/es\/wp-json\/wp\/v2\/types\/product"}],"replies":[{"embeddable":true,"href":"https:\/\/edicionesalfar.es\/es\/wp-json\/wp\/v2\/comments?post=16321"}],"wp:featuredmedia":[{"embeddable":true,"href":"https:\/\/edicionesalfar.es\/es\/wp-json\/wp\/v2\/media\/16363"}],"wp:attachment":[{"href":"https:\/\/edicionesalfar.es\/es\/wp-json\/wp\/v2\/media?parent=16321"}],"wp:term":[{"taxonomy":"product_brand","embeddable":true,"href":"https:\/\/edicionesalfar.es\/es\/wp-json\/wp\/v2\/product_brand?post=16321"},{"taxonomy":"product_cat","embeddable":true,"href":"https:\/\/edicionesalfar.es\/es\/wp-json\/wp\/v2\/product_cat?post=16321"},{"taxonomy":"product_tag","embeddable":true,"href":"https:\/\/edicionesalfar.es\/es\/wp-json\/wp\/v2\/product_tag?post=16321"}],"curies":[{"name":"wp","href":"https:\/\/api.w.org\/{rel}","templated":true}]}}