{"id":16161,"date":"2020-09-01T14:01:16","date_gmt":"2020-09-01T12:01:16","guid":{"rendered":"https:\/\/www.edicionesalfar.es\/es\/?post_type=product&#038;p=16161"},"modified":"2020-09-14T10:45:07","modified_gmt":"2020-09-14T08:45:07","slug":"una-callada-sombra-2","status":"publish","type":"product","link":"https:\/\/edicionesalfar.es\/es\/producto\/una-callada-sombra-2\/","title":{"rendered":"Una callada sombra"},"content":{"rendered":"<p><span style=\"color: #000000;\">Novela entre lo polic\u00edaco, lo psicol\u00f3gico e incluso el Bildungsroman, cuya acci\u00f3n se sit\u00faa en la Espa\u00f1a de <\/span><span style=\"color: #000000;\">1975, en los estertores del franquismo, y concluye en 1990. A veces, la frontera entre la ideolog\u00eda y el fanatismo <\/span><span style=\"color: #000000;\">es tenue e insidiosa. Hay contextos hist\u00f3ricos en los que algunos personajes dan pasos sin vuelta atr\u00e1s <\/span><span style=\"color: #000000;\">mientras que otros consiguen escapar de la locura, aunque sea pagando un alto precio. En esos terrenos <\/span><span style=\"color: #000000;\">pantanosos, la ideolog\u00eda proporciona a veces coartadas para actitudes mezquinas y criminales: el integrismo <\/span><span style=\"color: #000000;\">revolucionario justifica el asesinato y una venganza por celos se camufla con una espuria \u00e9tica pol\u00edtica. En <\/span><span style=\"color: #000000;\">una trama de acci\u00f3n y de sospecha permanente, Una callada sombra cuenta la historia paralela de dos personajes <\/span><span style=\"color: #000000;\">crucificados por su momento hist\u00f3rico y cuyas vidas acaban convergiendo en un dram\u00e1tico final, <\/span><span style=\"color: #000000;\">\u00fanico posible a una trama que mantiene atrapado al lector desde la primera p\u00e1gina.<\/span><\/p>\n<p><span style=\"color: #000000;\">Lui<\/span><span style=\"color: #000000;\"><img decoding=\"async\" class=\"size-medium wp-image-16162 alignleft\" src=\"https:\/\/edicionesalfar.es\/es\/wp-content\/uploads\/2020\/09\/Fotograf\u00eda-Sanz-Irles-300x159.jpg\" alt=\"\" width=\"300\" height=\"159\" srcset=\"https:\/\/edicionesalfar.es\/es\/wp-content\/uploads\/2020\/09\/Fotograf\u00eda-Sanz-Irles-300x159.jpg 300w, https:\/\/edicionesalfar.es\/es\/wp-content\/uploads\/2020\/09\/Fotograf\u00eda-Sanz-Irles-600x318.jpg 600w, https:\/\/edicionesalfar.es\/es\/wp-content\/uploads\/2020\/09\/Fotograf\u00eda-Sanz-Irles-768x407.jpg 768w, https:\/\/edicionesalfar.es\/es\/wp-content\/uploads\/2020\/09\/Fotograf\u00eda-Sanz-Irles.jpg 980w\" sizes=\"(max-width: 300px) 100vw, 300px\" \/><\/span><span style=\"color: #000000;\">s Sanz Irles naci\u00f3 en Valencia en 1952, pas\u00f3 la infancia en Almansa y la adolescencia en su ciudad natal. <\/span><span style=\"color: #000000;\">Desde entonces su vida ha estado marcada por un incesante nomadismo. Tras un a\u00f1o en EE. UU., vivi\u00f3 nueve <\/span><span style=\"color: #000000;\">m\u00e1s en \u00c1msterdam, donde estudi\u00f3 y ejerci\u00f3 el periodismo radiof\u00f3nico, y cinco en Venecia, donde <\/span><span style=\"color: #000000;\">entre otras actividades cre\u00f3 y dirigi\u00f3 una agencia de traducciones. Adem\u00e1s, por motivos profesionales viaja <\/span><span style=\"color: #000000;\">sin pausa por todo el mundo desde hace m\u00e1s de veinte a\u00f1os.<\/span><br \/>\n<span style=\"color: #000000;\">La literatura lo ha acompa\u00f1ado toda su vida \u00abcon una fidelidad que no siempre he sabido corresponder\u00bb, <\/span><span style=\"color: #000000;\">dice, \u00abpero sin ella mi vida, literalmente rodeada de libros, no es concebible\u00bb. En los a\u00f1os 80 public\u00f3 un <\/span><span style=\"color: #000000;\">poemario (<em>Las gaviotas de hielo<\/em>, Ed. Fernando Torres, Valencia), y desde entonces ha liberado su pulsi\u00f3n de <\/span><span style=\"color: #000000;\">la escritura en relatos cortos, multitud de art\u00edculos, una segunda novela (<em>Tulipanes y delirios<\/em>, Ed. Alfar) y un <\/span><span style=\"color: #000000;\">libro de cr\u00edtica literaria y rese\u00f1as (<em>Texto sentido<\/em>, Ed. Ol\u00e9Libros, Valencia). En 2020 se public\u00f3 su traducci\u00f3n <\/span><span style=\"color: #000000;\">de <em>La tierra bald\u00eda<\/em>, de T. S. Eliot, editada por Ol\u00e9Libros.<\/span><br \/>\n<span style=\"color: #000000;\">La presente novela ha sido traducida y publicada en ingl\u00e9s (Silent Shadows, XXI Books).<\/span><\/p>\n","protected":false},"excerpt":{"rendered":"<p><span style=\"color: #000000;\">La lucha clandestina contra el franquismo puede que no sea exactamente como te la han contado. Tuvo lados muy oscuros tambi\u00e9n.<\/span><\/p>\n<p><span style=\"color: #000000;\">Segunda edici\u00f3n de la primera novela de Sanz Irles. Una callada sombra (primera edici\u00f3n en 2012) es una novela que atrapar\u00e1 y te har\u00e1 volar a la Espa\u00f1a posfranquista, una \u00e9poca en la que nada era lo que parec\u00eda en nuestro pa\u00eds. Espionaje, intrigas, enga\u00f1os, pol\u00edtica, ideolog\u00eda, lucha de clases&#8230;<\/span><\/p>\n","protected":false},"featured_media":16172,"comment_status":"closed","ping_status":"closed","template":"","meta":{"_acf_changed":false,"_et_pb_use_builder":"","_et_pb_old_content":"","_et_gb_content_width":""},"product_brand":[],"product_cat":[47],"product_tag":[239],"class_list":{"0":"post-16161","1":"product","2":"type-product","3":"status-publish","4":"has-post-thumbnail","6":"product_cat-otras-narrativas","7":"product_tag-posfranquismo-novela-negra-espana-comunismo","9":"first","10":"instock","11":"taxable","12":"shipping-taxable","13":"purchasable","14":"product-type-simple"},"acf":[],"yoast_head":"<!-- This site is optimized with the Yoast SEO plugin v27.4 - https:\/\/yoast.com\/product\/yoast-seo-wordpress\/ -->\n<title>Una callada sombra - Ediciones Alfar<\/title>\n<meta name=\"robots\" content=\"index, follow, max-snippet:-1, max-image-preview:large, max-video-preview:-1\" \/>\n<link rel=\"canonical\" href=\"https:\/\/edicionesalfar.es\/es\/producto\/una-callada-sombra-2\/\" \/>\n<meta property=\"og:locale\" content=\"es_ES\" \/>\n<meta property=\"og:type\" content=\"article\" \/>\n<meta property=\"og:title\" content=\"Una callada sombra - Ediciones Alfar\" \/>\n<meta property=\"og:description\" content=\"La lucha clandestina contra el franquismo puede que no sea exactamente como te la han contado. Tuvo lados muy oscuros tambi\u00e9n.  Segunda edici\u00f3n de la primera novela de Sanz Irles. Una callada sombra (primera edici\u00f3n en 2012) es una novela que atrapar\u00e1 y te har\u00e1 volar a la Espa\u00f1a posfranquista, una \u00e9poca en la que nada era lo que parec\u00eda en nuestro pa\u00eds. Espionaje, intrigas, enga\u00f1os, pol\u00edtica, ideolog\u00eda, lucha de clases...\" \/>\n<meta property=\"og:url\" content=\"https:\/\/edicionesalfar.es\/es\/producto\/una-callada-sombra-2\/\" \/>\n<meta property=\"og:site_name\" content=\"Ediciones Alfar\" \/>\n<meta property=\"article:modified_time\" content=\"2020-09-14T08:45:07+00:00\" \/>\n<meta property=\"og:image\" content=\"https:\/\/edicionesalfar.es\/es\/wp-content\/uploads\/2020\/09\/Una-callada-sombra-mok-up-previo-1.jpg\" \/>\n\t<meta property=\"og:image:width\" content=\"1408\" \/>\n\t<meta property=\"og:image:height\" content=\"2259\" \/>\n\t<meta property=\"og:image:type\" content=\"image\/jpeg\" \/>\n<meta name=\"twitter:card\" content=\"summary_large_image\" \/>\n<meta name=\"twitter:label1\" content=\"Tiempo de lectura\" \/>\n\t<meta name=\"twitter:data1\" content=\"2 minutos\" \/>\n<script type=\"application\/ld+json\" class=\"yoast-schema-graph\">{\"@context\":\"https:\\\/\\\/schema.org\",\"@graph\":[{\"@type\":\"WebPage\",\"@id\":\"https:\\\/\\\/edicionesalfar.es\\\/es\\\/producto\\\/una-callada-sombra-2\\\/\",\"url\":\"https:\\\/\\\/edicionesalfar.es\\\/es\\\/producto\\\/una-callada-sombra-2\\\/\",\"name\":\"Una callada sombra - Ediciones Alfar\",\"isPartOf\":{\"@id\":\"https:\\\/\\\/edicionesalfar.es\\\/es\\\/#website\"},\"primaryImageOfPage\":{\"@id\":\"https:\\\/\\\/edicionesalfar.es\\\/es\\\/producto\\\/una-callada-sombra-2\\\/#primaryimage\"},\"image\":{\"@id\":\"https:\\\/\\\/edicionesalfar.es\\\/es\\\/producto\\\/una-callada-sombra-2\\\/#primaryimage\"},\"thumbnailUrl\":\"https:\\\/\\\/edicionesalfar.es\\\/es\\\/wp-content\\\/uploads\\\/2020\\\/09\\\/Una-callada-sombra-mok-up-previo-1.jpg\",\"datePublished\":\"2020-09-01T12:01:16+00:00\",\"dateModified\":\"2020-09-14T08:45:07+00:00\",\"breadcrumb\":{\"@id\":\"https:\\\/\\\/edicionesalfar.es\\\/es\\\/producto\\\/una-callada-sombra-2\\\/#breadcrumb\"},\"inLanguage\":\"es\",\"potentialAction\":[{\"@type\":\"ReadAction\",\"target\":[\"https:\\\/\\\/edicionesalfar.es\\\/es\\\/producto\\\/una-callada-sombra-2\\\/\"]}]},{\"@type\":\"ImageObject\",\"inLanguage\":\"es\",\"@id\":\"https:\\\/\\\/edicionesalfar.es\\\/es\\\/producto\\\/una-callada-sombra-2\\\/#primaryimage\",\"url\":\"https:\\\/\\\/edicionesalfar.es\\\/es\\\/wp-content\\\/uploads\\\/2020\\\/09\\\/Una-callada-sombra-mok-up-previo-1.jpg\",\"contentUrl\":\"https:\\\/\\\/edicionesalfar.es\\\/es\\\/wp-content\\\/uploads\\\/2020\\\/09\\\/Una-callada-sombra-mok-up-previo-1.jpg\",\"width\":1408,\"height\":2259},{\"@type\":\"BreadcrumbList\",\"@id\":\"https:\\\/\\\/edicionesalfar.es\\\/es\\\/producto\\\/una-callada-sombra-2\\\/#breadcrumb\",\"itemListElement\":[{\"@type\":\"ListItem\",\"position\":1,\"name\":\"Portada\",\"item\":\"https:\\\/\\\/edicionesalfar.es\\\/es\\\/\"},{\"@type\":\"ListItem\",\"position\":2,\"name\":\"Cat\u00e1logo\",\"item\":\"https:\\\/\\\/edicionesalfar.es\\\/es\\\/catalogo\\\/\"},{\"@type\":\"ListItem\",\"position\":3,\"name\":\"Una callada sombra\"}]},{\"@type\":\"WebSite\",\"@id\":\"https:\\\/\\\/edicionesalfar.es\\\/es\\\/#website\",\"url\":\"https:\\\/\\\/edicionesalfar.es\\\/es\\\/\",\"name\":\"Ediciones Alfar\",\"description\":\"\",\"potentialAction\":[{\"@type\":\"SearchAction\",\"target\":{\"@type\":\"EntryPoint\",\"urlTemplate\":\"https:\\\/\\\/edicionesalfar.es\\\/es\\\/?s={search_term_string}\"},\"query-input\":{\"@type\":\"PropertyValueSpecification\",\"valueRequired\":true,\"valueName\":\"search_term_string\"}}],\"inLanguage\":\"es\"}]}<\/script>\n<!-- \/ Yoast SEO plugin. -->","yoast_head_json":{"title":"Una callada sombra - Ediciones Alfar","robots":{"index":"index","follow":"follow","max-snippet":"max-snippet:-1","max-image-preview":"max-image-preview:large","max-video-preview":"max-video-preview:-1"},"canonical":"https:\/\/edicionesalfar.es\/es\/producto\/una-callada-sombra-2\/","og_locale":"es_ES","og_type":"article","og_title":"Una callada sombra - Ediciones Alfar","og_description":"La lucha clandestina contra el franquismo puede que no sea exactamente como te la han contado. Tuvo lados muy oscuros tambi\u00e9n.  Segunda edici\u00f3n de la primera novela de Sanz Irles. Una callada sombra (primera edici\u00f3n en 2012) es una novela que atrapar\u00e1 y te har\u00e1 volar a la Espa\u00f1a posfranquista, una \u00e9poca en la que nada era lo que parec\u00eda en nuestro pa\u00eds. Espionaje, intrigas, enga\u00f1os, pol\u00edtica, ideolog\u00eda, lucha de clases...","og_url":"https:\/\/edicionesalfar.es\/es\/producto\/una-callada-sombra-2\/","og_site_name":"Ediciones Alfar","article_modified_time":"2020-09-14T08:45:07+00:00","og_image":[{"width":1408,"height":2259,"url":"https:\/\/edicionesalfar.es\/es\/wp-content\/uploads\/2020\/09\/Una-callada-sombra-mok-up-previo-1.jpg","type":"image\/jpeg"}],"twitter_card":"summary_large_image","twitter_misc":{"Tiempo de lectura":"2 minutos"},"schema":{"@context":"https:\/\/schema.org","@graph":[{"@type":"WebPage","@id":"https:\/\/edicionesalfar.es\/es\/producto\/una-callada-sombra-2\/","url":"https:\/\/edicionesalfar.es\/es\/producto\/una-callada-sombra-2\/","name":"Una callada sombra - Ediciones Alfar","isPartOf":{"@id":"https:\/\/edicionesalfar.es\/es\/#website"},"primaryImageOfPage":{"@id":"https:\/\/edicionesalfar.es\/es\/producto\/una-callada-sombra-2\/#primaryimage"},"image":{"@id":"https:\/\/edicionesalfar.es\/es\/producto\/una-callada-sombra-2\/#primaryimage"},"thumbnailUrl":"https:\/\/edicionesalfar.es\/es\/wp-content\/uploads\/2020\/09\/Una-callada-sombra-mok-up-previo-1.jpg","datePublished":"2020-09-01T12:01:16+00:00","dateModified":"2020-09-14T08:45:07+00:00","breadcrumb":{"@id":"https:\/\/edicionesalfar.es\/es\/producto\/una-callada-sombra-2\/#breadcrumb"},"inLanguage":"es","potentialAction":[{"@type":"ReadAction","target":["https:\/\/edicionesalfar.es\/es\/producto\/una-callada-sombra-2\/"]}]},{"@type":"ImageObject","inLanguage":"es","@id":"https:\/\/edicionesalfar.es\/es\/producto\/una-callada-sombra-2\/#primaryimage","url":"https:\/\/edicionesalfar.es\/es\/wp-content\/uploads\/2020\/09\/Una-callada-sombra-mok-up-previo-1.jpg","contentUrl":"https:\/\/edicionesalfar.es\/es\/wp-content\/uploads\/2020\/09\/Una-callada-sombra-mok-up-previo-1.jpg","width":1408,"height":2259},{"@type":"BreadcrumbList","@id":"https:\/\/edicionesalfar.es\/es\/producto\/una-callada-sombra-2\/#breadcrumb","itemListElement":[{"@type":"ListItem","position":1,"name":"Portada","item":"https:\/\/edicionesalfar.es\/es\/"},{"@type":"ListItem","position":2,"name":"Cat\u00e1logo","item":"https:\/\/edicionesalfar.es\/es\/catalogo\/"},{"@type":"ListItem","position":3,"name":"Una callada sombra"}]},{"@type":"WebSite","@id":"https:\/\/edicionesalfar.es\/es\/#website","url":"https:\/\/edicionesalfar.es\/es\/","name":"Ediciones Alfar","description":"","potentialAction":[{"@type":"SearchAction","target":{"@type":"EntryPoint","urlTemplate":"https:\/\/edicionesalfar.es\/es\/?s={search_term_string}"},"query-input":{"@type":"PropertyValueSpecification","valueRequired":true,"valueName":"search_term_string"}}],"inLanguage":"es"}]}},"_links":{"self":[{"href":"https:\/\/edicionesalfar.es\/es\/wp-json\/wp\/v2\/product\/16161","targetHints":{"allow":["GET"]}}],"collection":[{"href":"https:\/\/edicionesalfar.es\/es\/wp-json\/wp\/v2\/product"}],"about":[{"href":"https:\/\/edicionesalfar.es\/es\/wp-json\/wp\/v2\/types\/product"}],"replies":[{"embeddable":true,"href":"https:\/\/edicionesalfar.es\/es\/wp-json\/wp\/v2\/comments?post=16161"}],"wp:featuredmedia":[{"embeddable":true,"href":"https:\/\/edicionesalfar.es\/es\/wp-json\/wp\/v2\/media\/16172"}],"wp:attachment":[{"href":"https:\/\/edicionesalfar.es\/es\/wp-json\/wp\/v2\/media?parent=16161"}],"wp:term":[{"taxonomy":"product_brand","embeddable":true,"href":"https:\/\/edicionesalfar.es\/es\/wp-json\/wp\/v2\/product_brand?post=16161"},{"taxonomy":"product_cat","embeddable":true,"href":"https:\/\/edicionesalfar.es\/es\/wp-json\/wp\/v2\/product_cat?post=16161"},{"taxonomy":"product_tag","embeddable":true,"href":"https:\/\/edicionesalfar.es\/es\/wp-json\/wp\/v2\/product_tag?post=16161"}],"curies":[{"name":"wp","href":"https:\/\/api.w.org\/{rel}","templated":true}]}}