{"id":16120,"date":"2020-08-06T16:56:32","date_gmt":"2020-08-06T14:56:32","guid":{"rendered":"https:\/\/www.edicionesalfar.es\/es\/?post_type=product&#038;p=16120"},"modified":"2022-06-10T10:11:39","modified_gmt":"2022-06-10T08:11:39","slug":"manolito","status":"publish","type":"product","link":"https:\/\/edicionesalfar.es\/es\/producto\/manolito\/","title":{"rendered":"Manolito"},"content":{"rendered":"<p><span style=\"color: #000000;\">Obra ganadora del V Concurso de Narrativa Manuel D\u00edaz Vargas<\/span><\/p>\n<p><span style=\"color: #000000;\">\u201cY as\u00ed, con casi cincuenta a\u00f1os, mi yo escritor se desperez\u00f3 de nuevo dentro de m\u00ed y rompi\u00f3 por fin el cascar\u00f3n. Empec\u00e9 otra vez a escribir con regularidad, a presentarme a concursos y a ganar alguno de ellos, y cuando el cuaderno de pastas amarillas vio la luz desde el fondo de un caj\u00f3n, fagocit\u00e9 sin remordimiento alguno la sabidur\u00eda taurina que Manolito desplegaba durante nuestras charlas en El Toledano y escrib\u00ed un relato breve sobre la vida de \u00c1ngel Garc\u00eda de la Flor, Padilla, el torero que se hab\u00eda pegado un tiro en la sien en una buhardilla de la calle de Jacometrezo, y gan\u00e9 con \u00e9l el premio m\u00e1s importante de mi breve carrera medio secreta como escritor. Me pareci\u00f3 justo que as\u00ed fuera: Manolito hab\u00eda sido un torero enano y yo me hab\u00eda convertido, poco a poco y sin darme cuenta, en un escritor enano que, en vez de lidiar con las grandes editoriales y las listas de \u00e9xitos, se conforma con enfrentarse a los cert\u00e1menes convocados por los ayuntamientos, las asociaciones de vecinos, las casas regionales y los ateneos de los pueblos. Por las ma\u00f1anas me pongo mi traje, me anudo mi corbata, me calzo mis zapatos de cordones y salgo a vender productos de software a las empresas esgrimiendo mis argumentos estereotipados y mis peque\u00f1os trucos de vendedor ya curtido, y por la noche, en casa, en la intimidad de mi cuarto del s\u00f3tano, abro el port\u00e1til, inspecciono las listas de cert\u00e1menes y escribo relatos donde, para cumplir con las bases, debe mencionarse un aparato de aire acondicionado de marca Toshiba&#8230;\u201d.<\/span><\/p>\n<p><span style=\"color: #000000;\"><img decoding=\"async\" class=\"wp-image-16121 alignleft\" src=\"https:\/\/edicionesalfar.es\/es\/wp-content\/uploads\/2020\/08\/DSC_0429-200x300.jpeg\" alt=\"\" width=\"113\" height=\"149\" \/>Emilio Alonso Feliz naci\u00f3 en Valencia el d\u00eda de Reyes de 1965, pero a los pocos meses de su nacimiento su familia regres\u00f3 a Madrid, donde ha vivido desde entonces. Estudi\u00f3 Derecho en la Universidad Complutense aunque toda su carrera profesional se ha desarrollado en el sector de las tecnolog\u00edas de la informaci\u00f3n. Est\u00e1 casado y tiene dos hijos. A lo largo de su otra carrera m\u00e1s bien clandestina, la de escritor, ha ganado algunos premios de relato entre los cuales se cuentan el Lena\/ Llena en 2017, el Luis Sancho y el Miguel Artigas en 2016 o el del Ateneo Cultural de Paterna en 2014.<\/span><br \/>\n<span style=\"color: #000000;\">Manolito, obra ganadora del V Concurso de narrativa para autores noveles Manuel D\u00edaz Vargas, es su primera novela.<\/span><\/p>\n","protected":false},"excerpt":{"rendered":"<p><span style=\"color: #000000;\">Obra ganadora del V Concurso de Narrativa Manuel D\u00edaz Vargas<\/span><\/p>\n<p><span style=\"color: #000000;\">Manolito hab\u00eda sido un torero enano y yo me hab\u00eda <\/span><span style=\"color: #000000;\">convertido, poco a poco y sin darme cuenta, en un escritor enano que, en vez de lidiar con las grandes editoriales <\/span><span style=\"color: #000000;\">y las listas de \u00e9xitos, se conforma con enfrentarse a los cert\u00e1menes convocados por los ayuntamientos, <\/span><span style=\"color: #000000;\">las asociaciones de vecinos, las casas regionales y los ateneos de los pueblos.<\/span><\/p>\n","protected":false},"featured_media":16148,"comment_status":"closed","ping_status":"closed","template":"","meta":{"_acf_changed":false,"_et_pb_use_builder":"","_et_pb_old_content":"","_et_gb_content_width":""},"product_brand":[],"product_cat":[436,376,29],"product_tag":[231],"class_list":{"0":"post-16120","1":"product","2":"type-product","3":"status-publish","4":"has-post-thumbnail","6":"product_cat-alonso-feliz-emilio","7":"product_cat-autores","8":"product_cat-narrativa","9":"product_tag-toros-humor-crisis-literatura","11":"first","12":"instock","13":"taxable","14":"shipping-taxable","15":"purchasable","16":"product-type-simple"},"acf":[],"yoast_head":"<!-- This site is optimized with the Yoast SEO plugin v27.4 - https:\/\/yoast.com\/product\/yoast-seo-wordpress\/ -->\n<title>Manolito - Ediciones Alfar<\/title>\n<meta name=\"robots\" content=\"index, follow, max-snippet:-1, max-image-preview:large, max-video-preview:-1\" \/>\n<link rel=\"canonical\" href=\"https:\/\/edicionesalfar.es\/es\/producto\/manolito\/\" \/>\n<meta property=\"og:locale\" content=\"es_ES\" \/>\n<meta property=\"og:type\" content=\"article\" \/>\n<meta property=\"og:title\" content=\"Manolito - Ediciones Alfar\" \/>\n<meta property=\"og:description\" content=\"Obra ganadora del V Concurso de Narrativa Manuel D\u00edaz Vargas  Manolito hab\u00eda sido un torero enano y yo me hab\u00eda convertido, poco a poco y sin darme cuenta, en un escritor enano que, en vez de lidiar con las grandes editoriales y las listas de \u00e9xitos, se conforma con enfrentarse a los cert\u00e1menes convocados por los ayuntamientos, las asociaciones de vecinos, las casas regionales y los ateneos de los pueblos.\" \/>\n<meta property=\"og:url\" content=\"https:\/\/edicionesalfar.es\/es\/producto\/manolito\/\" \/>\n<meta property=\"og:site_name\" content=\"Ediciones Alfar\" \/>\n<meta property=\"article:modified_time\" content=\"2022-06-10T08:11:39+00:00\" \/>\n<meta property=\"og:image\" content=\"https:\/\/edicionesalfar.es\/es\/wp-content\/uploads\/2020\/08\/Manolito-mokup-previa-1.jpg\" \/>\n\t<meta property=\"og:image:width\" content=\"851\" \/>\n\t<meta property=\"og:image:height\" content=\"1237\" \/>\n\t<meta property=\"og:image:type\" content=\"image\/jpeg\" \/>\n<meta name=\"twitter:card\" content=\"summary_large_image\" \/>\n<meta name=\"twitter:label1\" content=\"Tiempo de lectura\" \/>\n\t<meta name=\"twitter:data1\" content=\"2 minutos\" \/>\n<script type=\"application\/ld+json\" class=\"yoast-schema-graph\">{\"@context\":\"https:\\\/\\\/schema.org\",\"@graph\":[{\"@type\":\"WebPage\",\"@id\":\"https:\\\/\\\/edicionesalfar.es\\\/es\\\/producto\\\/manolito\\\/\",\"url\":\"https:\\\/\\\/edicionesalfar.es\\\/es\\\/producto\\\/manolito\\\/\",\"name\":\"Manolito - Ediciones Alfar\",\"isPartOf\":{\"@id\":\"https:\\\/\\\/edicionesalfar.es\\\/es\\\/#website\"},\"primaryImageOfPage\":{\"@id\":\"https:\\\/\\\/edicionesalfar.es\\\/es\\\/producto\\\/manolito\\\/#primaryimage\"},\"image\":{\"@id\":\"https:\\\/\\\/edicionesalfar.es\\\/es\\\/producto\\\/manolito\\\/#primaryimage\"},\"thumbnailUrl\":\"https:\\\/\\\/edicionesalfar.es\\\/es\\\/wp-content\\\/uploads\\\/2020\\\/08\\\/Manolito-mokup-previa-1.jpg\",\"datePublished\":\"2020-08-06T14:56:32+00:00\",\"dateModified\":\"2022-06-10T08:11:39+00:00\",\"breadcrumb\":{\"@id\":\"https:\\\/\\\/edicionesalfar.es\\\/es\\\/producto\\\/manolito\\\/#breadcrumb\"},\"inLanguage\":\"es\",\"potentialAction\":[{\"@type\":\"ReadAction\",\"target\":[\"https:\\\/\\\/edicionesalfar.es\\\/es\\\/producto\\\/manolito\\\/\"]}]},{\"@type\":\"ImageObject\",\"inLanguage\":\"es\",\"@id\":\"https:\\\/\\\/edicionesalfar.es\\\/es\\\/producto\\\/manolito\\\/#primaryimage\",\"url\":\"https:\\\/\\\/edicionesalfar.es\\\/es\\\/wp-content\\\/uploads\\\/2020\\\/08\\\/Manolito-mokup-previa-1.jpg\",\"contentUrl\":\"https:\\\/\\\/edicionesalfar.es\\\/es\\\/wp-content\\\/uploads\\\/2020\\\/08\\\/Manolito-mokup-previa-1.jpg\",\"width\":851,\"height\":1237},{\"@type\":\"BreadcrumbList\",\"@id\":\"https:\\\/\\\/edicionesalfar.es\\\/es\\\/producto\\\/manolito\\\/#breadcrumb\",\"itemListElement\":[{\"@type\":\"ListItem\",\"position\":1,\"name\":\"Portada\",\"item\":\"https:\\\/\\\/edicionesalfar.es\\\/es\\\/\"},{\"@type\":\"ListItem\",\"position\":2,\"name\":\"Cat\u00e1logo\",\"item\":\"https:\\\/\\\/edicionesalfar.es\\\/es\\\/catalogo\\\/\"},{\"@type\":\"ListItem\",\"position\":3,\"name\":\"Manolito\"}]},{\"@type\":\"WebSite\",\"@id\":\"https:\\\/\\\/edicionesalfar.es\\\/es\\\/#website\",\"url\":\"https:\\\/\\\/edicionesalfar.es\\\/es\\\/\",\"name\":\"Ediciones Alfar\",\"description\":\"\",\"potentialAction\":[{\"@type\":\"SearchAction\",\"target\":{\"@type\":\"EntryPoint\",\"urlTemplate\":\"https:\\\/\\\/edicionesalfar.es\\\/es\\\/?s={search_term_string}\"},\"query-input\":{\"@type\":\"PropertyValueSpecification\",\"valueRequired\":true,\"valueName\":\"search_term_string\"}}],\"inLanguage\":\"es\"}]}<\/script>\n<!-- \/ Yoast SEO plugin. -->","yoast_head_json":{"title":"Manolito - Ediciones Alfar","robots":{"index":"index","follow":"follow","max-snippet":"max-snippet:-1","max-image-preview":"max-image-preview:large","max-video-preview":"max-video-preview:-1"},"canonical":"https:\/\/edicionesalfar.es\/es\/producto\/manolito\/","og_locale":"es_ES","og_type":"article","og_title":"Manolito - Ediciones Alfar","og_description":"Obra ganadora del V Concurso de Narrativa Manuel D\u00edaz Vargas  Manolito hab\u00eda sido un torero enano y yo me hab\u00eda convertido, poco a poco y sin darme cuenta, en un escritor enano que, en vez de lidiar con las grandes editoriales y las listas de \u00e9xitos, se conforma con enfrentarse a los cert\u00e1menes convocados por los ayuntamientos, las asociaciones de vecinos, las casas regionales y los ateneos de los pueblos.","og_url":"https:\/\/edicionesalfar.es\/es\/producto\/manolito\/","og_site_name":"Ediciones Alfar","article_modified_time":"2022-06-10T08:11:39+00:00","og_image":[{"width":851,"height":1237,"url":"https:\/\/edicionesalfar.es\/es\/wp-content\/uploads\/2020\/08\/Manolito-mokup-previa-1.jpg","type":"image\/jpeg"}],"twitter_card":"summary_large_image","twitter_misc":{"Tiempo de lectura":"2 minutos"},"schema":{"@context":"https:\/\/schema.org","@graph":[{"@type":"WebPage","@id":"https:\/\/edicionesalfar.es\/es\/producto\/manolito\/","url":"https:\/\/edicionesalfar.es\/es\/producto\/manolito\/","name":"Manolito - Ediciones Alfar","isPartOf":{"@id":"https:\/\/edicionesalfar.es\/es\/#website"},"primaryImageOfPage":{"@id":"https:\/\/edicionesalfar.es\/es\/producto\/manolito\/#primaryimage"},"image":{"@id":"https:\/\/edicionesalfar.es\/es\/producto\/manolito\/#primaryimage"},"thumbnailUrl":"https:\/\/edicionesalfar.es\/es\/wp-content\/uploads\/2020\/08\/Manolito-mokup-previa-1.jpg","datePublished":"2020-08-06T14:56:32+00:00","dateModified":"2022-06-10T08:11:39+00:00","breadcrumb":{"@id":"https:\/\/edicionesalfar.es\/es\/producto\/manolito\/#breadcrumb"},"inLanguage":"es","potentialAction":[{"@type":"ReadAction","target":["https:\/\/edicionesalfar.es\/es\/producto\/manolito\/"]}]},{"@type":"ImageObject","inLanguage":"es","@id":"https:\/\/edicionesalfar.es\/es\/producto\/manolito\/#primaryimage","url":"https:\/\/edicionesalfar.es\/es\/wp-content\/uploads\/2020\/08\/Manolito-mokup-previa-1.jpg","contentUrl":"https:\/\/edicionesalfar.es\/es\/wp-content\/uploads\/2020\/08\/Manolito-mokup-previa-1.jpg","width":851,"height":1237},{"@type":"BreadcrumbList","@id":"https:\/\/edicionesalfar.es\/es\/producto\/manolito\/#breadcrumb","itemListElement":[{"@type":"ListItem","position":1,"name":"Portada","item":"https:\/\/edicionesalfar.es\/es\/"},{"@type":"ListItem","position":2,"name":"Cat\u00e1logo","item":"https:\/\/edicionesalfar.es\/es\/catalogo\/"},{"@type":"ListItem","position":3,"name":"Manolito"}]},{"@type":"WebSite","@id":"https:\/\/edicionesalfar.es\/es\/#website","url":"https:\/\/edicionesalfar.es\/es\/","name":"Ediciones Alfar","description":"","potentialAction":[{"@type":"SearchAction","target":{"@type":"EntryPoint","urlTemplate":"https:\/\/edicionesalfar.es\/es\/?s={search_term_string}"},"query-input":{"@type":"PropertyValueSpecification","valueRequired":true,"valueName":"search_term_string"}}],"inLanguage":"es"}]}},"_links":{"self":[{"href":"https:\/\/edicionesalfar.es\/es\/wp-json\/wp\/v2\/product\/16120","targetHints":{"allow":["GET"]}}],"collection":[{"href":"https:\/\/edicionesalfar.es\/es\/wp-json\/wp\/v2\/product"}],"about":[{"href":"https:\/\/edicionesalfar.es\/es\/wp-json\/wp\/v2\/types\/product"}],"replies":[{"embeddable":true,"href":"https:\/\/edicionesalfar.es\/es\/wp-json\/wp\/v2\/comments?post=16120"}],"wp:featuredmedia":[{"embeddable":true,"href":"https:\/\/edicionesalfar.es\/es\/wp-json\/wp\/v2\/media\/16148"}],"wp:attachment":[{"href":"https:\/\/edicionesalfar.es\/es\/wp-json\/wp\/v2\/media?parent=16120"}],"wp:term":[{"taxonomy":"product_brand","embeddable":true,"href":"https:\/\/edicionesalfar.es\/es\/wp-json\/wp\/v2\/product_brand?post=16120"},{"taxonomy":"product_cat","embeddable":true,"href":"https:\/\/edicionesalfar.es\/es\/wp-json\/wp\/v2\/product_cat?post=16120"},{"taxonomy":"product_tag","embeddable":true,"href":"https:\/\/edicionesalfar.es\/es\/wp-json\/wp\/v2\/product_tag?post=16120"}],"curies":[{"name":"wp","href":"https:\/\/api.w.org\/{rel}","templated":true}]}}