{"id":16034,"date":"2020-06-16T14:45:05","date_gmt":"2020-06-16T12:45:05","guid":{"rendered":"https:\/\/www.edicionesalfar.es\/es\/?post_type=product&#038;p=16034"},"modified":"2022-09-28T10:16:55","modified_gmt":"2022-09-28T08:16:55","slug":"la-europa-eslava","status":"publish","type":"product","link":"https:\/\/edicionesalfar.es\/es\/producto\/la-europa-eslava\/","title":{"rendered":"La Europa eslava"},"content":{"rendered":"<p><span style=\"color: #000000;\">El mundo eslavo, poco accesible durante muchas d\u00e9cadas a los europeos occidentales, es, m\u00e1s all\u00e1 de guerras <\/span><span style=\"color: #000000;\">y t\u00f3picos, un escenario en movimiento y apasionante. El autor, nunca solo, recorre en coche, autobuses, <\/span><span style=\"color: #000000;\">trenes o barcos, siete de estos pa\u00edses, se adentra en sus ciudades, navega por sus caudalosos r\u00edos, se sienta a <\/span><span style=\"color: #000000;\">su mesa. Cuatro de ellos son cat\u00f3licos \u2013Polonia, Eslovenia, Croacia y la Rep\u00fablica Checa\u2013 y beben mucha <\/span><span style=\"color: #000000;\">cerveza; tres son ortodoxos \u2013Rusia, Ucrania, Crimea en medio, y Bulgaria\u2013 y se inclinan al vodka. Tienen <\/span><span style=\"color: #000000;\">magn\u00edficos escritores que apenas conocemos al oeste, gentes sufridoras y trabajadoras que tardan un poco <\/span><span style=\"color: #000000;\">en abrirse al viajero, ciudades radicalmente transformadas en pocos a\u00f1os, mucha historia detr\u00e1s, alguna que <\/span><span style=\"color: #000000;\">quiere olvidarse, otra que se rescata. De todo ello se habla en unas p\u00e1ginas con preguntas y reflexiones, pero <\/span><span style=\"color: #000000;\">llenas tambi\u00e9n de descripciones incisivas sobre paisajes hermosos, a veces como en Rusia inmensos, a veces <\/span><span style=\"color: #000000;\">como en Eslovenia, \u00edntimos.<\/span><\/p>\n<p><span style=\"color: #000000;\">Antonio Checa Godoy (Ja\u00e9n, 1946), es profesor jubilado de la Universidad de Sevilla, <\/span><span style=\"color: #000000;\">donde fue decano de la F<img decoding=\"async\" class=\"wp-image-16035 alignleft\" src=\"https:\/\/edicionesalfar.es\/es\/wp-content\/uploads\/2020\/06\/FOTO-DISTOPIA-300x200.jpg\" alt=\"\" width=\"247\" height=\"138\" \/>acultad de Comunicaci\u00f3n, e investigador reconocido <\/span><span style=\"color: #000000;\">en el campo de la Comunicaci\u00f3n, especialmente historia, en ese \u00e1mbito ha <\/span><span style=\"color: #000000;\">sido presidente de la Asociaci\u00f3n de Historiadores de la Comunicaci\u00f3n. En julio <\/span><span style=\"color: #000000;\">de 2019 fue elegido por unanimidad presidente del Consejo Audiovisual de Andaluc\u00eda.<\/span><br \/>\n<span style=\"color: #000000;\">En los \u00faltimos a\u00f1os ha unido a su trabajos sobre historia de la Comunicaci\u00f3n, <\/span><span style=\"color: #000000;\">varios de los cuales han aparecido en Alfar, como Historia de la prensa andaluza o Prensa y partidos pol\u00edticos <\/span><span style=\"color: #000000;\">durante la II Rep\u00fablica, y sus inquietudes por Andaluc\u00eda \u2013Andaluc\u00eda despu\u00e9s del 92, Andaluc\u00eda en tiempos de <\/span><span style=\"color: #000000;\">sed\u2013 su pasi\u00f3n viajera, que le ha llevado a publicar en pocos a\u00f1os numerosos trabajos sobre Portugal, Uzbekist\u00e1n, <\/span><span style=\"color: #000000;\">el Mediterr\u00e1neo \u00e1rabe, y, en Alfar, su original ensayo El viaje y los libros de viajes.<\/span><\/p>\n","protected":false},"excerpt":{"rendered":"<p>Antonio Checa nos adentra en esta ocasi\u00f3n en la Europa del Este; el mundo eslavo pa\u00eds a pa\u00eds, con detalles in\u00e9ditos de sus viajes, de sus impresiones, de sus vivencias, de la Europa desconocida. Fotograf\u00edas a color para ilustrar este apasionante viaje a la Europa eslava.<\/p>\n","protected":false},"featured_media":16047,"comment_status":"closed","ping_status":"closed","template":"","meta":{"_acf_changed":false,"_et_pb_use_builder":"","_et_pb_old_content":"","_et_gb_content_width":""},"product_brand":[],"product_cat":[376,508,45],"product_tag":[220],"class_list":{"0":"post-16034","1":"product","2":"type-product","3":"status-publish","4":"has-post-thumbnail","6":"product_cat-autores","7":"product_cat-checa-godoy-antonio","8":"product_cat-viajes","9":"product_tag-viajes-europa-este","11":"first","12":"instock","13":"taxable","14":"shipping-taxable","15":"purchasable","16":"product-type-simple"},"acf":[],"yoast_head":"<!-- This site is optimized with the Yoast SEO plugin v27.6 - https:\/\/yoast.com\/product\/yoast-seo-wordpress\/ -->\n<title>La Europa eslava - Ediciones Alfar<\/title>\n<meta name=\"robots\" content=\"index, follow, max-snippet:-1, max-image-preview:large, max-video-preview:-1\" \/>\n<link rel=\"canonical\" href=\"https:\/\/edicionesalfar.es\/es\/producto\/la-europa-eslava\/\" \/>\n<meta property=\"og:locale\" content=\"es_ES\" \/>\n<meta property=\"og:type\" content=\"article\" \/>\n<meta property=\"og:title\" content=\"La Europa eslava - Ediciones Alfar\" \/>\n<meta property=\"og:description\" content=\"Antonio Checa nos adentra en esta ocasi\u00f3n en la Europa del Este; el mundo eslavo pa\u00eds a pa\u00eds, con detalles in\u00e9ditos de sus viajes, de sus impresiones, de sus vivencias, de la Europa desconocida. Fotograf\u00edas a color para ilustrar este apasionante viaje a la Europa eslava.\" \/>\n<meta property=\"og:url\" content=\"https:\/\/edicionesalfar.es\/es\/producto\/la-europa-eslava\/\" \/>\n<meta property=\"og:site_name\" content=\"Ediciones Alfar\" \/>\n<meta property=\"article:modified_time\" content=\"2022-09-28T08:16:55+00:00\" \/>\n<meta property=\"og:image\" content=\"https:\/\/edicionesalfar.es\/es\/wp-content\/uploads\/2020\/06\/La-europa-eslava-mokup.png\" \/>\n\t<meta property=\"og:image:width\" content=\"567\" \/>\n\t<meta property=\"og:image:height\" content=\"805\" \/>\n\t<meta property=\"og:image:type\" content=\"image\/png\" \/>\n<meta name=\"twitter:card\" content=\"summary_large_image\" \/>\n<meta name=\"twitter:label1\" content=\"Tiempo de lectura\" \/>\n\t<meta name=\"twitter:data1\" content=\"2 minutos\" \/>\n<script type=\"application\/ld+json\" class=\"yoast-schema-graph\">{\"@context\":\"https:\\\/\\\/schema.org\",\"@graph\":[{\"@type\":\"WebPage\",\"@id\":\"https:\\\/\\\/edicionesalfar.es\\\/es\\\/producto\\\/la-europa-eslava\\\/\",\"url\":\"https:\\\/\\\/edicionesalfar.es\\\/es\\\/producto\\\/la-europa-eslava\\\/\",\"name\":\"La Europa eslava - Ediciones Alfar\",\"isPartOf\":{\"@id\":\"https:\\\/\\\/edicionesalfar.es\\\/es\\\/#website\"},\"primaryImageOfPage\":{\"@id\":\"https:\\\/\\\/edicionesalfar.es\\\/es\\\/producto\\\/la-europa-eslava\\\/#primaryimage\"},\"image\":{\"@id\":\"https:\\\/\\\/edicionesalfar.es\\\/es\\\/producto\\\/la-europa-eslava\\\/#primaryimage\"},\"thumbnailUrl\":\"https:\\\/\\\/edicionesalfar.es\\\/es\\\/wp-content\\\/uploads\\\/2020\\\/06\\\/La-europa-eslava-mokup.png\",\"datePublished\":\"2020-06-16T12:45:05+00:00\",\"dateModified\":\"2022-09-28T08:16:55+00:00\",\"breadcrumb\":{\"@id\":\"https:\\\/\\\/edicionesalfar.es\\\/es\\\/producto\\\/la-europa-eslava\\\/#breadcrumb\"},\"inLanguage\":\"es\",\"potentialAction\":[{\"@type\":\"ReadAction\",\"target\":[\"https:\\\/\\\/edicionesalfar.es\\\/es\\\/producto\\\/la-europa-eslava\\\/\"]}]},{\"@type\":\"ImageObject\",\"inLanguage\":\"es\",\"@id\":\"https:\\\/\\\/edicionesalfar.es\\\/es\\\/producto\\\/la-europa-eslava\\\/#primaryimage\",\"url\":\"https:\\\/\\\/edicionesalfar.es\\\/es\\\/wp-content\\\/uploads\\\/2020\\\/06\\\/La-europa-eslava-mokup.png\",\"contentUrl\":\"https:\\\/\\\/edicionesalfar.es\\\/es\\\/wp-content\\\/uploads\\\/2020\\\/06\\\/La-europa-eslava-mokup.png\",\"width\":567,\"height\":805},{\"@type\":\"BreadcrumbList\",\"@id\":\"https:\\\/\\\/edicionesalfar.es\\\/es\\\/producto\\\/la-europa-eslava\\\/#breadcrumb\",\"itemListElement\":[{\"@type\":\"ListItem\",\"position\":1,\"name\":\"Portada\",\"item\":\"https:\\\/\\\/edicionesalfar.es\\\/es\\\/\"},{\"@type\":\"ListItem\",\"position\":2,\"name\":\"Cat\u00e1logo\",\"item\":\"https:\\\/\\\/edicionesalfar.es\\\/es\\\/catalogo\\\/\"},{\"@type\":\"ListItem\",\"position\":3,\"name\":\"La Europa eslava\"}]},{\"@type\":\"WebSite\",\"@id\":\"https:\\\/\\\/edicionesalfar.es\\\/es\\\/#website\",\"url\":\"https:\\\/\\\/edicionesalfar.es\\\/es\\\/\",\"name\":\"Ediciones Alfar\",\"description\":\"\",\"potentialAction\":[{\"@type\":\"SearchAction\",\"target\":{\"@type\":\"EntryPoint\",\"urlTemplate\":\"https:\\\/\\\/edicionesalfar.es\\\/es\\\/?s={search_term_string}\"},\"query-input\":{\"@type\":\"PropertyValueSpecification\",\"valueRequired\":true,\"valueName\":\"search_term_string\"}}],\"inLanguage\":\"es\"}]}<\/script>\n<!-- \/ Yoast SEO plugin. -->","yoast_head_json":{"title":"La Europa eslava - Ediciones Alfar","robots":{"index":"index","follow":"follow","max-snippet":"max-snippet:-1","max-image-preview":"max-image-preview:large","max-video-preview":"max-video-preview:-1"},"canonical":"https:\/\/edicionesalfar.es\/es\/producto\/la-europa-eslava\/","og_locale":"es_ES","og_type":"article","og_title":"La Europa eslava - Ediciones Alfar","og_description":"Antonio Checa nos adentra en esta ocasi\u00f3n en la Europa del Este; el mundo eslavo pa\u00eds a pa\u00eds, con detalles in\u00e9ditos de sus viajes, de sus impresiones, de sus vivencias, de la Europa desconocida. Fotograf\u00edas a color para ilustrar este apasionante viaje a la Europa eslava.","og_url":"https:\/\/edicionesalfar.es\/es\/producto\/la-europa-eslava\/","og_site_name":"Ediciones Alfar","article_modified_time":"2022-09-28T08:16:55+00:00","og_image":[{"width":567,"height":805,"url":"https:\/\/edicionesalfar.es\/es\/wp-content\/uploads\/2020\/06\/La-europa-eslava-mokup.png","type":"image\/png"}],"twitter_card":"summary_large_image","twitter_misc":{"Tiempo de lectura":"2 minutos"},"schema":{"@context":"https:\/\/schema.org","@graph":[{"@type":"WebPage","@id":"https:\/\/edicionesalfar.es\/es\/producto\/la-europa-eslava\/","url":"https:\/\/edicionesalfar.es\/es\/producto\/la-europa-eslava\/","name":"La Europa eslava - Ediciones Alfar","isPartOf":{"@id":"https:\/\/edicionesalfar.es\/es\/#website"},"primaryImageOfPage":{"@id":"https:\/\/edicionesalfar.es\/es\/producto\/la-europa-eslava\/#primaryimage"},"image":{"@id":"https:\/\/edicionesalfar.es\/es\/producto\/la-europa-eslava\/#primaryimage"},"thumbnailUrl":"https:\/\/edicionesalfar.es\/es\/wp-content\/uploads\/2020\/06\/La-europa-eslava-mokup.png","datePublished":"2020-06-16T12:45:05+00:00","dateModified":"2022-09-28T08:16:55+00:00","breadcrumb":{"@id":"https:\/\/edicionesalfar.es\/es\/producto\/la-europa-eslava\/#breadcrumb"},"inLanguage":"es","potentialAction":[{"@type":"ReadAction","target":["https:\/\/edicionesalfar.es\/es\/producto\/la-europa-eslava\/"]}]},{"@type":"ImageObject","inLanguage":"es","@id":"https:\/\/edicionesalfar.es\/es\/producto\/la-europa-eslava\/#primaryimage","url":"https:\/\/edicionesalfar.es\/es\/wp-content\/uploads\/2020\/06\/La-europa-eslava-mokup.png","contentUrl":"https:\/\/edicionesalfar.es\/es\/wp-content\/uploads\/2020\/06\/La-europa-eslava-mokup.png","width":567,"height":805},{"@type":"BreadcrumbList","@id":"https:\/\/edicionesalfar.es\/es\/producto\/la-europa-eslava\/#breadcrumb","itemListElement":[{"@type":"ListItem","position":1,"name":"Portada","item":"https:\/\/edicionesalfar.es\/es\/"},{"@type":"ListItem","position":2,"name":"Cat\u00e1logo","item":"https:\/\/edicionesalfar.es\/es\/catalogo\/"},{"@type":"ListItem","position":3,"name":"La Europa eslava"}]},{"@type":"WebSite","@id":"https:\/\/edicionesalfar.es\/es\/#website","url":"https:\/\/edicionesalfar.es\/es\/","name":"Ediciones Alfar","description":"","potentialAction":[{"@type":"SearchAction","target":{"@type":"EntryPoint","urlTemplate":"https:\/\/edicionesalfar.es\/es\/?s={search_term_string}"},"query-input":{"@type":"PropertyValueSpecification","valueRequired":true,"valueName":"search_term_string"}}],"inLanguage":"es"}]}},"_links":{"self":[{"href":"https:\/\/edicionesalfar.es\/es\/wp-json\/wp\/v2\/product\/16034","targetHints":{"allow":["GET"]}}],"collection":[{"href":"https:\/\/edicionesalfar.es\/es\/wp-json\/wp\/v2\/product"}],"about":[{"href":"https:\/\/edicionesalfar.es\/es\/wp-json\/wp\/v2\/types\/product"}],"replies":[{"embeddable":true,"href":"https:\/\/edicionesalfar.es\/es\/wp-json\/wp\/v2\/comments?post=16034"}],"wp:featuredmedia":[{"embeddable":true,"href":"https:\/\/edicionesalfar.es\/es\/wp-json\/wp\/v2\/media\/16047"}],"wp:attachment":[{"href":"https:\/\/edicionesalfar.es\/es\/wp-json\/wp\/v2\/media?parent=16034"}],"wp:term":[{"taxonomy":"product_brand","embeddable":true,"href":"https:\/\/edicionesalfar.es\/es\/wp-json\/wp\/v2\/product_brand?post=16034"},{"taxonomy":"product_cat","embeddable":true,"href":"https:\/\/edicionesalfar.es\/es\/wp-json\/wp\/v2\/product_cat?post=16034"},{"taxonomy":"product_tag","embeddable":true,"href":"https:\/\/edicionesalfar.es\/es\/wp-json\/wp\/v2\/product_tag?post=16034"}],"curies":[{"name":"wp","href":"https:\/\/api.w.org\/{rel}","templated":true}]}}