{"id":15872,"date":"2020-03-10T17:05:50","date_gmt":"2020-03-10T16:05:50","guid":{"rendered":"https:\/\/www.edicionesalfar.es\/es\/?post_type=product&#038;p=15872"},"modified":"2020-04-03T16:33:20","modified_gmt":"2020-04-03T14:33:20","slug":"el-adn-del-diablo","status":"publish","type":"product","link":"https:\/\/edicionesalfar.es\/es\/producto\/el-adn-del-diablo\/","title":{"rendered":"El ADN del diablo"},"content":{"rendered":"<p><span style=\"color: #000000;\">A un polic\u00eda y su novia se les echa encima un cami\u00f3n. Ella muere y \u00e9l pasa por un infierno; la recuperaci\u00f3n <\/span><span style=\"color: #000000;\">milagrosa de Pablo no s\u00f3lo sorprende a m\u00e9dicos y familiares, sino que llama la atenci\u00f3n de <\/span><span style=\"color: #000000;\">algo no humano, que busca al ladr\u00f3n de sangre. Supuestos zombies siembran el p\u00e1nico en las calles <\/span><span style=\"color: #000000;\">de las principales ciudades del mundo. El mundo espiritual est\u00e1 patas arriba y Pablo lucha contra su <\/span><span style=\"color: #000000;\">nueva personalidad mientras intenta vivir un d\u00eda m\u00e1s y resolver el caso. Novela intensa, ambientada <\/span><span style=\"color: #000000;\">en Madrid, Zaragoza y Par\u00eds, que mantendr\u00e1 al lector en vilo. Basada en investigaciones m\u00e9dicas <\/span><span style=\"color: #000000;\">reales.<\/span><\/p>\n<p><span style=\"color: #000000;\"><img decoding=\"async\" class=\"wp-image-15873 alignleft\" src=\"https:\/\/edicionesalfar.es\/es\/wp-content\/uploads\/2020\/03\/40b92b5a-4b13-4751-89ad-a755dec04099-225x300.jpg\" alt=\"\" width=\"154\" height=\"164\" \/>Santiago Morata, Zaragoza 1969, autor de las siguientes novelas:<\/span><br \/>\n<span style=\"color: #000000;\">Milenio de Pasi\u00f3n<\/span><br \/>\n<span style=\"color: #000000;\">La Sombra del Fara\u00f3n<\/span><br \/>\n<span style=\"color: #000000;\">El Constructor de Pir\u00e1mides<\/span><br \/>\n<span style=\"color: #000000;\">La Hija de Ra<\/span><br \/>\n<span style=\"color: #000000;\">El Color del Cielo<\/span><br \/>\n<span style=\"color: #000000;\">CAT, El d\u00eda de la guerra<\/span><br \/>\n<span style=\"color: #000000;\">El Esp\u00eda del prudente<\/span><br \/>\n<span style=\"color: #000000;\">Diplomado en Turismo, M\u00e1ster en Marketing Internacional, M\u00e1ster <\/span><span style=\"color: #000000;\">en Dise\u00f1o Publicitario y Web, experto en suplementaci\u00f3n diet\u00e9tica, <\/span><span style=\"color: #000000;\">fot\u00f3grafo aficionado y viajero incansable.<\/span><br \/>\n<span style=\"color: #000000;\">www.santiagomorata.com<\/span><\/p>\n","protected":false},"excerpt":{"rendered":"<p><span style=\"color: #000000;\">A un polic\u00eda y su novia se les echa encima un cami\u00f3n. Ella muere y \u00e9l pasa por un infierno; la recuperaci\u00f3n <\/span><span style=\"color: #000000;\">milagrosa de Pablo no s\u00f3lo sorprende a m\u00e9dicos y familiares, sino que llama la atenci\u00f3n de <\/span><span style=\"color: #000000;\">algo no humano, que busca al ladr\u00f3n de sangre. Supuestos zombies siembran el p\u00e1nico en las calles <\/span><span style=\"color: #000000;\">de las principales ciudades del mundo. El mundo espiritual est\u00e1 patas arriba y Pablo lucha contra su <\/span><span style=\"color: #000000;\">nueva personalidad mientras intenta vivir un d\u00eda m\u00e1s y resolver el caso. Novela intensa, ambientada <\/span><span style=\"color: #000000;\">en Madrid, Zaragoza y Par\u00eds, que mantendr\u00e1 al lector en vilo. Basada en investigaciones m\u00e9dicas <\/span><span style=\"color: #000000;\">reales.<\/span><\/p>\n","protected":false},"featured_media":15875,"comment_status":"closed","ping_status":"closed","template":"","meta":{"_acf_changed":false,"_et_pb_use_builder":"","_et_pb_old_content":"","_et_gb_content_width":""},"product_brand":[],"product_cat":[47],"product_tag":[213],"class_list":{"0":"post-15872","1":"product","2":"type-product","3":"status-publish","4":"has-post-thumbnail","6":"product_cat-otras-narrativas","7":"product_tag-ciencia-ficcion-zombies-distopia-aventuras","9":"first","10":"instock","11":"taxable","12":"shipping-taxable","13":"purchasable","14":"product-type-simple"},"acf":[],"yoast_head":"<!-- This site is optimized with the Yoast SEO plugin v27.4 - https:\/\/yoast.com\/product\/yoast-seo-wordpress\/ -->\n<title>El ADN del diablo - Ediciones Alfar<\/title>\n<meta name=\"robots\" content=\"index, follow, max-snippet:-1, max-image-preview:large, max-video-preview:-1\" \/>\n<link rel=\"canonical\" href=\"https:\/\/edicionesalfar.es\/es\/producto\/el-adn-del-diablo\/\" \/>\n<meta property=\"og:locale\" content=\"es_ES\" \/>\n<meta property=\"og:type\" content=\"article\" \/>\n<meta property=\"og:title\" content=\"El ADN del diablo - Ediciones Alfar\" \/>\n<meta property=\"og:description\" content=\"A un polic\u00eda y su novia se les echa encima un cami\u00f3n. Ella muere y \u00e9l pasa por un infierno; la recuperaci\u00f3n milagrosa de Pablo no s\u00f3lo sorprende a m\u00e9dicos y familiares, sino que llama la atenci\u00f3n de algo no humano, que busca al ladr\u00f3n de sangre. Supuestos zombies siembran el p\u00e1nico en las calles de las principales ciudades del mundo. El mundo espiritual est\u00e1 patas arriba y Pablo lucha contra su nueva personalidad mientras intenta vivir un d\u00eda m\u00e1s y resolver el caso. Novela intensa, ambientada en Madrid, Zaragoza y Par\u00eds, que mantendr\u00e1 al lector en vilo. Basada en investigaciones m\u00e9dicas reales.\" \/>\n<meta property=\"og:url\" content=\"https:\/\/edicionesalfar.es\/es\/producto\/el-adn-del-diablo\/\" \/>\n<meta property=\"og:site_name\" content=\"Ediciones Alfar\" \/>\n<meta property=\"article:modified_time\" content=\"2020-04-03T14:33:20+00:00\" \/>\n<meta property=\"og:image\" content=\"https:\/\/edicionesalfar.es\/es\/wp-content\/uploads\/2020\/03\/El-ADN-del-diablo-mok-up-sencilla.jpg\" \/>\n\t<meta property=\"og:image:width\" content=\"1304\" \/>\n\t<meta property=\"og:image:height\" content=\"2217\" \/>\n\t<meta property=\"og:image:type\" content=\"image\/jpeg\" \/>\n<meta name=\"twitter:card\" content=\"summary_large_image\" \/>\n<meta name=\"twitter:label1\" content=\"Tiempo de lectura\" \/>\n\t<meta name=\"twitter:data1\" content=\"1 minuto\" \/>\n<script type=\"application\/ld+json\" class=\"yoast-schema-graph\">{\"@context\":\"https:\\\/\\\/schema.org\",\"@graph\":[{\"@type\":\"WebPage\",\"@id\":\"https:\\\/\\\/edicionesalfar.es\\\/es\\\/producto\\\/el-adn-del-diablo\\\/\",\"url\":\"https:\\\/\\\/edicionesalfar.es\\\/es\\\/producto\\\/el-adn-del-diablo\\\/\",\"name\":\"El ADN del diablo - Ediciones Alfar\",\"isPartOf\":{\"@id\":\"https:\\\/\\\/edicionesalfar.es\\\/es\\\/#website\"},\"primaryImageOfPage\":{\"@id\":\"https:\\\/\\\/edicionesalfar.es\\\/es\\\/producto\\\/el-adn-del-diablo\\\/#primaryimage\"},\"image\":{\"@id\":\"https:\\\/\\\/edicionesalfar.es\\\/es\\\/producto\\\/el-adn-del-diablo\\\/#primaryimage\"},\"thumbnailUrl\":\"https:\\\/\\\/edicionesalfar.es\\\/es\\\/wp-content\\\/uploads\\\/2020\\\/03\\\/El-ADN-del-diablo-mok-up-sencilla.jpg\",\"datePublished\":\"2020-03-10T16:05:50+00:00\",\"dateModified\":\"2020-04-03T14:33:20+00:00\",\"breadcrumb\":{\"@id\":\"https:\\\/\\\/edicionesalfar.es\\\/es\\\/producto\\\/el-adn-del-diablo\\\/#breadcrumb\"},\"inLanguage\":\"es\",\"potentialAction\":[{\"@type\":\"ReadAction\",\"target\":[\"https:\\\/\\\/edicionesalfar.es\\\/es\\\/producto\\\/el-adn-del-diablo\\\/\"]}]},{\"@type\":\"ImageObject\",\"inLanguage\":\"es\",\"@id\":\"https:\\\/\\\/edicionesalfar.es\\\/es\\\/producto\\\/el-adn-del-diablo\\\/#primaryimage\",\"url\":\"https:\\\/\\\/edicionesalfar.es\\\/es\\\/wp-content\\\/uploads\\\/2020\\\/03\\\/El-ADN-del-diablo-mok-up-sencilla.jpg\",\"contentUrl\":\"https:\\\/\\\/edicionesalfar.es\\\/es\\\/wp-content\\\/uploads\\\/2020\\\/03\\\/El-ADN-del-diablo-mok-up-sencilla.jpg\",\"width\":1304,\"height\":2217},{\"@type\":\"BreadcrumbList\",\"@id\":\"https:\\\/\\\/edicionesalfar.es\\\/es\\\/producto\\\/el-adn-del-diablo\\\/#breadcrumb\",\"itemListElement\":[{\"@type\":\"ListItem\",\"position\":1,\"name\":\"Portada\",\"item\":\"https:\\\/\\\/edicionesalfar.es\\\/es\\\/\"},{\"@type\":\"ListItem\",\"position\":2,\"name\":\"Cat\u00e1logo\",\"item\":\"https:\\\/\\\/edicionesalfar.es\\\/es\\\/catalogo\\\/\"},{\"@type\":\"ListItem\",\"position\":3,\"name\":\"El ADN del diablo\"}]},{\"@type\":\"WebSite\",\"@id\":\"https:\\\/\\\/edicionesalfar.es\\\/es\\\/#website\",\"url\":\"https:\\\/\\\/edicionesalfar.es\\\/es\\\/\",\"name\":\"Ediciones Alfar\",\"description\":\"\",\"potentialAction\":[{\"@type\":\"SearchAction\",\"target\":{\"@type\":\"EntryPoint\",\"urlTemplate\":\"https:\\\/\\\/edicionesalfar.es\\\/es\\\/?s={search_term_string}\"},\"query-input\":{\"@type\":\"PropertyValueSpecification\",\"valueRequired\":true,\"valueName\":\"search_term_string\"}}],\"inLanguage\":\"es\"}]}<\/script>\n<!-- \/ Yoast SEO plugin. -->","yoast_head_json":{"title":"El ADN del diablo - Ediciones Alfar","robots":{"index":"index","follow":"follow","max-snippet":"max-snippet:-1","max-image-preview":"max-image-preview:large","max-video-preview":"max-video-preview:-1"},"canonical":"https:\/\/edicionesalfar.es\/es\/producto\/el-adn-del-diablo\/","og_locale":"es_ES","og_type":"article","og_title":"El ADN del diablo - Ediciones Alfar","og_description":"A un polic\u00eda y su novia se les echa encima un cami\u00f3n. Ella muere y \u00e9l pasa por un infierno; la recuperaci\u00f3n milagrosa de Pablo no s\u00f3lo sorprende a m\u00e9dicos y familiares, sino que llama la atenci\u00f3n de algo no humano, que busca al ladr\u00f3n de sangre. Supuestos zombies siembran el p\u00e1nico en las calles de las principales ciudades del mundo. El mundo espiritual est\u00e1 patas arriba y Pablo lucha contra su nueva personalidad mientras intenta vivir un d\u00eda m\u00e1s y resolver el caso. Novela intensa, ambientada en Madrid, Zaragoza y Par\u00eds, que mantendr\u00e1 al lector en vilo. Basada en investigaciones m\u00e9dicas reales.","og_url":"https:\/\/edicionesalfar.es\/es\/producto\/el-adn-del-diablo\/","og_site_name":"Ediciones Alfar","article_modified_time":"2020-04-03T14:33:20+00:00","og_image":[{"width":1304,"height":2217,"url":"https:\/\/edicionesalfar.es\/es\/wp-content\/uploads\/2020\/03\/El-ADN-del-diablo-mok-up-sencilla.jpg","type":"image\/jpeg"}],"twitter_card":"summary_large_image","twitter_misc":{"Tiempo de lectura":"1 minuto"},"schema":{"@context":"https:\/\/schema.org","@graph":[{"@type":"WebPage","@id":"https:\/\/edicionesalfar.es\/es\/producto\/el-adn-del-diablo\/","url":"https:\/\/edicionesalfar.es\/es\/producto\/el-adn-del-diablo\/","name":"El ADN del diablo - Ediciones Alfar","isPartOf":{"@id":"https:\/\/edicionesalfar.es\/es\/#website"},"primaryImageOfPage":{"@id":"https:\/\/edicionesalfar.es\/es\/producto\/el-adn-del-diablo\/#primaryimage"},"image":{"@id":"https:\/\/edicionesalfar.es\/es\/producto\/el-adn-del-diablo\/#primaryimage"},"thumbnailUrl":"https:\/\/edicionesalfar.es\/es\/wp-content\/uploads\/2020\/03\/El-ADN-del-diablo-mok-up-sencilla.jpg","datePublished":"2020-03-10T16:05:50+00:00","dateModified":"2020-04-03T14:33:20+00:00","breadcrumb":{"@id":"https:\/\/edicionesalfar.es\/es\/producto\/el-adn-del-diablo\/#breadcrumb"},"inLanguage":"es","potentialAction":[{"@type":"ReadAction","target":["https:\/\/edicionesalfar.es\/es\/producto\/el-adn-del-diablo\/"]}]},{"@type":"ImageObject","inLanguage":"es","@id":"https:\/\/edicionesalfar.es\/es\/producto\/el-adn-del-diablo\/#primaryimage","url":"https:\/\/edicionesalfar.es\/es\/wp-content\/uploads\/2020\/03\/El-ADN-del-diablo-mok-up-sencilla.jpg","contentUrl":"https:\/\/edicionesalfar.es\/es\/wp-content\/uploads\/2020\/03\/El-ADN-del-diablo-mok-up-sencilla.jpg","width":1304,"height":2217},{"@type":"BreadcrumbList","@id":"https:\/\/edicionesalfar.es\/es\/producto\/el-adn-del-diablo\/#breadcrumb","itemListElement":[{"@type":"ListItem","position":1,"name":"Portada","item":"https:\/\/edicionesalfar.es\/es\/"},{"@type":"ListItem","position":2,"name":"Cat\u00e1logo","item":"https:\/\/edicionesalfar.es\/es\/catalogo\/"},{"@type":"ListItem","position":3,"name":"El ADN del diablo"}]},{"@type":"WebSite","@id":"https:\/\/edicionesalfar.es\/es\/#website","url":"https:\/\/edicionesalfar.es\/es\/","name":"Ediciones Alfar","description":"","potentialAction":[{"@type":"SearchAction","target":{"@type":"EntryPoint","urlTemplate":"https:\/\/edicionesalfar.es\/es\/?s={search_term_string}"},"query-input":{"@type":"PropertyValueSpecification","valueRequired":true,"valueName":"search_term_string"}}],"inLanguage":"es"}]}},"_links":{"self":[{"href":"https:\/\/edicionesalfar.es\/es\/wp-json\/wp\/v2\/product\/15872","targetHints":{"allow":["GET"]}}],"collection":[{"href":"https:\/\/edicionesalfar.es\/es\/wp-json\/wp\/v2\/product"}],"about":[{"href":"https:\/\/edicionesalfar.es\/es\/wp-json\/wp\/v2\/types\/product"}],"replies":[{"embeddable":true,"href":"https:\/\/edicionesalfar.es\/es\/wp-json\/wp\/v2\/comments?post=15872"}],"wp:featuredmedia":[{"embeddable":true,"href":"https:\/\/edicionesalfar.es\/es\/wp-json\/wp\/v2\/media\/15875"}],"wp:attachment":[{"href":"https:\/\/edicionesalfar.es\/es\/wp-json\/wp\/v2\/media?parent=15872"}],"wp:term":[{"taxonomy":"product_brand","embeddable":true,"href":"https:\/\/edicionesalfar.es\/es\/wp-json\/wp\/v2\/product_brand?post=15872"},{"taxonomy":"product_cat","embeddable":true,"href":"https:\/\/edicionesalfar.es\/es\/wp-json\/wp\/v2\/product_cat?post=15872"},{"taxonomy":"product_tag","embeddable":true,"href":"https:\/\/edicionesalfar.es\/es\/wp-json\/wp\/v2\/product_tag?post=15872"}],"curies":[{"name":"wp","href":"https:\/\/api.w.org\/{rel}","templated":true}]}}