{"id":15782,"date":"2020-02-04T14:15:27","date_gmt":"2020-02-04T13:15:27","guid":{"rendered":"https:\/\/www.edicionesalfar.es\/es\/?post_type=product&#038;p=15782"},"modified":"2022-11-23T09:59:10","modified_gmt":"2022-11-23T08:59:10","slug":"home-away-from-home","status":"publish","type":"product","link":"https:\/\/edicionesalfar.es\/es\/producto\/home-away-from-home\/","title":{"rendered":"Home away from home"},"content":{"rendered":"<p><span style=\"color: #000000;\">Una casa lejos de tu hogar. Un hogar lejos de tu casa.<\/span><br \/>\n<span style=\"color: #000000;\">CEAR es una organizaci\u00f3n de utilidad social cuya misi\u00f3n es la de defender el derecho de asilo y los derechos <\/span><span style=\"color: #000000;\">humanos.<\/span><br \/>\n<span style=\"color: #000000;\"><em>Home Away from Home<\/em>, cuyo significado juega con la doble traducci\u00f3n de la palabra home en ingl\u00e9s, incluye <\/span><span style=\"color: #000000;\">10 historias que han compartido sus protagonistas como representaci\u00f3n de la realidad que viven tantas personas <\/span><span style=\"color: #000000;\">alrededor del mundo, y que no ocurren tan lejos de nuestra ciudad.<\/span><br \/>\n<span style=\"color: #000000;\">Sevilla act\u00faa como escenario para retratar los testimonios que hemos recogido en el \u00faltimo a\u00f1o, dando forma <\/span><span style=\"color: #000000;\">a este libro.<\/span><\/p>\n<p><span style=\"color: #000000;\"><img decoding=\"async\" class=\"wp-image-15784 alignleft\" src=\"https:\/\/edicionesalfar.es\/es\/wp-content\/uploads\/2020\/02\/IMG_5456-300x200.jpg\" alt=\"\" width=\"208\" height=\"132\" \/>Carmen Dorado y Macarena P\u00e9rez<\/span><br \/>\n<span style=\"color: #000000;\">Sevillanas del 96, reci\u00e9n graduadas en Comunicaci\u00f3n Audiovisual por la Universidad de Sevilla.<\/span><br \/>\n<span style=\"color: #000000;\">Enamorados de la fotograf\u00eda de retrato, Home Away from Home nace de nuestro trabajo fin de carrera, que <\/span><span style=\"color: #000000;\">nos ha dado la oportunidad de crear algo desde cero, convirti\u00e9ndose en este libro que tanto nos ha costado <\/span><span style=\"color: #000000;\">y que tantas alegr\u00edas nos ha dado.<\/span><br \/>\n<span style=\"color: #000000;\">En una sociedad en la que se cierran fronteras por cuestiones ideol\u00f3gicas basadas en la cultura del miedo, <\/span><span style=\"color: #000000;\">es coherente que cada vez hayan m\u00e1s revoluciones sociales que demanden el cambio. De ah\u00ed, el objetivo de <\/span><span style=\"color: #000000;\">nuestros proyectos, que nace de ese deseo de participar activamente en esta transformaci\u00f3n.<\/span><br \/>\n<span style=\"color: #000000;\">Este libro forma parte de las actividades especiales que ha realizado la Comisi\u00f3n Espa\u00f1ola de Ayuda al Refugiado <\/span><span style=\"color: #000000;\">en todo el pa\u00eds para conmemorar su 40 aniversario.<\/span><br \/>\n<span style=\"color: #000000;\">Con \u00e9l queremos poner en valor no solo el trabajo voluntario de las autoras sino tambi\u00e9n la labor de nuestra <\/span><span style=\"color: #000000;\">entidad y la realidad de aquellas personas que necesitan tener un refugio en nuestro pa\u00eds hasta que la situaci\u00f3n <\/span><span style=\"color: #000000;\">en los suyos cambie, como antes lo necesitamos los espa\u00f1oles.<\/span><\/p>\n","protected":false},"excerpt":{"rendered":"<p><span style=\"color: #000000;\"><em>Home Away from Home<\/em>, cuyo significado juega con la doble traducci\u00f3n de la palabra home en ingl\u00e9s, incluye 10 historias que han compartido sus protagonistas como representaci\u00f3n de la realidad que viven tantas personas alrededor del mundo, y que no ocurren tan lejos de nuestra ciudad.<\/span><\/p>\n","protected":false},"featured_media":15787,"comment_status":"closed","ping_status":"closed","template":"","meta":{"_acf_changed":false,"_et_pb_use_builder":"","_et_pb_old_content":"","_et_gb_content_width":""},"product_brand":[],"product_cat":[376,532,54],"product_tag":[189,187,186,190,188],"class_list":{"0":"post-15782","1":"product","2":"type-product","3":"status-publish","4":"has-post-thumbnail","6":"product_cat-autores","7":"product_cat-dorado-carmen","8":"product_cat-actuales","9":"product_tag-ayuda","10":"product_tag-cear","11":"product_tag-regugiado","12":"product_tag-solidaridad","13":"product_tag-testimonios","15":"first","16":"instock","17":"taxable","18":"shipping-taxable","19":"purchasable","20":"product-type-simple"},"acf":[],"yoast_head":"<!-- This site is optimized with the Yoast SEO plugin v27.4 - https:\/\/yoast.com\/product\/yoast-seo-wordpress\/ -->\n<title>Home away from home - Ediciones Alfar<\/title>\n<meta name=\"robots\" content=\"index, follow, max-snippet:-1, max-image-preview:large, max-video-preview:-1\" \/>\n<link rel=\"canonical\" href=\"https:\/\/edicionesalfar.es\/es\/producto\/home-away-from-home\/\" \/>\n<meta property=\"og:locale\" content=\"es_ES\" \/>\n<meta property=\"og:type\" content=\"article\" \/>\n<meta property=\"og:title\" content=\"Home away from home - Ediciones Alfar\" \/>\n<meta property=\"og:description\" content=\"Home Away from Home, cuyo significado juega con la doble traducci\u00f3n de la palabra home en ingl\u00e9s, incluye 10 historias que han compartido sus protagonistas como representaci\u00f3n de la realidad que viven tantas personas alrededor del mundo, y que no ocurren tan lejos de nuestra ciudad.\" \/>\n<meta property=\"og:url\" content=\"https:\/\/edicionesalfar.es\/es\/producto\/home-away-from-home\/\" \/>\n<meta property=\"og:site_name\" content=\"Ediciones Alfar\" \/>\n<meta property=\"article:modified_time\" content=\"2022-11-23T08:59:10+00:00\" \/>\n<meta property=\"og:image\" content=\"https:\/\/edicionesalfar.es\/es\/wp-content\/uploads\/2020\/02\/9788478988495_portada-scaled.jpg\" \/>\n\t<meta property=\"og:image:width\" content=\"1822\" \/>\n\t<meta property=\"og:image:height\" content=\"2560\" \/>\n\t<meta property=\"og:image:type\" content=\"image\/jpeg\" \/>\n<meta name=\"twitter:card\" content=\"summary_large_image\" \/>\n<meta name=\"twitter:label1\" content=\"Tiempo de lectura\" \/>\n\t<meta name=\"twitter:data1\" content=\"2 minutos\" \/>\n<script type=\"application\/ld+json\" class=\"yoast-schema-graph\">{\"@context\":\"https:\\\/\\\/schema.org\",\"@graph\":[{\"@type\":\"WebPage\",\"@id\":\"https:\\\/\\\/edicionesalfar.es\\\/es\\\/producto\\\/home-away-from-home\\\/\",\"url\":\"https:\\\/\\\/edicionesalfar.es\\\/es\\\/producto\\\/home-away-from-home\\\/\",\"name\":\"Home away from home - Ediciones Alfar\",\"isPartOf\":{\"@id\":\"https:\\\/\\\/edicionesalfar.es\\\/es\\\/#website\"},\"primaryImageOfPage\":{\"@id\":\"https:\\\/\\\/edicionesalfar.es\\\/es\\\/producto\\\/home-away-from-home\\\/#primaryimage\"},\"image\":{\"@id\":\"https:\\\/\\\/edicionesalfar.es\\\/es\\\/producto\\\/home-away-from-home\\\/#primaryimage\"},\"thumbnailUrl\":\"https:\\\/\\\/edicionesalfar.es\\\/es\\\/wp-content\\\/uploads\\\/2020\\\/02\\\/9788478988495_portada-scaled.jpg\",\"datePublished\":\"2020-02-04T13:15:27+00:00\",\"dateModified\":\"2022-11-23T08:59:10+00:00\",\"breadcrumb\":{\"@id\":\"https:\\\/\\\/edicionesalfar.es\\\/es\\\/producto\\\/home-away-from-home\\\/#breadcrumb\"},\"inLanguage\":\"es\",\"potentialAction\":[{\"@type\":\"ReadAction\",\"target\":[\"https:\\\/\\\/edicionesalfar.es\\\/es\\\/producto\\\/home-away-from-home\\\/\"]}]},{\"@type\":\"ImageObject\",\"inLanguage\":\"es\",\"@id\":\"https:\\\/\\\/edicionesalfar.es\\\/es\\\/producto\\\/home-away-from-home\\\/#primaryimage\",\"url\":\"https:\\\/\\\/edicionesalfar.es\\\/es\\\/wp-content\\\/uploads\\\/2020\\\/02\\\/9788478988495_portada-scaled.jpg\",\"contentUrl\":\"https:\\\/\\\/edicionesalfar.es\\\/es\\\/wp-content\\\/uploads\\\/2020\\\/02\\\/9788478988495_portada-scaled.jpg\",\"width\":1822,\"height\":2560},{\"@type\":\"BreadcrumbList\",\"@id\":\"https:\\\/\\\/edicionesalfar.es\\\/es\\\/producto\\\/home-away-from-home\\\/#breadcrumb\",\"itemListElement\":[{\"@type\":\"ListItem\",\"position\":1,\"name\":\"Portada\",\"item\":\"https:\\\/\\\/edicionesalfar.es\\\/es\\\/\"},{\"@type\":\"ListItem\",\"position\":2,\"name\":\"Cat\u00e1logo\",\"item\":\"https:\\\/\\\/edicionesalfar.es\\\/es\\\/catalogo\\\/\"},{\"@type\":\"ListItem\",\"position\":3,\"name\":\"Home away from home\"}]},{\"@type\":\"WebSite\",\"@id\":\"https:\\\/\\\/edicionesalfar.es\\\/es\\\/#website\",\"url\":\"https:\\\/\\\/edicionesalfar.es\\\/es\\\/\",\"name\":\"Ediciones Alfar\",\"description\":\"\",\"potentialAction\":[{\"@type\":\"SearchAction\",\"target\":{\"@type\":\"EntryPoint\",\"urlTemplate\":\"https:\\\/\\\/edicionesalfar.es\\\/es\\\/?s={search_term_string}\"},\"query-input\":{\"@type\":\"PropertyValueSpecification\",\"valueRequired\":true,\"valueName\":\"search_term_string\"}}],\"inLanguage\":\"es\"}]}<\/script>\n<!-- \/ Yoast SEO plugin. -->","yoast_head_json":{"title":"Home away from home - Ediciones Alfar","robots":{"index":"index","follow":"follow","max-snippet":"max-snippet:-1","max-image-preview":"max-image-preview:large","max-video-preview":"max-video-preview:-1"},"canonical":"https:\/\/edicionesalfar.es\/es\/producto\/home-away-from-home\/","og_locale":"es_ES","og_type":"article","og_title":"Home away from home - Ediciones Alfar","og_description":"Home Away from Home, cuyo significado juega con la doble traducci\u00f3n de la palabra home en ingl\u00e9s, incluye 10 historias que han compartido sus protagonistas como representaci\u00f3n de la realidad que viven tantas personas alrededor del mundo, y que no ocurren tan lejos de nuestra ciudad.","og_url":"https:\/\/edicionesalfar.es\/es\/producto\/home-away-from-home\/","og_site_name":"Ediciones Alfar","article_modified_time":"2022-11-23T08:59:10+00:00","og_image":[{"width":1822,"height":2560,"url":"https:\/\/edicionesalfar.es\/es\/wp-content\/uploads\/2020\/02\/9788478988495_portada-scaled.jpg","type":"image\/jpeg"}],"twitter_card":"summary_large_image","twitter_misc":{"Tiempo de lectura":"2 minutos"},"schema":{"@context":"https:\/\/schema.org","@graph":[{"@type":"WebPage","@id":"https:\/\/edicionesalfar.es\/es\/producto\/home-away-from-home\/","url":"https:\/\/edicionesalfar.es\/es\/producto\/home-away-from-home\/","name":"Home away from home - Ediciones Alfar","isPartOf":{"@id":"https:\/\/edicionesalfar.es\/es\/#website"},"primaryImageOfPage":{"@id":"https:\/\/edicionesalfar.es\/es\/producto\/home-away-from-home\/#primaryimage"},"image":{"@id":"https:\/\/edicionesalfar.es\/es\/producto\/home-away-from-home\/#primaryimage"},"thumbnailUrl":"https:\/\/edicionesalfar.es\/es\/wp-content\/uploads\/2020\/02\/9788478988495_portada-scaled.jpg","datePublished":"2020-02-04T13:15:27+00:00","dateModified":"2022-11-23T08:59:10+00:00","breadcrumb":{"@id":"https:\/\/edicionesalfar.es\/es\/producto\/home-away-from-home\/#breadcrumb"},"inLanguage":"es","potentialAction":[{"@type":"ReadAction","target":["https:\/\/edicionesalfar.es\/es\/producto\/home-away-from-home\/"]}]},{"@type":"ImageObject","inLanguage":"es","@id":"https:\/\/edicionesalfar.es\/es\/producto\/home-away-from-home\/#primaryimage","url":"https:\/\/edicionesalfar.es\/es\/wp-content\/uploads\/2020\/02\/9788478988495_portada-scaled.jpg","contentUrl":"https:\/\/edicionesalfar.es\/es\/wp-content\/uploads\/2020\/02\/9788478988495_portada-scaled.jpg","width":1822,"height":2560},{"@type":"BreadcrumbList","@id":"https:\/\/edicionesalfar.es\/es\/producto\/home-away-from-home\/#breadcrumb","itemListElement":[{"@type":"ListItem","position":1,"name":"Portada","item":"https:\/\/edicionesalfar.es\/es\/"},{"@type":"ListItem","position":2,"name":"Cat\u00e1logo","item":"https:\/\/edicionesalfar.es\/es\/catalogo\/"},{"@type":"ListItem","position":3,"name":"Home away from home"}]},{"@type":"WebSite","@id":"https:\/\/edicionesalfar.es\/es\/#website","url":"https:\/\/edicionesalfar.es\/es\/","name":"Ediciones Alfar","description":"","potentialAction":[{"@type":"SearchAction","target":{"@type":"EntryPoint","urlTemplate":"https:\/\/edicionesalfar.es\/es\/?s={search_term_string}"},"query-input":{"@type":"PropertyValueSpecification","valueRequired":true,"valueName":"search_term_string"}}],"inLanguage":"es"}]}},"_links":{"self":[{"href":"https:\/\/edicionesalfar.es\/es\/wp-json\/wp\/v2\/product\/15782","targetHints":{"allow":["GET"]}}],"collection":[{"href":"https:\/\/edicionesalfar.es\/es\/wp-json\/wp\/v2\/product"}],"about":[{"href":"https:\/\/edicionesalfar.es\/es\/wp-json\/wp\/v2\/types\/product"}],"replies":[{"embeddable":true,"href":"https:\/\/edicionesalfar.es\/es\/wp-json\/wp\/v2\/comments?post=15782"}],"wp:featuredmedia":[{"embeddable":true,"href":"https:\/\/edicionesalfar.es\/es\/wp-json\/wp\/v2\/media\/15787"}],"wp:attachment":[{"href":"https:\/\/edicionesalfar.es\/es\/wp-json\/wp\/v2\/media?parent=15782"}],"wp:term":[{"taxonomy":"product_brand","embeddable":true,"href":"https:\/\/edicionesalfar.es\/es\/wp-json\/wp\/v2\/product_brand?post=15782"},{"taxonomy":"product_cat","embeddable":true,"href":"https:\/\/edicionesalfar.es\/es\/wp-json\/wp\/v2\/product_cat?post=15782"},{"taxonomy":"product_tag","embeddable":true,"href":"https:\/\/edicionesalfar.es\/es\/wp-json\/wp\/v2\/product_tag?post=15782"}],"curies":[{"name":"wp","href":"https:\/\/api.w.org\/{rel}","templated":true}]}}