{"id":15677,"date":"2020-01-08T12:56:29","date_gmt":"2020-01-08T11:56:29","guid":{"rendered":"https:\/\/www.edicionesalfar.es\/es\/?post_type=product&#038;p=15677"},"modified":"2024-12-19T10:57:10","modified_gmt":"2024-12-19T09:57:10","slug":"el-buen-esclavo","status":"publish","type":"product","link":"https:\/\/edicionesalfar.es\/es\/producto\/el-buen-esclavo\/","title":{"rendered":"El buen esclavo"},"content":{"rendered":"<p><span style=\"color: #000000;\">\u201cEl inspector Tom\u00e1s Vi\u00f1uelas, ya viejo para investigaciones demasiado atribuladas, ha de resolver un caso de asesinatos en serie en el que, paso a paso, ir\u00e1 descubriendo algo m\u00e1s que la atrocidad de los cr\u00edmenes. Sevilla, una ciudad vitalista y turbadora, una chica de hace a\u00f1os y desaparecida, un juego justiciero y perverso. El juego del asesino le revelar\u00e1 a Tom\u00e1s el poder devastador que un buen esclavo desata cuando decide ajustar las cuentas con sus amos.\u201d (Rafael Morales, gestor cultural)<\/span><\/p>\n<p><span style=\"color: #000000;\">\u00abUn thriller que recuerda a las mejores pel\u00edculas de David Fincher. Oscuro, \u00edntimo y exprimiendo al m\u00e1ximo el escenario en el que se desarrolla: Sevilla, cuyas calles son tan protagonistas como el Inspector y su antagonista.\u00bb (Javier Oliver, Cortometrajista)<\/span><\/p>\n<p><span style=\"color: #000000;\"><img decoding=\"async\" class=\"wp-image-15678 alignleft\" src=\"https:\/\/edicionesalfar.es\/es\/wp-content\/uploads\/2020\/01\/Fotograf\u00eda-Fernando-Morales-Astola-199x300.jpg\" alt=\"\" width=\"126\" height=\"154\" \/>Fernando Morales Astola (Sevilla, 1963), fundador de Teatro La Pi\u00f1a y el grupo musical New Age T\u00e9naro, lleva tres d\u00e9cadas como profesor en la ense\u00f1anza p\u00fablica combinando<\/span><br \/>\n<span style=\"color: #000000;\">el conocimiento y la experiencia con el entorno. Arte, naturaleza, ciudad y gente, siempre marcaron su vocaci\u00f3n creativa y formativa como una forma de vida y de ser. Su pasi\u00f3n c\u00edvica y pol\u00edtica por mejorar ese mundo que afronta y construye cada d\u00eda le llev\u00f3 a adentrarse en un g\u00e9nero literario que, de alg\u00fan modo, resume su optimismo cr\u00edtico: partir de los hechos oscuros para alumbrarnos en el intrigante universo de lo m\u00e1s humano.<\/span><\/p>\n<p>&nbsp;<\/p>\n","protected":false},"excerpt":{"rendered":"<p><span style=\"color: #000000;\">\u201cUn relato en el que se cruzan asesinatos en serie con la compleja personalidad e inteligencia de un inspector en retirada, obligado a dar lo mejor de s\u00ed para desenmascarar el mayor enigma de su carrera y resolver el reto al que le convocan. El escenario del envite podr\u00eda ser cualquier ciudad del mundo, pero es Sevilla, que describe el autor desde las entra\u00f1as de su barrio m\u00e1s independiente, popular y aut\u00e9ntico, Triana.\u201d (Paco Oliver, periodista)<\/span><\/p>\n","protected":false},"featured_media":120919,"comment_status":"closed","ping_status":"closed","template":"","meta":{"_acf_changed":false,"_et_pb_use_builder":"","_et_pb_old_content":"","_et_gb_content_width":""},"product_brand":[],"product_cat":[372,376,375,452,47],"product_tag":[95,176,177],"class_list":{"0":"post-15677","1":"product","2":"type-product","3":"status-publish","4":"has-post-thumbnail","6":"product_cat-alfar","7":"product_cat-autores","8":"product_cat-editoriales","9":"product_cat-morales-astola-fernando","10":"product_cat-otras-narrativas","11":"product_tag-intriga","12":"product_tag-novela","13":"product_tag-sevilla","15":"first","16":"instock","17":"taxable","18":"shipping-taxable","19":"purchasable","20":"product-type-simple"},"acf":[],"yoast_head":"<!-- This site is optimized with the Yoast SEO plugin v27.4 - https:\/\/yoast.com\/product\/yoast-seo-wordpress\/ -->\n<title>El buen esclavo - Ediciones Alfar<\/title>\n<meta name=\"robots\" content=\"index, follow, max-snippet:-1, max-image-preview:large, max-video-preview:-1\" \/>\n<link rel=\"canonical\" href=\"https:\/\/edicionesalfar.es\/es\/producto\/el-buen-esclavo\/\" \/>\n<meta property=\"og:locale\" content=\"es_ES\" \/>\n<meta property=\"og:type\" content=\"article\" \/>\n<meta property=\"og:title\" content=\"El buen esclavo - Ediciones Alfar\" \/>\n<meta property=\"og:description\" content=\"\u201cUn relato en el que se cruzan asesinatos en serie con la compleja personalidad e inteligencia de un inspector en retirada, obligado a dar lo mejor de s\u00ed para desenmascarar el mayor enigma de su carrera y resolver el reto al que le convocan. El escenario del envite podr\u00eda ser cualquier ciudad del mundo, pero es Sevilla, que describe el autor desde las entra\u00f1as de su barrio m\u00e1s independiente, popular y aut\u00e9ntico, Triana.\u201d (Paco Oliver, periodista)\" \/>\n<meta property=\"og:url\" content=\"https:\/\/edicionesalfar.es\/es\/producto\/el-buen-esclavo\/\" \/>\n<meta property=\"og:site_name\" content=\"Ediciones Alfar\" \/>\n<meta property=\"article:modified_time\" content=\"2024-12-19T09:57:10+00:00\" \/>\n<meta property=\"og:image\" content=\"https:\/\/edicionesalfar.es\/es\/wp-content\/uploads\/2020\/01\/Portada-scaled.jpg\" \/>\n\t<meta property=\"og:image:width\" content=\"1497\" \/>\n\t<meta property=\"og:image:height\" content=\"2560\" \/>\n\t<meta property=\"og:image:type\" content=\"image\/jpeg\" \/>\n<meta name=\"twitter:card\" content=\"summary_large_image\" \/>\n<meta name=\"twitter:label1\" content=\"Tiempo de lectura\" \/>\n\t<meta name=\"twitter:data1\" content=\"2 minutos\" \/>\n<script type=\"application\/ld+json\" class=\"yoast-schema-graph\">{\"@context\":\"https:\\\/\\\/schema.org\",\"@graph\":[{\"@type\":\"WebPage\",\"@id\":\"https:\\\/\\\/edicionesalfar.es\\\/es\\\/producto\\\/el-buen-esclavo\\\/\",\"url\":\"https:\\\/\\\/edicionesalfar.es\\\/es\\\/producto\\\/el-buen-esclavo\\\/\",\"name\":\"El buen esclavo - Ediciones Alfar\",\"isPartOf\":{\"@id\":\"https:\\\/\\\/edicionesalfar.es\\\/es\\\/#website\"},\"primaryImageOfPage\":{\"@id\":\"https:\\\/\\\/edicionesalfar.es\\\/es\\\/producto\\\/el-buen-esclavo\\\/#primaryimage\"},\"image\":{\"@id\":\"https:\\\/\\\/edicionesalfar.es\\\/es\\\/producto\\\/el-buen-esclavo\\\/#primaryimage\"},\"thumbnailUrl\":\"https:\\\/\\\/edicionesalfar.es\\\/es\\\/wp-content\\\/uploads\\\/2020\\\/01\\\/Portada-scaled.jpg\",\"datePublished\":\"2020-01-08T11:56:29+00:00\",\"dateModified\":\"2024-12-19T09:57:10+00:00\",\"breadcrumb\":{\"@id\":\"https:\\\/\\\/edicionesalfar.es\\\/es\\\/producto\\\/el-buen-esclavo\\\/#breadcrumb\"},\"inLanguage\":\"es\",\"potentialAction\":[{\"@type\":\"ReadAction\",\"target\":[\"https:\\\/\\\/edicionesalfar.es\\\/es\\\/producto\\\/el-buen-esclavo\\\/\"]}]},{\"@type\":\"ImageObject\",\"inLanguage\":\"es\",\"@id\":\"https:\\\/\\\/edicionesalfar.es\\\/es\\\/producto\\\/el-buen-esclavo\\\/#primaryimage\",\"url\":\"https:\\\/\\\/edicionesalfar.es\\\/es\\\/wp-content\\\/uploads\\\/2020\\\/01\\\/Portada-scaled.jpg\",\"contentUrl\":\"https:\\\/\\\/edicionesalfar.es\\\/es\\\/wp-content\\\/uploads\\\/2020\\\/01\\\/Portada-scaled.jpg\",\"width\":1497,\"height\":2560},{\"@type\":\"BreadcrumbList\",\"@id\":\"https:\\\/\\\/edicionesalfar.es\\\/es\\\/producto\\\/el-buen-esclavo\\\/#breadcrumb\",\"itemListElement\":[{\"@type\":\"ListItem\",\"position\":1,\"name\":\"Portada\",\"item\":\"https:\\\/\\\/edicionesalfar.es\\\/es\\\/\"},{\"@type\":\"ListItem\",\"position\":2,\"name\":\"Cat\u00e1logo\",\"item\":\"https:\\\/\\\/edicionesalfar.es\\\/es\\\/catalogo\\\/\"},{\"@type\":\"ListItem\",\"position\":3,\"name\":\"El buen esclavo\"}]},{\"@type\":\"WebSite\",\"@id\":\"https:\\\/\\\/edicionesalfar.es\\\/es\\\/#website\",\"url\":\"https:\\\/\\\/edicionesalfar.es\\\/es\\\/\",\"name\":\"Ediciones Alfar\",\"description\":\"\",\"potentialAction\":[{\"@type\":\"SearchAction\",\"target\":{\"@type\":\"EntryPoint\",\"urlTemplate\":\"https:\\\/\\\/edicionesalfar.es\\\/es\\\/?s={search_term_string}\"},\"query-input\":{\"@type\":\"PropertyValueSpecification\",\"valueRequired\":true,\"valueName\":\"search_term_string\"}}],\"inLanguage\":\"es\"}]}<\/script>\n<!-- \/ Yoast SEO plugin. -->","yoast_head_json":{"title":"El buen esclavo - Ediciones Alfar","robots":{"index":"index","follow":"follow","max-snippet":"max-snippet:-1","max-image-preview":"max-image-preview:large","max-video-preview":"max-video-preview:-1"},"canonical":"https:\/\/edicionesalfar.es\/es\/producto\/el-buen-esclavo\/","og_locale":"es_ES","og_type":"article","og_title":"El buen esclavo - Ediciones Alfar","og_description":"\u201cUn relato en el que se cruzan asesinatos en serie con la compleja personalidad e inteligencia de un inspector en retirada, obligado a dar lo mejor de s\u00ed para desenmascarar el mayor enigma de su carrera y resolver el reto al que le convocan. El escenario del envite podr\u00eda ser cualquier ciudad del mundo, pero es Sevilla, que describe el autor desde las entra\u00f1as de su barrio m\u00e1s independiente, popular y aut\u00e9ntico, Triana.\u201d (Paco Oliver, periodista)","og_url":"https:\/\/edicionesalfar.es\/es\/producto\/el-buen-esclavo\/","og_site_name":"Ediciones Alfar","article_modified_time":"2024-12-19T09:57:10+00:00","og_image":[{"width":1497,"height":2560,"url":"https:\/\/edicionesalfar.es\/es\/wp-content\/uploads\/2020\/01\/Portada-scaled.jpg","type":"image\/jpeg"}],"twitter_card":"summary_large_image","twitter_misc":{"Tiempo de lectura":"2 minutos"},"schema":{"@context":"https:\/\/schema.org","@graph":[{"@type":"WebPage","@id":"https:\/\/edicionesalfar.es\/es\/producto\/el-buen-esclavo\/","url":"https:\/\/edicionesalfar.es\/es\/producto\/el-buen-esclavo\/","name":"El buen esclavo - Ediciones Alfar","isPartOf":{"@id":"https:\/\/edicionesalfar.es\/es\/#website"},"primaryImageOfPage":{"@id":"https:\/\/edicionesalfar.es\/es\/producto\/el-buen-esclavo\/#primaryimage"},"image":{"@id":"https:\/\/edicionesalfar.es\/es\/producto\/el-buen-esclavo\/#primaryimage"},"thumbnailUrl":"https:\/\/edicionesalfar.es\/es\/wp-content\/uploads\/2020\/01\/Portada-scaled.jpg","datePublished":"2020-01-08T11:56:29+00:00","dateModified":"2024-12-19T09:57:10+00:00","breadcrumb":{"@id":"https:\/\/edicionesalfar.es\/es\/producto\/el-buen-esclavo\/#breadcrumb"},"inLanguage":"es","potentialAction":[{"@type":"ReadAction","target":["https:\/\/edicionesalfar.es\/es\/producto\/el-buen-esclavo\/"]}]},{"@type":"ImageObject","inLanguage":"es","@id":"https:\/\/edicionesalfar.es\/es\/producto\/el-buen-esclavo\/#primaryimage","url":"https:\/\/edicionesalfar.es\/es\/wp-content\/uploads\/2020\/01\/Portada-scaled.jpg","contentUrl":"https:\/\/edicionesalfar.es\/es\/wp-content\/uploads\/2020\/01\/Portada-scaled.jpg","width":1497,"height":2560},{"@type":"BreadcrumbList","@id":"https:\/\/edicionesalfar.es\/es\/producto\/el-buen-esclavo\/#breadcrumb","itemListElement":[{"@type":"ListItem","position":1,"name":"Portada","item":"https:\/\/edicionesalfar.es\/es\/"},{"@type":"ListItem","position":2,"name":"Cat\u00e1logo","item":"https:\/\/edicionesalfar.es\/es\/catalogo\/"},{"@type":"ListItem","position":3,"name":"El buen esclavo"}]},{"@type":"WebSite","@id":"https:\/\/edicionesalfar.es\/es\/#website","url":"https:\/\/edicionesalfar.es\/es\/","name":"Ediciones Alfar","description":"","potentialAction":[{"@type":"SearchAction","target":{"@type":"EntryPoint","urlTemplate":"https:\/\/edicionesalfar.es\/es\/?s={search_term_string}"},"query-input":{"@type":"PropertyValueSpecification","valueRequired":true,"valueName":"search_term_string"}}],"inLanguage":"es"}]}},"_links":{"self":[{"href":"https:\/\/edicionesalfar.es\/es\/wp-json\/wp\/v2\/product\/15677","targetHints":{"allow":["GET"]}}],"collection":[{"href":"https:\/\/edicionesalfar.es\/es\/wp-json\/wp\/v2\/product"}],"about":[{"href":"https:\/\/edicionesalfar.es\/es\/wp-json\/wp\/v2\/types\/product"}],"replies":[{"embeddable":true,"href":"https:\/\/edicionesalfar.es\/es\/wp-json\/wp\/v2\/comments?post=15677"}],"wp:featuredmedia":[{"embeddable":true,"href":"https:\/\/edicionesalfar.es\/es\/wp-json\/wp\/v2\/media\/120919"}],"wp:attachment":[{"href":"https:\/\/edicionesalfar.es\/es\/wp-json\/wp\/v2\/media?parent=15677"}],"wp:term":[{"taxonomy":"product_brand","embeddable":true,"href":"https:\/\/edicionesalfar.es\/es\/wp-json\/wp\/v2\/product_brand?post=15677"},{"taxonomy":"product_cat","embeddable":true,"href":"https:\/\/edicionesalfar.es\/es\/wp-json\/wp\/v2\/product_cat?post=15677"},{"taxonomy":"product_tag","embeddable":true,"href":"https:\/\/edicionesalfar.es\/es\/wp-json\/wp\/v2\/product_tag?post=15677"}],"curies":[{"name":"wp","href":"https:\/\/api.w.org\/{rel}","templated":true}]}}