{"id":15651,"date":"2020-01-02T16:01:27","date_gmt":"2020-01-02T15:01:27","guid":{"rendered":"https:\/\/www.edicionesalfar.es\/es\/?post_type=product&#038;p=15651"},"modified":"2020-03-06T13:43:58","modified_gmt":"2020-03-06T12:43:58","slug":"caminito-que-el-tiempo-ha-borrado","status":"publish","type":"product","link":"https:\/\/edicionesalfar.es\/es\/producto\/caminito-que-el-tiempo-ha-borrado\/","title":{"rendered":"Caminito que el tiempo ha borrado&#8230;"},"content":{"rendered":"<p><span style=\"color: #000000;\"><em>Caminito que el tiempo ha borrado\u2026<\/em> narra la historia de un joven sevillano que, hastiado de sus circunstancias, <\/span><span style=\"color: #000000;\">emigr\u00f3 y se asent\u00f3 en Edimburgo en el 2000, y que durante el relato nos lleva a Rosario <\/span><span style=\"color: #000000;\">(Argentina) en el 2004 donde viaja para reencontrarse con su Princesa, su gran amor. <\/span><span style=\"color: #000000;\">Narrada en primera persona, el protagonista se enfrenta al nuevo entorno, y vive su apasionada <\/span><span style=\"color: #000000;\">historia de amor envuelto en una atm\u00f3sfera de violencia y crisis econ\u00f3mica y social, situada en la <\/span><span style=\"color: #000000;\">Argentina \u201cpost-corralito\u201d.<\/span><br \/>\n<span style=\"color: #000000;\"><em>Caminito que el tiempo ha borrado\u2026<\/em> cabalga entre la autobiograf\u00eda, el relato de viajes, la novela <\/span><span style=\"color: #000000;\">hist\u00f3rica y el thriller. Pero, sobre todo, es una obra para reflexionar sobre la violencia del siglo XX <\/span><span style=\"color: #000000;\">y que a\u00fan nos persigue en los tiempos que corren, el tr\u00e1fico y la venta de armas, la necedad del ser <\/span><span style=\"color: #000000;\">humano\u2026 A la vez, es una obra de lucha, de paz y esperanza m\u00e1s all\u00e1 de la propia muerte.<\/span><\/p>\n<p><span style=\"color: #000000;\">MANU R<\/span><span style=\"color: #000000;\"><img decoding=\"async\" class=\" wp-image-15653 alignleft\" src=\"https:\/\/edicionesalfar.es\/es\/wp-content\/uploads\/2020\/01\/Primavera-2016-1-225x300.jpg\" alt=\"\" width=\"182\" height=\"194\" \/><\/span><span style=\"color: #000000;\">ODR\u00cdGUEZ naci\u00f3 en Sevilla en 1967. Es licenciado en Ciencias de la Comunicaci\u00f3n <\/span><span style=\"color: #000000;\">por la Universidad de Sevilla, realiz\u00f3 cursos de doctorado en Arhus (Dinamarca), <\/span><span style=\"color: #000000;\">Estudios Literarios en la Universidad de Edimburgo y Escritura Terap\u00e9utica (MSc in Creative <\/span><span style=\"color: #000000;\">Writing for Therapeutic Purposes-Middlesex University\/Metanoia Institute) en Londres. <\/span><span style=\"color: #000000;\">Escritor y articulista, tanto en espa\u00f1ol como en ingl\u00e9s, entre sus obras est\u00e1n<em> Leyenda adolescentes <\/em><\/span><span style=\"color: #000000;\"><em>(primeros cuentos de finales de siglo)<\/em>, <em>Llorando Palabras<\/em> (Celya, 2005), <em>Manual de Escritura <\/em><\/span><span style=\"color: #000000;\"><em>Curativa<\/em> (Almuzara, 2011), <em>La t\u00eda que quiero pasa de m\u00ed\u2026 y t\u00fa ri\u00e9ndote<\/em> (Dauro, 2012), <\/span><span style=\"color: #000000;\"><em>Crying Words<\/em> (Authorhouse, 2014), <em>Doce historias y un secreto<\/em> (\u00c9ride, 2015) y <em>Songs (Still!) <\/em><\/span><span style=\"color: #000000;\"><em>Waiting for a Rock Band<\/em> (Authorhouse, 2016). Desde 1987 ha trabajado en diversas ciudades espa\u00f1olas, colaborando <\/span><span style=\"color: #000000;\">para diferentes emisoras de radio, como la que fue Radio Cadena Espa\u00f1ola (en Tenerife) y Onda <\/span><span style=\"color: #000000;\">Cero (Sevilla), entre otras. En junio de 2008 cre\u00f3 la emisora musical Spanish Rock Shot.<\/span><br \/>\n<span style=\"color: #000000;\">Actualmente reside entre Edimburgo y Sevilla, combinando su quehacer radiof\u00f3nico y literario con la ense\u00f1anza <\/span><span style=\"color: #000000;\">de la Escritura Terap\u00e9utica.\u00a0<\/span><\/p>\n","protected":false},"excerpt":{"rendered":"<p>Historia de un joven sevillano que, hastiado de sus circunstancias, emigr\u00f3 y se asent\u00f3 en Edimburgo en el 2000, y que durante el relato nos lleva a Rosario (Argentina) en el 2004 donde viaja para reencontrarse con su Princesa, su gran amor.<\/p>\n","protected":false},"featured_media":15658,"comment_status":"closed","ping_status":"closed","template":"","meta":{"_acf_changed":false,"_et_pb_use_builder":"","_et_pb_old_content":"","_et_gb_content_width":""},"product_brand":[],"product_cat":[47],"product_tag":[173,172,100],"class_list":{"0":"post-15651","1":"product","2":"type-product","3":"status-publish","4":"has-post-thumbnail","6":"product_cat-otras-narrativas","7":"product_tag-amor","8":"product_tag-autobiografico","9":"product_tag-viaje","11":"first","12":"instock","13":"taxable","14":"shipping-taxable","15":"purchasable","16":"product-type-simple"},"acf":[],"yoast_head":"<!-- This site is optimized with the Yoast SEO plugin v27.4 - https:\/\/yoast.com\/product\/yoast-seo-wordpress\/ -->\n<title>Caminito que el tiempo ha borrado... - Ediciones Alfar<\/title>\n<meta name=\"robots\" content=\"index, follow, max-snippet:-1, max-image-preview:large, max-video-preview:-1\" \/>\n<link rel=\"canonical\" href=\"https:\/\/edicionesalfar.es\/es\/producto\/caminito-que-el-tiempo-ha-borrado\/\" \/>\n<meta property=\"og:locale\" content=\"es_ES\" \/>\n<meta property=\"og:type\" content=\"article\" \/>\n<meta property=\"og:title\" content=\"Caminito que el tiempo ha borrado... - Ediciones Alfar\" \/>\n<meta property=\"og:description\" content=\"Historia de un joven sevillano que, hastiado de sus circunstancias, emigr\u00f3 y se asent\u00f3 en Edimburgo en el 2000, y que durante el relato nos lleva a Rosario (Argentina) en el 2004 donde viaja para reencontrarse con su Princesa, su gran amor.\" \/>\n<meta property=\"og:url\" content=\"https:\/\/edicionesalfar.es\/es\/producto\/caminito-que-el-tiempo-ha-borrado\/\" \/>\n<meta property=\"og:site_name\" content=\"Ediciones Alfar\" \/>\n<meta property=\"article:modified_time\" content=\"2020-03-06T12:43:58+00:00\" \/>\n<meta property=\"og:image\" content=\"https:\/\/edicionesalfar.es\/es\/wp-content\/uploads\/2020\/01\/Mok-up-Caminito-web-3.jpg\" \/>\n\t<meta property=\"og:image:width\" content=\"567\" \/>\n\t<meta property=\"og:image:height\" content=\"850\" \/>\n\t<meta property=\"og:image:type\" content=\"image\/jpeg\" \/>\n<meta name=\"twitter:card\" content=\"summary_large_image\" \/>\n<meta name=\"twitter:label1\" content=\"Tiempo de lectura\" \/>\n\t<meta name=\"twitter:data1\" content=\"2 minutos\" \/>\n<script type=\"application\/ld+json\" class=\"yoast-schema-graph\">{\"@context\":\"https:\\\/\\\/schema.org\",\"@graph\":[{\"@type\":\"WebPage\",\"@id\":\"https:\\\/\\\/edicionesalfar.es\\\/es\\\/producto\\\/caminito-que-el-tiempo-ha-borrado\\\/\",\"url\":\"https:\\\/\\\/edicionesalfar.es\\\/es\\\/producto\\\/caminito-que-el-tiempo-ha-borrado\\\/\",\"name\":\"Caminito que el tiempo ha borrado... - Ediciones Alfar\",\"isPartOf\":{\"@id\":\"https:\\\/\\\/edicionesalfar.es\\\/es\\\/#website\"},\"primaryImageOfPage\":{\"@id\":\"https:\\\/\\\/edicionesalfar.es\\\/es\\\/producto\\\/caminito-que-el-tiempo-ha-borrado\\\/#primaryimage\"},\"image\":{\"@id\":\"https:\\\/\\\/edicionesalfar.es\\\/es\\\/producto\\\/caminito-que-el-tiempo-ha-borrado\\\/#primaryimage\"},\"thumbnailUrl\":\"https:\\\/\\\/edicionesalfar.es\\\/es\\\/wp-content\\\/uploads\\\/2020\\\/01\\\/Mok-up-Caminito-web-3.jpg\",\"datePublished\":\"2020-01-02T15:01:27+00:00\",\"dateModified\":\"2020-03-06T12:43:58+00:00\",\"breadcrumb\":{\"@id\":\"https:\\\/\\\/edicionesalfar.es\\\/es\\\/producto\\\/caminito-que-el-tiempo-ha-borrado\\\/#breadcrumb\"},\"inLanguage\":\"es\",\"potentialAction\":[{\"@type\":\"ReadAction\",\"target\":[\"https:\\\/\\\/edicionesalfar.es\\\/es\\\/producto\\\/caminito-que-el-tiempo-ha-borrado\\\/\"]}]},{\"@type\":\"ImageObject\",\"inLanguage\":\"es\",\"@id\":\"https:\\\/\\\/edicionesalfar.es\\\/es\\\/producto\\\/caminito-que-el-tiempo-ha-borrado\\\/#primaryimage\",\"url\":\"https:\\\/\\\/edicionesalfar.es\\\/es\\\/wp-content\\\/uploads\\\/2020\\\/01\\\/Mok-up-Caminito-web-3.jpg\",\"contentUrl\":\"https:\\\/\\\/edicionesalfar.es\\\/es\\\/wp-content\\\/uploads\\\/2020\\\/01\\\/Mok-up-Caminito-web-3.jpg\",\"width\":567,\"height\":850},{\"@type\":\"BreadcrumbList\",\"@id\":\"https:\\\/\\\/edicionesalfar.es\\\/es\\\/producto\\\/caminito-que-el-tiempo-ha-borrado\\\/#breadcrumb\",\"itemListElement\":[{\"@type\":\"ListItem\",\"position\":1,\"name\":\"Portada\",\"item\":\"https:\\\/\\\/edicionesalfar.es\\\/es\\\/\"},{\"@type\":\"ListItem\",\"position\":2,\"name\":\"Cat\u00e1logo\",\"item\":\"https:\\\/\\\/edicionesalfar.es\\\/es\\\/catalogo\\\/\"},{\"@type\":\"ListItem\",\"position\":3,\"name\":\"Caminito que el tiempo ha borrado&#8230;\"}]},{\"@type\":\"WebSite\",\"@id\":\"https:\\\/\\\/edicionesalfar.es\\\/es\\\/#website\",\"url\":\"https:\\\/\\\/edicionesalfar.es\\\/es\\\/\",\"name\":\"Ediciones Alfar\",\"description\":\"\",\"potentialAction\":[{\"@type\":\"SearchAction\",\"target\":{\"@type\":\"EntryPoint\",\"urlTemplate\":\"https:\\\/\\\/edicionesalfar.es\\\/es\\\/?s={search_term_string}\"},\"query-input\":{\"@type\":\"PropertyValueSpecification\",\"valueRequired\":true,\"valueName\":\"search_term_string\"}}],\"inLanguage\":\"es\"}]}<\/script>\n<!-- \/ Yoast SEO plugin. -->","yoast_head_json":{"title":"Caminito que el tiempo ha borrado... - Ediciones Alfar","robots":{"index":"index","follow":"follow","max-snippet":"max-snippet:-1","max-image-preview":"max-image-preview:large","max-video-preview":"max-video-preview:-1"},"canonical":"https:\/\/edicionesalfar.es\/es\/producto\/caminito-que-el-tiempo-ha-borrado\/","og_locale":"es_ES","og_type":"article","og_title":"Caminito que el tiempo ha borrado... - Ediciones Alfar","og_description":"Historia de un joven sevillano que, hastiado de sus circunstancias, emigr\u00f3 y se asent\u00f3 en Edimburgo en el 2000, y que durante el relato nos lleva a Rosario (Argentina) en el 2004 donde viaja para reencontrarse con su Princesa, su gran amor.","og_url":"https:\/\/edicionesalfar.es\/es\/producto\/caminito-que-el-tiempo-ha-borrado\/","og_site_name":"Ediciones Alfar","article_modified_time":"2020-03-06T12:43:58+00:00","og_image":[{"width":567,"height":850,"url":"https:\/\/edicionesalfar.es\/es\/wp-content\/uploads\/2020\/01\/Mok-up-Caminito-web-3.jpg","type":"image\/jpeg"}],"twitter_card":"summary_large_image","twitter_misc":{"Tiempo de lectura":"2 minutos"},"schema":{"@context":"https:\/\/schema.org","@graph":[{"@type":"WebPage","@id":"https:\/\/edicionesalfar.es\/es\/producto\/caminito-que-el-tiempo-ha-borrado\/","url":"https:\/\/edicionesalfar.es\/es\/producto\/caminito-que-el-tiempo-ha-borrado\/","name":"Caminito que el tiempo ha borrado... - Ediciones Alfar","isPartOf":{"@id":"https:\/\/edicionesalfar.es\/es\/#website"},"primaryImageOfPage":{"@id":"https:\/\/edicionesalfar.es\/es\/producto\/caminito-que-el-tiempo-ha-borrado\/#primaryimage"},"image":{"@id":"https:\/\/edicionesalfar.es\/es\/producto\/caminito-que-el-tiempo-ha-borrado\/#primaryimage"},"thumbnailUrl":"https:\/\/edicionesalfar.es\/es\/wp-content\/uploads\/2020\/01\/Mok-up-Caminito-web-3.jpg","datePublished":"2020-01-02T15:01:27+00:00","dateModified":"2020-03-06T12:43:58+00:00","breadcrumb":{"@id":"https:\/\/edicionesalfar.es\/es\/producto\/caminito-que-el-tiempo-ha-borrado\/#breadcrumb"},"inLanguage":"es","potentialAction":[{"@type":"ReadAction","target":["https:\/\/edicionesalfar.es\/es\/producto\/caminito-que-el-tiempo-ha-borrado\/"]}]},{"@type":"ImageObject","inLanguage":"es","@id":"https:\/\/edicionesalfar.es\/es\/producto\/caminito-que-el-tiempo-ha-borrado\/#primaryimage","url":"https:\/\/edicionesalfar.es\/es\/wp-content\/uploads\/2020\/01\/Mok-up-Caminito-web-3.jpg","contentUrl":"https:\/\/edicionesalfar.es\/es\/wp-content\/uploads\/2020\/01\/Mok-up-Caminito-web-3.jpg","width":567,"height":850},{"@type":"BreadcrumbList","@id":"https:\/\/edicionesalfar.es\/es\/producto\/caminito-que-el-tiempo-ha-borrado\/#breadcrumb","itemListElement":[{"@type":"ListItem","position":1,"name":"Portada","item":"https:\/\/edicionesalfar.es\/es\/"},{"@type":"ListItem","position":2,"name":"Cat\u00e1logo","item":"https:\/\/edicionesalfar.es\/es\/catalogo\/"},{"@type":"ListItem","position":3,"name":"Caminito que el tiempo ha borrado&#8230;"}]},{"@type":"WebSite","@id":"https:\/\/edicionesalfar.es\/es\/#website","url":"https:\/\/edicionesalfar.es\/es\/","name":"Ediciones Alfar","description":"","potentialAction":[{"@type":"SearchAction","target":{"@type":"EntryPoint","urlTemplate":"https:\/\/edicionesalfar.es\/es\/?s={search_term_string}"},"query-input":{"@type":"PropertyValueSpecification","valueRequired":true,"valueName":"search_term_string"}}],"inLanguage":"es"}]}},"_links":{"self":[{"href":"https:\/\/edicionesalfar.es\/es\/wp-json\/wp\/v2\/product\/15651","targetHints":{"allow":["GET"]}}],"collection":[{"href":"https:\/\/edicionesalfar.es\/es\/wp-json\/wp\/v2\/product"}],"about":[{"href":"https:\/\/edicionesalfar.es\/es\/wp-json\/wp\/v2\/types\/product"}],"replies":[{"embeddable":true,"href":"https:\/\/edicionesalfar.es\/es\/wp-json\/wp\/v2\/comments?post=15651"}],"wp:featuredmedia":[{"embeddable":true,"href":"https:\/\/edicionesalfar.es\/es\/wp-json\/wp\/v2\/media\/15658"}],"wp:attachment":[{"href":"https:\/\/edicionesalfar.es\/es\/wp-json\/wp\/v2\/media?parent=15651"}],"wp:term":[{"taxonomy":"product_brand","embeddable":true,"href":"https:\/\/edicionesalfar.es\/es\/wp-json\/wp\/v2\/product_brand?post=15651"},{"taxonomy":"product_cat","embeddable":true,"href":"https:\/\/edicionesalfar.es\/es\/wp-json\/wp\/v2\/product_cat?post=15651"},{"taxonomy":"product_tag","embeddable":true,"href":"https:\/\/edicionesalfar.es\/es\/wp-json\/wp\/v2\/product_tag?post=15651"}],"curies":[{"name":"wp","href":"https:\/\/api.w.org\/{rel}","templated":true}]}}