{"id":15471,"date":"2019-11-26T16:05:26","date_gmt":"2019-11-26T15:05:26","guid":{"rendered":"https:\/\/www.edicionesalfar.es\/es\/?post_type=product&#038;p=15471"},"modified":"2022-11-11T07:56:22","modified_gmt":"2022-11-11T06:56:22","slug":"economia-y-trabajo-las-bases-material-de-la-vida-en-al-andalus","status":"publish","type":"product","link":"https:\/\/edicionesalfar.es\/es\/producto\/economia-y-trabajo-las-bases-material-de-la-vida-en-al-andalus\/","title":{"rendered":"Econom\u00eda y trabajo. Las bases material de la vida en al-Andalus"},"content":{"rendered":"<p><span style=\"color: #000000;\">Esta obra colectiva aborda la cuesti\u00f3n econ\u00f3mica en al-Andalus como nexo de los diferentes <\/span><span style=\"color: #000000;\">estudios. Este tema, tradicionalmente relegado a un segundo plano, merece destacarse para <\/span><span style=\"color: #000000;\">comprender el devenir hist\u00f3rico de al-Andalus, pues la econom\u00eda lo impregna todo. Y esto en <\/span><span style=\"color: #000000;\">un sentido amplio, no considerando solamente las actividades productivas y comerciales, sino <\/span><span style=\"color: #000000;\">tambi\u00e9n las formas que tienen los colectivos de organizarse dentro de un contexto territorial <\/span><span style=\"color: #000000;\">o medioambiental, e incluso la arquitectura que desarrollan para poder vivir. Agricultura, ganader\u00eda, <\/span><span style=\"color: #000000;\">miner\u00eda, emisiones monetarias, cer\u00e1mica, vidrio, textiles, conforman aspectos clave <\/span><span style=\"color: #000000;\">para poder comprender la vida cotidiana en al-Andalus.<\/span><\/p>\n<p><span style=\"color: #000000;\">Los autores de esta monograf\u00eda son un conjunto de especialistas pertenecientes a diferentes <\/span><span style=\"color: #000000;\">instituciones universitarias y de investigaci\u00f3n, tanto nacionales como internacionales: <\/span><span style=\"color: #000000;\">Mar\u00eda Mercedes Delgado P\u00e9rez (Universidad de Sevilla), Luis-Gethseman\u00ed P\u00e9rez-Aguilar <\/span><span style=\"color: #000000;\">(IAM-CSIC), James L. Boone (University of New Mexico), J\u00e9r\u00f4me Ros (CNRS-ISEM), Sophie <\/span><span style=\"color: #000000;\">Gilotte (CNRS-Ciham), Philippe S\u00e9nac (Universit\u00e9 de Paris IV Sorbonne), S\u00e9bastien Gasc <\/span><span style=\"color: #000000;\">(CNRS-Universit\u00e9 d\u2019Orl\u00e9ans), Jordi Gibert (Universitat Aut\u00f2noma de Barcelona), Esteban <\/span><span style=\"color: #000000;\">Garc\u00eda-Vi\u00f1as (IAPH), Elo\u00edsa Bern\u00e1ldez S\u00e1nchez (IAPH), Juan Aurelio P\u00e9rez Mac\u00edas (Universidad <\/span><span style=\"color: #000000;\">de Huelva), Urbano L\u00f3pez Ruiz (Universidad de Sevilla), Susana G\u00f3mez Mart\u00ednez (Universidade <\/span><span style=\"color: #000000;\">de \u00c9vora y CAM-CEAACP), Chlo\u00eb N. Duckworth (Newcastle University), David J. <\/span><span style=\"color: #000000;\">Govantes-Edwards (Universidad de C\u00f3rdoba), \u00d3scar Gonz\u00e1lez Vergara (Universidad de Murcia) <\/span><span style=\"color: #000000;\">y Jos\u00e9 Ram\u00edrez del R\u00edo (Universidad de C\u00f3rdoba).<\/span><\/p>\n","protected":false},"excerpt":{"rendered":"<p><span style=\"color: #000000;\">Esta obra colectiva aborda la cuesti\u00f3n econ\u00f3mica en al-Andalus como nexo de los diferentes <\/span><span style=\"color: #000000;\">estudios de diferentes investigadores.<\/span><\/p>\n","protected":false},"featured_media":15632,"comment_status":"closed","ping_status":"closed","template":"","meta":{"_acf_changed":false,"_et_pb_use_builder":"","_et_pb_old_content":"","_et_gb_content_width":""},"product_brand":[],"product_cat":[20,376,528,23],"product_tag":[144,142,143],"class_list":{"0":"post-15471","1":"product","2":"type-product","3":"status-publish","4":"has-post-thumbnail","6":"product_cat-alfar-universidad","7":"product_cat-autores","8":"product_cat-delgado-perez-mercedes","9":"product_cat-estudios-mundo-arabe","10":"product_tag-al-andalus","11":"product_tag-economia","12":"product_tag-trabajo","14":"first","15":"instock","16":"taxable","17":"shipping-taxable","18":"purchasable","19":"product-type-simple"},"acf":[],"yoast_head":"<!-- This site is optimized with the Yoast SEO plugin v27.4 - https:\/\/yoast.com\/product\/yoast-seo-wordpress\/ -->\n<title>Econom\u00eda y trabajo. Las bases material de la vida en al-Andalus - Ediciones Alfar<\/title>\n<meta name=\"robots\" content=\"index, follow, max-snippet:-1, max-image-preview:large, max-video-preview:-1\" \/>\n<link rel=\"canonical\" href=\"https:\/\/edicionesalfar.es\/es\/producto\/economia-y-trabajo-las-bases-material-de-la-vida-en-al-andalus\/\" \/>\n<meta property=\"og:locale\" content=\"es_ES\" \/>\n<meta property=\"og:type\" content=\"article\" \/>\n<meta property=\"og:title\" content=\"Econom\u00eda y trabajo. Las bases material de la vida en al-Andalus - Ediciones Alfar\" \/>\n<meta property=\"og:description\" content=\"Esta obra colectiva aborda la cuesti\u00f3n econ\u00f3mica en al-Andalus como nexo de los diferentes estudios de diferentes investigadores.\" \/>\n<meta property=\"og:url\" content=\"https:\/\/edicionesalfar.es\/es\/producto\/economia-y-trabajo-las-bases-material-de-la-vida-en-al-andalus\/\" \/>\n<meta property=\"og:site_name\" content=\"Ediciones Alfar\" \/>\n<meta property=\"article:modified_time\" content=\"2022-11-11T06:56:22+00:00\" \/>\n<meta property=\"og:image\" content=\"https:\/\/edicionesalfar.es\/es\/wp-content\/uploads\/2019\/11\/Economia-y-trabajo-portada-previa-2-762x1024.jpg\" \/>\n\t<meta property=\"og:image:width\" content=\"762\" \/>\n\t<meta property=\"og:image:height\" content=\"1024\" \/>\n\t<meta property=\"og:image:type\" content=\"image\/jpeg\" \/>\n<meta name=\"twitter:card\" content=\"summary_large_image\" \/>\n<meta name=\"twitter:label1\" content=\"Tiempo de lectura\" \/>\n\t<meta name=\"twitter:data1\" content=\"1 minuto\" \/>\n<script type=\"application\/ld+json\" class=\"yoast-schema-graph\">{\"@context\":\"https:\\\/\\\/schema.org\",\"@graph\":[{\"@type\":\"WebPage\",\"@id\":\"https:\\\/\\\/edicionesalfar.es\\\/es\\\/producto\\\/economia-y-trabajo-las-bases-material-de-la-vida-en-al-andalus\\\/\",\"url\":\"https:\\\/\\\/edicionesalfar.es\\\/es\\\/producto\\\/economia-y-trabajo-las-bases-material-de-la-vida-en-al-andalus\\\/\",\"name\":\"Econom\u00eda y trabajo. Las bases material de la vida en al-Andalus - Ediciones Alfar\",\"isPartOf\":{\"@id\":\"https:\\\/\\\/edicionesalfar.es\\\/es\\\/#website\"},\"primaryImageOfPage\":{\"@id\":\"https:\\\/\\\/edicionesalfar.es\\\/es\\\/producto\\\/economia-y-trabajo-las-bases-material-de-la-vida-en-al-andalus\\\/#primaryimage\"},\"image\":{\"@id\":\"https:\\\/\\\/edicionesalfar.es\\\/es\\\/producto\\\/economia-y-trabajo-las-bases-material-de-la-vida-en-al-andalus\\\/#primaryimage\"},\"thumbnailUrl\":\"https:\\\/\\\/edicionesalfar.es\\\/es\\\/wp-content\\\/uploads\\\/2019\\\/11\\\/Economia-y-trabajo-portada-previa-2.jpg\",\"datePublished\":\"2019-11-26T15:05:26+00:00\",\"dateModified\":\"2022-11-11T06:56:22+00:00\",\"breadcrumb\":{\"@id\":\"https:\\\/\\\/edicionesalfar.es\\\/es\\\/producto\\\/economia-y-trabajo-las-bases-material-de-la-vida-en-al-andalus\\\/#breadcrumb\"},\"inLanguage\":\"es\",\"potentialAction\":[{\"@type\":\"ReadAction\",\"target\":[\"https:\\\/\\\/edicionesalfar.es\\\/es\\\/producto\\\/economia-y-trabajo-las-bases-material-de-la-vida-en-al-andalus\\\/\"]}]},{\"@type\":\"ImageObject\",\"inLanguage\":\"es\",\"@id\":\"https:\\\/\\\/edicionesalfar.es\\\/es\\\/producto\\\/economia-y-trabajo-las-bases-material-de-la-vida-en-al-andalus\\\/#primaryimage\",\"url\":\"https:\\\/\\\/edicionesalfar.es\\\/es\\\/wp-content\\\/uploads\\\/2019\\\/11\\\/Economia-y-trabajo-portada-previa-2.jpg\",\"contentUrl\":\"https:\\\/\\\/edicionesalfar.es\\\/es\\\/wp-content\\\/uploads\\\/2019\\\/11\\\/Economia-y-trabajo-portada-previa-2.jpg\",\"width\":1840,\"height\":2473},{\"@type\":\"BreadcrumbList\",\"@id\":\"https:\\\/\\\/edicionesalfar.es\\\/es\\\/producto\\\/economia-y-trabajo-las-bases-material-de-la-vida-en-al-andalus\\\/#breadcrumb\",\"itemListElement\":[{\"@type\":\"ListItem\",\"position\":1,\"name\":\"Portada\",\"item\":\"https:\\\/\\\/edicionesalfar.es\\\/es\\\/\"},{\"@type\":\"ListItem\",\"position\":2,\"name\":\"Cat\u00e1logo\",\"item\":\"https:\\\/\\\/edicionesalfar.es\\\/es\\\/catalogo\\\/\"},{\"@type\":\"ListItem\",\"position\":3,\"name\":\"Econom\u00eda y trabajo. Las bases material de la vida en al-Andalus\"}]},{\"@type\":\"WebSite\",\"@id\":\"https:\\\/\\\/edicionesalfar.es\\\/es\\\/#website\",\"url\":\"https:\\\/\\\/edicionesalfar.es\\\/es\\\/\",\"name\":\"Ediciones Alfar\",\"description\":\"\",\"potentialAction\":[{\"@type\":\"SearchAction\",\"target\":{\"@type\":\"EntryPoint\",\"urlTemplate\":\"https:\\\/\\\/edicionesalfar.es\\\/es\\\/?s={search_term_string}\"},\"query-input\":{\"@type\":\"PropertyValueSpecification\",\"valueRequired\":true,\"valueName\":\"search_term_string\"}}],\"inLanguage\":\"es\"}]}<\/script>\n<!-- \/ Yoast SEO plugin. -->","yoast_head_json":{"title":"Econom\u00eda y trabajo. Las bases material de la vida en al-Andalus - Ediciones Alfar","robots":{"index":"index","follow":"follow","max-snippet":"max-snippet:-1","max-image-preview":"max-image-preview:large","max-video-preview":"max-video-preview:-1"},"canonical":"https:\/\/edicionesalfar.es\/es\/producto\/economia-y-trabajo-las-bases-material-de-la-vida-en-al-andalus\/","og_locale":"es_ES","og_type":"article","og_title":"Econom\u00eda y trabajo. Las bases material de la vida en al-Andalus - Ediciones Alfar","og_description":"Esta obra colectiva aborda la cuesti\u00f3n econ\u00f3mica en al-Andalus como nexo de los diferentes estudios de diferentes investigadores.","og_url":"https:\/\/edicionesalfar.es\/es\/producto\/economia-y-trabajo-las-bases-material-de-la-vida-en-al-andalus\/","og_site_name":"Ediciones Alfar","article_modified_time":"2022-11-11T06:56:22+00:00","og_image":[{"width":762,"height":1024,"url":"https:\/\/edicionesalfar.es\/es\/wp-content\/uploads\/2019\/11\/Economia-y-trabajo-portada-previa-2-762x1024.jpg","type":"image\/jpeg"}],"twitter_card":"summary_large_image","twitter_misc":{"Tiempo de lectura":"1 minuto"},"schema":{"@context":"https:\/\/schema.org","@graph":[{"@type":"WebPage","@id":"https:\/\/edicionesalfar.es\/es\/producto\/economia-y-trabajo-las-bases-material-de-la-vida-en-al-andalus\/","url":"https:\/\/edicionesalfar.es\/es\/producto\/economia-y-trabajo-las-bases-material-de-la-vida-en-al-andalus\/","name":"Econom\u00eda y trabajo. Las bases material de la vida en al-Andalus - Ediciones Alfar","isPartOf":{"@id":"https:\/\/edicionesalfar.es\/es\/#website"},"primaryImageOfPage":{"@id":"https:\/\/edicionesalfar.es\/es\/producto\/economia-y-trabajo-las-bases-material-de-la-vida-en-al-andalus\/#primaryimage"},"image":{"@id":"https:\/\/edicionesalfar.es\/es\/producto\/economia-y-trabajo-las-bases-material-de-la-vida-en-al-andalus\/#primaryimage"},"thumbnailUrl":"https:\/\/edicionesalfar.es\/es\/wp-content\/uploads\/2019\/11\/Economia-y-trabajo-portada-previa-2.jpg","datePublished":"2019-11-26T15:05:26+00:00","dateModified":"2022-11-11T06:56:22+00:00","breadcrumb":{"@id":"https:\/\/edicionesalfar.es\/es\/producto\/economia-y-trabajo-las-bases-material-de-la-vida-en-al-andalus\/#breadcrumb"},"inLanguage":"es","potentialAction":[{"@type":"ReadAction","target":["https:\/\/edicionesalfar.es\/es\/producto\/economia-y-trabajo-las-bases-material-de-la-vida-en-al-andalus\/"]}]},{"@type":"ImageObject","inLanguage":"es","@id":"https:\/\/edicionesalfar.es\/es\/producto\/economia-y-trabajo-las-bases-material-de-la-vida-en-al-andalus\/#primaryimage","url":"https:\/\/edicionesalfar.es\/es\/wp-content\/uploads\/2019\/11\/Economia-y-trabajo-portada-previa-2.jpg","contentUrl":"https:\/\/edicionesalfar.es\/es\/wp-content\/uploads\/2019\/11\/Economia-y-trabajo-portada-previa-2.jpg","width":1840,"height":2473},{"@type":"BreadcrumbList","@id":"https:\/\/edicionesalfar.es\/es\/producto\/economia-y-trabajo-las-bases-material-de-la-vida-en-al-andalus\/#breadcrumb","itemListElement":[{"@type":"ListItem","position":1,"name":"Portada","item":"https:\/\/edicionesalfar.es\/es\/"},{"@type":"ListItem","position":2,"name":"Cat\u00e1logo","item":"https:\/\/edicionesalfar.es\/es\/catalogo\/"},{"@type":"ListItem","position":3,"name":"Econom\u00eda y trabajo. Las bases material de la vida en al-Andalus"}]},{"@type":"WebSite","@id":"https:\/\/edicionesalfar.es\/es\/#website","url":"https:\/\/edicionesalfar.es\/es\/","name":"Ediciones Alfar","description":"","potentialAction":[{"@type":"SearchAction","target":{"@type":"EntryPoint","urlTemplate":"https:\/\/edicionesalfar.es\/es\/?s={search_term_string}"},"query-input":{"@type":"PropertyValueSpecification","valueRequired":true,"valueName":"search_term_string"}}],"inLanguage":"es"}]}},"_links":{"self":[{"href":"https:\/\/edicionesalfar.es\/es\/wp-json\/wp\/v2\/product\/15471","targetHints":{"allow":["GET"]}}],"collection":[{"href":"https:\/\/edicionesalfar.es\/es\/wp-json\/wp\/v2\/product"}],"about":[{"href":"https:\/\/edicionesalfar.es\/es\/wp-json\/wp\/v2\/types\/product"}],"replies":[{"embeddable":true,"href":"https:\/\/edicionesalfar.es\/es\/wp-json\/wp\/v2\/comments?post=15471"}],"wp:featuredmedia":[{"embeddable":true,"href":"https:\/\/edicionesalfar.es\/es\/wp-json\/wp\/v2\/media\/15632"}],"wp:attachment":[{"href":"https:\/\/edicionesalfar.es\/es\/wp-json\/wp\/v2\/media?parent=15471"}],"wp:term":[{"taxonomy":"product_brand","embeddable":true,"href":"https:\/\/edicionesalfar.es\/es\/wp-json\/wp\/v2\/product_brand?post=15471"},{"taxonomy":"product_cat","embeddable":true,"href":"https:\/\/edicionesalfar.es\/es\/wp-json\/wp\/v2\/product_cat?post=15471"},{"taxonomy":"product_tag","embeddable":true,"href":"https:\/\/edicionesalfar.es\/es\/wp-json\/wp\/v2\/product_tag?post=15471"}],"curies":[{"name":"wp","href":"https:\/\/api.w.org\/{rel}","templated":true}]}}