{"id":15430,"date":"2019-11-19T16:48:40","date_gmt":"2019-11-19T15:48:40","guid":{"rendered":"https:\/\/www.edicionesalfar.es\/es\/?post_type=product&#038;p=15430"},"modified":"2024-02-19T09:47:43","modified_gmt":"2024-02-19T08:47:43","slug":"nuestros-guisos-cometelo","status":"publish","type":"product","link":"https:\/\/edicionesalfar.es\/es\/producto\/nuestros-guisos-cometelo\/","title":{"rendered":"Nuestros Guisos. C\u00f3metelo"},"content":{"rendered":"<p><span style=\"color: #000000;\">Garbanzos, alubias, lentejas, sopas, guisos, \u201cmajaos\u201d, estofados, arroces, <\/span><span style=\"color: #000000;\">sofritos, cazuelas&#8230; aut\u00e9ntico cuchareo y del bueno es lo que pueden <\/span><span style=\"color: #000000;\">encontrar en estas p\u00e1ginas.<\/span><\/p>\n<p><span style=\"color: #000000;\">Elaboraciones y platos donde el cocinero Enrique S\u00e1nchez, a trav\u00e9s del <\/span><span style=\"color: #000000;\">popular programa \u201cC\u00f3metelo\u201d de Canal Sur Televisi\u00f3n rinde un profundo <\/span><span style=\"color: #000000;\">y honesto homenaje a los sabores tradicionales de siempre. Recetas <\/span><span style=\"color: #000000;\">sin secretos, con la sencillez por bandera, a fuego lento, haciendo un <\/span><span style=\"color: #000000;\">amplio recorrido por la despensa andaluza y llevando ante los fogones <\/span><span style=\"color: #000000;\">los platos calientes que han marcado \u00e9poca en nuestra gastronom\u00eda.<\/span><\/p>\n<p><span style=\"color: #000000;\">El mundo de los buenos guisos al alcance de todos los amantes de la <\/span><span style=\"color: #000000;\">cocina, principiantes o expertos, que podr\u00e1n disfrutar elaborando primero <\/span><span style=\"color: #000000;\">y reba\u00f1ando despu\u00e9s, las recetas propuestas por el cocinero.<\/span><\/p>\n<p><img decoding=\"async\" class=\"size-medium wp-image-15431 alignleft\" style=\"color: #000000;\" src=\"https:\/\/edicionesalfar.es\/es\/wp-content\/uploads\/2019\/11\/LAURALEON_ES_guisos_008-213x300.jpg\" alt=\"\" width=\"213\" height=\"300\" srcset=\"https:\/\/edicionesalfar.es\/es\/wp-content\/uploads\/2019\/11\/LAURALEON_ES_guisos_008-213x300.jpg 213w, https:\/\/edicionesalfar.es\/es\/wp-content\/uploads\/2019\/11\/LAURALEON_ES_guisos_008-300x423.jpg 300w, https:\/\/edicionesalfar.es\/es\/wp-content\/uploads\/2019\/11\/LAURALEON_ES_guisos_008-200x282.jpg 200w, https:\/\/edicionesalfar.es\/es\/wp-content\/uploads\/2019\/11\/LAURALEON_ES_guisos_008.jpg 591w\" sizes=\"(max-width: 213px) 100vw, 213px\" \/><\/p>\n<p><span style=\"color: #000000;\">Sevillano de nacimiento y malague\u00f1o de adopci\u00f3n, cambia la <\/span><span style=\"color: #000000;\">Facultad de Medicina por su gran pasi\u00f3n: la cocina.<\/span><\/p>\n<p><span style=\"color: #000000;\">Tras finalizar sus e<\/span><span style=\"color: #000000;\">studios en la Escuela Superior de Hosteler\u00eda <\/span><span style=\"color: #000000;\">de Sevilla, inicia un largo camino de aprendizaje en <\/span><span style=\"color: #000000;\">reconocidos y prestigiosos restaurantes dentro y fuera de <\/span><span style=\"color: #000000;\">nuestras fronteras. Pa\u00edses como Estados Unidos, Jap\u00f3n, M\u00e9xico, <\/span><span style=\"color: #000000;\">Portugal, Italia, Rusia o Rep\u00fablica Dominicana han <\/span><span style=\"color: #000000;\">sido testigos de sus a\u00f1os de formaci\u00f3n en los fogones.<\/span><\/p>\n<p>&nbsp;<\/p>\n<p><span style=\"color: #000000;\">Tres chefs marcan de manera especial su vida profesional:<\/span><br \/>\n<span style=\"color: #000000;\">&#8211; Fulvio Pierangellini, del restaurante Gambero Rosso, en <\/span><span style=\"color: #000000;\">Italia.<\/span><br \/>\n<span style=\"color: #000000;\">&#8211; Josu Zubikarai, de La Taberna del Alabardero, en EE. UU.<\/span><br \/>\n<span style=\"color: #000000;\">&#8211; Santi Santamar\u00eda, del restaurante Can Fabes, en Espa\u00f1a.<\/span><\/p>\n<p><span style=\"color: #000000;\">En 2010 deja su funci\u00f3n como profesor en la Escuela de <\/span><span style=\"color: #000000;\">Hosteler\u00eda de Sevilla para dar el salto a la televisi\u00f3n. A\u00f1os <\/span><span style=\"color: #000000;\">en los cuales \u201cC\u00f3metelo\u201d se ha convertido en un aut\u00e9ntico <\/span><span style=\"color: #000000;\">referente de los programas de cocina en televisi\u00f3n. <\/span><span style=\"color: #000000;\">Autor de varios libros convertidos en top-ventas, presentador <\/span><span style=\"color: #000000;\">de televisi\u00f3n (La B\u00e1scula, Objetivo Chimborazo, El <\/span><span style=\"color: #000000;\">gusto es Nuestro, Cocina con Clan, Menuda Noche), ha recorrido <\/span><span style=\"color: #000000;\">m\u00e1s de 15 pa\u00edses con ponencias y demostraciones <\/span><span style=\"color: #000000;\">gastron\u00f3micas, siempre en defensa y promoci\u00f3n de Andaluc\u00eda <\/span><span style=\"color: #000000;\">y su despensa.<\/span><\/p>\n<p><span style=\"color: #000000;\">Actualmente compagina su faceta televisiva con un peque\u00f1o <\/span><span style=\"color: #000000;\">catering y colaboraciones solidarias con diferentes entidades <\/span><span style=\"color: #000000;\">y fundaciones.<\/span><\/p>\n","protected":false},"excerpt":{"rendered":"<p><span style=\"color: #000000;\">Cuarto libro del conocido programa de televisi\u00f3n \u00abC\u00f3metelo\u00bb. Garbanzos, alubias, lentejas, sopas, guisos, \u201cmajaos\u201d, estofados, arroces, sofritos, cazuelas&#8230; aut\u00e9ntico <\/span><span style=\"color: #000000;\">cuchareo y del bueno es lo que pueden encontrar en estas p\u00e1ginas.<\/span><br \/>\n<span style=\"color: #000000;\">Elaboraciones y platos donde el cocinero Enrique S\u00e1nchez <\/span><span style=\"color: #000000;\">rinde un profundo y honesto homenaje a los sabores tradicionales <\/span><span style=\"color: #000000;\">de siempre. Recetas sin secretos, con la sencillez por bandera, a fuego lento, haciendo un amplio <\/span><span style=\"color: #000000;\">recorrido por la despensa andaluza y llevando ante los fogones los platos calientes que han marcado <\/span><span style=\"color: #000000;\">\u00e9poca en nuestra gastronom\u00eda.<\/span><\/p>\n","protected":false},"featured_media":15613,"comment_status":"closed","ping_status":"closed","template":"","meta":{"_acf_changed":false,"_et_pb_use_builder":"","_et_pb_old_content":"","_et_gb_content_width":""},"product_brand":[],"product_cat":[376,43,521],"product_tag":[133,132,131,134,130],"class_list":{"0":"post-15430","1":"product","2":"type-product","3":"status-publish","4":"has-post-thumbnail","6":"product_cat-autores","7":"product_cat-gastronomia-salud","8":"product_cat-sanchez-enrique","9":"product_tag-canal-sur","10":"product_tag-cometelo","11":"product_tag-enrique-sanchez","12":"product_tag-guisos","13":"product_tag-recetas","15":"first","16":"instock","17":"taxable","18":"shipping-taxable","19":"purchasable","20":"product-type-simple"},"acf":[],"yoast_head":"<!-- This site is optimized with the Yoast SEO plugin v27.3 - https:\/\/yoast.com\/product\/yoast-seo-wordpress\/ -->\n<title>Nuestros Guisos. C\u00f3metelo - Ediciones Alfar<\/title>\n<meta name=\"robots\" content=\"index, follow, max-snippet:-1, max-image-preview:large, max-video-preview:-1\" \/>\n<link rel=\"canonical\" href=\"https:\/\/edicionesalfar.es\/es\/producto\/nuestros-guisos-cometelo\/\" \/>\n<meta property=\"og:locale\" content=\"es_ES\" \/>\n<meta property=\"og:type\" content=\"article\" \/>\n<meta property=\"og:title\" content=\"Nuestros Guisos. C\u00f3metelo - Ediciones Alfar\" \/>\n<meta property=\"og:description\" content=\"Cuarto libro del conocido programa de televisi\u00f3n &quot;C\u00f3metelo&quot;. Garbanzos, alubias, lentejas, sopas, guisos, \u201cmajaos\u201d, estofados, arroces, sofritos, cazuelas... aut\u00e9ntico cuchareo y del bueno es lo que pueden encontrar en estas p\u00e1ginas. Elaboraciones y platos donde el cocinero Enrique S\u00e1nchez rinde un profundo y honesto homenaje a los sabores tradicionales de siempre. Recetas sin secretos, con la sencillez por bandera, a fuego lento, haciendo un amplio recorrido por la despensa andaluza y llevando ante los fogones los platos calientes que han marcado \u00e9poca en nuestra gastronom\u00eda.\" \/>\n<meta property=\"og:url\" content=\"https:\/\/edicionesalfar.es\/es\/producto\/nuestros-guisos-cometelo\/\" \/>\n<meta property=\"og:site_name\" content=\"Ediciones Alfar\" \/>\n<meta property=\"article:modified_time\" content=\"2024-02-19T08:47:43+00:00\" \/>\n<meta property=\"og:image\" content=\"https:\/\/edicionesalfar.es\/es\/wp-content\/uploads\/2019\/11\/Mokup-Guisos-SENCILLO-previa-5-e1577113946751.jpg\" \/>\n\t<meta property=\"og:image:width\" content=\"1147\" \/>\n\t<meta property=\"og:image:height\" content=\"1689\" \/>\n\t<meta property=\"og:image:type\" content=\"image\/jpeg\" \/>\n<meta name=\"twitter:card\" content=\"summary_large_image\" \/>\n<meta name=\"twitter:label1\" content=\"Tiempo de lectura\" \/>\n\t<meta name=\"twitter:data1\" content=\"2 minutos\" \/>\n<script type=\"application\/ld+json\" class=\"yoast-schema-graph\">{\"@context\":\"https:\\\/\\\/schema.org\",\"@graph\":[{\"@type\":\"WebPage\",\"@id\":\"https:\\\/\\\/edicionesalfar.es\\\/es\\\/producto\\\/nuestros-guisos-cometelo\\\/\",\"url\":\"https:\\\/\\\/edicionesalfar.es\\\/es\\\/producto\\\/nuestros-guisos-cometelo\\\/\",\"name\":\"Nuestros Guisos. C\u00f3metelo - Ediciones Alfar\",\"isPartOf\":{\"@id\":\"https:\\\/\\\/edicionesalfar.es\\\/es\\\/#website\"},\"primaryImageOfPage\":{\"@id\":\"https:\\\/\\\/edicionesalfar.es\\\/es\\\/producto\\\/nuestros-guisos-cometelo\\\/#primaryimage\"},\"image\":{\"@id\":\"https:\\\/\\\/edicionesalfar.es\\\/es\\\/producto\\\/nuestros-guisos-cometelo\\\/#primaryimage\"},\"thumbnailUrl\":\"https:\\\/\\\/edicionesalfar.es\\\/es\\\/wp-content\\\/uploads\\\/2019\\\/11\\\/Mokup-Guisos-SENCILLO-previa-5-e1577113946751.jpg\",\"datePublished\":\"2019-11-19T15:48:40+00:00\",\"dateModified\":\"2024-02-19T08:47:43+00:00\",\"breadcrumb\":{\"@id\":\"https:\\\/\\\/edicionesalfar.es\\\/es\\\/producto\\\/nuestros-guisos-cometelo\\\/#breadcrumb\"},\"inLanguage\":\"es\",\"potentialAction\":[{\"@type\":\"ReadAction\",\"target\":[\"https:\\\/\\\/edicionesalfar.es\\\/es\\\/producto\\\/nuestros-guisos-cometelo\\\/\"]}]},{\"@type\":\"ImageObject\",\"inLanguage\":\"es\",\"@id\":\"https:\\\/\\\/edicionesalfar.es\\\/es\\\/producto\\\/nuestros-guisos-cometelo\\\/#primaryimage\",\"url\":\"https:\\\/\\\/edicionesalfar.es\\\/es\\\/wp-content\\\/uploads\\\/2019\\\/11\\\/Mokup-Guisos-SENCILLO-previa-5-e1577113946751.jpg\",\"contentUrl\":\"https:\\\/\\\/edicionesalfar.es\\\/es\\\/wp-content\\\/uploads\\\/2019\\\/11\\\/Mokup-Guisos-SENCILLO-previa-5-e1577113946751.jpg\",\"width\":1147,\"height\":1689},{\"@type\":\"BreadcrumbList\",\"@id\":\"https:\\\/\\\/edicionesalfar.es\\\/es\\\/producto\\\/nuestros-guisos-cometelo\\\/#breadcrumb\",\"itemListElement\":[{\"@type\":\"ListItem\",\"position\":1,\"name\":\"Portada\",\"item\":\"https:\\\/\\\/edicionesalfar.es\\\/es\\\/\"},{\"@type\":\"ListItem\",\"position\":2,\"name\":\"Cat\u00e1logo\",\"item\":\"https:\\\/\\\/edicionesalfar.es\\\/es\\\/catalogo\\\/\"},{\"@type\":\"ListItem\",\"position\":3,\"name\":\"Nuestros Guisos. C\u00f3metelo\"}]},{\"@type\":\"WebSite\",\"@id\":\"https:\\\/\\\/edicionesalfar.es\\\/es\\\/#website\",\"url\":\"https:\\\/\\\/edicionesalfar.es\\\/es\\\/\",\"name\":\"Ediciones Alfar\",\"description\":\"\",\"potentialAction\":[{\"@type\":\"SearchAction\",\"target\":{\"@type\":\"EntryPoint\",\"urlTemplate\":\"https:\\\/\\\/edicionesalfar.es\\\/es\\\/?s={search_term_string}\"},\"query-input\":{\"@type\":\"PropertyValueSpecification\",\"valueRequired\":true,\"valueName\":\"search_term_string\"}}],\"inLanguage\":\"es\"}]}<\/script>\n<!-- \/ Yoast SEO plugin. -->","yoast_head_json":{"title":"Nuestros Guisos. C\u00f3metelo - Ediciones Alfar","robots":{"index":"index","follow":"follow","max-snippet":"max-snippet:-1","max-image-preview":"max-image-preview:large","max-video-preview":"max-video-preview:-1"},"canonical":"https:\/\/edicionesalfar.es\/es\/producto\/nuestros-guisos-cometelo\/","og_locale":"es_ES","og_type":"article","og_title":"Nuestros Guisos. C\u00f3metelo - Ediciones Alfar","og_description":"Cuarto libro del conocido programa de televisi\u00f3n \"C\u00f3metelo\". Garbanzos, alubias, lentejas, sopas, guisos, \u201cmajaos\u201d, estofados, arroces, sofritos, cazuelas... aut\u00e9ntico cuchareo y del bueno es lo que pueden encontrar en estas p\u00e1ginas. Elaboraciones y platos donde el cocinero Enrique S\u00e1nchez rinde un profundo y honesto homenaje a los sabores tradicionales de siempre. Recetas sin secretos, con la sencillez por bandera, a fuego lento, haciendo un amplio recorrido por la despensa andaluza y llevando ante los fogones los platos calientes que han marcado \u00e9poca en nuestra gastronom\u00eda.","og_url":"https:\/\/edicionesalfar.es\/es\/producto\/nuestros-guisos-cometelo\/","og_site_name":"Ediciones Alfar","article_modified_time":"2024-02-19T08:47:43+00:00","og_image":[{"width":1147,"height":1689,"url":"https:\/\/edicionesalfar.es\/es\/wp-content\/uploads\/2019\/11\/Mokup-Guisos-SENCILLO-previa-5-e1577113946751.jpg","type":"image\/jpeg"}],"twitter_card":"summary_large_image","twitter_misc":{"Tiempo de lectura":"2 minutos"},"schema":{"@context":"https:\/\/schema.org","@graph":[{"@type":"WebPage","@id":"https:\/\/edicionesalfar.es\/es\/producto\/nuestros-guisos-cometelo\/","url":"https:\/\/edicionesalfar.es\/es\/producto\/nuestros-guisos-cometelo\/","name":"Nuestros Guisos. C\u00f3metelo - Ediciones Alfar","isPartOf":{"@id":"https:\/\/edicionesalfar.es\/es\/#website"},"primaryImageOfPage":{"@id":"https:\/\/edicionesalfar.es\/es\/producto\/nuestros-guisos-cometelo\/#primaryimage"},"image":{"@id":"https:\/\/edicionesalfar.es\/es\/producto\/nuestros-guisos-cometelo\/#primaryimage"},"thumbnailUrl":"https:\/\/edicionesalfar.es\/es\/wp-content\/uploads\/2019\/11\/Mokup-Guisos-SENCILLO-previa-5-e1577113946751.jpg","datePublished":"2019-11-19T15:48:40+00:00","dateModified":"2024-02-19T08:47:43+00:00","breadcrumb":{"@id":"https:\/\/edicionesalfar.es\/es\/producto\/nuestros-guisos-cometelo\/#breadcrumb"},"inLanguage":"es","potentialAction":[{"@type":"ReadAction","target":["https:\/\/edicionesalfar.es\/es\/producto\/nuestros-guisos-cometelo\/"]}]},{"@type":"ImageObject","inLanguage":"es","@id":"https:\/\/edicionesalfar.es\/es\/producto\/nuestros-guisos-cometelo\/#primaryimage","url":"https:\/\/edicionesalfar.es\/es\/wp-content\/uploads\/2019\/11\/Mokup-Guisos-SENCILLO-previa-5-e1577113946751.jpg","contentUrl":"https:\/\/edicionesalfar.es\/es\/wp-content\/uploads\/2019\/11\/Mokup-Guisos-SENCILLO-previa-5-e1577113946751.jpg","width":1147,"height":1689},{"@type":"BreadcrumbList","@id":"https:\/\/edicionesalfar.es\/es\/producto\/nuestros-guisos-cometelo\/#breadcrumb","itemListElement":[{"@type":"ListItem","position":1,"name":"Portada","item":"https:\/\/edicionesalfar.es\/es\/"},{"@type":"ListItem","position":2,"name":"Cat\u00e1logo","item":"https:\/\/edicionesalfar.es\/es\/catalogo\/"},{"@type":"ListItem","position":3,"name":"Nuestros Guisos. C\u00f3metelo"}]},{"@type":"WebSite","@id":"https:\/\/edicionesalfar.es\/es\/#website","url":"https:\/\/edicionesalfar.es\/es\/","name":"Ediciones Alfar","description":"","potentialAction":[{"@type":"SearchAction","target":{"@type":"EntryPoint","urlTemplate":"https:\/\/edicionesalfar.es\/es\/?s={search_term_string}"},"query-input":{"@type":"PropertyValueSpecification","valueRequired":true,"valueName":"search_term_string"}}],"inLanguage":"es"}]}},"_links":{"self":[{"href":"https:\/\/edicionesalfar.es\/es\/wp-json\/wp\/v2\/product\/15430","targetHints":{"allow":["GET"]}}],"collection":[{"href":"https:\/\/edicionesalfar.es\/es\/wp-json\/wp\/v2\/product"}],"about":[{"href":"https:\/\/edicionesalfar.es\/es\/wp-json\/wp\/v2\/types\/product"}],"replies":[{"embeddable":true,"href":"https:\/\/edicionesalfar.es\/es\/wp-json\/wp\/v2\/comments?post=15430"}],"wp:featuredmedia":[{"embeddable":true,"href":"https:\/\/edicionesalfar.es\/es\/wp-json\/wp\/v2\/media\/15613"}],"wp:attachment":[{"href":"https:\/\/edicionesalfar.es\/es\/wp-json\/wp\/v2\/media?parent=15430"}],"wp:term":[{"taxonomy":"product_brand","embeddable":true,"href":"https:\/\/edicionesalfar.es\/es\/wp-json\/wp\/v2\/product_brand?post=15430"},{"taxonomy":"product_cat","embeddable":true,"href":"https:\/\/edicionesalfar.es\/es\/wp-json\/wp\/v2\/product_cat?post=15430"},{"taxonomy":"product_tag","embeddable":true,"href":"https:\/\/edicionesalfar.es\/es\/wp-json\/wp\/v2\/product_tag?post=15430"}],"curies":[{"name":"wp","href":"https:\/\/api.w.org\/{rel}","templated":true}]}}