{"id":15338,"date":"2019-10-29T13:03:03","date_gmt":"2019-10-29T12:03:03","guid":{"rendered":"https:\/\/www.edicionesalfar.es\/es\/?post_type=product&#038;p=15338"},"modified":"2022-07-21T10:42:30","modified_gmt":"2022-07-21T08:42:30","slug":"para-seguir-viviendo-2","status":"publish","type":"product","link":"https:\/\/edicionesalfar.es\/es\/producto\/para-seguir-viviendo-2\/","title":{"rendered":"Para seguir viviendo"},"content":{"rendered":"<p><span style=\"color: #000000;\"><em>Para seguir viviendo<\/em> es un poemario donde se tejen con maestr\u00eda los asuntos cotidianos de la vida <\/span><span style=\"color: #000000;\">en un lenguaje aparentemente sencillo. El verso nace sin estridencias y cae, por su propio peso, sin <\/span><span style=\"color: #000000;\">necesidad de adornos excesivos. Entre sus p\u00e1ginas se dan cita el amor, la memoria, la nostalgia de <\/span><span style=\"color: #000000;\">la infancia, la melancol\u00eda y el recuerdo, el inevitable transcurrir del tiempo y una visi\u00f3n de futuro <\/span><span style=\"color: #000000;\">abierta a la esperanza.<\/span><\/p>\n<p><span style=\"color: #000000;\">Jos\u00e9 Manuel Begines Hormigo maneja perfectamente el ritmo del verso y muestra una clara preferencia <\/span><span style=\"color: #000000;\">por el endecas\u00edlabo y el heptas\u00edlabo. Aunque en la mayor\u00eda de las ocasiones no emplea la <\/span><span style=\"color: #000000;\">rima, se atreve tambi\u00e9n con estrofas tan exigentes como el soneto.<\/span><\/p>\n<p><img decoding=\"async\" class=\"alignnone wp-image-15339\" src=\"https:\/\/edicionesalfar.es\/es\/wp-content\/uploads\/2019\/10\/Jose-Manuel-297x300.jpg\" alt=\"\" width=\"156\" height=\"157\" srcset=\"https:\/\/edicionesalfar.es\/es\/wp-content\/uploads\/2019\/10\/Jose-Manuel-297x300.jpg 297w, https:\/\/edicionesalfar.es\/es\/wp-content\/uploads\/2019\/10\/Jose-Manuel-300x303.jpg 300w, https:\/\/edicionesalfar.es\/es\/wp-content\/uploads\/2019\/10\/Jose-Manuel-100x100.jpg 100w, https:\/\/edicionesalfar.es\/es\/wp-content\/uploads\/2019\/10\/Jose-Manuel-600x607.jpg 600w, https:\/\/edicionesalfar.es\/es\/wp-content\/uploads\/2019\/10\/Jose-Manuel-150x150.jpg 150w, https:\/\/edicionesalfar.es\/es\/wp-content\/uploads\/2019\/10\/Jose-Manuel-768x776.jpg 768w, https:\/\/edicionesalfar.es\/es\/wp-content\/uploads\/2019\/10\/Jose-Manuel.jpg 827w\" sizes=\"(max-width: 156px) 100vw, 156px\" \/><\/p>\n","protected":false},"excerpt":{"rendered":"<p><span style=\"color: #000000;\"><em>Para seguir viviendo<\/em> es un poemario donde se tejen con maestr\u00eda los asuntos cotidianos de la vida <\/span><span style=\"color: #000000;\">en un lenguaje aparentemente sencillo. El verso nace sin estridencias y cae, por su propio peso, sin <\/span><span style=\"color: #000000;\">necesidad de adornos excesivos.<\/span><\/p>\n","protected":false},"featured_media":15340,"comment_status":"closed","ping_status":"closed","template":"","meta":{"_acf_changed":false,"_et_pb_use_builder":"","_et_pb_old_content":"","_et_gb_content_width":""},"product_brand":[],"product_cat":[376,465,48],"product_tag":[119,117,118],"class_list":{"0":"post-15338","1":"product","2":"type-product","3":"status-publish","4":"has-post-thumbnail","6":"product_cat-autores","7":"product_cat-begines-hormigo-jose-manuel","8":"product_cat-otras-poesias","9":"product_tag-emocion","10":"product_tag-poesia","11":"product_tag-vida","13":"first","14":"instock","15":"taxable","16":"shipping-taxable","17":"purchasable","18":"product-type-simple"},"acf":[],"yoast_head":"<!-- This site is optimized with the Yoast SEO plugin v27.5 - https:\/\/yoast.com\/product\/yoast-seo-wordpress\/ -->\n<title>Para seguir viviendo - Ediciones Alfar<\/title>\n<meta name=\"robots\" content=\"index, follow, max-snippet:-1, max-image-preview:large, max-video-preview:-1\" \/>\n<link rel=\"canonical\" href=\"https:\/\/edicionesalfar.es\/es\/producto\/para-seguir-viviendo-2\/\" \/>\n<meta property=\"og:locale\" content=\"es_ES\" \/>\n<meta property=\"og:type\" content=\"article\" \/>\n<meta property=\"og:title\" content=\"Para seguir viviendo - Ediciones Alfar\" \/>\n<meta property=\"og:description\" content=\"Para seguir viviendo es un poemario donde se tejen con maestr\u00eda los asuntos cotidianos de la vida en un lenguaje aparentemente sencillo. El verso nace sin estridencias y cae, por su propio peso, sin necesidad de adornos excesivos.\" \/>\n<meta property=\"og:url\" content=\"https:\/\/edicionesalfar.es\/es\/producto\/para-seguir-viviendo-2\/\" \/>\n<meta property=\"og:site_name\" content=\"Ediciones Alfar\" \/>\n<meta property=\"article:modified_time\" content=\"2022-07-21T08:42:30+00:00\" \/>\n<meta property=\"og:image\" content=\"https:\/\/edicionesalfar.es\/es\/wp-content\/uploads\/2019\/10\/Para-seguir-viviendo-web.jpg\" \/>\n\t<meta property=\"og:image:width\" content=\"822\" \/>\n\t<meta property=\"og:image:height\" content=\"971\" \/>\n\t<meta property=\"og:image:type\" content=\"image\/jpeg\" \/>\n<meta name=\"twitter:card\" content=\"summary_large_image\" \/>\n<meta name=\"twitter:label1\" content=\"Tiempo de lectura\" \/>\n\t<meta name=\"twitter:data1\" content=\"1 minuto\" \/>\n<script type=\"application\/ld+json\" class=\"yoast-schema-graph\">{\"@context\":\"https:\\\/\\\/schema.org\",\"@graph\":[{\"@type\":\"WebPage\",\"@id\":\"https:\\\/\\\/edicionesalfar.es\\\/es\\\/producto\\\/para-seguir-viviendo-2\\\/\",\"url\":\"https:\\\/\\\/edicionesalfar.es\\\/es\\\/producto\\\/para-seguir-viviendo-2\\\/\",\"name\":\"Para seguir viviendo - Ediciones Alfar\",\"isPartOf\":{\"@id\":\"https:\\\/\\\/edicionesalfar.es\\\/es\\\/#website\"},\"primaryImageOfPage\":{\"@id\":\"https:\\\/\\\/edicionesalfar.es\\\/es\\\/producto\\\/para-seguir-viviendo-2\\\/#primaryimage\"},\"image\":{\"@id\":\"https:\\\/\\\/edicionesalfar.es\\\/es\\\/producto\\\/para-seguir-viviendo-2\\\/#primaryimage\"},\"thumbnailUrl\":\"https:\\\/\\\/edicionesalfar.es\\\/es\\\/wp-content\\\/uploads\\\/2019\\\/10\\\/Para-seguir-viviendo-web.jpg\",\"datePublished\":\"2019-10-29T12:03:03+00:00\",\"dateModified\":\"2022-07-21T08:42:30+00:00\",\"breadcrumb\":{\"@id\":\"https:\\\/\\\/edicionesalfar.es\\\/es\\\/producto\\\/para-seguir-viviendo-2\\\/#breadcrumb\"},\"inLanguage\":\"es\",\"potentialAction\":[{\"@type\":\"ReadAction\",\"target\":[\"https:\\\/\\\/edicionesalfar.es\\\/es\\\/producto\\\/para-seguir-viviendo-2\\\/\"]}]},{\"@type\":\"ImageObject\",\"inLanguage\":\"es\",\"@id\":\"https:\\\/\\\/edicionesalfar.es\\\/es\\\/producto\\\/para-seguir-viviendo-2\\\/#primaryimage\",\"url\":\"https:\\\/\\\/edicionesalfar.es\\\/es\\\/wp-content\\\/uploads\\\/2019\\\/10\\\/Para-seguir-viviendo-web.jpg\",\"contentUrl\":\"https:\\\/\\\/edicionesalfar.es\\\/es\\\/wp-content\\\/uploads\\\/2019\\\/10\\\/Para-seguir-viviendo-web.jpg\",\"width\":822,\"height\":971},{\"@type\":\"BreadcrumbList\",\"@id\":\"https:\\\/\\\/edicionesalfar.es\\\/es\\\/producto\\\/para-seguir-viviendo-2\\\/#breadcrumb\",\"itemListElement\":[{\"@type\":\"ListItem\",\"position\":1,\"name\":\"Portada\",\"item\":\"https:\\\/\\\/edicionesalfar.es\\\/es\\\/\"},{\"@type\":\"ListItem\",\"position\":2,\"name\":\"Cat\u00e1logo\",\"item\":\"https:\\\/\\\/edicionesalfar.es\\\/es\\\/catalogo\\\/\"},{\"@type\":\"ListItem\",\"position\":3,\"name\":\"Para seguir viviendo\"}]},{\"@type\":\"WebSite\",\"@id\":\"https:\\\/\\\/edicionesalfar.es\\\/es\\\/#website\",\"url\":\"https:\\\/\\\/edicionesalfar.es\\\/es\\\/\",\"name\":\"Ediciones Alfar\",\"description\":\"\",\"potentialAction\":[{\"@type\":\"SearchAction\",\"target\":{\"@type\":\"EntryPoint\",\"urlTemplate\":\"https:\\\/\\\/edicionesalfar.es\\\/es\\\/?s={search_term_string}\"},\"query-input\":{\"@type\":\"PropertyValueSpecification\",\"valueRequired\":true,\"valueName\":\"search_term_string\"}}],\"inLanguage\":\"es\"}]}<\/script>\n<!-- \/ Yoast SEO plugin. -->","yoast_head_json":{"title":"Para seguir viviendo - Ediciones Alfar","robots":{"index":"index","follow":"follow","max-snippet":"max-snippet:-1","max-image-preview":"max-image-preview:large","max-video-preview":"max-video-preview:-1"},"canonical":"https:\/\/edicionesalfar.es\/es\/producto\/para-seguir-viviendo-2\/","og_locale":"es_ES","og_type":"article","og_title":"Para seguir viviendo - Ediciones Alfar","og_description":"Para seguir viviendo es un poemario donde se tejen con maestr\u00eda los asuntos cotidianos de la vida en un lenguaje aparentemente sencillo. El verso nace sin estridencias y cae, por su propio peso, sin necesidad de adornos excesivos.","og_url":"https:\/\/edicionesalfar.es\/es\/producto\/para-seguir-viviendo-2\/","og_site_name":"Ediciones Alfar","article_modified_time":"2022-07-21T08:42:30+00:00","og_image":[{"width":822,"height":971,"url":"https:\/\/edicionesalfar.es\/es\/wp-content\/uploads\/2019\/10\/Para-seguir-viviendo-web.jpg","type":"image\/jpeg"}],"twitter_card":"summary_large_image","twitter_misc":{"Tiempo de lectura":"1 minuto"},"schema":{"@context":"https:\/\/schema.org","@graph":[{"@type":"WebPage","@id":"https:\/\/edicionesalfar.es\/es\/producto\/para-seguir-viviendo-2\/","url":"https:\/\/edicionesalfar.es\/es\/producto\/para-seguir-viviendo-2\/","name":"Para seguir viviendo - Ediciones Alfar","isPartOf":{"@id":"https:\/\/edicionesalfar.es\/es\/#website"},"primaryImageOfPage":{"@id":"https:\/\/edicionesalfar.es\/es\/producto\/para-seguir-viviendo-2\/#primaryimage"},"image":{"@id":"https:\/\/edicionesalfar.es\/es\/producto\/para-seguir-viviendo-2\/#primaryimage"},"thumbnailUrl":"https:\/\/edicionesalfar.es\/es\/wp-content\/uploads\/2019\/10\/Para-seguir-viviendo-web.jpg","datePublished":"2019-10-29T12:03:03+00:00","dateModified":"2022-07-21T08:42:30+00:00","breadcrumb":{"@id":"https:\/\/edicionesalfar.es\/es\/producto\/para-seguir-viviendo-2\/#breadcrumb"},"inLanguage":"es","potentialAction":[{"@type":"ReadAction","target":["https:\/\/edicionesalfar.es\/es\/producto\/para-seguir-viviendo-2\/"]}]},{"@type":"ImageObject","inLanguage":"es","@id":"https:\/\/edicionesalfar.es\/es\/producto\/para-seguir-viviendo-2\/#primaryimage","url":"https:\/\/edicionesalfar.es\/es\/wp-content\/uploads\/2019\/10\/Para-seguir-viviendo-web.jpg","contentUrl":"https:\/\/edicionesalfar.es\/es\/wp-content\/uploads\/2019\/10\/Para-seguir-viviendo-web.jpg","width":822,"height":971},{"@type":"BreadcrumbList","@id":"https:\/\/edicionesalfar.es\/es\/producto\/para-seguir-viviendo-2\/#breadcrumb","itemListElement":[{"@type":"ListItem","position":1,"name":"Portada","item":"https:\/\/edicionesalfar.es\/es\/"},{"@type":"ListItem","position":2,"name":"Cat\u00e1logo","item":"https:\/\/edicionesalfar.es\/es\/catalogo\/"},{"@type":"ListItem","position":3,"name":"Para seguir viviendo"}]},{"@type":"WebSite","@id":"https:\/\/edicionesalfar.es\/es\/#website","url":"https:\/\/edicionesalfar.es\/es\/","name":"Ediciones Alfar","description":"","potentialAction":[{"@type":"SearchAction","target":{"@type":"EntryPoint","urlTemplate":"https:\/\/edicionesalfar.es\/es\/?s={search_term_string}"},"query-input":{"@type":"PropertyValueSpecification","valueRequired":true,"valueName":"search_term_string"}}],"inLanguage":"es"}]}},"_links":{"self":[{"href":"https:\/\/edicionesalfar.es\/es\/wp-json\/wp\/v2\/product\/15338","targetHints":{"allow":["GET"]}}],"collection":[{"href":"https:\/\/edicionesalfar.es\/es\/wp-json\/wp\/v2\/product"}],"about":[{"href":"https:\/\/edicionesalfar.es\/es\/wp-json\/wp\/v2\/types\/product"}],"replies":[{"embeddable":true,"href":"https:\/\/edicionesalfar.es\/es\/wp-json\/wp\/v2\/comments?post=15338"}],"wp:featuredmedia":[{"embeddable":true,"href":"https:\/\/edicionesalfar.es\/es\/wp-json\/wp\/v2\/media\/15340"}],"wp:attachment":[{"href":"https:\/\/edicionesalfar.es\/es\/wp-json\/wp\/v2\/media?parent=15338"}],"wp:term":[{"taxonomy":"product_brand","embeddable":true,"href":"https:\/\/edicionesalfar.es\/es\/wp-json\/wp\/v2\/product_brand?post=15338"},{"taxonomy":"product_cat","embeddable":true,"href":"https:\/\/edicionesalfar.es\/es\/wp-json\/wp\/v2\/product_cat?post=15338"},{"taxonomy":"product_tag","embeddable":true,"href":"https:\/\/edicionesalfar.es\/es\/wp-json\/wp\/v2\/product_tag?post=15338"}],"curies":[{"name":"wp","href":"https:\/\/api.w.org\/{rel}","templated":true}]}}