{"id":15248,"date":"2019-10-04T14:30:03","date_gmt":"2019-10-04T12:30:03","guid":{"rendered":"https:\/\/www.edicionesalfar.es\/es\/?post_type=product&#038;p=15248"},"modified":"2020-11-26T09:36:03","modified_gmt":"2020-11-26T08:36:03","slug":"doce-v","status":"publish","type":"product","link":"https:\/\/edicionesalfar.es\/es\/producto\/doce-v\/","title":{"rendered":"Doce V"},"content":{"rendered":"<p><span style=\"color: #000000;\">La noche del 11 de enero de 1933, un contingente de guardias de asalto se dirig\u00edan hacia Casas Viejas <\/span><span style=\"color: #000000;\">para sofocar una revuelta anarquista. Uno de los autobuses que trasladaban a los guardias de asalto <\/span><span style=\"color: #000000;\">sufre un accidente a 7 kil\u00f3metros de la localidad de destino. Los guardias fueron reubicados y el <\/span><span style=\"color: #000000;\">autob\u00fas qued\u00f3 abandonado a su suerte.<\/span><br \/>\n<span style=\"color: #000000;\">Cincuenta y seis a\u00f1os despu\u00e9s, el agente del CESID (Centro Superior de Informaci\u00f3n de la Defensa), <\/span><span style=\"color: #000000;\">Mart\u00edn M\u00e1lcomer llega a Benalup de Sidonia (Casas Viejas) con una misi\u00f3n muy concreta, buscar <\/span><span style=\"color: #000000;\">unos documentos que quedaron ocultos en el autob\u00fas siniestrado hace m\u00e1s de cinco d\u00e9cadas, y <\/span><span style=\"color: #000000;\">que, seg\u00fan la informaci\u00f3n que maneja, debe estar oculto en cualquier parte del pueblo. Dichos <\/span><span style=\"color: #000000;\">documentos podr\u00edan, no solo cambiar la historia de un pueblo y sus habitantes, sino que adem\u00e1s <\/span><span style=\"color: #000000;\">cambiar\u00e1n la historia del agente M\u00e1lcomer y su familia.<\/span><\/p>\n<p><span style=\"color: #000000;\">Miguel \u00c1ngel Moreno Cortabarra nace en Benalup-Casas Viejas, en 1977. Licenciado <\/span><span style=\"color: #000000;\">en Filolog\u00eda Inglesa (Universidad de C\u00e1diz).<\/span><br \/>\n<span style=\"color: #000000;\">Ha dirigido varios med<\/span><img decoding=\"async\" class=\"wp-image-15249 alignleft\" src=\"https:\/\/edicionesalfar.es\/es\/wp-content\/uploads\/2019\/10\/foto_docev-300x291.jpg\" alt=\"\" width=\"220\" height=\"167\" \/><span style=\"color: #000000;\">ios digitales como el portal literario conplumaypapel.<\/span><span style=\"color: #000000;\">com o el blog de tecnolog\u00eda lablackberry.com. Adem\u00e1s ha trabajado durante <\/span><span style=\"color: #000000;\">cuatro a\u00f1os para el blog oficial de Vodafone, smartblog.es. Desde mayo de 2019 <\/span><span style=\"color: #000000;\">dirige el peri\u00f3dico digital de Benalup-Casas Viejas, La Libertaria <\/span><span style=\"color: #000000;\">Informaci\u00f3n.<\/span><\/p>\n<p><span style=\"color: #000000;\">Doce V es su primera novela, una historia con ra\u00edces del pueblo que le vio nacer, <\/span><span style=\"color: #000000;\">pero que abarca lazos de sentimientos naturales de cualquier lector, la amistad, el amor, el miedo, <\/span><span style=\"color: #000000;\">Doce V representa la libertad de escoger tu propia historia.<\/span><\/p>\n","protected":false},"excerpt":{"rendered":"<p><span style=\"color: #000000;\">Primera novela del escritor gaditano Miguel \u00c1ngel Moreno. El autor nos lleva a Benalup-Casas Viejas, en dos \u00e9pocas; 1933 y 1989. Historia, anarquismo, misterio, investigaci\u00f3n&#8230; todo en esta magn\u00edfica obra en la que el agente M\u00e1lcomer nos sorprender\u00e1 con sus investigaciones.\u00a0<\/span><\/p>\n<p>&nbsp;<\/p>\n","protected":false},"featured_media":15301,"comment_status":"closed","ping_status":"closed","template":"","meta":{"_acf_changed":false,"_et_pb_use_builder":"","_et_pb_old_content":"","_et_gb_content_width":""},"product_brand":[],"product_cat":[29],"product_tag":[94,93,95,96],"class_list":{"0":"post-15248","1":"product","2":"type-product","3":"status-publish","4":"has-post-thumbnail","6":"product_cat-narrativa","7":"product_tag-anarquismo","8":"product_tag-casas-viejas","9":"product_tag-intriga","10":"product_tag-investigacion","12":"first","13":"instock","14":"taxable","15":"shipping-taxable","16":"purchasable","17":"product-type-simple"},"acf":[],"yoast_head":"<!-- This site is optimized with the Yoast SEO plugin v27.4 - https:\/\/yoast.com\/product\/yoast-seo-wordpress\/ -->\n<title>Doce V - Ediciones Alfar<\/title>\n<meta name=\"robots\" content=\"index, follow, max-snippet:-1, max-image-preview:large, max-video-preview:-1\" \/>\n<link rel=\"canonical\" href=\"https:\/\/edicionesalfar.es\/es\/producto\/doce-v\/\" \/>\n<meta property=\"og:locale\" content=\"es_ES\" \/>\n<meta property=\"og:type\" content=\"article\" \/>\n<meta property=\"og:title\" content=\"Doce V - Ediciones Alfar\" \/>\n<meta property=\"og:description\" content=\"Primera novela del escritor gaditano Miguel \u00c1ngel Moreno. El autor nos lleva a Benalup-Casas Viejas, en dos \u00e9pocas; 1933 y 1989. Historia, anarquismo, misterio, investigaci\u00f3n... todo en esta magn\u00edfica obra en la que el agente M\u00e1lcomer nos sorprender\u00e1 con sus investigaciones.\u00a0  &nbsp;\" \/>\n<meta property=\"og:url\" content=\"https:\/\/edicionesalfar.es\/es\/producto\/doce-v\/\" \/>\n<meta property=\"og:site_name\" content=\"Ediciones Alfar\" \/>\n<meta property=\"article:modified_time\" content=\"2020-11-26T08:36:03+00:00\" \/>\n<meta property=\"og:image\" content=\"https:\/\/edicionesalfar.es\/es\/wp-content\/uploads\/2019\/10\/Doce-V-previa-2.jpg\" \/>\n\t<meta property=\"og:image:width\" content=\"305\" \/>\n\t<meta property=\"og:image:height\" content=\"529\" \/>\n\t<meta property=\"og:image:type\" content=\"image\/jpeg\" \/>\n<meta name=\"twitter:card\" content=\"summary_large_image\" \/>\n<meta name=\"twitter:label1\" content=\"Tiempo de lectura\" \/>\n\t<meta name=\"twitter:data1\" content=\"1 minuto\" \/>\n<script type=\"application\/ld+json\" class=\"yoast-schema-graph\">{\"@context\":\"https:\\\/\\\/schema.org\",\"@graph\":[{\"@type\":\"WebPage\",\"@id\":\"https:\\\/\\\/edicionesalfar.es\\\/es\\\/producto\\\/doce-v\\\/\",\"url\":\"https:\\\/\\\/edicionesalfar.es\\\/es\\\/producto\\\/doce-v\\\/\",\"name\":\"Doce V - Ediciones Alfar\",\"isPartOf\":{\"@id\":\"https:\\\/\\\/edicionesalfar.es\\\/es\\\/#website\"},\"primaryImageOfPage\":{\"@id\":\"https:\\\/\\\/edicionesalfar.es\\\/es\\\/producto\\\/doce-v\\\/#primaryimage\"},\"image\":{\"@id\":\"https:\\\/\\\/edicionesalfar.es\\\/es\\\/producto\\\/doce-v\\\/#primaryimage\"},\"thumbnailUrl\":\"https:\\\/\\\/edicionesalfar.es\\\/es\\\/wp-content\\\/uploads\\\/2019\\\/10\\\/Doce-V-previa-2.jpg\",\"datePublished\":\"2019-10-04T12:30:03+00:00\",\"dateModified\":\"2020-11-26T08:36:03+00:00\",\"breadcrumb\":{\"@id\":\"https:\\\/\\\/edicionesalfar.es\\\/es\\\/producto\\\/doce-v\\\/#breadcrumb\"},\"inLanguage\":\"es\",\"potentialAction\":[{\"@type\":\"ReadAction\",\"target\":[\"https:\\\/\\\/edicionesalfar.es\\\/es\\\/producto\\\/doce-v\\\/\"]}]},{\"@type\":\"ImageObject\",\"inLanguage\":\"es\",\"@id\":\"https:\\\/\\\/edicionesalfar.es\\\/es\\\/producto\\\/doce-v\\\/#primaryimage\",\"url\":\"https:\\\/\\\/edicionesalfar.es\\\/es\\\/wp-content\\\/uploads\\\/2019\\\/10\\\/Doce-V-previa-2.jpg\",\"contentUrl\":\"https:\\\/\\\/edicionesalfar.es\\\/es\\\/wp-content\\\/uploads\\\/2019\\\/10\\\/Doce-V-previa-2.jpg\",\"width\":305,\"height\":529},{\"@type\":\"BreadcrumbList\",\"@id\":\"https:\\\/\\\/edicionesalfar.es\\\/es\\\/producto\\\/doce-v\\\/#breadcrumb\",\"itemListElement\":[{\"@type\":\"ListItem\",\"position\":1,\"name\":\"Portada\",\"item\":\"https:\\\/\\\/edicionesalfar.es\\\/es\\\/\"},{\"@type\":\"ListItem\",\"position\":2,\"name\":\"Cat\u00e1logo\",\"item\":\"https:\\\/\\\/edicionesalfar.es\\\/es\\\/catalogo\\\/\"},{\"@type\":\"ListItem\",\"position\":3,\"name\":\"Doce V\"}]},{\"@type\":\"WebSite\",\"@id\":\"https:\\\/\\\/edicionesalfar.es\\\/es\\\/#website\",\"url\":\"https:\\\/\\\/edicionesalfar.es\\\/es\\\/\",\"name\":\"Ediciones Alfar\",\"description\":\"\",\"potentialAction\":[{\"@type\":\"SearchAction\",\"target\":{\"@type\":\"EntryPoint\",\"urlTemplate\":\"https:\\\/\\\/edicionesalfar.es\\\/es\\\/?s={search_term_string}\"},\"query-input\":{\"@type\":\"PropertyValueSpecification\",\"valueRequired\":true,\"valueName\":\"search_term_string\"}}],\"inLanguage\":\"es\"}]}<\/script>\n<!-- \/ Yoast SEO plugin. -->","yoast_head_json":{"title":"Doce V - Ediciones Alfar","robots":{"index":"index","follow":"follow","max-snippet":"max-snippet:-1","max-image-preview":"max-image-preview:large","max-video-preview":"max-video-preview:-1"},"canonical":"https:\/\/edicionesalfar.es\/es\/producto\/doce-v\/","og_locale":"es_ES","og_type":"article","og_title":"Doce V - Ediciones Alfar","og_description":"Primera novela del escritor gaditano Miguel \u00c1ngel Moreno. El autor nos lleva a Benalup-Casas Viejas, en dos \u00e9pocas; 1933 y 1989. Historia, anarquismo, misterio, investigaci\u00f3n... todo en esta magn\u00edfica obra en la que el agente M\u00e1lcomer nos sorprender\u00e1 con sus investigaciones.\u00a0  &nbsp;","og_url":"https:\/\/edicionesalfar.es\/es\/producto\/doce-v\/","og_site_name":"Ediciones Alfar","article_modified_time":"2020-11-26T08:36:03+00:00","og_image":[{"width":305,"height":529,"url":"https:\/\/edicionesalfar.es\/es\/wp-content\/uploads\/2019\/10\/Doce-V-previa-2.jpg","type":"image\/jpeg"}],"twitter_card":"summary_large_image","twitter_misc":{"Tiempo de lectura":"1 minuto"},"schema":{"@context":"https:\/\/schema.org","@graph":[{"@type":"WebPage","@id":"https:\/\/edicionesalfar.es\/es\/producto\/doce-v\/","url":"https:\/\/edicionesalfar.es\/es\/producto\/doce-v\/","name":"Doce V - Ediciones Alfar","isPartOf":{"@id":"https:\/\/edicionesalfar.es\/es\/#website"},"primaryImageOfPage":{"@id":"https:\/\/edicionesalfar.es\/es\/producto\/doce-v\/#primaryimage"},"image":{"@id":"https:\/\/edicionesalfar.es\/es\/producto\/doce-v\/#primaryimage"},"thumbnailUrl":"https:\/\/edicionesalfar.es\/es\/wp-content\/uploads\/2019\/10\/Doce-V-previa-2.jpg","datePublished":"2019-10-04T12:30:03+00:00","dateModified":"2020-11-26T08:36:03+00:00","breadcrumb":{"@id":"https:\/\/edicionesalfar.es\/es\/producto\/doce-v\/#breadcrumb"},"inLanguage":"es","potentialAction":[{"@type":"ReadAction","target":["https:\/\/edicionesalfar.es\/es\/producto\/doce-v\/"]}]},{"@type":"ImageObject","inLanguage":"es","@id":"https:\/\/edicionesalfar.es\/es\/producto\/doce-v\/#primaryimage","url":"https:\/\/edicionesalfar.es\/es\/wp-content\/uploads\/2019\/10\/Doce-V-previa-2.jpg","contentUrl":"https:\/\/edicionesalfar.es\/es\/wp-content\/uploads\/2019\/10\/Doce-V-previa-2.jpg","width":305,"height":529},{"@type":"BreadcrumbList","@id":"https:\/\/edicionesalfar.es\/es\/producto\/doce-v\/#breadcrumb","itemListElement":[{"@type":"ListItem","position":1,"name":"Portada","item":"https:\/\/edicionesalfar.es\/es\/"},{"@type":"ListItem","position":2,"name":"Cat\u00e1logo","item":"https:\/\/edicionesalfar.es\/es\/catalogo\/"},{"@type":"ListItem","position":3,"name":"Doce V"}]},{"@type":"WebSite","@id":"https:\/\/edicionesalfar.es\/es\/#website","url":"https:\/\/edicionesalfar.es\/es\/","name":"Ediciones Alfar","description":"","potentialAction":[{"@type":"SearchAction","target":{"@type":"EntryPoint","urlTemplate":"https:\/\/edicionesalfar.es\/es\/?s={search_term_string}"},"query-input":{"@type":"PropertyValueSpecification","valueRequired":true,"valueName":"search_term_string"}}],"inLanguage":"es"}]}},"_links":{"self":[{"href":"https:\/\/edicionesalfar.es\/es\/wp-json\/wp\/v2\/product\/15248","targetHints":{"allow":["GET"]}}],"collection":[{"href":"https:\/\/edicionesalfar.es\/es\/wp-json\/wp\/v2\/product"}],"about":[{"href":"https:\/\/edicionesalfar.es\/es\/wp-json\/wp\/v2\/types\/product"}],"replies":[{"embeddable":true,"href":"https:\/\/edicionesalfar.es\/es\/wp-json\/wp\/v2\/comments?post=15248"}],"wp:featuredmedia":[{"embeddable":true,"href":"https:\/\/edicionesalfar.es\/es\/wp-json\/wp\/v2\/media\/15301"}],"wp:attachment":[{"href":"https:\/\/edicionesalfar.es\/es\/wp-json\/wp\/v2\/media?parent=15248"}],"wp:term":[{"taxonomy":"product_brand","embeddable":true,"href":"https:\/\/edicionesalfar.es\/es\/wp-json\/wp\/v2\/product_brand?post=15248"},{"taxonomy":"product_cat","embeddable":true,"href":"https:\/\/edicionesalfar.es\/es\/wp-json\/wp\/v2\/product_cat?post=15248"},{"taxonomy":"product_tag","embeddable":true,"href":"https:\/\/edicionesalfar.es\/es\/wp-json\/wp\/v2\/product_tag?post=15248"}],"curies":[{"name":"wp","href":"https:\/\/api.w.org\/{rel}","templated":true}]}}