{"id":15173,"date":"2019-09-26T14:10:24","date_gmt":"2019-09-26T12:10:24","guid":{"rendered":"https:\/\/www.edicionesalfar.es\/es\/?post_type=product&#038;p=15173"},"modified":"2020-04-01T08:19:35","modified_gmt":"2020-04-01T06:19:35","slug":"nacida-libre","status":"publish","type":"product","link":"https:\/\/edicionesalfar.es\/es\/producto\/nacida-libre\/","title":{"rendered":"Nacida Libre"},"content":{"rendered":"<p>[et_pb_section bb_built=\u00bb1&#8243;][et_pb_row][et_pb_column type=\u00bb4_4&#8243;][et_pb_text _builder_version=\u00bb3.22.7&#8243;]<\/p>\n<p><strong>Autora: <\/strong>Minerva Piquero<\/p>\n<p><strong>T\u00edtulo:<\/strong> <em>Nacida Libre<\/em><\/p>\n<p><strong>Colecci\u00f3n:<\/strong> Otras Narrativas<\/p>\n<p><strong>P\u00e1ginas:<\/strong> 334 p\u00e1ginas <strong>Formato:<\/strong> 150 x 210 mms <strong>Encuadernaci\u00f3n:<\/strong> R\u00fastica con solapas<\/p>\n<p><strong>I.S.B.N.:<\/strong> 978-84-7898-825-9 <strong>Dep.Leg.:<\/strong> SE-1458-2019<\/p>\n<p><strong>C\u00f3digo IBIC:<\/strong> FA<\/p>\n<p><strong>Fecha de publicaci\u00f3n:<\/strong> octubre de 2019<\/p>\n<p><strong>P.V.P.:<\/strong> 16,95 euros (16,29 euros sin IVA)<\/p>\n<p><strong>PALABRAS-CLAVE:<\/strong> sexualidad; liberaci\u00f3n; poder; mujer, feminismo<\/p>\n<p><strong>CONTENIDO:<\/strong> Primera novela de presentadora de televisi\u00f3n Minerva Piquero.<\/p>\n<p>Cora necesita reinventarse para salir del pozo en el que se ve inmersa tras la inesperada ruptura con el amor de su vida.<\/p>\n<p>El sexo se convertir\u00e1 en el rito de iniciaci\u00f3n hacia su nueva identidad, un mundo desconocido don\u00adde experimentar, reencontrarse y perdonar.<\/p>\n<p>Valentina llega a Espa\u00f1a huyendo de un oscuro secreto y un pasado traum\u00e1tico; necesita renacer para encontrar su sitio en el mundo. La vida no es f\u00e1cil para una joven transexual extranjera.<\/p>\n<p>Las dos protagonistas de <em>Nacida Libre<\/em>, aun siendo de mundos tan distintos y alejados, coinciden en un momento crucial para ambas en el que deben recorrer un camino de autoconocimiento dejando atr\u00e1s la traici\u00f3n y la venganza.<\/p>\n<p>Las circunstancias en las que se encuentran hacen que crezca entre ellas una profunda amistad y la fuerza necesaria para entender que, a pesar de todo, ellas nacieron libres.<\/p>\n<p><strong>AUTORA:<\/strong> Minerva Piquero (Agosto, M\u00e9xico, 1967). Licenciada en Periodismo en la Ari\u00adzona State University (USA).<\/p>\n<p>En los noventa se dio a conocer en televisi\u00f3n como la chica del tiempo, dedic\u00e1n\u00addose veinte a\u00f1os a presentar, dirigir, escribir y producir programas de televisi\u00f3n. En 2002 fund\u00f3 su propia agencia de comunicaci\u00f3n corporativa, y desde 2012 es directora de Comunicaci\u00f3n y Relaciones P\u00fablicas en una agencia de medios multinacional. Vive en Madrid con sus dos hijos.<\/p>\n<p><em>Nacida Libre <\/em>es su primera novela.<\/p>\n<p>[\/et_pb_text][\/et_pb_column][\/et_pb_row][\/et_pb_section]<\/p>\n","protected":false},"excerpt":{"rendered":"<p>Primera novela de presentadora de televisi\u00f3n Minerva Piquero.<img decoding=\"async\" class=\" wp-image-15185 alignright\" src=\"https:\/\/edicionesalfar.es\/es\/wp-content\/uploads\/2019\/09\/IMG_1138-245x300.jpg\" alt=\"\" width=\"138\" height=\"192\" \/><\/p>\n<p><em>Nacida Libre<\/em> es un grito de guerra.<br \/>\nUn manifiesto de dos palabras.<br \/>\nLa biblia del alma cuando le crecen las alas.<br \/>\nEs el golpe de viento que te eleva en mitad de la tormenta.<br \/>\nEs algo que no se puede<br \/>\ncambiar, porque es mi alma.<\/p>\n","protected":false},"featured_media":15327,"comment_status":"closed","ping_status":"closed","template":"","meta":{"_acf_changed":false,"_et_pb_use_builder":"on","_et_pb_old_content":"<p><strong>Autora: <\/strong>Minerva Piquero<\/p><p><strong>T\u00edtulo:<\/strong> <em>Nacida Libre<\/em><\/p><p><strong>Colecci\u00f3n:<\/strong> Otras Narrativas<\/p><p><strong>P\u00e1ginas:<\/strong> 334 p\u00e1ginas <strong>Formato:<\/strong> 150 x 210 mms <strong>Encuadernaci\u00f3n:<\/strong> R\u00fastica con solapas<\/p><p><strong>I.S.B.N.:<\/strong> 978-84-7898-825-9 <strong>Dep.Leg.:<\/strong> SE-1458-2019<\/p><p><strong>C\u00f3digo IBIC:<\/strong> FA<\/p><p><strong>Fecha de publicaci\u00f3n:<\/strong> octubre de 2019<\/p><p><strong>P.V.P.:<\/strong> 16,95 euros (16,29 euros sin IVA)<\/p><p><strong>PALABRAS-CLAVE:<\/strong> sexualidad; liberaci\u00f3n; poder; mujer, feminismo<\/p><p><strong>CONTENIDO:<\/strong> Primera novela de presentadora de televisi\u00f3n Minerva Piquero.<\/p><p>Cora necesita reinventarse para salir del pozo en el que se ve inmersa tras la inesperada ruptura con el amor de su vida.<\/p><p>El sexo se convertir\u00e1 en el rito de iniciaci\u00f3n hacia su nueva identidad, un mundo desconocido don\u00adde experimentar, reencontrarse y perdonar.<\/p><p>Valentina llega a Espa\u00f1a huyendo de un oscuro secreto y un pasado traum\u00e1tico; necesita renacer para encontrar su sitio en el mundo. La vida no es f\u00e1cil para una joven transexual extranjera.<\/p><p>Las dos protagonistas de <em>Nacida Libre<\/em>, aun siendo de mundos tan distintos y alejados, coinciden en un momento crucial para ambas en el que deben recorrer un camino de autoconocimiento dejando atr\u00e1s la traici\u00f3n y la venganza.<\/p><p>Las circunstancias en las que se encuentran hacen que crezca entre ellas una profunda amistad y la fuerza necesaria para entender que, a pesar de todo, ellas nacieron libres.<\/p><p><strong>AUTORA:<\/strong> Minerva Piquero (Agosto, M\u00e9xico, 1967). Licenciada en Periodismo en la Ari\u00adzona State University (USA).<\/p><p>En los noventa se dio a conocer en televisi\u00f3n como la chica del tiempo, dedic\u00e1n\u00addose veinte a\u00f1os a presentar, dirigir, escribir y producir programas de televisi\u00f3n. En 2002 fund\u00f3 su propia agencia de comunicaci\u00f3n corporativa, y desde 2012 es directora de Comunicaci\u00f3n y Relaciones P\u00fablicas en una agencia de medios multinacional. Vive en Madrid con sus dos hijos.<\/p><p><em>Nacida Libre <\/em>es su primera novela.<\/p>","_et_gb_content_width":""},"product_brand":[],"product_cat":[47],"product_tag":[85,83,84,82],"class_list":{"0":"post-15173","1":"product","2":"type-product","3":"status-publish","4":"has-post-thumbnail","6":"product_cat-otras-narrativas","7":"product_tag-feminismo","8":"product_tag-liberacion","9":"product_tag-poder-mujer","10":"product_tag-sexualidad","12":"first","13":"instock","14":"taxable","15":"shipping-taxable","16":"purchasable","17":"product-type-simple"},"acf":[],"yoast_head":"<!-- This site is optimized with the Yoast SEO plugin v27.3 - https:\/\/yoast.com\/product\/yoast-seo-wordpress\/ -->\n<title>Nacida Libre - Ediciones Alfar<\/title>\n<meta name=\"robots\" content=\"index, follow, max-snippet:-1, max-image-preview:large, max-video-preview:-1\" \/>\n<link rel=\"canonical\" href=\"https:\/\/edicionesalfar.es\/es\/producto\/nacida-libre\/\" \/>\n<meta property=\"og:locale\" content=\"es_ES\" \/>\n<meta property=\"og:type\" content=\"article\" \/>\n<meta property=\"og:title\" content=\"Nacida Libre - Ediciones Alfar\" \/>\n<meta property=\"og:description\" content=\"Primera novela de presentadora de televisi\u00f3n Minerva Piquero.  Nacida Libre es un grito de guerra. Un manifiesto de dos palabras. La biblia del alma cuando le crecen las alas. Es el golpe de viento que te eleva en mitad de la tormenta. Es algo que no se puede cambiar, porque es mi alma.\" \/>\n<meta property=\"og:url\" content=\"https:\/\/edicionesalfar.es\/es\/producto\/nacida-libre\/\" \/>\n<meta property=\"og:site_name\" content=\"Ediciones Alfar\" \/>\n<meta property=\"article:modified_time\" content=\"2020-04-01T06:19:35+00:00\" \/>\n<meta property=\"og:image\" content=\"https:\/\/edicionesalfar.es\/es\/wp-content\/uploads\/2019\/09\/9788478988259_nacidalibre-2.jpg\" \/>\n\t<meta property=\"og:image:width\" content=\"328\" \/>\n\t<meta property=\"og:image:height\" content=\"524\" \/>\n\t<meta property=\"og:image:type\" content=\"image\/jpeg\" \/>\n<meta name=\"twitter:card\" content=\"summary_large_image\" \/>\n<meta name=\"twitter:label1\" content=\"Tiempo de lectura\" \/>\n\t<meta name=\"twitter:data1\" content=\"2 minutos\" \/>\n<script type=\"application\/ld+json\" class=\"yoast-schema-graph\">{\"@context\":\"https:\\\/\\\/schema.org\",\"@graph\":[{\"@type\":\"WebPage\",\"@id\":\"https:\\\/\\\/edicionesalfar.es\\\/es\\\/producto\\\/nacida-libre\\\/\",\"url\":\"https:\\\/\\\/edicionesalfar.es\\\/es\\\/producto\\\/nacida-libre\\\/\",\"name\":\"Nacida Libre - Ediciones Alfar\",\"isPartOf\":{\"@id\":\"https:\\\/\\\/edicionesalfar.es\\\/es\\\/#website\"},\"primaryImageOfPage\":{\"@id\":\"https:\\\/\\\/edicionesalfar.es\\\/es\\\/producto\\\/nacida-libre\\\/#primaryimage\"},\"image\":{\"@id\":\"https:\\\/\\\/edicionesalfar.es\\\/es\\\/producto\\\/nacida-libre\\\/#primaryimage\"},\"thumbnailUrl\":\"https:\\\/\\\/edicionesalfar.es\\\/es\\\/wp-content\\\/uploads\\\/2019\\\/09\\\/9788478988259_nacidalibre-2.jpg\",\"datePublished\":\"2019-09-26T12:10:24+00:00\",\"dateModified\":\"2020-04-01T06:19:35+00:00\",\"breadcrumb\":{\"@id\":\"https:\\\/\\\/edicionesalfar.es\\\/es\\\/producto\\\/nacida-libre\\\/#breadcrumb\"},\"inLanguage\":\"es\",\"potentialAction\":[{\"@type\":\"ReadAction\",\"target\":[\"https:\\\/\\\/edicionesalfar.es\\\/es\\\/producto\\\/nacida-libre\\\/\"]}]},{\"@type\":\"ImageObject\",\"inLanguage\":\"es\",\"@id\":\"https:\\\/\\\/edicionesalfar.es\\\/es\\\/producto\\\/nacida-libre\\\/#primaryimage\",\"url\":\"https:\\\/\\\/edicionesalfar.es\\\/es\\\/wp-content\\\/uploads\\\/2019\\\/09\\\/9788478988259_nacidalibre-2.jpg\",\"contentUrl\":\"https:\\\/\\\/edicionesalfar.es\\\/es\\\/wp-content\\\/uploads\\\/2019\\\/09\\\/9788478988259_nacidalibre-2.jpg\",\"width\":328,\"height\":524},{\"@type\":\"BreadcrumbList\",\"@id\":\"https:\\\/\\\/edicionesalfar.es\\\/es\\\/producto\\\/nacida-libre\\\/#breadcrumb\",\"itemListElement\":[{\"@type\":\"ListItem\",\"position\":1,\"name\":\"Portada\",\"item\":\"https:\\\/\\\/edicionesalfar.es\\\/es\\\/\"},{\"@type\":\"ListItem\",\"position\":2,\"name\":\"Cat\u00e1logo\",\"item\":\"https:\\\/\\\/edicionesalfar.es\\\/es\\\/catalogo\\\/\"},{\"@type\":\"ListItem\",\"position\":3,\"name\":\"Nacida Libre\"}]},{\"@type\":\"WebSite\",\"@id\":\"https:\\\/\\\/edicionesalfar.es\\\/es\\\/#website\",\"url\":\"https:\\\/\\\/edicionesalfar.es\\\/es\\\/\",\"name\":\"Ediciones Alfar\",\"description\":\"\",\"potentialAction\":[{\"@type\":\"SearchAction\",\"target\":{\"@type\":\"EntryPoint\",\"urlTemplate\":\"https:\\\/\\\/edicionesalfar.es\\\/es\\\/?s={search_term_string}\"},\"query-input\":{\"@type\":\"PropertyValueSpecification\",\"valueRequired\":true,\"valueName\":\"search_term_string\"}}],\"inLanguage\":\"es\"}]}<\/script>\n<!-- \/ Yoast SEO plugin. -->","yoast_head_json":{"title":"Nacida Libre - Ediciones Alfar","robots":{"index":"index","follow":"follow","max-snippet":"max-snippet:-1","max-image-preview":"max-image-preview:large","max-video-preview":"max-video-preview:-1"},"canonical":"https:\/\/edicionesalfar.es\/es\/producto\/nacida-libre\/","og_locale":"es_ES","og_type":"article","og_title":"Nacida Libre - Ediciones Alfar","og_description":"Primera novela de presentadora de televisi\u00f3n Minerva Piquero.  Nacida Libre es un grito de guerra. Un manifiesto de dos palabras. La biblia del alma cuando le crecen las alas. Es el golpe de viento que te eleva en mitad de la tormenta. Es algo que no se puede cambiar, porque es mi alma.","og_url":"https:\/\/edicionesalfar.es\/es\/producto\/nacida-libre\/","og_site_name":"Ediciones Alfar","article_modified_time":"2020-04-01T06:19:35+00:00","og_image":[{"width":328,"height":524,"url":"https:\/\/edicionesalfar.es\/es\/wp-content\/uploads\/2019\/09\/9788478988259_nacidalibre-2.jpg","type":"image\/jpeg"}],"twitter_card":"summary_large_image","twitter_misc":{"Tiempo de lectura":"2 minutos"},"schema":{"@context":"https:\/\/schema.org","@graph":[{"@type":"WebPage","@id":"https:\/\/edicionesalfar.es\/es\/producto\/nacida-libre\/","url":"https:\/\/edicionesalfar.es\/es\/producto\/nacida-libre\/","name":"Nacida Libre - Ediciones Alfar","isPartOf":{"@id":"https:\/\/edicionesalfar.es\/es\/#website"},"primaryImageOfPage":{"@id":"https:\/\/edicionesalfar.es\/es\/producto\/nacida-libre\/#primaryimage"},"image":{"@id":"https:\/\/edicionesalfar.es\/es\/producto\/nacida-libre\/#primaryimage"},"thumbnailUrl":"https:\/\/edicionesalfar.es\/es\/wp-content\/uploads\/2019\/09\/9788478988259_nacidalibre-2.jpg","datePublished":"2019-09-26T12:10:24+00:00","dateModified":"2020-04-01T06:19:35+00:00","breadcrumb":{"@id":"https:\/\/edicionesalfar.es\/es\/producto\/nacida-libre\/#breadcrumb"},"inLanguage":"es","potentialAction":[{"@type":"ReadAction","target":["https:\/\/edicionesalfar.es\/es\/producto\/nacida-libre\/"]}]},{"@type":"ImageObject","inLanguage":"es","@id":"https:\/\/edicionesalfar.es\/es\/producto\/nacida-libre\/#primaryimage","url":"https:\/\/edicionesalfar.es\/es\/wp-content\/uploads\/2019\/09\/9788478988259_nacidalibre-2.jpg","contentUrl":"https:\/\/edicionesalfar.es\/es\/wp-content\/uploads\/2019\/09\/9788478988259_nacidalibre-2.jpg","width":328,"height":524},{"@type":"BreadcrumbList","@id":"https:\/\/edicionesalfar.es\/es\/producto\/nacida-libre\/#breadcrumb","itemListElement":[{"@type":"ListItem","position":1,"name":"Portada","item":"https:\/\/edicionesalfar.es\/es\/"},{"@type":"ListItem","position":2,"name":"Cat\u00e1logo","item":"https:\/\/edicionesalfar.es\/es\/catalogo\/"},{"@type":"ListItem","position":3,"name":"Nacida Libre"}]},{"@type":"WebSite","@id":"https:\/\/edicionesalfar.es\/es\/#website","url":"https:\/\/edicionesalfar.es\/es\/","name":"Ediciones Alfar","description":"","potentialAction":[{"@type":"SearchAction","target":{"@type":"EntryPoint","urlTemplate":"https:\/\/edicionesalfar.es\/es\/?s={search_term_string}"},"query-input":{"@type":"PropertyValueSpecification","valueRequired":true,"valueName":"search_term_string"}}],"inLanguage":"es"}]}},"_links":{"self":[{"href":"https:\/\/edicionesalfar.es\/es\/wp-json\/wp\/v2\/product\/15173","targetHints":{"allow":["GET"]}}],"collection":[{"href":"https:\/\/edicionesalfar.es\/es\/wp-json\/wp\/v2\/product"}],"about":[{"href":"https:\/\/edicionesalfar.es\/es\/wp-json\/wp\/v2\/types\/product"}],"replies":[{"embeddable":true,"href":"https:\/\/edicionesalfar.es\/es\/wp-json\/wp\/v2\/comments?post=15173"}],"wp:featuredmedia":[{"embeddable":true,"href":"https:\/\/edicionesalfar.es\/es\/wp-json\/wp\/v2\/media\/15327"}],"wp:attachment":[{"href":"https:\/\/edicionesalfar.es\/es\/wp-json\/wp\/v2\/media?parent=15173"}],"wp:term":[{"taxonomy":"product_brand","embeddable":true,"href":"https:\/\/edicionesalfar.es\/es\/wp-json\/wp\/v2\/product_brand?post=15173"},{"taxonomy":"product_cat","embeddable":true,"href":"https:\/\/edicionesalfar.es\/es\/wp-json\/wp\/v2\/product_cat?post=15173"},{"taxonomy":"product_tag","embeddable":true,"href":"https:\/\/edicionesalfar.es\/es\/wp-json\/wp\/v2\/product_tag?post=15173"}],"curies":[{"name":"wp","href":"https:\/\/api.w.org\/{rel}","templated":true}]}}