{"id":15003,"date":"2019-07-25T13:08:35","date_gmt":"2019-07-25T11:08:35","guid":{"rendered":"http:\/\/www.edicionesalfar.es\/web-wordpress\/?post_type=product&#038;p=15003"},"modified":"2022-06-29T10:51:51","modified_gmt":"2022-06-29T08:51:51","slug":"algunos-asesinatos-duelen-mas","status":"publish","type":"product","link":"https:\/\/edicionesalfar.es\/es\/producto\/algunos-asesinatos-duelen-mas\/","title":{"rendered":"Algunos asesinatos duelen m\u00e1s"},"content":{"rendered":"<p><strong>Autor:<\/strong> Antonio Anasagasti Valderrama<\/p>\n<p><strong>T\u00edtulo:<\/strong> <em>Algunos asesinatos duelen m\u00e1s<\/em><\/p>\n<p><strong>Colecci\u00f3n:<\/strong> Otras Narrativas<\/p>\n<p><strong>P\u00e1ginas:<\/strong> 180 p\u00e1ginas <strong>Formato:<\/strong> 130 x 215 mms <strong>Encuadernaci\u00f3n:<\/strong> R\u00fastica con solapas<\/p>\n<p><strong>I.S.B.N.:<\/strong> 978-84-7898-826-6 <strong>Dep.Leg.:<\/strong> SE-1215-2019<\/p>\n<p><strong>C\u00f3digo IBIC:<\/strong> FA<\/p>\n<p><strong>Fecha de publicaci\u00f3n:<\/strong> julio de 2019<\/p>\n<p><strong>P.V.P.:<\/strong> 14 euros (13,46 euros sin IVA)<\/p>\n<p><strong>PALABRAS-CLAVE:<\/strong> relatos; humor; iron\u00eda; actualidad<\/p>\n<p><strong>CONTENIDO:<\/strong> En <em>Algunos asesinatos duelen m\u00e1s<\/em> el autor nos aproxima como en una precisa disecci\u00f3n m\u00e9dica al g\u00e9nero negro desde m\u00faltiples perspectivas, desgranando y analizando, la mayor\u00eda de las veces con humor, las cl\u00e1\u00adsicas pistas, los m\u00f3viles, las escenas del crimen, los hilos conductores, los peligros de la curiosidad, la reincidencia, los sabotajes, los testigos, los expresidiarios, las bandas de asesinos, los errores, la ejecuci\u00f3n, los m\u00e9todos, etc\u00e9tera. Todo ello, sin olvidar las tramas de corrupci\u00f3n, las drogas y el terrorismo. Adem\u00e1s, reflexiona sobre la mayor fuente de violencia que se produce en la sociedad: el odio o los intereses de las personas con las que convivimos, sean del g\u00e9nero que sean. Anasagasti nos ense\u00f1a que el amor a causa del roce se puede transformar en cualquier momento en odio, como polos opuestos de un mismo sen\u00adtimiento. Muchas veces las personas que producen m\u00e1s da\u00f1o son las m\u00e1s cercanas y, por eso, estos asesinatos u homicidios duelen m\u00e1s. No se olvida de tratar otros aspectos de la muerte, como son el aborto o la eutanasia. Igualmente, el escritor en la \u00faltima parte del libro, en el cap\u00edtulo \u201cCerca del m\u00e1s all\u00e1\u201d, intenta acercar el mundo esot\u00e9rico con la realidad m\u00e1s mundana. En ese puente de uni\u00f3n entre ambos cosmos, brujas y demonios no son ni m\u00e1s ni menos que invenciones de nuestros miedos o productos de nuestras conductas. Los seres mal\u00e9volos lo en\u00adgendramos nosotros desde nuestro interior, como frutos envenenados surgidos del espejo donde se reflejan el mal que producimos a nuestro pr\u00f3jimo. Ante eso, solo se puede combatir a esos terror\u00edficos seres interiores con la ciencia y la bondad. En resumidas cuentas, un libro extraordinario lleno de grandes sorpresas, hilvanado con un lenguaje conciso y sencillo, que aporta una gran fluidez y dinamismo al ritmo narrativo y que le hace ser muy ameno y divertido.<\/p>\n<p><strong>AUTOR:<\/strong> Antonio Anasagasti Valderrama (C\u00e1diz, 1958). Licenciado en Derecho por la Uni\u00adversidad de Sevilla, ejerci\u00f3 de abogado laboralista. M\u00e1s tarde, ingres\u00f3 en la Armada y, actualmente, es co\u00adronel de Intendencia de ese ej\u00e9rcito. Ha sido articulista de <em>La Voz de C\u00e1diz<\/em> y <em>La Voz del Sur<\/em>.<\/p>\n<p>Form\u00f3 parte del colectivo \u201cJaramago\u201d y colabor\u00f3 durante la Transici\u00f3n en la re\u00advista del mismo nombre. Es miembro del Foro Libre y de la Asamblea Amistosa Literaria. Coautor del libro <em>Aldea Po\u00e9ti\u00adca<\/em>, prologado por Gloria Fuertes. Ha pu\u00adblicado los poemarios: <em>Sobre aliteradas alas<\/em> (Niebla, 1999), <em>Arr\u00edtmico amor<\/em> (De\u00advenir, 2003) y <em>En el interior de la ciudad encerrada<\/em> (Ayto. Salobre\u00f1a, 2004). Sus relatos han aparecidos en medios como el peri\u00f3dico <em>El Faro de Motril<\/em>, la revista <em>Tres orillas<\/em> y el libro <em>Relatos en Cade\u00adna<\/em>. Es uno de los autores del volumen de narrativa <em>Algo que me urge contarte<\/em>, junto con otros veinte ventanianos (es\u00adcritores habituales del programa de la Cadena SER \u201cLa Ventana de Mill\u00e1s\u201d).<\/p>\n<p>Ha escrito tres colecciones de micro\u00adrrelatos: <em>Marte entra en la casa octa\u00adva<\/em> (Alhulia, Salobre\u00f1a, 2006), <em>El fin del poder absoluto<\/em> (Diputaci\u00f3n Provincial de C\u00e1diz, 2007) e <em>Hijos del Mayo del 68<\/em> (Alhulia, 2008). Ha editado el libro de relatos <em>Un recetario de muerte<\/em> (Alhulia, 2016).<\/p>\n<p>Es autor tambi\u00e9n de la novela gr\u00e1fica <em>Pedro el cazador de sirenas<\/em> (Terra Na\u00adtio, 2019).<\/p>\n","protected":false},"excerpt":{"rendered":"<p>Magn\u00edfico libro relatos donde\u00a0el autor nos aproxima al g\u00e9nero del asesinato, de la muerte,\u00a0con humor, pero tambi\u00e9n con cr\u00edtica, con reflexi\u00f3n.<\/p>\n","protected":false},"featured_media":15182,"comment_status":"closed","ping_status":"closed","template":"","meta":{"_acf_changed":false,"_et_pb_use_builder":"","_et_pb_old_content":"","_et_gb_content_width":""},"product_brand":[],"product_cat":[447,376,47],"product_tag":[69,67,68,66],"class_list":{"0":"post-15003","1":"product","2":"type-product","3":"status-publish","4":"has-post-thumbnail","6":"product_cat-anasagasti-valderrama-antonio","7":"product_cat-autores","8":"product_cat-otras-narrativas","9":"product_tag-actualidad","10":"product_tag-humor","11":"product_tag-ironia","12":"product_tag-relatos","14":"first","15":"instock","16":"taxable","17":"shipping-taxable","18":"purchasable","19":"product-type-simple"},"acf":[],"yoast_head":"<!-- This site is optimized with the Yoast SEO plugin v27.5 - https:\/\/yoast.com\/product\/yoast-seo-wordpress\/ -->\n<title>Algunos asesinatos duelen m\u00e1s - Ediciones Alfar<\/title>\n<meta name=\"robots\" content=\"index, follow, max-snippet:-1, max-image-preview:large, max-video-preview:-1\" \/>\n<link rel=\"canonical\" href=\"https:\/\/edicionesalfar.es\/es\/producto\/algunos-asesinatos-duelen-mas\/\" \/>\n<meta property=\"og:locale\" content=\"es_ES\" \/>\n<meta property=\"og:type\" content=\"article\" \/>\n<meta property=\"og:title\" content=\"Algunos asesinatos duelen m\u00e1s - Ediciones Alfar\" \/>\n<meta property=\"og:description\" content=\"Magn\u00edfico libro relatos donde\u00a0el autor nos aproxima al g\u00e9nero del asesinato, de la muerte,\u00a0con humor, pero tambi\u00e9n con cr\u00edtica, con reflexi\u00f3n.\" \/>\n<meta property=\"og:url\" content=\"https:\/\/edicionesalfar.es\/es\/producto\/algunos-asesinatos-duelen-mas\/\" \/>\n<meta property=\"og:site_name\" content=\"Ediciones Alfar\" \/>\n<meta property=\"article:modified_time\" content=\"2022-06-29T08:51:51+00:00\" \/>\n<meta property=\"og:image\" content=\"https:\/\/edicionesalfar.es\/es\/wp-content\/uploads\/2019\/07\/9788478988826_algunos.jpg\" \/>\n\t<meta property=\"og:image:width\" content=\"1230\" \/>\n\t<meta property=\"og:image:height\" content=\"2023\" \/>\n\t<meta property=\"og:image:type\" content=\"image\/jpeg\" \/>\n<meta name=\"twitter:card\" content=\"summary_large_image\" \/>\n<meta name=\"twitter:label1\" content=\"Tiempo de lectura\" \/>\n\t<meta name=\"twitter:data1\" content=\"3 minutos\" \/>\n<script type=\"application\/ld+json\" class=\"yoast-schema-graph\">{\"@context\":\"https:\\\/\\\/schema.org\",\"@graph\":[{\"@type\":\"WebPage\",\"@id\":\"https:\\\/\\\/edicionesalfar.es\\\/es\\\/producto\\\/algunos-asesinatos-duelen-mas\\\/\",\"url\":\"https:\\\/\\\/edicionesalfar.es\\\/es\\\/producto\\\/algunos-asesinatos-duelen-mas\\\/\",\"name\":\"Algunos asesinatos duelen m\u00e1s - Ediciones Alfar\",\"isPartOf\":{\"@id\":\"https:\\\/\\\/edicionesalfar.es\\\/es\\\/#website\"},\"primaryImageOfPage\":{\"@id\":\"https:\\\/\\\/edicionesalfar.es\\\/es\\\/producto\\\/algunos-asesinatos-duelen-mas\\\/#primaryimage\"},\"image\":{\"@id\":\"https:\\\/\\\/edicionesalfar.es\\\/es\\\/producto\\\/algunos-asesinatos-duelen-mas\\\/#primaryimage\"},\"thumbnailUrl\":\"https:\\\/\\\/edicionesalfar.es\\\/es\\\/wp-content\\\/uploads\\\/2019\\\/07\\\/9788478988826_algunos.jpg\",\"datePublished\":\"2019-07-25T11:08:35+00:00\",\"dateModified\":\"2022-06-29T08:51:51+00:00\",\"breadcrumb\":{\"@id\":\"https:\\\/\\\/edicionesalfar.es\\\/es\\\/producto\\\/algunos-asesinatos-duelen-mas\\\/#breadcrumb\"},\"inLanguage\":\"es\",\"potentialAction\":[{\"@type\":\"ReadAction\",\"target\":[\"https:\\\/\\\/edicionesalfar.es\\\/es\\\/producto\\\/algunos-asesinatos-duelen-mas\\\/\"]}]},{\"@type\":\"ImageObject\",\"inLanguage\":\"es\",\"@id\":\"https:\\\/\\\/edicionesalfar.es\\\/es\\\/producto\\\/algunos-asesinatos-duelen-mas\\\/#primaryimage\",\"url\":\"https:\\\/\\\/edicionesalfar.es\\\/es\\\/wp-content\\\/uploads\\\/2019\\\/07\\\/9788478988826_algunos.jpg\",\"contentUrl\":\"https:\\\/\\\/edicionesalfar.es\\\/es\\\/wp-content\\\/uploads\\\/2019\\\/07\\\/9788478988826_algunos.jpg\",\"width\":1230,\"height\":2023},{\"@type\":\"BreadcrumbList\",\"@id\":\"https:\\\/\\\/edicionesalfar.es\\\/es\\\/producto\\\/algunos-asesinatos-duelen-mas\\\/#breadcrumb\",\"itemListElement\":[{\"@type\":\"ListItem\",\"position\":1,\"name\":\"Portada\",\"item\":\"https:\\\/\\\/edicionesalfar.es\\\/es\\\/\"},{\"@type\":\"ListItem\",\"position\":2,\"name\":\"Cat\u00e1logo\",\"item\":\"https:\\\/\\\/edicionesalfar.es\\\/es\\\/catalogo\\\/\"},{\"@type\":\"ListItem\",\"position\":3,\"name\":\"Algunos asesinatos duelen m\u00e1s\"}]},{\"@type\":\"WebSite\",\"@id\":\"https:\\\/\\\/edicionesalfar.es\\\/es\\\/#website\",\"url\":\"https:\\\/\\\/edicionesalfar.es\\\/es\\\/\",\"name\":\"Ediciones Alfar\",\"description\":\"\",\"potentialAction\":[{\"@type\":\"SearchAction\",\"target\":{\"@type\":\"EntryPoint\",\"urlTemplate\":\"https:\\\/\\\/edicionesalfar.es\\\/es\\\/?s={search_term_string}\"},\"query-input\":{\"@type\":\"PropertyValueSpecification\",\"valueRequired\":true,\"valueName\":\"search_term_string\"}}],\"inLanguage\":\"es\"}]}<\/script>\n<!-- \/ Yoast SEO plugin. -->","yoast_head_json":{"title":"Algunos asesinatos duelen m\u00e1s - Ediciones Alfar","robots":{"index":"index","follow":"follow","max-snippet":"max-snippet:-1","max-image-preview":"max-image-preview:large","max-video-preview":"max-video-preview:-1"},"canonical":"https:\/\/edicionesalfar.es\/es\/producto\/algunos-asesinatos-duelen-mas\/","og_locale":"es_ES","og_type":"article","og_title":"Algunos asesinatos duelen m\u00e1s - Ediciones Alfar","og_description":"Magn\u00edfico libro relatos donde\u00a0el autor nos aproxima al g\u00e9nero del asesinato, de la muerte,\u00a0con humor, pero tambi\u00e9n con cr\u00edtica, con reflexi\u00f3n.","og_url":"https:\/\/edicionesalfar.es\/es\/producto\/algunos-asesinatos-duelen-mas\/","og_site_name":"Ediciones Alfar","article_modified_time":"2022-06-29T08:51:51+00:00","og_image":[{"width":1230,"height":2023,"url":"https:\/\/edicionesalfar.es\/es\/wp-content\/uploads\/2019\/07\/9788478988826_algunos.jpg","type":"image\/jpeg"}],"twitter_card":"summary_large_image","twitter_misc":{"Tiempo de lectura":"3 minutos"},"schema":{"@context":"https:\/\/schema.org","@graph":[{"@type":"WebPage","@id":"https:\/\/edicionesalfar.es\/es\/producto\/algunos-asesinatos-duelen-mas\/","url":"https:\/\/edicionesalfar.es\/es\/producto\/algunos-asesinatos-duelen-mas\/","name":"Algunos asesinatos duelen m\u00e1s - Ediciones Alfar","isPartOf":{"@id":"https:\/\/edicionesalfar.es\/es\/#website"},"primaryImageOfPage":{"@id":"https:\/\/edicionesalfar.es\/es\/producto\/algunos-asesinatos-duelen-mas\/#primaryimage"},"image":{"@id":"https:\/\/edicionesalfar.es\/es\/producto\/algunos-asesinatos-duelen-mas\/#primaryimage"},"thumbnailUrl":"https:\/\/edicionesalfar.es\/es\/wp-content\/uploads\/2019\/07\/9788478988826_algunos.jpg","datePublished":"2019-07-25T11:08:35+00:00","dateModified":"2022-06-29T08:51:51+00:00","breadcrumb":{"@id":"https:\/\/edicionesalfar.es\/es\/producto\/algunos-asesinatos-duelen-mas\/#breadcrumb"},"inLanguage":"es","potentialAction":[{"@type":"ReadAction","target":["https:\/\/edicionesalfar.es\/es\/producto\/algunos-asesinatos-duelen-mas\/"]}]},{"@type":"ImageObject","inLanguage":"es","@id":"https:\/\/edicionesalfar.es\/es\/producto\/algunos-asesinatos-duelen-mas\/#primaryimage","url":"https:\/\/edicionesalfar.es\/es\/wp-content\/uploads\/2019\/07\/9788478988826_algunos.jpg","contentUrl":"https:\/\/edicionesalfar.es\/es\/wp-content\/uploads\/2019\/07\/9788478988826_algunos.jpg","width":1230,"height":2023},{"@type":"BreadcrumbList","@id":"https:\/\/edicionesalfar.es\/es\/producto\/algunos-asesinatos-duelen-mas\/#breadcrumb","itemListElement":[{"@type":"ListItem","position":1,"name":"Portada","item":"https:\/\/edicionesalfar.es\/es\/"},{"@type":"ListItem","position":2,"name":"Cat\u00e1logo","item":"https:\/\/edicionesalfar.es\/es\/catalogo\/"},{"@type":"ListItem","position":3,"name":"Algunos asesinatos duelen m\u00e1s"}]},{"@type":"WebSite","@id":"https:\/\/edicionesalfar.es\/es\/#website","url":"https:\/\/edicionesalfar.es\/es\/","name":"Ediciones Alfar","description":"","potentialAction":[{"@type":"SearchAction","target":{"@type":"EntryPoint","urlTemplate":"https:\/\/edicionesalfar.es\/es\/?s={search_term_string}"},"query-input":{"@type":"PropertyValueSpecification","valueRequired":true,"valueName":"search_term_string"}}],"inLanguage":"es"}]}},"_links":{"self":[{"href":"https:\/\/edicionesalfar.es\/es\/wp-json\/wp\/v2\/product\/15003","targetHints":{"allow":["GET"]}}],"collection":[{"href":"https:\/\/edicionesalfar.es\/es\/wp-json\/wp\/v2\/product"}],"about":[{"href":"https:\/\/edicionesalfar.es\/es\/wp-json\/wp\/v2\/types\/product"}],"replies":[{"embeddable":true,"href":"https:\/\/edicionesalfar.es\/es\/wp-json\/wp\/v2\/comments?post=15003"}],"wp:featuredmedia":[{"embeddable":true,"href":"https:\/\/edicionesalfar.es\/es\/wp-json\/wp\/v2\/media\/15182"}],"wp:attachment":[{"href":"https:\/\/edicionesalfar.es\/es\/wp-json\/wp\/v2\/media?parent=15003"}],"wp:term":[{"taxonomy":"product_brand","embeddable":true,"href":"https:\/\/edicionesalfar.es\/es\/wp-json\/wp\/v2\/product_brand?post=15003"},{"taxonomy":"product_cat","embeddable":true,"href":"https:\/\/edicionesalfar.es\/es\/wp-json\/wp\/v2\/product_cat?post=15003"},{"taxonomy":"product_tag","embeddable":true,"href":"https:\/\/edicionesalfar.es\/es\/wp-json\/wp\/v2\/product_tag?post=15003"}],"curies":[{"name":"wp","href":"https:\/\/api.w.org\/{rel}","templated":true}]}}