{"id":14856,"date":"2019-07-11T05:59:06","date_gmt":"2019-07-11T05:59:06","guid":{"rendered":"http:\/\/www.edicionesalfar.es\/web-wordpress\/?post_type=product&#038;#030;p="},"modified":"2021-09-06T18:46:40","modified_gmt":"2021-09-06T16:46:40","slug":"ciudad-o-selva-poemas-etiopes","status":"publish","type":"product","link":"https:\/\/edicionesalfar.es\/es\/producto\/ciudad-o-selva-poemas-etiopes\/","title":{"rendered":"Ciudad o selva. Poemas et\u00edopes"},"content":{"rendered":"<p><strong style=\"margin: 0px; padding: 0px; font-style: normal; color: #656565; font-family: sans-serif; font-size: 16px; text-align: justify;\">\u00a0<\/strong><span style=\"color: #656565; font-family: sans-serif; font-size: 16px; text-align: justify;\">Los poemas de\u00a0<\/span><em style=\"margin: 0px; padding: 0px; font-weight: 400; color: #656565; font-family: sans-serif; font-size: 16px; text-align: justify;\">Ciudad o selva\u00a0<\/em><span style=\"color: #656565; font-family: sans-serif; font-size: 16px; text-align: justify;\">fueron escritos en Etiop\u00eda entre 2010 y 2012. Durante esos dos a\u00f1os Manuel Ruiz Rico cubri\u00f3 el pa\u00eds africano como corresponsal. En sus poemas se entrecruza el testimonio de la realidad cotidiana \u2013y a menudo implacable\u2013 con los destellos de la Etiop\u00eda m\u00edtica. As\u00ed, a modo de plano y contraplano, de juego de espejos, emergen, por un lado, el tumulto de las calles, las lluvias de dimensiones b\u00edblicas, el olor a caf\u00e9, el jazz serpenteante de los m\u00fasicos\u00a0<\/span><em style=\"margin: 0px; padding: 0px; font-weight: 400; color: #656565; font-family: sans-serif; font-size: 16px; text-align: justify;\">abeshas<\/em><span style=\"color: #656565; font-family: sans-serif; font-size: 16px; text-align: justify;\">, la miseria, el aroma de la\u00a0<\/span><em style=\"margin: 0px; padding: 0px; font-weight: 400; color: #656565; font-family: sans-serif; font-size: 16px; text-align: justify;\">inyera<\/em><span style=\"color: #656565; font-family: sans-serif; font-size: 16px; text-align: justify;\">, los h\u00e9roes cotidianos y, por otro, el pa\u00eds m\u00edtico de la reina de Saba y de las iglesias cavadas en la roca de Lalibela, el desierto infernal del Danakil, las fuentes del Nilo Azul, el Harar del exilio po\u00e9tico y vital de Rimbaud, sombra y luz de estos versos et\u00edopes. El poemario es un canto al viaje y a la extranjer\u00eda \u2013tan de aliento rom\u00e1ntico\u2013 y un dietario po\u00e9tico edificado sobre la mirada y la caminata como la forma m\u00e1s pura de la aventura urbana.\u00a0<\/span><em style=\"margin: 0px; padding: 0px; font-weight: 400; color: #656565; font-family: sans-serif; font-size: 16px; text-align: justify;\">Ciudad o selva<\/em><span style=\"color: #656565; font-family: sans-serif; font-size: 16px; text-align: justify;\">: sobre esos dos ejes se establece una tensi\u00f3n que se despliega en otras esferas entrelazadas, como el tiempo frente al progreso, la naturaleza ante la t\u00e9cnica, la escritura como fracaso pero tambi\u00e9n como redenci\u00f3n y como juego. Todo ello desde uno de los corazones de la \u00c1frica actual, Addis Abeba, laberinto urbano y salvaje, la\u00a0<\/span><em style=\"margin: 0px; padding: 0px; font-weight: 400; color: #656565; font-family: sans-serif; font-size: 16px; text-align: justify;\">Nueva Flor<\/em><span style=\"color: #656565; font-family: sans-serif; font-size: 16px; text-align: justify;\">, como llamaron a la ciudad sus fundadores, una flor henchida de futuro y vitalidad y por ello irremisiblemente enfrentada a las contradicciones y las maldiciones del buque del progreso. \u00abHa encontrado sus alas y no vuela\u00bb, lamenta el poeta, que tambi\u00e9n canta: \u00abLos perfiles del agua se ofrecen virginales \/ y todo es nuevo. Todo \/ conspira por mezclarse con el otro\u00bb.\u00a0<\/span><em style=\"margin: 0px; padding: 0px; font-weight: 400; color: #656565; font-family: sans-serif; font-size: 16px; text-align: justify;\">Ciudad y selva\u00a0<\/em><span style=\"color: #656565; font-family: sans-serif; font-size: 16px; text-align: justify;\">es una indagaci\u00f3n y una celebraci\u00f3n.<\/span><\/p>\n","protected":false},"excerpt":{"rendered":"<p>\u00a0Los poemas de\u00a0Ciudad o selva\u00a0fueron escritos en Etiop\u00eda entre 2010 y 2012. Durante esos dos a\u00f1os Manuel Ruiz Rico cubri\u00f3 el pa\u00eds africano como corresponsal. En sus poemas se entrecruza el testimonio de la realidad cotidiana \u2013y a menudo implacable\u2013 con los destellos de la Etiop\u00eda m\u00edtica. As\u00ed, a modo de plano y contraplano, de [&hellip;]<\/p>\n","protected":false},"featured_media":15150,"comment_status":"closed","ping_status":"closed","template":"","meta":{"_acf_changed":false,"_et_pb_use_builder":"","_et_pb_old_content":"","_et_gb_content_width":""},"product_brand":[],"product_cat":[30],"product_tag":[],"class_list":{"0":"post-14856","1":"product","2":"type-product","3":"status-publish","4":"has-post-thumbnail","6":"product_cat-poesia","8":"first","9":"instock","10":"taxable","11":"shipping-taxable","12":"purchasable","13":"product-type-simple"},"acf":[],"yoast_head":"<!-- This site is optimized with the Yoast SEO plugin v27.4 - https:\/\/yoast.com\/product\/yoast-seo-wordpress\/ -->\n<title>Ciudad o selva. Poemas et\u00edopes - Ediciones Alfar<\/title>\n<meta name=\"robots\" content=\"index, follow, max-snippet:-1, max-image-preview:large, max-video-preview:-1\" \/>\n<link rel=\"canonical\" href=\"https:\/\/edicionesalfar.es\/es\/producto\/ciudad-o-selva-poemas-etiopes\/\" \/>\n<meta property=\"og:locale\" content=\"es_ES\" \/>\n<meta property=\"og:type\" content=\"article\" \/>\n<meta property=\"og:title\" content=\"Ciudad o selva. Poemas et\u00edopes - Ediciones Alfar\" \/>\n<meta property=\"og:description\" content=\"\u00a0Los poemas de\u00a0Ciudad o selva\u00a0fueron escritos en Etiop\u00eda entre 2010 y 2012. Durante esos dos a\u00f1os Manuel Ruiz Rico cubri\u00f3 el pa\u00eds africano como corresponsal. En sus poemas se entrecruza el testimonio de la realidad cotidiana \u2013y a menudo implacable\u2013 con los destellos de la Etiop\u00eda m\u00edtica. As\u00ed, a modo de plano y contraplano, de [&hellip;]\" \/>\n<meta property=\"og:url\" content=\"https:\/\/edicionesalfar.es\/es\/producto\/ciudad-o-selva-poemas-etiopes\/\" \/>\n<meta property=\"og:site_name\" content=\"Ediciones Alfar\" \/>\n<meta property=\"article:modified_time\" content=\"2021-09-06T16:46:40+00:00\" \/>\n<meta property=\"og:image\" content=\"https:\/\/edicionesalfar.es\/es\/wp-content\/uploads\/2019\/07\/ciudadoselva.jpg\" \/>\n\t<meta property=\"og:image:width\" content=\"1254\" \/>\n\t<meta property=\"og:image:height\" content=\"2083\" \/>\n\t<meta property=\"og:image:type\" content=\"image\/jpeg\" \/>\n<meta name=\"twitter:card\" content=\"summary_large_image\" \/>\n<meta name=\"twitter:label1\" content=\"Tiempo de lectura\" \/>\n\t<meta name=\"twitter:data1\" content=\"2 minutos\" \/>\n<script type=\"application\/ld+json\" class=\"yoast-schema-graph\">{\"@context\":\"https:\\\/\\\/schema.org\",\"@graph\":[{\"@type\":\"WebPage\",\"@id\":\"https:\\\/\\\/edicionesalfar.es\\\/es\\\/producto\\\/ciudad-o-selva-poemas-etiopes\\\/\",\"url\":\"https:\\\/\\\/edicionesalfar.es\\\/es\\\/producto\\\/ciudad-o-selva-poemas-etiopes\\\/\",\"name\":\"Ciudad o selva. Poemas et\u00edopes - Ediciones Alfar\",\"isPartOf\":{\"@id\":\"https:\\\/\\\/edicionesalfar.es\\\/es\\\/#website\"},\"primaryImageOfPage\":{\"@id\":\"https:\\\/\\\/edicionesalfar.es\\\/es\\\/producto\\\/ciudad-o-selva-poemas-etiopes\\\/#primaryimage\"},\"image\":{\"@id\":\"https:\\\/\\\/edicionesalfar.es\\\/es\\\/producto\\\/ciudad-o-selva-poemas-etiopes\\\/#primaryimage\"},\"thumbnailUrl\":\"https:\\\/\\\/edicionesalfar.es\\\/es\\\/wp-content\\\/uploads\\\/2019\\\/07\\\/ciudadoselva.jpg\",\"datePublished\":\"2019-07-11T05:59:06+00:00\",\"dateModified\":\"2021-09-06T16:46:40+00:00\",\"breadcrumb\":{\"@id\":\"https:\\\/\\\/edicionesalfar.es\\\/es\\\/producto\\\/ciudad-o-selva-poemas-etiopes\\\/#breadcrumb\"},\"inLanguage\":\"es\",\"potentialAction\":[{\"@type\":\"ReadAction\",\"target\":[\"https:\\\/\\\/edicionesalfar.es\\\/es\\\/producto\\\/ciudad-o-selva-poemas-etiopes\\\/\"]}]},{\"@type\":\"ImageObject\",\"inLanguage\":\"es\",\"@id\":\"https:\\\/\\\/edicionesalfar.es\\\/es\\\/producto\\\/ciudad-o-selva-poemas-etiopes\\\/#primaryimage\",\"url\":\"https:\\\/\\\/edicionesalfar.es\\\/es\\\/wp-content\\\/uploads\\\/2019\\\/07\\\/ciudadoselva.jpg\",\"contentUrl\":\"https:\\\/\\\/edicionesalfar.es\\\/es\\\/wp-content\\\/uploads\\\/2019\\\/07\\\/ciudadoselva.jpg\",\"width\":1254,\"height\":2083},{\"@type\":\"BreadcrumbList\",\"@id\":\"https:\\\/\\\/edicionesalfar.es\\\/es\\\/producto\\\/ciudad-o-selva-poemas-etiopes\\\/#breadcrumb\",\"itemListElement\":[{\"@type\":\"ListItem\",\"position\":1,\"name\":\"Portada\",\"item\":\"https:\\\/\\\/edicionesalfar.es\\\/es\\\/\"},{\"@type\":\"ListItem\",\"position\":2,\"name\":\"Cat\u00e1logo\",\"item\":\"https:\\\/\\\/edicionesalfar.es\\\/es\\\/catalogo\\\/\"},{\"@type\":\"ListItem\",\"position\":3,\"name\":\"Ciudad o selva. Poemas et\u00edopes\"}]},{\"@type\":\"WebSite\",\"@id\":\"https:\\\/\\\/edicionesalfar.es\\\/es\\\/#website\",\"url\":\"https:\\\/\\\/edicionesalfar.es\\\/es\\\/\",\"name\":\"Ediciones Alfar\",\"description\":\"\",\"potentialAction\":[{\"@type\":\"SearchAction\",\"target\":{\"@type\":\"EntryPoint\",\"urlTemplate\":\"https:\\\/\\\/edicionesalfar.es\\\/es\\\/?s={search_term_string}\"},\"query-input\":{\"@type\":\"PropertyValueSpecification\",\"valueRequired\":true,\"valueName\":\"search_term_string\"}}],\"inLanguage\":\"es\"}]}<\/script>\n<!-- \/ Yoast SEO plugin. -->","yoast_head_json":{"title":"Ciudad o selva. Poemas et\u00edopes - Ediciones Alfar","robots":{"index":"index","follow":"follow","max-snippet":"max-snippet:-1","max-image-preview":"max-image-preview:large","max-video-preview":"max-video-preview:-1"},"canonical":"https:\/\/edicionesalfar.es\/es\/producto\/ciudad-o-selva-poemas-etiopes\/","og_locale":"es_ES","og_type":"article","og_title":"Ciudad o selva. Poemas et\u00edopes - Ediciones Alfar","og_description":"\u00a0Los poemas de\u00a0Ciudad o selva\u00a0fueron escritos en Etiop\u00eda entre 2010 y 2012. Durante esos dos a\u00f1os Manuel Ruiz Rico cubri\u00f3 el pa\u00eds africano como corresponsal. En sus poemas se entrecruza el testimonio de la realidad cotidiana \u2013y a menudo implacable\u2013 con los destellos de la Etiop\u00eda m\u00edtica. As\u00ed, a modo de plano y contraplano, de [&hellip;]","og_url":"https:\/\/edicionesalfar.es\/es\/producto\/ciudad-o-selva-poemas-etiopes\/","og_site_name":"Ediciones Alfar","article_modified_time":"2021-09-06T16:46:40+00:00","og_image":[{"width":1254,"height":2083,"url":"https:\/\/edicionesalfar.es\/es\/wp-content\/uploads\/2019\/07\/ciudadoselva.jpg","type":"image\/jpeg"}],"twitter_card":"summary_large_image","twitter_misc":{"Tiempo de lectura":"2 minutos"},"schema":{"@context":"https:\/\/schema.org","@graph":[{"@type":"WebPage","@id":"https:\/\/edicionesalfar.es\/es\/producto\/ciudad-o-selva-poemas-etiopes\/","url":"https:\/\/edicionesalfar.es\/es\/producto\/ciudad-o-selva-poemas-etiopes\/","name":"Ciudad o selva. Poemas et\u00edopes - Ediciones Alfar","isPartOf":{"@id":"https:\/\/edicionesalfar.es\/es\/#website"},"primaryImageOfPage":{"@id":"https:\/\/edicionesalfar.es\/es\/producto\/ciudad-o-selva-poemas-etiopes\/#primaryimage"},"image":{"@id":"https:\/\/edicionesalfar.es\/es\/producto\/ciudad-o-selva-poemas-etiopes\/#primaryimage"},"thumbnailUrl":"https:\/\/edicionesalfar.es\/es\/wp-content\/uploads\/2019\/07\/ciudadoselva.jpg","datePublished":"2019-07-11T05:59:06+00:00","dateModified":"2021-09-06T16:46:40+00:00","breadcrumb":{"@id":"https:\/\/edicionesalfar.es\/es\/producto\/ciudad-o-selva-poemas-etiopes\/#breadcrumb"},"inLanguage":"es","potentialAction":[{"@type":"ReadAction","target":["https:\/\/edicionesalfar.es\/es\/producto\/ciudad-o-selva-poemas-etiopes\/"]}]},{"@type":"ImageObject","inLanguage":"es","@id":"https:\/\/edicionesalfar.es\/es\/producto\/ciudad-o-selva-poemas-etiopes\/#primaryimage","url":"https:\/\/edicionesalfar.es\/es\/wp-content\/uploads\/2019\/07\/ciudadoselva.jpg","contentUrl":"https:\/\/edicionesalfar.es\/es\/wp-content\/uploads\/2019\/07\/ciudadoselva.jpg","width":1254,"height":2083},{"@type":"BreadcrumbList","@id":"https:\/\/edicionesalfar.es\/es\/producto\/ciudad-o-selva-poemas-etiopes\/#breadcrumb","itemListElement":[{"@type":"ListItem","position":1,"name":"Portada","item":"https:\/\/edicionesalfar.es\/es\/"},{"@type":"ListItem","position":2,"name":"Cat\u00e1logo","item":"https:\/\/edicionesalfar.es\/es\/catalogo\/"},{"@type":"ListItem","position":3,"name":"Ciudad o selva. Poemas et\u00edopes"}]},{"@type":"WebSite","@id":"https:\/\/edicionesalfar.es\/es\/#website","url":"https:\/\/edicionesalfar.es\/es\/","name":"Ediciones Alfar","description":"","potentialAction":[{"@type":"SearchAction","target":{"@type":"EntryPoint","urlTemplate":"https:\/\/edicionesalfar.es\/es\/?s={search_term_string}"},"query-input":{"@type":"PropertyValueSpecification","valueRequired":true,"valueName":"search_term_string"}}],"inLanguage":"es"}]}},"_links":{"self":[{"href":"https:\/\/edicionesalfar.es\/es\/wp-json\/wp\/v2\/product\/14856","targetHints":{"allow":["GET"]}}],"collection":[{"href":"https:\/\/edicionesalfar.es\/es\/wp-json\/wp\/v2\/product"}],"about":[{"href":"https:\/\/edicionesalfar.es\/es\/wp-json\/wp\/v2\/types\/product"}],"replies":[{"embeddable":true,"href":"https:\/\/edicionesalfar.es\/es\/wp-json\/wp\/v2\/comments?post=14856"}],"wp:featuredmedia":[{"embeddable":true,"href":"https:\/\/edicionesalfar.es\/es\/wp-json\/wp\/v2\/media\/15150"}],"wp:attachment":[{"href":"https:\/\/edicionesalfar.es\/es\/wp-json\/wp\/v2\/media?parent=14856"}],"wp:term":[{"taxonomy":"product_brand","embeddable":true,"href":"https:\/\/edicionesalfar.es\/es\/wp-json\/wp\/v2\/product_brand?post=14856"},{"taxonomy":"product_cat","embeddable":true,"href":"https:\/\/edicionesalfar.es\/es\/wp-json\/wp\/v2\/product_cat?post=14856"},{"taxonomy":"product_tag","embeddable":true,"href":"https:\/\/edicionesalfar.es\/es\/wp-json\/wp\/v2\/product_tag?post=14856"}],"curies":[{"name":"wp","href":"https:\/\/api.w.org\/{rel}","templated":true}]}}