{"id":14838,"date":"2019-07-11T05:58:56","date_gmt":"2019-07-11T05:58:56","guid":{"rendered":"http:\/\/www.edicionesalfar.es\/web-wordpress\/?post_type=product&#052;p="},"modified":"2022-10-18T10:31:33","modified_gmt":"2022-10-18T08:31:33","slug":"los-evangelios-apocrifos-en-la-semana-santa-de-sevilla","status":"publish","type":"product","link":"https:\/\/edicionesalfar.es\/es\/producto\/los-evangelios-apocrifos-en-la-semana-santa-de-sevilla\/","title":{"rendered":"Los Evangelios Ap\u00f3crifos en la Semana Santa de Sevilla"},"content":{"rendered":"","protected":false},"excerpt":{"rendered":"<p><span style=\"color: #656565; font-family: sans-serif; font-size: 16px;\">Esta obra trata de desentra\u00f1ar las historias que los Evangelios Ap\u00f3crifos construyeron alrededor de algunos de los personajes secundarios de la Pasi\u00f3n de Cristo, viendo adem\u00e1s el reflejo que todo ello ha tenido y tiene en la configuraci\u00f3n de los pasos de misterio de la Semana Santa sevillana.<\/span><\/p>\n","protected":false},"featured_media":14839,"comment_status":"open","ping_status":"closed","template":"","meta":{"_acf_changed":false,"_et_pb_use_builder":"","_et_pb_old_content":"","_et_gb_content_width":""},"product_brand":[],"product_cat":[376,516,52],"product_tag":[],"class_list":{"0":"post-14838","1":"product","2":"type-product","3":"status-publish","4":"has-post-thumbnail","6":"product_cat-autores","7":"product_cat-cuesta-gomez-daniel","8":"product_cat-semana-santa","10":"first","11":"instock","12":"taxable","13":"shipping-taxable","14":"purchasable","15":"product-type-simple"},"acf":[],"yoast_head":"<!-- This site is optimized with the Yoast SEO plugin v27.5 - https:\/\/yoast.com\/product\/yoast-seo-wordpress\/ -->\n<title>Los Evangelios Ap\u00f3crifos en la Semana Santa de Sevilla - Ediciones Alfar<\/title>\n<meta name=\"robots\" content=\"index, follow, max-snippet:-1, max-image-preview:large, max-video-preview:-1\" \/>\n<link rel=\"canonical\" href=\"https:\/\/edicionesalfar.es\/es\/producto\/los-evangelios-apocrifos-en-la-semana-santa-de-sevilla\/\" \/>\n<meta property=\"og:locale\" content=\"es_ES\" \/>\n<meta property=\"og:type\" content=\"article\" \/>\n<meta property=\"og:title\" content=\"Los Evangelios Ap\u00f3crifos en la Semana Santa de Sevilla - Ediciones Alfar\" \/>\n<meta property=\"og:description\" content=\"Esta obra trata de desentra\u00f1ar las historias que los Evangelios Ap\u00f3crifos construyeron alrededor de algunos de los personajes secundarios de la Pasi\u00f3n de Cristo, viendo adem\u00e1s el reflejo que todo ello ha tenido y tiene en la configuraci\u00f3n de los pasos de misterio de la Semana Santa sevillana.\" \/>\n<meta property=\"og:url\" content=\"https:\/\/edicionesalfar.es\/es\/producto\/los-evangelios-apocrifos-en-la-semana-santa-de-sevilla\/\" \/>\n<meta property=\"og:site_name\" content=\"Ediciones Alfar\" \/>\n<meta property=\"article:modified_time\" content=\"2022-10-18T08:31:33+00:00\" \/>\n<meta property=\"og:image\" content=\"https:\/\/edicionesalfar.es\/es\/wp-content\/uploads\/2019\/05\/9788478988112_losevangelios.jpg\" \/>\n\t<meta property=\"og:image:width\" content=\"1\" \/>\n\t<meta property=\"og:image:height\" content=\"1\" \/>\n\t<meta property=\"og:image:type\" content=\"image\/jpeg\" \/>\n<meta name=\"twitter:card\" content=\"summary_large_image\" \/>\n<script type=\"application\/ld+json\" class=\"yoast-schema-graph\">{\"@context\":\"https:\\\/\\\/schema.org\",\"@graph\":[{\"@type\":\"WebPage\",\"@id\":\"https:\\\/\\\/edicionesalfar.es\\\/es\\\/producto\\\/los-evangelios-apocrifos-en-la-semana-santa-de-sevilla\\\/\",\"url\":\"https:\\\/\\\/edicionesalfar.es\\\/es\\\/producto\\\/los-evangelios-apocrifos-en-la-semana-santa-de-sevilla\\\/\",\"name\":\"Los Evangelios Ap\u00f3crifos en la Semana Santa de Sevilla - Ediciones Alfar\",\"isPartOf\":{\"@id\":\"https:\\\/\\\/edicionesalfar.es\\\/es\\\/#website\"},\"primaryImageOfPage\":{\"@id\":\"https:\\\/\\\/edicionesalfar.es\\\/es\\\/producto\\\/los-evangelios-apocrifos-en-la-semana-santa-de-sevilla\\\/#primaryimage\"},\"image\":{\"@id\":\"https:\\\/\\\/edicionesalfar.es\\\/es\\\/producto\\\/los-evangelios-apocrifos-en-la-semana-santa-de-sevilla\\\/#primaryimage\"},\"thumbnailUrl\":\"https:\\\/\\\/edicionesalfar.es\\\/es\\\/wp-content\\\/uploads\\\/2019\\\/05\\\/9788478988112_losevangelios.jpg\",\"datePublished\":\"2019-07-11T05:58:56+00:00\",\"dateModified\":\"2022-10-18T08:31:33+00:00\",\"breadcrumb\":{\"@id\":\"https:\\\/\\\/edicionesalfar.es\\\/es\\\/producto\\\/los-evangelios-apocrifos-en-la-semana-santa-de-sevilla\\\/#breadcrumb\"},\"inLanguage\":\"es\",\"potentialAction\":[{\"@type\":\"ReadAction\",\"target\":[\"https:\\\/\\\/edicionesalfar.es\\\/es\\\/producto\\\/los-evangelios-apocrifos-en-la-semana-santa-de-sevilla\\\/\"]}]},{\"@type\":\"ImageObject\",\"inLanguage\":\"es\",\"@id\":\"https:\\\/\\\/edicionesalfar.es\\\/es\\\/producto\\\/los-evangelios-apocrifos-en-la-semana-santa-de-sevilla\\\/#primaryimage\",\"url\":\"https:\\\/\\\/edicionesalfar.es\\\/es\\\/wp-content\\\/uploads\\\/2019\\\/05\\\/9788478988112_losevangelios.jpg\",\"contentUrl\":\"https:\\\/\\\/edicionesalfar.es\\\/es\\\/wp-content\\\/uploads\\\/2019\\\/05\\\/9788478988112_losevangelios.jpg\"},{\"@type\":\"BreadcrumbList\",\"@id\":\"https:\\\/\\\/edicionesalfar.es\\\/es\\\/producto\\\/los-evangelios-apocrifos-en-la-semana-santa-de-sevilla\\\/#breadcrumb\",\"itemListElement\":[{\"@type\":\"ListItem\",\"position\":1,\"name\":\"Portada\",\"item\":\"https:\\\/\\\/edicionesalfar.es\\\/es\\\/\"},{\"@type\":\"ListItem\",\"position\":2,\"name\":\"Cat\u00e1logo\",\"item\":\"https:\\\/\\\/edicionesalfar.es\\\/es\\\/catalogo\\\/\"},{\"@type\":\"ListItem\",\"position\":3,\"name\":\"Los Evangelios Ap\u00f3crifos en la Semana Santa de Sevilla\"}]},{\"@type\":\"WebSite\",\"@id\":\"https:\\\/\\\/edicionesalfar.es\\\/es\\\/#website\",\"url\":\"https:\\\/\\\/edicionesalfar.es\\\/es\\\/\",\"name\":\"Ediciones Alfar\",\"description\":\"\",\"potentialAction\":[{\"@type\":\"SearchAction\",\"target\":{\"@type\":\"EntryPoint\",\"urlTemplate\":\"https:\\\/\\\/edicionesalfar.es\\\/es\\\/?s={search_term_string}\"},\"query-input\":{\"@type\":\"PropertyValueSpecification\",\"valueRequired\":true,\"valueName\":\"search_term_string\"}}],\"inLanguage\":\"es\"}]}<\/script>\n<!-- \/ Yoast SEO plugin. -->","yoast_head_json":{"title":"Los Evangelios Ap\u00f3crifos en la Semana Santa de Sevilla - Ediciones Alfar","robots":{"index":"index","follow":"follow","max-snippet":"max-snippet:-1","max-image-preview":"max-image-preview:large","max-video-preview":"max-video-preview:-1"},"canonical":"https:\/\/edicionesalfar.es\/es\/producto\/los-evangelios-apocrifos-en-la-semana-santa-de-sevilla\/","og_locale":"es_ES","og_type":"article","og_title":"Los Evangelios Ap\u00f3crifos en la Semana Santa de Sevilla - Ediciones Alfar","og_description":"Esta obra trata de desentra\u00f1ar las historias que los Evangelios Ap\u00f3crifos construyeron alrededor de algunos de los personajes secundarios de la Pasi\u00f3n de Cristo, viendo adem\u00e1s el reflejo que todo ello ha tenido y tiene en la configuraci\u00f3n de los pasos de misterio de la Semana Santa sevillana.","og_url":"https:\/\/edicionesalfar.es\/es\/producto\/los-evangelios-apocrifos-en-la-semana-santa-de-sevilla\/","og_site_name":"Ediciones Alfar","article_modified_time":"2022-10-18T08:31:33+00:00","og_image":[{"url":"https:\/\/edicionesalfar.es\/es\/wp-content\/uploads\/2019\/05\/9788478988112_losevangelios.jpg","width":1,"height":1,"type":"image\/jpeg"}],"twitter_card":"summary_large_image","schema":{"@context":"https:\/\/schema.org","@graph":[{"@type":"WebPage","@id":"https:\/\/edicionesalfar.es\/es\/producto\/los-evangelios-apocrifos-en-la-semana-santa-de-sevilla\/","url":"https:\/\/edicionesalfar.es\/es\/producto\/los-evangelios-apocrifos-en-la-semana-santa-de-sevilla\/","name":"Los Evangelios Ap\u00f3crifos en la Semana Santa de Sevilla - Ediciones Alfar","isPartOf":{"@id":"https:\/\/edicionesalfar.es\/es\/#website"},"primaryImageOfPage":{"@id":"https:\/\/edicionesalfar.es\/es\/producto\/los-evangelios-apocrifos-en-la-semana-santa-de-sevilla\/#primaryimage"},"image":{"@id":"https:\/\/edicionesalfar.es\/es\/producto\/los-evangelios-apocrifos-en-la-semana-santa-de-sevilla\/#primaryimage"},"thumbnailUrl":"https:\/\/edicionesalfar.es\/es\/wp-content\/uploads\/2019\/05\/9788478988112_losevangelios.jpg","datePublished":"2019-07-11T05:58:56+00:00","dateModified":"2022-10-18T08:31:33+00:00","breadcrumb":{"@id":"https:\/\/edicionesalfar.es\/es\/producto\/los-evangelios-apocrifos-en-la-semana-santa-de-sevilla\/#breadcrumb"},"inLanguage":"es","potentialAction":[{"@type":"ReadAction","target":["https:\/\/edicionesalfar.es\/es\/producto\/los-evangelios-apocrifos-en-la-semana-santa-de-sevilla\/"]}]},{"@type":"ImageObject","inLanguage":"es","@id":"https:\/\/edicionesalfar.es\/es\/producto\/los-evangelios-apocrifos-en-la-semana-santa-de-sevilla\/#primaryimage","url":"https:\/\/edicionesalfar.es\/es\/wp-content\/uploads\/2019\/05\/9788478988112_losevangelios.jpg","contentUrl":"https:\/\/edicionesalfar.es\/es\/wp-content\/uploads\/2019\/05\/9788478988112_losevangelios.jpg"},{"@type":"BreadcrumbList","@id":"https:\/\/edicionesalfar.es\/es\/producto\/los-evangelios-apocrifos-en-la-semana-santa-de-sevilla\/#breadcrumb","itemListElement":[{"@type":"ListItem","position":1,"name":"Portada","item":"https:\/\/edicionesalfar.es\/es\/"},{"@type":"ListItem","position":2,"name":"Cat\u00e1logo","item":"https:\/\/edicionesalfar.es\/es\/catalogo\/"},{"@type":"ListItem","position":3,"name":"Los Evangelios Ap\u00f3crifos en la Semana Santa de Sevilla"}]},{"@type":"WebSite","@id":"https:\/\/edicionesalfar.es\/es\/#website","url":"https:\/\/edicionesalfar.es\/es\/","name":"Ediciones Alfar","description":"","potentialAction":[{"@type":"SearchAction","target":{"@type":"EntryPoint","urlTemplate":"https:\/\/edicionesalfar.es\/es\/?s={search_term_string}"},"query-input":{"@type":"PropertyValueSpecification","valueRequired":true,"valueName":"search_term_string"}}],"inLanguage":"es"}]}},"_links":{"self":[{"href":"https:\/\/edicionesalfar.es\/es\/wp-json\/wp\/v2\/product\/14838","targetHints":{"allow":["GET"]}}],"collection":[{"href":"https:\/\/edicionesalfar.es\/es\/wp-json\/wp\/v2\/product"}],"about":[{"href":"https:\/\/edicionesalfar.es\/es\/wp-json\/wp\/v2\/types\/product"}],"replies":[{"embeddable":true,"href":"https:\/\/edicionesalfar.es\/es\/wp-json\/wp\/v2\/comments?post=14838"}],"wp:featuredmedia":[{"embeddable":true,"href":"https:\/\/edicionesalfar.es\/es\/wp-json\/wp\/v2\/media\/14839"}],"wp:attachment":[{"href":"https:\/\/edicionesalfar.es\/es\/wp-json\/wp\/v2\/media?parent=14838"}],"wp:term":[{"taxonomy":"product_brand","embeddable":true,"href":"https:\/\/edicionesalfar.es\/es\/wp-json\/wp\/v2\/product_brand?post=14838"},{"taxonomy":"product_cat","embeddable":true,"href":"https:\/\/edicionesalfar.es\/es\/wp-json\/wp\/v2\/product_cat?post=14838"},{"taxonomy":"product_tag","embeddable":true,"href":"https:\/\/edicionesalfar.es\/es\/wp-json\/wp\/v2\/product_tag?post=14838"}],"curies":[{"name":"wp","href":"https:\/\/api.w.org\/{rel}","templated":true}]}}