{"id":14830,"date":"2019-07-11T05:58:51","date_gmt":"2019-07-11T05:58:51","guid":{"rendered":"http:\/\/www.edicionesalfar.es\/web-wordpress\/?post_type=product&#047;p="},"modified":"2022-06-15T11:58:17","modified_gmt":"2022-06-15T09:58:17","slug":"musicos-de-sevilla-el-chiringuito-de-bandones","status":"publish","type":"product","link":"https:\/\/edicionesalfar.es\/es\/producto\/musicos-de-sevilla-el-chiringuito-de-bandones\/","title":{"rendered":"M\u00fasicos de Sevilla. El Chiringuito de Bandones"},"content":{"rendered":"","protected":false},"excerpt":{"rendered":"<p><span style=\"margin: 0px; padding: 0px; color: #656565; font-family: sans-serif; font-size: 12pt;\">Rinde homenaje a todos esos\u00a0<\/span><span style=\"margin: 0px; padding: 0px; color: #656565; font-family: sans-serif; font-size: 12pt;\">m\u00fasicos an\u00f3nimos que ensayan durante todo el a\u00f1o para el\u00a0<\/span><span style=\"margin: 0px; padding: 0px; color: #656565; font-family: sans-serif; font-size: 12pt;\">disfrute de los dem\u00e1s, con el humor caracter\u00edstico del Chiringuito\u00a0<\/span><span style=\"margin: 0px; padding: 0px; color: #656565; font-family: sans-serif; font-size: 12pt;\">de Bandones que le ha reportado ya m\u00e1s de 17.000\u00a0<\/span><span style=\"margin: 0px; padding: 0px; color: #656565; font-family: sans-serif; font-size: 12pt;\">seguidores en redes sociales.<\/span><\/p>\n","protected":false},"featured_media":14831,"comment_status":"open","ping_status":"closed","template":"","meta":{"_acf_changed":false,"_et_pb_use_builder":"","_et_pb_old_content":"","_et_gb_content_width":""},"product_brand":[],"product_cat":[438,376,47],"product_tag":[],"class_list":{"0":"post-14830","1":"product","2":"type-product","3":"status-publish","4":"has-post-thumbnail","6":"product_cat-alvarez-campos-alberto","7":"product_cat-autores","8":"product_cat-otras-narrativas","10":"first","11":"instock","12":"taxable","13":"shipping-taxable","14":"purchasable","15":"product-type-simple"},"acf":[],"yoast_head":"<!-- This site is optimized with the Yoast SEO plugin v27.4 - https:\/\/yoast.com\/product\/yoast-seo-wordpress\/ -->\n<title>M\u00fasicos de Sevilla. El Chiringuito de Bandones - Ediciones Alfar<\/title>\n<meta name=\"robots\" content=\"index, follow, max-snippet:-1, max-image-preview:large, max-video-preview:-1\" \/>\n<link rel=\"canonical\" href=\"https:\/\/edicionesalfar.es\/es\/producto\/musicos-de-sevilla-el-chiringuito-de-bandones\/\" \/>\n<meta property=\"og:locale\" content=\"es_ES\" \/>\n<meta property=\"og:type\" content=\"article\" \/>\n<meta property=\"og:title\" content=\"M\u00fasicos de Sevilla. El Chiringuito de Bandones - Ediciones Alfar\" \/>\n<meta property=\"og:description\" content=\"Rinde homenaje a todos esos\u00a0m\u00fasicos an\u00f3nimos que ensayan durante todo el a\u00f1o para el\u00a0disfrute de los dem\u00e1s, con el humor caracter\u00edstico del Chiringuito\u00a0de Bandones que le ha reportado ya m\u00e1s de 17.000\u00a0seguidores en redes sociales.\" \/>\n<meta property=\"og:url\" content=\"https:\/\/edicionesalfar.es\/es\/producto\/musicos-de-sevilla-el-chiringuito-de-bandones\/\" \/>\n<meta property=\"og:site_name\" content=\"Ediciones Alfar\" \/>\n<meta property=\"article:modified_time\" content=\"2022-06-15T09:58:17+00:00\" \/>\n<meta property=\"og:image\" content=\"https:\/\/edicionesalfar.es\/es\/wp-content\/uploads\/2019\/05\/9788478988037_musicosdesevilla.jpg\" \/>\n\t<meta property=\"og:image:width\" content=\"1\" \/>\n\t<meta property=\"og:image:height\" content=\"1\" \/>\n\t<meta property=\"og:image:type\" content=\"image\/jpeg\" \/>\n<meta name=\"twitter:card\" content=\"summary_large_image\" \/>\n<script type=\"application\/ld+json\" class=\"yoast-schema-graph\">{\"@context\":\"https:\\\/\\\/schema.org\",\"@graph\":[{\"@type\":\"WebPage\",\"@id\":\"https:\\\/\\\/edicionesalfar.es\\\/es\\\/producto\\\/musicos-de-sevilla-el-chiringuito-de-bandones\\\/\",\"url\":\"https:\\\/\\\/edicionesalfar.es\\\/es\\\/producto\\\/musicos-de-sevilla-el-chiringuito-de-bandones\\\/\",\"name\":\"M\u00fasicos de Sevilla. El Chiringuito de Bandones - Ediciones Alfar\",\"isPartOf\":{\"@id\":\"https:\\\/\\\/edicionesalfar.es\\\/es\\\/#website\"},\"primaryImageOfPage\":{\"@id\":\"https:\\\/\\\/edicionesalfar.es\\\/es\\\/producto\\\/musicos-de-sevilla-el-chiringuito-de-bandones\\\/#primaryimage\"},\"image\":{\"@id\":\"https:\\\/\\\/edicionesalfar.es\\\/es\\\/producto\\\/musicos-de-sevilla-el-chiringuito-de-bandones\\\/#primaryimage\"},\"thumbnailUrl\":\"https:\\\/\\\/edicionesalfar.es\\\/es\\\/wp-content\\\/uploads\\\/2019\\\/05\\\/9788478988037_musicosdesevilla.jpg\",\"datePublished\":\"2019-07-11T05:58:51+00:00\",\"dateModified\":\"2022-06-15T09:58:17+00:00\",\"breadcrumb\":{\"@id\":\"https:\\\/\\\/edicionesalfar.es\\\/es\\\/producto\\\/musicos-de-sevilla-el-chiringuito-de-bandones\\\/#breadcrumb\"},\"inLanguage\":\"es\",\"potentialAction\":[{\"@type\":\"ReadAction\",\"target\":[\"https:\\\/\\\/edicionesalfar.es\\\/es\\\/producto\\\/musicos-de-sevilla-el-chiringuito-de-bandones\\\/\"]}]},{\"@type\":\"ImageObject\",\"inLanguage\":\"es\",\"@id\":\"https:\\\/\\\/edicionesalfar.es\\\/es\\\/producto\\\/musicos-de-sevilla-el-chiringuito-de-bandones\\\/#primaryimage\",\"url\":\"https:\\\/\\\/edicionesalfar.es\\\/es\\\/wp-content\\\/uploads\\\/2019\\\/05\\\/9788478988037_musicosdesevilla.jpg\",\"contentUrl\":\"https:\\\/\\\/edicionesalfar.es\\\/es\\\/wp-content\\\/uploads\\\/2019\\\/05\\\/9788478988037_musicosdesevilla.jpg\"},{\"@type\":\"BreadcrumbList\",\"@id\":\"https:\\\/\\\/edicionesalfar.es\\\/es\\\/producto\\\/musicos-de-sevilla-el-chiringuito-de-bandones\\\/#breadcrumb\",\"itemListElement\":[{\"@type\":\"ListItem\",\"position\":1,\"name\":\"Portada\",\"item\":\"https:\\\/\\\/edicionesalfar.es\\\/es\\\/\"},{\"@type\":\"ListItem\",\"position\":2,\"name\":\"Cat\u00e1logo\",\"item\":\"https:\\\/\\\/edicionesalfar.es\\\/es\\\/catalogo\\\/\"},{\"@type\":\"ListItem\",\"position\":3,\"name\":\"M\u00fasicos de Sevilla. El Chiringuito de Bandones\"}]},{\"@type\":\"WebSite\",\"@id\":\"https:\\\/\\\/edicionesalfar.es\\\/es\\\/#website\",\"url\":\"https:\\\/\\\/edicionesalfar.es\\\/es\\\/\",\"name\":\"Ediciones Alfar\",\"description\":\"\",\"potentialAction\":[{\"@type\":\"SearchAction\",\"target\":{\"@type\":\"EntryPoint\",\"urlTemplate\":\"https:\\\/\\\/edicionesalfar.es\\\/es\\\/?s={search_term_string}\"},\"query-input\":{\"@type\":\"PropertyValueSpecification\",\"valueRequired\":true,\"valueName\":\"search_term_string\"}}],\"inLanguage\":\"es\"}]}<\/script>\n<!-- \/ Yoast SEO plugin. -->","yoast_head_json":{"title":"M\u00fasicos de Sevilla. El Chiringuito de Bandones - Ediciones Alfar","robots":{"index":"index","follow":"follow","max-snippet":"max-snippet:-1","max-image-preview":"max-image-preview:large","max-video-preview":"max-video-preview:-1"},"canonical":"https:\/\/edicionesalfar.es\/es\/producto\/musicos-de-sevilla-el-chiringuito-de-bandones\/","og_locale":"es_ES","og_type":"article","og_title":"M\u00fasicos de Sevilla. El Chiringuito de Bandones - Ediciones Alfar","og_description":"Rinde homenaje a todos esos\u00a0m\u00fasicos an\u00f3nimos que ensayan durante todo el a\u00f1o para el\u00a0disfrute de los dem\u00e1s, con el humor caracter\u00edstico del Chiringuito\u00a0de Bandones que le ha reportado ya m\u00e1s de 17.000\u00a0seguidores en redes sociales.","og_url":"https:\/\/edicionesalfar.es\/es\/producto\/musicos-de-sevilla-el-chiringuito-de-bandones\/","og_site_name":"Ediciones Alfar","article_modified_time":"2022-06-15T09:58:17+00:00","og_image":[{"url":"https:\/\/edicionesalfar.es\/es\/wp-content\/uploads\/2019\/05\/9788478988037_musicosdesevilla.jpg","width":1,"height":1,"type":"image\/jpeg"}],"twitter_card":"summary_large_image","schema":{"@context":"https:\/\/schema.org","@graph":[{"@type":"WebPage","@id":"https:\/\/edicionesalfar.es\/es\/producto\/musicos-de-sevilla-el-chiringuito-de-bandones\/","url":"https:\/\/edicionesalfar.es\/es\/producto\/musicos-de-sevilla-el-chiringuito-de-bandones\/","name":"M\u00fasicos de Sevilla. El Chiringuito de Bandones - Ediciones Alfar","isPartOf":{"@id":"https:\/\/edicionesalfar.es\/es\/#website"},"primaryImageOfPage":{"@id":"https:\/\/edicionesalfar.es\/es\/producto\/musicos-de-sevilla-el-chiringuito-de-bandones\/#primaryimage"},"image":{"@id":"https:\/\/edicionesalfar.es\/es\/producto\/musicos-de-sevilla-el-chiringuito-de-bandones\/#primaryimage"},"thumbnailUrl":"https:\/\/edicionesalfar.es\/es\/wp-content\/uploads\/2019\/05\/9788478988037_musicosdesevilla.jpg","datePublished":"2019-07-11T05:58:51+00:00","dateModified":"2022-06-15T09:58:17+00:00","breadcrumb":{"@id":"https:\/\/edicionesalfar.es\/es\/producto\/musicos-de-sevilla-el-chiringuito-de-bandones\/#breadcrumb"},"inLanguage":"es","potentialAction":[{"@type":"ReadAction","target":["https:\/\/edicionesalfar.es\/es\/producto\/musicos-de-sevilla-el-chiringuito-de-bandones\/"]}]},{"@type":"ImageObject","inLanguage":"es","@id":"https:\/\/edicionesalfar.es\/es\/producto\/musicos-de-sevilla-el-chiringuito-de-bandones\/#primaryimage","url":"https:\/\/edicionesalfar.es\/es\/wp-content\/uploads\/2019\/05\/9788478988037_musicosdesevilla.jpg","contentUrl":"https:\/\/edicionesalfar.es\/es\/wp-content\/uploads\/2019\/05\/9788478988037_musicosdesevilla.jpg"},{"@type":"BreadcrumbList","@id":"https:\/\/edicionesalfar.es\/es\/producto\/musicos-de-sevilla-el-chiringuito-de-bandones\/#breadcrumb","itemListElement":[{"@type":"ListItem","position":1,"name":"Portada","item":"https:\/\/edicionesalfar.es\/es\/"},{"@type":"ListItem","position":2,"name":"Cat\u00e1logo","item":"https:\/\/edicionesalfar.es\/es\/catalogo\/"},{"@type":"ListItem","position":3,"name":"M\u00fasicos de Sevilla. El Chiringuito de Bandones"}]},{"@type":"WebSite","@id":"https:\/\/edicionesalfar.es\/es\/#website","url":"https:\/\/edicionesalfar.es\/es\/","name":"Ediciones Alfar","description":"","potentialAction":[{"@type":"SearchAction","target":{"@type":"EntryPoint","urlTemplate":"https:\/\/edicionesalfar.es\/es\/?s={search_term_string}"},"query-input":{"@type":"PropertyValueSpecification","valueRequired":true,"valueName":"search_term_string"}}],"inLanguage":"es"}]}},"_links":{"self":[{"href":"https:\/\/edicionesalfar.es\/es\/wp-json\/wp\/v2\/product\/14830","targetHints":{"allow":["GET"]}}],"collection":[{"href":"https:\/\/edicionesalfar.es\/es\/wp-json\/wp\/v2\/product"}],"about":[{"href":"https:\/\/edicionesalfar.es\/es\/wp-json\/wp\/v2\/types\/product"}],"replies":[{"embeddable":true,"href":"https:\/\/edicionesalfar.es\/es\/wp-json\/wp\/v2\/comments?post=14830"}],"wp:featuredmedia":[{"embeddable":true,"href":"https:\/\/edicionesalfar.es\/es\/wp-json\/wp\/v2\/media\/14831"}],"wp:attachment":[{"href":"https:\/\/edicionesalfar.es\/es\/wp-json\/wp\/v2\/media?parent=14830"}],"wp:term":[{"taxonomy":"product_brand","embeddable":true,"href":"https:\/\/edicionesalfar.es\/es\/wp-json\/wp\/v2\/product_brand?post=14830"},{"taxonomy":"product_cat","embeddable":true,"href":"https:\/\/edicionesalfar.es\/es\/wp-json\/wp\/v2\/product_cat?post=14830"},{"taxonomy":"product_tag","embeddable":true,"href":"https:\/\/edicionesalfar.es\/es\/wp-json\/wp\/v2\/product_tag?post=14830"}],"curies":[{"name":"wp","href":"https:\/\/api.w.org\/{rel}","templated":true}]}}