{"id":14620,"date":"2019-07-11T05:57:00","date_gmt":"2019-07-11T05:57:00","guid":{"rendered":"http:\/\/www.edicionesalfar.es\/web-wordpress\/?post_type=product&#038;#029;p="},"modified":"2022-12-07T12:42:14","modified_gmt":"2022-12-07T11:42:14","slug":"abbie","status":"publish","type":"product","link":"https:\/\/edicionesalfar.es\/es\/producto\/abbie\/","title":{"rendered":"Abbie"},"content":{"rendered":"<p style=\"font-style: normal; font-size: 11px; font-family: Verdana, Arial, Helvetica, sans-serif;\">Sergi Escudero<\/p>\n<p style=\"font-style: normal; font-size: 11px; font-family: Verdana, Arial, Helvetica, sans-serif;\">Abbie\u00a0es una descripci\u00f3n de la sociedad actual, llena de intereses oscuros e ilegalidades en las sombras del poder, y precariedad en la gente corriente. Tambi\u00e9n es una cr\u00edtica a los medios de comunicaci\u00f3n y una reexi\u00f3n sobre la Barcelona actual.<\/p>\n","protected":false},"excerpt":{"rendered":"<p><span style=\"margin: 0px; padding: 0px; color: #656565; font-family: arial, helvetica, sans-serif; line-height: 18px; font-size: 14pt;\"><em style=\"margin: 0px; padding: 0px;\"><span style=\"margin: 0px; padding: 0px; font-size: 12pt; background-image: initial; background-attachment: initial; background-position: initial; background-repeat: initial;\">Abbie\u00a0<\/span><\/em><span style=\"margin: 0px; padding: 0px; font-size: 12pt; background-image: initial; background-attachment: initial; background-position: initial; background-repeat: initial;\">es una descripci\u00f3n de la sociedad actual, llena de intereses oscuros e ilegalidades en las sombras del poder, y precariedad en la gente corriente. Tambi\u00e9n es una cr\u00edtica a los medios de comunicaci\u00f3n y una reexi\u00f3n sobre la Barcelona actual<\/span><\/span><span style=\"margin: 0px; padding: 0px; color: #656565; font-family: arial, helvetica, sans-serif; line-height: 18px; font-size: 14pt;\">.<\/span><\/p>\n","protected":false},"featured_media":14621,"comment_status":"open","ping_status":"closed","template":"","meta":{"_acf_changed":false,"_et_pb_use_builder":"","_et_pb_old_content":"","_et_gb_content_width":""},"product_brand":[],"product_cat":[376,539,29],"product_tag":[],"class_list":{"0":"post-14620","1":"product","2":"type-product","3":"status-publish","4":"has-post-thumbnail","6":"product_cat-autores","7":"product_cat-escudero-jorda-sergi","8":"product_cat-narrativa","10":"first","11":"instock","12":"taxable","13":"shipping-taxable","14":"purchasable","15":"product-type-simple"},"acf":[],"yoast_head":"<!-- This site is optimized with the Yoast SEO plugin v27.3 - https:\/\/yoast.com\/product\/yoast-seo-wordpress\/ -->\n<title>Abbie - Ediciones Alfar<\/title>\n<meta name=\"robots\" content=\"index, follow, max-snippet:-1, max-image-preview:large, max-video-preview:-1\" \/>\n<link rel=\"canonical\" href=\"https:\/\/edicionesalfar.es\/es\/producto\/abbie\/\" \/>\n<meta property=\"og:locale\" content=\"es_ES\" \/>\n<meta property=\"og:type\" content=\"article\" \/>\n<meta property=\"og:title\" content=\"Abbie - Ediciones Alfar\" \/>\n<meta property=\"og:description\" content=\"Abbie\u00a0es una descripci\u00f3n de la sociedad actual, llena de intereses oscuros e ilegalidades en las sombras del poder, y precariedad en la gente corriente. Tambi\u00e9n es una cr\u00edtica a los medios de comunicaci\u00f3n y una reexi\u00f3n sobre la Barcelona actual.\" \/>\n<meta property=\"og:url\" content=\"https:\/\/edicionesalfar.es\/es\/producto\/abbie\/\" \/>\n<meta property=\"og:site_name\" content=\"Ediciones Alfar\" \/>\n<meta property=\"article:modified_time\" content=\"2022-12-07T11:42:14+00:00\" \/>\n<meta property=\"og:image\" content=\"https:\/\/edicionesalfar.es\/es\/wp-content\/uploads\/2019\/05\/978-84-7898-628-6_9758df0d.jpg\" \/>\n\t<meta property=\"og:image:width\" content=\"1\" \/>\n\t<meta property=\"og:image:height\" content=\"1\" \/>\n\t<meta property=\"og:image:type\" content=\"image\/jpeg\" \/>\n<meta name=\"twitter:card\" content=\"summary_large_image\" \/>\n<meta name=\"twitter:label1\" content=\"Tiempo de lectura\" \/>\n\t<meta name=\"twitter:data1\" content=\"1 minuto\" \/>\n<script type=\"application\/ld+json\" class=\"yoast-schema-graph\">{\"@context\":\"https:\\\/\\\/schema.org\",\"@graph\":[{\"@type\":\"WebPage\",\"@id\":\"https:\\\/\\\/edicionesalfar.es\\\/es\\\/producto\\\/abbie\\\/\",\"url\":\"https:\\\/\\\/edicionesalfar.es\\\/es\\\/producto\\\/abbie\\\/\",\"name\":\"Abbie - Ediciones Alfar\",\"isPartOf\":{\"@id\":\"https:\\\/\\\/edicionesalfar.es\\\/es\\\/#website\"},\"primaryImageOfPage\":{\"@id\":\"https:\\\/\\\/edicionesalfar.es\\\/es\\\/producto\\\/abbie\\\/#primaryimage\"},\"image\":{\"@id\":\"https:\\\/\\\/edicionesalfar.es\\\/es\\\/producto\\\/abbie\\\/#primaryimage\"},\"thumbnailUrl\":\"https:\\\/\\\/edicionesalfar.es\\\/es\\\/wp-content\\\/uploads\\\/2019\\\/05\\\/978-84-7898-628-6_9758df0d.jpg\",\"datePublished\":\"2019-07-11T05:57:00+00:00\",\"dateModified\":\"2022-12-07T11:42:14+00:00\",\"breadcrumb\":{\"@id\":\"https:\\\/\\\/edicionesalfar.es\\\/es\\\/producto\\\/abbie\\\/#breadcrumb\"},\"inLanguage\":\"es\",\"potentialAction\":[{\"@type\":\"ReadAction\",\"target\":[\"https:\\\/\\\/edicionesalfar.es\\\/es\\\/producto\\\/abbie\\\/\"]}]},{\"@type\":\"ImageObject\",\"inLanguage\":\"es\",\"@id\":\"https:\\\/\\\/edicionesalfar.es\\\/es\\\/producto\\\/abbie\\\/#primaryimage\",\"url\":\"https:\\\/\\\/edicionesalfar.es\\\/es\\\/wp-content\\\/uploads\\\/2019\\\/05\\\/978-84-7898-628-6_9758df0d.jpg\",\"contentUrl\":\"https:\\\/\\\/edicionesalfar.es\\\/es\\\/wp-content\\\/uploads\\\/2019\\\/05\\\/978-84-7898-628-6_9758df0d.jpg\"},{\"@type\":\"BreadcrumbList\",\"@id\":\"https:\\\/\\\/edicionesalfar.es\\\/es\\\/producto\\\/abbie\\\/#breadcrumb\",\"itemListElement\":[{\"@type\":\"ListItem\",\"position\":1,\"name\":\"Portada\",\"item\":\"https:\\\/\\\/edicionesalfar.es\\\/es\\\/\"},{\"@type\":\"ListItem\",\"position\":2,\"name\":\"Cat\u00e1logo\",\"item\":\"https:\\\/\\\/edicionesalfar.es\\\/es\\\/catalogo\\\/\"},{\"@type\":\"ListItem\",\"position\":3,\"name\":\"Abbie\"}]},{\"@type\":\"WebSite\",\"@id\":\"https:\\\/\\\/edicionesalfar.es\\\/es\\\/#website\",\"url\":\"https:\\\/\\\/edicionesalfar.es\\\/es\\\/\",\"name\":\"Ediciones Alfar\",\"description\":\"\",\"potentialAction\":[{\"@type\":\"SearchAction\",\"target\":{\"@type\":\"EntryPoint\",\"urlTemplate\":\"https:\\\/\\\/edicionesalfar.es\\\/es\\\/?s={search_term_string}\"},\"query-input\":{\"@type\":\"PropertyValueSpecification\",\"valueRequired\":true,\"valueName\":\"search_term_string\"}}],\"inLanguage\":\"es\"}]}<\/script>\n<!-- \/ Yoast SEO plugin. -->","yoast_head_json":{"title":"Abbie - Ediciones Alfar","robots":{"index":"index","follow":"follow","max-snippet":"max-snippet:-1","max-image-preview":"max-image-preview:large","max-video-preview":"max-video-preview:-1"},"canonical":"https:\/\/edicionesalfar.es\/es\/producto\/abbie\/","og_locale":"es_ES","og_type":"article","og_title":"Abbie - Ediciones Alfar","og_description":"Abbie\u00a0es una descripci\u00f3n de la sociedad actual, llena de intereses oscuros e ilegalidades en las sombras del poder, y precariedad en la gente corriente. Tambi\u00e9n es una cr\u00edtica a los medios de comunicaci\u00f3n y una reexi\u00f3n sobre la Barcelona actual.","og_url":"https:\/\/edicionesalfar.es\/es\/producto\/abbie\/","og_site_name":"Ediciones Alfar","article_modified_time":"2022-12-07T11:42:14+00:00","og_image":[{"url":"https:\/\/edicionesalfar.es\/es\/wp-content\/uploads\/2019\/05\/978-84-7898-628-6_9758df0d.jpg","width":1,"height":1,"type":"image\/jpeg"}],"twitter_card":"summary_large_image","twitter_misc":{"Tiempo de lectura":"1 minuto"},"schema":{"@context":"https:\/\/schema.org","@graph":[{"@type":"WebPage","@id":"https:\/\/edicionesalfar.es\/es\/producto\/abbie\/","url":"https:\/\/edicionesalfar.es\/es\/producto\/abbie\/","name":"Abbie - Ediciones Alfar","isPartOf":{"@id":"https:\/\/edicionesalfar.es\/es\/#website"},"primaryImageOfPage":{"@id":"https:\/\/edicionesalfar.es\/es\/producto\/abbie\/#primaryimage"},"image":{"@id":"https:\/\/edicionesalfar.es\/es\/producto\/abbie\/#primaryimage"},"thumbnailUrl":"https:\/\/edicionesalfar.es\/es\/wp-content\/uploads\/2019\/05\/978-84-7898-628-6_9758df0d.jpg","datePublished":"2019-07-11T05:57:00+00:00","dateModified":"2022-12-07T11:42:14+00:00","breadcrumb":{"@id":"https:\/\/edicionesalfar.es\/es\/producto\/abbie\/#breadcrumb"},"inLanguage":"es","potentialAction":[{"@type":"ReadAction","target":["https:\/\/edicionesalfar.es\/es\/producto\/abbie\/"]}]},{"@type":"ImageObject","inLanguage":"es","@id":"https:\/\/edicionesalfar.es\/es\/producto\/abbie\/#primaryimage","url":"https:\/\/edicionesalfar.es\/es\/wp-content\/uploads\/2019\/05\/978-84-7898-628-6_9758df0d.jpg","contentUrl":"https:\/\/edicionesalfar.es\/es\/wp-content\/uploads\/2019\/05\/978-84-7898-628-6_9758df0d.jpg"},{"@type":"BreadcrumbList","@id":"https:\/\/edicionesalfar.es\/es\/producto\/abbie\/#breadcrumb","itemListElement":[{"@type":"ListItem","position":1,"name":"Portada","item":"https:\/\/edicionesalfar.es\/es\/"},{"@type":"ListItem","position":2,"name":"Cat\u00e1logo","item":"https:\/\/edicionesalfar.es\/es\/catalogo\/"},{"@type":"ListItem","position":3,"name":"Abbie"}]},{"@type":"WebSite","@id":"https:\/\/edicionesalfar.es\/es\/#website","url":"https:\/\/edicionesalfar.es\/es\/","name":"Ediciones Alfar","description":"","potentialAction":[{"@type":"SearchAction","target":{"@type":"EntryPoint","urlTemplate":"https:\/\/edicionesalfar.es\/es\/?s={search_term_string}"},"query-input":{"@type":"PropertyValueSpecification","valueRequired":true,"valueName":"search_term_string"}}],"inLanguage":"es"}]}},"_links":{"self":[{"href":"https:\/\/edicionesalfar.es\/es\/wp-json\/wp\/v2\/product\/14620","targetHints":{"allow":["GET"]}}],"collection":[{"href":"https:\/\/edicionesalfar.es\/es\/wp-json\/wp\/v2\/product"}],"about":[{"href":"https:\/\/edicionesalfar.es\/es\/wp-json\/wp\/v2\/types\/product"}],"replies":[{"embeddable":true,"href":"https:\/\/edicionesalfar.es\/es\/wp-json\/wp\/v2\/comments?post=14620"}],"wp:featuredmedia":[{"embeddable":true,"href":"https:\/\/edicionesalfar.es\/es\/wp-json\/wp\/v2\/media\/14621"}],"wp:attachment":[{"href":"https:\/\/edicionesalfar.es\/es\/wp-json\/wp\/v2\/media?parent=14620"}],"wp:term":[{"taxonomy":"product_brand","embeddable":true,"href":"https:\/\/edicionesalfar.es\/es\/wp-json\/wp\/v2\/product_brand?post=14620"},{"taxonomy":"product_cat","embeddable":true,"href":"https:\/\/edicionesalfar.es\/es\/wp-json\/wp\/v2\/product_cat?post=14620"},{"taxonomy":"product_tag","embeddable":true,"href":"https:\/\/edicionesalfar.es\/es\/wp-json\/wp\/v2\/product_tag?post=14620"}],"curies":[{"name":"wp","href":"https:\/\/api.w.org\/{rel}","templated":true}]}}