{"id":14588,"date":"2019-07-11T05:56:43","date_gmt":"2019-07-11T05:56:43","guid":{"rendered":"http:\/\/www.edicionesalfar.es\/web-wordpress\/?post_type=product&#043;p="},"modified":"2021-02-10T08:48:00","modified_gmt":"2021-02-10T07:48:00","slug":"la-salud-en-tu-despensa","status":"publish","type":"product","link":"https:\/\/edicionesalfar.es\/es\/producto\/la-salud-en-tu-despensa\/","title":{"rendered":"La salud en tu despensa"},"content":{"rendered":"<p style=\"margin: 0px 0px 1.5em; padding-left: 0px; font-size: 12px; line-height: 18px; color: #656565; font-family: sans-serif; font-style: normal; page-break-inside: avoid; widows: 136;\" align=\"JUSTIFY\">Los alimentos y su uso como remedios curativos o paliativos de enfermedades han acompa\u00f1ado la vida del ser humano desde hace siglos. Desde los ajos a la miel, pasando por los frutos secos, las especias o las hierbas arom\u00e1ticas, somos capaces de encontrar escritos que hablan de las propiedades curativas de muchos ingredientes en tiempos pasados. Ingredientes que no solo hoy existen y est\u00e1n a nuestro alcance; sino que en algunos casos son utilizados en la elaboraci\u00f3n de f\u00e1rmacos y medicamentos.<\/p>\n<p lang=\"es-ES\" style=\"margin: 0px 0px 1.5em; padding-left: 0px; font-size: 12px; line-height: 18px; color: #656565; font-family: sans-serif; font-style: normal; page-break-inside: avoid; widows: 136;\" align=\"JUSTIFY\">Pero lo m\u00e1s interesante es que en muchos de estos alimentos no solo encontramos remedios para curar. Tambi\u00e9n hallamos propiedades que nos ayudan a prevenir.<\/p>\n<p lang=\"es-ES\" style=\"margin: 0px 0px 1.5em; padding-left: 0px; font-size: 12px; line-height: 18px; color: #656565; font-family: sans-serif; font-style: normal; page-break-inside: avoid; widows: 136;\" align=\"JUSTIFY\">Eso es precisamente lo que vamos a aprender en las p\u00e1ginas de La salud en tu despensa: formas de prevenir o de afrontar una enfermedad con la colaboraci\u00f3n indispensable de los alimentos. Alimentos y recetas que acabar\u00e1n con muchas falsas creencias nutricionales en torno a enfermedades y que nos conducir\u00e1n a disfrutar de los alimentos: conoci\u00e9ndolos y aprovechando sus cualidades seg\u00fan en qu\u00e9 situaci\u00f3n nos encontremos. Ya estemos sanos o tengamos alg\u00fan tipo de dolencia o enfermedad, los alimentos deben y tienen que ser nuestros aliados. Y en este libro vamos a descubrir por nosotros mismos que esa alianza es posible\u2026 Posible y necesaria.<\/p>\n<p lang=\"es-ES\" style=\"margin: 0px 0px 1.5em; padding-left: 0px; font-size: 12px; line-height: 18px; color: #656565; font-family: sans-serif; font-style: normal; page-break-inside: avoid; widows: 136;\" align=\"JUSTIFY\">Descubran que no hay alimentos malos.<\/p>\n<p lang=\"es-ES\" style=\"margin: 0px 0px 1.5em; padding-left: 0px; font-size: 12px; line-height: 18px; color: #656565; font-family: sans-serif; font-style: normal; page-break-inside: avoid; widows: 136;\" align=\"JUSTIFY\">Aprendan que los alimentos solo son enemigos cuando nosotros los convertimos en tal mediante un mal uso.<\/p>\n<p lang=\"es-ES\" style=\"margin: 0px 0px 1.5em; padding-left: 0px; font-size: 12px; line-height: 18px; color: #656565; font-family: sans-serif; font-style: normal; page-break-inside: avoid; widows: 136;\" align=\"JUSTIFY\">Transformen su alimentaci\u00f3n en una base s\u00f3lida de su salud.<\/p>\n<p lang=\"es-ES\" style=\"margin: 0px 0px 1.5em; padding-left: 0px; font-size: 12px; line-height: 18px; color: #656565; font-family: sans-serif; font-style: normal; page-break-inside: avoid; widows: 136;\" align=\"JUSTIFY\">En definitiva, disfruten cocinando y comiendo sano.<\/p>\n<p lang=\"es-ES\" style=\"margin: 0px 0px 1.5em; padding-left: 0px; font-size: 12px; line-height: 18px; color: #656565; font-family: sans-serif; font-style: normal; page-break-inside: avoid; widows: 136;\" align=\"JUSTIFY\">Al fin y al cabo, ya me lo dec\u00eda mi abuela\u2026 \u201csomos lo que comemos\u201d.<\/p>\n","protected":false},"excerpt":{"rendered":"<p><span style=\"margin: 0px; padding: 0px; color: #656565; line-height: 18px; font-family: arial, helvetica, sans-serif; font-size: 12pt;\">Nuevo libro basado en el programa\u00a0<\/span><span style=\"margin: 0px; padding: 0px; color: #656565; line-height: 18px; font-family: arial, helvetica, sans-serif; font-size: 12pt;\">de \u00e9xito La B\u00e1scula en el que aparecen formas de\u00a0<\/span><span style=\"margin: 0px; padding: 0px; color: #656565; line-height: 18px; font-family: arial, helvetica, sans-serif; font-size: 12pt;\">prevenir o de afrontar una enfermedad con la colaboraci\u00f3n\u00a0<\/span><span style=\"margin: 0px; padding: 0px; color: #656565; line-height: 18px; font-family: arial, helvetica, sans-serif; font-size: 12pt;\">indispensable de los alimentos. Alimentos,\u00a0<\/span><span style=\"margin: 0px; padding: 0px; color: #656565; line-height: 18px; font-family: arial, helvetica, sans-serif; font-size: 12pt;\">recetas, consejos&#8230;<\/span><\/p>\n","protected":false},"featured_media":14589,"comment_status":"open","ping_status":"closed","template":"","meta":{"_acf_changed":false,"_et_pb_use_builder":"","_et_pb_old_content":"","_et_gb_content_width":""},"product_brand":[],"product_cat":[43],"product_tag":[],"class_list":{"0":"post-14588","1":"product","2":"type-product","3":"status-publish","4":"has-post-thumbnail","6":"product_cat-gastronomia-salud","8":"first","9":"instock","10":"taxable","11":"shipping-taxable","12":"purchasable","13":"product-type-simple"},"acf":[],"yoast_head":"<!-- This site is optimized with the Yoast SEO plugin v27.5 - https:\/\/yoast.com\/product\/yoast-seo-wordpress\/ -->\n<title>La salud en tu despensa - Ediciones Alfar<\/title>\n<meta name=\"robots\" content=\"index, follow, max-snippet:-1, max-image-preview:large, max-video-preview:-1\" \/>\n<link rel=\"canonical\" href=\"https:\/\/edicionesalfar.es\/es\/producto\/la-salud-en-tu-despensa\/\" \/>\n<meta property=\"og:locale\" content=\"es_ES\" \/>\n<meta property=\"og:type\" content=\"article\" \/>\n<meta property=\"og:title\" content=\"La salud en tu despensa - Ediciones Alfar\" \/>\n<meta property=\"og:description\" content=\"Nuevo libro basado en el programa\u00a0de \u00e9xito La B\u00e1scula en el que aparecen formas de\u00a0prevenir o de afrontar una enfermedad con la colaboraci\u00f3n\u00a0indispensable de los alimentos. Alimentos,\u00a0recetas, consejos...\" \/>\n<meta property=\"og:url\" content=\"https:\/\/edicionesalfar.es\/es\/producto\/la-salud-en-tu-despensa\/\" \/>\n<meta property=\"og:site_name\" content=\"Ediciones Alfar\" \/>\n<meta property=\"article:modified_time\" content=\"2021-02-10T07:48:00+00:00\" \/>\n<meta property=\"og:image\" content=\"https:\/\/edicionesalfar.es\/es\/wp-content\/uploads\/2019\/05\/9788478985920_lasalud.jpg\" \/>\n\t<meta property=\"og:image:width\" content=\"1\" \/>\n\t<meta property=\"og:image:height\" content=\"1\" \/>\n\t<meta property=\"og:image:type\" content=\"image\/jpeg\" \/>\n<meta name=\"twitter:card\" content=\"summary_large_image\" \/>\n<meta name=\"twitter:label1\" content=\"Tiempo de lectura\" \/>\n\t<meta name=\"twitter:data1\" content=\"1 minuto\" \/>\n<script type=\"application\/ld+json\" class=\"yoast-schema-graph\">{\"@context\":\"https:\\\/\\\/schema.org\",\"@graph\":[{\"@type\":\"WebPage\",\"@id\":\"https:\\\/\\\/edicionesalfar.es\\\/es\\\/producto\\\/la-salud-en-tu-despensa\\\/\",\"url\":\"https:\\\/\\\/edicionesalfar.es\\\/es\\\/producto\\\/la-salud-en-tu-despensa\\\/\",\"name\":\"La salud en tu despensa - Ediciones Alfar\",\"isPartOf\":{\"@id\":\"https:\\\/\\\/edicionesalfar.es\\\/es\\\/#website\"},\"primaryImageOfPage\":{\"@id\":\"https:\\\/\\\/edicionesalfar.es\\\/es\\\/producto\\\/la-salud-en-tu-despensa\\\/#primaryimage\"},\"image\":{\"@id\":\"https:\\\/\\\/edicionesalfar.es\\\/es\\\/producto\\\/la-salud-en-tu-despensa\\\/#primaryimage\"},\"thumbnailUrl\":\"https:\\\/\\\/edicionesalfar.es\\\/es\\\/wp-content\\\/uploads\\\/2019\\\/05\\\/9788478985920_lasalud.jpg\",\"datePublished\":\"2019-07-11T05:56:43+00:00\",\"dateModified\":\"2021-02-10T07:48:00+00:00\",\"breadcrumb\":{\"@id\":\"https:\\\/\\\/edicionesalfar.es\\\/es\\\/producto\\\/la-salud-en-tu-despensa\\\/#breadcrumb\"},\"inLanguage\":\"es\",\"potentialAction\":[{\"@type\":\"ReadAction\",\"target\":[\"https:\\\/\\\/edicionesalfar.es\\\/es\\\/producto\\\/la-salud-en-tu-despensa\\\/\"]}]},{\"@type\":\"ImageObject\",\"inLanguage\":\"es\",\"@id\":\"https:\\\/\\\/edicionesalfar.es\\\/es\\\/producto\\\/la-salud-en-tu-despensa\\\/#primaryimage\",\"url\":\"https:\\\/\\\/edicionesalfar.es\\\/es\\\/wp-content\\\/uploads\\\/2019\\\/05\\\/9788478985920_lasalud.jpg\",\"contentUrl\":\"https:\\\/\\\/edicionesalfar.es\\\/es\\\/wp-content\\\/uploads\\\/2019\\\/05\\\/9788478985920_lasalud.jpg\"},{\"@type\":\"BreadcrumbList\",\"@id\":\"https:\\\/\\\/edicionesalfar.es\\\/es\\\/producto\\\/la-salud-en-tu-despensa\\\/#breadcrumb\",\"itemListElement\":[{\"@type\":\"ListItem\",\"position\":1,\"name\":\"Portada\",\"item\":\"https:\\\/\\\/edicionesalfar.es\\\/es\\\/\"},{\"@type\":\"ListItem\",\"position\":2,\"name\":\"Cat\u00e1logo\",\"item\":\"https:\\\/\\\/edicionesalfar.es\\\/es\\\/catalogo\\\/\"},{\"@type\":\"ListItem\",\"position\":3,\"name\":\"La salud en tu despensa\"}]},{\"@type\":\"WebSite\",\"@id\":\"https:\\\/\\\/edicionesalfar.es\\\/es\\\/#website\",\"url\":\"https:\\\/\\\/edicionesalfar.es\\\/es\\\/\",\"name\":\"Ediciones Alfar\",\"description\":\"\",\"potentialAction\":[{\"@type\":\"SearchAction\",\"target\":{\"@type\":\"EntryPoint\",\"urlTemplate\":\"https:\\\/\\\/edicionesalfar.es\\\/es\\\/?s={search_term_string}\"},\"query-input\":{\"@type\":\"PropertyValueSpecification\",\"valueRequired\":true,\"valueName\":\"search_term_string\"}}],\"inLanguage\":\"es\"}]}<\/script>\n<!-- \/ Yoast SEO plugin. -->","yoast_head_json":{"title":"La salud en tu despensa - Ediciones Alfar","robots":{"index":"index","follow":"follow","max-snippet":"max-snippet:-1","max-image-preview":"max-image-preview:large","max-video-preview":"max-video-preview:-1"},"canonical":"https:\/\/edicionesalfar.es\/es\/producto\/la-salud-en-tu-despensa\/","og_locale":"es_ES","og_type":"article","og_title":"La salud en tu despensa - Ediciones Alfar","og_description":"Nuevo libro basado en el programa\u00a0de \u00e9xito La B\u00e1scula en el que aparecen formas de\u00a0prevenir o de afrontar una enfermedad con la colaboraci\u00f3n\u00a0indispensable de los alimentos. Alimentos,\u00a0recetas, consejos...","og_url":"https:\/\/edicionesalfar.es\/es\/producto\/la-salud-en-tu-despensa\/","og_site_name":"Ediciones Alfar","article_modified_time":"2021-02-10T07:48:00+00:00","og_image":[{"url":"https:\/\/edicionesalfar.es\/es\/wp-content\/uploads\/2019\/05\/9788478985920_lasalud.jpg","width":1,"height":1,"type":"image\/jpeg"}],"twitter_card":"summary_large_image","twitter_misc":{"Tiempo de lectura":"1 minuto"},"schema":{"@context":"https:\/\/schema.org","@graph":[{"@type":"WebPage","@id":"https:\/\/edicionesalfar.es\/es\/producto\/la-salud-en-tu-despensa\/","url":"https:\/\/edicionesalfar.es\/es\/producto\/la-salud-en-tu-despensa\/","name":"La salud en tu despensa - Ediciones Alfar","isPartOf":{"@id":"https:\/\/edicionesalfar.es\/es\/#website"},"primaryImageOfPage":{"@id":"https:\/\/edicionesalfar.es\/es\/producto\/la-salud-en-tu-despensa\/#primaryimage"},"image":{"@id":"https:\/\/edicionesalfar.es\/es\/producto\/la-salud-en-tu-despensa\/#primaryimage"},"thumbnailUrl":"https:\/\/edicionesalfar.es\/es\/wp-content\/uploads\/2019\/05\/9788478985920_lasalud.jpg","datePublished":"2019-07-11T05:56:43+00:00","dateModified":"2021-02-10T07:48:00+00:00","breadcrumb":{"@id":"https:\/\/edicionesalfar.es\/es\/producto\/la-salud-en-tu-despensa\/#breadcrumb"},"inLanguage":"es","potentialAction":[{"@type":"ReadAction","target":["https:\/\/edicionesalfar.es\/es\/producto\/la-salud-en-tu-despensa\/"]}]},{"@type":"ImageObject","inLanguage":"es","@id":"https:\/\/edicionesalfar.es\/es\/producto\/la-salud-en-tu-despensa\/#primaryimage","url":"https:\/\/edicionesalfar.es\/es\/wp-content\/uploads\/2019\/05\/9788478985920_lasalud.jpg","contentUrl":"https:\/\/edicionesalfar.es\/es\/wp-content\/uploads\/2019\/05\/9788478985920_lasalud.jpg"},{"@type":"BreadcrumbList","@id":"https:\/\/edicionesalfar.es\/es\/producto\/la-salud-en-tu-despensa\/#breadcrumb","itemListElement":[{"@type":"ListItem","position":1,"name":"Portada","item":"https:\/\/edicionesalfar.es\/es\/"},{"@type":"ListItem","position":2,"name":"Cat\u00e1logo","item":"https:\/\/edicionesalfar.es\/es\/catalogo\/"},{"@type":"ListItem","position":3,"name":"La salud en tu despensa"}]},{"@type":"WebSite","@id":"https:\/\/edicionesalfar.es\/es\/#website","url":"https:\/\/edicionesalfar.es\/es\/","name":"Ediciones Alfar","description":"","potentialAction":[{"@type":"SearchAction","target":{"@type":"EntryPoint","urlTemplate":"https:\/\/edicionesalfar.es\/es\/?s={search_term_string}"},"query-input":{"@type":"PropertyValueSpecification","valueRequired":true,"valueName":"search_term_string"}}],"inLanguage":"es"}]}},"_links":{"self":[{"href":"https:\/\/edicionesalfar.es\/es\/wp-json\/wp\/v2\/product\/14588","targetHints":{"allow":["GET"]}}],"collection":[{"href":"https:\/\/edicionesalfar.es\/es\/wp-json\/wp\/v2\/product"}],"about":[{"href":"https:\/\/edicionesalfar.es\/es\/wp-json\/wp\/v2\/types\/product"}],"replies":[{"embeddable":true,"href":"https:\/\/edicionesalfar.es\/es\/wp-json\/wp\/v2\/comments?post=14588"}],"wp:featuredmedia":[{"embeddable":true,"href":"https:\/\/edicionesalfar.es\/es\/wp-json\/wp\/v2\/media\/14589"}],"wp:attachment":[{"href":"https:\/\/edicionesalfar.es\/es\/wp-json\/wp\/v2\/media?parent=14588"}],"wp:term":[{"taxonomy":"product_brand","embeddable":true,"href":"https:\/\/edicionesalfar.es\/es\/wp-json\/wp\/v2\/product_brand?post=14588"},{"taxonomy":"product_cat","embeddable":true,"href":"https:\/\/edicionesalfar.es\/es\/wp-json\/wp\/v2\/product_cat?post=14588"},{"taxonomy":"product_tag","embeddable":true,"href":"https:\/\/edicionesalfar.es\/es\/wp-json\/wp\/v2\/product_tag?post=14588"}],"curies":[{"name":"wp","href":"https:\/\/api.w.org\/{rel}","templated":true}]}}