{"id":14586,"date":"2019-07-11T05:56:42","date_gmt":"2019-07-11T05:56:42","guid":{"rendered":"http:\/\/www.edicionesalfar.es\/web-wordpress\/?post_type=product&#054;p="},"modified":"2026-01-31T18:59:23","modified_gmt":"2026-01-31T17:59:23","slug":"el-oficio-de-vivir-usos-tradicionales-en-los-parques-naturales-de-andalucia","status":"publish","type":"product","link":"https:\/\/edicionesalfar.es\/es\/producto\/el-oficio-de-vivir-usos-tradicionales-en-los-parques-naturales-de-andalucia\/","title":{"rendered":"El oficio de vivir. Usos tradicionales en los parques naturales de Andaluc\u00eda"},"content":{"rendered":"<p style=\"margin: 0px 0px 1.5em; padding-left: 0px; font-size: 12px; line-height: 18px; color: #656565; font-family: sans-serif; font-style: normal; page-break-inside: avoid; widows: 8;\" align=\"JUSTIFY\">El corcho se arranca de la piel del centenario alcornoque. Un arriero con sus mulos espera para transportarlo. En el mar las redes de pescadores no cesan de capturar piezas que ir\u00e1n a nuestras mesas. Mientras que en zonas de regad\u00edo o de secano manos expertas sacan de la tierra los frutos con los que alimentarnos. Son ejemplos de los usos ligados a los espacios naturales de Andaluc\u00eda. Una regi\u00f3n que cuenta con el patrimonio natural m\u00e1s extenso de Europa y en el que se ha aprendido, a lo largo de los a\u00f1os, que no es posible el desarrollo sin la conservaci\u00f3n, ni la conservaci\u00f3n sin el desarrollo.<\/p>\n<p style=\"margin: 0px 0px 1.5em; padding-left: 0px; font-size: 12px; line-height: 18px; color: #656565; font-family: sans-serif; font-style: normal; page-break-inside: avoid; widows: 8;\" align=\"JUSTIFY\">Este libro de fotograf\u00edas es un bello recorrido por los usos tradicionales de los espacios naturales de Andaluc\u00eda. Actividades ligadas a los hombres y mujeres que dan forma a pueblos y comarcas, que supieron encontrar en el capital natural los recursos necesarios para vivir, para crecer y para configurar las historias, vivencias y tradiciones que hacen \u00fanica a esa tierra de sabor a aceite, a uvas, a chacina; con m\u00fasica de cencerros y campanillas; con aromas a jaras, romero y aguardiente o con texturas de sal y barro.<\/p>\n<p style=\"margin: 0px 0px 1.5em; padding-left: 0px; font-size: 12px; line-height: 18px; color: #656565; font-family: sans-serif; font-style: normal; page-break-inside: avoid; widows: 8;\" align=\"JUSTIFY\">Y es que tras las im\u00e1genes hay vida. Y as\u00ed lo atestiguan los saberes y recuerdos compartidos de pescadores, pastores, artesanos, ganaderos, arrieros y cazadores&#8230; entre otros. Y que sabe reflejar en sus palabras el escritor Juan Jos\u00e9 D\u00edaz Trillo: \u00abvida es lo que nos trae el libro de Mar\u00eda, sus fotos entra\u00f1adas en la pasi\u00f3n de ella misma porque s\u00ed, como el luto largo de los pueblos o la s\u00fabita alegr\u00eda con la que se reza o canta, se dice o calla en las sierras de la b\u00e9tica o subb\u00e9tica que rodean al r\u00edo donde a vivir venimos. Dos siglos de empe\u00f1o en la mudanza, en la urbe o su extrarradio, no han borrado la poderosa presencia del oficio de vivir\u00bb.<\/p>\n","protected":false},"excerpt":{"rendered":"<p><span style=\"color: #656565; font-family: arial, helvetica, sans-serif; font-size: 16px; line-height: 18px;\">Este libro de fotograf\u00edas es un bello recorrido por los usos tradicionales de los espacios naturales de Andaluc\u00eda. Actividades ligadas a los hombres y mujeres que dan forma a pueblos y comarcas, que supieron encontrar en el capital natural los recursos necesarios para vivir, para crecer y para configurar las historias, vivencias y tradiciones que hacen \u00fanica a esa tierra de sabor a aceite, a uvas, a chacina; con m\u00fasica de cencerros y campanillas; con aromas a jaras, romero y aguardiente o con texturas de sal y barro.<\/span><\/p>\n","protected":false},"featured_media":14587,"comment_status":"open","ping_status":"closed","template":"","meta":{"_acf_changed":false,"_et_pb_use_builder":"","_et_pb_old_content":"","_et_gb_content_width":""},"product_brand":[],"product_cat":[376,509,54],"product_tag":[],"class_list":{"0":"post-14586","1":"product","2":"type-product","3":"status-publish","4":"has-post-thumbnail","6":"product_cat-autores","7":"product_cat-clauss-maria","8":"product_cat-actuales","10":"first","11":"instock","12":"taxable","13":"shipping-taxable","14":"purchasable","15":"product-type-simple"},"acf":[],"yoast_head":"<!-- This site is optimized with the Yoast SEO plugin v27.4 - https:\/\/yoast.com\/product\/yoast-seo-wordpress\/ -->\n<title>El oficio de vivir. Usos tradicionales en los parques naturales de Andaluc\u00eda - Ediciones Alfar<\/title>\n<meta name=\"robots\" content=\"index, follow, max-snippet:-1, max-image-preview:large, max-video-preview:-1\" \/>\n<link rel=\"canonical\" href=\"https:\/\/edicionesalfar.es\/es\/producto\/el-oficio-de-vivir-usos-tradicionales-en-los-parques-naturales-de-andalucia\/\" \/>\n<meta property=\"og:locale\" content=\"es_ES\" \/>\n<meta property=\"og:type\" content=\"article\" \/>\n<meta property=\"og:title\" content=\"El oficio de vivir. Usos tradicionales en los parques naturales de Andaluc\u00eda - Ediciones Alfar\" \/>\n<meta property=\"og:description\" content=\"Este libro de fotograf\u00edas es un bello recorrido por los usos tradicionales de los espacios naturales de Andaluc\u00eda. Actividades ligadas a los hombres y mujeres que dan forma a pueblos y comarcas, que supieron encontrar en el capital natural los recursos necesarios para vivir, para crecer y para configurar las historias, vivencias y tradiciones que hacen \u00fanica a esa tierra de sabor a aceite, a uvas, a chacina; con m\u00fasica de cencerros y campanillas; con aromas a jaras, romero y aguardiente o con texturas de sal y barro.\" \/>\n<meta property=\"og:url\" content=\"https:\/\/edicionesalfar.es\/es\/producto\/el-oficio-de-vivir-usos-tradicionales-en-los-parques-naturales-de-andalucia\/\" \/>\n<meta property=\"og:site_name\" content=\"Ediciones Alfar\" \/>\n<meta property=\"article:modified_time\" content=\"2026-01-31T17:59:23+00:00\" \/>\n<meta property=\"og:image\" content=\"https:\/\/edicionesalfar.es\/es\/wp-content\/uploads\/2019\/05\/9788478985708_eloficiodevivir.jpg\" \/>\n\t<meta property=\"og:image:width\" content=\"1\" \/>\n\t<meta property=\"og:image:height\" content=\"1\" \/>\n\t<meta property=\"og:image:type\" content=\"image\/jpeg\" \/>\n<meta name=\"twitter:card\" content=\"summary_large_image\" \/>\n<meta name=\"twitter:label1\" content=\"Tiempo de lectura\" \/>\n\t<meta name=\"twitter:data1\" content=\"2 minutos\" \/>\n<script type=\"application\/ld+json\" class=\"yoast-schema-graph\">{\"@context\":\"https:\\\/\\\/schema.org\",\"@graph\":[{\"@type\":\"WebPage\",\"@id\":\"https:\\\/\\\/edicionesalfar.es\\\/es\\\/producto\\\/el-oficio-de-vivir-usos-tradicionales-en-los-parques-naturales-de-andalucia\\\/\",\"url\":\"https:\\\/\\\/edicionesalfar.es\\\/es\\\/producto\\\/el-oficio-de-vivir-usos-tradicionales-en-los-parques-naturales-de-andalucia\\\/\",\"name\":\"El oficio de vivir. Usos tradicionales en los parques naturales de Andaluc\u00eda - Ediciones Alfar\",\"isPartOf\":{\"@id\":\"https:\\\/\\\/edicionesalfar.es\\\/es\\\/#website\"},\"primaryImageOfPage\":{\"@id\":\"https:\\\/\\\/edicionesalfar.es\\\/es\\\/producto\\\/el-oficio-de-vivir-usos-tradicionales-en-los-parques-naturales-de-andalucia\\\/#primaryimage\"},\"image\":{\"@id\":\"https:\\\/\\\/edicionesalfar.es\\\/es\\\/producto\\\/el-oficio-de-vivir-usos-tradicionales-en-los-parques-naturales-de-andalucia\\\/#primaryimage\"},\"thumbnailUrl\":\"https:\\\/\\\/edicionesalfar.es\\\/es\\\/wp-content\\\/uploads\\\/2019\\\/05\\\/9788478985708_eloficiodevivir.jpg\",\"datePublished\":\"2019-07-11T05:56:42+00:00\",\"dateModified\":\"2026-01-31T17:59:23+00:00\",\"breadcrumb\":{\"@id\":\"https:\\\/\\\/edicionesalfar.es\\\/es\\\/producto\\\/el-oficio-de-vivir-usos-tradicionales-en-los-parques-naturales-de-andalucia\\\/#breadcrumb\"},\"inLanguage\":\"es\",\"potentialAction\":[{\"@type\":\"ReadAction\",\"target\":[\"https:\\\/\\\/edicionesalfar.es\\\/es\\\/producto\\\/el-oficio-de-vivir-usos-tradicionales-en-los-parques-naturales-de-andalucia\\\/\"]}]},{\"@type\":\"ImageObject\",\"inLanguage\":\"es\",\"@id\":\"https:\\\/\\\/edicionesalfar.es\\\/es\\\/producto\\\/el-oficio-de-vivir-usos-tradicionales-en-los-parques-naturales-de-andalucia\\\/#primaryimage\",\"url\":\"https:\\\/\\\/edicionesalfar.es\\\/es\\\/wp-content\\\/uploads\\\/2019\\\/05\\\/9788478985708_eloficiodevivir.jpg\",\"contentUrl\":\"https:\\\/\\\/edicionesalfar.es\\\/es\\\/wp-content\\\/uploads\\\/2019\\\/05\\\/9788478985708_eloficiodevivir.jpg\"},{\"@type\":\"BreadcrumbList\",\"@id\":\"https:\\\/\\\/edicionesalfar.es\\\/es\\\/producto\\\/el-oficio-de-vivir-usos-tradicionales-en-los-parques-naturales-de-andalucia\\\/#breadcrumb\",\"itemListElement\":[{\"@type\":\"ListItem\",\"position\":1,\"name\":\"Portada\",\"item\":\"https:\\\/\\\/edicionesalfar.es\\\/es\\\/\"},{\"@type\":\"ListItem\",\"position\":2,\"name\":\"Cat\u00e1logo\",\"item\":\"https:\\\/\\\/edicionesalfar.es\\\/es\\\/catalogo\\\/\"},{\"@type\":\"ListItem\",\"position\":3,\"name\":\"El oficio de vivir. Usos tradicionales en los parques naturales de Andaluc\u00eda\"}]},{\"@type\":\"WebSite\",\"@id\":\"https:\\\/\\\/edicionesalfar.es\\\/es\\\/#website\",\"url\":\"https:\\\/\\\/edicionesalfar.es\\\/es\\\/\",\"name\":\"Ediciones Alfar\",\"description\":\"\",\"potentialAction\":[{\"@type\":\"SearchAction\",\"target\":{\"@type\":\"EntryPoint\",\"urlTemplate\":\"https:\\\/\\\/edicionesalfar.es\\\/es\\\/?s={search_term_string}\"},\"query-input\":{\"@type\":\"PropertyValueSpecification\",\"valueRequired\":true,\"valueName\":\"search_term_string\"}}],\"inLanguage\":\"es\"}]}<\/script>\n<!-- \/ Yoast SEO plugin. -->","yoast_head_json":{"title":"El oficio de vivir. Usos tradicionales en los parques naturales de Andaluc\u00eda - Ediciones Alfar","robots":{"index":"index","follow":"follow","max-snippet":"max-snippet:-1","max-image-preview":"max-image-preview:large","max-video-preview":"max-video-preview:-1"},"canonical":"https:\/\/edicionesalfar.es\/es\/producto\/el-oficio-de-vivir-usos-tradicionales-en-los-parques-naturales-de-andalucia\/","og_locale":"es_ES","og_type":"article","og_title":"El oficio de vivir. Usos tradicionales en los parques naturales de Andaluc\u00eda - Ediciones Alfar","og_description":"Este libro de fotograf\u00edas es un bello recorrido por los usos tradicionales de los espacios naturales de Andaluc\u00eda. Actividades ligadas a los hombres y mujeres que dan forma a pueblos y comarcas, que supieron encontrar en el capital natural los recursos necesarios para vivir, para crecer y para configurar las historias, vivencias y tradiciones que hacen \u00fanica a esa tierra de sabor a aceite, a uvas, a chacina; con m\u00fasica de cencerros y campanillas; con aromas a jaras, romero y aguardiente o con texturas de sal y barro.","og_url":"https:\/\/edicionesalfar.es\/es\/producto\/el-oficio-de-vivir-usos-tradicionales-en-los-parques-naturales-de-andalucia\/","og_site_name":"Ediciones Alfar","article_modified_time":"2026-01-31T17:59:23+00:00","og_image":[{"url":"https:\/\/edicionesalfar.es\/es\/wp-content\/uploads\/2019\/05\/9788478985708_eloficiodevivir.jpg","width":1,"height":1,"type":"image\/jpeg"}],"twitter_card":"summary_large_image","twitter_misc":{"Tiempo de lectura":"2 minutos"},"schema":{"@context":"https:\/\/schema.org","@graph":[{"@type":"WebPage","@id":"https:\/\/edicionesalfar.es\/es\/producto\/el-oficio-de-vivir-usos-tradicionales-en-los-parques-naturales-de-andalucia\/","url":"https:\/\/edicionesalfar.es\/es\/producto\/el-oficio-de-vivir-usos-tradicionales-en-los-parques-naturales-de-andalucia\/","name":"El oficio de vivir. Usos tradicionales en los parques naturales de Andaluc\u00eda - Ediciones Alfar","isPartOf":{"@id":"https:\/\/edicionesalfar.es\/es\/#website"},"primaryImageOfPage":{"@id":"https:\/\/edicionesalfar.es\/es\/producto\/el-oficio-de-vivir-usos-tradicionales-en-los-parques-naturales-de-andalucia\/#primaryimage"},"image":{"@id":"https:\/\/edicionesalfar.es\/es\/producto\/el-oficio-de-vivir-usos-tradicionales-en-los-parques-naturales-de-andalucia\/#primaryimage"},"thumbnailUrl":"https:\/\/edicionesalfar.es\/es\/wp-content\/uploads\/2019\/05\/9788478985708_eloficiodevivir.jpg","datePublished":"2019-07-11T05:56:42+00:00","dateModified":"2026-01-31T17:59:23+00:00","breadcrumb":{"@id":"https:\/\/edicionesalfar.es\/es\/producto\/el-oficio-de-vivir-usos-tradicionales-en-los-parques-naturales-de-andalucia\/#breadcrumb"},"inLanguage":"es","potentialAction":[{"@type":"ReadAction","target":["https:\/\/edicionesalfar.es\/es\/producto\/el-oficio-de-vivir-usos-tradicionales-en-los-parques-naturales-de-andalucia\/"]}]},{"@type":"ImageObject","inLanguage":"es","@id":"https:\/\/edicionesalfar.es\/es\/producto\/el-oficio-de-vivir-usos-tradicionales-en-los-parques-naturales-de-andalucia\/#primaryimage","url":"https:\/\/edicionesalfar.es\/es\/wp-content\/uploads\/2019\/05\/9788478985708_eloficiodevivir.jpg","contentUrl":"https:\/\/edicionesalfar.es\/es\/wp-content\/uploads\/2019\/05\/9788478985708_eloficiodevivir.jpg"},{"@type":"BreadcrumbList","@id":"https:\/\/edicionesalfar.es\/es\/producto\/el-oficio-de-vivir-usos-tradicionales-en-los-parques-naturales-de-andalucia\/#breadcrumb","itemListElement":[{"@type":"ListItem","position":1,"name":"Portada","item":"https:\/\/edicionesalfar.es\/es\/"},{"@type":"ListItem","position":2,"name":"Cat\u00e1logo","item":"https:\/\/edicionesalfar.es\/es\/catalogo\/"},{"@type":"ListItem","position":3,"name":"El oficio de vivir. Usos tradicionales en los parques naturales de Andaluc\u00eda"}]},{"@type":"WebSite","@id":"https:\/\/edicionesalfar.es\/es\/#website","url":"https:\/\/edicionesalfar.es\/es\/","name":"Ediciones Alfar","description":"","potentialAction":[{"@type":"SearchAction","target":{"@type":"EntryPoint","urlTemplate":"https:\/\/edicionesalfar.es\/es\/?s={search_term_string}"},"query-input":{"@type":"PropertyValueSpecification","valueRequired":true,"valueName":"search_term_string"}}],"inLanguage":"es"}]}},"_links":{"self":[{"href":"https:\/\/edicionesalfar.es\/es\/wp-json\/wp\/v2\/product\/14586","targetHints":{"allow":["GET"]}}],"collection":[{"href":"https:\/\/edicionesalfar.es\/es\/wp-json\/wp\/v2\/product"}],"about":[{"href":"https:\/\/edicionesalfar.es\/es\/wp-json\/wp\/v2\/types\/product"}],"replies":[{"embeddable":true,"href":"https:\/\/edicionesalfar.es\/es\/wp-json\/wp\/v2\/comments?post=14586"}],"wp:featuredmedia":[{"embeddable":true,"href":"https:\/\/edicionesalfar.es\/es\/wp-json\/wp\/v2\/media\/14587"}],"wp:attachment":[{"href":"https:\/\/edicionesalfar.es\/es\/wp-json\/wp\/v2\/media?parent=14586"}],"wp:term":[{"taxonomy":"product_brand","embeddable":true,"href":"https:\/\/edicionesalfar.es\/es\/wp-json\/wp\/v2\/product_brand?post=14586"},{"taxonomy":"product_cat","embeddable":true,"href":"https:\/\/edicionesalfar.es\/es\/wp-json\/wp\/v2\/product_cat?post=14586"},{"taxonomy":"product_tag","embeddable":true,"href":"https:\/\/edicionesalfar.es\/es\/wp-json\/wp\/v2\/product_tag?post=14586"}],"curies":[{"name":"wp","href":"https:\/\/api.w.org\/{rel}","templated":true}]}}