{"id":14584,"date":"2019-07-11T05:56:41","date_gmt":"2019-07-11T05:56:41","guid":{"rendered":"http:\/\/www.edicionesalfar.es\/web-wordpress\/?post_type=product\\&#021;p="},"modified":"-0001-11-30T00:00:00","modified_gmt":"-0001-11-29T22:00:00","slug":"trasvases-ensayos-de-traduccion-y-literatura-comparada","status":"publish","type":"product","link":"https:\/\/edicionesalfar.es\/es\/producto\/trasvases-ensayos-de-traduccion-y-literatura-comparada\/","title":{"rendered":"TRASVASES: ensayos de traducci\u00f3n y literatura comparada"},"content":{"rendered":"<p style=\"margin: 0px 0px 1.5em; padding-left: 0px; font-size: 12px; line-height: 18px; color: #656565; font-family: sans-serif; font-style: normal; page-break-inside: avoid; widows: 8;\" align=\"JUSTIFY\">CONTENIDO:\u00a0El presente libro titulado de forma significativa\u00a0Trasvases\u00a0deja patente la voluntad del autor de conjugar los estudios literarios y ling\u00fc\u00edsticos en esa encrucijada que arranca hacia mitad del pasado siglo XX y que constituyen los estudios textuales, clara simbiosis de ambas corrientes, que revela la renovada necesidad de la interpretaci\u00f3n nunca exhaustiva de los textos. G. Steiner es la figura paterna inspiradora de estos ensayos, que el autor ofrece a los lectores como un buceo refrescante en un r\u00edo de caudal de m\u00e1s profundo.<\/p>\n<p style=\"margin: 0px 0px 1.5em; padding-left: 0px; font-size: 12px; line-height: 18px; color: #656565; font-family: sans-serif; font-style: normal; page-break-inside: avoid; widows: 8;\" align=\"JUSTIFY\">Por una parte, los ensayos de literatura comparada nos remiten a la contig\u00fcidad de las formas est\u00e9ticas, a la articulaci\u00f3n y al cruce de culturas y lenguas superpuestas, al tiempo que a la confluencia y concatenaci\u00f3n de mundos distintos y, no obstante, semejantes en aspectos nada desde\u00f1ables.<\/p>\n<p style=\"margin: 0px 0px 1.5em; padding-left: 0px; font-size: 12px; line-height: 18px; color: #656565; font-family: sans-serif; font-style: normal; page-break-inside: avoid; widows: 8;\" align=\"JUSTIFY\">La lectura de esta serie de estudios brinda al lector un acercamiento a la escritura como fen\u00f3meno de comunicaci\u00f3n y de conocimiento, como expresi\u00f3n de emociones y sensibilidades a trav\u00e9s de diversos g\u00e9neros, de diferentes \u00e9pocas, de diversos estilos y de distintas lenguas. Esta recopilaci\u00f3n de estos art\u00edculos est\u00e1n llenos de evocaciones ret\u00f3ricas y po\u00e9ticas que informan varios siglos de escritura, principalmente europea, en un acercamiento tan variado como, por ejemplo, el an\u00e1lisis de los textos y las traducciones de la obra rom\u00e1ntica de Goethe, Shelley y Bront\u00eb, el misterioso y siniestro entorno de los relatos de E. A. Poe, la interpretaci\u00f3n de la pintura surrealista de Balthus en la poes\u00eda de Stephen Dobyns, y, en fin, las memorias de viajes por Espa\u00f1a del fil\u00f3logo W. Starkie, pen\u00faltimo traductor del Quijote. Tambi\u00e9n tienen aqu\u00ed cabida los abordajes al mundo de la teor\u00eda de la traducci\u00f3n de autores tan diversos y de \u00e9pocas tan distintas, como las de W. Morris, Ortega y Gasset, Unamuno, o J. G. V\u00e1squez.<\/p>\n<p style=\"margin: 0px 0px 1.5em; padding-left: 0px; font-size: 12px; line-height: 18px; color: #656565; font-family: sans-serif; font-style: normal; page-break-inside: avoid; widows: 8;\" lang=\"es-ES\" align=\"JUSTIFY\">Como comenta el prologuista, J. L. Mart\u00ednez-Due\u00f1as, \u201cLa intertextualidad, el comparatismo y la traducci\u00f3n encuentran en estas p\u00e1ginas un refugio s\u00f3lido para su esparcimiento y solaz, sin menoscabo de futuros estudios y de proyectos de mayor o menor inmediatez que el autor prepare\u201d.<\/p>\n<p style=\"margin: 0px 0px 1.5em; padding-left: 0px; font-size: 12px; line-height: 18px; color: #656565; font-family: sans-serif; font-style: normal; page-break-inside: avoid; widows: 8;\" align=\"JUSTIFY\">AUTOR:\u00a0Vicente L\u00f3pez Folgado estudi\u00f3 Filolog\u00eda Inglesa y Alemana en la Universidad de Salamanca y se doctor\u00f3 en la Universidad Complutense de Madrid. Ha sido Profesor de Filolog\u00eda Inglesa en varias universidades espa\u00f1olas y de Traducci\u00f3n en la Universidad de C\u00f3rdoba. Lector en Inglaterra y M\u00e1ster en ling\u00fc\u00edstica por la Universidad de St. Andrews, Escocia, ha traducido del ingl\u00e9s varias obras cl\u00e1sicas.\u00a0<\/p>\n","protected":false},"excerpt":{"rendered":"<p><span style=\"color: #656565; font-family: sans-serif; font-size: 16px; line-height: 18px;\">Estudios literarios y ling\u00fc\u00edsticos que revelan la interpretaci\u00f3n nunca exhaustiva de los textos. Se brinda al lector un acercamiento a la escritura como fen\u00f3meno de comunicaci\u00f3n y de conocimiento.<\/span><\/p>\n","protected":false},"featured_media":14585,"comment_status":"open","ping_status":"open","template":"","meta":{"_acf_changed":false,"_et_pb_use_builder":"","_et_pb_old_content":"","_et_gb_content_width":""},"product_brand":[],"product_cat":[21],"product_tag":[],"class_list":{"0":"post-14584","1":"product","2":"type-product","3":"status-publish","4":"has-post-thumbnail","6":"product_cat-estudios-literarios","8":"first","9":"instock","10":"taxable","11":"shipping-taxable","12":"purchasable","13":"product-type-simple"},"acf":[],"yoast_head":"<!-- This site is optimized with the Yoast SEO plugin v27.4 - https:\/\/yoast.com\/product\/yoast-seo-wordpress\/ -->\n<title>TRASVASES: ensayos de traducci\u00f3n y literatura comparada - Ediciones Alfar<\/title>\n<meta name=\"robots\" content=\"index, follow, max-snippet:-1, max-image-preview:large, max-video-preview:-1\" \/>\n<link rel=\"canonical\" href=\"https:\/\/edicionesalfar.es\/es\/producto\/trasvases-ensayos-de-traduccion-y-literatura-comparada\/\" \/>\n<meta property=\"og:locale\" content=\"es_ES\" \/>\n<meta property=\"og:type\" content=\"article\" \/>\n<meta property=\"og:title\" content=\"TRASVASES: ensayos de traducci\u00f3n y literatura comparada - Ediciones Alfar\" \/>\n<meta property=\"og:description\" content=\"Estudios literarios y ling\u00fc\u00edsticos que revelan la interpretaci\u00f3n nunca exhaustiva de los textos. Se brinda al lector un acercamiento a la escritura como fen\u00f3meno de comunicaci\u00f3n y de conocimiento.\" \/>\n<meta property=\"og:url\" content=\"https:\/\/edicionesalfar.es\/es\/producto\/trasvases-ensayos-de-traduccion-y-literatura-comparada\/\" \/>\n<meta property=\"og:site_name\" content=\"Ediciones Alfar\" \/>\n<meta property=\"og:image\" content=\"https:\/\/edicionesalfar.es\/es\/wp-content\/uploads\/2019\/05\/9788478985784_trasvases.jpg\" \/>\n\t<meta property=\"og:image:width\" content=\"1\" \/>\n\t<meta property=\"og:image:height\" content=\"1\" \/>\n\t<meta property=\"og:image:type\" content=\"image\/jpeg\" \/>\n<meta name=\"twitter:card\" content=\"summary_large_image\" \/>\n<meta name=\"twitter:label1\" content=\"Tiempo de lectura\" \/>\n\t<meta name=\"twitter:data1\" content=\"2 minutos\" \/>\n<script type=\"application\/ld+json\" class=\"yoast-schema-graph\">{\"@context\":\"https:\\\/\\\/schema.org\",\"@graph\":[{\"@type\":\"WebPage\",\"@id\":\"https:\\\/\\\/edicionesalfar.es\\\/es\\\/producto\\\/trasvases-ensayos-de-traduccion-y-literatura-comparada\\\/\",\"url\":\"https:\\\/\\\/edicionesalfar.es\\\/es\\\/producto\\\/trasvases-ensayos-de-traduccion-y-literatura-comparada\\\/\",\"name\":\"TRASVASES: ensayos de traducci\u00f3n y literatura comparada - Ediciones Alfar\",\"isPartOf\":{\"@id\":\"https:\\\/\\\/edicionesalfar.es\\\/es\\\/#website\"},\"primaryImageOfPage\":{\"@id\":\"https:\\\/\\\/edicionesalfar.es\\\/es\\\/producto\\\/trasvases-ensayos-de-traduccion-y-literatura-comparada\\\/#primaryimage\"},\"image\":{\"@id\":\"https:\\\/\\\/edicionesalfar.es\\\/es\\\/producto\\\/trasvases-ensayos-de-traduccion-y-literatura-comparada\\\/#primaryimage\"},\"thumbnailUrl\":\"https:\\\/\\\/edicionesalfar.es\\\/es\\\/wp-content\\\/uploads\\\/2019\\\/05\\\/9788478985784_trasvases.jpg\",\"datePublished\":\"2019-07-11T05:56:41+00:00\",\"breadcrumb\":{\"@id\":\"https:\\\/\\\/edicionesalfar.es\\\/es\\\/producto\\\/trasvases-ensayos-de-traduccion-y-literatura-comparada\\\/#breadcrumb\"},\"inLanguage\":\"es\",\"potentialAction\":[{\"@type\":\"ReadAction\",\"target\":[\"https:\\\/\\\/edicionesalfar.es\\\/es\\\/producto\\\/trasvases-ensayos-de-traduccion-y-literatura-comparada\\\/\"]}]},{\"@type\":\"ImageObject\",\"inLanguage\":\"es\",\"@id\":\"https:\\\/\\\/edicionesalfar.es\\\/es\\\/producto\\\/trasvases-ensayos-de-traduccion-y-literatura-comparada\\\/#primaryimage\",\"url\":\"https:\\\/\\\/edicionesalfar.es\\\/es\\\/wp-content\\\/uploads\\\/2019\\\/05\\\/9788478985784_trasvases.jpg\",\"contentUrl\":\"https:\\\/\\\/edicionesalfar.es\\\/es\\\/wp-content\\\/uploads\\\/2019\\\/05\\\/9788478985784_trasvases.jpg\"},{\"@type\":\"BreadcrumbList\",\"@id\":\"https:\\\/\\\/edicionesalfar.es\\\/es\\\/producto\\\/trasvases-ensayos-de-traduccion-y-literatura-comparada\\\/#breadcrumb\",\"itemListElement\":[{\"@type\":\"ListItem\",\"position\":1,\"name\":\"Portada\",\"item\":\"https:\\\/\\\/edicionesalfar.es\\\/es\\\/\"},{\"@type\":\"ListItem\",\"position\":2,\"name\":\"Cat\u00e1logo\",\"item\":\"https:\\\/\\\/edicionesalfar.es\\\/es\\\/catalogo\\\/\"},{\"@type\":\"ListItem\",\"position\":3,\"name\":\"TRASVASES: ensayos de traducci\u00f3n y literatura comparada\"}]},{\"@type\":\"WebSite\",\"@id\":\"https:\\\/\\\/edicionesalfar.es\\\/es\\\/#website\",\"url\":\"https:\\\/\\\/edicionesalfar.es\\\/es\\\/\",\"name\":\"Ediciones Alfar\",\"description\":\"\",\"potentialAction\":[{\"@type\":\"SearchAction\",\"target\":{\"@type\":\"EntryPoint\",\"urlTemplate\":\"https:\\\/\\\/edicionesalfar.es\\\/es\\\/?s={search_term_string}\"},\"query-input\":{\"@type\":\"PropertyValueSpecification\",\"valueRequired\":true,\"valueName\":\"search_term_string\"}}],\"inLanguage\":\"es\"}]}<\/script>\n<!-- \/ Yoast SEO plugin. -->","yoast_head_json":{"title":"TRASVASES: ensayos de traducci\u00f3n y literatura comparada - Ediciones Alfar","robots":{"index":"index","follow":"follow","max-snippet":"max-snippet:-1","max-image-preview":"max-image-preview:large","max-video-preview":"max-video-preview:-1"},"canonical":"https:\/\/edicionesalfar.es\/es\/producto\/trasvases-ensayos-de-traduccion-y-literatura-comparada\/","og_locale":"es_ES","og_type":"article","og_title":"TRASVASES: ensayos de traducci\u00f3n y literatura comparada - Ediciones Alfar","og_description":"Estudios literarios y ling\u00fc\u00edsticos que revelan la interpretaci\u00f3n nunca exhaustiva de los textos. Se brinda al lector un acercamiento a la escritura como fen\u00f3meno de comunicaci\u00f3n y de conocimiento.","og_url":"https:\/\/edicionesalfar.es\/es\/producto\/trasvases-ensayos-de-traduccion-y-literatura-comparada\/","og_site_name":"Ediciones Alfar","og_image":[{"url":"https:\/\/edicionesalfar.es\/es\/wp-content\/uploads\/2019\/05\/9788478985784_trasvases.jpg","width":1,"height":1,"type":"image\/jpeg"}],"twitter_card":"summary_large_image","twitter_misc":{"Tiempo de lectura":"2 minutos"},"schema":{"@context":"https:\/\/schema.org","@graph":[{"@type":"WebPage","@id":"https:\/\/edicionesalfar.es\/es\/producto\/trasvases-ensayos-de-traduccion-y-literatura-comparada\/","url":"https:\/\/edicionesalfar.es\/es\/producto\/trasvases-ensayos-de-traduccion-y-literatura-comparada\/","name":"TRASVASES: ensayos de traducci\u00f3n y literatura comparada - Ediciones Alfar","isPartOf":{"@id":"https:\/\/edicionesalfar.es\/es\/#website"},"primaryImageOfPage":{"@id":"https:\/\/edicionesalfar.es\/es\/producto\/trasvases-ensayos-de-traduccion-y-literatura-comparada\/#primaryimage"},"image":{"@id":"https:\/\/edicionesalfar.es\/es\/producto\/trasvases-ensayos-de-traduccion-y-literatura-comparada\/#primaryimage"},"thumbnailUrl":"https:\/\/edicionesalfar.es\/es\/wp-content\/uploads\/2019\/05\/9788478985784_trasvases.jpg","datePublished":"2019-07-11T05:56:41+00:00","breadcrumb":{"@id":"https:\/\/edicionesalfar.es\/es\/producto\/trasvases-ensayos-de-traduccion-y-literatura-comparada\/#breadcrumb"},"inLanguage":"es","potentialAction":[{"@type":"ReadAction","target":["https:\/\/edicionesalfar.es\/es\/producto\/trasvases-ensayos-de-traduccion-y-literatura-comparada\/"]}]},{"@type":"ImageObject","inLanguage":"es","@id":"https:\/\/edicionesalfar.es\/es\/producto\/trasvases-ensayos-de-traduccion-y-literatura-comparada\/#primaryimage","url":"https:\/\/edicionesalfar.es\/es\/wp-content\/uploads\/2019\/05\/9788478985784_trasvases.jpg","contentUrl":"https:\/\/edicionesalfar.es\/es\/wp-content\/uploads\/2019\/05\/9788478985784_trasvases.jpg"},{"@type":"BreadcrumbList","@id":"https:\/\/edicionesalfar.es\/es\/producto\/trasvases-ensayos-de-traduccion-y-literatura-comparada\/#breadcrumb","itemListElement":[{"@type":"ListItem","position":1,"name":"Portada","item":"https:\/\/edicionesalfar.es\/es\/"},{"@type":"ListItem","position":2,"name":"Cat\u00e1logo","item":"https:\/\/edicionesalfar.es\/es\/catalogo\/"},{"@type":"ListItem","position":3,"name":"TRASVASES: ensayos de traducci\u00f3n y literatura comparada"}]},{"@type":"WebSite","@id":"https:\/\/edicionesalfar.es\/es\/#website","url":"https:\/\/edicionesalfar.es\/es\/","name":"Ediciones Alfar","description":"","potentialAction":[{"@type":"SearchAction","target":{"@type":"EntryPoint","urlTemplate":"https:\/\/edicionesalfar.es\/es\/?s={search_term_string}"},"query-input":{"@type":"PropertyValueSpecification","valueRequired":true,"valueName":"search_term_string"}}],"inLanguage":"es"}]}},"_links":{"self":[{"href":"https:\/\/edicionesalfar.es\/es\/wp-json\/wp\/v2\/product\/14584","targetHints":{"allow":["GET"]}}],"collection":[{"href":"https:\/\/edicionesalfar.es\/es\/wp-json\/wp\/v2\/product"}],"about":[{"href":"https:\/\/edicionesalfar.es\/es\/wp-json\/wp\/v2\/types\/product"}],"replies":[{"embeddable":true,"href":"https:\/\/edicionesalfar.es\/es\/wp-json\/wp\/v2\/comments?post=14584"}],"wp:featuredmedia":[{"embeddable":true,"href":"https:\/\/edicionesalfar.es\/es\/wp-json\/wp\/v2\/media\/14585"}],"wp:attachment":[{"href":"https:\/\/edicionesalfar.es\/es\/wp-json\/wp\/v2\/media?parent=14584"}],"wp:term":[{"taxonomy":"product_brand","embeddable":true,"href":"https:\/\/edicionesalfar.es\/es\/wp-json\/wp\/v2\/product_brand?post=14584"},{"taxonomy":"product_cat","embeddable":true,"href":"https:\/\/edicionesalfar.es\/es\/wp-json\/wp\/v2\/product_cat?post=14584"},{"taxonomy":"product_tag","embeddable":true,"href":"https:\/\/edicionesalfar.es\/es\/wp-json\/wp\/v2\/product_tag?post=14584"}],"curies":[{"name":"wp","href":"https:\/\/api.w.org\/{rel}","templated":true}]}}