{"id":14572,"date":"2019-07-11T05:56:35","date_gmt":"2019-07-11T05:56:35","guid":{"rendered":"http:\/\/www.edicionesalfar.es\/web-wordpress\/?post_type=product&#038;#021;p="},"modified":"2023-01-11T09:45:32","modified_gmt":"2023-01-11T08:45:32","slug":"aproximacion-al-teatro-espanol-de-la-segunda-mitad-del-siglo-xix","status":"publish","type":"product","link":"https:\/\/edicionesalfar.es\/es\/producto\/aproximacion-al-teatro-espanol-de-la-segunda-mitad-del-siglo-xix\/","title":{"rendered":"Aproximaci\u00f3n al teatro espa\u00f1ol de la segunda mitad del siglo XIX"},"content":{"rendered":"<p style=\"margin: 0px 0px 1.5em; padding-left: 0px; font-size: 12px; line-height: 18px; color: #656565; font-family: sans-serif; font-style: normal; page-break-inside: avoid; widows: 8;\" align=\"JUSTIFY\">CONTENIDO:\u00a0El presente ensayo es un recorrido amplio y significativo por los diferentes aspectos que podemos encontrar en el teatro espa\u00f1ol de la segunda mitad del siglo XIX. Se pretende observar como el teatro espa\u00f1ol de este momento, rico en su producci\u00f3n y en n\u00famero, se construye gracias a unos precisos elementos teatrales que eran conocidos por todos los integrantes de este hecho espectacular. Es un teatro que se elabora partiendo de un modelo que permite su creaci\u00f3n, aunque anula en gran medida la originalidad art\u00edstica. El arte teatral es suplido en cierta medida por la artesan\u00eda esc\u00e9nica, pero que evidentemente facilit\u00f3 un corpus dram\u00e1tico numeros\u00edsimo y de gran interer\u00e9s en su momento hist\u00f3rico.<\/p>\n<p style=\"margin: 0px 0px 1.5em; padding-left: 0px; font-size: 12px; line-height: 18px; color: #656565; font-family: sans-serif; font-style: normal; page-break-inside: avoid; widows: 8;\" align=\"JUSTIFY\">AUTOR:\u00a0Jos\u00e9 Mar\u00eda Fern\u00e1ndez V\u00e1zquez es doctor en Filolog\u00eda Hisp\u00e1nica por la Universidad de Sevilla. Ha publicado cerca de treinta publicaciones sobre literatura espa\u00f1ola en general y sobre teatro espa\u00f1ol del siglo XIX, \u00e1mbito de estudio que ha ocupado de manera especial su inter\u00e9s investigador. Igualmente, ha participado en una veintena de congresos nacionales e internacionales sobre literatura espa\u00f1ola. Es profesor de Ense\u00f1anza Secundaria y ha ejercido la docencia en la Universidad Pablo de Olavide de Sevilla. Pertenece al grupo de investigaci\u00f3nTextos human\u00edsticos y literarios. Interpretaci\u00f3n y cr\u00edtica, de esta misma Universidad.<\/p>\n","protected":false},"excerpt":{"rendered":"<p><span style=\"color: #000000; font-family: arial, helvetica, sans-serif; font-size: 10pt; line-height: 18px;\">Recorrido amplio por los diferentes aspectos que podemos encontrar en el teatro espa\u00f1ol de la segunda mitad del siglo XIX.<\/span><\/p>\n","protected":false},"featured_media":14573,"comment_status":"open","ping_status":"closed","template":"","meta":{"_acf_changed":false,"_et_pb_use_builder":"","_et_pb_old_content":"","_et_gb_content_width":""},"product_brand":[],"product_cat":[376,554,21],"product_tag":[],"class_list":{"0":"post-14572","1":"product","2":"type-product","3":"status-publish","4":"has-post-thumbnail","6":"product_cat-autores","7":"product_cat-fernandez-vazquez-jose-maria","8":"product_cat-estudios-literarios","10":"first","11":"instock","12":"taxable","13":"shipping-taxable","14":"purchasable","15":"product-type-simple"},"acf":[],"yoast_head":"<!-- This site is optimized with the Yoast SEO plugin v27.6 - https:\/\/yoast.com\/product\/yoast-seo-wordpress\/ -->\n<title>Aproximaci\u00f3n al teatro espa\u00f1ol de la segunda mitad del siglo XIX - Ediciones Alfar<\/title>\n<meta name=\"robots\" content=\"index, follow, max-snippet:-1, max-image-preview:large, max-video-preview:-1\" \/>\n<link rel=\"canonical\" href=\"https:\/\/edicionesalfar.es\/es\/producto\/aproximacion-al-teatro-espanol-de-la-segunda-mitad-del-siglo-xix\/\" \/>\n<meta property=\"og:locale\" content=\"es_ES\" \/>\n<meta property=\"og:type\" content=\"article\" \/>\n<meta property=\"og:title\" content=\"Aproximaci\u00f3n al teatro espa\u00f1ol de la segunda mitad del siglo XIX - Ediciones Alfar\" \/>\n<meta property=\"og:description\" content=\"Recorrido amplio por los diferentes aspectos que podemos encontrar en el teatro espa\u00f1ol de la segunda mitad del siglo XIX.\" \/>\n<meta property=\"og:url\" content=\"https:\/\/edicionesalfar.es\/es\/producto\/aproximacion-al-teatro-espanol-de-la-segunda-mitad-del-siglo-xix\/\" \/>\n<meta property=\"og:site_name\" content=\"Ediciones Alfar\" \/>\n<meta property=\"article:modified_time\" content=\"2023-01-11T08:45:32+00:00\" \/>\n<meta property=\"og:image\" content=\"https:\/\/edicionesalfar.es\/es\/wp-content\/uploads\/2019\/05\/9788478985166_aproximacion.jpg\" \/>\n\t<meta property=\"og:image:width\" content=\"1\" \/>\n\t<meta property=\"og:image:height\" content=\"1\" \/>\n\t<meta property=\"og:image:type\" content=\"image\/jpeg\" \/>\n<meta name=\"twitter:card\" content=\"summary_large_image\" \/>\n<meta name=\"twitter:label1\" content=\"Tiempo de lectura\" \/>\n\t<meta name=\"twitter:data1\" content=\"1 minuto\" \/>\n<script type=\"application\/ld+json\" class=\"yoast-schema-graph\">{\"@context\":\"https:\\\/\\\/schema.org\",\"@graph\":[{\"@type\":\"WebPage\",\"@id\":\"https:\\\/\\\/edicionesalfar.es\\\/es\\\/producto\\\/aproximacion-al-teatro-espanol-de-la-segunda-mitad-del-siglo-xix\\\/\",\"url\":\"https:\\\/\\\/edicionesalfar.es\\\/es\\\/producto\\\/aproximacion-al-teatro-espanol-de-la-segunda-mitad-del-siglo-xix\\\/\",\"name\":\"Aproximaci\u00f3n al teatro espa\u00f1ol de la segunda mitad del siglo XIX - Ediciones Alfar\",\"isPartOf\":{\"@id\":\"https:\\\/\\\/edicionesalfar.es\\\/es\\\/#website\"},\"primaryImageOfPage\":{\"@id\":\"https:\\\/\\\/edicionesalfar.es\\\/es\\\/producto\\\/aproximacion-al-teatro-espanol-de-la-segunda-mitad-del-siglo-xix\\\/#primaryimage\"},\"image\":{\"@id\":\"https:\\\/\\\/edicionesalfar.es\\\/es\\\/producto\\\/aproximacion-al-teatro-espanol-de-la-segunda-mitad-del-siglo-xix\\\/#primaryimage\"},\"thumbnailUrl\":\"https:\\\/\\\/edicionesalfar.es\\\/es\\\/wp-content\\\/uploads\\\/2019\\\/05\\\/9788478985166_aproximacion.jpg\",\"datePublished\":\"2019-07-11T05:56:35+00:00\",\"dateModified\":\"2023-01-11T08:45:32+00:00\",\"breadcrumb\":{\"@id\":\"https:\\\/\\\/edicionesalfar.es\\\/es\\\/producto\\\/aproximacion-al-teatro-espanol-de-la-segunda-mitad-del-siglo-xix\\\/#breadcrumb\"},\"inLanguage\":\"es\",\"potentialAction\":[{\"@type\":\"ReadAction\",\"target\":[\"https:\\\/\\\/edicionesalfar.es\\\/es\\\/producto\\\/aproximacion-al-teatro-espanol-de-la-segunda-mitad-del-siglo-xix\\\/\"]}]},{\"@type\":\"ImageObject\",\"inLanguage\":\"es\",\"@id\":\"https:\\\/\\\/edicionesalfar.es\\\/es\\\/producto\\\/aproximacion-al-teatro-espanol-de-la-segunda-mitad-del-siglo-xix\\\/#primaryimage\",\"url\":\"https:\\\/\\\/edicionesalfar.es\\\/es\\\/wp-content\\\/uploads\\\/2019\\\/05\\\/9788478985166_aproximacion.jpg\",\"contentUrl\":\"https:\\\/\\\/edicionesalfar.es\\\/es\\\/wp-content\\\/uploads\\\/2019\\\/05\\\/9788478985166_aproximacion.jpg\"},{\"@type\":\"BreadcrumbList\",\"@id\":\"https:\\\/\\\/edicionesalfar.es\\\/es\\\/producto\\\/aproximacion-al-teatro-espanol-de-la-segunda-mitad-del-siglo-xix\\\/#breadcrumb\",\"itemListElement\":[{\"@type\":\"ListItem\",\"position\":1,\"name\":\"Portada\",\"item\":\"https:\\\/\\\/edicionesalfar.es\\\/es\\\/\"},{\"@type\":\"ListItem\",\"position\":2,\"name\":\"Cat\u00e1logo\",\"item\":\"https:\\\/\\\/edicionesalfar.es\\\/es\\\/catalogo\\\/\"},{\"@type\":\"ListItem\",\"position\":3,\"name\":\"Aproximaci\u00f3n al teatro espa\u00f1ol de la segunda mitad del siglo XIX\"}]},{\"@type\":\"WebSite\",\"@id\":\"https:\\\/\\\/edicionesalfar.es\\\/es\\\/#website\",\"url\":\"https:\\\/\\\/edicionesalfar.es\\\/es\\\/\",\"name\":\"Ediciones Alfar\",\"description\":\"\",\"potentialAction\":[{\"@type\":\"SearchAction\",\"target\":{\"@type\":\"EntryPoint\",\"urlTemplate\":\"https:\\\/\\\/edicionesalfar.es\\\/es\\\/?s={search_term_string}\"},\"query-input\":{\"@type\":\"PropertyValueSpecification\",\"valueRequired\":true,\"valueName\":\"search_term_string\"}}],\"inLanguage\":\"es\"}]}<\/script>\n<!-- \/ Yoast SEO plugin. -->","yoast_head_json":{"title":"Aproximaci\u00f3n al teatro espa\u00f1ol de la segunda mitad del siglo XIX - Ediciones Alfar","robots":{"index":"index","follow":"follow","max-snippet":"max-snippet:-1","max-image-preview":"max-image-preview:large","max-video-preview":"max-video-preview:-1"},"canonical":"https:\/\/edicionesalfar.es\/es\/producto\/aproximacion-al-teatro-espanol-de-la-segunda-mitad-del-siglo-xix\/","og_locale":"es_ES","og_type":"article","og_title":"Aproximaci\u00f3n al teatro espa\u00f1ol de la segunda mitad del siglo XIX - Ediciones Alfar","og_description":"Recorrido amplio por los diferentes aspectos que podemos encontrar en el teatro espa\u00f1ol de la segunda mitad del siglo XIX.","og_url":"https:\/\/edicionesalfar.es\/es\/producto\/aproximacion-al-teatro-espanol-de-la-segunda-mitad-del-siglo-xix\/","og_site_name":"Ediciones Alfar","article_modified_time":"2023-01-11T08:45:32+00:00","og_image":[{"url":"https:\/\/edicionesalfar.es\/es\/wp-content\/uploads\/2019\/05\/9788478985166_aproximacion.jpg","width":1,"height":1,"type":"image\/jpeg"}],"twitter_card":"summary_large_image","twitter_misc":{"Tiempo de lectura":"1 minuto"},"schema":{"@context":"https:\/\/schema.org","@graph":[{"@type":"WebPage","@id":"https:\/\/edicionesalfar.es\/es\/producto\/aproximacion-al-teatro-espanol-de-la-segunda-mitad-del-siglo-xix\/","url":"https:\/\/edicionesalfar.es\/es\/producto\/aproximacion-al-teatro-espanol-de-la-segunda-mitad-del-siglo-xix\/","name":"Aproximaci\u00f3n al teatro espa\u00f1ol de la segunda mitad del siglo XIX - Ediciones Alfar","isPartOf":{"@id":"https:\/\/edicionesalfar.es\/es\/#website"},"primaryImageOfPage":{"@id":"https:\/\/edicionesalfar.es\/es\/producto\/aproximacion-al-teatro-espanol-de-la-segunda-mitad-del-siglo-xix\/#primaryimage"},"image":{"@id":"https:\/\/edicionesalfar.es\/es\/producto\/aproximacion-al-teatro-espanol-de-la-segunda-mitad-del-siglo-xix\/#primaryimage"},"thumbnailUrl":"https:\/\/edicionesalfar.es\/es\/wp-content\/uploads\/2019\/05\/9788478985166_aproximacion.jpg","datePublished":"2019-07-11T05:56:35+00:00","dateModified":"2023-01-11T08:45:32+00:00","breadcrumb":{"@id":"https:\/\/edicionesalfar.es\/es\/producto\/aproximacion-al-teatro-espanol-de-la-segunda-mitad-del-siglo-xix\/#breadcrumb"},"inLanguage":"es","potentialAction":[{"@type":"ReadAction","target":["https:\/\/edicionesalfar.es\/es\/producto\/aproximacion-al-teatro-espanol-de-la-segunda-mitad-del-siglo-xix\/"]}]},{"@type":"ImageObject","inLanguage":"es","@id":"https:\/\/edicionesalfar.es\/es\/producto\/aproximacion-al-teatro-espanol-de-la-segunda-mitad-del-siglo-xix\/#primaryimage","url":"https:\/\/edicionesalfar.es\/es\/wp-content\/uploads\/2019\/05\/9788478985166_aproximacion.jpg","contentUrl":"https:\/\/edicionesalfar.es\/es\/wp-content\/uploads\/2019\/05\/9788478985166_aproximacion.jpg"},{"@type":"BreadcrumbList","@id":"https:\/\/edicionesalfar.es\/es\/producto\/aproximacion-al-teatro-espanol-de-la-segunda-mitad-del-siglo-xix\/#breadcrumb","itemListElement":[{"@type":"ListItem","position":1,"name":"Portada","item":"https:\/\/edicionesalfar.es\/es\/"},{"@type":"ListItem","position":2,"name":"Cat\u00e1logo","item":"https:\/\/edicionesalfar.es\/es\/catalogo\/"},{"@type":"ListItem","position":3,"name":"Aproximaci\u00f3n al teatro espa\u00f1ol de la segunda mitad del siglo XIX"}]},{"@type":"WebSite","@id":"https:\/\/edicionesalfar.es\/es\/#website","url":"https:\/\/edicionesalfar.es\/es\/","name":"Ediciones Alfar","description":"","potentialAction":[{"@type":"SearchAction","target":{"@type":"EntryPoint","urlTemplate":"https:\/\/edicionesalfar.es\/es\/?s={search_term_string}"},"query-input":{"@type":"PropertyValueSpecification","valueRequired":true,"valueName":"search_term_string"}}],"inLanguage":"es"}]}},"_links":{"self":[{"href":"https:\/\/edicionesalfar.es\/es\/wp-json\/wp\/v2\/product\/14572","targetHints":{"allow":["GET"]}}],"collection":[{"href":"https:\/\/edicionesalfar.es\/es\/wp-json\/wp\/v2\/product"}],"about":[{"href":"https:\/\/edicionesalfar.es\/es\/wp-json\/wp\/v2\/types\/product"}],"replies":[{"embeddable":true,"href":"https:\/\/edicionesalfar.es\/es\/wp-json\/wp\/v2\/comments?post=14572"}],"wp:featuredmedia":[{"embeddable":true,"href":"https:\/\/edicionesalfar.es\/es\/wp-json\/wp\/v2\/media\/14573"}],"wp:attachment":[{"href":"https:\/\/edicionesalfar.es\/es\/wp-json\/wp\/v2\/media?parent=14572"}],"wp:term":[{"taxonomy":"product_brand","embeddable":true,"href":"https:\/\/edicionesalfar.es\/es\/wp-json\/wp\/v2\/product_brand?post=14572"},{"taxonomy":"product_cat","embeddable":true,"href":"https:\/\/edicionesalfar.es\/es\/wp-json\/wp\/v2\/product_cat?post=14572"},{"taxonomy":"product_tag","embeddable":true,"href":"https:\/\/edicionesalfar.es\/es\/wp-json\/wp\/v2\/product_tag?post=14572"}],"curies":[{"name":"wp","href":"https:\/\/api.w.org\/{rel}","templated":true}]}}