{"id":14560,"date":"2019-07-11T05:56:28","date_gmt":"2019-07-11T05:56:28","guid":{"rendered":"http:\/\/www.edicionesalfar.es\/web-wordpress\/?post_type=product\\&#047;p="},"modified":"2021-06-07T09:57:11","modified_gmt":"2021-06-07T07:57:11","slug":"todos-los-venenos-de-la-selva-o-60-gatos-al-minuto","status":"publish","type":"product","link":"https:\/\/edicionesalfar.es\/es\/producto\/todos-los-venenos-de-la-selva-o-60-gatos-al-minuto\/","title":{"rendered":"TODOS LOS VENENOS DE LA SELVA o 60 gatos al minuto"},"content":{"rendered":"<p style=\"margin: 0px 0px 1.5em; padding-left: 0px; font-size: 12px; line-height: 18px; color: #656565; font-family: sans-serif; font-style: normal; widows: 8;\" align=\"JUSTIFY\">En su utop\u00eda, y por boca de S\u00f3crates, Plat\u00f3n inquiere la posibilidad de que algo est\u00e9, a un mismo tiempo, quieto y movi\u00e9ndose. Para darse respuesta a s\u00ed mismo y a sus interlocutores, recurre al ejemplo de los trompos, que \u201cest\u00e1n al mismo tiempo detenidos y en movimiento, cuando permanecen fijados por la p\u00faa en el mismo punto, sobre la cual giran\u201d. El autor del presente volumen afirma que, para referirnos al decurso de nuestra historia, tambi\u00e9n debemos emplear la alegor\u00eda plat\u00f3nica: \u201cpues,\u00a0mientras el mundo da vueltas a una velocidad vertiginosa en su superficie, el eje de rotaci\u00f3n, en fin, \u201cel meollo\u201d, permanece eternamente inamovible\u201d.<\/p>\n<p style=\"margin: 0px 0px 1.5em; padding-left: 0px; font-size: 12px; line-height: 18px; color: #656565; font-family: sans-serif; font-style: normal; page-break-inside: avoid; widows: 8;\" align=\"JUSTIFY\">Los Caracteres\u00a0de T\u00edrtamo de \u00c9reso (Lesbos), conocido por Teofrasto, son los ilustres antecesores de los sesenta textos que ahora tienen ustedes en sus manos, en los que abunda la iron\u00eda y se despacha a ratos el vitriolo, aunque nunca se desdibuja por completo la piedad que despiertan los felinos que han tomado nuestra representaci\u00f3n en este teatrillo. Los personajes y sus caracteres o pasiones dominantes, vienen a ser pr\u00e1cticamente los mismos de la antig\u00fcedad. La avaricia, la hipocres\u00eda, la insatisfacci\u00f3n o la vagancia aparecen en la zarabanda de nuestra desasosegada \u00e9poca con id\u00e9ntico sentido y vigencia que lo fueran cuatro siglos antes de Cristo para el condisc\u00edpulo de Arist\u00f3teles.\u00a0Y as\u00ed se encaja a fuerza de iron\u00eda, que viene a ser a la postre un \u201cre\u00edr por no llorar\u201d.<\/p>\n<p style=\"margin: 0px 0px 1.5em; padding-left: 0px; font-size: 12px; line-height: 18px; color: #656565; font-family: sans-serif; font-style: normal; page-break-inside: avoid; widows: 8;\" align=\"JUSTIFY\">Parece que, con un alcance mayor, m\u00e1s \u00edntimo del que tuviera en su enunciado, podemos reconocer el acierto pleno de la aseveraci\u00f3n de Lampedusa: en efecto,\u00a0todo ha cambiado para que todo siga igual.<\/p>\n<p style=\"margin: 0px 0px 1.5em; padding-left: 0px; font-size: 12px; line-height: 18px; color: #656565; font-family: sans-serif; font-style: normal; page-break-inside: avoid; widows: 8;\" align=\"JUSTIFY\">\u00cd\u00f1igo Moreno Blanco naci\u00f3 en Sevilla, donde reside, a finales del a\u00f1o 58. Es licenciado en Ciencias de la Informaci\u00f3n por la Universidad Complutense de Madrid. A un lado y otro de la noticia, ejerci\u00f3 la profesi\u00f3n durante m\u00e1s de una d\u00e9cada en gabinetes de comunicaci\u00f3n, radio y prensa escrita; despu\u00e9s, dirigi\u00f3 un negocio familiar durante casi veinte a\u00f1os. Al margen de su actividad laboral, se dedica a la fotograf\u00eda de vocaci\u00f3n callejera. Es autor de la novela\u00a0Una pareja peregrina o Los nuevos trabajos de Persiles y Sigismunda\u00a0(Sevilla, 2008).<\/p>\n","protected":false},"excerpt":{"rendered":"<p><span style=\"color: #656565; font-family: arial, helvetica, sans-serif; font-size: 16px; line-height: 18px;\">Sesenta textos en los que abunda la iron\u00eda y se despacha a ratos el vitriolo, aunque nunca se desdibuja por completo la piedad que despiertan los felinos que han tomado nuestra representaci\u00f3n en este teatrillo. La avaricia, la hipocres\u00eda, la insatisfacci\u00f3n o la vagancia aparecen en la zarabanda de nuestra desasosegada \u00e9poca.<\/span><\/p>\n","protected":false},"featured_media":14561,"comment_status":"open","ping_status":"open","template":"","meta":{"_acf_changed":false,"_et_pb_use_builder":"","_et_pb_old_content":"","_et_gb_content_width":""},"product_brand":[],"product_cat":[47],"product_tag":[],"class_list":{"0":"post-14560","1":"product","2":"type-product","3":"status-publish","4":"has-post-thumbnail","6":"product_cat-otras-narrativas","8":"first","9":"instock","10":"taxable","11":"shipping-taxable","12":"purchasable","13":"product-type-simple"},"acf":[],"yoast_head":"<!-- This site is optimized with the Yoast SEO plugin v27.4 - https:\/\/yoast.com\/product\/yoast-seo-wordpress\/ -->\n<title>TODOS LOS VENENOS DE LA SELVA o 60 gatos al minuto - Ediciones Alfar<\/title>\n<meta name=\"robots\" content=\"index, follow, max-snippet:-1, max-image-preview:large, max-video-preview:-1\" \/>\n<link rel=\"canonical\" href=\"https:\/\/edicionesalfar.es\/es\/producto\/todos-los-venenos-de-la-selva-o-60-gatos-al-minuto\/\" \/>\n<meta property=\"og:locale\" content=\"es_ES\" \/>\n<meta property=\"og:type\" content=\"article\" \/>\n<meta property=\"og:title\" content=\"TODOS LOS VENENOS DE LA SELVA o 60 gatos al minuto - Ediciones Alfar\" \/>\n<meta property=\"og:description\" content=\"Sesenta textos en los que abunda la iron\u00eda y se despacha a ratos el vitriolo, aunque nunca se desdibuja por completo la piedad que despiertan los felinos que han tomado nuestra representaci\u00f3n en este teatrillo. La avaricia, la hipocres\u00eda, la insatisfacci\u00f3n o la vagancia aparecen en la zarabanda de nuestra desasosegada \u00e9poca.\" \/>\n<meta property=\"og:url\" content=\"https:\/\/edicionesalfar.es\/es\/producto\/todos-los-venenos-de-la-selva-o-60-gatos-al-minuto\/\" \/>\n<meta property=\"og:site_name\" content=\"Ediciones Alfar\" \/>\n<meta property=\"article:modified_time\" content=\"2021-06-07T07:57:11+00:00\" \/>\n<meta property=\"og:image\" content=\"https:\/\/edicionesalfar.es\/es\/wp-content\/uploads\/2019\/05\/9788478985548_todoslosvenen.jpg\" \/>\n\t<meta property=\"og:image:width\" content=\"1\" \/>\n\t<meta property=\"og:image:height\" content=\"1\" \/>\n\t<meta property=\"og:image:type\" content=\"image\/jpeg\" \/>\n<meta name=\"twitter:card\" content=\"summary_large_image\" \/>\n<meta name=\"twitter:label1\" content=\"Tiempo de lectura\" \/>\n\t<meta name=\"twitter:data1\" content=\"2 minutos\" \/>\n<script type=\"application\/ld+json\" class=\"yoast-schema-graph\">{\"@context\":\"https:\\\/\\\/schema.org\",\"@graph\":[{\"@type\":\"WebPage\",\"@id\":\"https:\\\/\\\/edicionesalfar.es\\\/es\\\/producto\\\/todos-los-venenos-de-la-selva-o-60-gatos-al-minuto\\\/\",\"url\":\"https:\\\/\\\/edicionesalfar.es\\\/es\\\/producto\\\/todos-los-venenos-de-la-selva-o-60-gatos-al-minuto\\\/\",\"name\":\"TODOS LOS VENENOS DE LA SELVA o 60 gatos al minuto - Ediciones Alfar\",\"isPartOf\":{\"@id\":\"https:\\\/\\\/edicionesalfar.es\\\/es\\\/#website\"},\"primaryImageOfPage\":{\"@id\":\"https:\\\/\\\/edicionesalfar.es\\\/es\\\/producto\\\/todos-los-venenos-de-la-selva-o-60-gatos-al-minuto\\\/#primaryimage\"},\"image\":{\"@id\":\"https:\\\/\\\/edicionesalfar.es\\\/es\\\/producto\\\/todos-los-venenos-de-la-selva-o-60-gatos-al-minuto\\\/#primaryimage\"},\"thumbnailUrl\":\"https:\\\/\\\/edicionesalfar.es\\\/es\\\/wp-content\\\/uploads\\\/2019\\\/05\\\/9788478985548_todoslosvenen.jpg\",\"datePublished\":\"2019-07-11T05:56:28+00:00\",\"dateModified\":\"2021-06-07T07:57:11+00:00\",\"breadcrumb\":{\"@id\":\"https:\\\/\\\/edicionesalfar.es\\\/es\\\/producto\\\/todos-los-venenos-de-la-selva-o-60-gatos-al-minuto\\\/#breadcrumb\"},\"inLanguage\":\"es\",\"potentialAction\":[{\"@type\":\"ReadAction\",\"target\":[\"https:\\\/\\\/edicionesalfar.es\\\/es\\\/producto\\\/todos-los-venenos-de-la-selva-o-60-gatos-al-minuto\\\/\"]}]},{\"@type\":\"ImageObject\",\"inLanguage\":\"es\",\"@id\":\"https:\\\/\\\/edicionesalfar.es\\\/es\\\/producto\\\/todos-los-venenos-de-la-selva-o-60-gatos-al-minuto\\\/#primaryimage\",\"url\":\"https:\\\/\\\/edicionesalfar.es\\\/es\\\/wp-content\\\/uploads\\\/2019\\\/05\\\/9788478985548_todoslosvenen.jpg\",\"contentUrl\":\"https:\\\/\\\/edicionesalfar.es\\\/es\\\/wp-content\\\/uploads\\\/2019\\\/05\\\/9788478985548_todoslosvenen.jpg\"},{\"@type\":\"BreadcrumbList\",\"@id\":\"https:\\\/\\\/edicionesalfar.es\\\/es\\\/producto\\\/todos-los-venenos-de-la-selva-o-60-gatos-al-minuto\\\/#breadcrumb\",\"itemListElement\":[{\"@type\":\"ListItem\",\"position\":1,\"name\":\"Portada\",\"item\":\"https:\\\/\\\/edicionesalfar.es\\\/es\\\/\"},{\"@type\":\"ListItem\",\"position\":2,\"name\":\"Cat\u00e1logo\",\"item\":\"https:\\\/\\\/edicionesalfar.es\\\/es\\\/catalogo\\\/\"},{\"@type\":\"ListItem\",\"position\":3,\"name\":\"TODOS LOS VENENOS DE LA SELVA o 60 gatos al minuto\"}]},{\"@type\":\"WebSite\",\"@id\":\"https:\\\/\\\/edicionesalfar.es\\\/es\\\/#website\",\"url\":\"https:\\\/\\\/edicionesalfar.es\\\/es\\\/\",\"name\":\"Ediciones Alfar\",\"description\":\"\",\"potentialAction\":[{\"@type\":\"SearchAction\",\"target\":{\"@type\":\"EntryPoint\",\"urlTemplate\":\"https:\\\/\\\/edicionesalfar.es\\\/es\\\/?s={search_term_string}\"},\"query-input\":{\"@type\":\"PropertyValueSpecification\",\"valueRequired\":true,\"valueName\":\"search_term_string\"}}],\"inLanguage\":\"es\"}]}<\/script>\n<!-- \/ Yoast SEO plugin. -->","yoast_head_json":{"title":"TODOS LOS VENENOS DE LA SELVA o 60 gatos al minuto - Ediciones Alfar","robots":{"index":"index","follow":"follow","max-snippet":"max-snippet:-1","max-image-preview":"max-image-preview:large","max-video-preview":"max-video-preview:-1"},"canonical":"https:\/\/edicionesalfar.es\/es\/producto\/todos-los-venenos-de-la-selva-o-60-gatos-al-minuto\/","og_locale":"es_ES","og_type":"article","og_title":"TODOS LOS VENENOS DE LA SELVA o 60 gatos al minuto - Ediciones Alfar","og_description":"Sesenta textos en los que abunda la iron\u00eda y se despacha a ratos el vitriolo, aunque nunca se desdibuja por completo la piedad que despiertan los felinos que han tomado nuestra representaci\u00f3n en este teatrillo. La avaricia, la hipocres\u00eda, la insatisfacci\u00f3n o la vagancia aparecen en la zarabanda de nuestra desasosegada \u00e9poca.","og_url":"https:\/\/edicionesalfar.es\/es\/producto\/todos-los-venenos-de-la-selva-o-60-gatos-al-minuto\/","og_site_name":"Ediciones Alfar","article_modified_time":"2021-06-07T07:57:11+00:00","og_image":[{"url":"https:\/\/edicionesalfar.es\/es\/wp-content\/uploads\/2019\/05\/9788478985548_todoslosvenen.jpg","width":1,"height":1,"type":"image\/jpeg"}],"twitter_card":"summary_large_image","twitter_misc":{"Tiempo de lectura":"2 minutos"},"schema":{"@context":"https:\/\/schema.org","@graph":[{"@type":"WebPage","@id":"https:\/\/edicionesalfar.es\/es\/producto\/todos-los-venenos-de-la-selva-o-60-gatos-al-minuto\/","url":"https:\/\/edicionesalfar.es\/es\/producto\/todos-los-venenos-de-la-selva-o-60-gatos-al-minuto\/","name":"TODOS LOS VENENOS DE LA SELVA o 60 gatos al minuto - Ediciones Alfar","isPartOf":{"@id":"https:\/\/edicionesalfar.es\/es\/#website"},"primaryImageOfPage":{"@id":"https:\/\/edicionesalfar.es\/es\/producto\/todos-los-venenos-de-la-selva-o-60-gatos-al-minuto\/#primaryimage"},"image":{"@id":"https:\/\/edicionesalfar.es\/es\/producto\/todos-los-venenos-de-la-selva-o-60-gatos-al-minuto\/#primaryimage"},"thumbnailUrl":"https:\/\/edicionesalfar.es\/es\/wp-content\/uploads\/2019\/05\/9788478985548_todoslosvenen.jpg","datePublished":"2019-07-11T05:56:28+00:00","dateModified":"2021-06-07T07:57:11+00:00","breadcrumb":{"@id":"https:\/\/edicionesalfar.es\/es\/producto\/todos-los-venenos-de-la-selva-o-60-gatos-al-minuto\/#breadcrumb"},"inLanguage":"es","potentialAction":[{"@type":"ReadAction","target":["https:\/\/edicionesalfar.es\/es\/producto\/todos-los-venenos-de-la-selva-o-60-gatos-al-minuto\/"]}]},{"@type":"ImageObject","inLanguage":"es","@id":"https:\/\/edicionesalfar.es\/es\/producto\/todos-los-venenos-de-la-selva-o-60-gatos-al-minuto\/#primaryimage","url":"https:\/\/edicionesalfar.es\/es\/wp-content\/uploads\/2019\/05\/9788478985548_todoslosvenen.jpg","contentUrl":"https:\/\/edicionesalfar.es\/es\/wp-content\/uploads\/2019\/05\/9788478985548_todoslosvenen.jpg"},{"@type":"BreadcrumbList","@id":"https:\/\/edicionesalfar.es\/es\/producto\/todos-los-venenos-de-la-selva-o-60-gatos-al-minuto\/#breadcrumb","itemListElement":[{"@type":"ListItem","position":1,"name":"Portada","item":"https:\/\/edicionesalfar.es\/es\/"},{"@type":"ListItem","position":2,"name":"Cat\u00e1logo","item":"https:\/\/edicionesalfar.es\/es\/catalogo\/"},{"@type":"ListItem","position":3,"name":"TODOS LOS VENENOS DE LA SELVA o 60 gatos al minuto"}]},{"@type":"WebSite","@id":"https:\/\/edicionesalfar.es\/es\/#website","url":"https:\/\/edicionesalfar.es\/es\/","name":"Ediciones Alfar","description":"","potentialAction":[{"@type":"SearchAction","target":{"@type":"EntryPoint","urlTemplate":"https:\/\/edicionesalfar.es\/es\/?s={search_term_string}"},"query-input":{"@type":"PropertyValueSpecification","valueRequired":true,"valueName":"search_term_string"}}],"inLanguage":"es"}]}},"_links":{"self":[{"href":"https:\/\/edicionesalfar.es\/es\/wp-json\/wp\/v2\/product\/14560","targetHints":{"allow":["GET"]}}],"collection":[{"href":"https:\/\/edicionesalfar.es\/es\/wp-json\/wp\/v2\/product"}],"about":[{"href":"https:\/\/edicionesalfar.es\/es\/wp-json\/wp\/v2\/types\/product"}],"replies":[{"embeddable":true,"href":"https:\/\/edicionesalfar.es\/es\/wp-json\/wp\/v2\/comments?post=14560"}],"wp:featuredmedia":[{"embeddable":true,"href":"https:\/\/edicionesalfar.es\/es\/wp-json\/wp\/v2\/media\/14561"}],"wp:attachment":[{"href":"https:\/\/edicionesalfar.es\/es\/wp-json\/wp\/v2\/media?parent=14560"}],"wp:term":[{"taxonomy":"product_brand","embeddable":true,"href":"https:\/\/edicionesalfar.es\/es\/wp-json\/wp\/v2\/product_brand?post=14560"},{"taxonomy":"product_cat","embeddable":true,"href":"https:\/\/edicionesalfar.es\/es\/wp-json\/wp\/v2\/product_cat?post=14560"},{"taxonomy":"product_tag","embeddable":true,"href":"https:\/\/edicionesalfar.es\/es\/wp-json\/wp\/v2\/product_tag?post=14560"}],"curies":[{"name":"wp","href":"https:\/\/api.w.org\/{rel}","templated":true}]}}