{"id":14558,"date":"2019-07-11T05:56:27","date_gmt":"2019-07-11T05:56:27","guid":{"rendered":"http:\/\/www.edicionesalfar.es\/web-wordpress\/?post_type=product\\&#039;p="},"modified":"-0001-11-30T00:00:00","modified_gmt":"-0001-11-29T22:00:00","slug":"la-historia-del-real-betis-contada-por-manuel-simo","status":"publish","type":"product","link":"https:\/\/edicionesalfar.es\/es\/producto\/la-historia-del-real-betis-contada-por-manuel-simo\/","title":{"rendered":"La historia del Real Betis contada por Manuel Sim\u00f3"},"content":{"rendered":"<p style=\"margin: 0px 0px 1.5em; padding-left: 0px; font-size: 12px; line-height: 18px; color: #656565; font-family: sans-serif; font-style: normal; page-break-inside: avoid; widows: 8;\" align=\"JUSTIFY\">Manuel Sim\u00f3 Mateos (Sevilla, 1906-1978) trabaj\u00f3 en el Real Betis Balompi\u00e9 desde 1931 hasta su fallecimiento, ostentando varios cargos: empleado a tiempo parcial, Secretario, Secretario T\u00e9cnico, Secretario General o Delegado de Campo. En 1965 Benito Villamar\u00edn le nombr\u00f3 Socio de Honor y le concedi\u00f3 la Medalla de Oro del Real Betis Balompi\u00e9. Cuatro a\u00f1os m\u00e1s tarde, la Federaci\u00f3n Andaluza de F\u00fatbol le otorg\u00f3 la Medalla de Oro al M\u00e9rito en el Trabajo Deportivo.<\/p>\n<p style=\"margin: 0px 0px 1.5em; padding-left: 0px; font-size: 12px; line-height: 18px; color: #656565; font-family: sans-serif; font-style: normal; widows: 136;\" align=\"JUSTIFY\">\u00a0La historia del Real Betis Balompi\u00e9 contada por Manuel Sim\u00f3\u00a0nos acerca de manera simult\u00e1nea a la figura de Manuel Sim\u00f3 y a la del Club de sus amores. Y esta es una historia paralela porque los acontecimientos que narr\u00f3 Sim\u00f3 en 1971 para la Cadena Ser los vive en primera persona y tienen al Real Betis como protagonista; por su memoria pasan multitud de an\u00e9cdotas, recuerdos e im\u00e1genes que nos permiten conocer la historia del Real Betis desde sus or\u00edgenes, desde sus ra\u00edces, con sus constantes claroscuros. Este libro nos muestra \u201cotra historia del Club\u201d, personal, \u00edntima y desconocida en muchas facetas, pues Sim\u00f3 no recurre a libros o recortes de prensa sino a la memoria viva de todo aquello que el Betis le evoca desde su infancia hasta el fin de sus d\u00edas.<\/p>\n<p style=\"margin: 0px 0px 1.5em; padding-left: 0px; font-size: 12px; line-height: 18px; color: #656565; font-family: sans-serif; font-style: normal; page-break-inside: avoid; widows: 8;\" align=\"JUSTIFY\">Su idea es clara: el Real Betis ni se comprende ni se analiza, se siente y se vive radicalmente.<\/p>\n","protected":false},"excerpt":{"rendered":"<p><span style=\"color: #656565; font-family: arial, helvetica, sans-serif; font-size: 16px; line-height: 18px;\">Esta obra nos acerca de manera simult\u00e1nea a la figura de Manuel Sim\u00f3 y a la del club de sus amores, el Real Betis Balompi\u00e9: an\u00e9cdotas, recuerdos, im\u00e1genes&#8230; que ya fueron narrados en 1971 para la Cadena Ser.<\/span><\/p>\n","protected":false},"featured_media":14559,"comment_status":"open","ping_status":"open","template":"","meta":{"_acf_changed":false,"_et_pb_use_builder":"","_et_pb_old_content":"","_et_gb_content_width":""},"product_brand":[],"product_cat":[39],"product_tag":[],"class_list":{"0":"post-14558","1":"product","2":"type-product","3":"status-publish","4":"has-post-thumbnail","6":"product_cat-deportes","8":"first","9":"instock","10":"taxable","11":"shipping-taxable","12":"purchasable","13":"product-type-simple"},"acf":[],"yoast_head":"<!-- This site is optimized with the Yoast SEO plugin v27.4 - https:\/\/yoast.com\/product\/yoast-seo-wordpress\/ -->\n<title>La historia del Real Betis contada por Manuel Sim\u00f3 - Ediciones Alfar<\/title>\n<meta name=\"robots\" content=\"index, follow, max-snippet:-1, max-image-preview:large, max-video-preview:-1\" \/>\n<link rel=\"canonical\" href=\"https:\/\/edicionesalfar.es\/es\/producto\/la-historia-del-real-betis-contada-por-manuel-simo\/\" \/>\n<meta property=\"og:locale\" content=\"es_ES\" \/>\n<meta property=\"og:type\" content=\"article\" \/>\n<meta property=\"og:title\" content=\"La historia del Real Betis contada por Manuel Sim\u00f3 - Ediciones Alfar\" \/>\n<meta property=\"og:description\" content=\"Esta obra nos acerca de manera simult\u00e1nea a la figura de Manuel Sim\u00f3 y a la del club de sus amores, el Real Betis Balompi\u00e9: an\u00e9cdotas, recuerdos, im\u00e1genes... que ya fueron narrados en 1971 para la Cadena Ser.\" \/>\n<meta property=\"og:url\" content=\"https:\/\/edicionesalfar.es\/es\/producto\/la-historia-del-real-betis-contada-por-manuel-simo\/\" \/>\n<meta property=\"og:site_name\" content=\"Ediciones Alfar\" \/>\n<meta property=\"og:image\" content=\"https:\/\/edicionesalfar.es\/es\/wp-content\/uploads\/2019\/05\/9788478985487_lahistoriadel.jpg\" \/>\n\t<meta property=\"og:image:width\" content=\"1\" \/>\n\t<meta property=\"og:image:height\" content=\"1\" \/>\n\t<meta property=\"og:image:type\" content=\"image\/jpeg\" \/>\n<meta name=\"twitter:card\" content=\"summary_large_image\" \/>\n<meta name=\"twitter:label1\" content=\"Tiempo de lectura\" \/>\n\t<meta name=\"twitter:data1\" content=\"1 minuto\" \/>\n<script type=\"application\/ld+json\" class=\"yoast-schema-graph\">{\"@context\":\"https:\\\/\\\/schema.org\",\"@graph\":[{\"@type\":\"WebPage\",\"@id\":\"https:\\\/\\\/edicionesalfar.es\\\/es\\\/producto\\\/la-historia-del-real-betis-contada-por-manuel-simo\\\/\",\"url\":\"https:\\\/\\\/edicionesalfar.es\\\/es\\\/producto\\\/la-historia-del-real-betis-contada-por-manuel-simo\\\/\",\"name\":\"La historia del Real Betis contada por Manuel Sim\u00f3 - Ediciones Alfar\",\"isPartOf\":{\"@id\":\"https:\\\/\\\/edicionesalfar.es\\\/es\\\/#website\"},\"primaryImageOfPage\":{\"@id\":\"https:\\\/\\\/edicionesalfar.es\\\/es\\\/producto\\\/la-historia-del-real-betis-contada-por-manuel-simo\\\/#primaryimage\"},\"image\":{\"@id\":\"https:\\\/\\\/edicionesalfar.es\\\/es\\\/producto\\\/la-historia-del-real-betis-contada-por-manuel-simo\\\/#primaryimage\"},\"thumbnailUrl\":\"https:\\\/\\\/edicionesalfar.es\\\/es\\\/wp-content\\\/uploads\\\/2019\\\/05\\\/9788478985487_lahistoriadel.jpg\",\"datePublished\":\"2019-07-11T05:56:27+00:00\",\"breadcrumb\":{\"@id\":\"https:\\\/\\\/edicionesalfar.es\\\/es\\\/producto\\\/la-historia-del-real-betis-contada-por-manuel-simo\\\/#breadcrumb\"},\"inLanguage\":\"es\",\"potentialAction\":[{\"@type\":\"ReadAction\",\"target\":[\"https:\\\/\\\/edicionesalfar.es\\\/es\\\/producto\\\/la-historia-del-real-betis-contada-por-manuel-simo\\\/\"]}]},{\"@type\":\"ImageObject\",\"inLanguage\":\"es\",\"@id\":\"https:\\\/\\\/edicionesalfar.es\\\/es\\\/producto\\\/la-historia-del-real-betis-contada-por-manuel-simo\\\/#primaryimage\",\"url\":\"https:\\\/\\\/edicionesalfar.es\\\/es\\\/wp-content\\\/uploads\\\/2019\\\/05\\\/9788478985487_lahistoriadel.jpg\",\"contentUrl\":\"https:\\\/\\\/edicionesalfar.es\\\/es\\\/wp-content\\\/uploads\\\/2019\\\/05\\\/9788478985487_lahistoriadel.jpg\"},{\"@type\":\"BreadcrumbList\",\"@id\":\"https:\\\/\\\/edicionesalfar.es\\\/es\\\/producto\\\/la-historia-del-real-betis-contada-por-manuel-simo\\\/#breadcrumb\",\"itemListElement\":[{\"@type\":\"ListItem\",\"position\":1,\"name\":\"Portada\",\"item\":\"https:\\\/\\\/edicionesalfar.es\\\/es\\\/\"},{\"@type\":\"ListItem\",\"position\":2,\"name\":\"Cat\u00e1logo\",\"item\":\"https:\\\/\\\/edicionesalfar.es\\\/es\\\/catalogo\\\/\"},{\"@type\":\"ListItem\",\"position\":3,\"name\":\"La historia del Real Betis contada por Manuel Sim\u00f3\"}]},{\"@type\":\"WebSite\",\"@id\":\"https:\\\/\\\/edicionesalfar.es\\\/es\\\/#website\",\"url\":\"https:\\\/\\\/edicionesalfar.es\\\/es\\\/\",\"name\":\"Ediciones Alfar\",\"description\":\"\",\"potentialAction\":[{\"@type\":\"SearchAction\",\"target\":{\"@type\":\"EntryPoint\",\"urlTemplate\":\"https:\\\/\\\/edicionesalfar.es\\\/es\\\/?s={search_term_string}\"},\"query-input\":{\"@type\":\"PropertyValueSpecification\",\"valueRequired\":true,\"valueName\":\"search_term_string\"}}],\"inLanguage\":\"es\"}]}<\/script>\n<!-- \/ Yoast SEO plugin. -->","yoast_head_json":{"title":"La historia del Real Betis contada por Manuel Sim\u00f3 - Ediciones Alfar","robots":{"index":"index","follow":"follow","max-snippet":"max-snippet:-1","max-image-preview":"max-image-preview:large","max-video-preview":"max-video-preview:-1"},"canonical":"https:\/\/edicionesalfar.es\/es\/producto\/la-historia-del-real-betis-contada-por-manuel-simo\/","og_locale":"es_ES","og_type":"article","og_title":"La historia del Real Betis contada por Manuel Sim\u00f3 - Ediciones Alfar","og_description":"Esta obra nos acerca de manera simult\u00e1nea a la figura de Manuel Sim\u00f3 y a la del club de sus amores, el Real Betis Balompi\u00e9: an\u00e9cdotas, recuerdos, im\u00e1genes... que ya fueron narrados en 1971 para la Cadena Ser.","og_url":"https:\/\/edicionesalfar.es\/es\/producto\/la-historia-del-real-betis-contada-por-manuel-simo\/","og_site_name":"Ediciones Alfar","og_image":[{"url":"https:\/\/edicionesalfar.es\/es\/wp-content\/uploads\/2019\/05\/9788478985487_lahistoriadel.jpg","width":1,"height":1,"type":"image\/jpeg"}],"twitter_card":"summary_large_image","twitter_misc":{"Tiempo de lectura":"1 minuto"},"schema":{"@context":"https:\/\/schema.org","@graph":[{"@type":"WebPage","@id":"https:\/\/edicionesalfar.es\/es\/producto\/la-historia-del-real-betis-contada-por-manuel-simo\/","url":"https:\/\/edicionesalfar.es\/es\/producto\/la-historia-del-real-betis-contada-por-manuel-simo\/","name":"La historia del Real Betis contada por Manuel Sim\u00f3 - Ediciones Alfar","isPartOf":{"@id":"https:\/\/edicionesalfar.es\/es\/#website"},"primaryImageOfPage":{"@id":"https:\/\/edicionesalfar.es\/es\/producto\/la-historia-del-real-betis-contada-por-manuel-simo\/#primaryimage"},"image":{"@id":"https:\/\/edicionesalfar.es\/es\/producto\/la-historia-del-real-betis-contada-por-manuel-simo\/#primaryimage"},"thumbnailUrl":"https:\/\/edicionesalfar.es\/es\/wp-content\/uploads\/2019\/05\/9788478985487_lahistoriadel.jpg","datePublished":"2019-07-11T05:56:27+00:00","breadcrumb":{"@id":"https:\/\/edicionesalfar.es\/es\/producto\/la-historia-del-real-betis-contada-por-manuel-simo\/#breadcrumb"},"inLanguage":"es","potentialAction":[{"@type":"ReadAction","target":["https:\/\/edicionesalfar.es\/es\/producto\/la-historia-del-real-betis-contada-por-manuel-simo\/"]}]},{"@type":"ImageObject","inLanguage":"es","@id":"https:\/\/edicionesalfar.es\/es\/producto\/la-historia-del-real-betis-contada-por-manuel-simo\/#primaryimage","url":"https:\/\/edicionesalfar.es\/es\/wp-content\/uploads\/2019\/05\/9788478985487_lahistoriadel.jpg","contentUrl":"https:\/\/edicionesalfar.es\/es\/wp-content\/uploads\/2019\/05\/9788478985487_lahistoriadel.jpg"},{"@type":"BreadcrumbList","@id":"https:\/\/edicionesalfar.es\/es\/producto\/la-historia-del-real-betis-contada-por-manuel-simo\/#breadcrumb","itemListElement":[{"@type":"ListItem","position":1,"name":"Portada","item":"https:\/\/edicionesalfar.es\/es\/"},{"@type":"ListItem","position":2,"name":"Cat\u00e1logo","item":"https:\/\/edicionesalfar.es\/es\/catalogo\/"},{"@type":"ListItem","position":3,"name":"La historia del Real Betis contada por Manuel Sim\u00f3"}]},{"@type":"WebSite","@id":"https:\/\/edicionesalfar.es\/es\/#website","url":"https:\/\/edicionesalfar.es\/es\/","name":"Ediciones Alfar","description":"","potentialAction":[{"@type":"SearchAction","target":{"@type":"EntryPoint","urlTemplate":"https:\/\/edicionesalfar.es\/es\/?s={search_term_string}"},"query-input":{"@type":"PropertyValueSpecification","valueRequired":true,"valueName":"search_term_string"}}],"inLanguage":"es"}]}},"_links":{"self":[{"href":"https:\/\/edicionesalfar.es\/es\/wp-json\/wp\/v2\/product\/14558","targetHints":{"allow":["GET"]}}],"collection":[{"href":"https:\/\/edicionesalfar.es\/es\/wp-json\/wp\/v2\/product"}],"about":[{"href":"https:\/\/edicionesalfar.es\/es\/wp-json\/wp\/v2\/types\/product"}],"replies":[{"embeddable":true,"href":"https:\/\/edicionesalfar.es\/es\/wp-json\/wp\/v2\/comments?post=14558"}],"wp:featuredmedia":[{"embeddable":true,"href":"https:\/\/edicionesalfar.es\/es\/wp-json\/wp\/v2\/media\/14559"}],"wp:attachment":[{"href":"https:\/\/edicionesalfar.es\/es\/wp-json\/wp\/v2\/media?parent=14558"}],"wp:term":[{"taxonomy":"product_brand","embeddable":true,"href":"https:\/\/edicionesalfar.es\/es\/wp-json\/wp\/v2\/product_brand?post=14558"},{"taxonomy":"product_cat","embeddable":true,"href":"https:\/\/edicionesalfar.es\/es\/wp-json\/wp\/v2\/product_cat?post=14558"},{"taxonomy":"product_tag","embeddable":true,"href":"https:\/\/edicionesalfar.es\/es\/wp-json\/wp\/v2\/product_tag?post=14558"}],"curies":[{"name":"wp","href":"https:\/\/api.w.org\/{rel}","templated":true}]}}