{"id":14554,"date":"2019-07-11T05:56:25","date_gmt":"2019-07-11T05:56:25","guid":{"rendered":"http:\/\/www.edicionesalfar.es\/web-wordpress\/?post_type=product\\&#021;p="},"modified":"-0001-11-30T00:00:00","modified_gmt":"-0001-11-29T22:00:00","slug":"horacio-en-alberto-lista","status":"publish","type":"product","link":"https:\/\/edicionesalfar.es\/es\/producto\/horacio-en-alberto-lista\/","title":{"rendered":"Horacio en Alberto Lista"},"content":{"rendered":"<p style=\"margin: 0px 0px 0cm; padding-left: 0px; font-size: 12px; line-height: 18px; color: #656565; font-family: sans-serif; font-style: normal;\" align=\"JUSTIFY\">CONTENIDO:\u00a0El poeta y pol\u00edgrafo sevillano Alberto Lista (1775-1848) tom\u00f3 al autor latino Horacio como modelo literario, en los \u00e1mbitos de la reflexi\u00f3n te\u00f3rica y de la creaci\u00f3n po\u00e9tica. Partiendo de esa premisa, en el presente libro se acomete, por un lado, un an\u00e1lisis de los escritos te\u00f3ricos de Alberto Lista a la luz de la asimilaci\u00f3n y eventual negaci\u00f3n de los preceptos horacianos, con especial atenci\u00f3n a la denominada \u2018t\u00f3pica horaciana mayor\u2019:\u00a0ars-ingenium,prodesse-delectare\u00a0y\u00a0res-verba. Por otro lado, se estudia el tratamiento del material horaciano en su obra po\u00e9tica, a trav\u00e9s del estudio y comentario de los poemas categorizados por el propio autor como traducciones o imitaciones del poeta latino. Se alcanzan as\u00ed conclusiones de car\u00e1cter general sobre el aprovechamiento del material cl\u00e1sico y sobre los diferentes procedimientos de aclimataci\u00f3n y adaptaci\u00f3n a los que Lista lo somete, especialmente en lo que ata\u00f1e a la lengua po\u00e9tica, a la adaptaci\u00f3n m\u00e9trica, a las modificaciones fruto del contexto hist\u00f3rico y a las determinadas por el influjo de la moral judeocristiana.<\/p>\n<p style=\"margin: 0px 0px 0cm; padding-left: 0px; font-size: 12px; line-height: 18px; color: #656565; font-family: sans-serif; font-style: normal;\" align=\"JUSTIFY\">AUTOR:\u00a0M\u00f3nica Mart\u00ednez Sariego, actualmente profesora de literatura en la Universidad de Las Palmas de Gran Canaria, es licenciada en Filolog\u00eda Hisp\u00e1nica con Primer Premio Nacional de Terminaci\u00f3n de Estudios Universitarios, y doctora con Premio Extraordinario de Doctorado en la macro\u00e1rea de Artes y Humanidades. Ha realizado, asimismo, otras licenciaturas y posgrados en Teor\u00eda de la Literatura y Literatura Comparada, Filolog\u00eda Inglesa y Filolog\u00eda Cl\u00e1sica; y ha llevado a cabo estancias de investigaci\u00f3n predoctorales y postdoctorales en Francia, Alemania y Estados Unidos. Ha dirigido y participado en varios proyectos de investigaci\u00f3n y cuenta con un centenar de publicaciones especializadas sobre literatura espa\u00f1ola y comparada, tematolog\u00eda y mitocr\u00edtica, tradici\u00f3n cl\u00e1sica y estudios de g\u00e9nero.<\/p>\n","protected":false},"excerpt":{"rendered":"<p><span style=\"color: #656565; font-family: arial, helvetica, sans-serif; font-size: 16px; line-height: 18px;\">En el presente libro se analiza por un lado, los escritos te\u00f3ricos de Alberto Lista a la luz de la asimilaci\u00f3n y eventual negaci\u00f3n de los preceptos horacianos, y por otro lado, el tratamiento del material horaciano en su propia \u00e9poca po\u00e9tica a trav\u00e9s del estudio y comentarios de los poemas que traducen o imitan a los del poeta latino.<\/span><\/p>\n","protected":false},"featured_media":14555,"comment_status":"open","ping_status":"open","template":"","meta":{"_acf_changed":false,"_et_pb_use_builder":"","_et_pb_old_content":"","_et_gb_content_width":""},"product_brand":[],"product_cat":[21],"product_tag":[],"class_list":{"0":"post-14554","1":"product","2":"type-product","3":"status-publish","4":"has-post-thumbnail","6":"product_cat-estudios-literarios","8":"first","9":"instock","10":"taxable","11":"shipping-taxable","12":"purchasable","13":"product-type-simple"},"acf":[],"yoast_head":"<!-- This site is optimized with the Yoast SEO plugin v27.6 - https:\/\/yoast.com\/product\/yoast-seo-wordpress\/ -->\n<title>Horacio en Alberto Lista - Ediciones Alfar<\/title>\n<meta name=\"robots\" content=\"index, follow, max-snippet:-1, max-image-preview:large, max-video-preview:-1\" \/>\n<link rel=\"canonical\" href=\"https:\/\/edicionesalfar.es\/es\/producto\/horacio-en-alberto-lista\/\" \/>\n<meta property=\"og:locale\" content=\"es_ES\" \/>\n<meta property=\"og:type\" content=\"article\" \/>\n<meta property=\"og:title\" content=\"Horacio en Alberto Lista - Ediciones Alfar\" \/>\n<meta property=\"og:description\" content=\"En el presente libro se analiza por un lado, los escritos te\u00f3ricos de Alberto Lista a la luz de la asimilaci\u00f3n y eventual negaci\u00f3n de los preceptos horacianos, y por otro lado, el tratamiento del material horaciano en su propia \u00e9poca po\u00e9tica a trav\u00e9s del estudio y comentarios de los poemas que traducen o imitan a los del poeta latino.\" \/>\n<meta property=\"og:url\" content=\"https:\/\/edicionesalfar.es\/es\/producto\/horacio-en-alberto-lista\/\" \/>\n<meta property=\"og:site_name\" content=\"Ediciones Alfar\" \/>\n<meta property=\"og:image\" content=\"https:\/\/edicionesalfar.es\/es\/wp-content\/uploads\/2019\/05\/9788478985494_horacio.jpg\" \/>\n\t<meta property=\"og:image:width\" content=\"1\" \/>\n\t<meta property=\"og:image:height\" content=\"1\" \/>\n\t<meta property=\"og:image:type\" content=\"image\/jpeg\" \/>\n<meta name=\"twitter:card\" content=\"summary_large_image\" \/>\n<meta name=\"twitter:label1\" content=\"Tiempo de lectura\" \/>\n\t<meta name=\"twitter:data1\" content=\"2 minutos\" \/>\n<script type=\"application\/ld+json\" class=\"yoast-schema-graph\">{\"@context\":\"https:\\\/\\\/schema.org\",\"@graph\":[{\"@type\":\"WebPage\",\"@id\":\"https:\\\/\\\/edicionesalfar.es\\\/es\\\/producto\\\/horacio-en-alberto-lista\\\/\",\"url\":\"https:\\\/\\\/edicionesalfar.es\\\/es\\\/producto\\\/horacio-en-alberto-lista\\\/\",\"name\":\"Horacio en Alberto Lista - Ediciones Alfar\",\"isPartOf\":{\"@id\":\"https:\\\/\\\/edicionesalfar.es\\\/es\\\/#website\"},\"primaryImageOfPage\":{\"@id\":\"https:\\\/\\\/edicionesalfar.es\\\/es\\\/producto\\\/horacio-en-alberto-lista\\\/#primaryimage\"},\"image\":{\"@id\":\"https:\\\/\\\/edicionesalfar.es\\\/es\\\/producto\\\/horacio-en-alberto-lista\\\/#primaryimage\"},\"thumbnailUrl\":\"https:\\\/\\\/edicionesalfar.es\\\/es\\\/wp-content\\\/uploads\\\/2019\\\/05\\\/9788478985494_horacio.jpg\",\"datePublished\":\"2019-07-11T05:56:25+00:00\",\"breadcrumb\":{\"@id\":\"https:\\\/\\\/edicionesalfar.es\\\/es\\\/producto\\\/horacio-en-alberto-lista\\\/#breadcrumb\"},\"inLanguage\":\"es\",\"potentialAction\":[{\"@type\":\"ReadAction\",\"target\":[\"https:\\\/\\\/edicionesalfar.es\\\/es\\\/producto\\\/horacio-en-alberto-lista\\\/\"]}]},{\"@type\":\"ImageObject\",\"inLanguage\":\"es\",\"@id\":\"https:\\\/\\\/edicionesalfar.es\\\/es\\\/producto\\\/horacio-en-alberto-lista\\\/#primaryimage\",\"url\":\"https:\\\/\\\/edicionesalfar.es\\\/es\\\/wp-content\\\/uploads\\\/2019\\\/05\\\/9788478985494_horacio.jpg\",\"contentUrl\":\"https:\\\/\\\/edicionesalfar.es\\\/es\\\/wp-content\\\/uploads\\\/2019\\\/05\\\/9788478985494_horacio.jpg\"},{\"@type\":\"BreadcrumbList\",\"@id\":\"https:\\\/\\\/edicionesalfar.es\\\/es\\\/producto\\\/horacio-en-alberto-lista\\\/#breadcrumb\",\"itemListElement\":[{\"@type\":\"ListItem\",\"position\":1,\"name\":\"Portada\",\"item\":\"https:\\\/\\\/edicionesalfar.es\\\/es\\\/\"},{\"@type\":\"ListItem\",\"position\":2,\"name\":\"Cat\u00e1logo\",\"item\":\"https:\\\/\\\/edicionesalfar.es\\\/es\\\/catalogo\\\/\"},{\"@type\":\"ListItem\",\"position\":3,\"name\":\"Horacio en Alberto Lista\"}]},{\"@type\":\"WebSite\",\"@id\":\"https:\\\/\\\/edicionesalfar.es\\\/es\\\/#website\",\"url\":\"https:\\\/\\\/edicionesalfar.es\\\/es\\\/\",\"name\":\"Ediciones Alfar\",\"description\":\"\",\"potentialAction\":[{\"@type\":\"SearchAction\",\"target\":{\"@type\":\"EntryPoint\",\"urlTemplate\":\"https:\\\/\\\/edicionesalfar.es\\\/es\\\/?s={search_term_string}\"},\"query-input\":{\"@type\":\"PropertyValueSpecification\",\"valueRequired\":true,\"valueName\":\"search_term_string\"}}],\"inLanguage\":\"es\"}]}<\/script>\n<!-- \/ Yoast SEO plugin. -->","yoast_head_json":{"title":"Horacio en Alberto Lista - Ediciones Alfar","robots":{"index":"index","follow":"follow","max-snippet":"max-snippet:-1","max-image-preview":"max-image-preview:large","max-video-preview":"max-video-preview:-1"},"canonical":"https:\/\/edicionesalfar.es\/es\/producto\/horacio-en-alberto-lista\/","og_locale":"es_ES","og_type":"article","og_title":"Horacio en Alberto Lista - Ediciones Alfar","og_description":"En el presente libro se analiza por un lado, los escritos te\u00f3ricos de Alberto Lista a la luz de la asimilaci\u00f3n y eventual negaci\u00f3n de los preceptos horacianos, y por otro lado, el tratamiento del material horaciano en su propia \u00e9poca po\u00e9tica a trav\u00e9s del estudio y comentarios de los poemas que traducen o imitan a los del poeta latino.","og_url":"https:\/\/edicionesalfar.es\/es\/producto\/horacio-en-alberto-lista\/","og_site_name":"Ediciones Alfar","og_image":[{"url":"https:\/\/edicionesalfar.es\/es\/wp-content\/uploads\/2019\/05\/9788478985494_horacio.jpg","width":1,"height":1,"type":"image\/jpeg"}],"twitter_card":"summary_large_image","twitter_misc":{"Tiempo de lectura":"2 minutos"},"schema":{"@context":"https:\/\/schema.org","@graph":[{"@type":"WebPage","@id":"https:\/\/edicionesalfar.es\/es\/producto\/horacio-en-alberto-lista\/","url":"https:\/\/edicionesalfar.es\/es\/producto\/horacio-en-alberto-lista\/","name":"Horacio en Alberto Lista - Ediciones Alfar","isPartOf":{"@id":"https:\/\/edicionesalfar.es\/es\/#website"},"primaryImageOfPage":{"@id":"https:\/\/edicionesalfar.es\/es\/producto\/horacio-en-alberto-lista\/#primaryimage"},"image":{"@id":"https:\/\/edicionesalfar.es\/es\/producto\/horacio-en-alberto-lista\/#primaryimage"},"thumbnailUrl":"https:\/\/edicionesalfar.es\/es\/wp-content\/uploads\/2019\/05\/9788478985494_horacio.jpg","datePublished":"2019-07-11T05:56:25+00:00","breadcrumb":{"@id":"https:\/\/edicionesalfar.es\/es\/producto\/horacio-en-alberto-lista\/#breadcrumb"},"inLanguage":"es","potentialAction":[{"@type":"ReadAction","target":["https:\/\/edicionesalfar.es\/es\/producto\/horacio-en-alberto-lista\/"]}]},{"@type":"ImageObject","inLanguage":"es","@id":"https:\/\/edicionesalfar.es\/es\/producto\/horacio-en-alberto-lista\/#primaryimage","url":"https:\/\/edicionesalfar.es\/es\/wp-content\/uploads\/2019\/05\/9788478985494_horacio.jpg","contentUrl":"https:\/\/edicionesalfar.es\/es\/wp-content\/uploads\/2019\/05\/9788478985494_horacio.jpg"},{"@type":"BreadcrumbList","@id":"https:\/\/edicionesalfar.es\/es\/producto\/horacio-en-alberto-lista\/#breadcrumb","itemListElement":[{"@type":"ListItem","position":1,"name":"Portada","item":"https:\/\/edicionesalfar.es\/es\/"},{"@type":"ListItem","position":2,"name":"Cat\u00e1logo","item":"https:\/\/edicionesalfar.es\/es\/catalogo\/"},{"@type":"ListItem","position":3,"name":"Horacio en Alberto Lista"}]},{"@type":"WebSite","@id":"https:\/\/edicionesalfar.es\/es\/#website","url":"https:\/\/edicionesalfar.es\/es\/","name":"Ediciones Alfar","description":"","potentialAction":[{"@type":"SearchAction","target":{"@type":"EntryPoint","urlTemplate":"https:\/\/edicionesalfar.es\/es\/?s={search_term_string}"},"query-input":{"@type":"PropertyValueSpecification","valueRequired":true,"valueName":"search_term_string"}}],"inLanguage":"es"}]}},"_links":{"self":[{"href":"https:\/\/edicionesalfar.es\/es\/wp-json\/wp\/v2\/product\/14554","targetHints":{"allow":["GET"]}}],"collection":[{"href":"https:\/\/edicionesalfar.es\/es\/wp-json\/wp\/v2\/product"}],"about":[{"href":"https:\/\/edicionesalfar.es\/es\/wp-json\/wp\/v2\/types\/product"}],"replies":[{"embeddable":true,"href":"https:\/\/edicionesalfar.es\/es\/wp-json\/wp\/v2\/comments?post=14554"}],"wp:featuredmedia":[{"embeddable":true,"href":"https:\/\/edicionesalfar.es\/es\/wp-json\/wp\/v2\/media\/14555"}],"wp:attachment":[{"href":"https:\/\/edicionesalfar.es\/es\/wp-json\/wp\/v2\/media?parent=14554"}],"wp:term":[{"taxonomy":"product_brand","embeddable":true,"href":"https:\/\/edicionesalfar.es\/es\/wp-json\/wp\/v2\/product_brand?post=14554"},{"taxonomy":"product_cat","embeddable":true,"href":"https:\/\/edicionesalfar.es\/es\/wp-json\/wp\/v2\/product_cat?post=14554"},{"taxonomy":"product_tag","embeddable":true,"href":"https:\/\/edicionesalfar.es\/es\/wp-json\/wp\/v2\/product_tag?post=14554"}],"curies":[{"name":"wp","href":"https:\/\/api.w.org\/{rel}","templated":true}]}}