{"id":14540,"date":"2019-07-11T05:56:18","date_gmt":"2019-07-11T05:56:18","guid":{"rendered":"http:\/\/www.edicionesalfar.es\/web-wordpress\/?post_type=product&#038;#029;p="},"modified":"2023-03-31T11:09:20","modified_gmt":"2023-03-31T09:09:20","slug":"el-temblor-de-las-estrellas","status":"publish","type":"product","link":"https:\/\/edicionesalfar.es\/es\/producto\/el-temblor-de-las-estrellas\/","title":{"rendered":"El temblor de las estrellas"},"content":{"rendered":"<p style=\"margin: 0px 0px 1.5em; padding-left: 0px; font-size: 12px; line-height: 18px; color: #656565; font-family: sans-serif; font-style: normal; page-break-inside: avoid; widows: 8;\" align=\"JUSTIFY\">CONTENIDO:\u00a0La protagonista de mi novela es una mujer que lucha contra la sociedad de\u00a0la \u00e9poca. Es una lucha callada y eficaz, reflejo de otras muchas mujeres an\u00f3nimas que no se conformaban con el papel que les tocaba desempe\u00f1ar, sin acceso a la cultura, sin que su opini\u00f3n se tuviera en cuenta y supeditadas al padre o al marido. Mujeres que supieron, cuando les falt\u00f3 la figura masculina al lado, sacar adelante la casa y los hijos, con trabajo y constancia.<\/p>\n<p style=\"margin: 0px 0px 1.5em; padding-left: 0px; font-size: 12px; line-height: 18px; color: #656565; font-family: sans-serif; font-style: normal; page-break-inside: avoid; widows: 1;\" align=\"LEFT\">Otros personajes son los maestros, con ideas dispares en cuanto a educaci\u00f3n, pero con una vocaci\u00f3n manifiesta por la ense\u00f1anza.<\/p>\n<p style=\"margin: 0px 0px 1.5em; padding-left: 0px; font-size: 12px; line-height: 18px; color: #656565; font-family: sans-serif; font-style: normal; page-break-inside: avoid; widows: 1;\" align=\"LEFT\">Personajes de la \u00e9poca con distinta afiliaci\u00f3n pol\u00edtica: republicanos, \u00e1cratas, falangistas&#8230;<\/p>\n<p style=\"margin: 0px 0px 1.5em; padding-left: 0px; font-size: 12px; line-height: 18px; color: #656565; font-family: sans-serif; font-style: normal; page-break-inside: avoid; widows: 1;\" align=\"LEFT\">Est\u00e1 ambientada en un pueblo de Castell\u00f3n, empieza en 1913 y acaba sobre 1941, al principio de la posguerra. Adem\u00e1s de contarnos la historia de los protagonista, nos muestra la situaci\u00f3n de Espa\u00f1a durante estos a\u00f1os: reinado de Alfonso XIII, guerra de Marruecos, Segunda Rep\u00fablica, Guerra Civil, posguerra&#8230;<\/p>\n<p style=\"margin: 0px 0px 1.5em; padding-left: 0px; font-size: 12px; line-height: 18px; color: #656565; font-family: sans-serif; font-style: normal; page-break-inside: avoid; widows: 8;\" align=\"JUSTIFY\">AUTOR:\u00a0Magdalena G\u00f3mez Amores es\u00a0maestra de primaria,\u00a0maestra escuela\u00a0que dec\u00edamos antes&#8230; Sus m\u00e1s de treinta y cinco a\u00f1os de docencia le han marcado como persona y le han empujado a escribir su primera novela.<\/p>\n<p style=\"margin: 0px 0px 1.5em; padding-left: 0px; font-size: 12px; line-height: 18px; color: #656565; font-family: sans-serif; font-style: normal; page-break-inside: avoid; widows: 8;\" align=\"JUSTIFY\">Lleva muchos a\u00f1os intentando ilusionar a sus alumnos y alumnas con la lectura y la escritura. Ha\u00a0ideado estrategias sin cesar, para que aprendan a describir objetos, animales, personas&#8230; para que aprendan a expresar sus sentimientos, emociones&#8230; para que aprendan a narrar, dejando volar la imaginaci\u00f3n y la fantas\u00eda.<\/p>\n<p style=\"margin: 0px 0px 1.5em; padding-left: 0px; font-size: 12px; line-height: 18px; color: #656565; font-family: sans-serif; font-style: normal; page-break-inside: avoid; widows: 1;\" align=\"LEFT\">Ha escrito peque\u00f1os cuentos, poes\u00edas, descripciones&#8230; para su p\u00fablico, que son sus alumnos y alumnas, un p\u00fablico agradecido, entusiasta y, aunque nos parezca raro, cr\u00edtico.<\/p>\n<p style=\"margin: 0px 0px 1.5em; padding-left: 0px; font-size: 12px; line-height: 18px; color: #656565; font-family: sans-serif; font-style: normal; page-break-inside: avoid; widows: 1;\" align=\"LEFT\">Parte de este trabajo se ha editado en libros de textos, una parte mayor queda en el trabajo diario de la escuela.<\/p>\n<p style=\"margin: 0px 0px 1.5em; padding-left: 0px; font-size: 12px; line-height: 18px; color: #656565; font-family: sans-serif; font-style: normal; page-break-inside: avoid; widows: 1;\" align=\"LEFT\">Siempre se ha interesado por las historias que contaban sus abuelos, el tiempo que les toc\u00f3 vivir con una pol\u00edtica tan variable, y ha ido acumulando an\u00e9cdotas, peque\u00f1as historias, documentos, fotograf\u00edas, cartas&#8230; y con todo ello decidi\u00f3 escribir esta novela,\u00a0El temblor de las estrellas.<\/p>\n","protected":false},"excerpt":{"rendered":"<p><span style=\"margin: 0px; padding: 0px; color: #656565; line-height: 18px; font-family: arial, helvetica, sans-serif; font-size: 14pt;\">La historia de una mujer que lucha contra la sociedad,\u00a0<\/span><span style=\"margin: 0px; padding: 0px; color: #656565; line-height: 18px; font-family: arial, helvetica, sans-serif; font-size: 14pt;\">contra los acontecimientos&#8230; contra todos, y siempre\u00a0<\/span><span style=\"margin: 0px; padding: 0px; color: #656565; line-height: 18px; font-family: arial, helvetica, sans-serif; font-size: 14pt;\">a favor de los suyos. Ambientada en Espa\u00f1a, en la \u00e9poca\u00a0<\/span><span style=\"margin: 0px; padding: 0px; color: #656565; line-height: 18px; font-family: arial, helvetica, sans-serif; font-size: 14pt;\">anterior a la Guerra Civil, durante la misma y la Posguerra.<\/span><\/p>\n","protected":false},"featured_media":14541,"comment_status":"open","ping_status":"closed","template":"","meta":{"_acf_changed":false,"_et_pb_use_builder":"","_et_pb_old_content":"","_et_gb_content_width":""},"product_brand":[],"product_cat":[376,597,29],"product_tag":[],"class_list":{"0":"post-14540","1":"product","2":"type-product","3":"status-publish","4":"has-post-thumbnail","6":"product_cat-autores","7":"product_cat-gomez-amores-maria-magdalena","8":"product_cat-narrativa","10":"first","11":"instock","12":"taxable","13":"shipping-taxable","14":"purchasable","15":"product-type-simple"},"acf":[],"yoast_head":"<!-- This site is optimized with the Yoast SEO plugin v27.6 - https:\/\/yoast.com\/product\/yoast-seo-wordpress\/ -->\n<title>El temblor de las estrellas - Ediciones Alfar<\/title>\n<meta name=\"robots\" content=\"index, follow, max-snippet:-1, max-image-preview:large, max-video-preview:-1\" \/>\n<link rel=\"canonical\" href=\"https:\/\/edicionesalfar.es\/es\/producto\/el-temblor-de-las-estrellas\/\" \/>\n<meta property=\"og:locale\" content=\"es_ES\" \/>\n<meta property=\"og:type\" content=\"article\" \/>\n<meta property=\"og:title\" content=\"El temblor de las estrellas - Ediciones Alfar\" \/>\n<meta property=\"og:description\" content=\"La historia de una mujer que lucha contra la sociedad,\u00a0contra los acontecimientos... contra todos, y siempre\u00a0a favor de los suyos. Ambientada en Espa\u00f1a, en la \u00e9poca\u00a0anterior a la Guerra Civil, durante la misma y la Posguerra.\" \/>\n<meta property=\"og:url\" content=\"https:\/\/edicionesalfar.es\/es\/producto\/el-temblor-de-las-estrellas\/\" \/>\n<meta property=\"og:site_name\" content=\"Ediciones Alfar\" \/>\n<meta property=\"article:modified_time\" content=\"2023-03-31T09:09:20+00:00\" \/>\n<meta property=\"og:image\" content=\"https:\/\/edicionesalfar.es\/es\/wp-content\/uploads\/2019\/05\/9788478985401_eltemblor.jpg\" \/>\n\t<meta property=\"og:image:width\" content=\"1\" \/>\n\t<meta property=\"og:image:height\" content=\"1\" \/>\n\t<meta property=\"og:image:type\" content=\"image\/jpeg\" \/>\n<meta name=\"twitter:card\" content=\"summary_large_image\" \/>\n<meta name=\"twitter:label1\" content=\"Tiempo de lectura\" \/>\n\t<meta name=\"twitter:data1\" content=\"2 minutos\" \/>\n<script type=\"application\/ld+json\" class=\"yoast-schema-graph\">{\"@context\":\"https:\\\/\\\/schema.org\",\"@graph\":[{\"@type\":\"WebPage\",\"@id\":\"https:\\\/\\\/edicionesalfar.es\\\/es\\\/producto\\\/el-temblor-de-las-estrellas\\\/\",\"url\":\"https:\\\/\\\/edicionesalfar.es\\\/es\\\/producto\\\/el-temblor-de-las-estrellas\\\/\",\"name\":\"El temblor de las estrellas - Ediciones Alfar\",\"isPartOf\":{\"@id\":\"https:\\\/\\\/edicionesalfar.es\\\/es\\\/#website\"},\"primaryImageOfPage\":{\"@id\":\"https:\\\/\\\/edicionesalfar.es\\\/es\\\/producto\\\/el-temblor-de-las-estrellas\\\/#primaryimage\"},\"image\":{\"@id\":\"https:\\\/\\\/edicionesalfar.es\\\/es\\\/producto\\\/el-temblor-de-las-estrellas\\\/#primaryimage\"},\"thumbnailUrl\":\"https:\\\/\\\/edicionesalfar.es\\\/es\\\/wp-content\\\/uploads\\\/2019\\\/05\\\/9788478985401_eltemblor.jpg\",\"datePublished\":\"2019-07-11T05:56:18+00:00\",\"dateModified\":\"2023-03-31T09:09:20+00:00\",\"breadcrumb\":{\"@id\":\"https:\\\/\\\/edicionesalfar.es\\\/es\\\/producto\\\/el-temblor-de-las-estrellas\\\/#breadcrumb\"},\"inLanguage\":\"es\",\"potentialAction\":[{\"@type\":\"ReadAction\",\"target\":[\"https:\\\/\\\/edicionesalfar.es\\\/es\\\/producto\\\/el-temblor-de-las-estrellas\\\/\"]}]},{\"@type\":\"ImageObject\",\"inLanguage\":\"es\",\"@id\":\"https:\\\/\\\/edicionesalfar.es\\\/es\\\/producto\\\/el-temblor-de-las-estrellas\\\/#primaryimage\",\"url\":\"https:\\\/\\\/edicionesalfar.es\\\/es\\\/wp-content\\\/uploads\\\/2019\\\/05\\\/9788478985401_eltemblor.jpg\",\"contentUrl\":\"https:\\\/\\\/edicionesalfar.es\\\/es\\\/wp-content\\\/uploads\\\/2019\\\/05\\\/9788478985401_eltemblor.jpg\"},{\"@type\":\"BreadcrumbList\",\"@id\":\"https:\\\/\\\/edicionesalfar.es\\\/es\\\/producto\\\/el-temblor-de-las-estrellas\\\/#breadcrumb\",\"itemListElement\":[{\"@type\":\"ListItem\",\"position\":1,\"name\":\"Portada\",\"item\":\"https:\\\/\\\/edicionesalfar.es\\\/es\\\/\"},{\"@type\":\"ListItem\",\"position\":2,\"name\":\"Cat\u00e1logo\",\"item\":\"https:\\\/\\\/edicionesalfar.es\\\/es\\\/catalogo\\\/\"},{\"@type\":\"ListItem\",\"position\":3,\"name\":\"El temblor de las estrellas\"}]},{\"@type\":\"WebSite\",\"@id\":\"https:\\\/\\\/edicionesalfar.es\\\/es\\\/#website\",\"url\":\"https:\\\/\\\/edicionesalfar.es\\\/es\\\/\",\"name\":\"Ediciones Alfar\",\"description\":\"\",\"potentialAction\":[{\"@type\":\"SearchAction\",\"target\":{\"@type\":\"EntryPoint\",\"urlTemplate\":\"https:\\\/\\\/edicionesalfar.es\\\/es\\\/?s={search_term_string}\"},\"query-input\":{\"@type\":\"PropertyValueSpecification\",\"valueRequired\":true,\"valueName\":\"search_term_string\"}}],\"inLanguage\":\"es\"}]}<\/script>\n<!-- \/ Yoast SEO plugin. -->","yoast_head_json":{"title":"El temblor de las estrellas - Ediciones Alfar","robots":{"index":"index","follow":"follow","max-snippet":"max-snippet:-1","max-image-preview":"max-image-preview:large","max-video-preview":"max-video-preview:-1"},"canonical":"https:\/\/edicionesalfar.es\/es\/producto\/el-temblor-de-las-estrellas\/","og_locale":"es_ES","og_type":"article","og_title":"El temblor de las estrellas - Ediciones Alfar","og_description":"La historia de una mujer que lucha contra la sociedad,\u00a0contra los acontecimientos... contra todos, y siempre\u00a0a favor de los suyos. Ambientada en Espa\u00f1a, en la \u00e9poca\u00a0anterior a la Guerra Civil, durante la misma y la Posguerra.","og_url":"https:\/\/edicionesalfar.es\/es\/producto\/el-temblor-de-las-estrellas\/","og_site_name":"Ediciones Alfar","article_modified_time":"2023-03-31T09:09:20+00:00","og_image":[{"url":"https:\/\/edicionesalfar.es\/es\/wp-content\/uploads\/2019\/05\/9788478985401_eltemblor.jpg","width":1,"height":1,"type":"image\/jpeg"}],"twitter_card":"summary_large_image","twitter_misc":{"Tiempo de lectura":"2 minutos"},"schema":{"@context":"https:\/\/schema.org","@graph":[{"@type":"WebPage","@id":"https:\/\/edicionesalfar.es\/es\/producto\/el-temblor-de-las-estrellas\/","url":"https:\/\/edicionesalfar.es\/es\/producto\/el-temblor-de-las-estrellas\/","name":"El temblor de las estrellas - Ediciones Alfar","isPartOf":{"@id":"https:\/\/edicionesalfar.es\/es\/#website"},"primaryImageOfPage":{"@id":"https:\/\/edicionesalfar.es\/es\/producto\/el-temblor-de-las-estrellas\/#primaryimage"},"image":{"@id":"https:\/\/edicionesalfar.es\/es\/producto\/el-temblor-de-las-estrellas\/#primaryimage"},"thumbnailUrl":"https:\/\/edicionesalfar.es\/es\/wp-content\/uploads\/2019\/05\/9788478985401_eltemblor.jpg","datePublished":"2019-07-11T05:56:18+00:00","dateModified":"2023-03-31T09:09:20+00:00","breadcrumb":{"@id":"https:\/\/edicionesalfar.es\/es\/producto\/el-temblor-de-las-estrellas\/#breadcrumb"},"inLanguage":"es","potentialAction":[{"@type":"ReadAction","target":["https:\/\/edicionesalfar.es\/es\/producto\/el-temblor-de-las-estrellas\/"]}]},{"@type":"ImageObject","inLanguage":"es","@id":"https:\/\/edicionesalfar.es\/es\/producto\/el-temblor-de-las-estrellas\/#primaryimage","url":"https:\/\/edicionesalfar.es\/es\/wp-content\/uploads\/2019\/05\/9788478985401_eltemblor.jpg","contentUrl":"https:\/\/edicionesalfar.es\/es\/wp-content\/uploads\/2019\/05\/9788478985401_eltemblor.jpg"},{"@type":"BreadcrumbList","@id":"https:\/\/edicionesalfar.es\/es\/producto\/el-temblor-de-las-estrellas\/#breadcrumb","itemListElement":[{"@type":"ListItem","position":1,"name":"Portada","item":"https:\/\/edicionesalfar.es\/es\/"},{"@type":"ListItem","position":2,"name":"Cat\u00e1logo","item":"https:\/\/edicionesalfar.es\/es\/catalogo\/"},{"@type":"ListItem","position":3,"name":"El temblor de las estrellas"}]},{"@type":"WebSite","@id":"https:\/\/edicionesalfar.es\/es\/#website","url":"https:\/\/edicionesalfar.es\/es\/","name":"Ediciones Alfar","description":"","potentialAction":[{"@type":"SearchAction","target":{"@type":"EntryPoint","urlTemplate":"https:\/\/edicionesalfar.es\/es\/?s={search_term_string}"},"query-input":{"@type":"PropertyValueSpecification","valueRequired":true,"valueName":"search_term_string"}}],"inLanguage":"es"}]}},"_links":{"self":[{"href":"https:\/\/edicionesalfar.es\/es\/wp-json\/wp\/v2\/product\/14540","targetHints":{"allow":["GET"]}}],"collection":[{"href":"https:\/\/edicionesalfar.es\/es\/wp-json\/wp\/v2\/product"}],"about":[{"href":"https:\/\/edicionesalfar.es\/es\/wp-json\/wp\/v2\/types\/product"}],"replies":[{"embeddable":true,"href":"https:\/\/edicionesalfar.es\/es\/wp-json\/wp\/v2\/comments?post=14540"}],"wp:featuredmedia":[{"embeddable":true,"href":"https:\/\/edicionesalfar.es\/es\/wp-json\/wp\/v2\/media\/14541"}],"wp:attachment":[{"href":"https:\/\/edicionesalfar.es\/es\/wp-json\/wp\/v2\/media?parent=14540"}],"wp:term":[{"taxonomy":"product_brand","embeddable":true,"href":"https:\/\/edicionesalfar.es\/es\/wp-json\/wp\/v2\/product_brand?post=14540"},{"taxonomy":"product_cat","embeddable":true,"href":"https:\/\/edicionesalfar.es\/es\/wp-json\/wp\/v2\/product_cat?post=14540"},{"taxonomy":"product_tag","embeddable":true,"href":"https:\/\/edicionesalfar.es\/es\/wp-json\/wp\/v2\/product_tag?post=14540"}],"curies":[{"name":"wp","href":"https:\/\/api.w.org\/{rel}","templated":true}]}}