{"id":14532,"date":"2019-07-11T05:56:13","date_gmt":"2019-07-11T05:56:13","guid":{"rendered":"http:\/\/www.edicionesalfar.es\/web-wordpress\/?post_type=product\\&#051;p="},"modified":"2026-01-22T16:50:15","modified_gmt":"2026-01-22T15:50:15","slug":"futbol-con-v-de-vida","status":"publish","type":"product","link":"https:\/\/edicionesalfar.es\/es\/producto\/futbol-con-v-de-vida\/","title":{"rendered":"F\u00fatbol con V de vida"},"content":{"rendered":"<p style=\"margin: 0px 0px 1.5em; padding-left: 0px; font-size: 12px; line-height: 18px; color: #656565; font-family: sans-serif; font-style: normal;\" align=\"left\">Una promesa, un sue\u00f1o, un viaje. Y el f\u00fatbol hilvanando cada p\u00e1gina del relato como una jugada infinita. \u00abRedescubrir los or\u00edgenes, los objetivos y las esencias de la iniciaci\u00f3n futbol\u00edstica\u00bb. Con ese lema por bandera, Juan Mart\u00edn, un joven entrenador avezado en la formaci\u00f3n de j\u00f3venes futbolistas, tras su paso por las escuelas del Manchester United, se lanzar\u00e1 a una aventura largamente so\u00f1ada: escribir, como prometi\u00f3 a su padre antes de morir, un relato con el que compartir con otros formadores sus experiencias y los resultados de su m\u00e9todo pedag\u00f3gico en la educaci\u00f3n futbol\u00edstica de ni\u00f1os y adolescentes.<\/p>\n<p style=\"margin: 0px 0px 1.5em; padding-left: 0px; font-size: 12px; line-height: 18px; color: #656565; font-family: sans-serif; font-style: normal;\">\u00a0<\/p>\n<p style=\"margin: 0px 0px 1.5em; padding-left: 0px; font-size: 12px; line-height: 18px; color: #656565; font-family: sans-serif; font-style: normal;\" align=\"left\">As\u00ed arranca el viaje del protagonista, un periplo por todo el mundo que, como todos los peregrinajes, tiene mucho de transformaci\u00f3n interior. Porque junto al compa\u00f1ero de andanzas de Juan Mart\u00edn, el fotoperiodista Andr\u00e9s Hurtado, el lector no solo descubrir\u00e1 una nueva aproximaci\u00f3n pedag\u00f3gica al f\u00fatbol de iniciaci\u00f3n en lugares como Espa\u00f1a, Bolivia, Colombia, EE.UU o Dubai, sino que tambi\u00e9n se asomar\u00e1 a las inquietudes y esperanzas de un hombre hecho a s\u00ed mismo.<\/p>\n<p style=\"margin: 0px 0px 1.5em; padding-left: 0px; font-size: 12px; line-height: 18px; color: #656565; font-family: sans-serif; font-style: normal;\" align=\"left\">Con esta perspecitova diferente a la de cualquier manual deportivo al uso, los autores de la novela, Adolfo S\u00e1nchez, entrenador de las Escuelas Fundaci\u00f3n Real Madrid durante ocho a\u00f1os y experto en la docencia de f\u00fatbol en edades tempranas, y el periodista y escritor David Revelles, nos presentan un compendio de herramientas pensadas para motivar e inspirar a ni\u00f1os y adolescentes en la cultura deportiva.<\/p>\n<p style=\"margin: 0px 0px 1.5em; padding-left: 0px; font-size: 12px; line-height: 18px; color: #656565; font-family: sans-serif; font-style: normal;\" align=\"left\">Clarividente, entretenida, y en muchos momentos, emotiva, en sus p\u00e1ginas laten lecciones esenciales como el respeto al proceso natural de aprendizaje de los j\u00f3venes futbolistas, la necesidad de tener en cuenta sus emociones y la necesidad de distanciar el f\u00fatbol educativo del f\u00fatbol de alta competici\u00f3n.<\/p>\n<p style=\"margin: 0px 0px 1.5em; padding-left: 0px; font-size: 12px; line-height: 18px; color: #656565; font-family: sans-serif; font-style: normal;\" align=\"left\">Porque la obra no solo centra la atenci\u00f3n en protagonistas de la formaci\u00f3n futbol\u00edstica, los ni\u00f1os y adolescentes, sino tambi\u00e9n en aquellos que tienen la responsabilidad de su educaci\u00f3n deportiva.<\/p>\n<p style=\"margin: 0px 0px 1.5em; padding-left: 0px; font-size: 12px; line-height: 18px; color: #656565; font-family: sans-serif; font-style: normal;\">En suma, estas p\u00e1ginas sirven para recordarnos la esencia del f\u00fatbol de iniciaci\u00f3n: descubrimiento, esfuerzo colectivo e individual, emoci\u00f3n, compa\u00f1erismo, felicidad y libertad.<\/p>\n","protected":false},"excerpt":{"rendered":"<p><span style=\"line-height: 18px; font-family: arial, helvetica, sans-serif; color: #656565; font-size: 19px;\">&nbsp;<\/span><\/p>\n<p>&nbsp;<\/p>\n<p><span style=\"line-height: 18px; font-family: arial, helvetica, sans-serif; color: #656565; font-size: 19px;\">Obra entretenida y emotiva que sirve como m\u00e9todo para convertir la formaci\u00f3n de los j\u00f3venes deportistas en una aventura, y que nos recuerda la esencia del f\u00fatbol de iniciaci\u00f3n: compa\u00f1erismo, emoci\u00f3n, esfuerzo, felicidad y libertad. <\/span><\/p>\n<p>&nbsp;<\/p>\n","protected":false},"featured_media":14533,"comment_status":"open","ping_status":"open","template":"","meta":{"_acf_changed":false,"_et_pb_use_builder":"","_et_pb_old_content":"","_et_gb_content_width":""},"product_brand":[],"product_cat":[51],"product_tag":[],"class_list":{"0":"post-14532","1":"product","2":"type-product","3":"status-publish","4":"has-post-thumbnail","6":"product_cat-revistas-libros-distribucion","8":"first","9":"instock","10":"taxable","11":"shipping-taxable","12":"purchasable","13":"product-type-simple"},"acf":[],"yoast_head":"<!-- This site is optimized with the Yoast SEO plugin v27.5 - https:\/\/yoast.com\/product\/yoast-seo-wordpress\/ -->\n<title>F\u00fatbol con V de vida - Ediciones Alfar<\/title>\n<meta name=\"robots\" content=\"index, follow, max-snippet:-1, max-image-preview:large, max-video-preview:-1\" \/>\n<link rel=\"canonical\" href=\"https:\/\/edicionesalfar.es\/es\/producto\/futbol-con-v-de-vida\/\" \/>\n<meta property=\"og:locale\" content=\"es_ES\" \/>\n<meta property=\"og:type\" content=\"article\" \/>\n<meta property=\"og:title\" content=\"F\u00fatbol con V de vida - Ediciones Alfar\" \/>\n<meta property=\"og:description\" content=\"&nbsp; &nbsp; Obra entretenida y emotiva que sirve como m\u00e9todo para convertir la formaci\u00f3n de los j\u00f3venes deportistas en una aventura, y que nos recuerda la esencia del f\u00fatbol de iniciaci\u00f3n: compa\u00f1erismo, emoci\u00f3n, esfuerzo, felicidad y libertad.  &nbsp;\" \/>\n<meta property=\"og:url\" content=\"https:\/\/edicionesalfar.es\/es\/producto\/futbol-con-v-de-vida\/\" \/>\n<meta property=\"og:site_name\" content=\"Ediciones Alfar\" \/>\n<meta property=\"article:modified_time\" content=\"2026-01-22T15:50:15+00:00\" \/>\n<meta property=\"og:image\" content=\"https:\/\/edicionesalfar.es\/es\/wp-content\/uploads\/http:\/\/tienda.edicionesalfar.es\/img\/p\/1369-908-large.jpg\" \/>\n\t<meta property=\"og:image:width\" content=\"1\" \/>\n\t<meta property=\"og:image:height\" content=\"1\" \/>\n\t<meta property=\"og:image:type\" content=\"image\/jpeg\" \/>\n<meta name=\"twitter:card\" content=\"summary_large_image\" \/>\n<meta name=\"twitter:label1\" content=\"Tiempo de lectura\" \/>\n\t<meta name=\"twitter:data1\" content=\"2 minutos\" \/>\n<script type=\"application\/ld+json\" class=\"yoast-schema-graph\">{\"@context\":\"https:\\\/\\\/schema.org\",\"@graph\":[{\"@type\":\"WebPage\",\"@id\":\"https:\\\/\\\/edicionesalfar.es\\\/es\\\/producto\\\/futbol-con-v-de-vida\\\/\",\"url\":\"https:\\\/\\\/edicionesalfar.es\\\/es\\\/producto\\\/futbol-con-v-de-vida\\\/\",\"name\":\"F\u00fatbol con V de vida - Ediciones Alfar\",\"isPartOf\":{\"@id\":\"https:\\\/\\\/edicionesalfar.es\\\/es\\\/#website\"},\"primaryImageOfPage\":{\"@id\":\"https:\\\/\\\/edicionesalfar.es\\\/es\\\/producto\\\/futbol-con-v-de-vida\\\/#primaryimage\"},\"image\":{\"@id\":\"https:\\\/\\\/edicionesalfar.es\\\/es\\\/producto\\\/futbol-con-v-de-vida\\\/#primaryimage\"},\"thumbnailUrl\":\"https:\\\/\\\/edicionesalfar.es\\\/es\\\/wp-content\\\/uploads\\\/http:\\\/\\\/tienda.edicionesalfar.es\\\/img\\\/p\\\/1369-908-large.jpg\",\"datePublished\":\"2019-07-11T05:56:13+00:00\",\"dateModified\":\"2026-01-22T15:50:15+00:00\",\"breadcrumb\":{\"@id\":\"https:\\\/\\\/edicionesalfar.es\\\/es\\\/producto\\\/futbol-con-v-de-vida\\\/#breadcrumb\"},\"inLanguage\":\"es\",\"potentialAction\":[{\"@type\":\"ReadAction\",\"target\":[\"https:\\\/\\\/edicionesalfar.es\\\/es\\\/producto\\\/futbol-con-v-de-vida\\\/\"]}]},{\"@type\":\"ImageObject\",\"inLanguage\":\"es\",\"@id\":\"https:\\\/\\\/edicionesalfar.es\\\/es\\\/producto\\\/futbol-con-v-de-vida\\\/#primaryimage\",\"url\":\"https:\\\/\\\/edicionesalfar.es\\\/es\\\/wp-content\\\/uploads\\\/http:\\\/\\\/tienda.edicionesalfar.es\\\/img\\\/p\\\/1369-908-large.jpg\",\"contentUrl\":\"https:\\\/\\\/edicionesalfar.es\\\/es\\\/wp-content\\\/uploads\\\/http:\\\/\\\/tienda.edicionesalfar.es\\\/img\\\/p\\\/1369-908-large.jpg\"},{\"@type\":\"BreadcrumbList\",\"@id\":\"https:\\\/\\\/edicionesalfar.es\\\/es\\\/producto\\\/futbol-con-v-de-vida\\\/#breadcrumb\",\"itemListElement\":[{\"@type\":\"ListItem\",\"position\":1,\"name\":\"Portada\",\"item\":\"https:\\\/\\\/edicionesalfar.es\\\/es\\\/\"},{\"@type\":\"ListItem\",\"position\":2,\"name\":\"Cat\u00e1logo\",\"item\":\"https:\\\/\\\/edicionesalfar.es\\\/es\\\/catalogo\\\/\"},{\"@type\":\"ListItem\",\"position\":3,\"name\":\"F\u00fatbol con V de vida\"}]},{\"@type\":\"WebSite\",\"@id\":\"https:\\\/\\\/edicionesalfar.es\\\/es\\\/#website\",\"url\":\"https:\\\/\\\/edicionesalfar.es\\\/es\\\/\",\"name\":\"Ediciones Alfar\",\"description\":\"\",\"potentialAction\":[{\"@type\":\"SearchAction\",\"target\":{\"@type\":\"EntryPoint\",\"urlTemplate\":\"https:\\\/\\\/edicionesalfar.es\\\/es\\\/?s={search_term_string}\"},\"query-input\":{\"@type\":\"PropertyValueSpecification\",\"valueRequired\":true,\"valueName\":\"search_term_string\"}}],\"inLanguage\":\"es\"}]}<\/script>\n<!-- \/ Yoast SEO plugin. -->","yoast_head_json":{"title":"F\u00fatbol con V de vida - Ediciones Alfar","robots":{"index":"index","follow":"follow","max-snippet":"max-snippet:-1","max-image-preview":"max-image-preview:large","max-video-preview":"max-video-preview:-1"},"canonical":"https:\/\/edicionesalfar.es\/es\/producto\/futbol-con-v-de-vida\/","og_locale":"es_ES","og_type":"article","og_title":"F\u00fatbol con V de vida - Ediciones Alfar","og_description":"&nbsp; &nbsp; Obra entretenida y emotiva que sirve como m\u00e9todo para convertir la formaci\u00f3n de los j\u00f3venes deportistas en una aventura, y que nos recuerda la esencia del f\u00fatbol de iniciaci\u00f3n: compa\u00f1erismo, emoci\u00f3n, esfuerzo, felicidad y libertad.  &nbsp;","og_url":"https:\/\/edicionesalfar.es\/es\/producto\/futbol-con-v-de-vida\/","og_site_name":"Ediciones Alfar","article_modified_time":"2026-01-22T15:50:15+00:00","og_image":[{"url":"https:\/\/edicionesalfar.es\/es\/wp-content\/uploads\/http:\/\/tienda.edicionesalfar.es\/img\/p\/1369-908-large.jpg","width":1,"height":1,"type":"image\/jpeg"}],"twitter_card":"summary_large_image","twitter_misc":{"Tiempo de lectura":"2 minutos"},"schema":{"@context":"https:\/\/schema.org","@graph":[{"@type":"WebPage","@id":"https:\/\/edicionesalfar.es\/es\/producto\/futbol-con-v-de-vida\/","url":"https:\/\/edicionesalfar.es\/es\/producto\/futbol-con-v-de-vida\/","name":"F\u00fatbol con V de vida - Ediciones Alfar","isPartOf":{"@id":"https:\/\/edicionesalfar.es\/es\/#website"},"primaryImageOfPage":{"@id":"https:\/\/edicionesalfar.es\/es\/producto\/futbol-con-v-de-vida\/#primaryimage"},"image":{"@id":"https:\/\/edicionesalfar.es\/es\/producto\/futbol-con-v-de-vida\/#primaryimage"},"thumbnailUrl":"https:\/\/edicionesalfar.es\/es\/wp-content\/uploads\/http:\/\/tienda.edicionesalfar.es\/img\/p\/1369-908-large.jpg","datePublished":"2019-07-11T05:56:13+00:00","dateModified":"2026-01-22T15:50:15+00:00","breadcrumb":{"@id":"https:\/\/edicionesalfar.es\/es\/producto\/futbol-con-v-de-vida\/#breadcrumb"},"inLanguage":"es","potentialAction":[{"@type":"ReadAction","target":["https:\/\/edicionesalfar.es\/es\/producto\/futbol-con-v-de-vida\/"]}]},{"@type":"ImageObject","inLanguage":"es","@id":"https:\/\/edicionesalfar.es\/es\/producto\/futbol-con-v-de-vida\/#primaryimage","url":"https:\/\/edicionesalfar.es\/es\/wp-content\/uploads\/http:\/\/tienda.edicionesalfar.es\/img\/p\/1369-908-large.jpg","contentUrl":"https:\/\/edicionesalfar.es\/es\/wp-content\/uploads\/http:\/\/tienda.edicionesalfar.es\/img\/p\/1369-908-large.jpg"},{"@type":"BreadcrumbList","@id":"https:\/\/edicionesalfar.es\/es\/producto\/futbol-con-v-de-vida\/#breadcrumb","itemListElement":[{"@type":"ListItem","position":1,"name":"Portada","item":"https:\/\/edicionesalfar.es\/es\/"},{"@type":"ListItem","position":2,"name":"Cat\u00e1logo","item":"https:\/\/edicionesalfar.es\/es\/catalogo\/"},{"@type":"ListItem","position":3,"name":"F\u00fatbol con V de vida"}]},{"@type":"WebSite","@id":"https:\/\/edicionesalfar.es\/es\/#website","url":"https:\/\/edicionesalfar.es\/es\/","name":"Ediciones Alfar","description":"","potentialAction":[{"@type":"SearchAction","target":{"@type":"EntryPoint","urlTemplate":"https:\/\/edicionesalfar.es\/es\/?s={search_term_string}"},"query-input":{"@type":"PropertyValueSpecification","valueRequired":true,"valueName":"search_term_string"}}],"inLanguage":"es"}]}},"_links":{"self":[{"href":"https:\/\/edicionesalfar.es\/es\/wp-json\/wp\/v2\/product\/14532","targetHints":{"allow":["GET"]}}],"collection":[{"href":"https:\/\/edicionesalfar.es\/es\/wp-json\/wp\/v2\/product"}],"about":[{"href":"https:\/\/edicionesalfar.es\/es\/wp-json\/wp\/v2\/types\/product"}],"replies":[{"embeddable":true,"href":"https:\/\/edicionesalfar.es\/es\/wp-json\/wp\/v2\/comments?post=14532"}],"wp:featuredmedia":[{"embeddable":true,"href":"https:\/\/edicionesalfar.es\/es\/wp-json\/wp\/v2\/media\/14533"}],"wp:attachment":[{"href":"https:\/\/edicionesalfar.es\/es\/wp-json\/wp\/v2\/media?parent=14532"}],"wp:term":[{"taxonomy":"product_brand","embeddable":true,"href":"https:\/\/edicionesalfar.es\/es\/wp-json\/wp\/v2\/product_brand?post=14532"},{"taxonomy":"product_cat","embeddable":true,"href":"https:\/\/edicionesalfar.es\/es\/wp-json\/wp\/v2\/product_cat?post=14532"},{"taxonomy":"product_tag","embeddable":true,"href":"https:\/\/edicionesalfar.es\/es\/wp-json\/wp\/v2\/product_tag?post=14532"}],"curies":[{"name":"wp","href":"https:\/\/api.w.org\/{rel}","templated":true}]}}