{"id":14514,"date":"2019-07-11T05:56:04","date_gmt":"2019-07-11T05:56:04","guid":{"rendered":"http:\/\/www.edicionesalfar.es\/web-wordpress\/?post_type=product\\&#021;p="},"modified":"2022-05-05T22:31:45","modified_gmt":"2022-05-05T20:31:45","slug":"una-nueva-poesia-en-la-literatura-inglesa-dryden-y-pope","status":"publish","type":"product","link":"https:\/\/edicionesalfar.es\/es\/producto\/una-nueva-poesia-en-la-literatura-inglesa-dryden-y-pope\/","title":{"rendered":"Una nueva poes\u00eda en la literatura inglesa: Dryden y Pope"},"content":{"rendered":"<p style=\"margin: 0px 0px 1.5em; padding-left: 0px; font-size: 12px; line-height: 18px; color: #656565; font-family: sans-serif; font-style: normal; page-break-inside: avoid; widows: 8;\" align=\"JUSTIFY\">CONTENIDO:\u00a0Este libro ahonda en la literatura inglesa de los siglos XVII y XVIII, explorando algunas de las diferentes tendencias po\u00e9ticas que eclosionan y se consolidan durante ambas centurias. El presente trabajo aspira a retratar una etapa de cambio en la poes\u00eda inglesa en la cual, distanci\u00e1ndose de las formas literarias anteriores, sus protagonistas articulan una nueva t\u00f3pica y una nueva ret\u00f3rica, al abrigo de cuyas posibilidades va encontrando sitio, adem\u00e1s, la profesionalizaci\u00f3n del escritor.<\/p>\n<p style=\"margin: 0px 0px 1.5em; padding-left: 0px; font-size: 12px; line-height: 18px; color: #656565; font-family: sans-serif; font-style: normal; page-break-inside: avoid;\">AUTOR:\u00a0Juan de Dios Torralbo Caballero es Profesor\u00a0Titular\u00a0del Departamento de Filolog\u00eda Inglesa y Alemana en la Universidad de C\u00f3rdoba. Como investigador le interesan la poes\u00eda inglesa de los siglos XVII y XVIII, la recepci\u00f3n  de la literatura inglesa en Espa\u00f1a y la did\u00e1ctica del ingl\u00e9s.<\/p>\n","protected":false},"excerpt":{"rendered":"<p style=\"margin-bottom: 0cm; line-height: 0.35cm;\" align=\"JUSTIFY\"><span style=\"color: #000000;\"><span style=\"font-family: Andalus;\"><span style=\"font-size: 11pt;\"><span>Este libro ahonda en la literatura inglesa de los siglos XVII y XVIII, explorando algunas de las diferentes tendencias po\u00e9ticas que eclosionan y se consolidan durante ambas centurias. El presente trabajo aspira a retratar una etapa de cambio en la poes\u00eda inglesa en la cual, distanci\u00e1ndose de las formas literarias anteriores, sus protagonistas articulan una nueva t\u00f3pica y una nueva ret\u00f3rica, al abrigo de cuyas posibilidades va encontrando sitio, adem\u00e1s, la profesionalizaci\u00f3n del escritor.<\/span><\/span><\/span><\/span><\/p>\n","protected":false},"featured_media":14515,"comment_status":"open","ping_status":"open","template":"","meta":{"_acf_changed":false,"_et_pb_use_builder":"","_et_pb_old_content":"","_et_gb_content_width":""},"product_brand":[],"product_cat":[21],"product_tag":[],"class_list":{"0":"post-14514","1":"product","2":"type-product","3":"status-publish","4":"has-post-thumbnail","6":"product_cat-estudios-literarios","8":"first","9":"instock","10":"taxable","11":"shipping-taxable","12":"purchasable","13":"product-type-simple"},"acf":[],"yoast_head":"<!-- This site is optimized with the Yoast SEO plugin v27.5 - https:\/\/yoast.com\/product\/yoast-seo-wordpress\/ -->\n<title>Una nueva poes\u00eda en la literatura inglesa: Dryden y Pope - Ediciones Alfar<\/title>\n<meta name=\"robots\" content=\"index, follow, max-snippet:-1, max-image-preview:large, max-video-preview:-1\" \/>\n<link rel=\"canonical\" href=\"https:\/\/edicionesalfar.es\/es\/producto\/una-nueva-poesia-en-la-literatura-inglesa-dryden-y-pope\/\" \/>\n<meta property=\"og:locale\" content=\"es_ES\" \/>\n<meta property=\"og:type\" content=\"article\" \/>\n<meta property=\"og:title\" content=\"Una nueva poes\u00eda en la literatura inglesa: Dryden y Pope - Ediciones Alfar\" \/>\n<meta property=\"og:description\" content=\"Este libro ahonda en la literatura inglesa de los siglos XVII y XVIII, explorando algunas de las diferentes tendencias po\u00e9ticas que eclosionan y se consolidan durante ambas centurias. El presente trabajo aspira a retratar una etapa de cambio en la poes\u00eda inglesa en la cual, distanci\u00e1ndose de las formas literarias anteriores, sus protagonistas articulan una nueva t\u00f3pica y una nueva ret\u00f3rica, al abrigo de cuyas posibilidades va encontrando sitio, adem\u00e1s, la profesionalizaci\u00f3n del escritor.\" \/>\n<meta property=\"og:url\" content=\"https:\/\/edicionesalfar.es\/es\/producto\/una-nueva-poesia-en-la-literatura-inglesa-dryden-y-pope\/\" \/>\n<meta property=\"og:site_name\" content=\"Ediciones Alfar\" \/>\n<meta property=\"article:modified_time\" content=\"2022-05-05T20:31:45+00:00\" \/>\n<meta property=\"og:image\" content=\"https:\/\/edicionesalfar.es\/es\/wp-content\/uploads\/2019\/05\/9788478985227_unanuevapoesia.jpg\" \/>\n\t<meta property=\"og:image:width\" content=\"1\" \/>\n\t<meta property=\"og:image:height\" content=\"1\" \/>\n\t<meta property=\"og:image:type\" content=\"image\/jpeg\" \/>\n<meta name=\"twitter:card\" content=\"summary_large_image\" \/>\n<meta name=\"twitter:label1\" content=\"Tiempo de lectura\" \/>\n\t<meta name=\"twitter:data1\" content=\"1 minuto\" \/>\n<script type=\"application\/ld+json\" class=\"yoast-schema-graph\">{\"@context\":\"https:\\\/\\\/schema.org\",\"@graph\":[{\"@type\":\"WebPage\",\"@id\":\"https:\\\/\\\/edicionesalfar.es\\\/es\\\/producto\\\/una-nueva-poesia-en-la-literatura-inglesa-dryden-y-pope\\\/\",\"url\":\"https:\\\/\\\/edicionesalfar.es\\\/es\\\/producto\\\/una-nueva-poesia-en-la-literatura-inglesa-dryden-y-pope\\\/\",\"name\":\"Una nueva poes\u00eda en la literatura inglesa: Dryden y Pope - Ediciones Alfar\",\"isPartOf\":{\"@id\":\"https:\\\/\\\/edicionesalfar.es\\\/es\\\/#website\"},\"primaryImageOfPage\":{\"@id\":\"https:\\\/\\\/edicionesalfar.es\\\/es\\\/producto\\\/una-nueva-poesia-en-la-literatura-inglesa-dryden-y-pope\\\/#primaryimage\"},\"image\":{\"@id\":\"https:\\\/\\\/edicionesalfar.es\\\/es\\\/producto\\\/una-nueva-poesia-en-la-literatura-inglesa-dryden-y-pope\\\/#primaryimage\"},\"thumbnailUrl\":\"https:\\\/\\\/edicionesalfar.es\\\/es\\\/wp-content\\\/uploads\\\/2019\\\/05\\\/9788478985227_unanuevapoesia.jpg\",\"datePublished\":\"2019-07-11T05:56:04+00:00\",\"dateModified\":\"2022-05-05T20:31:45+00:00\",\"breadcrumb\":{\"@id\":\"https:\\\/\\\/edicionesalfar.es\\\/es\\\/producto\\\/una-nueva-poesia-en-la-literatura-inglesa-dryden-y-pope\\\/#breadcrumb\"},\"inLanguage\":\"es\",\"potentialAction\":[{\"@type\":\"ReadAction\",\"target\":[\"https:\\\/\\\/edicionesalfar.es\\\/es\\\/producto\\\/una-nueva-poesia-en-la-literatura-inglesa-dryden-y-pope\\\/\"]}]},{\"@type\":\"ImageObject\",\"inLanguage\":\"es\",\"@id\":\"https:\\\/\\\/edicionesalfar.es\\\/es\\\/producto\\\/una-nueva-poesia-en-la-literatura-inglesa-dryden-y-pope\\\/#primaryimage\",\"url\":\"https:\\\/\\\/edicionesalfar.es\\\/es\\\/wp-content\\\/uploads\\\/2019\\\/05\\\/9788478985227_unanuevapoesia.jpg\",\"contentUrl\":\"https:\\\/\\\/edicionesalfar.es\\\/es\\\/wp-content\\\/uploads\\\/2019\\\/05\\\/9788478985227_unanuevapoesia.jpg\"},{\"@type\":\"BreadcrumbList\",\"@id\":\"https:\\\/\\\/edicionesalfar.es\\\/es\\\/producto\\\/una-nueva-poesia-en-la-literatura-inglesa-dryden-y-pope\\\/#breadcrumb\",\"itemListElement\":[{\"@type\":\"ListItem\",\"position\":1,\"name\":\"Portada\",\"item\":\"https:\\\/\\\/edicionesalfar.es\\\/es\\\/\"},{\"@type\":\"ListItem\",\"position\":2,\"name\":\"Cat\u00e1logo\",\"item\":\"https:\\\/\\\/edicionesalfar.es\\\/es\\\/catalogo\\\/\"},{\"@type\":\"ListItem\",\"position\":3,\"name\":\"Una nueva poes\u00eda en la literatura inglesa: Dryden y Pope\"}]},{\"@type\":\"WebSite\",\"@id\":\"https:\\\/\\\/edicionesalfar.es\\\/es\\\/#website\",\"url\":\"https:\\\/\\\/edicionesalfar.es\\\/es\\\/\",\"name\":\"Ediciones Alfar\",\"description\":\"\",\"potentialAction\":[{\"@type\":\"SearchAction\",\"target\":{\"@type\":\"EntryPoint\",\"urlTemplate\":\"https:\\\/\\\/edicionesalfar.es\\\/es\\\/?s={search_term_string}\"},\"query-input\":{\"@type\":\"PropertyValueSpecification\",\"valueRequired\":true,\"valueName\":\"search_term_string\"}}],\"inLanguage\":\"es\"}]}<\/script>\n<!-- \/ Yoast SEO plugin. -->","yoast_head_json":{"title":"Una nueva poes\u00eda en la literatura inglesa: Dryden y Pope - Ediciones Alfar","robots":{"index":"index","follow":"follow","max-snippet":"max-snippet:-1","max-image-preview":"max-image-preview:large","max-video-preview":"max-video-preview:-1"},"canonical":"https:\/\/edicionesalfar.es\/es\/producto\/una-nueva-poesia-en-la-literatura-inglesa-dryden-y-pope\/","og_locale":"es_ES","og_type":"article","og_title":"Una nueva poes\u00eda en la literatura inglesa: Dryden y Pope - Ediciones Alfar","og_description":"Este libro ahonda en la literatura inglesa de los siglos XVII y XVIII, explorando algunas de las diferentes tendencias po\u00e9ticas que eclosionan y se consolidan durante ambas centurias. El presente trabajo aspira a retratar una etapa de cambio en la poes\u00eda inglesa en la cual, distanci\u00e1ndose de las formas literarias anteriores, sus protagonistas articulan una nueva t\u00f3pica y una nueva ret\u00f3rica, al abrigo de cuyas posibilidades va encontrando sitio, adem\u00e1s, la profesionalizaci\u00f3n del escritor.","og_url":"https:\/\/edicionesalfar.es\/es\/producto\/una-nueva-poesia-en-la-literatura-inglesa-dryden-y-pope\/","og_site_name":"Ediciones Alfar","article_modified_time":"2022-05-05T20:31:45+00:00","og_image":[{"url":"https:\/\/edicionesalfar.es\/es\/wp-content\/uploads\/2019\/05\/9788478985227_unanuevapoesia.jpg","width":1,"height":1,"type":"image\/jpeg"}],"twitter_card":"summary_large_image","twitter_misc":{"Tiempo de lectura":"1 minuto"},"schema":{"@context":"https:\/\/schema.org","@graph":[{"@type":"WebPage","@id":"https:\/\/edicionesalfar.es\/es\/producto\/una-nueva-poesia-en-la-literatura-inglesa-dryden-y-pope\/","url":"https:\/\/edicionesalfar.es\/es\/producto\/una-nueva-poesia-en-la-literatura-inglesa-dryden-y-pope\/","name":"Una nueva poes\u00eda en la literatura inglesa: Dryden y Pope - Ediciones Alfar","isPartOf":{"@id":"https:\/\/edicionesalfar.es\/es\/#website"},"primaryImageOfPage":{"@id":"https:\/\/edicionesalfar.es\/es\/producto\/una-nueva-poesia-en-la-literatura-inglesa-dryden-y-pope\/#primaryimage"},"image":{"@id":"https:\/\/edicionesalfar.es\/es\/producto\/una-nueva-poesia-en-la-literatura-inglesa-dryden-y-pope\/#primaryimage"},"thumbnailUrl":"https:\/\/edicionesalfar.es\/es\/wp-content\/uploads\/2019\/05\/9788478985227_unanuevapoesia.jpg","datePublished":"2019-07-11T05:56:04+00:00","dateModified":"2022-05-05T20:31:45+00:00","breadcrumb":{"@id":"https:\/\/edicionesalfar.es\/es\/producto\/una-nueva-poesia-en-la-literatura-inglesa-dryden-y-pope\/#breadcrumb"},"inLanguage":"es","potentialAction":[{"@type":"ReadAction","target":["https:\/\/edicionesalfar.es\/es\/producto\/una-nueva-poesia-en-la-literatura-inglesa-dryden-y-pope\/"]}]},{"@type":"ImageObject","inLanguage":"es","@id":"https:\/\/edicionesalfar.es\/es\/producto\/una-nueva-poesia-en-la-literatura-inglesa-dryden-y-pope\/#primaryimage","url":"https:\/\/edicionesalfar.es\/es\/wp-content\/uploads\/2019\/05\/9788478985227_unanuevapoesia.jpg","contentUrl":"https:\/\/edicionesalfar.es\/es\/wp-content\/uploads\/2019\/05\/9788478985227_unanuevapoesia.jpg"},{"@type":"BreadcrumbList","@id":"https:\/\/edicionesalfar.es\/es\/producto\/una-nueva-poesia-en-la-literatura-inglesa-dryden-y-pope\/#breadcrumb","itemListElement":[{"@type":"ListItem","position":1,"name":"Portada","item":"https:\/\/edicionesalfar.es\/es\/"},{"@type":"ListItem","position":2,"name":"Cat\u00e1logo","item":"https:\/\/edicionesalfar.es\/es\/catalogo\/"},{"@type":"ListItem","position":3,"name":"Una nueva poes\u00eda en la literatura inglesa: Dryden y Pope"}]},{"@type":"WebSite","@id":"https:\/\/edicionesalfar.es\/es\/#website","url":"https:\/\/edicionesalfar.es\/es\/","name":"Ediciones Alfar","description":"","potentialAction":[{"@type":"SearchAction","target":{"@type":"EntryPoint","urlTemplate":"https:\/\/edicionesalfar.es\/es\/?s={search_term_string}"},"query-input":{"@type":"PropertyValueSpecification","valueRequired":true,"valueName":"search_term_string"}}],"inLanguage":"es"}]}},"_links":{"self":[{"href":"https:\/\/edicionesalfar.es\/es\/wp-json\/wp\/v2\/product\/14514","targetHints":{"allow":["GET"]}}],"collection":[{"href":"https:\/\/edicionesalfar.es\/es\/wp-json\/wp\/v2\/product"}],"about":[{"href":"https:\/\/edicionesalfar.es\/es\/wp-json\/wp\/v2\/types\/product"}],"replies":[{"embeddable":true,"href":"https:\/\/edicionesalfar.es\/es\/wp-json\/wp\/v2\/comments?post=14514"}],"wp:featuredmedia":[{"embeddable":true,"href":"https:\/\/edicionesalfar.es\/es\/wp-json\/wp\/v2\/media\/14515"}],"wp:attachment":[{"href":"https:\/\/edicionesalfar.es\/es\/wp-json\/wp\/v2\/media?parent=14514"}],"wp:term":[{"taxonomy":"product_brand","embeddable":true,"href":"https:\/\/edicionesalfar.es\/es\/wp-json\/wp\/v2\/product_brand?post=14514"},{"taxonomy":"product_cat","embeddable":true,"href":"https:\/\/edicionesalfar.es\/es\/wp-json\/wp\/v2\/product_cat?post=14514"},{"taxonomy":"product_tag","embeddable":true,"href":"https:\/\/edicionesalfar.es\/es\/wp-json\/wp\/v2\/product_tag?post=14514"}],"curies":[{"name":"wp","href":"https:\/\/api.w.org\/{rel}","templated":true}]}}