{"id":14496,"date":"2019-07-11T05:55:54","date_gmt":"2019-07-11T05:55:54","guid":{"rendered":"http:\/\/www.edicionesalfar.es\/web-wordpress\/?post_type=product\\&#054;p="},"modified":"2024-11-09T08:14:32","modified_gmt":"2024-11-09T07:14:32","slug":"origenes-del-coleccionismo-de-arte-contemporaneo-en-sevilla-la-coleccion-del-conde-de-ybarra","status":"publish","type":"product","link":"https:\/\/edicionesalfar.es\/es\/producto\/origenes-del-coleccionismo-de-arte-contemporaneo-en-sevilla-la-coleccion-del-conde-de-ybarra\/","title":{"rendered":"OR\u00cdGENES DEL COLECCIONISMO DE ARTE CONTEMPOR\u00c1NEO EN SEVILLA. La colecci\u00f3n del Conde de Ybarra"},"content":{"rendered":"<p>CONTENIDO:<br style=\"color: #656565; font-family: sans-serif; font-size: 12px; line-height: 18px;\" \/>Este libro trata de vincular de manera definitiva la figura del IV conde de Ybarra con la cultura sevillana del siglo XX. Hombres emprendedores y con visi\u00f3n de futuro como \u00e9l, son los que abren camino y, aunque no son comprendidos del todo en su momento, el tiempo siempre se pone de su parte y les da el sitio que merecen en la historia.<br style=\"color: #656565; font-family: sans-serif; font-size: 12px; line-height: 18px;\" \/>Jos\u00e9 Mar\u00eda Ybarra y Lasso de la Vega naci\u00f3 en Sevilla en 1907. En 1956 comenz\u00f3 su colecci\u00f3n de pintura contempor\u00e1nea. En ella estuvieron presentes los principales artistas espa\u00f1oles de la primera mitad del siglo XX. De esa forma, existe una conexi\u00f3n inevitable entre la creaci\u00f3n de las obras y el momento de su adquisici\u00f3n, es decir, entre las pautas art\u00edsticas de la primera mitad del siglo y el paradigma que fue estructur\u00e1ndose durante su segunda mitad, per\u00edodo en que las obras fueron adquiridas. En este libro se ponen de manifiesto las concordancias y las diferencias que existieron entre la mirada del pintor durante su creaci\u00f3n y la del coleccionista, unos a\u00f1os despu\u00e9s del acto creativo.<br style=\"color: #656565; font-family: sans-serif; font-size: 12px; line-height: 18px;\" \/>La colecci\u00f3n que aglutin\u00f3 el conde de Ybarra estuvo formada por m\u00e1s de quinientas obras en la que estaban representados m\u00e1s de cien artistas. Cre\u00f3 una colecci\u00f3n con relaci\u00f3n l\u00f3gica y coherente entre sus partes, como correspond\u00eda a un hombre pionero e iluminado que, con pasi\u00f3n y dignidad, recogi\u00f3 lo m\u00e1s innovador de su tierra natal, Andaluc\u00eda, y supo ubicarlo en un contexto nacional. Fue capaz de crear un conjunto l\u00facido de obras que, por s\u00ed s\u00f3lo, representa una etapa en la historia del arte de nuestro pa\u00eds.<br style=\"color: #656565; font-family: sans-serif; font-size: 12px; line-height: 18px;\" \/><br style=\"color: #656565; font-family: sans-serif; font-size: 12px; line-height: 18px;\" \/>AUTOR:\u00a0<br style=\"color: #656565; font-family: sans-serif; font-size: 12px; line-height: 18px;\" \/>Clara Zamora Meca (Sevilla, 1973) es doctora en Historia del Arte y licenciada en Periodismo por la Universidad de Sevilla. Form\u00f3 parte del equipo del Centro Andaluz de Arte Contempor\u00e1neo despu\u00e9s de su fundaci\u00f3n en 1998. Ha sido jefa de prensa de la Feria de Arte Contempor\u00e1neo \u2018Hotel y Arte\u2019, celebrada en el sevillano Hotel Inglaterra.<br style=\"color: #656565; font-family: sans-serif; font-size: 12px; line-height: 18px;\" \/>Ha ejercido como comisaria independiente y cr\u00edtica de arte en diferentes medios de comunicaci\u00f3n. Tiene varias publicaciones relacionadas con el arte contempor\u00e1neo espa\u00f1ol. Actualmente centra su trabajo en la investigaci\u00f3n, la labor docente y su colaboraci\u00f3n con varias empresas culturales.<\/p>\n","protected":false},"excerpt":{"rendered":"<p style=\"margin: 0px 0px 1.5em; padding: 0px; font-size: 12px; line-height: 18px; color: #656565; font-family: sans-serif;\"><span style=\"margin: 0px; padding: 0px; font-family: arial, helvetica, sans-serif; font-size: 12pt;\">Obra que trata de&nbsp;<\/span><span style=\"margin: 0px; padding: 0px; font-family: arial, helvetica, sans-serif; font-size: 12pt;\">vincular de manera definitva la figura del IV conde de Ybarra&nbsp;<\/span><span style=\"margin: 0px; padding: 0px; font-family: arial, helvetica, sans-serif; font-size: 12pt;\">con la cultura sevillana del siglo XX.<\/span><\/p>\n<p style=\"margin: 0px 0px 1.5em; padding: 0px; font-size: 12px; line-height: 18px; color: #656565; font-family: sans-serif;\"><span style=\"margin: 0px; padding: 0px; font-family: arial, helvetica, sans-serif; font-size: 12pt;\">Nos muestra su colecci\u00f3n de arte, origen del coleccionismo en Sevilla.<\/span><\/p>\n","protected":false},"featured_media":14497,"comment_status":"open","ping_status":"open","template":"","meta":{"_acf_changed":false,"_et_pb_use_builder":"","_et_pb_old_content":"","_et_gb_content_width":""},"product_brand":[],"product_cat":[54],"product_tag":[],"class_list":{"0":"post-14496","1":"product","2":"type-product","3":"status-publish","4":"has-post-thumbnail","6":"product_cat-actuales","8":"first","9":"instock","10":"taxable","11":"shipping-taxable","12":"purchasable","13":"product-type-simple"},"acf":[],"yoast_head":"<!-- This site is optimized with the Yoast SEO plugin v27.4 - https:\/\/yoast.com\/product\/yoast-seo-wordpress\/ -->\n<title>OR\u00cdGENES DEL COLECCIONISMO DE ARTE CONTEMPOR\u00c1NEO EN SEVILLA. La colecci\u00f3n del Conde de Ybarra - Ediciones Alfar<\/title>\n<meta name=\"robots\" content=\"index, follow, max-snippet:-1, max-image-preview:large, max-video-preview:-1\" \/>\n<link rel=\"canonical\" href=\"https:\/\/edicionesalfar.es\/es\/producto\/origenes-del-coleccionismo-de-arte-contemporaneo-en-sevilla-la-coleccion-del-conde-de-ybarra\/\" \/>\n<meta property=\"og:locale\" content=\"es_ES\" \/>\n<meta property=\"og:type\" content=\"article\" \/>\n<meta property=\"og:title\" content=\"OR\u00cdGENES DEL COLECCIONISMO DE ARTE CONTEMPOR\u00c1NEO EN SEVILLA. La colecci\u00f3n del Conde de Ybarra - Ediciones Alfar\" \/>\n<meta property=\"og:description\" content=\"Obra que trata de&nbsp;vincular de manera definitva la figura del IV conde de Ybarra&nbsp;con la cultura sevillana del siglo XX. Nos muestra su colecci\u00f3n de arte, origen del coleccionismo en Sevilla.\" \/>\n<meta property=\"og:url\" content=\"https:\/\/edicionesalfar.es\/es\/producto\/origenes-del-coleccionismo-de-arte-contemporaneo-en-sevilla-la-coleccion-del-conde-de-ybarra\/\" \/>\n<meta property=\"og:site_name\" content=\"Ediciones Alfar\" \/>\n<meta property=\"article:modified_time\" content=\"2024-11-09T07:14:32+00:00\" \/>\n<meta property=\"og:image\" content=\"https:\/\/edicionesalfar.es\/es\/wp-content\/uploads\/2019\/05\/9788478984947_origenes.jpg\" \/>\n\t<meta property=\"og:image:width\" content=\"1\" \/>\n\t<meta property=\"og:image:height\" content=\"1\" \/>\n\t<meta property=\"og:image:type\" content=\"image\/jpeg\" \/>\n<meta name=\"twitter:card\" content=\"summary_large_image\" \/>\n<meta name=\"twitter:label1\" content=\"Tiempo de lectura\" \/>\n\t<meta name=\"twitter:data1\" content=\"2 minutos\" \/>\n<script type=\"application\/ld+json\" class=\"yoast-schema-graph\">{\"@context\":\"https:\\\/\\\/schema.org\",\"@graph\":[{\"@type\":\"WebPage\",\"@id\":\"https:\\\/\\\/edicionesalfar.es\\\/es\\\/producto\\\/origenes-del-coleccionismo-de-arte-contemporaneo-en-sevilla-la-coleccion-del-conde-de-ybarra\\\/\",\"url\":\"https:\\\/\\\/edicionesalfar.es\\\/es\\\/producto\\\/origenes-del-coleccionismo-de-arte-contemporaneo-en-sevilla-la-coleccion-del-conde-de-ybarra\\\/\",\"name\":\"OR\u00cdGENES DEL COLECCIONISMO DE ARTE CONTEMPOR\u00c1NEO EN SEVILLA. La colecci\u00f3n del Conde de Ybarra - Ediciones Alfar\",\"isPartOf\":{\"@id\":\"https:\\\/\\\/edicionesalfar.es\\\/es\\\/#website\"},\"primaryImageOfPage\":{\"@id\":\"https:\\\/\\\/edicionesalfar.es\\\/es\\\/producto\\\/origenes-del-coleccionismo-de-arte-contemporaneo-en-sevilla-la-coleccion-del-conde-de-ybarra\\\/#primaryimage\"},\"image\":{\"@id\":\"https:\\\/\\\/edicionesalfar.es\\\/es\\\/producto\\\/origenes-del-coleccionismo-de-arte-contemporaneo-en-sevilla-la-coleccion-del-conde-de-ybarra\\\/#primaryimage\"},\"thumbnailUrl\":\"https:\\\/\\\/edicionesalfar.es\\\/es\\\/wp-content\\\/uploads\\\/2019\\\/05\\\/9788478984947_origenes.jpg\",\"datePublished\":\"2019-07-11T05:55:54+00:00\",\"dateModified\":\"2024-11-09T07:14:32+00:00\",\"breadcrumb\":{\"@id\":\"https:\\\/\\\/edicionesalfar.es\\\/es\\\/producto\\\/origenes-del-coleccionismo-de-arte-contemporaneo-en-sevilla-la-coleccion-del-conde-de-ybarra\\\/#breadcrumb\"},\"inLanguage\":\"es\",\"potentialAction\":[{\"@type\":\"ReadAction\",\"target\":[\"https:\\\/\\\/edicionesalfar.es\\\/es\\\/producto\\\/origenes-del-coleccionismo-de-arte-contemporaneo-en-sevilla-la-coleccion-del-conde-de-ybarra\\\/\"]}]},{\"@type\":\"ImageObject\",\"inLanguage\":\"es\",\"@id\":\"https:\\\/\\\/edicionesalfar.es\\\/es\\\/producto\\\/origenes-del-coleccionismo-de-arte-contemporaneo-en-sevilla-la-coleccion-del-conde-de-ybarra\\\/#primaryimage\",\"url\":\"https:\\\/\\\/edicionesalfar.es\\\/es\\\/wp-content\\\/uploads\\\/2019\\\/05\\\/9788478984947_origenes.jpg\",\"contentUrl\":\"https:\\\/\\\/edicionesalfar.es\\\/es\\\/wp-content\\\/uploads\\\/2019\\\/05\\\/9788478984947_origenes.jpg\"},{\"@type\":\"BreadcrumbList\",\"@id\":\"https:\\\/\\\/edicionesalfar.es\\\/es\\\/producto\\\/origenes-del-coleccionismo-de-arte-contemporaneo-en-sevilla-la-coleccion-del-conde-de-ybarra\\\/#breadcrumb\",\"itemListElement\":[{\"@type\":\"ListItem\",\"position\":1,\"name\":\"Portada\",\"item\":\"https:\\\/\\\/edicionesalfar.es\\\/es\\\/\"},{\"@type\":\"ListItem\",\"position\":2,\"name\":\"Cat\u00e1logo\",\"item\":\"https:\\\/\\\/edicionesalfar.es\\\/es\\\/catalogo\\\/\"},{\"@type\":\"ListItem\",\"position\":3,\"name\":\"OR\u00cdGENES DEL COLECCIONISMO DE ARTE CONTEMPOR\u00c1NEO EN SEVILLA. La colecci\u00f3n del Conde de Ybarra\"}]},{\"@type\":\"WebSite\",\"@id\":\"https:\\\/\\\/edicionesalfar.es\\\/es\\\/#website\",\"url\":\"https:\\\/\\\/edicionesalfar.es\\\/es\\\/\",\"name\":\"Ediciones Alfar\",\"description\":\"\",\"potentialAction\":[{\"@type\":\"SearchAction\",\"target\":{\"@type\":\"EntryPoint\",\"urlTemplate\":\"https:\\\/\\\/edicionesalfar.es\\\/es\\\/?s={search_term_string}\"},\"query-input\":{\"@type\":\"PropertyValueSpecification\",\"valueRequired\":true,\"valueName\":\"search_term_string\"}}],\"inLanguage\":\"es\"}]}<\/script>\n<!-- \/ Yoast SEO plugin. -->","yoast_head_json":{"title":"OR\u00cdGENES DEL COLECCIONISMO DE ARTE CONTEMPOR\u00c1NEO EN SEVILLA. La colecci\u00f3n del Conde de Ybarra - Ediciones Alfar","robots":{"index":"index","follow":"follow","max-snippet":"max-snippet:-1","max-image-preview":"max-image-preview:large","max-video-preview":"max-video-preview:-1"},"canonical":"https:\/\/edicionesalfar.es\/es\/producto\/origenes-del-coleccionismo-de-arte-contemporaneo-en-sevilla-la-coleccion-del-conde-de-ybarra\/","og_locale":"es_ES","og_type":"article","og_title":"OR\u00cdGENES DEL COLECCIONISMO DE ARTE CONTEMPOR\u00c1NEO EN SEVILLA. La colecci\u00f3n del Conde de Ybarra - Ediciones Alfar","og_description":"Obra que trata de&nbsp;vincular de manera definitva la figura del IV conde de Ybarra&nbsp;con la cultura sevillana del siglo XX. Nos muestra su colecci\u00f3n de arte, origen del coleccionismo en Sevilla.","og_url":"https:\/\/edicionesalfar.es\/es\/producto\/origenes-del-coleccionismo-de-arte-contemporaneo-en-sevilla-la-coleccion-del-conde-de-ybarra\/","og_site_name":"Ediciones Alfar","article_modified_time":"2024-11-09T07:14:32+00:00","og_image":[{"url":"https:\/\/edicionesalfar.es\/es\/wp-content\/uploads\/2019\/05\/9788478984947_origenes.jpg","width":1,"height":1,"type":"image\/jpeg"}],"twitter_card":"summary_large_image","twitter_misc":{"Tiempo de lectura":"2 minutos"},"schema":{"@context":"https:\/\/schema.org","@graph":[{"@type":"WebPage","@id":"https:\/\/edicionesalfar.es\/es\/producto\/origenes-del-coleccionismo-de-arte-contemporaneo-en-sevilla-la-coleccion-del-conde-de-ybarra\/","url":"https:\/\/edicionesalfar.es\/es\/producto\/origenes-del-coleccionismo-de-arte-contemporaneo-en-sevilla-la-coleccion-del-conde-de-ybarra\/","name":"OR\u00cdGENES DEL COLECCIONISMO DE ARTE CONTEMPOR\u00c1NEO EN SEVILLA. La colecci\u00f3n del Conde de Ybarra - Ediciones Alfar","isPartOf":{"@id":"https:\/\/edicionesalfar.es\/es\/#website"},"primaryImageOfPage":{"@id":"https:\/\/edicionesalfar.es\/es\/producto\/origenes-del-coleccionismo-de-arte-contemporaneo-en-sevilla-la-coleccion-del-conde-de-ybarra\/#primaryimage"},"image":{"@id":"https:\/\/edicionesalfar.es\/es\/producto\/origenes-del-coleccionismo-de-arte-contemporaneo-en-sevilla-la-coleccion-del-conde-de-ybarra\/#primaryimage"},"thumbnailUrl":"https:\/\/edicionesalfar.es\/es\/wp-content\/uploads\/2019\/05\/9788478984947_origenes.jpg","datePublished":"2019-07-11T05:55:54+00:00","dateModified":"2024-11-09T07:14:32+00:00","breadcrumb":{"@id":"https:\/\/edicionesalfar.es\/es\/producto\/origenes-del-coleccionismo-de-arte-contemporaneo-en-sevilla-la-coleccion-del-conde-de-ybarra\/#breadcrumb"},"inLanguage":"es","potentialAction":[{"@type":"ReadAction","target":["https:\/\/edicionesalfar.es\/es\/producto\/origenes-del-coleccionismo-de-arte-contemporaneo-en-sevilla-la-coleccion-del-conde-de-ybarra\/"]}]},{"@type":"ImageObject","inLanguage":"es","@id":"https:\/\/edicionesalfar.es\/es\/producto\/origenes-del-coleccionismo-de-arte-contemporaneo-en-sevilla-la-coleccion-del-conde-de-ybarra\/#primaryimage","url":"https:\/\/edicionesalfar.es\/es\/wp-content\/uploads\/2019\/05\/9788478984947_origenes.jpg","contentUrl":"https:\/\/edicionesalfar.es\/es\/wp-content\/uploads\/2019\/05\/9788478984947_origenes.jpg"},{"@type":"BreadcrumbList","@id":"https:\/\/edicionesalfar.es\/es\/producto\/origenes-del-coleccionismo-de-arte-contemporaneo-en-sevilla-la-coleccion-del-conde-de-ybarra\/#breadcrumb","itemListElement":[{"@type":"ListItem","position":1,"name":"Portada","item":"https:\/\/edicionesalfar.es\/es\/"},{"@type":"ListItem","position":2,"name":"Cat\u00e1logo","item":"https:\/\/edicionesalfar.es\/es\/catalogo\/"},{"@type":"ListItem","position":3,"name":"OR\u00cdGENES DEL COLECCIONISMO DE ARTE CONTEMPOR\u00c1NEO EN SEVILLA. La colecci\u00f3n del Conde de Ybarra"}]},{"@type":"WebSite","@id":"https:\/\/edicionesalfar.es\/es\/#website","url":"https:\/\/edicionesalfar.es\/es\/","name":"Ediciones Alfar","description":"","potentialAction":[{"@type":"SearchAction","target":{"@type":"EntryPoint","urlTemplate":"https:\/\/edicionesalfar.es\/es\/?s={search_term_string}"},"query-input":{"@type":"PropertyValueSpecification","valueRequired":true,"valueName":"search_term_string"}}],"inLanguage":"es"}]}},"_links":{"self":[{"href":"https:\/\/edicionesalfar.es\/es\/wp-json\/wp\/v2\/product\/14496","targetHints":{"allow":["GET"]}}],"collection":[{"href":"https:\/\/edicionesalfar.es\/es\/wp-json\/wp\/v2\/product"}],"about":[{"href":"https:\/\/edicionesalfar.es\/es\/wp-json\/wp\/v2\/types\/product"}],"replies":[{"embeddable":true,"href":"https:\/\/edicionesalfar.es\/es\/wp-json\/wp\/v2\/comments?post=14496"}],"wp:featuredmedia":[{"embeddable":true,"href":"https:\/\/edicionesalfar.es\/es\/wp-json\/wp\/v2\/media\/14497"}],"wp:attachment":[{"href":"https:\/\/edicionesalfar.es\/es\/wp-json\/wp\/v2\/media?parent=14496"}],"wp:term":[{"taxonomy":"product_brand","embeddable":true,"href":"https:\/\/edicionesalfar.es\/es\/wp-json\/wp\/v2\/product_brand?post=14496"},{"taxonomy":"product_cat","embeddable":true,"href":"https:\/\/edicionesalfar.es\/es\/wp-json\/wp\/v2\/product_cat?post=14496"},{"taxonomy":"product_tag","embeddable":true,"href":"https:\/\/edicionesalfar.es\/es\/wp-json\/wp\/v2\/product_tag?post=14496"}],"curies":[{"name":"wp","href":"https:\/\/api.w.org\/{rel}","templated":true}]}}